{"id":37503,"date":"2014-02-03T00:00:00","date_gmt":"2014-02-03T00:00:00","guid":{"rendered":"https:\/\/csefrs.lifemoz.com\/\u0627\u0644\u0645\u0646\u0634\u0648\u0631\u0627\u062a\/la-revue-al-madrassa-al-maghribiya\/"},"modified":"2026-02-08T14:08:39","modified_gmt":"2026-02-08T13:08:39","slug":"la-revue-al-madrassa-al-maghribiya","status":"publish","type":"product","link":"https:\/\/csefrs.lifemoz.com\/fr\/publications\/la-revue-al-madrassa-al-maghribiya\/","title":{"rendered":"La Revue \u00ab Al-Madrassa Al-Maghribiya \u00bb"},"content":{"rendered":"<p style=\"text-align: justify;\">\u00ab\u00a0Al-Madrassa Al-Maghribiya\u00a0\u00bb est une revue semestrielle \u00e0 comit\u00e9 de lecture, ouverte aux contributions des comp\u00e9tences nationales et \u00e9trang\u00e8res int\u00e9ress\u00e9es par les probl\u00e9matiques de l\u2019\u00e9ducation-formation. Elle ambitionne de devenir une publication de r\u00e9f\u00e9rence dont les contenus seraient \u00e0 m\u00eame de refl\u00e9ter la dynamique et la pluralit\u00e9 des opinions et des approches existant dans le champ acad\u00e9mique et soci\u00e9tal marocain. Elle se veut aussi \u00e0 l\u2019avant-garde des mutations susceptibles d\u2019advenir dans le domaine \u00e9ducatif et au sein de la soci\u00e9t\u00e9 en g\u00e9n\u00e9ral.<\/p>\n<p>&nbsp;<\/p>\n<p><a class=\"download-button-intern-fr\" href=\"https:\/\/csefrs.lifemoz.com\/wp-content\/uploads\/2019\/02\/Al-Madrassa-Almaghribiya-N78-Fr.pdf\" target=\"_blank\" rel=\"noopener\">Revue \u00ab Al-Madrassa Al-Maghribiya \u00bb num\u00e9ros 7 et 8<\/a><br \/>\n<a class=\"download-button-intern-fr\" href=\"https:\/\/csefrs.lifemoz.com\/wp-content\/uploads\/2017\/10\/Al-Madrassa-Al-Maghribiya-N\u00b06-VA.pdf\" target=\"_blank\" rel=\"noopener\">Revue \u00ab Al-Madrassa Al-Maghribiya \u00bb num\u00e9ro 6<\/a><br \/>\n<a class=\"download-button-intern-fr\" href=\"https:\/\/csefrs.lifemoz.com\/wp-content\/uploads\/2017\/10\/ALMadrassa4-5.pdf\" target=\"_blank\" rel=\"noopener\">Revue \u00ab Al-Madrassa Al-Maghribiya \u00bb num\u00e9ros 4 et 5<\/a><br \/>\n<a class=\"download-button-intern-fr\" href=\"https:\/\/csefrs.lifemoz.com\/wp-content\/uploads\/2017\/10\/ALMadrassa3.pdf\" target=\"_blank\" rel=\"noopener\">Revue \u00ab Al-Madrassa Al-Maghribiya \u00bb num\u00e9ro 3<\/a><br \/>\n<a class=\"download-button-intern-fr\" href=\"https:\/\/csefrs.lifemoz.com\/wp-content\/uploads\/2017\/10\/ALMadrassa2.pdf\" target=\"_blank\" rel=\"noopener\">Revue \u00ab Al-Madrassa Al-Maghribiya \u00bb num\u00e9ro 2<\/a><br \/>\n<a class=\"download-button-intern-fr\" href=\"https:\/\/csefrs.lifemoz.com\/wp-content\/uploads\/2017\/10\/ALMadrassa1.pdf\" target=\"_blank\" rel=\"noopener\">Revue \u00ab Al-Madrassa Al-Maghribiya \u00bb num\u00e9ro 1<\/a><\/p>\n","protected":false},"excerpt":{"rendered":"<p>\u00ab\u00a0Al-Madrassa Al-Maghribiya\u00a0\u00bb est une revue semestrielle \u00e0 comit\u00e9 de lecture, ouverte aux contributions des comp\u00e9tences nationales et \u00e9trang\u00e8res int\u00e9ress\u00e9es par les probl\u00e9matiques de l\u2019\u00e9ducation-formation. Elle ambitionne de devenir une publication de r\u00e9f\u00e9rence dont les contenus seraient \u00e0 m\u00eame de refl\u00e9ter la dynamique et la pluralit\u00e9 des opinions et des approches existant dans le champ acad\u00e9mique&hellip;<\/p>\n","protected":false},"featured_media":37115,"template":"","meta":[],"product_brand":[],"product_cat":[510],"product_tag":[],"class_list":{"0":"post-37503","1":"product","2":"type-product","3":"status-publish","4":"has-post-thumbnail","6":"product_cat-revues-et-periodiques","7":"description-off","9":"first","10":"instock","11":"downloadable","12":"virtual","13":"sold-individually","14":"purchasable","15":"product-type-simple"},"yoast_head":"<!-- This site is optimized with the Yoast SEO plugin v27.5 - https:\/\/yoast.com\/product\/yoast-seo-wordpress\/ -->\n<title>La Revue \u00ab Al-Madrassa Al-Maghribiya \u00bb - Conseil sup\u00e9rieur de l\u2019\u00e9ducation, de la formation et de la recherche scientifique<\/title>\n<meta name=\"robots\" content=\"noindex, follow, max-snippet:-1, max-image-preview:large, max-video-preview:-1\" \/>\n<meta property=\"og:locale\" content=\"fr_FR\" \/>\n<meta property=\"og:type\" content=\"article\" \/>\n<meta property=\"og:title\" content=\"La Revue \u00ab Al-Madrassa Al-Maghribiya \u00bb - Conseil sup\u00e9rieur de l\u2019\u00e9ducation, de la formation et de la recherche scientifique\" \/>\n<meta property=\"og:description\" content=\"\u00ab\u00a0Al-Madrassa Al-Maghribiya\u00a0\u00bb est une revue semestrielle \u00e0 comit\u00e9 de lecture, ouverte aux contributions des comp\u00e9tences nationales et \u00e9trang\u00e8res int\u00e9ress\u00e9es par les probl\u00e9matiques de l\u2019\u00e9ducation-formation. Elle ambitionne de devenir une publication de r\u00e9f\u00e9rence dont les contenus seraient \u00e0 m\u00eame de refl\u00e9ter la dynamique et la pluralit\u00e9 des opinions et des approches existant dans le champ acad\u00e9mique&hellip;\" \/>\n<meta property=\"og:url\" content=\"https:\/\/csefrs.lifemoz.com\/fr\/publications\/la-revue-al-madrassa-al-maghribiya\/\" \/>\n<meta property=\"og:site_name\" content=\"Conseil sup\u00e9rieur de l\u2019\u00e9ducation, de la formation et de la recherche scientifique\" \/>\n<meta property=\"article:modified_time\" content=\"2026-02-08T13:08:39+00:00\" \/>\n<meta property=\"og:image\" content=\"https:\/\/csefrs.lifemoz.com\/wp-content\/uploads\/2025\/12\/8-Fr-1.jpg\" \/>\n\t<meta property=\"og:image:width\" content=\"726\" \/>\n\t<meta property=\"og:image:height\" content=\"1024\" \/>\n\t<meta property=\"og:image:type\" content=\"image\/jpeg\" \/>\n<meta name=\"twitter:card\" content=\"summary_large_image\" \/>\n<meta name=\"twitter:label1\" content=\"Dur\u00e9e de lecture estim\u00e9e\" \/>\n\t<meta name=\"twitter:data1\" content=\"1 minute\" \/>\n<script type=\"application\/ld+json\" class=\"yoast-schema-graph\">{\"@context\":\"https:\\\/\\\/schema.org\",\"@graph\":[{\"@type\":\"WebPage\",\"@id\":\"https:\\\/\\\/csefrs.lifemoz.com\\\/fr\\\/publications\\\/la-revue-al-madrassa-al-maghribiya\\\/\",\"url\":\"https:\\\/\\\/csefrs.lifemoz.com\\\/fr\\\/publications\\\/la-revue-al-madrassa-al-maghribiya\\\/\",\"name\":\"La Revue \u00ab Al-Madrassa Al-Maghribiya \u00bb - Conseil sup\u00e9rieur de l\u2019\u00e9ducation, de la formation et de la recherche scientifique\",\"isPartOf\":{\"@id\":\"https:\\\/\\\/csefrs.lifemoz.com\\\/#website\"},\"primaryImageOfPage\":{\"@id\":\"https:\\\/\\\/csefrs.lifemoz.com\\\/fr\\\/publications\\\/la-revue-al-madrassa-al-maghribiya\\\/#primaryimage\"},\"image\":{\"@id\":\"https:\\\/\\\/csefrs.lifemoz.com\\\/fr\\\/publications\\\/la-revue-al-madrassa-al-maghribiya\\\/#primaryimage\"},\"thumbnailUrl\":\"https:\\\/\\\/csefrs.lifemoz.com\\\/wp-content\\\/uploads\\\/2025\\\/12\\\/8-Fr-1.jpg\",\"datePublished\":\"2014-02-03T00:00:00+00:00\",\"dateModified\":\"2026-02-08T13:08:39+00:00\",\"breadcrumb\":{\"@id\":\"https:\\\/\\\/csefrs.lifemoz.com\\\/fr\\\/publications\\\/la-revue-al-madrassa-al-maghribiya\\\/#breadcrumb\"},\"inLanguage\":\"fr-FR\",\"potentialAction\":[{\"@type\":\"ReadAction\",\"target\":[\"https:\\\/\\\/csefrs.lifemoz.com\\\/fr\\\/publications\\\/la-revue-al-madrassa-al-maghribiya\\\/\"]}]},{\"@type\":\"ImageObject\",\"inLanguage\":\"fr-FR\",\"@id\":\"https:\\\/\\\/csefrs.lifemoz.com\\\/fr\\\/publications\\\/la-revue-al-madrassa-al-maghribiya\\\/#primaryimage\",\"url\":\"https:\\\/\\\/csefrs.lifemoz.com\\\/wp-content\\\/uploads\\\/2025\\\/12\\\/8-Fr-1.jpg\",\"contentUrl\":\"https:\\\/\\\/csefrs.lifemoz.com\\\/wp-content\\\/uploads\\\/2025\\\/12\\\/8-Fr-1.jpg\",\"width\":726,\"height\":1024},{\"@type\":\"BreadcrumbList\",\"@id\":\"https:\\\/\\\/csefrs.lifemoz.com\\\/fr\\\/publications\\\/la-revue-al-madrassa-al-maghribiya\\\/#breadcrumb\",\"itemListElement\":[{\"@type\":\"ListItem\",\"position\":1,\"name\":\"Accueil\",\"item\":\"https:\\\/\\\/csefrs.lifemoz.com\\\/fr\\\/\"},{\"@type\":\"ListItem\",\"position\":2,\"name\":\"Publications\",\"item\":\"https:\\\/\\\/csefrs.lifemoz.com\\\/\u0627\u0644\u0645\u0646\u0634\u0648\u0631\u0627\u062a\\\/\"},{\"@type\":\"ListItem\",\"position\":3,\"name\":\"La Revue \u00ab Al-Madrassa Al-Maghribiya \u00bb\"}]},{\"@type\":\"WebSite\",\"@id\":\"https:\\\/\\\/csefrs.lifemoz.com\\\/#website\",\"url\":\"https:\\\/\\\/csefrs.lifemoz.com\\\/\",\"name\":\"Conseil sup\u00e9rieur de l\u2019\u00e9ducation, de la formation et de la recherche scientifique\",\"description\":\"\",\"potentialAction\":[{\"@type\":\"SearchAction\",\"target\":{\"@type\":\"EntryPoint\",\"urlTemplate\":\"https:\\\/\\\/csefrs.lifemoz.com\\\/?s={search_term_string}\"},\"query-input\":{\"@type\":\"PropertyValueSpecification\",\"valueRequired\":true,\"valueName\":\"search_term_string\"}}],\"inLanguage\":\"fr-FR\"}]}<\/script>\n<!-- \/ Yoast SEO plugin. -->","yoast_head_json":{"title":"La Revue \u00ab Al-Madrassa Al-Maghribiya \u00bb - Conseil sup\u00e9rieur de l\u2019\u00e9ducation, de la formation et de la recherche scientifique","robots":{"index":"noindex","follow":"follow","max-snippet":"max-snippet:-1","max-image-preview":"max-image-preview:large","max-video-preview":"max-video-preview:-1"},"og_locale":"fr_FR","og_type":"article","og_title":"La Revue \u00ab Al-Madrassa Al-Maghribiya \u00bb - Conseil sup\u00e9rieur de l\u2019\u00e9ducation, de la formation et de la recherche scientifique","og_description":"\u00ab\u00a0Al-Madrassa Al-Maghribiya\u00a0\u00bb est une revue semestrielle \u00e0 comit\u00e9 de lecture, ouverte aux contributions des comp\u00e9tences nationales et \u00e9trang\u00e8res int\u00e9ress\u00e9es par les probl\u00e9matiques de l\u2019\u00e9ducation-formation. Elle ambitionne de devenir une publication de r\u00e9f\u00e9rence dont les contenus seraient \u00e0 m\u00eame de refl\u00e9ter la dynamique et la pluralit\u00e9 des opinions et des approches existant dans le champ acad\u00e9mique&hellip;","og_url":"https:\/\/csefrs.lifemoz.com\/fr\/publications\/la-revue-al-madrassa-al-maghribiya\/","og_site_name":"Conseil sup\u00e9rieur de l\u2019\u00e9ducation, de la formation et de la recherche scientifique","article_modified_time":"2026-02-08T13:08:39+00:00","og_image":[{"width":726,"height":1024,"url":"https:\/\/csefrs.lifemoz.com\/wp-content\/uploads\/2025\/12\/8-Fr-1.jpg","type":"image\/jpeg"}],"twitter_card":"summary_large_image","twitter_misc":{"Dur\u00e9e de lecture estim\u00e9e":"1 minute"},"schema":{"@context":"https:\/\/schema.org","@graph":[{"@type":"WebPage","@id":"https:\/\/csefrs.lifemoz.com\/fr\/publications\/la-revue-al-madrassa-al-maghribiya\/","url":"https:\/\/csefrs.lifemoz.com\/fr\/publications\/la-revue-al-madrassa-al-maghribiya\/","name":"La Revue \u00ab Al-Madrassa Al-Maghribiya \u00bb - Conseil sup\u00e9rieur de l\u2019\u00e9ducation, de la formation et de la recherche scientifique","isPartOf":{"@id":"https:\/\/csefrs.lifemoz.com\/#website"},"primaryImageOfPage":{"@id":"https:\/\/csefrs.lifemoz.com\/fr\/publications\/la-revue-al-madrassa-al-maghribiya\/#primaryimage"},"image":{"@id":"https:\/\/csefrs.lifemoz.com\/fr\/publications\/la-revue-al-madrassa-al-maghribiya\/#primaryimage"},"thumbnailUrl":"https:\/\/csefrs.lifemoz.com\/wp-content\/uploads\/2025\/12\/8-Fr-1.jpg","datePublished":"2014-02-03T00:00:00+00:00","dateModified":"2026-02-08T13:08:39+00:00","breadcrumb":{"@id":"https:\/\/csefrs.lifemoz.com\/fr\/publications\/la-revue-al-madrassa-al-maghribiya\/#breadcrumb"},"inLanguage":"fr-FR","potentialAction":[{"@type":"ReadAction","target":["https:\/\/csefrs.lifemoz.com\/fr\/publications\/la-revue-al-madrassa-al-maghribiya\/"]}]},{"@type":"ImageObject","inLanguage":"fr-FR","@id":"https:\/\/csefrs.lifemoz.com\/fr\/publications\/la-revue-al-madrassa-al-maghribiya\/#primaryimage","url":"https:\/\/csefrs.lifemoz.com\/wp-content\/uploads\/2025\/12\/8-Fr-1.jpg","contentUrl":"https:\/\/csefrs.lifemoz.com\/wp-content\/uploads\/2025\/12\/8-Fr-1.jpg","width":726,"height":1024},{"@type":"BreadcrumbList","@id":"https:\/\/csefrs.lifemoz.com\/fr\/publications\/la-revue-al-madrassa-al-maghribiya\/#breadcrumb","itemListElement":[{"@type":"ListItem","position":1,"name":"Accueil","item":"https:\/\/csefrs.lifemoz.com\/fr\/"},{"@type":"ListItem","position":2,"name":"Publications","item":"https:\/\/csefrs.lifemoz.com\/\u0627\u0644\u0645\u0646\u0634\u0648\u0631\u0627\u062a\/"},{"@type":"ListItem","position":3,"name":"La Revue \u00ab Al-Madrassa Al-Maghribiya \u00bb"}]},{"@type":"WebSite","@id":"https:\/\/csefrs.lifemoz.com\/#website","url":"https:\/\/csefrs.lifemoz.com\/","name":"Conseil sup\u00e9rieur de l\u2019\u00e9ducation, de la formation et de la recherche scientifique","description":"","potentialAction":[{"@type":"SearchAction","target":{"@type":"EntryPoint","urlTemplate":"https:\/\/csefrs.lifemoz.com\/?s={search_term_string}"},"query-input":{"@type":"PropertyValueSpecification","valueRequired":true,"valueName":"search_term_string"}}],"inLanguage":"fr-FR"}]}},"_links":{"self":[{"href":"https:\/\/csefrs.lifemoz.com\/fr\/wp-json\/wp\/v2\/product\/37503","targetHints":{"allow":["GET"]}}],"collection":[{"href":"https:\/\/csefrs.lifemoz.com\/fr\/wp-json\/wp\/v2\/product"}],"about":[{"href":"https:\/\/csefrs.lifemoz.com\/fr\/wp-json\/wp\/v2\/types\/product"}],"wp:featuredmedia":[{"embeddable":true,"href":"https:\/\/csefrs.lifemoz.com\/fr\/wp-json\/wp\/v2\/media\/37115"}],"wp:attachment":[{"href":"https:\/\/csefrs.lifemoz.com\/fr\/wp-json\/wp\/v2\/media?parent=37503"}],"wp:term":[{"taxonomy":"product_brand","embeddable":true,"href":"https:\/\/csefrs.lifemoz.com\/fr\/wp-json\/wp\/v2\/product_brand?post=37503"},{"taxonomy":"product_cat","embeddable":true,"href":"https:\/\/csefrs.lifemoz.com\/fr\/wp-json\/wp\/v2\/product_cat?post=37503"},{"taxonomy":"product_tag","embeddable":true,"href":"https:\/\/csefrs.lifemoz.com\/fr\/wp-json\/wp\/v2\/product_tag?post=37503"}],"curies":[{"name":"wp","href":"https:\/\/api.w.org\/{rel}","templated":true}]}}