{"id":37501,"date":"2009-11-02T00:00:00","date_gmt":"2009-11-02T00:00:00","guid":{"rendered":"https:\/\/csefrs.lifemoz.com\/\u0627\u0644\u0645\u0646\u0634\u0648\u0631\u0627\u062a\/bulletin-du-conseil-superieur-de-lenseignement-cse\/"},"modified":"2026-02-08T14:08:40","modified_gmt":"2026-02-08T13:08:40","slug":"bulletin-du-conseil-superieur-de-lenseignement-cse","status":"publish","type":"product","link":"https:\/\/csefrs.lifemoz.com\/fr\/publications\/bulletin-du-conseil-superieur-de-lenseignement-cse\/","title":{"rendered":"Bulletin du Conseil Sup\u00e9rieur de l\u2019Enseignement (CSE)"},"content":{"rendered":"<p style=\"text-align: justify;\">Le bulletin du Conseil Sup\u00e9rieur de l\u2019Enseignement est un p\u00e9riodique d\u2019information qui a pour objectif d\u2019\u00e9tablir des passerelles de communication entre les membres du Conseil et ses instances, ainsi qu\u2019entre ceux-ci et l\u2019ensemble des acteurs concern\u00e9s et int\u00e9ress\u00e9s par la question \u00e9ducative.<\/p>\n<p>&nbsp;<\/p>\n<p><a class=\"download-button-intern-fr\" href=\"https:\/\/csefrs.lifemoz.com\/wp-content\/uploads\/2017\/10\/bul7.pdf\" target=\"_blank\" rel=\"noopener\">Bulletin du Conseil Sup\u00e9rieur de l\u2019Enseignement num\u00e9ro 7<\/a><br \/>\n<a class=\"download-button-intern-fr\" href=\"https:\/\/csefrs.lifemoz.com\/wp-content\/uploads\/2017\/10\/bul6.pdf\" target=\"_blank\" rel=\"noopener\">Bulletin du Conseil Sup\u00e9rieur de l\u2019Enseignement num\u00e9ro 6<\/a><br \/>\n<a class=\"download-button-intern-fr\" href=\"https:\/\/csefrs.lifemoz.com\/wp-content\/uploads\/2017\/10\/bul5.pdf\" target=\"_blank\" rel=\"noopener\">Bulletin du Conseil Sup\u00e9rieur de l\u2019Enseignement num\u00e9ro 5<\/a><br \/>\n<a class=\"download-button-intern-fr\" href=\"https:\/\/csefrs.lifemoz.com\/wp-content\/uploads\/2017\/10\/bul4.pdf\" target=\"_blank\" rel=\"noopener\">Bulletin du Conseil Sup\u00e9rieur de l\u2019Enseignement num\u00e9ro 4<\/a><br \/>\n<a class=\"download-button-intern-fr\" href=\"https:\/\/csefrs.lifemoz.com\/wp-content\/uploads\/2017\/10\/bul3.pdf\" target=\"_blank\" rel=\"noopener\">Bulletin du Conseil Sup\u00e9rieur de l\u2019Enseignement num\u00e9ro 3<\/a><br \/>\n<a class=\"download-button-intern-fr\" href=\"https:\/\/csefrs.lifemoz.com\/wp-content\/uploads\/2017\/10\/bul2.pdf\" target=\"_blank\" rel=\"noopener\">Bulletin du Conseil Sup\u00e9rieur de l\u2019Enseignement num\u00e9ro 2<\/a><br \/>\n<a class=\"download-button-intern-fr\" href=\"https:\/\/csefrs.lifemoz.com\/wp-content\/uploads\/2017\/10\/bul1.pdf\" target=\"_blank\" rel=\"noopener\">Bulletin du Conseil Sup\u00e9rieur de l\u2019Enseignement num\u00e9ro 1<\/a><\/p>\n","protected":false},"excerpt":{"rendered":"<p>Le bulletin du Conseil Sup\u00e9rieur de l\u2019Enseignement est un p\u00e9riodique d\u2019information qui a pour objectif d\u2019\u00e9tablir des passerelles de communication entre les membres du Conseil et ses instances, ainsi qu\u2019entre ceux-ci et l\u2019ensemble des acteurs concern\u00e9s et int\u00e9ress\u00e9s par la question \u00e9ducative. &nbsp; Bulletin du Conseil Sup\u00e9rieur de l\u2019Enseignement num\u00e9ro 7 Bulletin du Conseil Sup\u00e9rieur&hellip;<\/p>\n","protected":false},"featured_media":36378,"template":"","meta":[],"product_brand":[],"product_cat":[510],"product_tag":[],"class_list":{"0":"post-37501","1":"product","2":"type-product","3":"status-publish","4":"has-post-thumbnail","6":"product_cat-revues-et-periodiques","7":"description-off","9":"first","10":"instock","11":"downloadable","12":"virtual","13":"sold-individually","14":"purchasable","15":"product-type-simple"},"yoast_head":"<!-- This site is optimized with the Yoast SEO plugin v27.5 - https:\/\/yoast.com\/product\/yoast-seo-wordpress\/ -->\n<title>Bulletin du Conseil Sup\u00e9rieur de l\u2019Enseignement (CSE) - Conseil sup\u00e9rieur de l\u2019\u00e9ducation, de la formation et de la recherche scientifique<\/title>\n<meta name=\"robots\" content=\"noindex, follow, max-snippet:-1, max-image-preview:large, max-video-preview:-1\" \/>\n<meta property=\"og:locale\" content=\"fr_FR\" \/>\n<meta property=\"og:type\" content=\"article\" \/>\n<meta property=\"og:title\" content=\"Bulletin du Conseil Sup\u00e9rieur de l\u2019Enseignement (CSE) - Conseil sup\u00e9rieur de l\u2019\u00e9ducation, de la formation et de la recherche scientifique\" \/>\n<meta property=\"og:description\" content=\"Le bulletin du Conseil Sup\u00e9rieur de l\u2019Enseignement est un p\u00e9riodique d\u2019information qui a pour objectif d\u2019\u00e9tablir des passerelles de communication entre les membres du Conseil et ses instances, ainsi qu\u2019entre ceux-ci et l\u2019ensemble des acteurs concern\u00e9s et int\u00e9ress\u00e9s par la question \u00e9ducative. &nbsp; Bulletin du Conseil Sup\u00e9rieur de l\u2019Enseignement num\u00e9ro 7 Bulletin du Conseil Sup\u00e9rieur&hellip;\" \/>\n<meta property=\"og:url\" content=\"https:\/\/csefrs.lifemoz.com\/fr\/publications\/bulletin-du-conseil-superieur-de-lenseignement-cse\/\" \/>\n<meta property=\"og:site_name\" content=\"Conseil sup\u00e9rieur de l\u2019\u00e9ducation, de la formation et de la recherche scientifique\" \/>\n<meta property=\"article:modified_time\" content=\"2026-02-08T13:08:40+00:00\" \/>\n<meta property=\"og:image\" content=\"https:\/\/csefrs.lifemoz.com\/wp-content\/uploads\/2025\/12\/bul7.png\" \/>\n\t<meta property=\"og:image:width\" content=\"634\" \/>\n\t<meta property=\"og:image:height\" content=\"898\" \/>\n\t<meta property=\"og:image:type\" content=\"image\/png\" \/>\n<meta name=\"twitter:card\" content=\"summary_large_image\" \/>\n<meta name=\"twitter:label1\" content=\"Dur\u00e9e de lecture estim\u00e9e\" \/>\n\t<meta name=\"twitter:data1\" content=\"1 minute\" \/>\n<script type=\"application\/ld+json\" class=\"yoast-schema-graph\">{\"@context\":\"https:\\\/\\\/schema.org\",\"@graph\":[{\"@type\":\"WebPage\",\"@id\":\"https:\\\/\\\/csefrs.lifemoz.com\\\/fr\\\/publications\\\/bulletin-du-conseil-superieur-de-lenseignement-cse\\\/\",\"url\":\"https:\\\/\\\/csefrs.lifemoz.com\\\/fr\\\/publications\\\/bulletin-du-conseil-superieur-de-lenseignement-cse\\\/\",\"name\":\"Bulletin du Conseil Sup\u00e9rieur de l\u2019Enseignement (CSE) - Conseil sup\u00e9rieur de l\u2019\u00e9ducation, de la formation et de la recherche scientifique\",\"isPartOf\":{\"@id\":\"https:\\\/\\\/csefrs.lifemoz.com\\\/#website\"},\"primaryImageOfPage\":{\"@id\":\"https:\\\/\\\/csefrs.lifemoz.com\\\/fr\\\/publications\\\/bulletin-du-conseil-superieur-de-lenseignement-cse\\\/#primaryimage\"},\"image\":{\"@id\":\"https:\\\/\\\/csefrs.lifemoz.com\\\/fr\\\/publications\\\/bulletin-du-conseil-superieur-de-lenseignement-cse\\\/#primaryimage\"},\"thumbnailUrl\":\"https:\\\/\\\/csefrs.lifemoz.com\\\/wp-content\\\/uploads\\\/2025\\\/12\\\/bul7.png\",\"datePublished\":\"2009-11-02T00:00:00+00:00\",\"dateModified\":\"2026-02-08T13:08:40+00:00\",\"breadcrumb\":{\"@id\":\"https:\\\/\\\/csefrs.lifemoz.com\\\/fr\\\/publications\\\/bulletin-du-conseil-superieur-de-lenseignement-cse\\\/#breadcrumb\"},\"inLanguage\":\"fr-FR\",\"potentialAction\":[{\"@type\":\"ReadAction\",\"target\":[\"https:\\\/\\\/csefrs.lifemoz.com\\\/fr\\\/publications\\\/bulletin-du-conseil-superieur-de-lenseignement-cse\\\/\"]}]},{\"@type\":\"ImageObject\",\"inLanguage\":\"fr-FR\",\"@id\":\"https:\\\/\\\/csefrs.lifemoz.com\\\/fr\\\/publications\\\/bulletin-du-conseil-superieur-de-lenseignement-cse\\\/#primaryimage\",\"url\":\"https:\\\/\\\/csefrs.lifemoz.com\\\/wp-content\\\/uploads\\\/2025\\\/12\\\/bul7.png\",\"contentUrl\":\"https:\\\/\\\/csefrs.lifemoz.com\\\/wp-content\\\/uploads\\\/2025\\\/12\\\/bul7.png\",\"width\":634,\"height\":898},{\"@type\":\"BreadcrumbList\",\"@id\":\"https:\\\/\\\/csefrs.lifemoz.com\\\/fr\\\/publications\\\/bulletin-du-conseil-superieur-de-lenseignement-cse\\\/#breadcrumb\",\"itemListElement\":[{\"@type\":\"ListItem\",\"position\":1,\"name\":\"Accueil\",\"item\":\"https:\\\/\\\/csefrs.lifemoz.com\\\/fr\\\/\"},{\"@type\":\"ListItem\",\"position\":2,\"name\":\"Publications\",\"item\":\"https:\\\/\\\/csefrs.lifemoz.com\\\/\u0627\u0644\u0645\u0646\u0634\u0648\u0631\u0627\u062a\\\/\"},{\"@type\":\"ListItem\",\"position\":3,\"name\":\"Bulletin du Conseil Sup\u00e9rieur de l\u2019Enseignement (CSE)\"}]},{\"@type\":\"WebSite\",\"@id\":\"https:\\\/\\\/csefrs.lifemoz.com\\\/#website\",\"url\":\"https:\\\/\\\/csefrs.lifemoz.com\\\/\",\"name\":\"Conseil sup\u00e9rieur de l\u2019\u00e9ducation, de la formation et de la recherche scientifique\",\"description\":\"\",\"potentialAction\":[{\"@type\":\"SearchAction\",\"target\":{\"@type\":\"EntryPoint\",\"urlTemplate\":\"https:\\\/\\\/csefrs.lifemoz.com\\\/?s={search_term_string}\"},\"query-input\":{\"@type\":\"PropertyValueSpecification\",\"valueRequired\":true,\"valueName\":\"search_term_string\"}}],\"inLanguage\":\"fr-FR\"}]}<\/script>\n<!-- \/ Yoast SEO plugin. -->","yoast_head_json":{"title":"Bulletin du Conseil Sup\u00e9rieur de l\u2019Enseignement (CSE) - Conseil sup\u00e9rieur de l\u2019\u00e9ducation, de la formation et de la recherche scientifique","robots":{"index":"noindex","follow":"follow","max-snippet":"max-snippet:-1","max-image-preview":"max-image-preview:large","max-video-preview":"max-video-preview:-1"},"og_locale":"fr_FR","og_type":"article","og_title":"Bulletin du Conseil Sup\u00e9rieur de l\u2019Enseignement (CSE) - Conseil sup\u00e9rieur de l\u2019\u00e9ducation, de la formation et de la recherche scientifique","og_description":"Le bulletin du Conseil Sup\u00e9rieur de l\u2019Enseignement est un p\u00e9riodique d\u2019information qui a pour objectif d\u2019\u00e9tablir des passerelles de communication entre les membres du Conseil et ses instances, ainsi qu\u2019entre ceux-ci et l\u2019ensemble des acteurs concern\u00e9s et int\u00e9ress\u00e9s par la question \u00e9ducative. &nbsp; Bulletin du Conseil Sup\u00e9rieur de l\u2019Enseignement num\u00e9ro 7 Bulletin du Conseil Sup\u00e9rieur&hellip;","og_url":"https:\/\/csefrs.lifemoz.com\/fr\/publications\/bulletin-du-conseil-superieur-de-lenseignement-cse\/","og_site_name":"Conseil sup\u00e9rieur de l\u2019\u00e9ducation, de la formation et de la recherche scientifique","article_modified_time":"2026-02-08T13:08:40+00:00","og_image":[{"width":634,"height":898,"url":"https:\/\/csefrs.lifemoz.com\/wp-content\/uploads\/2025\/12\/bul7.png","type":"image\/png"}],"twitter_card":"summary_large_image","twitter_misc":{"Dur\u00e9e de lecture estim\u00e9e":"1 minute"},"schema":{"@context":"https:\/\/schema.org","@graph":[{"@type":"WebPage","@id":"https:\/\/csefrs.lifemoz.com\/fr\/publications\/bulletin-du-conseil-superieur-de-lenseignement-cse\/","url":"https:\/\/csefrs.lifemoz.com\/fr\/publications\/bulletin-du-conseil-superieur-de-lenseignement-cse\/","name":"Bulletin du Conseil Sup\u00e9rieur de l\u2019Enseignement (CSE) - Conseil sup\u00e9rieur de l\u2019\u00e9ducation, de la formation et de la recherche scientifique","isPartOf":{"@id":"https:\/\/csefrs.lifemoz.com\/#website"},"primaryImageOfPage":{"@id":"https:\/\/csefrs.lifemoz.com\/fr\/publications\/bulletin-du-conseil-superieur-de-lenseignement-cse\/#primaryimage"},"image":{"@id":"https:\/\/csefrs.lifemoz.com\/fr\/publications\/bulletin-du-conseil-superieur-de-lenseignement-cse\/#primaryimage"},"thumbnailUrl":"https:\/\/csefrs.lifemoz.com\/wp-content\/uploads\/2025\/12\/bul7.png","datePublished":"2009-11-02T00:00:00+00:00","dateModified":"2026-02-08T13:08:40+00:00","breadcrumb":{"@id":"https:\/\/csefrs.lifemoz.com\/fr\/publications\/bulletin-du-conseil-superieur-de-lenseignement-cse\/#breadcrumb"},"inLanguage":"fr-FR","potentialAction":[{"@type":"ReadAction","target":["https:\/\/csefrs.lifemoz.com\/fr\/publications\/bulletin-du-conseil-superieur-de-lenseignement-cse\/"]}]},{"@type":"ImageObject","inLanguage":"fr-FR","@id":"https:\/\/csefrs.lifemoz.com\/fr\/publications\/bulletin-du-conseil-superieur-de-lenseignement-cse\/#primaryimage","url":"https:\/\/csefrs.lifemoz.com\/wp-content\/uploads\/2025\/12\/bul7.png","contentUrl":"https:\/\/csefrs.lifemoz.com\/wp-content\/uploads\/2025\/12\/bul7.png","width":634,"height":898},{"@type":"BreadcrumbList","@id":"https:\/\/csefrs.lifemoz.com\/fr\/publications\/bulletin-du-conseil-superieur-de-lenseignement-cse\/#breadcrumb","itemListElement":[{"@type":"ListItem","position":1,"name":"Accueil","item":"https:\/\/csefrs.lifemoz.com\/fr\/"},{"@type":"ListItem","position":2,"name":"Publications","item":"https:\/\/csefrs.lifemoz.com\/\u0627\u0644\u0645\u0646\u0634\u0648\u0631\u0627\u062a\/"},{"@type":"ListItem","position":3,"name":"Bulletin du Conseil Sup\u00e9rieur de l\u2019Enseignement (CSE)"}]},{"@type":"WebSite","@id":"https:\/\/csefrs.lifemoz.com\/#website","url":"https:\/\/csefrs.lifemoz.com\/","name":"Conseil sup\u00e9rieur de l\u2019\u00e9ducation, de la formation et de la recherche scientifique","description":"","potentialAction":[{"@type":"SearchAction","target":{"@type":"EntryPoint","urlTemplate":"https:\/\/csefrs.lifemoz.com\/?s={search_term_string}"},"query-input":{"@type":"PropertyValueSpecification","valueRequired":true,"valueName":"search_term_string"}}],"inLanguage":"fr-FR"}]}},"_links":{"self":[{"href":"https:\/\/csefrs.lifemoz.com\/fr\/wp-json\/wp\/v2\/product\/37501","targetHints":{"allow":["GET"]}}],"collection":[{"href":"https:\/\/csefrs.lifemoz.com\/fr\/wp-json\/wp\/v2\/product"}],"about":[{"href":"https:\/\/csefrs.lifemoz.com\/fr\/wp-json\/wp\/v2\/types\/product"}],"wp:featuredmedia":[{"embeddable":true,"href":"https:\/\/csefrs.lifemoz.com\/fr\/wp-json\/wp\/v2\/media\/36378"}],"wp:attachment":[{"href":"https:\/\/csefrs.lifemoz.com\/fr\/wp-json\/wp\/v2\/media?parent=37501"}],"wp:term":[{"taxonomy":"product_brand","embeddable":true,"href":"https:\/\/csefrs.lifemoz.com\/fr\/wp-json\/wp\/v2\/product_brand?post=37501"},{"taxonomy":"product_cat","embeddable":true,"href":"https:\/\/csefrs.lifemoz.com\/fr\/wp-json\/wp\/v2\/product_cat?post=37501"},{"taxonomy":"product_tag","embeddable":true,"href":"https:\/\/csefrs.lifemoz.com\/fr\/wp-json\/wp\/v2\/product_tag?post=37501"}],"curies":[{"name":"wp","href":"https:\/\/api.w.org\/{rel}","templated":true}]}}