{"id":37499,"date":"2007-07-02T00:00:00","date_gmt":"2007-07-02T00:00:00","guid":{"rendered":"https:\/\/csefrs.lifemoz.com\/\u0627\u0644\u0645\u0646\u0634\u0648\u0631\u0627\u062a\/la-decentralisation-et-la-deconcentration-experience-des-academies-regionales-deducation-et-de-formation\/"},"modified":"2026-02-08T14:08:47","modified_gmt":"2026-02-08T13:08:47","slug":"la-decentralisation-et-la-deconcentration-experience-des-academies-regionales-deducation-et-de-formation","status":"publish","type":"product","link":"https:\/\/csefrs.lifemoz.com\/fr\/publications\/la-decentralisation-et-la-deconcentration-experience-des-academies-regionales-deducation-et-de-formation\/","title":{"rendered":"La d\u00e9centralisation et la d\u00e9concentration : exp\u00e9rience des Acad\u00e9mies r\u00e9gionales d\u2019\u00e9ducation et de formation"},"content":{"rendered":"<p style=\"text-align: justify;\">Cette \u00e9tude, qui a \u00e9t\u00e9 r\u00e9alis\u00e9e dans le cadre de la pr\u00e9paration du premier rapport du Conseil au titre de l\u2019ann\u00e9e 2008, vise \u00e0 faire le point sur la mise en \u0153uvre des recommandations de la Charte nationale d\u2019\u00e9ducation et de formation en mati\u00e8re de d\u00e9centralisation et de d\u00e9concentration. Elle explore, par ailleurs, les perspectives et les modalit\u00e9s d\u2019action en vue d\u2019assurer le succ\u00e8s de ces diverses mesures.<\/p>\n<p>&nbsp;<br \/>\n<a class=\"download-button-intern-fr\" href=\"https:\/\/csefrs.lifemoz.com\/wp-content\/uploads\/2017\/10\/EtudeAr_decentralisation.pdf\" target=\"_blank\" rel=\"noopener\">T\u00e9l\u00e9charger l&rsquo;\u00e9tude (disponible en arabe)<\/a><\/p>\n","protected":false},"excerpt":{"rendered":"<p>Cette \u00e9tude, qui a \u00e9t\u00e9 r\u00e9alis\u00e9e dans le cadre de la pr\u00e9paration du premier rapport du Conseil au titre de l\u2019ann\u00e9e 2008, vise \u00e0 faire le point sur la mise en \u0153uvre des recommandations de la Charte nationale d\u2019\u00e9ducation et de formation en mati\u00e8re de d\u00e9centralisation et de d\u00e9concentration. Elle explore, par ailleurs, les perspectives&hellip;<\/p>\n","protected":false},"featured_media":36376,"template":"","meta":[],"product_brand":[],"product_cat":[509],"product_tag":[],"class_list":{"0":"post-37499","1":"product","2":"type-product","3":"status-publish","4":"has-post-thumbnail","6":"product_cat-etudes-et-recherches","7":"description-off","9":"first","10":"instock","11":"downloadable","12":"virtual","13":"sold-individually","14":"purchasable","15":"product-type-simple"},"yoast_head":"<!-- This site is optimized with the Yoast SEO plugin v27.5 - https:\/\/yoast.com\/product\/yoast-seo-wordpress\/ -->\n<title>La d\u00e9centralisation et la d\u00e9concentration : exp\u00e9rience des Acad\u00e9mies r\u00e9gionales d\u2019\u00e9ducation et de formation - Conseil sup\u00e9rieur de l\u2019\u00e9ducation, de la formation et de la recherche scientifique<\/title>\n<meta name=\"robots\" content=\"noindex, follow, max-snippet:-1, max-image-preview:large, max-video-preview:-1\" \/>\n<meta property=\"og:locale\" content=\"fr_FR\" \/>\n<meta property=\"og:type\" content=\"article\" \/>\n<meta property=\"og:title\" content=\"La d\u00e9centralisation et la d\u00e9concentration : exp\u00e9rience des Acad\u00e9mies r\u00e9gionales d\u2019\u00e9ducation et de formation - Conseil sup\u00e9rieur de l\u2019\u00e9ducation, de la formation et de la recherche scientifique\" \/>\n<meta property=\"og:description\" content=\"Cette \u00e9tude, qui a \u00e9t\u00e9 r\u00e9alis\u00e9e dans le cadre de la pr\u00e9paration du premier rapport du Conseil au titre de l\u2019ann\u00e9e 2008, vise \u00e0 faire le point sur la mise en \u0153uvre des recommandations de la Charte nationale d\u2019\u00e9ducation et de formation en mati\u00e8re de d\u00e9centralisation et de d\u00e9concentration. Elle explore, par ailleurs, les perspectives&hellip;\" \/>\n<meta property=\"og:url\" content=\"https:\/\/csefrs.lifemoz.com\/fr\/publications\/la-decentralisation-et-la-deconcentration-experience-des-academies-regionales-deducation-et-de-formation\/\" \/>\n<meta property=\"og:site_name\" content=\"Conseil sup\u00e9rieur de l\u2019\u00e9ducation, de la formation et de la recherche scientifique\" \/>\n<meta property=\"article:modified_time\" content=\"2026-02-08T13:08:47+00:00\" \/>\n<meta property=\"og:image\" content=\"https:\/\/csefrs.lifemoz.com\/wp-content\/uploads\/2025\/12\/EtudeAr_decentralisation-.png\" \/>\n\t<meta property=\"og:image:width\" content=\"679\" \/>\n\t<meta property=\"og:image:height\" content=\"942\" \/>\n\t<meta property=\"og:image:type\" content=\"image\/png\" \/>\n<meta name=\"twitter:card\" content=\"summary_large_image\" \/>\n<script type=\"application\/ld+json\" class=\"yoast-schema-graph\">{\"@context\":\"https:\\\/\\\/schema.org\",\"@graph\":[{\"@type\":\"WebPage\",\"@id\":\"https:\\\/\\\/csefrs.lifemoz.com\\\/fr\\\/publications\\\/la-decentralisation-et-la-deconcentration-experience-des-academies-regionales-deducation-et-de-formation\\\/\",\"url\":\"https:\\\/\\\/csefrs.lifemoz.com\\\/fr\\\/publications\\\/la-decentralisation-et-la-deconcentration-experience-des-academies-regionales-deducation-et-de-formation\\\/\",\"name\":\"La d\u00e9centralisation et la d\u00e9concentration : exp\u00e9rience des Acad\u00e9mies r\u00e9gionales d\u2019\u00e9ducation et de formation - Conseil sup\u00e9rieur de l\u2019\u00e9ducation, de la formation et de la recherche scientifique\",\"isPartOf\":{\"@id\":\"https:\\\/\\\/csefrs.lifemoz.com\\\/#website\"},\"primaryImageOfPage\":{\"@id\":\"https:\\\/\\\/csefrs.lifemoz.com\\\/fr\\\/publications\\\/la-decentralisation-et-la-deconcentration-experience-des-academies-regionales-deducation-et-de-formation\\\/#primaryimage\"},\"image\":{\"@id\":\"https:\\\/\\\/csefrs.lifemoz.com\\\/fr\\\/publications\\\/la-decentralisation-et-la-deconcentration-experience-des-academies-regionales-deducation-et-de-formation\\\/#primaryimage\"},\"thumbnailUrl\":\"https:\\\/\\\/csefrs.lifemoz.com\\\/wp-content\\\/uploads\\\/2025\\\/12\\\/EtudeAr_decentralisation-.png\",\"datePublished\":\"2007-07-02T00:00:00+00:00\",\"dateModified\":\"2026-02-08T13:08:47+00:00\",\"breadcrumb\":{\"@id\":\"https:\\\/\\\/csefrs.lifemoz.com\\\/fr\\\/publications\\\/la-decentralisation-et-la-deconcentration-experience-des-academies-regionales-deducation-et-de-formation\\\/#breadcrumb\"},\"inLanguage\":\"fr-FR\",\"potentialAction\":[{\"@type\":\"ReadAction\",\"target\":[\"https:\\\/\\\/csefrs.lifemoz.com\\\/fr\\\/publications\\\/la-decentralisation-et-la-deconcentration-experience-des-academies-regionales-deducation-et-de-formation\\\/\"]}]},{\"@type\":\"ImageObject\",\"inLanguage\":\"fr-FR\",\"@id\":\"https:\\\/\\\/csefrs.lifemoz.com\\\/fr\\\/publications\\\/la-decentralisation-et-la-deconcentration-experience-des-academies-regionales-deducation-et-de-formation\\\/#primaryimage\",\"url\":\"https:\\\/\\\/csefrs.lifemoz.com\\\/wp-content\\\/uploads\\\/2025\\\/12\\\/EtudeAr_decentralisation-.png\",\"contentUrl\":\"https:\\\/\\\/csefrs.lifemoz.com\\\/wp-content\\\/uploads\\\/2025\\\/12\\\/EtudeAr_decentralisation-.png\",\"width\":679,\"height\":942},{\"@type\":\"BreadcrumbList\",\"@id\":\"https:\\\/\\\/csefrs.lifemoz.com\\\/fr\\\/publications\\\/la-decentralisation-et-la-deconcentration-experience-des-academies-regionales-deducation-et-de-formation\\\/#breadcrumb\",\"itemListElement\":[{\"@type\":\"ListItem\",\"position\":1,\"name\":\"Accueil\",\"item\":\"https:\\\/\\\/csefrs.lifemoz.com\\\/fr\\\/\"},{\"@type\":\"ListItem\",\"position\":2,\"name\":\"Publications\",\"item\":\"https:\\\/\\\/csefrs.lifemoz.com\\\/\u0627\u0644\u0645\u0646\u0634\u0648\u0631\u0627\u062a\\\/\"},{\"@type\":\"ListItem\",\"position\":3,\"name\":\"La d\u00e9centralisation et la d\u00e9concentration : exp\u00e9rience des Acad\u00e9mies r\u00e9gionales d\u2019\u00e9ducation et de formation\"}]},{\"@type\":\"WebSite\",\"@id\":\"https:\\\/\\\/csefrs.lifemoz.com\\\/#website\",\"url\":\"https:\\\/\\\/csefrs.lifemoz.com\\\/\",\"name\":\"Conseil sup\u00e9rieur de l\u2019\u00e9ducation, de la formation et de la recherche scientifique\",\"description\":\"\",\"potentialAction\":[{\"@type\":\"SearchAction\",\"target\":{\"@type\":\"EntryPoint\",\"urlTemplate\":\"https:\\\/\\\/csefrs.lifemoz.com\\\/?s={search_term_string}\"},\"query-input\":{\"@type\":\"PropertyValueSpecification\",\"valueRequired\":true,\"valueName\":\"search_term_string\"}}],\"inLanguage\":\"fr-FR\"}]}<\/script>\n<!-- \/ Yoast SEO plugin. -->","yoast_head_json":{"title":"La d\u00e9centralisation et la d\u00e9concentration : exp\u00e9rience des Acad\u00e9mies r\u00e9gionales d\u2019\u00e9ducation et de formation - Conseil sup\u00e9rieur de l\u2019\u00e9ducation, de la formation et de la recherche scientifique","robots":{"index":"noindex","follow":"follow","max-snippet":"max-snippet:-1","max-image-preview":"max-image-preview:large","max-video-preview":"max-video-preview:-1"},"og_locale":"fr_FR","og_type":"article","og_title":"La d\u00e9centralisation et la d\u00e9concentration : exp\u00e9rience des Acad\u00e9mies r\u00e9gionales d\u2019\u00e9ducation et de formation - Conseil sup\u00e9rieur de l\u2019\u00e9ducation, de la formation et de la recherche scientifique","og_description":"Cette \u00e9tude, qui a \u00e9t\u00e9 r\u00e9alis\u00e9e dans le cadre de la pr\u00e9paration du premier rapport du Conseil au titre de l\u2019ann\u00e9e 2008, vise \u00e0 faire le point sur la mise en \u0153uvre des recommandations de la Charte nationale d\u2019\u00e9ducation et de formation en mati\u00e8re de d\u00e9centralisation et de d\u00e9concentration. Elle explore, par ailleurs, les perspectives&hellip;","og_url":"https:\/\/csefrs.lifemoz.com\/fr\/publications\/la-decentralisation-et-la-deconcentration-experience-des-academies-regionales-deducation-et-de-formation\/","og_site_name":"Conseil sup\u00e9rieur de l\u2019\u00e9ducation, de la formation et de la recherche scientifique","article_modified_time":"2026-02-08T13:08:47+00:00","og_image":[{"width":679,"height":942,"url":"https:\/\/csefrs.lifemoz.com\/wp-content\/uploads\/2025\/12\/EtudeAr_decentralisation-.png","type":"image\/png"}],"twitter_card":"summary_large_image","schema":{"@context":"https:\/\/schema.org","@graph":[{"@type":"WebPage","@id":"https:\/\/csefrs.lifemoz.com\/fr\/publications\/la-decentralisation-et-la-deconcentration-experience-des-academies-regionales-deducation-et-de-formation\/","url":"https:\/\/csefrs.lifemoz.com\/fr\/publications\/la-decentralisation-et-la-deconcentration-experience-des-academies-regionales-deducation-et-de-formation\/","name":"La d\u00e9centralisation et la d\u00e9concentration : exp\u00e9rience des Acad\u00e9mies r\u00e9gionales d\u2019\u00e9ducation et de formation - Conseil sup\u00e9rieur de l\u2019\u00e9ducation, de la formation et de la recherche scientifique","isPartOf":{"@id":"https:\/\/csefrs.lifemoz.com\/#website"},"primaryImageOfPage":{"@id":"https:\/\/csefrs.lifemoz.com\/fr\/publications\/la-decentralisation-et-la-deconcentration-experience-des-academies-regionales-deducation-et-de-formation\/#primaryimage"},"image":{"@id":"https:\/\/csefrs.lifemoz.com\/fr\/publications\/la-decentralisation-et-la-deconcentration-experience-des-academies-regionales-deducation-et-de-formation\/#primaryimage"},"thumbnailUrl":"https:\/\/csefrs.lifemoz.com\/wp-content\/uploads\/2025\/12\/EtudeAr_decentralisation-.png","datePublished":"2007-07-02T00:00:00+00:00","dateModified":"2026-02-08T13:08:47+00:00","breadcrumb":{"@id":"https:\/\/csefrs.lifemoz.com\/fr\/publications\/la-decentralisation-et-la-deconcentration-experience-des-academies-regionales-deducation-et-de-formation\/#breadcrumb"},"inLanguage":"fr-FR","potentialAction":[{"@type":"ReadAction","target":["https:\/\/csefrs.lifemoz.com\/fr\/publications\/la-decentralisation-et-la-deconcentration-experience-des-academies-regionales-deducation-et-de-formation\/"]}]},{"@type":"ImageObject","inLanguage":"fr-FR","@id":"https:\/\/csefrs.lifemoz.com\/fr\/publications\/la-decentralisation-et-la-deconcentration-experience-des-academies-regionales-deducation-et-de-formation\/#primaryimage","url":"https:\/\/csefrs.lifemoz.com\/wp-content\/uploads\/2025\/12\/EtudeAr_decentralisation-.png","contentUrl":"https:\/\/csefrs.lifemoz.com\/wp-content\/uploads\/2025\/12\/EtudeAr_decentralisation-.png","width":679,"height":942},{"@type":"BreadcrumbList","@id":"https:\/\/csefrs.lifemoz.com\/fr\/publications\/la-decentralisation-et-la-deconcentration-experience-des-academies-regionales-deducation-et-de-formation\/#breadcrumb","itemListElement":[{"@type":"ListItem","position":1,"name":"Accueil","item":"https:\/\/csefrs.lifemoz.com\/fr\/"},{"@type":"ListItem","position":2,"name":"Publications","item":"https:\/\/csefrs.lifemoz.com\/\u0627\u0644\u0645\u0646\u0634\u0648\u0631\u0627\u062a\/"},{"@type":"ListItem","position":3,"name":"La d\u00e9centralisation et la d\u00e9concentration : exp\u00e9rience des Acad\u00e9mies r\u00e9gionales d\u2019\u00e9ducation et de formation"}]},{"@type":"WebSite","@id":"https:\/\/csefrs.lifemoz.com\/#website","url":"https:\/\/csefrs.lifemoz.com\/","name":"Conseil sup\u00e9rieur de l\u2019\u00e9ducation, de la formation et de la recherche scientifique","description":"","potentialAction":[{"@type":"SearchAction","target":{"@type":"EntryPoint","urlTemplate":"https:\/\/csefrs.lifemoz.com\/?s={search_term_string}"},"query-input":{"@type":"PropertyValueSpecification","valueRequired":true,"valueName":"search_term_string"}}],"inLanguage":"fr-FR"}]}},"_links":{"self":[{"href":"https:\/\/csefrs.lifemoz.com\/fr\/wp-json\/wp\/v2\/product\/37499","targetHints":{"allow":["GET"]}}],"collection":[{"href":"https:\/\/csefrs.lifemoz.com\/fr\/wp-json\/wp\/v2\/product"}],"about":[{"href":"https:\/\/csefrs.lifemoz.com\/fr\/wp-json\/wp\/v2\/types\/product"}],"wp:featuredmedia":[{"embeddable":true,"href":"https:\/\/csefrs.lifemoz.com\/fr\/wp-json\/wp\/v2\/media\/36376"}],"wp:attachment":[{"href":"https:\/\/csefrs.lifemoz.com\/fr\/wp-json\/wp\/v2\/media?parent=37499"}],"wp:term":[{"taxonomy":"product_brand","embeddable":true,"href":"https:\/\/csefrs.lifemoz.com\/fr\/wp-json\/wp\/v2\/product_brand?post=37499"},{"taxonomy":"product_cat","embeddable":true,"href":"https:\/\/csefrs.lifemoz.com\/fr\/wp-json\/wp\/v2\/product_cat?post=37499"},{"taxonomy":"product_tag","embeddable":true,"href":"https:\/\/csefrs.lifemoz.com\/fr\/wp-json\/wp\/v2\/product_tag?post=37499"}],"curies":[{"name":"wp","href":"https:\/\/api.w.org\/{rel}","templated":true}]}}