{"id":37489,"date":"2007-11-02T00:00:00","date_gmt":"2007-11-02T00:00:00","guid":{"rendered":"https:\/\/csefrs.lifemoz.com\/\u0627\u0644\u0645\u0646\u0634\u0648\u0631\u0627\u062a\/la-situation-du-prescolaire-au-maroc-importance-diagnostic-et-concept-pedagogique\/"},"modified":"2026-02-08T14:08:46","modified_gmt":"2026-02-08T13:08:46","slug":"la-situation-du-prescolaire-au-maroc-importance-diagnostic-et-concept-pedagogique","status":"publish","type":"product","link":"https:\/\/csefrs.lifemoz.com\/fr\/publications\/la-situation-du-prescolaire-au-maroc-importance-diagnostic-et-concept-pedagogique\/","title":{"rendered":"La situation du pr\u00e9scolaire au Maroc : importance, diagnostic et concept p\u00e9dagogique"},"content":{"rendered":"<p style=\"text-align: justify;\">Cette \u00e9tude est d\u00e9clin\u00e9e en deux volets : un volet diagnostic qui fait l\u2019\u00e9tat des lieux de l\u2019enseignement pr\u00e9scolaire au Maroc et un second volet qui refl\u00e8te l\u2019exp\u00e9rience d\u2019une \u00e9quipe d\u2019experts marocains qui ont \u0153uvr\u00e9 pour le d\u00e9veloppement d\u2019un mod\u00e8le marocain pour l\u2019enseignement pr\u00e9scolaire.<\/p>\n<p>&nbsp;<br \/>\n<a class=\"download-button-intern-fr\" href=\"https:\/\/csefrs.lifemoz.com\/wp-content\/uploads\/2017\/10\/Etude-6-prescolaire.pdf\" target=\"_blank\" rel=\"noopener\">T\u00e9l\u00e9charger l&rsquo;\u00e9tude<\/a><\/p>\n","protected":false},"excerpt":{"rendered":"<p>Cette \u00e9tude est d\u00e9clin\u00e9e en deux volets : un volet diagnostic qui fait l\u2019\u00e9tat des lieux de l\u2019enseignement pr\u00e9scolaire au Maroc et un second volet qui refl\u00e8te l\u2019exp\u00e9rience d\u2019une \u00e9quipe d\u2019experts marocains qui ont \u0153uvr\u00e9 pour le d\u00e9veloppement d\u2019un mod\u00e8le marocain pour l\u2019enseignement pr\u00e9scolaire. &nbsp; T\u00e9l\u00e9charger l&rsquo;\u00e9tude<\/p>\n","protected":false},"featured_media":36366,"template":"","meta":[],"product_brand":[],"product_cat":[509],"product_tag":[],"class_list":{"0":"post-37489","1":"product","2":"type-product","3":"status-publish","4":"has-post-thumbnail","6":"product_cat-etudes-et-recherches","7":"description-off","9":"first","10":"instock","11":"downloadable","12":"virtual","13":"sold-individually","14":"purchasable","15":"product-type-simple"},"yoast_head":"<!-- This site is optimized with the Yoast SEO plugin v27.5 - https:\/\/yoast.com\/product\/yoast-seo-wordpress\/ -->\n<title>La situation du pr\u00e9scolaire au Maroc : importance, diagnostic et concept p\u00e9dagogique - Conseil sup\u00e9rieur de l\u2019\u00e9ducation, de la formation et de la recherche scientifique<\/title>\n<meta name=\"robots\" content=\"noindex, follow, max-snippet:-1, max-image-preview:large, max-video-preview:-1\" \/>\n<meta property=\"og:locale\" content=\"fr_FR\" \/>\n<meta property=\"og:type\" content=\"article\" \/>\n<meta property=\"og:title\" content=\"La situation du pr\u00e9scolaire au Maroc : importance, diagnostic et concept p\u00e9dagogique - Conseil sup\u00e9rieur de l\u2019\u00e9ducation, de la formation et de la recherche scientifique\" \/>\n<meta property=\"og:description\" content=\"Cette \u00e9tude est d\u00e9clin\u00e9e en deux volets : un volet diagnostic qui fait l\u2019\u00e9tat des lieux de l\u2019enseignement pr\u00e9scolaire au Maroc et un second volet qui refl\u00e8te l\u2019exp\u00e9rience d\u2019une \u00e9quipe d\u2019experts marocains qui ont \u0153uvr\u00e9 pour le d\u00e9veloppement d\u2019un mod\u00e8le marocain pour l\u2019enseignement pr\u00e9scolaire. &nbsp; T\u00e9l\u00e9charger l&rsquo;\u00e9tude\" \/>\n<meta property=\"og:url\" content=\"https:\/\/csefrs.lifemoz.com\/fr\/publications\/la-situation-du-prescolaire-au-maroc-importance-diagnostic-et-concept-pedagogique\/\" \/>\n<meta property=\"og:site_name\" content=\"Conseil sup\u00e9rieur de l\u2019\u00e9ducation, de la formation et de la recherche scientifique\" \/>\n<meta property=\"article:modified_time\" content=\"2026-02-08T13:08:46+00:00\" \/>\n<meta property=\"og:image\" content=\"https:\/\/csefrs.lifemoz.com\/wp-content\/uploads\/2025\/12\/Etude-6-prescolaire-.png\" \/>\n\t<meta property=\"og:image:width\" content=\"679\" \/>\n\t<meta property=\"og:image:height\" content=\"906\" \/>\n\t<meta property=\"og:image:type\" content=\"image\/png\" \/>\n<meta name=\"twitter:card\" content=\"summary_large_image\" \/>\n<script type=\"application\/ld+json\" class=\"yoast-schema-graph\">{\"@context\":\"https:\\\/\\\/schema.org\",\"@graph\":[{\"@type\":\"WebPage\",\"@id\":\"https:\\\/\\\/csefrs.lifemoz.com\\\/fr\\\/publications\\\/la-situation-du-prescolaire-au-maroc-importance-diagnostic-et-concept-pedagogique\\\/\",\"url\":\"https:\\\/\\\/csefrs.lifemoz.com\\\/fr\\\/publications\\\/la-situation-du-prescolaire-au-maroc-importance-diagnostic-et-concept-pedagogique\\\/\",\"name\":\"La situation du pr\u00e9scolaire au Maroc : importance, diagnostic et concept p\u00e9dagogique - Conseil sup\u00e9rieur de l\u2019\u00e9ducation, de la formation et de la recherche scientifique\",\"isPartOf\":{\"@id\":\"https:\\\/\\\/csefrs.lifemoz.com\\\/#website\"},\"primaryImageOfPage\":{\"@id\":\"https:\\\/\\\/csefrs.lifemoz.com\\\/fr\\\/publications\\\/la-situation-du-prescolaire-au-maroc-importance-diagnostic-et-concept-pedagogique\\\/#primaryimage\"},\"image\":{\"@id\":\"https:\\\/\\\/csefrs.lifemoz.com\\\/fr\\\/publications\\\/la-situation-du-prescolaire-au-maroc-importance-diagnostic-et-concept-pedagogique\\\/#primaryimage\"},\"thumbnailUrl\":\"https:\\\/\\\/csefrs.lifemoz.com\\\/wp-content\\\/uploads\\\/2025\\\/12\\\/Etude-6-prescolaire-.png\",\"datePublished\":\"2007-11-02T00:00:00+00:00\",\"dateModified\":\"2026-02-08T13:08:46+00:00\",\"breadcrumb\":{\"@id\":\"https:\\\/\\\/csefrs.lifemoz.com\\\/fr\\\/publications\\\/la-situation-du-prescolaire-au-maroc-importance-diagnostic-et-concept-pedagogique\\\/#breadcrumb\"},\"inLanguage\":\"fr-FR\",\"potentialAction\":[{\"@type\":\"ReadAction\",\"target\":[\"https:\\\/\\\/csefrs.lifemoz.com\\\/fr\\\/publications\\\/la-situation-du-prescolaire-au-maroc-importance-diagnostic-et-concept-pedagogique\\\/\"]}]},{\"@type\":\"ImageObject\",\"inLanguage\":\"fr-FR\",\"@id\":\"https:\\\/\\\/csefrs.lifemoz.com\\\/fr\\\/publications\\\/la-situation-du-prescolaire-au-maroc-importance-diagnostic-et-concept-pedagogique\\\/#primaryimage\",\"url\":\"https:\\\/\\\/csefrs.lifemoz.com\\\/wp-content\\\/uploads\\\/2025\\\/12\\\/Etude-6-prescolaire-.png\",\"contentUrl\":\"https:\\\/\\\/csefrs.lifemoz.com\\\/wp-content\\\/uploads\\\/2025\\\/12\\\/Etude-6-prescolaire-.png\",\"width\":679,\"height\":906},{\"@type\":\"BreadcrumbList\",\"@id\":\"https:\\\/\\\/csefrs.lifemoz.com\\\/fr\\\/publications\\\/la-situation-du-prescolaire-au-maroc-importance-diagnostic-et-concept-pedagogique\\\/#breadcrumb\",\"itemListElement\":[{\"@type\":\"ListItem\",\"position\":1,\"name\":\"Accueil\",\"item\":\"https:\\\/\\\/csefrs.lifemoz.com\\\/fr\\\/\"},{\"@type\":\"ListItem\",\"position\":2,\"name\":\"Publications\",\"item\":\"https:\\\/\\\/csefrs.lifemoz.com\\\/\u0627\u0644\u0645\u0646\u0634\u0648\u0631\u0627\u062a\\\/\"},{\"@type\":\"ListItem\",\"position\":3,\"name\":\"La situation du pr\u00e9scolaire au Maroc : importance, diagnostic et concept p\u00e9dagogique\"}]},{\"@type\":\"WebSite\",\"@id\":\"https:\\\/\\\/csefrs.lifemoz.com\\\/#website\",\"url\":\"https:\\\/\\\/csefrs.lifemoz.com\\\/\",\"name\":\"Conseil sup\u00e9rieur de l\u2019\u00e9ducation, de la formation et de la recherche scientifique\",\"description\":\"\",\"potentialAction\":[{\"@type\":\"SearchAction\",\"target\":{\"@type\":\"EntryPoint\",\"urlTemplate\":\"https:\\\/\\\/csefrs.lifemoz.com\\\/?s={search_term_string}\"},\"query-input\":{\"@type\":\"PropertyValueSpecification\",\"valueRequired\":true,\"valueName\":\"search_term_string\"}}],\"inLanguage\":\"fr-FR\"}]}<\/script>\n<!-- \/ Yoast SEO plugin. -->","yoast_head_json":{"title":"La situation du pr\u00e9scolaire au Maroc : importance, diagnostic et concept p\u00e9dagogique - Conseil sup\u00e9rieur de l\u2019\u00e9ducation, de la formation et de la recherche scientifique","robots":{"index":"noindex","follow":"follow","max-snippet":"max-snippet:-1","max-image-preview":"max-image-preview:large","max-video-preview":"max-video-preview:-1"},"og_locale":"fr_FR","og_type":"article","og_title":"La situation du pr\u00e9scolaire au Maroc : importance, diagnostic et concept p\u00e9dagogique - Conseil sup\u00e9rieur de l\u2019\u00e9ducation, de la formation et de la recherche scientifique","og_description":"Cette \u00e9tude est d\u00e9clin\u00e9e en deux volets : un volet diagnostic qui fait l\u2019\u00e9tat des lieux de l\u2019enseignement pr\u00e9scolaire au Maroc et un second volet qui refl\u00e8te l\u2019exp\u00e9rience d\u2019une \u00e9quipe d\u2019experts marocains qui ont \u0153uvr\u00e9 pour le d\u00e9veloppement d\u2019un mod\u00e8le marocain pour l\u2019enseignement pr\u00e9scolaire. &nbsp; T\u00e9l\u00e9charger l&rsquo;\u00e9tude","og_url":"https:\/\/csefrs.lifemoz.com\/fr\/publications\/la-situation-du-prescolaire-au-maroc-importance-diagnostic-et-concept-pedagogique\/","og_site_name":"Conseil sup\u00e9rieur de l\u2019\u00e9ducation, de la formation et de la recherche scientifique","article_modified_time":"2026-02-08T13:08:46+00:00","og_image":[{"width":679,"height":906,"url":"https:\/\/csefrs.lifemoz.com\/wp-content\/uploads\/2025\/12\/Etude-6-prescolaire-.png","type":"image\/png"}],"twitter_card":"summary_large_image","schema":{"@context":"https:\/\/schema.org","@graph":[{"@type":"WebPage","@id":"https:\/\/csefrs.lifemoz.com\/fr\/publications\/la-situation-du-prescolaire-au-maroc-importance-diagnostic-et-concept-pedagogique\/","url":"https:\/\/csefrs.lifemoz.com\/fr\/publications\/la-situation-du-prescolaire-au-maroc-importance-diagnostic-et-concept-pedagogique\/","name":"La situation du pr\u00e9scolaire au Maroc : importance, diagnostic et concept p\u00e9dagogique - Conseil sup\u00e9rieur de l\u2019\u00e9ducation, de la formation et de la recherche scientifique","isPartOf":{"@id":"https:\/\/csefrs.lifemoz.com\/#website"},"primaryImageOfPage":{"@id":"https:\/\/csefrs.lifemoz.com\/fr\/publications\/la-situation-du-prescolaire-au-maroc-importance-diagnostic-et-concept-pedagogique\/#primaryimage"},"image":{"@id":"https:\/\/csefrs.lifemoz.com\/fr\/publications\/la-situation-du-prescolaire-au-maroc-importance-diagnostic-et-concept-pedagogique\/#primaryimage"},"thumbnailUrl":"https:\/\/csefrs.lifemoz.com\/wp-content\/uploads\/2025\/12\/Etude-6-prescolaire-.png","datePublished":"2007-11-02T00:00:00+00:00","dateModified":"2026-02-08T13:08:46+00:00","breadcrumb":{"@id":"https:\/\/csefrs.lifemoz.com\/fr\/publications\/la-situation-du-prescolaire-au-maroc-importance-diagnostic-et-concept-pedagogique\/#breadcrumb"},"inLanguage":"fr-FR","potentialAction":[{"@type":"ReadAction","target":["https:\/\/csefrs.lifemoz.com\/fr\/publications\/la-situation-du-prescolaire-au-maroc-importance-diagnostic-et-concept-pedagogique\/"]}]},{"@type":"ImageObject","inLanguage":"fr-FR","@id":"https:\/\/csefrs.lifemoz.com\/fr\/publications\/la-situation-du-prescolaire-au-maroc-importance-diagnostic-et-concept-pedagogique\/#primaryimage","url":"https:\/\/csefrs.lifemoz.com\/wp-content\/uploads\/2025\/12\/Etude-6-prescolaire-.png","contentUrl":"https:\/\/csefrs.lifemoz.com\/wp-content\/uploads\/2025\/12\/Etude-6-prescolaire-.png","width":679,"height":906},{"@type":"BreadcrumbList","@id":"https:\/\/csefrs.lifemoz.com\/fr\/publications\/la-situation-du-prescolaire-au-maroc-importance-diagnostic-et-concept-pedagogique\/#breadcrumb","itemListElement":[{"@type":"ListItem","position":1,"name":"Accueil","item":"https:\/\/csefrs.lifemoz.com\/fr\/"},{"@type":"ListItem","position":2,"name":"Publications","item":"https:\/\/csefrs.lifemoz.com\/\u0627\u0644\u0645\u0646\u0634\u0648\u0631\u0627\u062a\/"},{"@type":"ListItem","position":3,"name":"La situation du pr\u00e9scolaire au Maroc : importance, diagnostic et concept p\u00e9dagogique"}]},{"@type":"WebSite","@id":"https:\/\/csefrs.lifemoz.com\/#website","url":"https:\/\/csefrs.lifemoz.com\/","name":"Conseil sup\u00e9rieur de l\u2019\u00e9ducation, de la formation et de la recherche scientifique","description":"","potentialAction":[{"@type":"SearchAction","target":{"@type":"EntryPoint","urlTemplate":"https:\/\/csefrs.lifemoz.com\/?s={search_term_string}"},"query-input":{"@type":"PropertyValueSpecification","valueRequired":true,"valueName":"search_term_string"}}],"inLanguage":"fr-FR"}]}},"_links":{"self":[{"href":"https:\/\/csefrs.lifemoz.com\/fr\/wp-json\/wp\/v2\/product\/37489","targetHints":{"allow":["GET"]}}],"collection":[{"href":"https:\/\/csefrs.lifemoz.com\/fr\/wp-json\/wp\/v2\/product"}],"about":[{"href":"https:\/\/csefrs.lifemoz.com\/fr\/wp-json\/wp\/v2\/types\/product"}],"wp:featuredmedia":[{"embeddable":true,"href":"https:\/\/csefrs.lifemoz.com\/fr\/wp-json\/wp\/v2\/media\/36366"}],"wp:attachment":[{"href":"https:\/\/csefrs.lifemoz.com\/fr\/wp-json\/wp\/v2\/media?parent=37489"}],"wp:term":[{"taxonomy":"product_brand","embeddable":true,"href":"https:\/\/csefrs.lifemoz.com\/fr\/wp-json\/wp\/v2\/product_brand?post=37489"},{"taxonomy":"product_cat","embeddable":true,"href":"https:\/\/csefrs.lifemoz.com\/fr\/wp-json\/wp\/v2\/product_cat?post=37489"},{"taxonomy":"product_tag","embeddable":true,"href":"https:\/\/csefrs.lifemoz.com\/fr\/wp-json\/wp\/v2\/product_tag?post=37489"}],"curies":[{"name":"wp","href":"https:\/\/api.w.org\/{rel}","templated":true}]}}