{"id":37485,"date":"2008-02-02T00:00:00","date_gmt":"2008-02-02T00:00:00","guid":{"rendered":"https:\/\/csefrs.lifemoz.com\/\u0627\u0644\u0645\u0646\u0634\u0648\u0631\u0627\u062a\/luniversite-marocaine-en-processus-dautonomisation\/"},"modified":"2026-02-08T14:08:45","modified_gmt":"2026-02-08T13:08:45","slug":"luniversite-marocaine-en-processus-dautonomisation","status":"publish","type":"product","link":"https:\/\/csefrs.lifemoz.com\/fr\/publications\/luniversite-marocaine-en-processus-dautonomisation\/","title":{"rendered":"L\u2019universit\u00e9 marocaine en processus d\u2019autonomisation"},"content":{"rendered":"<p style=\"text-align: justify;\">Cette \u00e9tude s\u2019est fix\u00e9e pour objectif d\u2019identifier l\u2019impact de la r\u00e9forme universitaire lanc\u00e9e en 2003, et en particulier de mesurer les progr\u00e8s r\u00e9alis\u00e9s dans le processus d\u2019autonomie des universit\u00e9s. L\u2019\u00e9tude a point\u00e9 les points forts et les lacunes dans ce processus et a conclu par des recommandations \u00e0 m\u00eame de renforcer la d\u00e9centralisation de mani\u00e8re plus volontariste et de d\u00e9velopper ses m\u00e9canismes dans le sens d\u2019une plus grande efficience.<\/p>\n<p>&nbsp;<br \/>\n<a class=\"download-button-intern-fr\" href=\"https:\/\/csefrs.lifemoz.com\/wp-content\/uploads\/2017\/10\/Etude-8-autonomisation.pdf\" target=\"_blank\" rel=\"noopener\">T\u00e9l\u00e9charger l&rsquo;\u00e9tude <\/a><\/p>\n","protected":false},"excerpt":{"rendered":"<p>Cette \u00e9tude s\u2019est fix\u00e9e pour objectif d\u2019identifier l\u2019impact de la r\u00e9forme universitaire lanc\u00e9e en 2003, et en particulier de mesurer les progr\u00e8s r\u00e9alis\u00e9s dans le processus d\u2019autonomie des universit\u00e9s. L\u2019\u00e9tude a point\u00e9 les points forts et les lacunes dans ce processus et a conclu par des recommandations \u00e0 m\u00eame de renforcer la d\u00e9centralisation de mani\u00e8re&hellip;<\/p>\n","protected":false},"featured_media":36386,"template":"","meta":[],"product_brand":[],"product_cat":[509],"product_tag":[],"class_list":{"0":"post-37485","1":"product","2":"type-product","3":"status-publish","4":"has-post-thumbnail","6":"product_cat-etudes-et-recherches","7":"description-off","9":"first","10":"instock","11":"downloadable","12":"virtual","13":"sold-individually","14":"purchasable","15":"product-type-simple"},"yoast_head":"<!-- This site is optimized with the Yoast SEO plugin v27.5 - https:\/\/yoast.com\/product\/yoast-seo-wordpress\/ -->\n<title>L\u2019universit\u00e9 marocaine en processus d\u2019autonomisation - Conseil sup\u00e9rieur de l\u2019\u00e9ducation, de la formation et de la recherche scientifique<\/title>\n<meta name=\"robots\" content=\"noindex, follow, max-snippet:-1, max-image-preview:large, max-video-preview:-1\" \/>\n<meta property=\"og:locale\" content=\"fr_FR\" \/>\n<meta property=\"og:type\" content=\"article\" \/>\n<meta property=\"og:title\" content=\"L\u2019universit\u00e9 marocaine en processus d\u2019autonomisation - Conseil sup\u00e9rieur de l\u2019\u00e9ducation, de la formation et de la recherche scientifique\" \/>\n<meta property=\"og:description\" content=\"Cette \u00e9tude s\u2019est fix\u00e9e pour objectif d\u2019identifier l\u2019impact de la r\u00e9forme universitaire lanc\u00e9e en 2003, et en particulier de mesurer les progr\u00e8s r\u00e9alis\u00e9s dans le processus d\u2019autonomie des universit\u00e9s. L\u2019\u00e9tude a point\u00e9 les points forts et les lacunes dans ce processus et a conclu par des recommandations \u00e0 m\u00eame de renforcer la d\u00e9centralisation de mani\u00e8re&hellip;\" \/>\n<meta property=\"og:url\" content=\"https:\/\/csefrs.lifemoz.com\/fr\/publications\/luniversite-marocaine-en-processus-dautonomisation\/\" \/>\n<meta property=\"og:site_name\" content=\"Conseil sup\u00e9rieur de l\u2019\u00e9ducation, de la formation et de la recherche scientifique\" \/>\n<meta property=\"article:modified_time\" content=\"2026-02-08T13:08:45+00:00\" \/>\n<meta property=\"og:image\" content=\"https:\/\/csefrs.lifemoz.com\/wp-content\/uploads\/2025\/12\/Etude-8-autonomisation.png\" \/>\n\t<meta property=\"og:image:width\" content=\"594\" \/>\n\t<meta property=\"og:image:height\" content=\"824\" \/>\n\t<meta property=\"og:image:type\" content=\"image\/png\" \/>\n<meta name=\"twitter:card\" content=\"summary_large_image\" \/>\n<script type=\"application\/ld+json\" class=\"yoast-schema-graph\">{\"@context\":\"https:\\\/\\\/schema.org\",\"@graph\":[{\"@type\":\"WebPage\",\"@id\":\"https:\\\/\\\/csefrs.lifemoz.com\\\/fr\\\/publications\\\/luniversite-marocaine-en-processus-dautonomisation\\\/\",\"url\":\"https:\\\/\\\/csefrs.lifemoz.com\\\/fr\\\/publications\\\/luniversite-marocaine-en-processus-dautonomisation\\\/\",\"name\":\"L\u2019universit\u00e9 marocaine en processus d\u2019autonomisation - Conseil sup\u00e9rieur de l\u2019\u00e9ducation, de la formation et de la recherche scientifique\",\"isPartOf\":{\"@id\":\"https:\\\/\\\/csefrs.lifemoz.com\\\/#website\"},\"primaryImageOfPage\":{\"@id\":\"https:\\\/\\\/csefrs.lifemoz.com\\\/fr\\\/publications\\\/luniversite-marocaine-en-processus-dautonomisation\\\/#primaryimage\"},\"image\":{\"@id\":\"https:\\\/\\\/csefrs.lifemoz.com\\\/fr\\\/publications\\\/luniversite-marocaine-en-processus-dautonomisation\\\/#primaryimage\"},\"thumbnailUrl\":\"https:\\\/\\\/csefrs.lifemoz.com\\\/wp-content\\\/uploads\\\/2025\\\/12\\\/Etude-8-autonomisation.png\",\"datePublished\":\"2008-02-02T00:00:00+00:00\",\"dateModified\":\"2026-02-08T13:08:45+00:00\",\"breadcrumb\":{\"@id\":\"https:\\\/\\\/csefrs.lifemoz.com\\\/fr\\\/publications\\\/luniversite-marocaine-en-processus-dautonomisation\\\/#breadcrumb\"},\"inLanguage\":\"fr-FR\",\"potentialAction\":[{\"@type\":\"ReadAction\",\"target\":[\"https:\\\/\\\/csefrs.lifemoz.com\\\/fr\\\/publications\\\/luniversite-marocaine-en-processus-dautonomisation\\\/\"]}]},{\"@type\":\"ImageObject\",\"inLanguage\":\"fr-FR\",\"@id\":\"https:\\\/\\\/csefrs.lifemoz.com\\\/fr\\\/publications\\\/luniversite-marocaine-en-processus-dautonomisation\\\/#primaryimage\",\"url\":\"https:\\\/\\\/csefrs.lifemoz.com\\\/wp-content\\\/uploads\\\/2025\\\/12\\\/Etude-8-autonomisation.png\",\"contentUrl\":\"https:\\\/\\\/csefrs.lifemoz.com\\\/wp-content\\\/uploads\\\/2025\\\/12\\\/Etude-8-autonomisation.png\",\"width\":594,\"height\":824},{\"@type\":\"BreadcrumbList\",\"@id\":\"https:\\\/\\\/csefrs.lifemoz.com\\\/fr\\\/publications\\\/luniversite-marocaine-en-processus-dautonomisation\\\/#breadcrumb\",\"itemListElement\":[{\"@type\":\"ListItem\",\"position\":1,\"name\":\"Accueil\",\"item\":\"https:\\\/\\\/csefrs.lifemoz.com\\\/fr\\\/\"},{\"@type\":\"ListItem\",\"position\":2,\"name\":\"Publications\",\"item\":\"https:\\\/\\\/csefrs.lifemoz.com\\\/\u0627\u0644\u0645\u0646\u0634\u0648\u0631\u0627\u062a\\\/\"},{\"@type\":\"ListItem\",\"position\":3,\"name\":\"L\u2019universit\u00e9 marocaine en processus d\u2019autonomisation\"}]},{\"@type\":\"WebSite\",\"@id\":\"https:\\\/\\\/csefrs.lifemoz.com\\\/#website\",\"url\":\"https:\\\/\\\/csefrs.lifemoz.com\\\/\",\"name\":\"Conseil sup\u00e9rieur de l\u2019\u00e9ducation, de la formation et de la recherche scientifique\",\"description\":\"\",\"potentialAction\":[{\"@type\":\"SearchAction\",\"target\":{\"@type\":\"EntryPoint\",\"urlTemplate\":\"https:\\\/\\\/csefrs.lifemoz.com\\\/?s={search_term_string}\"},\"query-input\":{\"@type\":\"PropertyValueSpecification\",\"valueRequired\":true,\"valueName\":\"search_term_string\"}}],\"inLanguage\":\"fr-FR\"}]}<\/script>\n<!-- \/ Yoast SEO plugin. -->","yoast_head_json":{"title":"L\u2019universit\u00e9 marocaine en processus d\u2019autonomisation - Conseil sup\u00e9rieur de l\u2019\u00e9ducation, de la formation et de la recherche scientifique","robots":{"index":"noindex","follow":"follow","max-snippet":"max-snippet:-1","max-image-preview":"max-image-preview:large","max-video-preview":"max-video-preview:-1"},"og_locale":"fr_FR","og_type":"article","og_title":"L\u2019universit\u00e9 marocaine en processus d\u2019autonomisation - Conseil sup\u00e9rieur de l\u2019\u00e9ducation, de la formation et de la recherche scientifique","og_description":"Cette \u00e9tude s\u2019est fix\u00e9e pour objectif d\u2019identifier l\u2019impact de la r\u00e9forme universitaire lanc\u00e9e en 2003, et en particulier de mesurer les progr\u00e8s r\u00e9alis\u00e9s dans le processus d\u2019autonomie des universit\u00e9s. L\u2019\u00e9tude a point\u00e9 les points forts et les lacunes dans ce processus et a conclu par des recommandations \u00e0 m\u00eame de renforcer la d\u00e9centralisation de mani\u00e8re&hellip;","og_url":"https:\/\/csefrs.lifemoz.com\/fr\/publications\/luniversite-marocaine-en-processus-dautonomisation\/","og_site_name":"Conseil sup\u00e9rieur de l\u2019\u00e9ducation, de la formation et de la recherche scientifique","article_modified_time":"2026-02-08T13:08:45+00:00","og_image":[{"width":594,"height":824,"url":"https:\/\/csefrs.lifemoz.com\/wp-content\/uploads\/2025\/12\/Etude-8-autonomisation.png","type":"image\/png"}],"twitter_card":"summary_large_image","schema":{"@context":"https:\/\/schema.org","@graph":[{"@type":"WebPage","@id":"https:\/\/csefrs.lifemoz.com\/fr\/publications\/luniversite-marocaine-en-processus-dautonomisation\/","url":"https:\/\/csefrs.lifemoz.com\/fr\/publications\/luniversite-marocaine-en-processus-dautonomisation\/","name":"L\u2019universit\u00e9 marocaine en processus d\u2019autonomisation - Conseil sup\u00e9rieur de l\u2019\u00e9ducation, de la formation et de la recherche scientifique","isPartOf":{"@id":"https:\/\/csefrs.lifemoz.com\/#website"},"primaryImageOfPage":{"@id":"https:\/\/csefrs.lifemoz.com\/fr\/publications\/luniversite-marocaine-en-processus-dautonomisation\/#primaryimage"},"image":{"@id":"https:\/\/csefrs.lifemoz.com\/fr\/publications\/luniversite-marocaine-en-processus-dautonomisation\/#primaryimage"},"thumbnailUrl":"https:\/\/csefrs.lifemoz.com\/wp-content\/uploads\/2025\/12\/Etude-8-autonomisation.png","datePublished":"2008-02-02T00:00:00+00:00","dateModified":"2026-02-08T13:08:45+00:00","breadcrumb":{"@id":"https:\/\/csefrs.lifemoz.com\/fr\/publications\/luniversite-marocaine-en-processus-dautonomisation\/#breadcrumb"},"inLanguage":"fr-FR","potentialAction":[{"@type":"ReadAction","target":["https:\/\/csefrs.lifemoz.com\/fr\/publications\/luniversite-marocaine-en-processus-dautonomisation\/"]}]},{"@type":"ImageObject","inLanguage":"fr-FR","@id":"https:\/\/csefrs.lifemoz.com\/fr\/publications\/luniversite-marocaine-en-processus-dautonomisation\/#primaryimage","url":"https:\/\/csefrs.lifemoz.com\/wp-content\/uploads\/2025\/12\/Etude-8-autonomisation.png","contentUrl":"https:\/\/csefrs.lifemoz.com\/wp-content\/uploads\/2025\/12\/Etude-8-autonomisation.png","width":594,"height":824},{"@type":"BreadcrumbList","@id":"https:\/\/csefrs.lifemoz.com\/fr\/publications\/luniversite-marocaine-en-processus-dautonomisation\/#breadcrumb","itemListElement":[{"@type":"ListItem","position":1,"name":"Accueil","item":"https:\/\/csefrs.lifemoz.com\/fr\/"},{"@type":"ListItem","position":2,"name":"Publications","item":"https:\/\/csefrs.lifemoz.com\/\u0627\u0644\u0645\u0646\u0634\u0648\u0631\u0627\u062a\/"},{"@type":"ListItem","position":3,"name":"L\u2019universit\u00e9 marocaine en processus d\u2019autonomisation"}]},{"@type":"WebSite","@id":"https:\/\/csefrs.lifemoz.com\/#website","url":"https:\/\/csefrs.lifemoz.com\/","name":"Conseil sup\u00e9rieur de l\u2019\u00e9ducation, de la formation et de la recherche scientifique","description":"","potentialAction":[{"@type":"SearchAction","target":{"@type":"EntryPoint","urlTemplate":"https:\/\/csefrs.lifemoz.com\/?s={search_term_string}"},"query-input":{"@type":"PropertyValueSpecification","valueRequired":true,"valueName":"search_term_string"}}],"inLanguage":"fr-FR"}]}},"_links":{"self":[{"href":"https:\/\/csefrs.lifemoz.com\/fr\/wp-json\/wp\/v2\/product\/37485","targetHints":{"allow":["GET"]}}],"collection":[{"href":"https:\/\/csefrs.lifemoz.com\/fr\/wp-json\/wp\/v2\/product"}],"about":[{"href":"https:\/\/csefrs.lifemoz.com\/fr\/wp-json\/wp\/v2\/types\/product"}],"wp:featuredmedia":[{"embeddable":true,"href":"https:\/\/csefrs.lifemoz.com\/fr\/wp-json\/wp\/v2\/media\/36386"}],"wp:attachment":[{"href":"https:\/\/csefrs.lifemoz.com\/fr\/wp-json\/wp\/v2\/media?parent=37485"}],"wp:term":[{"taxonomy":"product_brand","embeddable":true,"href":"https:\/\/csefrs.lifemoz.com\/fr\/wp-json\/wp\/v2\/product_brand?post=37485"},{"taxonomy":"product_cat","embeddable":true,"href":"https:\/\/csefrs.lifemoz.com\/fr\/wp-json\/wp\/v2\/product_cat?post=37485"},{"taxonomy":"product_tag","embeddable":true,"href":"https:\/\/csefrs.lifemoz.com\/fr\/wp-json\/wp\/v2\/product_tag?post=37485"}],"curies":[{"name":"wp","href":"https:\/\/api.w.org\/{rel}","templated":true}]}}