{"id":37481,"date":"2009-06-02T00:00:00","date_gmt":"2009-06-01T23:00:00","guid":{"rendered":"https:\/\/csefrs.lifemoz.com\/\u0627\u0644\u0645\u0646\u0634\u0648\u0631\u0627\u062a\/etat-des-lieux-du-metier-de-linspection-pedagogique-et-perspectives-de-developpement-sondage-dopinion\/"},"modified":"2026-02-08T14:08:42","modified_gmt":"2026-02-08T13:08:42","slug":"etat-des-lieux-du-metier-de-linspection-pedagogique-et-perspectives-de-developpement-sondage-dopinion","status":"publish","type":"product","link":"https:\/\/csefrs.lifemoz.com\/fr\/publications\/etat-des-lieux-du-metier-de-linspection-pedagogique-et-perspectives-de-developpement-sondage-dopinion\/","title":{"rendered":"Etat des lieux du m\u00e9tier de l\u2019inspection p\u00e9dagogique et perspectives de d\u00e9veloppement : Sondage d\u2019opinion"},"content":{"rendered":"<p style=\"text-align: justify;\">L\u2019objectif de cette enqu\u00eate \u00a0\u00bb Etat des lieux du m\u00e9tier de l\u2019inspection p\u00e9dagogique et perspectives de d\u00e9veloppement \u00ab\u00a0, r\u00e9alis\u00e9e dans le cadre de la pr\u00e9paration de l\u2019avis du Conseil relatif au \u00ab d\u00e9veloppement du m\u00e9tier et des missions de l\u2019inspection p\u00e9dagogique \u00bb, consiste \u00e0 sonder l\u2019avis des inspecteurs p\u00e9dagogiques sur leur m\u00e9tier et sur les conditions de l\u2019exercice et de l\u2019accomplissement de leurs missions. Cette enqu\u00eate a permis au Conseil de se constituer une id\u00e9e pr\u00e9cise et r\u00e9elle sur ce corps de m\u00e9tier, notamment en mati\u00e8re de conditions d\u2019acc\u00e8s, de formation, des pr\u00e9rogatives confi\u00e9es aux professionnels, ainsi qu\u2019en mati\u00e8re d\u2019\u00e9valuation de leurs attentes et de leurs propositions relatives au renouvellement de cette profession.<\/p>\n<p>&nbsp;<br \/>\n<a class=\"download-button-intern-fr\" href=\"https:\/\/csefrs.lifemoz.com\/wp-content\/uploads\/2009\/06\/Etude-11-sondage-inspection-fr.pdf\" target=\"_blank\" rel=\"noopener\">T\u00e9l\u00e9charger les r\u00e9sultats du sondage d&rsquo;opinion sur l&rsquo;\u00e9tat des lieux du m\u00e9tier de l\u2019inspection p\u00e9dagogique et perspectives de d\u00e9veloppement<\/a><\/p>\n","protected":false},"excerpt":{"rendered":"<p>L\u2019objectif de cette enqu\u00eate \u00a0\u00bb Etat des lieux du m\u00e9tier de l\u2019inspection p\u00e9dagogique et perspectives de d\u00e9veloppement \u00ab\u00a0, r\u00e9alis\u00e9e dans le cadre de la pr\u00e9paration de l\u2019avis du Conseil relatif au \u00ab d\u00e9veloppement du m\u00e9tier et des missions de l\u2019inspection p\u00e9dagogique \u00bb, consiste \u00e0 sonder l\u2019avis des inspecteurs p\u00e9dagogiques sur leur m\u00e9tier et sur les&hellip;<\/p>\n","protected":false},"featured_media":36358,"template":"","meta":[],"product_brand":[],"product_cat":[509],"product_tag":[],"class_list":{"0":"post-37481","1":"product","2":"type-product","3":"status-publish","4":"has-post-thumbnail","6":"product_cat-etudes-et-recherches","7":"description-off","9":"first","10":"instock","11":"downloadable","12":"virtual","13":"sold-individually","14":"purchasable","15":"product-type-simple"},"yoast_head":"<!-- This site is optimized with the Yoast SEO plugin v27.5 - https:\/\/yoast.com\/product\/yoast-seo-wordpress\/ -->\n<title>Etat des lieux du m\u00e9tier de l\u2019inspection p\u00e9dagogique et perspectives de d\u00e9veloppement : Sondage d\u2019opinion - Conseil sup\u00e9rieur de l\u2019\u00e9ducation, de la formation et de la recherche scientifique<\/title>\n<meta name=\"robots\" content=\"noindex, follow, max-snippet:-1, max-image-preview:large, max-video-preview:-1\" \/>\n<meta property=\"og:locale\" content=\"fr_FR\" \/>\n<meta property=\"og:type\" content=\"article\" \/>\n<meta property=\"og:title\" content=\"Etat des lieux du m\u00e9tier de l\u2019inspection p\u00e9dagogique et perspectives de d\u00e9veloppement : Sondage d\u2019opinion - Conseil sup\u00e9rieur de l\u2019\u00e9ducation, de la formation et de la recherche scientifique\" \/>\n<meta property=\"og:description\" content=\"L\u2019objectif de cette enqu\u00eate \u00a0\u00bb Etat des lieux du m\u00e9tier de l\u2019inspection p\u00e9dagogique et perspectives de d\u00e9veloppement \u00ab\u00a0, r\u00e9alis\u00e9e dans le cadre de la pr\u00e9paration de l\u2019avis du Conseil relatif au \u00ab d\u00e9veloppement du m\u00e9tier et des missions de l\u2019inspection p\u00e9dagogique \u00bb, consiste \u00e0 sonder l\u2019avis des inspecteurs p\u00e9dagogiques sur leur m\u00e9tier et sur les&hellip;\" \/>\n<meta property=\"og:url\" content=\"https:\/\/csefrs.lifemoz.com\/fr\/publications\/etat-des-lieux-du-metier-de-linspection-pedagogique-et-perspectives-de-developpement-sondage-dopinion\/\" \/>\n<meta property=\"og:site_name\" content=\"Conseil sup\u00e9rieur de l\u2019\u00e9ducation, de la formation et de la recherche scientifique\" \/>\n<meta property=\"article:modified_time\" content=\"2026-02-08T13:08:42+00:00\" \/>\n<meta property=\"og:image\" content=\"https:\/\/csefrs.lifemoz.com\/wp-content\/uploads\/2025\/12\/Etude-11-sondage-inspection-pdf.png\" \/>\n\t<meta property=\"og:image:width\" content=\"679\" \/>\n\t<meta property=\"og:image:height\" content=\"942\" \/>\n\t<meta property=\"og:image:type\" content=\"image\/png\" \/>\n<meta name=\"twitter:card\" content=\"summary_large_image\" \/>\n<meta name=\"twitter:label1\" content=\"Dur\u00e9e de lecture estim\u00e9e\" \/>\n\t<meta name=\"twitter:data1\" content=\"1 minute\" \/>\n<script type=\"application\/ld+json\" class=\"yoast-schema-graph\">{\"@context\":\"https:\\\/\\\/schema.org\",\"@graph\":[{\"@type\":\"WebPage\",\"@id\":\"https:\\\/\\\/csefrs.lifemoz.com\\\/fr\\\/publications\\\/etat-des-lieux-du-metier-de-linspection-pedagogique-et-perspectives-de-developpement-sondage-dopinion\\\/\",\"url\":\"https:\\\/\\\/csefrs.lifemoz.com\\\/fr\\\/publications\\\/etat-des-lieux-du-metier-de-linspection-pedagogique-et-perspectives-de-developpement-sondage-dopinion\\\/\",\"name\":\"Etat des lieux du m\u00e9tier de l\u2019inspection p\u00e9dagogique et perspectives de d\u00e9veloppement : Sondage d\u2019opinion - Conseil sup\u00e9rieur de l\u2019\u00e9ducation, de la formation et de la recherche scientifique\",\"isPartOf\":{\"@id\":\"https:\\\/\\\/csefrs.lifemoz.com\\\/#website\"},\"primaryImageOfPage\":{\"@id\":\"https:\\\/\\\/csefrs.lifemoz.com\\\/fr\\\/publications\\\/etat-des-lieux-du-metier-de-linspection-pedagogique-et-perspectives-de-developpement-sondage-dopinion\\\/#primaryimage\"},\"image\":{\"@id\":\"https:\\\/\\\/csefrs.lifemoz.com\\\/fr\\\/publications\\\/etat-des-lieux-du-metier-de-linspection-pedagogique-et-perspectives-de-developpement-sondage-dopinion\\\/#primaryimage\"},\"thumbnailUrl\":\"https:\\\/\\\/csefrs.lifemoz.com\\\/wp-content\\\/uploads\\\/2025\\\/12\\\/Etude-11-sondage-inspection-pdf.png\",\"datePublished\":\"2009-06-01T23:00:00+00:00\",\"dateModified\":\"2026-02-08T13:08:42+00:00\",\"breadcrumb\":{\"@id\":\"https:\\\/\\\/csefrs.lifemoz.com\\\/fr\\\/publications\\\/etat-des-lieux-du-metier-de-linspection-pedagogique-et-perspectives-de-developpement-sondage-dopinion\\\/#breadcrumb\"},\"inLanguage\":\"fr-FR\",\"potentialAction\":[{\"@type\":\"ReadAction\",\"target\":[\"https:\\\/\\\/csefrs.lifemoz.com\\\/fr\\\/publications\\\/etat-des-lieux-du-metier-de-linspection-pedagogique-et-perspectives-de-developpement-sondage-dopinion\\\/\"]}]},{\"@type\":\"ImageObject\",\"inLanguage\":\"fr-FR\",\"@id\":\"https:\\\/\\\/csefrs.lifemoz.com\\\/fr\\\/publications\\\/etat-des-lieux-du-metier-de-linspection-pedagogique-et-perspectives-de-developpement-sondage-dopinion\\\/#primaryimage\",\"url\":\"https:\\\/\\\/csefrs.lifemoz.com\\\/wp-content\\\/uploads\\\/2025\\\/12\\\/Etude-11-sondage-inspection-pdf.png\",\"contentUrl\":\"https:\\\/\\\/csefrs.lifemoz.com\\\/wp-content\\\/uploads\\\/2025\\\/12\\\/Etude-11-sondage-inspection-pdf.png\",\"width\":679,\"height\":942},{\"@type\":\"BreadcrumbList\",\"@id\":\"https:\\\/\\\/csefrs.lifemoz.com\\\/fr\\\/publications\\\/etat-des-lieux-du-metier-de-linspection-pedagogique-et-perspectives-de-developpement-sondage-dopinion\\\/#breadcrumb\",\"itemListElement\":[{\"@type\":\"ListItem\",\"position\":1,\"name\":\"Accueil\",\"item\":\"https:\\\/\\\/csefrs.lifemoz.com\\\/fr\\\/\"},{\"@type\":\"ListItem\",\"position\":2,\"name\":\"Publications\",\"item\":\"https:\\\/\\\/csefrs.lifemoz.com\\\/\u0627\u0644\u0645\u0646\u0634\u0648\u0631\u0627\u062a\\\/\"},{\"@type\":\"ListItem\",\"position\":3,\"name\":\"Etat des lieux du m\u00e9tier de l\u2019inspection p\u00e9dagogique et perspectives de d\u00e9veloppement : Sondage d\u2019opinion\"}]},{\"@type\":\"WebSite\",\"@id\":\"https:\\\/\\\/csefrs.lifemoz.com\\\/#website\",\"url\":\"https:\\\/\\\/csefrs.lifemoz.com\\\/\",\"name\":\"Conseil sup\u00e9rieur de l\u2019\u00e9ducation, de la formation et de la recherche scientifique\",\"description\":\"\",\"potentialAction\":[{\"@type\":\"SearchAction\",\"target\":{\"@type\":\"EntryPoint\",\"urlTemplate\":\"https:\\\/\\\/csefrs.lifemoz.com\\\/?s={search_term_string}\"},\"query-input\":{\"@type\":\"PropertyValueSpecification\",\"valueRequired\":true,\"valueName\":\"search_term_string\"}}],\"inLanguage\":\"fr-FR\"}]}<\/script>\n<!-- \/ Yoast SEO plugin. -->","yoast_head_json":{"title":"Etat des lieux du m\u00e9tier de l\u2019inspection p\u00e9dagogique et perspectives de d\u00e9veloppement : Sondage d\u2019opinion - Conseil sup\u00e9rieur de l\u2019\u00e9ducation, de la formation et de la recherche scientifique","robots":{"index":"noindex","follow":"follow","max-snippet":"max-snippet:-1","max-image-preview":"max-image-preview:large","max-video-preview":"max-video-preview:-1"},"og_locale":"fr_FR","og_type":"article","og_title":"Etat des lieux du m\u00e9tier de l\u2019inspection p\u00e9dagogique et perspectives de d\u00e9veloppement : Sondage d\u2019opinion - Conseil sup\u00e9rieur de l\u2019\u00e9ducation, de la formation et de la recherche scientifique","og_description":"L\u2019objectif de cette enqu\u00eate \u00a0\u00bb Etat des lieux du m\u00e9tier de l\u2019inspection p\u00e9dagogique et perspectives de d\u00e9veloppement \u00ab\u00a0, r\u00e9alis\u00e9e dans le cadre de la pr\u00e9paration de l\u2019avis du Conseil relatif au \u00ab d\u00e9veloppement du m\u00e9tier et des missions de l\u2019inspection p\u00e9dagogique \u00bb, consiste \u00e0 sonder l\u2019avis des inspecteurs p\u00e9dagogiques sur leur m\u00e9tier et sur les&hellip;","og_url":"https:\/\/csefrs.lifemoz.com\/fr\/publications\/etat-des-lieux-du-metier-de-linspection-pedagogique-et-perspectives-de-developpement-sondage-dopinion\/","og_site_name":"Conseil sup\u00e9rieur de l\u2019\u00e9ducation, de la formation et de la recherche scientifique","article_modified_time":"2026-02-08T13:08:42+00:00","og_image":[{"width":679,"height":942,"url":"https:\/\/csefrs.lifemoz.com\/wp-content\/uploads\/2025\/12\/Etude-11-sondage-inspection-pdf.png","type":"image\/png"}],"twitter_card":"summary_large_image","twitter_misc":{"Dur\u00e9e de lecture estim\u00e9e":"1 minute"},"schema":{"@context":"https:\/\/schema.org","@graph":[{"@type":"WebPage","@id":"https:\/\/csefrs.lifemoz.com\/fr\/publications\/etat-des-lieux-du-metier-de-linspection-pedagogique-et-perspectives-de-developpement-sondage-dopinion\/","url":"https:\/\/csefrs.lifemoz.com\/fr\/publications\/etat-des-lieux-du-metier-de-linspection-pedagogique-et-perspectives-de-developpement-sondage-dopinion\/","name":"Etat des lieux du m\u00e9tier de l\u2019inspection p\u00e9dagogique et perspectives de d\u00e9veloppement : Sondage d\u2019opinion - Conseil sup\u00e9rieur de l\u2019\u00e9ducation, de la formation et de la recherche scientifique","isPartOf":{"@id":"https:\/\/csefrs.lifemoz.com\/#website"},"primaryImageOfPage":{"@id":"https:\/\/csefrs.lifemoz.com\/fr\/publications\/etat-des-lieux-du-metier-de-linspection-pedagogique-et-perspectives-de-developpement-sondage-dopinion\/#primaryimage"},"image":{"@id":"https:\/\/csefrs.lifemoz.com\/fr\/publications\/etat-des-lieux-du-metier-de-linspection-pedagogique-et-perspectives-de-developpement-sondage-dopinion\/#primaryimage"},"thumbnailUrl":"https:\/\/csefrs.lifemoz.com\/wp-content\/uploads\/2025\/12\/Etude-11-sondage-inspection-pdf.png","datePublished":"2009-06-01T23:00:00+00:00","dateModified":"2026-02-08T13:08:42+00:00","breadcrumb":{"@id":"https:\/\/csefrs.lifemoz.com\/fr\/publications\/etat-des-lieux-du-metier-de-linspection-pedagogique-et-perspectives-de-developpement-sondage-dopinion\/#breadcrumb"},"inLanguage":"fr-FR","potentialAction":[{"@type":"ReadAction","target":["https:\/\/csefrs.lifemoz.com\/fr\/publications\/etat-des-lieux-du-metier-de-linspection-pedagogique-et-perspectives-de-developpement-sondage-dopinion\/"]}]},{"@type":"ImageObject","inLanguage":"fr-FR","@id":"https:\/\/csefrs.lifemoz.com\/fr\/publications\/etat-des-lieux-du-metier-de-linspection-pedagogique-et-perspectives-de-developpement-sondage-dopinion\/#primaryimage","url":"https:\/\/csefrs.lifemoz.com\/wp-content\/uploads\/2025\/12\/Etude-11-sondage-inspection-pdf.png","contentUrl":"https:\/\/csefrs.lifemoz.com\/wp-content\/uploads\/2025\/12\/Etude-11-sondage-inspection-pdf.png","width":679,"height":942},{"@type":"BreadcrumbList","@id":"https:\/\/csefrs.lifemoz.com\/fr\/publications\/etat-des-lieux-du-metier-de-linspection-pedagogique-et-perspectives-de-developpement-sondage-dopinion\/#breadcrumb","itemListElement":[{"@type":"ListItem","position":1,"name":"Accueil","item":"https:\/\/csefrs.lifemoz.com\/fr\/"},{"@type":"ListItem","position":2,"name":"Publications","item":"https:\/\/csefrs.lifemoz.com\/\u0627\u0644\u0645\u0646\u0634\u0648\u0631\u0627\u062a\/"},{"@type":"ListItem","position":3,"name":"Etat des lieux du m\u00e9tier de l\u2019inspection p\u00e9dagogique et perspectives de d\u00e9veloppement : Sondage d\u2019opinion"}]},{"@type":"WebSite","@id":"https:\/\/csefrs.lifemoz.com\/#website","url":"https:\/\/csefrs.lifemoz.com\/","name":"Conseil sup\u00e9rieur de l\u2019\u00e9ducation, de la formation et de la recherche scientifique","description":"","potentialAction":[{"@type":"SearchAction","target":{"@type":"EntryPoint","urlTemplate":"https:\/\/csefrs.lifemoz.com\/?s={search_term_string}"},"query-input":{"@type":"PropertyValueSpecification","valueRequired":true,"valueName":"search_term_string"}}],"inLanguage":"fr-FR"}]}},"_links":{"self":[{"href":"https:\/\/csefrs.lifemoz.com\/fr\/wp-json\/wp\/v2\/product\/37481","targetHints":{"allow":["GET"]}}],"collection":[{"href":"https:\/\/csefrs.lifemoz.com\/fr\/wp-json\/wp\/v2\/product"}],"about":[{"href":"https:\/\/csefrs.lifemoz.com\/fr\/wp-json\/wp\/v2\/types\/product"}],"wp:featuredmedia":[{"embeddable":true,"href":"https:\/\/csefrs.lifemoz.com\/fr\/wp-json\/wp\/v2\/media\/36358"}],"wp:attachment":[{"href":"https:\/\/csefrs.lifemoz.com\/fr\/wp-json\/wp\/v2\/media?parent=37481"}],"wp:term":[{"taxonomy":"product_brand","embeddable":true,"href":"https:\/\/csefrs.lifemoz.com\/fr\/wp-json\/wp\/v2\/product_brand?post=37481"},{"taxonomy":"product_cat","embeddable":true,"href":"https:\/\/csefrs.lifemoz.com\/fr\/wp-json\/wp\/v2\/product_cat?post=37481"},{"taxonomy":"product_tag","embeddable":true,"href":"https:\/\/csefrs.lifemoz.com\/fr\/wp-json\/wp\/v2\/product_tag?post=37481"}],"curies":[{"name":"wp","href":"https:\/\/api.w.org\/{rel}","templated":true}]}}