{"id":37479,"date":"2009-06-02T00:00:00","date_gmt":"2009-06-01T23:00:00","guid":{"rendered":"https:\/\/csefrs.lifemoz.com\/\u0627\u0644\u0645\u0646\u0634\u0648\u0631\u0627\u062a\/le-metier-de-linspection-pedagogique-rapport-de-lassociation-marocaine-des-inspecteurs-de-lenseignement-secondaire\/"},"modified":"2026-02-08T14:08:42","modified_gmt":"2026-02-08T13:08:42","slug":"le-metier-de-linspection-pedagogique-rapport-de-lassociation-marocaine-des-inspecteurs-de-lenseignement-secondaire","status":"publish","type":"product","link":"https:\/\/csefrs.lifemoz.com\/fr\/publications\/le-metier-de-linspection-pedagogique-rapport-de-lassociation-marocaine-des-inspecteurs-de-lenseignement-secondaire\/","title":{"rendered":"Le m\u00e9tier de l\u2019inspection p\u00e9dagogique : rapport de l\u2019association marocaine des inspecteurs de l\u2019enseignement secondaire"},"content":{"rendered":"<p style=\"text-align: justify;\">Ce rapport, r\u00e9alis\u00e9 dans le cadre de la pr\u00e9paration de l\u2019avis du Conseil sur le m\u00e9tier de l\u2019inspection p\u00e9dagogique , vise \u00e0 souligner le r\u00f4le strat\u00e9gique de ce corps de m\u00e9tier, \u00e0 travers le passage en revue des \u00e9tapes historiques par laquelle il est pass\u00e9, et au regard des exp\u00e9riences accumul\u00e9es sur le terrain, ainsi que lors de rencontres p\u00e9dagogiques nationales et r\u00e9gionales. L\u2019approche s\u2019est \u00e9galement bas\u00e9e sur un diagnostic r\u00e9aliste de l\u2019action des inspecteurs p\u00e9dagogiques, les orientations de la Charte nationale d\u2019\u00e9ducation et de formation, ainsi que sur la vision syst\u00e9mique de l\u2019inspection p\u00e9dagogique.<\/p>\n<p>&nbsp;<br \/>\n<a class=\"download-button-intern-fr\" href=\"https:\/\/csefrs.lifemoz.com\/wp-content\/uploads\/2017\/10\/Etude-tendances-internat-l-inspec-pedagique.pdf\" target=\"_blank\" rel=\"noopener\">T\u00e9l\u00e9charger l&rsquo;\u00e9tude \u00ab\u00a0La profession d&rsquo;insp\u00e9cteur p\u00e9dagogique: tendances internationales\u00a0\u00bb<\/a><\/p>\n","protected":false},"excerpt":{"rendered":"<p>Ce rapport, r\u00e9alis\u00e9 dans le cadre de la pr\u00e9paration de l\u2019avis du Conseil sur le m\u00e9tier de l\u2019inspection p\u00e9dagogique , vise \u00e0 souligner le r\u00f4le strat\u00e9gique de ce corps de m\u00e9tier, \u00e0 travers le passage en revue des \u00e9tapes historiques par laquelle il est pass\u00e9, et au regard des exp\u00e9riences accumul\u00e9es sur le terrain, ainsi&hellip;<\/p>\n","protected":false},"featured_media":36356,"template":"","meta":[],"product_brand":[],"product_cat":[509],"product_tag":[],"class_list":{"0":"post-37479","1":"product","2":"type-product","3":"status-publish","4":"has-post-thumbnail","6":"product_cat-etudes-et-recherches","7":"description-off","9":"first","10":"instock","11":"downloadable","12":"virtual","13":"sold-individually","14":"purchasable","15":"product-type-simple"},"yoast_head":"<!-- This site is optimized with the Yoast SEO plugin v27.5 - https:\/\/yoast.com\/product\/yoast-seo-wordpress\/ -->\n<title>Le m\u00e9tier de l\u2019inspection p\u00e9dagogique : rapport de l\u2019association marocaine des inspecteurs de l\u2019enseignement secondaire - Conseil sup\u00e9rieur de l\u2019\u00e9ducation, de la formation et de la recherche scientifique<\/title>\n<meta name=\"robots\" content=\"noindex, follow, max-snippet:-1, max-image-preview:large, max-video-preview:-1\" \/>\n<meta property=\"og:locale\" content=\"fr_FR\" \/>\n<meta property=\"og:type\" content=\"article\" \/>\n<meta property=\"og:title\" content=\"Le m\u00e9tier de l\u2019inspection p\u00e9dagogique : rapport de l\u2019association marocaine des inspecteurs de l\u2019enseignement secondaire - Conseil sup\u00e9rieur de l\u2019\u00e9ducation, de la formation et de la recherche scientifique\" \/>\n<meta property=\"og:description\" content=\"Ce rapport, r\u00e9alis\u00e9 dans le cadre de la pr\u00e9paration de l\u2019avis du Conseil sur le m\u00e9tier de l\u2019inspection p\u00e9dagogique , vise \u00e0 souligner le r\u00f4le strat\u00e9gique de ce corps de m\u00e9tier, \u00e0 travers le passage en revue des \u00e9tapes historiques par laquelle il est pass\u00e9, et au regard des exp\u00e9riences accumul\u00e9es sur le terrain, ainsi&hellip;\" \/>\n<meta property=\"og:url\" content=\"https:\/\/csefrs.lifemoz.com\/fr\/publications\/le-metier-de-linspection-pedagogique-rapport-de-lassociation-marocaine-des-inspecteurs-de-lenseignement-secondaire\/\" \/>\n<meta property=\"og:site_name\" content=\"Conseil sup\u00e9rieur de l\u2019\u00e9ducation, de la formation et de la recherche scientifique\" \/>\n<meta property=\"article:modified_time\" content=\"2026-02-08T13:08:42+00:00\" \/>\n<meta property=\"og:image\" content=\"https:\/\/csefrs.lifemoz.com\/wp-content\/uploads\/2025\/12\/Etude-tendances-internat-l-inspec-pedagique.png\" \/>\n\t<meta property=\"og:image:width\" content=\"594\" \/>\n\t<meta property=\"og:image:height\" content=\"824\" \/>\n\t<meta property=\"og:image:type\" content=\"image\/png\" \/>\n<meta name=\"twitter:card\" content=\"summary_large_image\" \/>\n<meta name=\"twitter:label1\" content=\"Dur\u00e9e de lecture estim\u00e9e\" \/>\n\t<meta name=\"twitter:data1\" content=\"1 minute\" \/>\n<script type=\"application\/ld+json\" class=\"yoast-schema-graph\">{\"@context\":\"https:\\\/\\\/schema.org\",\"@graph\":[{\"@type\":\"WebPage\",\"@id\":\"https:\\\/\\\/csefrs.lifemoz.com\\\/fr\\\/publications\\\/le-metier-de-linspection-pedagogique-rapport-de-lassociation-marocaine-des-inspecteurs-de-lenseignement-secondaire\\\/\",\"url\":\"https:\\\/\\\/csefrs.lifemoz.com\\\/fr\\\/publications\\\/le-metier-de-linspection-pedagogique-rapport-de-lassociation-marocaine-des-inspecteurs-de-lenseignement-secondaire\\\/\",\"name\":\"Le m\u00e9tier de l\u2019inspection p\u00e9dagogique : rapport de l\u2019association marocaine des inspecteurs de l\u2019enseignement secondaire - Conseil sup\u00e9rieur de l\u2019\u00e9ducation, de la formation et de la recherche scientifique\",\"isPartOf\":{\"@id\":\"https:\\\/\\\/csefrs.lifemoz.com\\\/#website\"},\"primaryImageOfPage\":{\"@id\":\"https:\\\/\\\/csefrs.lifemoz.com\\\/fr\\\/publications\\\/le-metier-de-linspection-pedagogique-rapport-de-lassociation-marocaine-des-inspecteurs-de-lenseignement-secondaire\\\/#primaryimage\"},\"image\":{\"@id\":\"https:\\\/\\\/csefrs.lifemoz.com\\\/fr\\\/publications\\\/le-metier-de-linspection-pedagogique-rapport-de-lassociation-marocaine-des-inspecteurs-de-lenseignement-secondaire\\\/#primaryimage\"},\"thumbnailUrl\":\"https:\\\/\\\/csefrs.lifemoz.com\\\/wp-content\\\/uploads\\\/2025\\\/12\\\/Etude-tendances-internat-l-inspec-pedagique.png\",\"datePublished\":\"2009-06-01T23:00:00+00:00\",\"dateModified\":\"2026-02-08T13:08:42+00:00\",\"breadcrumb\":{\"@id\":\"https:\\\/\\\/csefrs.lifemoz.com\\\/fr\\\/publications\\\/le-metier-de-linspection-pedagogique-rapport-de-lassociation-marocaine-des-inspecteurs-de-lenseignement-secondaire\\\/#breadcrumb\"},\"inLanguage\":\"fr-FR\",\"potentialAction\":[{\"@type\":\"ReadAction\",\"target\":[\"https:\\\/\\\/csefrs.lifemoz.com\\\/fr\\\/publications\\\/le-metier-de-linspection-pedagogique-rapport-de-lassociation-marocaine-des-inspecteurs-de-lenseignement-secondaire\\\/\"]}]},{\"@type\":\"ImageObject\",\"inLanguage\":\"fr-FR\",\"@id\":\"https:\\\/\\\/csefrs.lifemoz.com\\\/fr\\\/publications\\\/le-metier-de-linspection-pedagogique-rapport-de-lassociation-marocaine-des-inspecteurs-de-lenseignement-secondaire\\\/#primaryimage\",\"url\":\"https:\\\/\\\/csefrs.lifemoz.com\\\/wp-content\\\/uploads\\\/2025\\\/12\\\/Etude-tendances-internat-l-inspec-pedagique.png\",\"contentUrl\":\"https:\\\/\\\/csefrs.lifemoz.com\\\/wp-content\\\/uploads\\\/2025\\\/12\\\/Etude-tendances-internat-l-inspec-pedagique.png\",\"width\":594,\"height\":824},{\"@type\":\"BreadcrumbList\",\"@id\":\"https:\\\/\\\/csefrs.lifemoz.com\\\/fr\\\/publications\\\/le-metier-de-linspection-pedagogique-rapport-de-lassociation-marocaine-des-inspecteurs-de-lenseignement-secondaire\\\/#breadcrumb\",\"itemListElement\":[{\"@type\":\"ListItem\",\"position\":1,\"name\":\"Accueil\",\"item\":\"https:\\\/\\\/csefrs.lifemoz.com\\\/fr\\\/\"},{\"@type\":\"ListItem\",\"position\":2,\"name\":\"Publications\",\"item\":\"https:\\\/\\\/csefrs.lifemoz.com\\\/\u0627\u0644\u0645\u0646\u0634\u0648\u0631\u0627\u062a\\\/\"},{\"@type\":\"ListItem\",\"position\":3,\"name\":\"Le m\u00e9tier de l\u2019inspection p\u00e9dagogique : rapport de l\u2019association marocaine des inspecteurs de l\u2019enseignement secondaire\"}]},{\"@type\":\"WebSite\",\"@id\":\"https:\\\/\\\/csefrs.lifemoz.com\\\/#website\",\"url\":\"https:\\\/\\\/csefrs.lifemoz.com\\\/\",\"name\":\"Conseil sup\u00e9rieur de l\u2019\u00e9ducation, de la formation et de la recherche scientifique\",\"description\":\"\",\"potentialAction\":[{\"@type\":\"SearchAction\",\"target\":{\"@type\":\"EntryPoint\",\"urlTemplate\":\"https:\\\/\\\/csefrs.lifemoz.com\\\/?s={search_term_string}\"},\"query-input\":{\"@type\":\"PropertyValueSpecification\",\"valueRequired\":true,\"valueName\":\"search_term_string\"}}],\"inLanguage\":\"fr-FR\"}]}<\/script>\n<!-- \/ Yoast SEO plugin. -->","yoast_head_json":{"title":"Le m\u00e9tier de l\u2019inspection p\u00e9dagogique : rapport de l\u2019association marocaine des inspecteurs de l\u2019enseignement secondaire - Conseil sup\u00e9rieur de l\u2019\u00e9ducation, de la formation et de la recherche scientifique","robots":{"index":"noindex","follow":"follow","max-snippet":"max-snippet:-1","max-image-preview":"max-image-preview:large","max-video-preview":"max-video-preview:-1"},"og_locale":"fr_FR","og_type":"article","og_title":"Le m\u00e9tier de l\u2019inspection p\u00e9dagogique : rapport de l\u2019association marocaine des inspecteurs de l\u2019enseignement secondaire - Conseil sup\u00e9rieur de l\u2019\u00e9ducation, de la formation et de la recherche scientifique","og_description":"Ce rapport, r\u00e9alis\u00e9 dans le cadre de la pr\u00e9paration de l\u2019avis du Conseil sur le m\u00e9tier de l\u2019inspection p\u00e9dagogique , vise \u00e0 souligner le r\u00f4le strat\u00e9gique de ce corps de m\u00e9tier, \u00e0 travers le passage en revue des \u00e9tapes historiques par laquelle il est pass\u00e9, et au regard des exp\u00e9riences accumul\u00e9es sur le terrain, ainsi&hellip;","og_url":"https:\/\/csefrs.lifemoz.com\/fr\/publications\/le-metier-de-linspection-pedagogique-rapport-de-lassociation-marocaine-des-inspecteurs-de-lenseignement-secondaire\/","og_site_name":"Conseil sup\u00e9rieur de l\u2019\u00e9ducation, de la formation et de la recherche scientifique","article_modified_time":"2026-02-08T13:08:42+00:00","og_image":[{"width":594,"height":824,"url":"https:\/\/csefrs.lifemoz.com\/wp-content\/uploads\/2025\/12\/Etude-tendances-internat-l-inspec-pedagique.png","type":"image\/png"}],"twitter_card":"summary_large_image","twitter_misc":{"Dur\u00e9e de lecture estim\u00e9e":"1 minute"},"schema":{"@context":"https:\/\/schema.org","@graph":[{"@type":"WebPage","@id":"https:\/\/csefrs.lifemoz.com\/fr\/publications\/le-metier-de-linspection-pedagogique-rapport-de-lassociation-marocaine-des-inspecteurs-de-lenseignement-secondaire\/","url":"https:\/\/csefrs.lifemoz.com\/fr\/publications\/le-metier-de-linspection-pedagogique-rapport-de-lassociation-marocaine-des-inspecteurs-de-lenseignement-secondaire\/","name":"Le m\u00e9tier de l\u2019inspection p\u00e9dagogique : rapport de l\u2019association marocaine des inspecteurs de l\u2019enseignement secondaire - Conseil sup\u00e9rieur de l\u2019\u00e9ducation, de la formation et de la recherche scientifique","isPartOf":{"@id":"https:\/\/csefrs.lifemoz.com\/#website"},"primaryImageOfPage":{"@id":"https:\/\/csefrs.lifemoz.com\/fr\/publications\/le-metier-de-linspection-pedagogique-rapport-de-lassociation-marocaine-des-inspecteurs-de-lenseignement-secondaire\/#primaryimage"},"image":{"@id":"https:\/\/csefrs.lifemoz.com\/fr\/publications\/le-metier-de-linspection-pedagogique-rapport-de-lassociation-marocaine-des-inspecteurs-de-lenseignement-secondaire\/#primaryimage"},"thumbnailUrl":"https:\/\/csefrs.lifemoz.com\/wp-content\/uploads\/2025\/12\/Etude-tendances-internat-l-inspec-pedagique.png","datePublished":"2009-06-01T23:00:00+00:00","dateModified":"2026-02-08T13:08:42+00:00","breadcrumb":{"@id":"https:\/\/csefrs.lifemoz.com\/fr\/publications\/le-metier-de-linspection-pedagogique-rapport-de-lassociation-marocaine-des-inspecteurs-de-lenseignement-secondaire\/#breadcrumb"},"inLanguage":"fr-FR","potentialAction":[{"@type":"ReadAction","target":["https:\/\/csefrs.lifemoz.com\/fr\/publications\/le-metier-de-linspection-pedagogique-rapport-de-lassociation-marocaine-des-inspecteurs-de-lenseignement-secondaire\/"]}]},{"@type":"ImageObject","inLanguage":"fr-FR","@id":"https:\/\/csefrs.lifemoz.com\/fr\/publications\/le-metier-de-linspection-pedagogique-rapport-de-lassociation-marocaine-des-inspecteurs-de-lenseignement-secondaire\/#primaryimage","url":"https:\/\/csefrs.lifemoz.com\/wp-content\/uploads\/2025\/12\/Etude-tendances-internat-l-inspec-pedagique.png","contentUrl":"https:\/\/csefrs.lifemoz.com\/wp-content\/uploads\/2025\/12\/Etude-tendances-internat-l-inspec-pedagique.png","width":594,"height":824},{"@type":"BreadcrumbList","@id":"https:\/\/csefrs.lifemoz.com\/fr\/publications\/le-metier-de-linspection-pedagogique-rapport-de-lassociation-marocaine-des-inspecteurs-de-lenseignement-secondaire\/#breadcrumb","itemListElement":[{"@type":"ListItem","position":1,"name":"Accueil","item":"https:\/\/csefrs.lifemoz.com\/fr\/"},{"@type":"ListItem","position":2,"name":"Publications","item":"https:\/\/csefrs.lifemoz.com\/\u0627\u0644\u0645\u0646\u0634\u0648\u0631\u0627\u062a\/"},{"@type":"ListItem","position":3,"name":"Le m\u00e9tier de l\u2019inspection p\u00e9dagogique : rapport de l\u2019association marocaine des inspecteurs de l\u2019enseignement secondaire"}]},{"@type":"WebSite","@id":"https:\/\/csefrs.lifemoz.com\/#website","url":"https:\/\/csefrs.lifemoz.com\/","name":"Conseil sup\u00e9rieur de l\u2019\u00e9ducation, de la formation et de la recherche scientifique","description":"","potentialAction":[{"@type":"SearchAction","target":{"@type":"EntryPoint","urlTemplate":"https:\/\/csefrs.lifemoz.com\/?s={search_term_string}"},"query-input":{"@type":"PropertyValueSpecification","valueRequired":true,"valueName":"search_term_string"}}],"inLanguage":"fr-FR"}]}},"_links":{"self":[{"href":"https:\/\/csefrs.lifemoz.com\/fr\/wp-json\/wp\/v2\/product\/37479","targetHints":{"allow":["GET"]}}],"collection":[{"href":"https:\/\/csefrs.lifemoz.com\/fr\/wp-json\/wp\/v2\/product"}],"about":[{"href":"https:\/\/csefrs.lifemoz.com\/fr\/wp-json\/wp\/v2\/types\/product"}],"wp:featuredmedia":[{"embeddable":true,"href":"https:\/\/csefrs.lifemoz.com\/fr\/wp-json\/wp\/v2\/media\/36356"}],"wp:attachment":[{"href":"https:\/\/csefrs.lifemoz.com\/fr\/wp-json\/wp\/v2\/media?parent=37479"}],"wp:term":[{"taxonomy":"product_brand","embeddable":true,"href":"https:\/\/csefrs.lifemoz.com\/fr\/wp-json\/wp\/v2\/product_brand?post=37479"},{"taxonomy":"product_cat","embeddable":true,"href":"https:\/\/csefrs.lifemoz.com\/fr\/wp-json\/wp\/v2\/product_cat?post=37479"},{"taxonomy":"product_tag","embeddable":true,"href":"https:\/\/csefrs.lifemoz.com\/fr\/wp-json\/wp\/v2\/product_tag?post=37479"}],"curies":[{"name":"wp","href":"https:\/\/api.w.org\/{rel}","templated":true}]}}