{"id":37477,"date":"2009-09-02T00:00:00","date_gmt":"2009-09-02T00:00:00","guid":{"rendered":"https:\/\/csefrs.lifemoz.com\/\u0627\u0644\u0645\u0646\u0634\u0648\u0631\u0627\u062a\/etude-prospective-sur-letat-de-leducation-non-formelle-et-des-programmes-dalphabetisation\/"},"modified":"2026-02-08T14:08:41","modified_gmt":"2026-02-08T13:08:41","slug":"etude-prospective-sur-letat-de-leducation-non-formelle-et-des-programmes-dalphabetisation","status":"publish","type":"product","link":"https:\/\/csefrs.lifemoz.com\/fr\/publications\/etude-prospective-sur-letat-de-leducation-non-formelle-et-des-programmes-dalphabetisation\/","title":{"rendered":"Etude prospective sur l\u2019\u00e9tat de l\u2019\u00e9ducation non formelle et des programmes d\u2019alphab\u00e9tisation"},"content":{"rendered":"<p style=\"text-align: justify;\">Cette \u00e9tude prospective sur l\u2019\u00e9tat de l\u2019\u00e9ducation non formelle et des programmes d\u2019alphab\u00e9tisation, a permis d\u2019identifier et d\u2019analyser les principales composantes du syst\u00e8me de l\u2019\u00e9ducation non formelle et de la lutte contre l\u2019analphab\u00e9tisme, en explicitant les principales probl\u00e9matiques, puis en proposant des pistes pour d\u00e9velopper ces programmes, notamment sous l\u2019angle de la gouvernance du syst\u00e8me, de l\u2019acc\u00e9l\u00e9ration dans la mise en \u0153uvre, de l\u2019am\u00e9lioration de la qualit\u00e9 de l\u2019encadrement, du financement et la coh\u00e9rence entre les diff\u00e9rentes initiatives.<\/p>\n<p>&nbsp;<br \/>\n<a class=\"download-button-intern-fr\" href=\"https:\/\/csefrs.lifemoz.com\/wp-content\/uploads\/2017\/10\/Etude-13-Pistes-redynamisation-Alpha-et-ENF.pdf\" target=\"_blank\" rel=\"noopener\">T\u00e9l\u00e9charger l&rsquo;\u00e9tude prospective sur l\u2019\u00e9tat de l\u2019\u00e9ducation non formelle et des programmes d\u2019alphab\u00e9tisation<\/a><\/p>\n","protected":false},"excerpt":{"rendered":"<p>Cette \u00e9tude prospective sur l\u2019\u00e9tat de l\u2019\u00e9ducation non formelle et des programmes d\u2019alphab\u00e9tisation, a permis d\u2019identifier et d\u2019analyser les principales composantes du syst\u00e8me de l\u2019\u00e9ducation non formelle et de la lutte contre l\u2019analphab\u00e9tisme, en explicitant les principales probl\u00e9matiques, puis en proposant des pistes pour d\u00e9velopper ces programmes, notamment sous l\u2019angle de la gouvernance du syst\u00e8me,&hellip;<\/p>\n","protected":false},"featured_media":37114,"template":"","meta":[],"product_brand":[],"product_cat":[509],"product_tag":[],"class_list":{"0":"post-37477","1":"product","2":"type-product","3":"status-publish","4":"has-post-thumbnail","6":"product_cat-etudes-et-recherches","7":"description-off","9":"first","10":"instock","11":"downloadable","12":"virtual","13":"sold-individually","14":"purchasable","15":"product-type-simple"},"yoast_head":"<!-- This site is optimized with the Yoast SEO plugin v27.5 - https:\/\/yoast.com\/product\/yoast-seo-wordpress\/ -->\n<title>Etude prospective sur l\u2019\u00e9tat de l\u2019\u00e9ducation non formelle et des programmes d\u2019alphab\u00e9tisation - Conseil sup\u00e9rieur de l\u2019\u00e9ducation, de la formation et de la recherche scientifique<\/title>\n<meta name=\"robots\" content=\"noindex, follow, max-snippet:-1, max-image-preview:large, max-video-preview:-1\" \/>\n<meta property=\"og:locale\" content=\"fr_FR\" \/>\n<meta property=\"og:type\" content=\"article\" \/>\n<meta property=\"og:title\" content=\"Etude prospective sur l\u2019\u00e9tat de l\u2019\u00e9ducation non formelle et des programmes d\u2019alphab\u00e9tisation - Conseil sup\u00e9rieur de l\u2019\u00e9ducation, de la formation et de la recherche scientifique\" \/>\n<meta property=\"og:description\" content=\"Cette \u00e9tude prospective sur l\u2019\u00e9tat de l\u2019\u00e9ducation non formelle et des programmes d\u2019alphab\u00e9tisation, a permis d\u2019identifier et d\u2019analyser les principales composantes du syst\u00e8me de l\u2019\u00e9ducation non formelle et de la lutte contre l\u2019analphab\u00e9tisme, en explicitant les principales probl\u00e9matiques, puis en proposant des pistes pour d\u00e9velopper ces programmes, notamment sous l\u2019angle de la gouvernance du syst\u00e8me,&hellip;\" \/>\n<meta property=\"og:url\" content=\"https:\/\/csefrs.lifemoz.com\/fr\/publications\/etude-prospective-sur-letat-de-leducation-non-formelle-et-des-programmes-dalphabetisation\/\" \/>\n<meta property=\"og:site_name\" content=\"Conseil sup\u00e9rieur de l\u2019\u00e9ducation, de la formation et de la recherche scientifique\" \/>\n<meta property=\"article:modified_time\" content=\"2026-02-08T13:08:41+00:00\" \/>\n<meta property=\"og:image\" content=\"https:\/\/csefrs.lifemoz.com\/wp-content\/uploads\/2025\/12\/analphabfr.jpg\" \/>\n\t<meta property=\"og:image:width\" content=\"724\" \/>\n\t<meta property=\"og:image:height\" content=\"1024\" \/>\n\t<meta property=\"og:image:type\" content=\"image\/jpeg\" \/>\n<meta name=\"twitter:card\" content=\"summary_large_image\" \/>\n<meta name=\"twitter:label1\" content=\"Dur\u00e9e de lecture estim\u00e9e\" \/>\n\t<meta name=\"twitter:data1\" content=\"1 minute\" \/>\n<script type=\"application\/ld+json\" class=\"yoast-schema-graph\">{\"@context\":\"https:\\\/\\\/schema.org\",\"@graph\":[{\"@type\":\"WebPage\",\"@id\":\"https:\\\/\\\/csefrs.lifemoz.com\\\/fr\\\/publications\\\/etude-prospective-sur-letat-de-leducation-non-formelle-et-des-programmes-dalphabetisation\\\/\",\"url\":\"https:\\\/\\\/csefrs.lifemoz.com\\\/fr\\\/publications\\\/etude-prospective-sur-letat-de-leducation-non-formelle-et-des-programmes-dalphabetisation\\\/\",\"name\":\"Etude prospective sur l\u2019\u00e9tat de l\u2019\u00e9ducation non formelle et des programmes d\u2019alphab\u00e9tisation - Conseil sup\u00e9rieur de l\u2019\u00e9ducation, de la formation et de la recherche scientifique\",\"isPartOf\":{\"@id\":\"https:\\\/\\\/csefrs.lifemoz.com\\\/#website\"},\"primaryImageOfPage\":{\"@id\":\"https:\\\/\\\/csefrs.lifemoz.com\\\/fr\\\/publications\\\/etude-prospective-sur-letat-de-leducation-non-formelle-et-des-programmes-dalphabetisation\\\/#primaryimage\"},\"image\":{\"@id\":\"https:\\\/\\\/csefrs.lifemoz.com\\\/fr\\\/publications\\\/etude-prospective-sur-letat-de-leducation-non-formelle-et-des-programmes-dalphabetisation\\\/#primaryimage\"},\"thumbnailUrl\":\"https:\\\/\\\/csefrs.lifemoz.com\\\/wp-content\\\/uploads\\\/2025\\\/12\\\/analphabfr.jpg\",\"datePublished\":\"2009-09-02T00:00:00+00:00\",\"dateModified\":\"2026-02-08T13:08:41+00:00\",\"breadcrumb\":{\"@id\":\"https:\\\/\\\/csefrs.lifemoz.com\\\/fr\\\/publications\\\/etude-prospective-sur-letat-de-leducation-non-formelle-et-des-programmes-dalphabetisation\\\/#breadcrumb\"},\"inLanguage\":\"fr-FR\",\"potentialAction\":[{\"@type\":\"ReadAction\",\"target\":[\"https:\\\/\\\/csefrs.lifemoz.com\\\/fr\\\/publications\\\/etude-prospective-sur-letat-de-leducation-non-formelle-et-des-programmes-dalphabetisation\\\/\"]}]},{\"@type\":\"ImageObject\",\"inLanguage\":\"fr-FR\",\"@id\":\"https:\\\/\\\/csefrs.lifemoz.com\\\/fr\\\/publications\\\/etude-prospective-sur-letat-de-leducation-non-formelle-et-des-programmes-dalphabetisation\\\/#primaryimage\",\"url\":\"https:\\\/\\\/csefrs.lifemoz.com\\\/wp-content\\\/uploads\\\/2025\\\/12\\\/analphabfr.jpg\",\"contentUrl\":\"https:\\\/\\\/csefrs.lifemoz.com\\\/wp-content\\\/uploads\\\/2025\\\/12\\\/analphabfr.jpg\",\"width\":724,\"height\":1024},{\"@type\":\"BreadcrumbList\",\"@id\":\"https:\\\/\\\/csefrs.lifemoz.com\\\/fr\\\/publications\\\/etude-prospective-sur-letat-de-leducation-non-formelle-et-des-programmes-dalphabetisation\\\/#breadcrumb\",\"itemListElement\":[{\"@type\":\"ListItem\",\"position\":1,\"name\":\"Accueil\",\"item\":\"https:\\\/\\\/csefrs.lifemoz.com\\\/fr\\\/\"},{\"@type\":\"ListItem\",\"position\":2,\"name\":\"Publications\",\"item\":\"https:\\\/\\\/csefrs.lifemoz.com\\\/\u0627\u0644\u0645\u0646\u0634\u0648\u0631\u0627\u062a\\\/\"},{\"@type\":\"ListItem\",\"position\":3,\"name\":\"Etude prospective sur l\u2019\u00e9tat de l\u2019\u00e9ducation non formelle et des programmes d\u2019alphab\u00e9tisation\"}]},{\"@type\":\"WebSite\",\"@id\":\"https:\\\/\\\/csefrs.lifemoz.com\\\/#website\",\"url\":\"https:\\\/\\\/csefrs.lifemoz.com\\\/\",\"name\":\"Conseil sup\u00e9rieur de l\u2019\u00e9ducation, de la formation et de la recherche scientifique\",\"description\":\"\",\"potentialAction\":[{\"@type\":\"SearchAction\",\"target\":{\"@type\":\"EntryPoint\",\"urlTemplate\":\"https:\\\/\\\/csefrs.lifemoz.com\\\/?s={search_term_string}\"},\"query-input\":{\"@type\":\"PropertyValueSpecification\",\"valueRequired\":true,\"valueName\":\"search_term_string\"}}],\"inLanguage\":\"fr-FR\"}]}<\/script>\n<!-- \/ Yoast SEO plugin. -->","yoast_head_json":{"title":"Etude prospective sur l\u2019\u00e9tat de l\u2019\u00e9ducation non formelle et des programmes d\u2019alphab\u00e9tisation - Conseil sup\u00e9rieur de l\u2019\u00e9ducation, de la formation et de la recherche scientifique","robots":{"index":"noindex","follow":"follow","max-snippet":"max-snippet:-1","max-image-preview":"max-image-preview:large","max-video-preview":"max-video-preview:-1"},"og_locale":"fr_FR","og_type":"article","og_title":"Etude prospective sur l\u2019\u00e9tat de l\u2019\u00e9ducation non formelle et des programmes d\u2019alphab\u00e9tisation - Conseil sup\u00e9rieur de l\u2019\u00e9ducation, de la formation et de la recherche scientifique","og_description":"Cette \u00e9tude prospective sur l\u2019\u00e9tat de l\u2019\u00e9ducation non formelle et des programmes d\u2019alphab\u00e9tisation, a permis d\u2019identifier et d\u2019analyser les principales composantes du syst\u00e8me de l\u2019\u00e9ducation non formelle et de la lutte contre l\u2019analphab\u00e9tisme, en explicitant les principales probl\u00e9matiques, puis en proposant des pistes pour d\u00e9velopper ces programmes, notamment sous l\u2019angle de la gouvernance du syst\u00e8me,&hellip;","og_url":"https:\/\/csefrs.lifemoz.com\/fr\/publications\/etude-prospective-sur-letat-de-leducation-non-formelle-et-des-programmes-dalphabetisation\/","og_site_name":"Conseil sup\u00e9rieur de l\u2019\u00e9ducation, de la formation et de la recherche scientifique","article_modified_time":"2026-02-08T13:08:41+00:00","og_image":[{"width":724,"height":1024,"url":"https:\/\/csefrs.lifemoz.com\/wp-content\/uploads\/2025\/12\/analphabfr.jpg","type":"image\/jpeg"}],"twitter_card":"summary_large_image","twitter_misc":{"Dur\u00e9e de lecture estim\u00e9e":"1 minute"},"schema":{"@context":"https:\/\/schema.org","@graph":[{"@type":"WebPage","@id":"https:\/\/csefrs.lifemoz.com\/fr\/publications\/etude-prospective-sur-letat-de-leducation-non-formelle-et-des-programmes-dalphabetisation\/","url":"https:\/\/csefrs.lifemoz.com\/fr\/publications\/etude-prospective-sur-letat-de-leducation-non-formelle-et-des-programmes-dalphabetisation\/","name":"Etude prospective sur l\u2019\u00e9tat de l\u2019\u00e9ducation non formelle et des programmes d\u2019alphab\u00e9tisation - Conseil sup\u00e9rieur de l\u2019\u00e9ducation, de la formation et de la recherche scientifique","isPartOf":{"@id":"https:\/\/csefrs.lifemoz.com\/#website"},"primaryImageOfPage":{"@id":"https:\/\/csefrs.lifemoz.com\/fr\/publications\/etude-prospective-sur-letat-de-leducation-non-formelle-et-des-programmes-dalphabetisation\/#primaryimage"},"image":{"@id":"https:\/\/csefrs.lifemoz.com\/fr\/publications\/etude-prospective-sur-letat-de-leducation-non-formelle-et-des-programmes-dalphabetisation\/#primaryimage"},"thumbnailUrl":"https:\/\/csefrs.lifemoz.com\/wp-content\/uploads\/2025\/12\/analphabfr.jpg","datePublished":"2009-09-02T00:00:00+00:00","dateModified":"2026-02-08T13:08:41+00:00","breadcrumb":{"@id":"https:\/\/csefrs.lifemoz.com\/fr\/publications\/etude-prospective-sur-letat-de-leducation-non-formelle-et-des-programmes-dalphabetisation\/#breadcrumb"},"inLanguage":"fr-FR","potentialAction":[{"@type":"ReadAction","target":["https:\/\/csefrs.lifemoz.com\/fr\/publications\/etude-prospective-sur-letat-de-leducation-non-formelle-et-des-programmes-dalphabetisation\/"]}]},{"@type":"ImageObject","inLanguage":"fr-FR","@id":"https:\/\/csefrs.lifemoz.com\/fr\/publications\/etude-prospective-sur-letat-de-leducation-non-formelle-et-des-programmes-dalphabetisation\/#primaryimage","url":"https:\/\/csefrs.lifemoz.com\/wp-content\/uploads\/2025\/12\/analphabfr.jpg","contentUrl":"https:\/\/csefrs.lifemoz.com\/wp-content\/uploads\/2025\/12\/analphabfr.jpg","width":724,"height":1024},{"@type":"BreadcrumbList","@id":"https:\/\/csefrs.lifemoz.com\/fr\/publications\/etude-prospective-sur-letat-de-leducation-non-formelle-et-des-programmes-dalphabetisation\/#breadcrumb","itemListElement":[{"@type":"ListItem","position":1,"name":"Accueil","item":"https:\/\/csefrs.lifemoz.com\/fr\/"},{"@type":"ListItem","position":2,"name":"Publications","item":"https:\/\/csefrs.lifemoz.com\/\u0627\u0644\u0645\u0646\u0634\u0648\u0631\u0627\u062a\/"},{"@type":"ListItem","position":3,"name":"Etude prospective sur l\u2019\u00e9tat de l\u2019\u00e9ducation non formelle et des programmes d\u2019alphab\u00e9tisation"}]},{"@type":"WebSite","@id":"https:\/\/csefrs.lifemoz.com\/#website","url":"https:\/\/csefrs.lifemoz.com\/","name":"Conseil sup\u00e9rieur de l\u2019\u00e9ducation, de la formation et de la recherche scientifique","description":"","potentialAction":[{"@type":"SearchAction","target":{"@type":"EntryPoint","urlTemplate":"https:\/\/csefrs.lifemoz.com\/?s={search_term_string}"},"query-input":{"@type":"PropertyValueSpecification","valueRequired":true,"valueName":"search_term_string"}}],"inLanguage":"fr-FR"}]}},"_links":{"self":[{"href":"https:\/\/csefrs.lifemoz.com\/fr\/wp-json\/wp\/v2\/product\/37477","targetHints":{"allow":["GET"]}}],"collection":[{"href":"https:\/\/csefrs.lifemoz.com\/fr\/wp-json\/wp\/v2\/product"}],"about":[{"href":"https:\/\/csefrs.lifemoz.com\/fr\/wp-json\/wp\/v2\/types\/product"}],"wp:featuredmedia":[{"embeddable":true,"href":"https:\/\/csefrs.lifemoz.com\/fr\/wp-json\/wp\/v2\/media\/37114"}],"wp:attachment":[{"href":"https:\/\/csefrs.lifemoz.com\/fr\/wp-json\/wp\/v2\/media?parent=37477"}],"wp:term":[{"taxonomy":"product_brand","embeddable":true,"href":"https:\/\/csefrs.lifemoz.com\/fr\/wp-json\/wp\/v2\/product_brand?post=37477"},{"taxonomy":"product_cat","embeddable":true,"href":"https:\/\/csefrs.lifemoz.com\/fr\/wp-json\/wp\/v2\/product_cat?post=37477"},{"taxonomy":"product_tag","embeddable":true,"href":"https:\/\/csefrs.lifemoz.com\/fr\/wp-json\/wp\/v2\/product_tag?post=37477"}],"curies":[{"name":"wp","href":"https:\/\/api.w.org\/{rel}","templated":true}]}}