{"id":37475,"date":"2017-02-02T00:00:00","date_gmt":"2017-02-02T00:00:00","guid":{"rendered":"https:\/\/csefrs.lifemoz.com\/\u0627\u0644\u0645\u0646\u0634\u0648\u0631\u0627\u062a\/rapport-n2-2017-sur-leducation-non-formelle\/"},"modified":"2026-02-08T14:08:36","modified_gmt":"2026-02-08T13:08:36","slug":"rapport-n2-2017-sur-leducation-non-formelle","status":"publish","type":"product","link":"https:\/\/csefrs.lifemoz.com\/fr\/publications\/rapport-n2-2017-sur-leducation-non-formelle\/","title":{"rendered":"Rapport n\u00b02\/2017 sur l\u2019\u00e9ducation non formelle"},"content":{"rendered":"<p style=\"text-align: justify;\">L\u2019objectif de ce rapport \u00e9labor\u00e9 suite \u00e0 une auto-saisine, est de proposer des solutions \u00e0 m\u00eame de permettre la r\u00e9int\u00e9gration des cat\u00e9gories cibl\u00e9es par les programmes d\u2019\u00e9ducation non formelle dans le giron de l\u2019\u00e9cole formelle, selon un calendrier appropri\u00e9. Il vise \u00e9galement \u00e0 garantir une \u00e9ducation formelle accessible \u00e0 tous les enfants marocains et ce faisant, \u00e0 mettre fin, pass\u00e9s les d\u00e9lais prescrits, \u00e0 l\u2019existence de ces programmes qui t\u00e9moignent de l\u2019\u00e9chec du syst\u00e8me \u00e9ducatif \u00e0 g\u00e9n\u00e9raliser l\u2019enseignement.<\/p>\n<p><a class=\"download-button-intern-fr\" href=\"https:\/\/csefrs.lifemoz.com\/wp-content\/uploads\/2017\/02\/Rapport-Education-non-Formelle-version-Arabe.pdf\" target=\"_blank\" rel=\"noopener\">T\u00e9l\u00e9charger le rapport sur l&rsquo;\u00e9ducation non formelle (disponible en arabe)<\/a><br \/>\n<a class=\"download-button-intern-fr\" href=\"https:\/\/csefrs.lifemoz.com\/wp-content\/uploads\/2017\/02\/Re--sume---ENF-Ar-1.pdf\" target=\"_blank\" rel=\"noopener\">T\u00e9l\u00e9charger le r\u00e9sum\u00e9 du rapport (Arabe)<\/a><br \/>\n<a class=\"download-button-intern-fr\" href=\"https:\/\/csefrs.lifemoz.com\/wp-content\/uploads\/2017\/02\/re--sume---ENF-tifinagh.pdf\" target=\"_blank\" rel=\"noopener\">T\u00e9l\u00e9charger le r\u00e9sum\u00e9 du rapport (Amazigh)<\/a><br \/>\n<a class=\"download-button-intern-fr\" href=\"https:\/\/csefrs.lifemoz.com\/wp-content\/uploads\/2017\/02\/Re--sume---ENF-FR.pdf\" target=\"_blank\" rel=\"noopener\">T\u00e9l\u00e9charger le r\u00e9sum\u00e9 du rapport (Fran\u00e7ais)<\/a><br \/>\n<a class=\"download-button-intern-fr\" href=\"https:\/\/csefrs.lifemoz.com\/wp-content\/uploads\/2017\/02\/Re--sume---ENF-ANG.pdf\" target=\"_blank\" rel=\"noopener\">T\u00e9l\u00e9charger le r\u00e9sum\u00e9 du rapport (Anglais)<\/a><br \/>\n<a class=\"download-button-intern-fr\" href=\"https:\/\/csefrs.lifemoz.com\/wp-content\/uploads\/2017\/02\/Re--sume---ENF-ESP.pdf\" target=\"_blank\" rel=\"noopener\">T\u00e9l\u00e9charger le r\u00e9sum\u00e9 du rapport (Espagnol)<\/a><\/p>\n","protected":false},"excerpt":{"rendered":"<p>L\u2019objectif de ce rapport \u00e9labor\u00e9 suite \u00e0 une auto-saisine, est de proposer des solutions \u00e0 m\u00eame de permettre la r\u00e9int\u00e9gration des cat\u00e9gories cibl\u00e9es par les programmes d\u2019\u00e9ducation non formelle dans le giron de l\u2019\u00e9cole formelle, selon un calendrier appropri\u00e9. Il vise \u00e9galement \u00e0 garantir une \u00e9ducation formelle accessible \u00e0 tous les enfants marocains et ce&hellip;<\/p>\n","protected":false},"featured_media":37113,"template":"","meta":[],"product_brand":[],"product_cat":[505],"product_tag":[],"class_list":{"0":"post-37475","1":"product","2":"type-product","3":"status-publish","4":"has-post-thumbnail","6":"product_cat-rapports","7":"description-off","9":"first","10":"instock","11":"downloadable","12":"virtual","13":"sold-individually","14":"purchasable","15":"product-type-simple"},"yoast_head":"<!-- This site is optimized with the Yoast SEO plugin v27.5 - https:\/\/yoast.com\/product\/yoast-seo-wordpress\/ -->\n<title>Rapport n\u00b02\/2017 sur l\u2019\u00e9ducation non formelle - Conseil sup\u00e9rieur de l\u2019\u00e9ducation, de la formation et de la recherche scientifique<\/title>\n<meta name=\"robots\" content=\"noindex, follow, max-snippet:-1, max-image-preview:large, max-video-preview:-1\" \/>\n<meta property=\"og:locale\" content=\"fr_FR\" \/>\n<meta property=\"og:type\" content=\"article\" \/>\n<meta property=\"og:title\" content=\"Rapport n\u00b02\/2017 sur l\u2019\u00e9ducation non formelle - Conseil sup\u00e9rieur de l\u2019\u00e9ducation, de la formation et de la recherche scientifique\" \/>\n<meta property=\"og:description\" content=\"L\u2019objectif de ce rapport \u00e9labor\u00e9 suite \u00e0 une auto-saisine, est de proposer des solutions \u00e0 m\u00eame de permettre la r\u00e9int\u00e9gration des cat\u00e9gories cibl\u00e9es par les programmes d\u2019\u00e9ducation non formelle dans le giron de l\u2019\u00e9cole formelle, selon un calendrier appropri\u00e9. Il vise \u00e9galement \u00e0 garantir une \u00e9ducation formelle accessible \u00e0 tous les enfants marocains et ce&hellip;\" \/>\n<meta property=\"og:url\" content=\"https:\/\/csefrs.lifemoz.com\/fr\/publications\/rapport-n2-2017-sur-leducation-non-formelle\/\" \/>\n<meta property=\"og:site_name\" content=\"Conseil sup\u00e9rieur de l\u2019\u00e9ducation, de la formation et de la recherche scientifique\" \/>\n<meta property=\"article:modified_time\" content=\"2026-02-08T13:08:36+00:00\" \/>\n<meta property=\"og:image\" content=\"https:\/\/csefrs.lifemoz.com\/wp-content\/uploads\/2025\/12\/Re-sume-ENF-FR-1.jpg\" \/>\n\t<meta property=\"og:image:width\" content=\"722\" \/>\n\t<meta property=\"og:image:height\" content=\"1024\" \/>\n\t<meta property=\"og:image:type\" content=\"image\/jpeg\" \/>\n<meta name=\"twitter:card\" content=\"summary_large_image\" \/>\n<meta name=\"twitter:label1\" content=\"Dur\u00e9e de lecture estim\u00e9e\" \/>\n\t<meta name=\"twitter:data1\" content=\"1 minute\" \/>\n<script type=\"application\/ld+json\" class=\"yoast-schema-graph\">{\"@context\":\"https:\\\/\\\/schema.org\",\"@graph\":[{\"@type\":\"WebPage\",\"@id\":\"https:\\\/\\\/csefrs.lifemoz.com\\\/fr\\\/publications\\\/rapport-n2-2017-sur-leducation-non-formelle\\\/\",\"url\":\"https:\\\/\\\/csefrs.lifemoz.com\\\/fr\\\/publications\\\/rapport-n2-2017-sur-leducation-non-formelle\\\/\",\"name\":\"Rapport n\u00b02\\\/2017 sur l\u2019\u00e9ducation non formelle - Conseil sup\u00e9rieur de l\u2019\u00e9ducation, de la formation et de la recherche scientifique\",\"isPartOf\":{\"@id\":\"https:\\\/\\\/csefrs.lifemoz.com\\\/#website\"},\"primaryImageOfPage\":{\"@id\":\"https:\\\/\\\/csefrs.lifemoz.com\\\/fr\\\/publications\\\/rapport-n2-2017-sur-leducation-non-formelle\\\/#primaryimage\"},\"image\":{\"@id\":\"https:\\\/\\\/csefrs.lifemoz.com\\\/fr\\\/publications\\\/rapport-n2-2017-sur-leducation-non-formelle\\\/#primaryimage\"},\"thumbnailUrl\":\"https:\\\/\\\/csefrs.lifemoz.com\\\/wp-content\\\/uploads\\\/2025\\\/12\\\/Re-sume-ENF-FR-1.jpg\",\"datePublished\":\"2017-02-02T00:00:00+00:00\",\"dateModified\":\"2026-02-08T13:08:36+00:00\",\"breadcrumb\":{\"@id\":\"https:\\\/\\\/csefrs.lifemoz.com\\\/fr\\\/publications\\\/rapport-n2-2017-sur-leducation-non-formelle\\\/#breadcrumb\"},\"inLanguage\":\"fr-FR\",\"potentialAction\":[{\"@type\":\"ReadAction\",\"target\":[\"https:\\\/\\\/csefrs.lifemoz.com\\\/fr\\\/publications\\\/rapport-n2-2017-sur-leducation-non-formelle\\\/\"]}]},{\"@type\":\"ImageObject\",\"inLanguage\":\"fr-FR\",\"@id\":\"https:\\\/\\\/csefrs.lifemoz.com\\\/fr\\\/publications\\\/rapport-n2-2017-sur-leducation-non-formelle\\\/#primaryimage\",\"url\":\"https:\\\/\\\/csefrs.lifemoz.com\\\/wp-content\\\/uploads\\\/2025\\\/12\\\/Re-sume-ENF-FR-1.jpg\",\"contentUrl\":\"https:\\\/\\\/csefrs.lifemoz.com\\\/wp-content\\\/uploads\\\/2025\\\/12\\\/Re-sume-ENF-FR-1.jpg\",\"width\":722,\"height\":1024},{\"@type\":\"BreadcrumbList\",\"@id\":\"https:\\\/\\\/csefrs.lifemoz.com\\\/fr\\\/publications\\\/rapport-n2-2017-sur-leducation-non-formelle\\\/#breadcrumb\",\"itemListElement\":[{\"@type\":\"ListItem\",\"position\":1,\"name\":\"Accueil\",\"item\":\"https:\\\/\\\/csefrs.lifemoz.com\\\/fr\\\/\"},{\"@type\":\"ListItem\",\"position\":2,\"name\":\"Publications\",\"item\":\"https:\\\/\\\/csefrs.lifemoz.com\\\/\u0627\u0644\u0645\u0646\u0634\u0648\u0631\u0627\u062a\\\/\"},{\"@type\":\"ListItem\",\"position\":3,\"name\":\"Rapport n\u00b02\\\/2017 sur l\u2019\u00e9ducation non formelle\"}]},{\"@type\":\"WebSite\",\"@id\":\"https:\\\/\\\/csefrs.lifemoz.com\\\/#website\",\"url\":\"https:\\\/\\\/csefrs.lifemoz.com\\\/\",\"name\":\"Conseil sup\u00e9rieur de l\u2019\u00e9ducation, de la formation et de la recherche scientifique\",\"description\":\"\",\"potentialAction\":[{\"@type\":\"SearchAction\",\"target\":{\"@type\":\"EntryPoint\",\"urlTemplate\":\"https:\\\/\\\/csefrs.lifemoz.com\\\/?s={search_term_string}\"},\"query-input\":{\"@type\":\"PropertyValueSpecification\",\"valueRequired\":true,\"valueName\":\"search_term_string\"}}],\"inLanguage\":\"fr-FR\"}]}<\/script>\n<!-- \/ Yoast SEO plugin. -->","yoast_head_json":{"title":"Rapport n\u00b02\/2017 sur l\u2019\u00e9ducation non formelle - Conseil sup\u00e9rieur de l\u2019\u00e9ducation, de la formation et de la recherche scientifique","robots":{"index":"noindex","follow":"follow","max-snippet":"max-snippet:-1","max-image-preview":"max-image-preview:large","max-video-preview":"max-video-preview:-1"},"og_locale":"fr_FR","og_type":"article","og_title":"Rapport n\u00b02\/2017 sur l\u2019\u00e9ducation non formelle - Conseil sup\u00e9rieur de l\u2019\u00e9ducation, de la formation et de la recherche scientifique","og_description":"L\u2019objectif de ce rapport \u00e9labor\u00e9 suite \u00e0 une auto-saisine, est de proposer des solutions \u00e0 m\u00eame de permettre la r\u00e9int\u00e9gration des cat\u00e9gories cibl\u00e9es par les programmes d\u2019\u00e9ducation non formelle dans le giron de l\u2019\u00e9cole formelle, selon un calendrier appropri\u00e9. Il vise \u00e9galement \u00e0 garantir une \u00e9ducation formelle accessible \u00e0 tous les enfants marocains et ce&hellip;","og_url":"https:\/\/csefrs.lifemoz.com\/fr\/publications\/rapport-n2-2017-sur-leducation-non-formelle\/","og_site_name":"Conseil sup\u00e9rieur de l\u2019\u00e9ducation, de la formation et de la recherche scientifique","article_modified_time":"2026-02-08T13:08:36+00:00","og_image":[{"width":722,"height":1024,"url":"https:\/\/csefrs.lifemoz.com\/wp-content\/uploads\/2025\/12\/Re-sume-ENF-FR-1.jpg","type":"image\/jpeg"}],"twitter_card":"summary_large_image","twitter_misc":{"Dur\u00e9e de lecture estim\u00e9e":"1 minute"},"schema":{"@context":"https:\/\/schema.org","@graph":[{"@type":"WebPage","@id":"https:\/\/csefrs.lifemoz.com\/fr\/publications\/rapport-n2-2017-sur-leducation-non-formelle\/","url":"https:\/\/csefrs.lifemoz.com\/fr\/publications\/rapport-n2-2017-sur-leducation-non-formelle\/","name":"Rapport n\u00b02\/2017 sur l\u2019\u00e9ducation non formelle - Conseil sup\u00e9rieur de l\u2019\u00e9ducation, de la formation et de la recherche scientifique","isPartOf":{"@id":"https:\/\/csefrs.lifemoz.com\/#website"},"primaryImageOfPage":{"@id":"https:\/\/csefrs.lifemoz.com\/fr\/publications\/rapport-n2-2017-sur-leducation-non-formelle\/#primaryimage"},"image":{"@id":"https:\/\/csefrs.lifemoz.com\/fr\/publications\/rapport-n2-2017-sur-leducation-non-formelle\/#primaryimage"},"thumbnailUrl":"https:\/\/csefrs.lifemoz.com\/wp-content\/uploads\/2025\/12\/Re-sume-ENF-FR-1.jpg","datePublished":"2017-02-02T00:00:00+00:00","dateModified":"2026-02-08T13:08:36+00:00","breadcrumb":{"@id":"https:\/\/csefrs.lifemoz.com\/fr\/publications\/rapport-n2-2017-sur-leducation-non-formelle\/#breadcrumb"},"inLanguage":"fr-FR","potentialAction":[{"@type":"ReadAction","target":["https:\/\/csefrs.lifemoz.com\/fr\/publications\/rapport-n2-2017-sur-leducation-non-formelle\/"]}]},{"@type":"ImageObject","inLanguage":"fr-FR","@id":"https:\/\/csefrs.lifemoz.com\/fr\/publications\/rapport-n2-2017-sur-leducation-non-formelle\/#primaryimage","url":"https:\/\/csefrs.lifemoz.com\/wp-content\/uploads\/2025\/12\/Re-sume-ENF-FR-1.jpg","contentUrl":"https:\/\/csefrs.lifemoz.com\/wp-content\/uploads\/2025\/12\/Re-sume-ENF-FR-1.jpg","width":722,"height":1024},{"@type":"BreadcrumbList","@id":"https:\/\/csefrs.lifemoz.com\/fr\/publications\/rapport-n2-2017-sur-leducation-non-formelle\/#breadcrumb","itemListElement":[{"@type":"ListItem","position":1,"name":"Accueil","item":"https:\/\/csefrs.lifemoz.com\/fr\/"},{"@type":"ListItem","position":2,"name":"Publications","item":"https:\/\/csefrs.lifemoz.com\/\u0627\u0644\u0645\u0646\u0634\u0648\u0631\u0627\u062a\/"},{"@type":"ListItem","position":3,"name":"Rapport n\u00b02\/2017 sur l\u2019\u00e9ducation non formelle"}]},{"@type":"WebSite","@id":"https:\/\/csefrs.lifemoz.com\/#website","url":"https:\/\/csefrs.lifemoz.com\/","name":"Conseil sup\u00e9rieur de l\u2019\u00e9ducation, de la formation et de la recherche scientifique","description":"","potentialAction":[{"@type":"SearchAction","target":{"@type":"EntryPoint","urlTemplate":"https:\/\/csefrs.lifemoz.com\/?s={search_term_string}"},"query-input":{"@type":"PropertyValueSpecification","valueRequired":true,"valueName":"search_term_string"}}],"inLanguage":"fr-FR"}]}},"_links":{"self":[{"href":"https:\/\/csefrs.lifemoz.com\/fr\/wp-json\/wp\/v2\/product\/37475","targetHints":{"allow":["GET"]}}],"collection":[{"href":"https:\/\/csefrs.lifemoz.com\/fr\/wp-json\/wp\/v2\/product"}],"about":[{"href":"https:\/\/csefrs.lifemoz.com\/fr\/wp-json\/wp\/v2\/types\/product"}],"wp:featuredmedia":[{"embeddable":true,"href":"https:\/\/csefrs.lifemoz.com\/fr\/wp-json\/wp\/v2\/media\/37113"}],"wp:attachment":[{"href":"https:\/\/csefrs.lifemoz.com\/fr\/wp-json\/wp\/v2\/media?parent=37475"}],"wp:term":[{"taxonomy":"product_brand","embeddable":true,"href":"https:\/\/csefrs.lifemoz.com\/fr\/wp-json\/wp\/v2\/product_brand?post=37475"},{"taxonomy":"product_cat","embeddable":true,"href":"https:\/\/csefrs.lifemoz.com\/fr\/wp-json\/wp\/v2\/product_cat?post=37475"},{"taxonomy":"product_tag","embeddable":true,"href":"https:\/\/csefrs.lifemoz.com\/fr\/wp-json\/wp\/v2\/product_tag?post=37475"}],"curies":[{"name":"wp","href":"https:\/\/api.w.org\/{rel}","templated":true}]}}