{"id":37473,"date":"2017-01-02T00:00:00","date_gmt":"2017-01-02T00:00:00","guid":{"rendered":"https:\/\/csefrs.lifemoz.com\/\u0627\u0644\u0645\u0646\u0634\u0648\u0631\u0627\u062a\/rapport-n1-2017-sur-leducation-aux-valeurs-dans-le-systeme-deducation-de-formation-et-de-recherche-scientifique\/"},"modified":"2026-02-08T14:08:37","modified_gmt":"2026-02-08T13:08:37","slug":"rapport-n1-2017-sur-leducation-aux-valeurs-dans-le-systeme-deducation-de-formation-et-de-recherche-scientifique","status":"publish","type":"product","link":"https:\/\/csefrs.lifemoz.com\/fr\/publications\/rapport-n1-2017-sur-leducation-aux-valeurs-dans-le-systeme-deducation-de-formation-et-de-recherche-scientifique\/","title":{"rendered":"Rapport n\u00b01\/2017 sur \u00ab L\u2019\u00c9ducation aux valeurs dans le syst\u00e8me d\u2019\u00e9ducation, de formation et de recherche scientifique \u00bb"},"content":{"rendered":"<p style=\"text-align: justify;\">Le rapport du Conseil sur \u00ab\u00a0L\u2019\u00c9ducation aux valeurs dans le syst\u00e8me d\u2019\u00e9ducation, de formation et de recherche scientifique\u00a0\u00bb\u00a0 fonde son approche sur la conviction que l\u2019\u00e9ducation aux valeurs fait partie int\u00e9grante des fonctions de l\u2019\u00e9cole et constitue l\u2019un des principaux vecteurs de l\u2019inclusion sociale et culturelle des g\u00e9n\u00e9rations d\u2019apprenants et pour garantir la coh\u00e9sion sociale. Il s\u2019agit en m\u00eame temps de l\u2019un des leviers pour la constitution et la mise \u00e0 niveau du capital humain. Le d\u00e9veloppement et l\u2019impr\u00e9gnation par les valeurs sont en d\u00e9finitive un levier pour la promotion du syst\u00e8me \u00e9ducatif et pour l\u2019am\u00e9lioration de sa qualit\u00e9 \u00e0 tous les niveaux.<\/p>\n<p>&nbsp;<br \/>\n<a class=\"download-button-intern-fr\" href=\"https:\/\/csefrs.lifemoz.com\/wp-content\/uploads\/2017\/10\/REAV-VA-AR.pdf\" target=\"_blank\" rel=\"noopener\">T\u00e9l\u00e9charger le rapport (disponible en arabe)<\/a><br \/>\n<a class=\"download-button-intern-fr\" href=\"https:\/\/csefrs.lifemoz.com\/wp-content\/uploads\/2017\/10\/Resume-REAV-FR.pdf\" target=\"_blank\" rel=\"noopener\">T\u00e9l\u00e9charger le r\u00e9sum\u00e9 du Rapport<\/a><br \/>\n<a class=\"download-button-intern-fr\" href=\"https:\/\/csefrs.lifemoz.com\/wp-content\/uploads\/2017\/01\/e--ducation-aux-valeurs-synthe--se-fr.pdf\" target=\"_blank\" rel=\"noopener\">T\u00e9l\u00e9charger la synth\u00e8se du Rapport<\/a><br \/>\n<a class=\"download-button-intern-fr\" href=\"https:\/\/csefrs.lifemoz.com\/wp-content\/uploads\/2017\/10\/Resume-REAV-AR.pdf\" target=\"_blank\" rel=\"noopener\">T\u00e9l\u00e9charger le r\u00e9sum\u00e9 du Rapport (Arabe)<\/a><br \/>\n<a class=\"download-button-intern-fr\" href=\"https:\/\/csefrs.lifemoz.com\/wp-content\/uploads\/2017\/01\/Re--sume---e--ducation-aux-valeurs-TIFINAGH-1.pdf\" target=\"_blank\" rel=\"noopener\">T\u00e9l\u00e9charger le r\u00e9sum\u00e9 du Rapport (Amazigh)<\/a><br \/>\n<a class=\"download-button-intern-fr\" href=\"https:\/\/csefrs.lifemoz.com\/wp-content\/uploads\/2017\/10\/Resume-REAV-EN.pdf\" target=\"_blank\" rel=\"noopener\">T\u00e9l\u00e9charger le r\u00e9sum\u00e9 du Rapport (Anglais)<\/a><br \/>\n<a class=\"download-button-intern-fr\" href=\"https:\/\/csefrs.lifemoz.com\/wp-content\/uploads\/2017\/10\/Resume-REAV-ES.pdf\" target=\"_blank\" rel=\"noopener\">T\u00e9l\u00e9charger le r\u00e9sum\u00e9 du Rapport (Espagnol)<\/a><br \/>\n<a class=\"download-button-intern-fr\" href=\"https:\/\/csefrs.lifemoz.com\/wp-content\/uploads\/2017\/10\/Fiche-REAV-FR.pdf\" target=\"_blank\" rel=\"noopener\">T\u00e9l\u00e9charger la fiche de pr\u00e9sentation du Rapport<\/a><br \/>\n<a class=\"download-button-intern-fr\" href=\"https:\/\/csefrs.lifemoz.com\/wp-content\/uploads\/2017\/01\/Fiche-REAV.pdf\" target=\"_blank\" rel=\"noopener\">T\u00e9l\u00e9charger la fiche de pr\u00e9sentation du Rapport (Arabe)<\/a><\/p>\n","protected":false},"excerpt":{"rendered":"<p>Le rapport du Conseil sur \u00ab\u00a0L\u2019\u00c9ducation aux valeurs dans le syst\u00e8me d\u2019\u00e9ducation, de formation et de recherche scientifique\u00a0\u00bb\u00a0 fonde son approche sur la conviction que l\u2019\u00e9ducation aux valeurs fait partie int\u00e9grante des fonctions de l\u2019\u00e9cole et constitue l\u2019un des principaux vecteurs de l\u2019inclusion sociale et culturelle des g\u00e9n\u00e9rations d\u2019apprenants et pour garantir la coh\u00e9sion sociale.&hellip;<\/p>\n","protected":false},"featured_media":37112,"template":"","meta":[],"product_brand":[],"product_cat":[505],"product_tag":[],"class_list":{"0":"post-37473","1":"product","2":"type-product","3":"status-publish","4":"has-post-thumbnail","6":"product_cat-rapports","7":"description-off","9":"first","10":"instock","11":"downloadable","12":"virtual","13":"sold-individually","14":"purchasable","15":"product-type-simple"},"yoast_head":"<!-- This site is optimized with the Yoast SEO plugin v27.5 - https:\/\/yoast.com\/product\/yoast-seo-wordpress\/ -->\n<title>Rapport n\u00b01\/2017 sur \u00ab L\u2019\u00c9ducation aux valeurs dans le syst\u00e8me d\u2019\u00e9ducation, de formation et de recherche scientifique \u00bb - Conseil sup\u00e9rieur de l\u2019\u00e9ducation, de la formation et de la recherche scientifique<\/title>\n<meta name=\"robots\" content=\"noindex, follow, max-snippet:-1, max-image-preview:large, max-video-preview:-1\" \/>\n<meta property=\"og:locale\" content=\"fr_FR\" \/>\n<meta property=\"og:type\" content=\"article\" \/>\n<meta property=\"og:title\" content=\"Rapport n\u00b01\/2017 sur \u00ab L\u2019\u00c9ducation aux valeurs dans le syst\u00e8me d\u2019\u00e9ducation, de formation et de recherche scientifique \u00bb - Conseil sup\u00e9rieur de l\u2019\u00e9ducation, de la formation et de la recherche scientifique\" \/>\n<meta property=\"og:description\" content=\"Le rapport du Conseil sur \u00ab\u00a0L\u2019\u00c9ducation aux valeurs dans le syst\u00e8me d\u2019\u00e9ducation, de formation et de recherche scientifique\u00a0\u00bb\u00a0 fonde son approche sur la conviction que l\u2019\u00e9ducation aux valeurs fait partie int\u00e9grante des fonctions de l\u2019\u00e9cole et constitue l\u2019un des principaux vecteurs de l\u2019inclusion sociale et culturelle des g\u00e9n\u00e9rations d\u2019apprenants et pour garantir la coh\u00e9sion sociale.&hellip;\" \/>\n<meta property=\"og:url\" content=\"https:\/\/csefrs.lifemoz.com\/fr\/publications\/rapport-n1-2017-sur-leducation-aux-valeurs-dans-le-systeme-deducation-de-formation-et-de-recherche-scientifique\/\" \/>\n<meta property=\"og:site_name\" content=\"Conseil sup\u00e9rieur de l\u2019\u00e9ducation, de la formation et de la recherche scientifique\" \/>\n<meta property=\"article:modified_time\" content=\"2026-02-08T13:08:37+00:00\" \/>\n<meta property=\"og:image\" content=\"https:\/\/csefrs.lifemoz.com\/wp-content\/uploads\/2025\/12\/Resume-REAV-FR.png\" \/>\n\t<meta property=\"og:image:width\" content=\"615\" \/>\n\t<meta property=\"og:image:height\" content=\"873\" \/>\n\t<meta property=\"og:image:type\" content=\"image\/png\" \/>\n<meta name=\"twitter:card\" content=\"summary_large_image\" \/>\n<meta name=\"twitter:label1\" content=\"Dur\u00e9e de lecture estim\u00e9e\" \/>\n\t<meta name=\"twitter:data1\" content=\"1 minute\" \/>\n<script type=\"application\/ld+json\" class=\"yoast-schema-graph\">{\"@context\":\"https:\\\/\\\/schema.org\",\"@graph\":[{\"@type\":\"WebPage\",\"@id\":\"https:\\\/\\\/csefrs.lifemoz.com\\\/fr\\\/publications\\\/rapport-n1-2017-sur-leducation-aux-valeurs-dans-le-systeme-deducation-de-formation-et-de-recherche-scientifique\\\/\",\"url\":\"https:\\\/\\\/csefrs.lifemoz.com\\\/fr\\\/publications\\\/rapport-n1-2017-sur-leducation-aux-valeurs-dans-le-systeme-deducation-de-formation-et-de-recherche-scientifique\\\/\",\"name\":\"Rapport n\u00b01\\\/2017 sur \u00ab L\u2019\u00c9ducation aux valeurs dans le syst\u00e8me d\u2019\u00e9ducation, de formation et de recherche scientifique \u00bb - Conseil sup\u00e9rieur de l\u2019\u00e9ducation, de la formation et de la recherche scientifique\",\"isPartOf\":{\"@id\":\"https:\\\/\\\/csefrs.lifemoz.com\\\/#website\"},\"primaryImageOfPage\":{\"@id\":\"https:\\\/\\\/csefrs.lifemoz.com\\\/fr\\\/publications\\\/rapport-n1-2017-sur-leducation-aux-valeurs-dans-le-systeme-deducation-de-formation-et-de-recherche-scientifique\\\/#primaryimage\"},\"image\":{\"@id\":\"https:\\\/\\\/csefrs.lifemoz.com\\\/fr\\\/publications\\\/rapport-n1-2017-sur-leducation-aux-valeurs-dans-le-systeme-deducation-de-formation-et-de-recherche-scientifique\\\/#primaryimage\"},\"thumbnailUrl\":\"https:\\\/\\\/csefrs.lifemoz.com\\\/wp-content\\\/uploads\\\/2025\\\/12\\\/Resume-REAV-FR.png\",\"datePublished\":\"2017-01-02T00:00:00+00:00\",\"dateModified\":\"2026-02-08T13:08:37+00:00\",\"breadcrumb\":{\"@id\":\"https:\\\/\\\/csefrs.lifemoz.com\\\/fr\\\/publications\\\/rapport-n1-2017-sur-leducation-aux-valeurs-dans-le-systeme-deducation-de-formation-et-de-recherche-scientifique\\\/#breadcrumb\"},\"inLanguage\":\"fr-FR\",\"potentialAction\":[{\"@type\":\"ReadAction\",\"target\":[\"https:\\\/\\\/csefrs.lifemoz.com\\\/fr\\\/publications\\\/rapport-n1-2017-sur-leducation-aux-valeurs-dans-le-systeme-deducation-de-formation-et-de-recherche-scientifique\\\/\"]}]},{\"@type\":\"ImageObject\",\"inLanguage\":\"fr-FR\",\"@id\":\"https:\\\/\\\/csefrs.lifemoz.com\\\/fr\\\/publications\\\/rapport-n1-2017-sur-leducation-aux-valeurs-dans-le-systeme-deducation-de-formation-et-de-recherche-scientifique\\\/#primaryimage\",\"url\":\"https:\\\/\\\/csefrs.lifemoz.com\\\/wp-content\\\/uploads\\\/2025\\\/12\\\/Resume-REAV-FR.png\",\"contentUrl\":\"https:\\\/\\\/csefrs.lifemoz.com\\\/wp-content\\\/uploads\\\/2025\\\/12\\\/Resume-REAV-FR.png\",\"width\":615,\"height\":873},{\"@type\":\"BreadcrumbList\",\"@id\":\"https:\\\/\\\/csefrs.lifemoz.com\\\/fr\\\/publications\\\/rapport-n1-2017-sur-leducation-aux-valeurs-dans-le-systeme-deducation-de-formation-et-de-recherche-scientifique\\\/#breadcrumb\",\"itemListElement\":[{\"@type\":\"ListItem\",\"position\":1,\"name\":\"Accueil\",\"item\":\"https:\\\/\\\/csefrs.lifemoz.com\\\/fr\\\/\"},{\"@type\":\"ListItem\",\"position\":2,\"name\":\"Publications\",\"item\":\"https:\\\/\\\/csefrs.lifemoz.com\\\/\u0627\u0644\u0645\u0646\u0634\u0648\u0631\u0627\u062a\\\/\"},{\"@type\":\"ListItem\",\"position\":3,\"name\":\"Rapport n\u00b01\\\/2017 sur \u00ab L\u2019\u00c9ducation aux valeurs dans le syst\u00e8me d\u2019\u00e9ducation, de formation et de recherche scientifique \u00bb\"}]},{\"@type\":\"WebSite\",\"@id\":\"https:\\\/\\\/csefrs.lifemoz.com\\\/#website\",\"url\":\"https:\\\/\\\/csefrs.lifemoz.com\\\/\",\"name\":\"Conseil sup\u00e9rieur de l\u2019\u00e9ducation, de la formation et de la recherche scientifique\",\"description\":\"\",\"potentialAction\":[{\"@type\":\"SearchAction\",\"target\":{\"@type\":\"EntryPoint\",\"urlTemplate\":\"https:\\\/\\\/csefrs.lifemoz.com\\\/?s={search_term_string}\"},\"query-input\":{\"@type\":\"PropertyValueSpecification\",\"valueRequired\":true,\"valueName\":\"search_term_string\"}}],\"inLanguage\":\"fr-FR\"}]}<\/script>\n<!-- \/ Yoast SEO plugin. -->","yoast_head_json":{"title":"Rapport n\u00b01\/2017 sur \u00ab L\u2019\u00c9ducation aux valeurs dans le syst\u00e8me d\u2019\u00e9ducation, de formation et de recherche scientifique \u00bb - Conseil sup\u00e9rieur de l\u2019\u00e9ducation, de la formation et de la recherche scientifique","robots":{"index":"noindex","follow":"follow","max-snippet":"max-snippet:-1","max-image-preview":"max-image-preview:large","max-video-preview":"max-video-preview:-1"},"og_locale":"fr_FR","og_type":"article","og_title":"Rapport n\u00b01\/2017 sur \u00ab L\u2019\u00c9ducation aux valeurs dans le syst\u00e8me d\u2019\u00e9ducation, de formation et de recherche scientifique \u00bb - Conseil sup\u00e9rieur de l\u2019\u00e9ducation, de la formation et de la recherche scientifique","og_description":"Le rapport du Conseil sur \u00ab\u00a0L\u2019\u00c9ducation aux valeurs dans le syst\u00e8me d\u2019\u00e9ducation, de formation et de recherche scientifique\u00a0\u00bb\u00a0 fonde son approche sur la conviction que l\u2019\u00e9ducation aux valeurs fait partie int\u00e9grante des fonctions de l\u2019\u00e9cole et constitue l\u2019un des principaux vecteurs de l\u2019inclusion sociale et culturelle des g\u00e9n\u00e9rations d\u2019apprenants et pour garantir la coh\u00e9sion sociale.&hellip;","og_url":"https:\/\/csefrs.lifemoz.com\/fr\/publications\/rapport-n1-2017-sur-leducation-aux-valeurs-dans-le-systeme-deducation-de-formation-et-de-recherche-scientifique\/","og_site_name":"Conseil sup\u00e9rieur de l\u2019\u00e9ducation, de la formation et de la recherche scientifique","article_modified_time":"2026-02-08T13:08:37+00:00","og_image":[{"width":615,"height":873,"url":"https:\/\/csefrs.lifemoz.com\/wp-content\/uploads\/2025\/12\/Resume-REAV-FR.png","type":"image\/png"}],"twitter_card":"summary_large_image","twitter_misc":{"Dur\u00e9e de lecture estim\u00e9e":"1 minute"},"schema":{"@context":"https:\/\/schema.org","@graph":[{"@type":"WebPage","@id":"https:\/\/csefrs.lifemoz.com\/fr\/publications\/rapport-n1-2017-sur-leducation-aux-valeurs-dans-le-systeme-deducation-de-formation-et-de-recherche-scientifique\/","url":"https:\/\/csefrs.lifemoz.com\/fr\/publications\/rapport-n1-2017-sur-leducation-aux-valeurs-dans-le-systeme-deducation-de-formation-et-de-recherche-scientifique\/","name":"Rapport n\u00b01\/2017 sur \u00ab L\u2019\u00c9ducation aux valeurs dans le syst\u00e8me d\u2019\u00e9ducation, de formation et de recherche scientifique \u00bb - Conseil sup\u00e9rieur de l\u2019\u00e9ducation, de la formation et de la recherche scientifique","isPartOf":{"@id":"https:\/\/csefrs.lifemoz.com\/#website"},"primaryImageOfPage":{"@id":"https:\/\/csefrs.lifemoz.com\/fr\/publications\/rapport-n1-2017-sur-leducation-aux-valeurs-dans-le-systeme-deducation-de-formation-et-de-recherche-scientifique\/#primaryimage"},"image":{"@id":"https:\/\/csefrs.lifemoz.com\/fr\/publications\/rapport-n1-2017-sur-leducation-aux-valeurs-dans-le-systeme-deducation-de-formation-et-de-recherche-scientifique\/#primaryimage"},"thumbnailUrl":"https:\/\/csefrs.lifemoz.com\/wp-content\/uploads\/2025\/12\/Resume-REAV-FR.png","datePublished":"2017-01-02T00:00:00+00:00","dateModified":"2026-02-08T13:08:37+00:00","breadcrumb":{"@id":"https:\/\/csefrs.lifemoz.com\/fr\/publications\/rapport-n1-2017-sur-leducation-aux-valeurs-dans-le-systeme-deducation-de-formation-et-de-recherche-scientifique\/#breadcrumb"},"inLanguage":"fr-FR","potentialAction":[{"@type":"ReadAction","target":["https:\/\/csefrs.lifemoz.com\/fr\/publications\/rapport-n1-2017-sur-leducation-aux-valeurs-dans-le-systeme-deducation-de-formation-et-de-recherche-scientifique\/"]}]},{"@type":"ImageObject","inLanguage":"fr-FR","@id":"https:\/\/csefrs.lifemoz.com\/fr\/publications\/rapport-n1-2017-sur-leducation-aux-valeurs-dans-le-systeme-deducation-de-formation-et-de-recherche-scientifique\/#primaryimage","url":"https:\/\/csefrs.lifemoz.com\/wp-content\/uploads\/2025\/12\/Resume-REAV-FR.png","contentUrl":"https:\/\/csefrs.lifemoz.com\/wp-content\/uploads\/2025\/12\/Resume-REAV-FR.png","width":615,"height":873},{"@type":"BreadcrumbList","@id":"https:\/\/csefrs.lifemoz.com\/fr\/publications\/rapport-n1-2017-sur-leducation-aux-valeurs-dans-le-systeme-deducation-de-formation-et-de-recherche-scientifique\/#breadcrumb","itemListElement":[{"@type":"ListItem","position":1,"name":"Accueil","item":"https:\/\/csefrs.lifemoz.com\/fr\/"},{"@type":"ListItem","position":2,"name":"Publications","item":"https:\/\/csefrs.lifemoz.com\/\u0627\u0644\u0645\u0646\u0634\u0648\u0631\u0627\u062a\/"},{"@type":"ListItem","position":3,"name":"Rapport n\u00b01\/2017 sur \u00ab L\u2019\u00c9ducation aux valeurs dans le syst\u00e8me d\u2019\u00e9ducation, de formation et de recherche scientifique \u00bb"}]},{"@type":"WebSite","@id":"https:\/\/csefrs.lifemoz.com\/#website","url":"https:\/\/csefrs.lifemoz.com\/","name":"Conseil sup\u00e9rieur de l\u2019\u00e9ducation, de la formation et de la recherche scientifique","description":"","potentialAction":[{"@type":"SearchAction","target":{"@type":"EntryPoint","urlTemplate":"https:\/\/csefrs.lifemoz.com\/?s={search_term_string}"},"query-input":{"@type":"PropertyValueSpecification","valueRequired":true,"valueName":"search_term_string"}}],"inLanguage":"fr-FR"}]}},"_links":{"self":[{"href":"https:\/\/csefrs.lifemoz.com\/fr\/wp-json\/wp\/v2\/product\/37473","targetHints":{"allow":["GET"]}}],"collection":[{"href":"https:\/\/csefrs.lifemoz.com\/fr\/wp-json\/wp\/v2\/product"}],"about":[{"href":"https:\/\/csefrs.lifemoz.com\/fr\/wp-json\/wp\/v2\/types\/product"}],"wp:featuredmedia":[{"embeddable":true,"href":"https:\/\/csefrs.lifemoz.com\/fr\/wp-json\/wp\/v2\/media\/37112"}],"wp:attachment":[{"href":"https:\/\/csefrs.lifemoz.com\/fr\/wp-json\/wp\/v2\/media?parent=37473"}],"wp:term":[{"taxonomy":"product_brand","embeddable":true,"href":"https:\/\/csefrs.lifemoz.com\/fr\/wp-json\/wp\/v2\/product_brand?post=37473"},{"taxonomy":"product_cat","embeddable":true,"href":"https:\/\/csefrs.lifemoz.com\/fr\/wp-json\/wp\/v2\/product_cat?post=37473"},{"taxonomy":"product_tag","embeddable":true,"href":"https:\/\/csefrs.lifemoz.com\/fr\/wp-json\/wp\/v2\/product_tag?post=37473"}],"curies":[{"name":"wp","href":"https:\/\/api.w.org\/{rel}","templated":true}]}}