{"id":37471,"date":"2009-07-02T00:00:00","date_gmt":"2009-07-01T23:00:00","guid":{"rendered":"https:\/\/csefrs.lifemoz.com\/\u0627\u0644\u0645\u0646\u0634\u0648\u0631\u0627\u062a\/avis-n4-2009-du-conseil-superieur-de-lenseignement-relatif-au-developpement-du-metier-et-des-missions-de-linspection-pedagogique\/"},"modified":"2026-02-08T14:08:41","modified_gmt":"2026-02-08T13:08:41","slug":"avis-n4-2009-du-conseil-superieur-de-lenseignement-relatif-au-developpement-du-metier-et-des-missions-de-linspection-pedagogique","status":"publish","type":"product","link":"https:\/\/csefrs.lifemoz.com\/fr\/publications\/avis-n4-2009-du-conseil-superieur-de-lenseignement-relatif-au-developpement-du-metier-et-des-missions-de-linspection-pedagogique\/","title":{"rendered":"Avis n\u00b04\/2009 du Conseil Sup\u00e9rieur de l\u2019Enseignement relatif au \u00ab D\u00e9veloppement du m\u00e9tier et des missions de l\u2019inspection p\u00e9dagogique \u00bb"},"content":{"rendered":"<p style=\"text-align: justify;\">L\u2019avis du Conseil relatif au \u00ab D\u00e9veloppement du m\u00e9tier et des missions de l\u2019inspection p\u00e9dagogique \u00bb part du principe que le suivi, l\u2019\u00e9valuation et le contr\u00f4le font partie int\u00e9grante des syst\u00e8mes \u00e9ducatifs en vigueur. Il s\u2019agit de m\u00e9canismes indispensables \u00e0 la r\u00e9gulation, \u00e0 l\u2019orientation et au bon pilotage de ces syst\u00e8mes, rendant possible l\u2019am\u00e9lioration continue de leurs diff\u00e9rents indicateurs de qualit\u00e9 et de rendement.<\/p>\n<p>&nbsp;<br \/>\n<a class=\"download-button-intern-fr\" href=\"https:\/\/csefrs.lifemoz.com\/wp-content\/uploads\/2009\/07\/Resume-projet-Inspection-pedagogique-fr.pdf\" target=\"_blank\" rel=\"noopener\">T\u00e9l\u00e9charger l&rsquo;avis du Conseil relatif au \u00ab D\u00e9veloppement du m\u00e9tier et des missions de l\u2019inspection p\u00e9dagogique \u00bb<\/a><\/p>\n","protected":false},"excerpt":{"rendered":"<p>L\u2019avis du Conseil relatif au \u00ab D\u00e9veloppement du m\u00e9tier et des missions de l\u2019inspection p\u00e9dagogique \u00bb part du principe que le suivi, l\u2019\u00e9valuation et le contr\u00f4le font partie int\u00e9grante des syst\u00e8mes \u00e9ducatifs en vigueur. Il s\u2019agit de m\u00e9canismes indispensables \u00e0 la r\u00e9gulation, \u00e0 l\u2019orientation et au bon pilotage de ces syst\u00e8mes, rendant possible l\u2019am\u00e9lioration continue&hellip;<\/p>\n","protected":false},"featured_media":37111,"template":"","meta":[],"product_brand":[],"product_cat":[508],"product_tag":[],"class_list":{"0":"post-37471","1":"product","2":"type-product","3":"status-publish","4":"has-post-thumbnail","6":"product_cat-avis-auto-saisine","7":"description-off","9":"first","10":"instock","11":"downloadable","12":"virtual","13":"sold-individually","14":"purchasable","15":"product-type-simple"},"yoast_head":"<!-- This site is optimized with the Yoast SEO plugin v27.5 - https:\/\/yoast.com\/product\/yoast-seo-wordpress\/ -->\n<title>Avis n\u00b04\/2009 du Conseil Sup\u00e9rieur de l\u2019Enseignement relatif au \u00ab D\u00e9veloppement du m\u00e9tier et des missions de l\u2019inspection p\u00e9dagogique \u00bb - Conseil sup\u00e9rieur de l\u2019\u00e9ducation, de la formation et de la recherche scientifique<\/title>\n<meta name=\"robots\" content=\"noindex, follow, max-snippet:-1, max-image-preview:large, max-video-preview:-1\" \/>\n<meta property=\"og:locale\" content=\"fr_FR\" \/>\n<meta property=\"og:type\" content=\"article\" \/>\n<meta property=\"og:title\" content=\"Avis n\u00b04\/2009 du Conseil Sup\u00e9rieur de l\u2019Enseignement relatif au \u00ab D\u00e9veloppement du m\u00e9tier et des missions de l\u2019inspection p\u00e9dagogique \u00bb - Conseil sup\u00e9rieur de l\u2019\u00e9ducation, de la formation et de la recherche scientifique\" \/>\n<meta property=\"og:description\" content=\"L\u2019avis du Conseil relatif au \u00ab D\u00e9veloppement du m\u00e9tier et des missions de l\u2019inspection p\u00e9dagogique \u00bb part du principe que le suivi, l\u2019\u00e9valuation et le contr\u00f4le font partie int\u00e9grante des syst\u00e8mes \u00e9ducatifs en vigueur. Il s\u2019agit de m\u00e9canismes indispensables \u00e0 la r\u00e9gulation, \u00e0 l\u2019orientation et au bon pilotage de ces syst\u00e8mes, rendant possible l\u2019am\u00e9lioration continue&hellip;\" \/>\n<meta property=\"og:url\" content=\"https:\/\/csefrs.lifemoz.com\/fr\/publications\/avis-n4-2009-du-conseil-superieur-de-lenseignement-relatif-au-developpement-du-metier-et-des-missions-de-linspection-pedagogique\/\" \/>\n<meta property=\"og:site_name\" content=\"Conseil sup\u00e9rieur de l\u2019\u00e9ducation, de la formation et de la recherche scientifique\" \/>\n<meta property=\"article:modified_time\" content=\"2026-02-08T13:08:41+00:00\" \/>\n<meta property=\"og:image\" content=\"https:\/\/csefrs.lifemoz.com\/wp-content\/uploads\/2025\/12\/Resume-projet-Inspection-pedagogique-FR.png\" \/>\n\t<meta property=\"og:image:width\" content=\"615\" \/>\n\t<meta property=\"og:image:height\" content=\"849\" \/>\n\t<meta property=\"og:image:type\" content=\"image\/png\" \/>\n<meta name=\"twitter:card\" content=\"summary_large_image\" \/>\n<script type=\"application\/ld+json\" class=\"yoast-schema-graph\">{\"@context\":\"https:\\\/\\\/schema.org\",\"@graph\":[{\"@type\":\"WebPage\",\"@id\":\"https:\\\/\\\/csefrs.lifemoz.com\\\/fr\\\/publications\\\/avis-n4-2009-du-conseil-superieur-de-lenseignement-relatif-au-developpement-du-metier-et-des-missions-de-linspection-pedagogique\\\/\",\"url\":\"https:\\\/\\\/csefrs.lifemoz.com\\\/fr\\\/publications\\\/avis-n4-2009-du-conseil-superieur-de-lenseignement-relatif-au-developpement-du-metier-et-des-missions-de-linspection-pedagogique\\\/\",\"name\":\"Avis n\u00b04\\\/2009 du Conseil Sup\u00e9rieur de l\u2019Enseignement relatif au \u00ab D\u00e9veloppement du m\u00e9tier et des missions de l\u2019inspection p\u00e9dagogique \u00bb - Conseil sup\u00e9rieur de l\u2019\u00e9ducation, de la formation et de la recherche scientifique\",\"isPartOf\":{\"@id\":\"https:\\\/\\\/csefrs.lifemoz.com\\\/#website\"},\"primaryImageOfPage\":{\"@id\":\"https:\\\/\\\/csefrs.lifemoz.com\\\/fr\\\/publications\\\/avis-n4-2009-du-conseil-superieur-de-lenseignement-relatif-au-developpement-du-metier-et-des-missions-de-linspection-pedagogique\\\/#primaryimage\"},\"image\":{\"@id\":\"https:\\\/\\\/csefrs.lifemoz.com\\\/fr\\\/publications\\\/avis-n4-2009-du-conseil-superieur-de-lenseignement-relatif-au-developpement-du-metier-et-des-missions-de-linspection-pedagogique\\\/#primaryimage\"},\"thumbnailUrl\":\"https:\\\/\\\/csefrs.lifemoz.com\\\/wp-content\\\/uploads\\\/2025\\\/12\\\/Resume-projet-Inspection-pedagogique-FR.png\",\"datePublished\":\"2009-07-01T23:00:00+00:00\",\"dateModified\":\"2026-02-08T13:08:41+00:00\",\"breadcrumb\":{\"@id\":\"https:\\\/\\\/csefrs.lifemoz.com\\\/fr\\\/publications\\\/avis-n4-2009-du-conseil-superieur-de-lenseignement-relatif-au-developpement-du-metier-et-des-missions-de-linspection-pedagogique\\\/#breadcrumb\"},\"inLanguage\":\"fr-FR\",\"potentialAction\":[{\"@type\":\"ReadAction\",\"target\":[\"https:\\\/\\\/csefrs.lifemoz.com\\\/fr\\\/publications\\\/avis-n4-2009-du-conseil-superieur-de-lenseignement-relatif-au-developpement-du-metier-et-des-missions-de-linspection-pedagogique\\\/\"]}]},{\"@type\":\"ImageObject\",\"inLanguage\":\"fr-FR\",\"@id\":\"https:\\\/\\\/csefrs.lifemoz.com\\\/fr\\\/publications\\\/avis-n4-2009-du-conseil-superieur-de-lenseignement-relatif-au-developpement-du-metier-et-des-missions-de-linspection-pedagogique\\\/#primaryimage\",\"url\":\"https:\\\/\\\/csefrs.lifemoz.com\\\/wp-content\\\/uploads\\\/2025\\\/12\\\/Resume-projet-Inspection-pedagogique-FR.png\",\"contentUrl\":\"https:\\\/\\\/csefrs.lifemoz.com\\\/wp-content\\\/uploads\\\/2025\\\/12\\\/Resume-projet-Inspection-pedagogique-FR.png\",\"width\":615,\"height\":849},{\"@type\":\"BreadcrumbList\",\"@id\":\"https:\\\/\\\/csefrs.lifemoz.com\\\/fr\\\/publications\\\/avis-n4-2009-du-conseil-superieur-de-lenseignement-relatif-au-developpement-du-metier-et-des-missions-de-linspection-pedagogique\\\/#breadcrumb\",\"itemListElement\":[{\"@type\":\"ListItem\",\"position\":1,\"name\":\"Accueil\",\"item\":\"https:\\\/\\\/csefrs.lifemoz.com\\\/fr\\\/\"},{\"@type\":\"ListItem\",\"position\":2,\"name\":\"Publications\",\"item\":\"https:\\\/\\\/csefrs.lifemoz.com\\\/\u0627\u0644\u0645\u0646\u0634\u0648\u0631\u0627\u062a\\\/\"},{\"@type\":\"ListItem\",\"position\":3,\"name\":\"Avis n\u00b04\\\/2009 du Conseil Sup\u00e9rieur de l\u2019Enseignement relatif au \u00ab D\u00e9veloppement du m\u00e9tier et des missions de l\u2019inspection p\u00e9dagogique \u00bb\"}]},{\"@type\":\"WebSite\",\"@id\":\"https:\\\/\\\/csefrs.lifemoz.com\\\/#website\",\"url\":\"https:\\\/\\\/csefrs.lifemoz.com\\\/\",\"name\":\"Conseil sup\u00e9rieur de l\u2019\u00e9ducation, de la formation et de la recherche scientifique\",\"description\":\"\",\"potentialAction\":[{\"@type\":\"SearchAction\",\"target\":{\"@type\":\"EntryPoint\",\"urlTemplate\":\"https:\\\/\\\/csefrs.lifemoz.com\\\/?s={search_term_string}\"},\"query-input\":{\"@type\":\"PropertyValueSpecification\",\"valueRequired\":true,\"valueName\":\"search_term_string\"}}],\"inLanguage\":\"fr-FR\"}]}<\/script>\n<!-- \/ Yoast SEO plugin. -->","yoast_head_json":{"title":"Avis n\u00b04\/2009 du Conseil Sup\u00e9rieur de l\u2019Enseignement relatif au \u00ab D\u00e9veloppement du m\u00e9tier et des missions de l\u2019inspection p\u00e9dagogique \u00bb - Conseil sup\u00e9rieur de l\u2019\u00e9ducation, de la formation et de la recherche scientifique","robots":{"index":"noindex","follow":"follow","max-snippet":"max-snippet:-1","max-image-preview":"max-image-preview:large","max-video-preview":"max-video-preview:-1"},"og_locale":"fr_FR","og_type":"article","og_title":"Avis n\u00b04\/2009 du Conseil Sup\u00e9rieur de l\u2019Enseignement relatif au \u00ab D\u00e9veloppement du m\u00e9tier et des missions de l\u2019inspection p\u00e9dagogique \u00bb - Conseil sup\u00e9rieur de l\u2019\u00e9ducation, de la formation et de la recherche scientifique","og_description":"L\u2019avis du Conseil relatif au \u00ab D\u00e9veloppement du m\u00e9tier et des missions de l\u2019inspection p\u00e9dagogique \u00bb part du principe que le suivi, l\u2019\u00e9valuation et le contr\u00f4le font partie int\u00e9grante des syst\u00e8mes \u00e9ducatifs en vigueur. Il s\u2019agit de m\u00e9canismes indispensables \u00e0 la r\u00e9gulation, \u00e0 l\u2019orientation et au bon pilotage de ces syst\u00e8mes, rendant possible l\u2019am\u00e9lioration continue&hellip;","og_url":"https:\/\/csefrs.lifemoz.com\/fr\/publications\/avis-n4-2009-du-conseil-superieur-de-lenseignement-relatif-au-developpement-du-metier-et-des-missions-de-linspection-pedagogique\/","og_site_name":"Conseil sup\u00e9rieur de l\u2019\u00e9ducation, de la formation et de la recherche scientifique","article_modified_time":"2026-02-08T13:08:41+00:00","og_image":[{"width":615,"height":849,"url":"https:\/\/csefrs.lifemoz.com\/wp-content\/uploads\/2025\/12\/Resume-projet-Inspection-pedagogique-FR.png","type":"image\/png"}],"twitter_card":"summary_large_image","schema":{"@context":"https:\/\/schema.org","@graph":[{"@type":"WebPage","@id":"https:\/\/csefrs.lifemoz.com\/fr\/publications\/avis-n4-2009-du-conseil-superieur-de-lenseignement-relatif-au-developpement-du-metier-et-des-missions-de-linspection-pedagogique\/","url":"https:\/\/csefrs.lifemoz.com\/fr\/publications\/avis-n4-2009-du-conseil-superieur-de-lenseignement-relatif-au-developpement-du-metier-et-des-missions-de-linspection-pedagogique\/","name":"Avis n\u00b04\/2009 du Conseil Sup\u00e9rieur de l\u2019Enseignement relatif au \u00ab D\u00e9veloppement du m\u00e9tier et des missions de l\u2019inspection p\u00e9dagogique \u00bb - Conseil sup\u00e9rieur de l\u2019\u00e9ducation, de la formation et de la recherche scientifique","isPartOf":{"@id":"https:\/\/csefrs.lifemoz.com\/#website"},"primaryImageOfPage":{"@id":"https:\/\/csefrs.lifemoz.com\/fr\/publications\/avis-n4-2009-du-conseil-superieur-de-lenseignement-relatif-au-developpement-du-metier-et-des-missions-de-linspection-pedagogique\/#primaryimage"},"image":{"@id":"https:\/\/csefrs.lifemoz.com\/fr\/publications\/avis-n4-2009-du-conseil-superieur-de-lenseignement-relatif-au-developpement-du-metier-et-des-missions-de-linspection-pedagogique\/#primaryimage"},"thumbnailUrl":"https:\/\/csefrs.lifemoz.com\/wp-content\/uploads\/2025\/12\/Resume-projet-Inspection-pedagogique-FR.png","datePublished":"2009-07-01T23:00:00+00:00","dateModified":"2026-02-08T13:08:41+00:00","breadcrumb":{"@id":"https:\/\/csefrs.lifemoz.com\/fr\/publications\/avis-n4-2009-du-conseil-superieur-de-lenseignement-relatif-au-developpement-du-metier-et-des-missions-de-linspection-pedagogique\/#breadcrumb"},"inLanguage":"fr-FR","potentialAction":[{"@type":"ReadAction","target":["https:\/\/csefrs.lifemoz.com\/fr\/publications\/avis-n4-2009-du-conseil-superieur-de-lenseignement-relatif-au-developpement-du-metier-et-des-missions-de-linspection-pedagogique\/"]}]},{"@type":"ImageObject","inLanguage":"fr-FR","@id":"https:\/\/csefrs.lifemoz.com\/fr\/publications\/avis-n4-2009-du-conseil-superieur-de-lenseignement-relatif-au-developpement-du-metier-et-des-missions-de-linspection-pedagogique\/#primaryimage","url":"https:\/\/csefrs.lifemoz.com\/wp-content\/uploads\/2025\/12\/Resume-projet-Inspection-pedagogique-FR.png","contentUrl":"https:\/\/csefrs.lifemoz.com\/wp-content\/uploads\/2025\/12\/Resume-projet-Inspection-pedagogique-FR.png","width":615,"height":849},{"@type":"BreadcrumbList","@id":"https:\/\/csefrs.lifemoz.com\/fr\/publications\/avis-n4-2009-du-conseil-superieur-de-lenseignement-relatif-au-developpement-du-metier-et-des-missions-de-linspection-pedagogique\/#breadcrumb","itemListElement":[{"@type":"ListItem","position":1,"name":"Accueil","item":"https:\/\/csefrs.lifemoz.com\/fr\/"},{"@type":"ListItem","position":2,"name":"Publications","item":"https:\/\/csefrs.lifemoz.com\/\u0627\u0644\u0645\u0646\u0634\u0648\u0631\u0627\u062a\/"},{"@type":"ListItem","position":3,"name":"Avis n\u00b04\/2009 du Conseil Sup\u00e9rieur de l\u2019Enseignement relatif au \u00ab D\u00e9veloppement du m\u00e9tier et des missions de l\u2019inspection p\u00e9dagogique \u00bb"}]},{"@type":"WebSite","@id":"https:\/\/csefrs.lifemoz.com\/#website","url":"https:\/\/csefrs.lifemoz.com\/","name":"Conseil sup\u00e9rieur de l\u2019\u00e9ducation, de la formation et de la recherche scientifique","description":"","potentialAction":[{"@type":"SearchAction","target":{"@type":"EntryPoint","urlTemplate":"https:\/\/csefrs.lifemoz.com\/?s={search_term_string}"},"query-input":{"@type":"PropertyValueSpecification","valueRequired":true,"valueName":"search_term_string"}}],"inLanguage":"fr-FR"}]}},"_links":{"self":[{"href":"https:\/\/csefrs.lifemoz.com\/fr\/wp-json\/wp\/v2\/product\/37471","targetHints":{"allow":["GET"]}}],"collection":[{"href":"https:\/\/csefrs.lifemoz.com\/fr\/wp-json\/wp\/v2\/product"}],"about":[{"href":"https:\/\/csefrs.lifemoz.com\/fr\/wp-json\/wp\/v2\/types\/product"}],"wp:featuredmedia":[{"embeddable":true,"href":"https:\/\/csefrs.lifemoz.com\/fr\/wp-json\/wp\/v2\/media\/37111"}],"wp:attachment":[{"href":"https:\/\/csefrs.lifemoz.com\/fr\/wp-json\/wp\/v2\/media?parent=37471"}],"wp:term":[{"taxonomy":"product_brand","embeddable":true,"href":"https:\/\/csefrs.lifemoz.com\/fr\/wp-json\/wp\/v2\/product_brand?post=37471"},{"taxonomy":"product_cat","embeddable":true,"href":"https:\/\/csefrs.lifemoz.com\/fr\/wp-json\/wp\/v2\/product_cat?post=37471"},{"taxonomy":"product_tag","embeddable":true,"href":"https:\/\/csefrs.lifemoz.com\/fr\/wp-json\/wp\/v2\/product_tag?post=37471"}],"curies":[{"name":"wp","href":"https:\/\/api.w.org\/{rel}","templated":true}]}}