{"id":37467,"date":"2008-10-02T00:00:00","date_gmt":"2008-10-02T00:00:00","guid":{"rendered":"https:\/\/csefrs.lifemoz.com\/\u0627\u0644\u0645\u0646\u0634\u0648\u0631\u0627\u062a\/point-de-vue-du-conseil-superieur-de-lenseignement-relatif-au-programme-durgence-des-departements-en-charge-de-leducation-et-de-la-formation\/"},"modified":"2026-02-08T14:08:44","modified_gmt":"2026-02-08T13:08:44","slug":"point-de-vue-du-conseil-superieur-de-lenseignement-relatif-au-programme-durgence-des-departements-en-charge-de-leducation-et-de-la-formation","status":"publish","type":"product","link":"https:\/\/csefrs.lifemoz.com\/fr\/publications\/point-de-vue-du-conseil-superieur-de-lenseignement-relatif-au-programme-durgence-des-departements-en-charge-de-leducation-et-de-la-formation\/","title":{"rendered":"Point de vue du Conseil Sup\u00e9rieur de l\u2019Enseignement relatif au programme d\u2019urgence des d\u00e9partements en charge de l\u2019\u00e9ducation et de la formation"},"content":{"rendered":"<p style=\"text-align: justify;\">Le Conseil souligne dans ce point de vue, issu de d\u00e9bats approfondis lors de son assembl\u00e9e g\u00e9n\u00e9rale consacr\u00e9e au programme d\u2019urgence , l\u2019imp\u00e9ratif d\u2019intensifier les efforts pour la promotion de l\u2019enseignement pr\u00e9scolaire et pour assurer un enseignement obligatoire de qualit\u00e9 pour tous les enfants marocains jusqu\u2019\u00e0 l\u2019\u00e2ge de quinze ans r\u00e9volus. L\u2019accent a \u00e9galement \u00e9t\u00e9 mis sur la n\u00e9cessit\u00e9 de mettre en place des mesures incitatives et d\u2019encouragement de l\u2019excellence dans l\u2019enseignement secondaire qualifiant, l\u2019enseignement sup\u00e9rieur, la recherche scientifique et la formation professionnelle.<\/p>\n<p>&nbsp;<br \/>\n<a class=\"download-button-intern-fr\" href=\"https:\/\/csefrs.lifemoz.com\/wp-content\/uploads\/2017\/10\/Point-de-vue-CSE-Plan-durgence.pdf\" target=\"_blank\" rel=\"noopener\">T\u00e9l\u00e9charger le point de vue du Conseil Sup\u00e9rieur de l\u2019Enseignement relatif au programme d\u2019urgence des d\u00e9partements en charge de l\u2019\u00e9ducation et de la formation<\/a><\/p>\n","protected":false},"excerpt":{"rendered":"<p>Le Conseil souligne dans ce point de vue, issu de d\u00e9bats approfondis lors de son assembl\u00e9e g\u00e9n\u00e9rale consacr\u00e9e au programme d\u2019urgence , l\u2019imp\u00e9ratif d\u2019intensifier les efforts pour la promotion de l\u2019enseignement pr\u00e9scolaire et pour assurer un enseignement obligatoire de qualit\u00e9 pour tous les enfants marocains jusqu\u2019\u00e0 l\u2019\u00e2ge de quinze ans r\u00e9volus. L\u2019accent a \u00e9galement \u00e9t\u00e9&hellip;<\/p>\n","protected":false},"featured_media":37109,"template":"","meta":[],"product_brand":[],"product_cat":[507],"product_tag":[],"class_list":{"0":"post-37467","1":"product","2":"type-product","3":"status-publish","4":"has-post-thumbnail","6":"product_cat-avis-saisine","7":"description-off","9":"first","10":"instock","11":"downloadable","12":"virtual","13":"sold-individually","14":"purchasable","15":"product-type-simple"},"yoast_head":"<!-- This site is optimized with the Yoast SEO plugin v27.5 - https:\/\/yoast.com\/product\/yoast-seo-wordpress\/ -->\n<title>Point de vue du Conseil Sup\u00e9rieur de l\u2019Enseignement relatif au programme d\u2019urgence des d\u00e9partements en charge de l\u2019\u00e9ducation et de la formation - Conseil sup\u00e9rieur de l\u2019\u00e9ducation, de la formation et de la recherche scientifique<\/title>\n<meta name=\"robots\" content=\"noindex, follow, max-snippet:-1, max-image-preview:large, max-video-preview:-1\" \/>\n<meta property=\"og:locale\" content=\"fr_FR\" \/>\n<meta property=\"og:type\" content=\"article\" \/>\n<meta property=\"og:title\" content=\"Point de vue du Conseil Sup\u00e9rieur de l\u2019Enseignement relatif au programme d\u2019urgence des d\u00e9partements en charge de l\u2019\u00e9ducation et de la formation - Conseil sup\u00e9rieur de l\u2019\u00e9ducation, de la formation et de la recherche scientifique\" \/>\n<meta property=\"og:description\" content=\"Le Conseil souligne dans ce point de vue, issu de d\u00e9bats approfondis lors de son assembl\u00e9e g\u00e9n\u00e9rale consacr\u00e9e au programme d\u2019urgence , l\u2019imp\u00e9ratif d\u2019intensifier les efforts pour la promotion de l\u2019enseignement pr\u00e9scolaire et pour assurer un enseignement obligatoire de qualit\u00e9 pour tous les enfants marocains jusqu\u2019\u00e0 l\u2019\u00e2ge de quinze ans r\u00e9volus. L\u2019accent a \u00e9galement \u00e9t\u00e9&hellip;\" \/>\n<meta property=\"og:url\" content=\"https:\/\/csefrs.lifemoz.com\/fr\/publications\/point-de-vue-du-conseil-superieur-de-lenseignement-relatif-au-programme-durgence-des-departements-en-charge-de-leducation-et-de-la-formation\/\" \/>\n<meta property=\"og:site_name\" content=\"Conseil sup\u00e9rieur de l\u2019\u00e9ducation, de la formation et de la recherche scientifique\" \/>\n<meta property=\"article:modified_time\" content=\"2026-02-08T13:08:44+00:00\" \/>\n<meta property=\"og:image\" content=\"https:\/\/csefrs.lifemoz.com\/wp-content\/uploads\/2025\/12\/Point-de-vue-CSE-Plan-durgence.png\" \/>\n\t<meta property=\"og:image:width\" content=\"634\" \/>\n\t<meta property=\"og:image:height\" content=\"898\" \/>\n\t<meta property=\"og:image:type\" content=\"image\/png\" \/>\n<meta name=\"twitter:card\" content=\"summary_large_image\" \/>\n<meta name=\"twitter:label1\" content=\"Dur\u00e9e de lecture estim\u00e9e\" \/>\n\t<meta name=\"twitter:data1\" content=\"1 minute\" \/>\n<script type=\"application\/ld+json\" class=\"yoast-schema-graph\">{\"@context\":\"https:\\\/\\\/schema.org\",\"@graph\":[{\"@type\":\"WebPage\",\"@id\":\"https:\\\/\\\/csefrs.lifemoz.com\\\/fr\\\/publications\\\/point-de-vue-du-conseil-superieur-de-lenseignement-relatif-au-programme-durgence-des-departements-en-charge-de-leducation-et-de-la-formation\\\/\",\"url\":\"https:\\\/\\\/csefrs.lifemoz.com\\\/fr\\\/publications\\\/point-de-vue-du-conseil-superieur-de-lenseignement-relatif-au-programme-durgence-des-departements-en-charge-de-leducation-et-de-la-formation\\\/\",\"name\":\"Point de vue du Conseil Sup\u00e9rieur de l\u2019Enseignement relatif au programme d\u2019urgence des d\u00e9partements en charge de l\u2019\u00e9ducation et de la formation - Conseil sup\u00e9rieur de l\u2019\u00e9ducation, de la formation et de la recherche scientifique\",\"isPartOf\":{\"@id\":\"https:\\\/\\\/csefrs.lifemoz.com\\\/#website\"},\"primaryImageOfPage\":{\"@id\":\"https:\\\/\\\/csefrs.lifemoz.com\\\/fr\\\/publications\\\/point-de-vue-du-conseil-superieur-de-lenseignement-relatif-au-programme-durgence-des-departements-en-charge-de-leducation-et-de-la-formation\\\/#primaryimage\"},\"image\":{\"@id\":\"https:\\\/\\\/csefrs.lifemoz.com\\\/fr\\\/publications\\\/point-de-vue-du-conseil-superieur-de-lenseignement-relatif-au-programme-durgence-des-departements-en-charge-de-leducation-et-de-la-formation\\\/#primaryimage\"},\"thumbnailUrl\":\"https:\\\/\\\/csefrs.lifemoz.com\\\/wp-content\\\/uploads\\\/2025\\\/12\\\/Point-de-vue-CSE-Plan-durgence.png\",\"datePublished\":\"2008-10-02T00:00:00+00:00\",\"dateModified\":\"2026-02-08T13:08:44+00:00\",\"breadcrumb\":{\"@id\":\"https:\\\/\\\/csefrs.lifemoz.com\\\/fr\\\/publications\\\/point-de-vue-du-conseil-superieur-de-lenseignement-relatif-au-programme-durgence-des-departements-en-charge-de-leducation-et-de-la-formation\\\/#breadcrumb\"},\"inLanguage\":\"fr-FR\",\"potentialAction\":[{\"@type\":\"ReadAction\",\"target\":[\"https:\\\/\\\/csefrs.lifemoz.com\\\/fr\\\/publications\\\/point-de-vue-du-conseil-superieur-de-lenseignement-relatif-au-programme-durgence-des-departements-en-charge-de-leducation-et-de-la-formation\\\/\"]}]},{\"@type\":\"ImageObject\",\"inLanguage\":\"fr-FR\",\"@id\":\"https:\\\/\\\/csefrs.lifemoz.com\\\/fr\\\/publications\\\/point-de-vue-du-conseil-superieur-de-lenseignement-relatif-au-programme-durgence-des-departements-en-charge-de-leducation-et-de-la-formation\\\/#primaryimage\",\"url\":\"https:\\\/\\\/csefrs.lifemoz.com\\\/wp-content\\\/uploads\\\/2025\\\/12\\\/Point-de-vue-CSE-Plan-durgence.png\",\"contentUrl\":\"https:\\\/\\\/csefrs.lifemoz.com\\\/wp-content\\\/uploads\\\/2025\\\/12\\\/Point-de-vue-CSE-Plan-durgence.png\",\"width\":634,\"height\":898},{\"@type\":\"BreadcrumbList\",\"@id\":\"https:\\\/\\\/csefrs.lifemoz.com\\\/fr\\\/publications\\\/point-de-vue-du-conseil-superieur-de-lenseignement-relatif-au-programme-durgence-des-departements-en-charge-de-leducation-et-de-la-formation\\\/#breadcrumb\",\"itemListElement\":[{\"@type\":\"ListItem\",\"position\":1,\"name\":\"Accueil\",\"item\":\"https:\\\/\\\/csefrs.lifemoz.com\\\/fr\\\/\"},{\"@type\":\"ListItem\",\"position\":2,\"name\":\"Publications\",\"item\":\"https:\\\/\\\/csefrs.lifemoz.com\\\/\u0627\u0644\u0645\u0646\u0634\u0648\u0631\u0627\u062a\\\/\"},{\"@type\":\"ListItem\",\"position\":3,\"name\":\"Point de vue du Conseil Sup\u00e9rieur de l\u2019Enseignement relatif au programme d\u2019urgence des d\u00e9partements en charge de l\u2019\u00e9ducation et de la formation\"}]},{\"@type\":\"WebSite\",\"@id\":\"https:\\\/\\\/csefrs.lifemoz.com\\\/#website\",\"url\":\"https:\\\/\\\/csefrs.lifemoz.com\\\/\",\"name\":\"Conseil sup\u00e9rieur de l\u2019\u00e9ducation, de la formation et de la recherche scientifique\",\"description\":\"\",\"potentialAction\":[{\"@type\":\"SearchAction\",\"target\":{\"@type\":\"EntryPoint\",\"urlTemplate\":\"https:\\\/\\\/csefrs.lifemoz.com\\\/?s={search_term_string}\"},\"query-input\":{\"@type\":\"PropertyValueSpecification\",\"valueRequired\":true,\"valueName\":\"search_term_string\"}}],\"inLanguage\":\"fr-FR\"}]}<\/script>\n<!-- \/ Yoast SEO plugin. -->","yoast_head_json":{"title":"Point de vue du Conseil Sup\u00e9rieur de l\u2019Enseignement relatif au programme d\u2019urgence des d\u00e9partements en charge de l\u2019\u00e9ducation et de la formation - Conseil sup\u00e9rieur de l\u2019\u00e9ducation, de la formation et de la recherche scientifique","robots":{"index":"noindex","follow":"follow","max-snippet":"max-snippet:-1","max-image-preview":"max-image-preview:large","max-video-preview":"max-video-preview:-1"},"og_locale":"fr_FR","og_type":"article","og_title":"Point de vue du Conseil Sup\u00e9rieur de l\u2019Enseignement relatif au programme d\u2019urgence des d\u00e9partements en charge de l\u2019\u00e9ducation et de la formation - Conseil sup\u00e9rieur de l\u2019\u00e9ducation, de la formation et de la recherche scientifique","og_description":"Le Conseil souligne dans ce point de vue, issu de d\u00e9bats approfondis lors de son assembl\u00e9e g\u00e9n\u00e9rale consacr\u00e9e au programme d\u2019urgence , l\u2019imp\u00e9ratif d\u2019intensifier les efforts pour la promotion de l\u2019enseignement pr\u00e9scolaire et pour assurer un enseignement obligatoire de qualit\u00e9 pour tous les enfants marocains jusqu\u2019\u00e0 l\u2019\u00e2ge de quinze ans r\u00e9volus. L\u2019accent a \u00e9galement \u00e9t\u00e9&hellip;","og_url":"https:\/\/csefrs.lifemoz.com\/fr\/publications\/point-de-vue-du-conseil-superieur-de-lenseignement-relatif-au-programme-durgence-des-departements-en-charge-de-leducation-et-de-la-formation\/","og_site_name":"Conseil sup\u00e9rieur de l\u2019\u00e9ducation, de la formation et de la recherche scientifique","article_modified_time":"2026-02-08T13:08:44+00:00","og_image":[{"width":634,"height":898,"url":"https:\/\/csefrs.lifemoz.com\/wp-content\/uploads\/2025\/12\/Point-de-vue-CSE-Plan-durgence.png","type":"image\/png"}],"twitter_card":"summary_large_image","twitter_misc":{"Dur\u00e9e de lecture estim\u00e9e":"1 minute"},"schema":{"@context":"https:\/\/schema.org","@graph":[{"@type":"WebPage","@id":"https:\/\/csefrs.lifemoz.com\/fr\/publications\/point-de-vue-du-conseil-superieur-de-lenseignement-relatif-au-programme-durgence-des-departements-en-charge-de-leducation-et-de-la-formation\/","url":"https:\/\/csefrs.lifemoz.com\/fr\/publications\/point-de-vue-du-conseil-superieur-de-lenseignement-relatif-au-programme-durgence-des-departements-en-charge-de-leducation-et-de-la-formation\/","name":"Point de vue du Conseil Sup\u00e9rieur de l\u2019Enseignement relatif au programme d\u2019urgence des d\u00e9partements en charge de l\u2019\u00e9ducation et de la formation - Conseil sup\u00e9rieur de l\u2019\u00e9ducation, de la formation et de la recherche scientifique","isPartOf":{"@id":"https:\/\/csefrs.lifemoz.com\/#website"},"primaryImageOfPage":{"@id":"https:\/\/csefrs.lifemoz.com\/fr\/publications\/point-de-vue-du-conseil-superieur-de-lenseignement-relatif-au-programme-durgence-des-departements-en-charge-de-leducation-et-de-la-formation\/#primaryimage"},"image":{"@id":"https:\/\/csefrs.lifemoz.com\/fr\/publications\/point-de-vue-du-conseil-superieur-de-lenseignement-relatif-au-programme-durgence-des-departements-en-charge-de-leducation-et-de-la-formation\/#primaryimage"},"thumbnailUrl":"https:\/\/csefrs.lifemoz.com\/wp-content\/uploads\/2025\/12\/Point-de-vue-CSE-Plan-durgence.png","datePublished":"2008-10-02T00:00:00+00:00","dateModified":"2026-02-08T13:08:44+00:00","breadcrumb":{"@id":"https:\/\/csefrs.lifemoz.com\/fr\/publications\/point-de-vue-du-conseil-superieur-de-lenseignement-relatif-au-programme-durgence-des-departements-en-charge-de-leducation-et-de-la-formation\/#breadcrumb"},"inLanguage":"fr-FR","potentialAction":[{"@type":"ReadAction","target":["https:\/\/csefrs.lifemoz.com\/fr\/publications\/point-de-vue-du-conseil-superieur-de-lenseignement-relatif-au-programme-durgence-des-departements-en-charge-de-leducation-et-de-la-formation\/"]}]},{"@type":"ImageObject","inLanguage":"fr-FR","@id":"https:\/\/csefrs.lifemoz.com\/fr\/publications\/point-de-vue-du-conseil-superieur-de-lenseignement-relatif-au-programme-durgence-des-departements-en-charge-de-leducation-et-de-la-formation\/#primaryimage","url":"https:\/\/csefrs.lifemoz.com\/wp-content\/uploads\/2025\/12\/Point-de-vue-CSE-Plan-durgence.png","contentUrl":"https:\/\/csefrs.lifemoz.com\/wp-content\/uploads\/2025\/12\/Point-de-vue-CSE-Plan-durgence.png","width":634,"height":898},{"@type":"BreadcrumbList","@id":"https:\/\/csefrs.lifemoz.com\/fr\/publications\/point-de-vue-du-conseil-superieur-de-lenseignement-relatif-au-programme-durgence-des-departements-en-charge-de-leducation-et-de-la-formation\/#breadcrumb","itemListElement":[{"@type":"ListItem","position":1,"name":"Accueil","item":"https:\/\/csefrs.lifemoz.com\/fr\/"},{"@type":"ListItem","position":2,"name":"Publications","item":"https:\/\/csefrs.lifemoz.com\/\u0627\u0644\u0645\u0646\u0634\u0648\u0631\u0627\u062a\/"},{"@type":"ListItem","position":3,"name":"Point de vue du Conseil Sup\u00e9rieur de l\u2019Enseignement relatif au programme d\u2019urgence des d\u00e9partements en charge de l\u2019\u00e9ducation et de la formation"}]},{"@type":"WebSite","@id":"https:\/\/csefrs.lifemoz.com\/#website","url":"https:\/\/csefrs.lifemoz.com\/","name":"Conseil sup\u00e9rieur de l\u2019\u00e9ducation, de la formation et de la recherche scientifique","description":"","potentialAction":[{"@type":"SearchAction","target":{"@type":"EntryPoint","urlTemplate":"https:\/\/csefrs.lifemoz.com\/?s={search_term_string}"},"query-input":{"@type":"PropertyValueSpecification","valueRequired":true,"valueName":"search_term_string"}}],"inLanguage":"fr-FR"}]}},"_links":{"self":[{"href":"https:\/\/csefrs.lifemoz.com\/fr\/wp-json\/wp\/v2\/product\/37467","targetHints":{"allow":["GET"]}}],"collection":[{"href":"https:\/\/csefrs.lifemoz.com\/fr\/wp-json\/wp\/v2\/product"}],"about":[{"href":"https:\/\/csefrs.lifemoz.com\/fr\/wp-json\/wp\/v2\/types\/product"}],"wp:featuredmedia":[{"embeddable":true,"href":"https:\/\/csefrs.lifemoz.com\/fr\/wp-json\/wp\/v2\/media\/37109"}],"wp:attachment":[{"href":"https:\/\/csefrs.lifemoz.com\/fr\/wp-json\/wp\/v2\/media?parent=37467"}],"wp:term":[{"taxonomy":"product_brand","embeddable":true,"href":"https:\/\/csefrs.lifemoz.com\/fr\/wp-json\/wp\/v2\/product_brand?post=37467"},{"taxonomy":"product_cat","embeddable":true,"href":"https:\/\/csefrs.lifemoz.com\/fr\/wp-json\/wp\/v2\/product_cat?post=37467"},{"taxonomy":"product_tag","embeddable":true,"href":"https:\/\/csefrs.lifemoz.com\/fr\/wp-json\/wp\/v2\/product_tag?post=37467"}],"curies":[{"name":"wp","href":"https:\/\/api.w.org\/{rel}","templated":true}]}}