{"id":37465,"date":"2007-07-02T00:00:00","date_gmt":"2007-07-02T00:00:00","guid":{"rendered":"https:\/\/csefrs.lifemoz.com\/\u0627\u0644\u0645\u0646\u0634\u0648\u0631\u0627\u062a\/avis-n2-2007-du-conseil-superieur-de-lenseignement-relatif-au-role-de-lecole-dans-la-promotion-du-comportement-civique\/"},"modified":"2026-02-08T14:08:48","modified_gmt":"2026-02-08T13:08:48","slug":"avis-n2-2007-du-conseil-superieur-de-lenseignement-relatif-au-role-de-lecole-dans-la-promotion-du-comportement-civique","status":"publish","type":"product","link":"https:\/\/csefrs.lifemoz.com\/fr\/publications\/avis-n2-2007-du-conseil-superieur-de-lenseignement-relatif-au-role-de-lecole-dans-la-promotion-du-comportement-civique\/","title":{"rendered":"Avis n\u00b02\/2007 du Conseil Sup\u00e9rieur de l\u2019Enseignement relatif au \u00ab R\u00f4le de l\u2019\u00e9cole dans la promotion du comportement civique \u00bb"},"content":{"rendered":"<p style=\"text-align: justify;\">L&rsquo;avis du Conseil Sup\u00e9rieur de l\u2019Enseignement relatif au R\u00f4le de l\u2019\u00e9cole dans la promotion du comportement civique , expose un certain nombre d\u2019\u00e9l\u00e9ments de diagnostic de l\u2019\u00e9tat des lieux du comportement civique dans les espaces \u00e9ducatifs nationaux avant de se consacrer \u00e0 la probl\u00e9matique de l\u2019approche de cette situation du point de vue pratique et sous l\u2019angle des m\u00e9thodologies p\u00e9dagogiques mises en \u0153uvre. Le CSE conclut par des propositions destin\u00e9es \u00e0 \u00e9difier un cadre d\u2019action \u00e0 m\u00eame de d\u00e9velopper le comportement civique dans les \u00e9tablissements et les espaces scolaires et universitaires nationaux, \u00e0 partir de l\u2019ann\u00e9e scolaire et universitaire 2007\/2008, accompagn\u00e9 de mesures et de m\u00e9canismes pour la mise en \u0153uvre et le suivi\u2026<\/p>\n<p>&nbsp;<br \/>\n<a class=\"download-button-intern-fr\" href=\"https:\/\/csefrs.lifemoz.com\/wp-content\/uploads\/2007\/07\/Avis-Civisme-FR.pdf\" target=\"_blank\" rel=\"noopener\">T\u00e9l\u00e9charger l&rsquo;avis du Conseil relatif au \u00ab R\u00f4le de l\u2019\u00e9cole dans la promotion du comportement civique \u00bb\u00a0\u00bb<\/a><\/p>\n","protected":false},"excerpt":{"rendered":"<p>L&rsquo;avis du Conseil Sup\u00e9rieur de l\u2019Enseignement relatif au R\u00f4le de l\u2019\u00e9cole dans la promotion du comportement civique , expose un certain nombre d\u2019\u00e9l\u00e9ments de diagnostic de l\u2019\u00e9tat des lieux du comportement civique dans les espaces \u00e9ducatifs nationaux avant de se consacrer \u00e0 la probl\u00e9matique de l\u2019approche de cette situation du point de vue pratique et&hellip;<\/p>\n","protected":false},"featured_media":37108,"template":"","meta":[],"product_brand":[],"product_cat":[507],"product_tag":[],"class_list":{"0":"post-37465","1":"product","2":"type-product","3":"status-publish","4":"has-post-thumbnail","6":"product_cat-avis-saisine","7":"description-off","9":"first","10":"instock","11":"downloadable","12":"virtual","13":"sold-individually","14":"purchasable","15":"product-type-simple"},"yoast_head":"<!-- This site is optimized with the Yoast SEO plugin v27.5 - https:\/\/yoast.com\/product\/yoast-seo-wordpress\/ -->\n<title>Avis n\u00b02\/2007 du Conseil Sup\u00e9rieur de l\u2019Enseignement relatif au \u00ab R\u00f4le de l\u2019\u00e9cole dans la promotion du comportement civique \u00bb - Conseil sup\u00e9rieur de l\u2019\u00e9ducation, de la formation et de la recherche scientifique<\/title>\n<meta name=\"robots\" content=\"noindex, follow, max-snippet:-1, max-image-preview:large, max-video-preview:-1\" \/>\n<meta property=\"og:locale\" content=\"fr_FR\" \/>\n<meta property=\"og:type\" content=\"article\" \/>\n<meta property=\"og:title\" content=\"Avis n\u00b02\/2007 du Conseil Sup\u00e9rieur de l\u2019Enseignement relatif au \u00ab R\u00f4le de l\u2019\u00e9cole dans la promotion du comportement civique \u00bb - Conseil sup\u00e9rieur de l\u2019\u00e9ducation, de la formation et de la recherche scientifique\" \/>\n<meta property=\"og:description\" content=\"L&rsquo;avis du Conseil Sup\u00e9rieur de l\u2019Enseignement relatif au R\u00f4le de l\u2019\u00e9cole dans la promotion du comportement civique , expose un certain nombre d\u2019\u00e9l\u00e9ments de diagnostic de l\u2019\u00e9tat des lieux du comportement civique dans les espaces \u00e9ducatifs nationaux avant de se consacrer \u00e0 la probl\u00e9matique de l\u2019approche de cette situation du point de vue pratique et&hellip;\" \/>\n<meta property=\"og:url\" content=\"https:\/\/csefrs.lifemoz.com\/fr\/publications\/avis-n2-2007-du-conseil-superieur-de-lenseignement-relatif-au-role-de-lecole-dans-la-promotion-du-comportement-civique\/\" \/>\n<meta property=\"og:site_name\" content=\"Conseil sup\u00e9rieur de l\u2019\u00e9ducation, de la formation et de la recherche scientifique\" \/>\n<meta property=\"article:modified_time\" content=\"2026-02-08T13:08:48+00:00\" \/>\n<meta property=\"og:image\" content=\"https:\/\/csefrs.lifemoz.com\/wp-content\/uploads\/2025\/12\/Avis-Civisme.png\" \/>\n\t<meta property=\"og:image:width\" content=\"615\" \/>\n\t<meta property=\"og:image:height\" content=\"849\" \/>\n\t<meta property=\"og:image:type\" content=\"image\/png\" \/>\n<meta name=\"twitter:card\" content=\"summary_large_image\" \/>\n<meta name=\"twitter:label1\" content=\"Dur\u00e9e de lecture estim\u00e9e\" \/>\n\t<meta name=\"twitter:data1\" content=\"1 minute\" \/>\n<script type=\"application\/ld+json\" class=\"yoast-schema-graph\">{\"@context\":\"https:\\\/\\\/schema.org\",\"@graph\":[{\"@type\":\"WebPage\",\"@id\":\"https:\\\/\\\/csefrs.lifemoz.com\\\/fr\\\/publications\\\/avis-n2-2007-du-conseil-superieur-de-lenseignement-relatif-au-role-de-lecole-dans-la-promotion-du-comportement-civique\\\/\",\"url\":\"https:\\\/\\\/csefrs.lifemoz.com\\\/fr\\\/publications\\\/avis-n2-2007-du-conseil-superieur-de-lenseignement-relatif-au-role-de-lecole-dans-la-promotion-du-comportement-civique\\\/\",\"name\":\"Avis n\u00b02\\\/2007 du Conseil Sup\u00e9rieur de l\u2019Enseignement relatif au \u00ab R\u00f4le de l\u2019\u00e9cole dans la promotion du comportement civique \u00bb - Conseil sup\u00e9rieur de l\u2019\u00e9ducation, de la formation et de la recherche scientifique\",\"isPartOf\":{\"@id\":\"https:\\\/\\\/csefrs.lifemoz.com\\\/#website\"},\"primaryImageOfPage\":{\"@id\":\"https:\\\/\\\/csefrs.lifemoz.com\\\/fr\\\/publications\\\/avis-n2-2007-du-conseil-superieur-de-lenseignement-relatif-au-role-de-lecole-dans-la-promotion-du-comportement-civique\\\/#primaryimage\"},\"image\":{\"@id\":\"https:\\\/\\\/csefrs.lifemoz.com\\\/fr\\\/publications\\\/avis-n2-2007-du-conseil-superieur-de-lenseignement-relatif-au-role-de-lecole-dans-la-promotion-du-comportement-civique\\\/#primaryimage\"},\"thumbnailUrl\":\"https:\\\/\\\/csefrs.lifemoz.com\\\/wp-content\\\/uploads\\\/2025\\\/12\\\/Avis-Civisme.png\",\"datePublished\":\"2007-07-02T00:00:00+00:00\",\"dateModified\":\"2026-02-08T13:08:48+00:00\",\"breadcrumb\":{\"@id\":\"https:\\\/\\\/csefrs.lifemoz.com\\\/fr\\\/publications\\\/avis-n2-2007-du-conseil-superieur-de-lenseignement-relatif-au-role-de-lecole-dans-la-promotion-du-comportement-civique\\\/#breadcrumb\"},\"inLanguage\":\"fr-FR\",\"potentialAction\":[{\"@type\":\"ReadAction\",\"target\":[\"https:\\\/\\\/csefrs.lifemoz.com\\\/fr\\\/publications\\\/avis-n2-2007-du-conseil-superieur-de-lenseignement-relatif-au-role-de-lecole-dans-la-promotion-du-comportement-civique\\\/\"]}]},{\"@type\":\"ImageObject\",\"inLanguage\":\"fr-FR\",\"@id\":\"https:\\\/\\\/csefrs.lifemoz.com\\\/fr\\\/publications\\\/avis-n2-2007-du-conseil-superieur-de-lenseignement-relatif-au-role-de-lecole-dans-la-promotion-du-comportement-civique\\\/#primaryimage\",\"url\":\"https:\\\/\\\/csefrs.lifemoz.com\\\/wp-content\\\/uploads\\\/2025\\\/12\\\/Avis-Civisme.png\",\"contentUrl\":\"https:\\\/\\\/csefrs.lifemoz.com\\\/wp-content\\\/uploads\\\/2025\\\/12\\\/Avis-Civisme.png\",\"width\":615,\"height\":849},{\"@type\":\"BreadcrumbList\",\"@id\":\"https:\\\/\\\/csefrs.lifemoz.com\\\/fr\\\/publications\\\/avis-n2-2007-du-conseil-superieur-de-lenseignement-relatif-au-role-de-lecole-dans-la-promotion-du-comportement-civique\\\/#breadcrumb\",\"itemListElement\":[{\"@type\":\"ListItem\",\"position\":1,\"name\":\"Accueil\",\"item\":\"https:\\\/\\\/csefrs.lifemoz.com\\\/fr\\\/\"},{\"@type\":\"ListItem\",\"position\":2,\"name\":\"Publications\",\"item\":\"https:\\\/\\\/csefrs.lifemoz.com\\\/\u0627\u0644\u0645\u0646\u0634\u0648\u0631\u0627\u062a\\\/\"},{\"@type\":\"ListItem\",\"position\":3,\"name\":\"Avis n\u00b02\\\/2007 du Conseil Sup\u00e9rieur de l\u2019Enseignement relatif au \u00ab R\u00f4le de l\u2019\u00e9cole dans la promotion du comportement civique \u00bb\"}]},{\"@type\":\"WebSite\",\"@id\":\"https:\\\/\\\/csefrs.lifemoz.com\\\/#website\",\"url\":\"https:\\\/\\\/csefrs.lifemoz.com\\\/\",\"name\":\"Conseil sup\u00e9rieur de l\u2019\u00e9ducation, de la formation et de la recherche scientifique\",\"description\":\"\",\"potentialAction\":[{\"@type\":\"SearchAction\",\"target\":{\"@type\":\"EntryPoint\",\"urlTemplate\":\"https:\\\/\\\/csefrs.lifemoz.com\\\/?s={search_term_string}\"},\"query-input\":{\"@type\":\"PropertyValueSpecification\",\"valueRequired\":true,\"valueName\":\"search_term_string\"}}],\"inLanguage\":\"fr-FR\"}]}<\/script>\n<!-- \/ Yoast SEO plugin. -->","yoast_head_json":{"title":"Avis n\u00b02\/2007 du Conseil Sup\u00e9rieur de l\u2019Enseignement relatif au \u00ab R\u00f4le de l\u2019\u00e9cole dans la promotion du comportement civique \u00bb - Conseil sup\u00e9rieur de l\u2019\u00e9ducation, de la formation et de la recherche scientifique","robots":{"index":"noindex","follow":"follow","max-snippet":"max-snippet:-1","max-image-preview":"max-image-preview:large","max-video-preview":"max-video-preview:-1"},"og_locale":"fr_FR","og_type":"article","og_title":"Avis n\u00b02\/2007 du Conseil Sup\u00e9rieur de l\u2019Enseignement relatif au \u00ab R\u00f4le de l\u2019\u00e9cole dans la promotion du comportement civique \u00bb - Conseil sup\u00e9rieur de l\u2019\u00e9ducation, de la formation et de la recherche scientifique","og_description":"L&rsquo;avis du Conseil Sup\u00e9rieur de l\u2019Enseignement relatif au R\u00f4le de l\u2019\u00e9cole dans la promotion du comportement civique , expose un certain nombre d\u2019\u00e9l\u00e9ments de diagnostic de l\u2019\u00e9tat des lieux du comportement civique dans les espaces \u00e9ducatifs nationaux avant de se consacrer \u00e0 la probl\u00e9matique de l\u2019approche de cette situation du point de vue pratique et&hellip;","og_url":"https:\/\/csefrs.lifemoz.com\/fr\/publications\/avis-n2-2007-du-conseil-superieur-de-lenseignement-relatif-au-role-de-lecole-dans-la-promotion-du-comportement-civique\/","og_site_name":"Conseil sup\u00e9rieur de l\u2019\u00e9ducation, de la formation et de la recherche scientifique","article_modified_time":"2026-02-08T13:08:48+00:00","og_image":[{"width":615,"height":849,"url":"https:\/\/csefrs.lifemoz.com\/wp-content\/uploads\/2025\/12\/Avis-Civisme.png","type":"image\/png"}],"twitter_card":"summary_large_image","twitter_misc":{"Dur\u00e9e de lecture estim\u00e9e":"1 minute"},"schema":{"@context":"https:\/\/schema.org","@graph":[{"@type":"WebPage","@id":"https:\/\/csefrs.lifemoz.com\/fr\/publications\/avis-n2-2007-du-conseil-superieur-de-lenseignement-relatif-au-role-de-lecole-dans-la-promotion-du-comportement-civique\/","url":"https:\/\/csefrs.lifemoz.com\/fr\/publications\/avis-n2-2007-du-conseil-superieur-de-lenseignement-relatif-au-role-de-lecole-dans-la-promotion-du-comportement-civique\/","name":"Avis n\u00b02\/2007 du Conseil Sup\u00e9rieur de l\u2019Enseignement relatif au \u00ab R\u00f4le de l\u2019\u00e9cole dans la promotion du comportement civique \u00bb - Conseil sup\u00e9rieur de l\u2019\u00e9ducation, de la formation et de la recherche scientifique","isPartOf":{"@id":"https:\/\/csefrs.lifemoz.com\/#website"},"primaryImageOfPage":{"@id":"https:\/\/csefrs.lifemoz.com\/fr\/publications\/avis-n2-2007-du-conseil-superieur-de-lenseignement-relatif-au-role-de-lecole-dans-la-promotion-du-comportement-civique\/#primaryimage"},"image":{"@id":"https:\/\/csefrs.lifemoz.com\/fr\/publications\/avis-n2-2007-du-conseil-superieur-de-lenseignement-relatif-au-role-de-lecole-dans-la-promotion-du-comportement-civique\/#primaryimage"},"thumbnailUrl":"https:\/\/csefrs.lifemoz.com\/wp-content\/uploads\/2025\/12\/Avis-Civisme.png","datePublished":"2007-07-02T00:00:00+00:00","dateModified":"2026-02-08T13:08:48+00:00","breadcrumb":{"@id":"https:\/\/csefrs.lifemoz.com\/fr\/publications\/avis-n2-2007-du-conseil-superieur-de-lenseignement-relatif-au-role-de-lecole-dans-la-promotion-du-comportement-civique\/#breadcrumb"},"inLanguage":"fr-FR","potentialAction":[{"@type":"ReadAction","target":["https:\/\/csefrs.lifemoz.com\/fr\/publications\/avis-n2-2007-du-conseil-superieur-de-lenseignement-relatif-au-role-de-lecole-dans-la-promotion-du-comportement-civique\/"]}]},{"@type":"ImageObject","inLanguage":"fr-FR","@id":"https:\/\/csefrs.lifemoz.com\/fr\/publications\/avis-n2-2007-du-conseil-superieur-de-lenseignement-relatif-au-role-de-lecole-dans-la-promotion-du-comportement-civique\/#primaryimage","url":"https:\/\/csefrs.lifemoz.com\/wp-content\/uploads\/2025\/12\/Avis-Civisme.png","contentUrl":"https:\/\/csefrs.lifemoz.com\/wp-content\/uploads\/2025\/12\/Avis-Civisme.png","width":615,"height":849},{"@type":"BreadcrumbList","@id":"https:\/\/csefrs.lifemoz.com\/fr\/publications\/avis-n2-2007-du-conseil-superieur-de-lenseignement-relatif-au-role-de-lecole-dans-la-promotion-du-comportement-civique\/#breadcrumb","itemListElement":[{"@type":"ListItem","position":1,"name":"Accueil","item":"https:\/\/csefrs.lifemoz.com\/fr\/"},{"@type":"ListItem","position":2,"name":"Publications","item":"https:\/\/csefrs.lifemoz.com\/\u0627\u0644\u0645\u0646\u0634\u0648\u0631\u0627\u062a\/"},{"@type":"ListItem","position":3,"name":"Avis n\u00b02\/2007 du Conseil Sup\u00e9rieur de l\u2019Enseignement relatif au \u00ab R\u00f4le de l\u2019\u00e9cole dans la promotion du comportement civique \u00bb"}]},{"@type":"WebSite","@id":"https:\/\/csefrs.lifemoz.com\/#website","url":"https:\/\/csefrs.lifemoz.com\/","name":"Conseil sup\u00e9rieur de l\u2019\u00e9ducation, de la formation et de la recherche scientifique","description":"","potentialAction":[{"@type":"SearchAction","target":{"@type":"EntryPoint","urlTemplate":"https:\/\/csefrs.lifemoz.com\/?s={search_term_string}"},"query-input":{"@type":"PropertyValueSpecification","valueRequired":true,"valueName":"search_term_string"}}],"inLanguage":"fr-FR"}]}},"_links":{"self":[{"href":"https:\/\/csefrs.lifemoz.com\/fr\/wp-json\/wp\/v2\/product\/37465","targetHints":{"allow":["GET"]}}],"collection":[{"href":"https:\/\/csefrs.lifemoz.com\/fr\/wp-json\/wp\/v2\/product"}],"about":[{"href":"https:\/\/csefrs.lifemoz.com\/fr\/wp-json\/wp\/v2\/types\/product"}],"wp:featuredmedia":[{"embeddable":true,"href":"https:\/\/csefrs.lifemoz.com\/fr\/wp-json\/wp\/v2\/media\/37108"}],"wp:attachment":[{"href":"https:\/\/csefrs.lifemoz.com\/fr\/wp-json\/wp\/v2\/media?parent=37465"}],"wp:term":[{"taxonomy":"product_brand","embeddable":true,"href":"https:\/\/csefrs.lifemoz.com\/fr\/wp-json\/wp\/v2\/product_brand?post=37465"},{"taxonomy":"product_cat","embeddable":true,"href":"https:\/\/csefrs.lifemoz.com\/fr\/wp-json\/wp\/v2\/product_cat?post=37465"},{"taxonomy":"product_tag","embeddable":true,"href":"https:\/\/csefrs.lifemoz.com\/fr\/wp-json\/wp\/v2\/product_tag?post=37465"}],"curies":[{"name":"wp","href":"https:\/\/api.w.org\/{rel}","templated":true}]}}