{"id":37463,"date":"2007-02-02T00:00:00","date_gmt":"2007-02-02T00:00:00","guid":{"rendered":"https:\/\/csefrs.lifemoz.com\/\u0627\u0644\u0645\u0646\u0634\u0648\u0631\u0627\u062a\/avis-n1-2007-du-conseil-superieur-de-lenseignement-relatif-au-projet-dhabilitation-de-lenseignement-traditionnel\/"},"modified":"2026-02-08T14:08:48","modified_gmt":"2026-02-08T13:08:48","slug":"avis-n1-2007-du-conseil-superieur-de-lenseignement-relatif-au-projet-dhabilitation-de-lenseignement-traditionnel","status":"publish","type":"product","link":"https:\/\/csefrs.lifemoz.com\/fr\/publications\/avis-n1-2007-du-conseil-superieur-de-lenseignement-relatif-au-projet-dhabilitation-de-lenseignement-traditionnel\/","title":{"rendered":"Avis n\u00b01\/2007 du Conseil Sup\u00e9rieur de l\u2019Enseignement relatif au \u00ab Projet d\u2019habilitation de l\u2019enseignement traditionnel \u00bb"},"content":{"rendered":"<p style=\"text-align: justify;\">L\u2019avis du Conseil relatif au \u00ab Projet d\u2019habilitation de l\u2019enseignement traditionnel \u00bb, \u00e9labor\u00e9 en r\u00e9ponse \u00e0 la saisine du Premier ministre adress\u00e9e au CSE \u00e0 ce sujet, aboutit \u00e0 la formulation d\u2019un certain nombre de recommandations allant dans le sens de l\u2019imp\u00e9ratif de veiller \u00e0 l\u2019unit\u00e9 et \u00e0 la coh\u00e9rence du syst\u00e8me national d\u2019\u00e9ducation et de formation, dans le cadre d\u2019une \u00e9cole plurielle mais poursuivant des objectifs unifi\u00e9s, garante de l\u2019\u00e9galit\u00e9 des chances pour l\u2019ensemble des enfants marocains.<\/p>\n<p>&nbsp;<br \/>\n<a class=\"download-button-intern-fr\" href=\"https:\/\/csefrs.lifemoz.com\/wp-content\/uploads\/2007\/02\/Avis-sur-l_enseignement-traditi-fr.pdf\" target=\"_blank\" rel=\"noopener\">T\u00e9l\u00e9charger l&rsquo;avis du Conseil relatif au \u00ab Projet d\u2019habilitation de l\u2019enseignement traditionnel \u00bb<\/a><\/p>\n","protected":false},"excerpt":{"rendered":"<p>L\u2019avis du Conseil relatif au \u00ab Projet d\u2019habilitation de l\u2019enseignement traditionnel \u00bb, \u00e9labor\u00e9 en r\u00e9ponse \u00e0 la saisine du Premier ministre adress\u00e9e au CSE \u00e0 ce sujet, aboutit \u00e0 la formulation d\u2019un certain nombre de recommandations allant dans le sens de l\u2019imp\u00e9ratif de veiller \u00e0 l\u2019unit\u00e9 et \u00e0 la coh\u00e9rence du syst\u00e8me national d\u2019\u00e9ducation et&hellip;<\/p>\n","protected":false},"featured_media":37107,"template":"","meta":[],"product_brand":[],"product_cat":[507],"product_tag":[],"class_list":{"0":"post-37463","1":"product","2":"type-product","3":"status-publish","4":"has-post-thumbnail","6":"product_cat-avis-saisine","7":"description-off","9":"first","10":"instock","11":"downloadable","12":"virtual","13":"sold-individually","14":"purchasable","15":"product-type-simple"},"yoast_head":"<!-- This site is optimized with the Yoast SEO plugin v27.5 - https:\/\/yoast.com\/product\/yoast-seo-wordpress\/ -->\n<title>Avis n\u00b01\/2007 du Conseil Sup\u00e9rieur de l\u2019Enseignement relatif au \u00ab Projet d\u2019habilitation de l\u2019enseignement traditionnel \u00bb - Conseil sup\u00e9rieur de l\u2019\u00e9ducation, de la formation et de la recherche scientifique<\/title>\n<meta name=\"robots\" content=\"noindex, follow, max-snippet:-1, max-image-preview:large, max-video-preview:-1\" \/>\n<meta property=\"og:locale\" content=\"fr_FR\" \/>\n<meta property=\"og:type\" content=\"article\" \/>\n<meta property=\"og:title\" content=\"Avis n\u00b01\/2007 du Conseil Sup\u00e9rieur de l\u2019Enseignement relatif au \u00ab Projet d\u2019habilitation de l\u2019enseignement traditionnel \u00bb - Conseil sup\u00e9rieur de l\u2019\u00e9ducation, de la formation et de la recherche scientifique\" \/>\n<meta property=\"og:description\" content=\"L\u2019avis du Conseil relatif au \u00ab Projet d\u2019habilitation de l\u2019enseignement traditionnel \u00bb, \u00e9labor\u00e9 en r\u00e9ponse \u00e0 la saisine du Premier ministre adress\u00e9e au CSE \u00e0 ce sujet, aboutit \u00e0 la formulation d\u2019un certain nombre de recommandations allant dans le sens de l\u2019imp\u00e9ratif de veiller \u00e0 l\u2019unit\u00e9 et \u00e0 la coh\u00e9rence du syst\u00e8me national d\u2019\u00e9ducation et&hellip;\" \/>\n<meta property=\"og:url\" content=\"https:\/\/csefrs.lifemoz.com\/fr\/publications\/avis-n1-2007-du-conseil-superieur-de-lenseignement-relatif-au-projet-dhabilitation-de-lenseignement-traditionnel\/\" \/>\n<meta property=\"og:site_name\" content=\"Conseil sup\u00e9rieur de l\u2019\u00e9ducation, de la formation et de la recherche scientifique\" \/>\n<meta property=\"article:modified_time\" content=\"2026-02-08T13:08:48+00:00\" \/>\n<meta property=\"og:image\" content=\"https:\/\/csefrs.lifemoz.com\/wp-content\/uploads\/2025\/12\/Avis-sur-l_enseignement-traditi-last-1.png\" \/>\n\t<meta property=\"og:image:width\" content=\"615\" \/>\n\t<meta property=\"og:image:height\" content=\"849\" \/>\n\t<meta property=\"og:image:type\" content=\"image\/png\" \/>\n<meta name=\"twitter:card\" content=\"summary_large_image\" \/>\n<meta name=\"twitter:label1\" content=\"Dur\u00e9e de lecture estim\u00e9e\" \/>\n\t<meta name=\"twitter:data1\" content=\"1 minute\" \/>\n<script type=\"application\/ld+json\" class=\"yoast-schema-graph\">{\"@context\":\"https:\\\/\\\/schema.org\",\"@graph\":[{\"@type\":\"WebPage\",\"@id\":\"https:\\\/\\\/csefrs.lifemoz.com\\\/fr\\\/publications\\\/avis-n1-2007-du-conseil-superieur-de-lenseignement-relatif-au-projet-dhabilitation-de-lenseignement-traditionnel\\\/\",\"url\":\"https:\\\/\\\/csefrs.lifemoz.com\\\/fr\\\/publications\\\/avis-n1-2007-du-conseil-superieur-de-lenseignement-relatif-au-projet-dhabilitation-de-lenseignement-traditionnel\\\/\",\"name\":\"Avis n\u00b01\\\/2007 du Conseil Sup\u00e9rieur de l\u2019Enseignement relatif au \u00ab Projet d\u2019habilitation de l\u2019enseignement traditionnel \u00bb - Conseil sup\u00e9rieur de l\u2019\u00e9ducation, de la formation et de la recherche scientifique\",\"isPartOf\":{\"@id\":\"https:\\\/\\\/csefrs.lifemoz.com\\\/#website\"},\"primaryImageOfPage\":{\"@id\":\"https:\\\/\\\/csefrs.lifemoz.com\\\/fr\\\/publications\\\/avis-n1-2007-du-conseil-superieur-de-lenseignement-relatif-au-projet-dhabilitation-de-lenseignement-traditionnel\\\/#primaryimage\"},\"image\":{\"@id\":\"https:\\\/\\\/csefrs.lifemoz.com\\\/fr\\\/publications\\\/avis-n1-2007-du-conseil-superieur-de-lenseignement-relatif-au-projet-dhabilitation-de-lenseignement-traditionnel\\\/#primaryimage\"},\"thumbnailUrl\":\"https:\\\/\\\/csefrs.lifemoz.com\\\/wp-content\\\/uploads\\\/2025\\\/12\\\/Avis-sur-l_enseignement-traditi-last-1.png\",\"datePublished\":\"2007-02-02T00:00:00+00:00\",\"dateModified\":\"2026-02-08T13:08:48+00:00\",\"breadcrumb\":{\"@id\":\"https:\\\/\\\/csefrs.lifemoz.com\\\/fr\\\/publications\\\/avis-n1-2007-du-conseil-superieur-de-lenseignement-relatif-au-projet-dhabilitation-de-lenseignement-traditionnel\\\/#breadcrumb\"},\"inLanguage\":\"fr-FR\",\"potentialAction\":[{\"@type\":\"ReadAction\",\"target\":[\"https:\\\/\\\/csefrs.lifemoz.com\\\/fr\\\/publications\\\/avis-n1-2007-du-conseil-superieur-de-lenseignement-relatif-au-projet-dhabilitation-de-lenseignement-traditionnel\\\/\"]}]},{\"@type\":\"ImageObject\",\"inLanguage\":\"fr-FR\",\"@id\":\"https:\\\/\\\/csefrs.lifemoz.com\\\/fr\\\/publications\\\/avis-n1-2007-du-conseil-superieur-de-lenseignement-relatif-au-projet-dhabilitation-de-lenseignement-traditionnel\\\/#primaryimage\",\"url\":\"https:\\\/\\\/csefrs.lifemoz.com\\\/wp-content\\\/uploads\\\/2025\\\/12\\\/Avis-sur-l_enseignement-traditi-last-1.png\",\"contentUrl\":\"https:\\\/\\\/csefrs.lifemoz.com\\\/wp-content\\\/uploads\\\/2025\\\/12\\\/Avis-sur-l_enseignement-traditi-last-1.png\",\"width\":615,\"height\":849},{\"@type\":\"BreadcrumbList\",\"@id\":\"https:\\\/\\\/csefrs.lifemoz.com\\\/fr\\\/publications\\\/avis-n1-2007-du-conseil-superieur-de-lenseignement-relatif-au-projet-dhabilitation-de-lenseignement-traditionnel\\\/#breadcrumb\",\"itemListElement\":[{\"@type\":\"ListItem\",\"position\":1,\"name\":\"Accueil\",\"item\":\"https:\\\/\\\/csefrs.lifemoz.com\\\/fr\\\/\"},{\"@type\":\"ListItem\",\"position\":2,\"name\":\"Publications\",\"item\":\"https:\\\/\\\/csefrs.lifemoz.com\\\/\u0627\u0644\u0645\u0646\u0634\u0648\u0631\u0627\u062a\\\/\"},{\"@type\":\"ListItem\",\"position\":3,\"name\":\"Avis n\u00b01\\\/2007 du Conseil Sup\u00e9rieur de l\u2019Enseignement relatif au \u00ab Projet d\u2019habilitation de l\u2019enseignement traditionnel \u00bb\"}]},{\"@type\":\"WebSite\",\"@id\":\"https:\\\/\\\/csefrs.lifemoz.com\\\/#website\",\"url\":\"https:\\\/\\\/csefrs.lifemoz.com\\\/\",\"name\":\"Conseil sup\u00e9rieur de l\u2019\u00e9ducation, de la formation et de la recherche scientifique\",\"description\":\"\",\"potentialAction\":[{\"@type\":\"SearchAction\",\"target\":{\"@type\":\"EntryPoint\",\"urlTemplate\":\"https:\\\/\\\/csefrs.lifemoz.com\\\/?s={search_term_string}\"},\"query-input\":{\"@type\":\"PropertyValueSpecification\",\"valueRequired\":true,\"valueName\":\"search_term_string\"}}],\"inLanguage\":\"fr-FR\"}]}<\/script>\n<!-- \/ Yoast SEO plugin. -->","yoast_head_json":{"title":"Avis n\u00b01\/2007 du Conseil Sup\u00e9rieur de l\u2019Enseignement relatif au \u00ab Projet d\u2019habilitation de l\u2019enseignement traditionnel \u00bb - Conseil sup\u00e9rieur de l\u2019\u00e9ducation, de la formation et de la recherche scientifique","robots":{"index":"noindex","follow":"follow","max-snippet":"max-snippet:-1","max-image-preview":"max-image-preview:large","max-video-preview":"max-video-preview:-1"},"og_locale":"fr_FR","og_type":"article","og_title":"Avis n\u00b01\/2007 du Conseil Sup\u00e9rieur de l\u2019Enseignement relatif au \u00ab Projet d\u2019habilitation de l\u2019enseignement traditionnel \u00bb - Conseil sup\u00e9rieur de l\u2019\u00e9ducation, de la formation et de la recherche scientifique","og_description":"L\u2019avis du Conseil relatif au \u00ab Projet d\u2019habilitation de l\u2019enseignement traditionnel \u00bb, \u00e9labor\u00e9 en r\u00e9ponse \u00e0 la saisine du Premier ministre adress\u00e9e au CSE \u00e0 ce sujet, aboutit \u00e0 la formulation d\u2019un certain nombre de recommandations allant dans le sens de l\u2019imp\u00e9ratif de veiller \u00e0 l\u2019unit\u00e9 et \u00e0 la coh\u00e9rence du syst\u00e8me national d\u2019\u00e9ducation et&hellip;","og_url":"https:\/\/csefrs.lifemoz.com\/fr\/publications\/avis-n1-2007-du-conseil-superieur-de-lenseignement-relatif-au-projet-dhabilitation-de-lenseignement-traditionnel\/","og_site_name":"Conseil sup\u00e9rieur de l\u2019\u00e9ducation, de la formation et de la recherche scientifique","article_modified_time":"2026-02-08T13:08:48+00:00","og_image":[{"width":615,"height":849,"url":"https:\/\/csefrs.lifemoz.com\/wp-content\/uploads\/2025\/12\/Avis-sur-l_enseignement-traditi-last-1.png","type":"image\/png"}],"twitter_card":"summary_large_image","twitter_misc":{"Dur\u00e9e de lecture estim\u00e9e":"1 minute"},"schema":{"@context":"https:\/\/schema.org","@graph":[{"@type":"WebPage","@id":"https:\/\/csefrs.lifemoz.com\/fr\/publications\/avis-n1-2007-du-conseil-superieur-de-lenseignement-relatif-au-projet-dhabilitation-de-lenseignement-traditionnel\/","url":"https:\/\/csefrs.lifemoz.com\/fr\/publications\/avis-n1-2007-du-conseil-superieur-de-lenseignement-relatif-au-projet-dhabilitation-de-lenseignement-traditionnel\/","name":"Avis n\u00b01\/2007 du Conseil Sup\u00e9rieur de l\u2019Enseignement relatif au \u00ab Projet d\u2019habilitation de l\u2019enseignement traditionnel \u00bb - Conseil sup\u00e9rieur de l\u2019\u00e9ducation, de la formation et de la recherche scientifique","isPartOf":{"@id":"https:\/\/csefrs.lifemoz.com\/#website"},"primaryImageOfPage":{"@id":"https:\/\/csefrs.lifemoz.com\/fr\/publications\/avis-n1-2007-du-conseil-superieur-de-lenseignement-relatif-au-projet-dhabilitation-de-lenseignement-traditionnel\/#primaryimage"},"image":{"@id":"https:\/\/csefrs.lifemoz.com\/fr\/publications\/avis-n1-2007-du-conseil-superieur-de-lenseignement-relatif-au-projet-dhabilitation-de-lenseignement-traditionnel\/#primaryimage"},"thumbnailUrl":"https:\/\/csefrs.lifemoz.com\/wp-content\/uploads\/2025\/12\/Avis-sur-l_enseignement-traditi-last-1.png","datePublished":"2007-02-02T00:00:00+00:00","dateModified":"2026-02-08T13:08:48+00:00","breadcrumb":{"@id":"https:\/\/csefrs.lifemoz.com\/fr\/publications\/avis-n1-2007-du-conseil-superieur-de-lenseignement-relatif-au-projet-dhabilitation-de-lenseignement-traditionnel\/#breadcrumb"},"inLanguage":"fr-FR","potentialAction":[{"@type":"ReadAction","target":["https:\/\/csefrs.lifemoz.com\/fr\/publications\/avis-n1-2007-du-conseil-superieur-de-lenseignement-relatif-au-projet-dhabilitation-de-lenseignement-traditionnel\/"]}]},{"@type":"ImageObject","inLanguage":"fr-FR","@id":"https:\/\/csefrs.lifemoz.com\/fr\/publications\/avis-n1-2007-du-conseil-superieur-de-lenseignement-relatif-au-projet-dhabilitation-de-lenseignement-traditionnel\/#primaryimage","url":"https:\/\/csefrs.lifemoz.com\/wp-content\/uploads\/2025\/12\/Avis-sur-l_enseignement-traditi-last-1.png","contentUrl":"https:\/\/csefrs.lifemoz.com\/wp-content\/uploads\/2025\/12\/Avis-sur-l_enseignement-traditi-last-1.png","width":615,"height":849},{"@type":"BreadcrumbList","@id":"https:\/\/csefrs.lifemoz.com\/fr\/publications\/avis-n1-2007-du-conseil-superieur-de-lenseignement-relatif-au-projet-dhabilitation-de-lenseignement-traditionnel\/#breadcrumb","itemListElement":[{"@type":"ListItem","position":1,"name":"Accueil","item":"https:\/\/csefrs.lifemoz.com\/fr\/"},{"@type":"ListItem","position":2,"name":"Publications","item":"https:\/\/csefrs.lifemoz.com\/\u0627\u0644\u0645\u0646\u0634\u0648\u0631\u0627\u062a\/"},{"@type":"ListItem","position":3,"name":"Avis n\u00b01\/2007 du Conseil Sup\u00e9rieur de l\u2019Enseignement relatif au \u00ab Projet d\u2019habilitation de l\u2019enseignement traditionnel \u00bb"}]},{"@type":"WebSite","@id":"https:\/\/csefrs.lifemoz.com\/#website","url":"https:\/\/csefrs.lifemoz.com\/","name":"Conseil sup\u00e9rieur de l\u2019\u00e9ducation, de la formation et de la recherche scientifique","description":"","potentialAction":[{"@type":"SearchAction","target":{"@type":"EntryPoint","urlTemplate":"https:\/\/csefrs.lifemoz.com\/?s={search_term_string}"},"query-input":{"@type":"PropertyValueSpecification","valueRequired":true,"valueName":"search_term_string"}}],"inLanguage":"fr-FR"}]}},"_links":{"self":[{"href":"https:\/\/csefrs.lifemoz.com\/fr\/wp-json\/wp\/v2\/product\/37463","targetHints":{"allow":["GET"]}}],"collection":[{"href":"https:\/\/csefrs.lifemoz.com\/fr\/wp-json\/wp\/v2\/product"}],"about":[{"href":"https:\/\/csefrs.lifemoz.com\/fr\/wp-json\/wp\/v2\/types\/product"}],"wp:featuredmedia":[{"embeddable":true,"href":"https:\/\/csefrs.lifemoz.com\/fr\/wp-json\/wp\/v2\/media\/37107"}],"wp:attachment":[{"href":"https:\/\/csefrs.lifemoz.com\/fr\/wp-json\/wp\/v2\/media?parent=37463"}],"wp:term":[{"taxonomy":"product_brand","embeddable":true,"href":"https:\/\/csefrs.lifemoz.com\/fr\/wp-json\/wp\/v2\/product_brand?post=37463"},{"taxonomy":"product_cat","embeddable":true,"href":"https:\/\/csefrs.lifemoz.com\/fr\/wp-json\/wp\/v2\/product_cat?post=37463"},{"taxonomy":"product_tag","embeddable":true,"href":"https:\/\/csefrs.lifemoz.com\/fr\/wp-json\/wp\/v2\/product_tag?post=37463"}],"curies":[{"name":"wp","href":"https:\/\/api.w.org\/{rel}","templated":true}]}}