{"id":37461,"date":"2017-07-02T00:00:00","date_gmt":"2017-07-02T00:00:00","guid":{"rendered":"https:\/\/csefrs.lifemoz.com\/\u0627\u0644\u0645\u0646\u0634\u0648\u0631\u0627\u062a\/avis-n3-2017-sur-lenseignement-prescolaire-pilier-de-la-nouvelle-ecole-marocaine\/"},"modified":"2026-02-08T14:08:35","modified_gmt":"2026-02-08T13:08:35","slug":"avis-n3-2017-sur-lenseignement-prescolaire-pilier-de-la-nouvelle-ecole-marocaine","status":"publish","type":"product","link":"https:\/\/csefrs.lifemoz.com\/fr\/publications\/avis-n3-2017-sur-lenseignement-prescolaire-pilier-de-la-nouvelle-ecole-marocaine\/","title":{"rendered":"Avis n\u00b03\/2017 sur : \u00ab L\u2019enseignement pr\u00e9scolaire : pilier de la nouvelle \u00e9cole marocaine \u00bb"},"content":{"rendered":"<p style=\"text-align: justify;\">\u00c9mis suite \u00e0 une auto-saisine, cet avis vise \u00e0 \u00e9laborer une vision de r\u00e9forme globale, porteuse de ruptures qualitatives, afin de garantir l\u2019acc\u00e8s de tous les enfants \u00e2g\u00e9s de 4 \u00e0 5 ans r\u00e9volus, sans discrimination, \u00e0 un enseignement pr\u00e9scolaire moderne, de qualit\u00e9 et attractif, \u00e0 l\u2019horizon des dix prochaines ann\u00e9es. L\u2019objectif \u00e9tant aussi de doter l\u2019enfant, en pr\u00e9vision de son acc\u00e8s \u00e0 l\u2019\u00e9cole primaire, de tous les pr\u00e9requis n\u00e9cessaires \u00e0 une int\u00e9gration et une scolarisation r\u00e9ussies.<\/p>\n<p><a class=\"download-button-intern-fr\" href=\"https:\/\/csefrs.lifemoz.com\/wp-content\/uploads\/2017\/07\/avis-pre--scolaire-fr.pdf\" target=\"_blank\" rel=\"noopener\">T\u00e9l\u00e9charger l&rsquo;avis du Conseil sur : \u00ab L\u2019enseignement pr\u00e9scolaire : pilier de la nouvelle \u00e9cole marocaine \u00bb<\/a><br \/>\n<a class=\"download-button-intern-fr\" href=\"https:\/\/csefrs.lifemoz.com\/wp-content\/uploads\/2017\/07\/rapport-pre--paratoire-pre--scolaire.pdf\" target=\"_blank\" rel=\"noopener\">T\u00e9l\u00e9charger le rapport pr\u00e9paratoire \u00ab\u00a0Un pr\u00e9scolaire \u00e9quitable et de qualit\u00e9\u00a0\u00bb<\/a><br \/>\n<a class=\"download-button-intern-fr\" href=\"https:\/\/csefrs.lifemoz.com\/wp-content\/uploads\/2017\/07\/re--sume---enseignement-prescolaire-fr.pdf\" target=\"_blank\" rel=\"noopener\">T\u00e9l\u00e9charger le r\u00e9sum\u00e9 de l&rsquo;avis<\/a><br \/>\n<a class=\"download-button-intern-fr\" href=\"https:\/\/csefrs.lifemoz.com\/wp-content\/uploads\/2017\/07\/Re--sume---enseignement-prescolaire-ar.pdf\" target=\"_blank\" rel=\"noopener\">T\u00e9l\u00e9charger le r\u00e9sum\u00e9 de l&rsquo;avis (Arabe)<\/a><br \/>\n<a class=\"download-button-intern-fr\" href=\"https:\/\/csefrs.lifemoz.com\/wp-content\/uploads\/2018\/11\/r--sum---prescolaire-esp-web.pdf\" target=\"_blank\" rel=\"noopener\">T\u00e9l\u00e9charger le r\u00e9sum\u00e9 de l&rsquo;avis (Espagnol)<\/a><\/p>\n","protected":false},"excerpt":{"rendered":"<p>\u00c9mis suite \u00e0 une auto-saisine, cet avis vise \u00e0 \u00e9laborer une vision de r\u00e9forme globale, porteuse de ruptures qualitatives, afin de garantir l\u2019acc\u00e8s de tous les enfants \u00e2g\u00e9s de 4 \u00e0 5 ans r\u00e9volus, sans discrimination, \u00e0 un enseignement pr\u00e9scolaire moderne, de qualit\u00e9 et attractif, \u00e0 l\u2019horizon des dix prochaines ann\u00e9es. L\u2019objectif \u00e9tant aussi de&hellip;<\/p>\n","protected":false},"featured_media":37106,"template":"","meta":[],"product_brand":[],"product_cat":[508],"product_tag":[],"class_list":{"0":"post-37461","1":"product","2":"type-product","3":"status-publish","4":"has-post-thumbnail","6":"product_cat-avis-auto-saisine","7":"description-off","9":"first","10":"instock","11":"downloadable","12":"virtual","13":"sold-individually","14":"purchasable","15":"product-type-simple"},"yoast_head":"<!-- This site is optimized with the Yoast SEO plugin v27.5 - https:\/\/yoast.com\/product\/yoast-seo-wordpress\/ -->\n<title>Avis n\u00b03\/2017 sur : \u00ab L\u2019enseignement pr\u00e9scolaire : pilier de la nouvelle \u00e9cole marocaine \u00bb - Conseil sup\u00e9rieur de l\u2019\u00e9ducation, de la formation et de la recherche scientifique<\/title>\n<meta name=\"robots\" content=\"noindex, follow, max-snippet:-1, max-image-preview:large, max-video-preview:-1\" \/>\n<meta property=\"og:locale\" content=\"fr_FR\" \/>\n<meta property=\"og:type\" content=\"article\" \/>\n<meta property=\"og:title\" content=\"Avis n\u00b03\/2017 sur : \u00ab L\u2019enseignement pr\u00e9scolaire : pilier de la nouvelle \u00e9cole marocaine \u00bb - Conseil sup\u00e9rieur de l\u2019\u00e9ducation, de la formation et de la recherche scientifique\" \/>\n<meta property=\"og:description\" content=\"\u00c9mis suite \u00e0 une auto-saisine, cet avis vise \u00e0 \u00e9laborer une vision de r\u00e9forme globale, porteuse de ruptures qualitatives, afin de garantir l\u2019acc\u00e8s de tous les enfants \u00e2g\u00e9s de 4 \u00e0 5 ans r\u00e9volus, sans discrimination, \u00e0 un enseignement pr\u00e9scolaire moderne, de qualit\u00e9 et attractif, \u00e0 l\u2019horizon des dix prochaines ann\u00e9es. L\u2019objectif \u00e9tant aussi de&hellip;\" \/>\n<meta property=\"og:url\" content=\"https:\/\/csefrs.lifemoz.com\/fr\/publications\/avis-n3-2017-sur-lenseignement-prescolaire-pilier-de-la-nouvelle-ecole-marocaine\/\" \/>\n<meta property=\"og:site_name\" content=\"Conseil sup\u00e9rieur de l\u2019\u00e9ducation, de la formation et de la recherche scientifique\" \/>\n<meta property=\"article:modified_time\" content=\"2026-02-08T13:08:35+00:00\" \/>\n<meta property=\"og:image\" content=\"https:\/\/csefrs.lifemoz.com\/wp-content\/uploads\/2025\/12\/avis-prescolaire-fr.jpg\" \/>\n\t<meta property=\"og:image:width\" content=\"726\" \/>\n\t<meta property=\"og:image:height\" content=\"1024\" \/>\n\t<meta property=\"og:image:type\" content=\"image\/jpeg\" \/>\n<meta name=\"twitter:card\" content=\"summary_large_image\" \/>\n<meta name=\"twitter:label1\" content=\"Dur\u00e9e de lecture estim\u00e9e\" \/>\n\t<meta name=\"twitter:data1\" content=\"1 minute\" \/>\n<script type=\"application\/ld+json\" class=\"yoast-schema-graph\">{\"@context\":\"https:\\\/\\\/schema.org\",\"@graph\":[{\"@type\":\"WebPage\",\"@id\":\"https:\\\/\\\/csefrs.lifemoz.com\\\/fr\\\/publications\\\/avis-n3-2017-sur-lenseignement-prescolaire-pilier-de-la-nouvelle-ecole-marocaine\\\/\",\"url\":\"https:\\\/\\\/csefrs.lifemoz.com\\\/fr\\\/publications\\\/avis-n3-2017-sur-lenseignement-prescolaire-pilier-de-la-nouvelle-ecole-marocaine\\\/\",\"name\":\"Avis n\u00b03\\\/2017 sur : \u00ab L\u2019enseignement pr\u00e9scolaire : pilier de la nouvelle \u00e9cole marocaine \u00bb - Conseil sup\u00e9rieur de l\u2019\u00e9ducation, de la formation et de la recherche scientifique\",\"isPartOf\":{\"@id\":\"https:\\\/\\\/csefrs.lifemoz.com\\\/#website\"},\"primaryImageOfPage\":{\"@id\":\"https:\\\/\\\/csefrs.lifemoz.com\\\/fr\\\/publications\\\/avis-n3-2017-sur-lenseignement-prescolaire-pilier-de-la-nouvelle-ecole-marocaine\\\/#primaryimage\"},\"image\":{\"@id\":\"https:\\\/\\\/csefrs.lifemoz.com\\\/fr\\\/publications\\\/avis-n3-2017-sur-lenseignement-prescolaire-pilier-de-la-nouvelle-ecole-marocaine\\\/#primaryimage\"},\"thumbnailUrl\":\"https:\\\/\\\/csefrs.lifemoz.com\\\/wp-content\\\/uploads\\\/2025\\\/12\\\/avis-prescolaire-fr.jpg\",\"datePublished\":\"2017-07-02T00:00:00+00:00\",\"dateModified\":\"2026-02-08T13:08:35+00:00\",\"breadcrumb\":{\"@id\":\"https:\\\/\\\/csefrs.lifemoz.com\\\/fr\\\/publications\\\/avis-n3-2017-sur-lenseignement-prescolaire-pilier-de-la-nouvelle-ecole-marocaine\\\/#breadcrumb\"},\"inLanguage\":\"fr-FR\",\"potentialAction\":[{\"@type\":\"ReadAction\",\"target\":[\"https:\\\/\\\/csefrs.lifemoz.com\\\/fr\\\/publications\\\/avis-n3-2017-sur-lenseignement-prescolaire-pilier-de-la-nouvelle-ecole-marocaine\\\/\"]}]},{\"@type\":\"ImageObject\",\"inLanguage\":\"fr-FR\",\"@id\":\"https:\\\/\\\/csefrs.lifemoz.com\\\/fr\\\/publications\\\/avis-n3-2017-sur-lenseignement-prescolaire-pilier-de-la-nouvelle-ecole-marocaine\\\/#primaryimage\",\"url\":\"https:\\\/\\\/csefrs.lifemoz.com\\\/wp-content\\\/uploads\\\/2025\\\/12\\\/avis-prescolaire-fr.jpg\",\"contentUrl\":\"https:\\\/\\\/csefrs.lifemoz.com\\\/wp-content\\\/uploads\\\/2025\\\/12\\\/avis-prescolaire-fr.jpg\",\"width\":726,\"height\":1024},{\"@type\":\"BreadcrumbList\",\"@id\":\"https:\\\/\\\/csefrs.lifemoz.com\\\/fr\\\/publications\\\/avis-n3-2017-sur-lenseignement-prescolaire-pilier-de-la-nouvelle-ecole-marocaine\\\/#breadcrumb\",\"itemListElement\":[{\"@type\":\"ListItem\",\"position\":1,\"name\":\"Accueil\",\"item\":\"https:\\\/\\\/csefrs.lifemoz.com\\\/fr\\\/\"},{\"@type\":\"ListItem\",\"position\":2,\"name\":\"Publications\",\"item\":\"https:\\\/\\\/csefrs.lifemoz.com\\\/\u0627\u0644\u0645\u0646\u0634\u0648\u0631\u0627\u062a\\\/\"},{\"@type\":\"ListItem\",\"position\":3,\"name\":\"Avis n\u00b03\\\/2017 sur : \u00ab L\u2019enseignement pr\u00e9scolaire : pilier de la nouvelle \u00e9cole marocaine \u00bb\"}]},{\"@type\":\"WebSite\",\"@id\":\"https:\\\/\\\/csefrs.lifemoz.com\\\/#website\",\"url\":\"https:\\\/\\\/csefrs.lifemoz.com\\\/\",\"name\":\"Conseil sup\u00e9rieur de l\u2019\u00e9ducation, de la formation et de la recherche scientifique\",\"description\":\"\",\"potentialAction\":[{\"@type\":\"SearchAction\",\"target\":{\"@type\":\"EntryPoint\",\"urlTemplate\":\"https:\\\/\\\/csefrs.lifemoz.com\\\/?s={search_term_string}\"},\"query-input\":{\"@type\":\"PropertyValueSpecification\",\"valueRequired\":true,\"valueName\":\"search_term_string\"}}],\"inLanguage\":\"fr-FR\"}]}<\/script>\n<!-- \/ Yoast SEO plugin. -->","yoast_head_json":{"title":"Avis n\u00b03\/2017 sur : \u00ab L\u2019enseignement pr\u00e9scolaire : pilier de la nouvelle \u00e9cole marocaine \u00bb - Conseil sup\u00e9rieur de l\u2019\u00e9ducation, de la formation et de la recherche scientifique","robots":{"index":"noindex","follow":"follow","max-snippet":"max-snippet:-1","max-image-preview":"max-image-preview:large","max-video-preview":"max-video-preview:-1"},"og_locale":"fr_FR","og_type":"article","og_title":"Avis n\u00b03\/2017 sur : \u00ab L\u2019enseignement pr\u00e9scolaire : pilier de la nouvelle \u00e9cole marocaine \u00bb - Conseil sup\u00e9rieur de l\u2019\u00e9ducation, de la formation et de la recherche scientifique","og_description":"\u00c9mis suite \u00e0 une auto-saisine, cet avis vise \u00e0 \u00e9laborer une vision de r\u00e9forme globale, porteuse de ruptures qualitatives, afin de garantir l\u2019acc\u00e8s de tous les enfants \u00e2g\u00e9s de 4 \u00e0 5 ans r\u00e9volus, sans discrimination, \u00e0 un enseignement pr\u00e9scolaire moderne, de qualit\u00e9 et attractif, \u00e0 l\u2019horizon des dix prochaines ann\u00e9es. L\u2019objectif \u00e9tant aussi de&hellip;","og_url":"https:\/\/csefrs.lifemoz.com\/fr\/publications\/avis-n3-2017-sur-lenseignement-prescolaire-pilier-de-la-nouvelle-ecole-marocaine\/","og_site_name":"Conseil sup\u00e9rieur de l\u2019\u00e9ducation, de la formation et de la recherche scientifique","article_modified_time":"2026-02-08T13:08:35+00:00","og_image":[{"width":726,"height":1024,"url":"https:\/\/csefrs.lifemoz.com\/wp-content\/uploads\/2025\/12\/avis-prescolaire-fr.jpg","type":"image\/jpeg"}],"twitter_card":"summary_large_image","twitter_misc":{"Dur\u00e9e de lecture estim\u00e9e":"1 minute"},"schema":{"@context":"https:\/\/schema.org","@graph":[{"@type":"WebPage","@id":"https:\/\/csefrs.lifemoz.com\/fr\/publications\/avis-n3-2017-sur-lenseignement-prescolaire-pilier-de-la-nouvelle-ecole-marocaine\/","url":"https:\/\/csefrs.lifemoz.com\/fr\/publications\/avis-n3-2017-sur-lenseignement-prescolaire-pilier-de-la-nouvelle-ecole-marocaine\/","name":"Avis n\u00b03\/2017 sur : \u00ab L\u2019enseignement pr\u00e9scolaire : pilier de la nouvelle \u00e9cole marocaine \u00bb - Conseil sup\u00e9rieur de l\u2019\u00e9ducation, de la formation et de la recherche scientifique","isPartOf":{"@id":"https:\/\/csefrs.lifemoz.com\/#website"},"primaryImageOfPage":{"@id":"https:\/\/csefrs.lifemoz.com\/fr\/publications\/avis-n3-2017-sur-lenseignement-prescolaire-pilier-de-la-nouvelle-ecole-marocaine\/#primaryimage"},"image":{"@id":"https:\/\/csefrs.lifemoz.com\/fr\/publications\/avis-n3-2017-sur-lenseignement-prescolaire-pilier-de-la-nouvelle-ecole-marocaine\/#primaryimage"},"thumbnailUrl":"https:\/\/csefrs.lifemoz.com\/wp-content\/uploads\/2025\/12\/avis-prescolaire-fr.jpg","datePublished":"2017-07-02T00:00:00+00:00","dateModified":"2026-02-08T13:08:35+00:00","breadcrumb":{"@id":"https:\/\/csefrs.lifemoz.com\/fr\/publications\/avis-n3-2017-sur-lenseignement-prescolaire-pilier-de-la-nouvelle-ecole-marocaine\/#breadcrumb"},"inLanguage":"fr-FR","potentialAction":[{"@type":"ReadAction","target":["https:\/\/csefrs.lifemoz.com\/fr\/publications\/avis-n3-2017-sur-lenseignement-prescolaire-pilier-de-la-nouvelle-ecole-marocaine\/"]}]},{"@type":"ImageObject","inLanguage":"fr-FR","@id":"https:\/\/csefrs.lifemoz.com\/fr\/publications\/avis-n3-2017-sur-lenseignement-prescolaire-pilier-de-la-nouvelle-ecole-marocaine\/#primaryimage","url":"https:\/\/csefrs.lifemoz.com\/wp-content\/uploads\/2025\/12\/avis-prescolaire-fr.jpg","contentUrl":"https:\/\/csefrs.lifemoz.com\/wp-content\/uploads\/2025\/12\/avis-prescolaire-fr.jpg","width":726,"height":1024},{"@type":"BreadcrumbList","@id":"https:\/\/csefrs.lifemoz.com\/fr\/publications\/avis-n3-2017-sur-lenseignement-prescolaire-pilier-de-la-nouvelle-ecole-marocaine\/#breadcrumb","itemListElement":[{"@type":"ListItem","position":1,"name":"Accueil","item":"https:\/\/csefrs.lifemoz.com\/fr\/"},{"@type":"ListItem","position":2,"name":"Publications","item":"https:\/\/csefrs.lifemoz.com\/\u0627\u0644\u0645\u0646\u0634\u0648\u0631\u0627\u062a\/"},{"@type":"ListItem","position":3,"name":"Avis n\u00b03\/2017 sur : \u00ab L\u2019enseignement pr\u00e9scolaire : pilier de la nouvelle \u00e9cole marocaine \u00bb"}]},{"@type":"WebSite","@id":"https:\/\/csefrs.lifemoz.com\/#website","url":"https:\/\/csefrs.lifemoz.com\/","name":"Conseil sup\u00e9rieur de l\u2019\u00e9ducation, de la formation et de la recherche scientifique","description":"","potentialAction":[{"@type":"SearchAction","target":{"@type":"EntryPoint","urlTemplate":"https:\/\/csefrs.lifemoz.com\/?s={search_term_string}"},"query-input":{"@type":"PropertyValueSpecification","valueRequired":true,"valueName":"search_term_string"}}],"inLanguage":"fr-FR"}]}},"_links":{"self":[{"href":"https:\/\/csefrs.lifemoz.com\/fr\/wp-json\/wp\/v2\/product\/37461","targetHints":{"allow":["GET"]}}],"collection":[{"href":"https:\/\/csefrs.lifemoz.com\/fr\/wp-json\/wp\/v2\/product"}],"about":[{"href":"https:\/\/csefrs.lifemoz.com\/fr\/wp-json\/wp\/v2\/types\/product"}],"wp:featuredmedia":[{"embeddable":true,"href":"https:\/\/csefrs.lifemoz.com\/fr\/wp-json\/wp\/v2\/media\/37106"}],"wp:attachment":[{"href":"https:\/\/csefrs.lifemoz.com\/fr\/wp-json\/wp\/v2\/media?parent=37461"}],"wp:term":[{"taxonomy":"product_brand","embeddable":true,"href":"https:\/\/csefrs.lifemoz.com\/fr\/wp-json\/wp\/v2\/product_brand?post=37461"},{"taxonomy":"product_cat","embeddable":true,"href":"https:\/\/csefrs.lifemoz.com\/fr\/wp-json\/wp\/v2\/product_cat?post=37461"},{"taxonomy":"product_tag","embeddable":true,"href":"https:\/\/csefrs.lifemoz.com\/fr\/wp-json\/wp\/v2\/product_tag?post=37461"}],"curies":[{"name":"wp","href":"https:\/\/api.w.org\/{rel}","templated":true}]}}