{"id":37459,"date":"2016-06-02T00:00:00","date_gmt":"2016-06-01T23:00:00","guid":{"rendered":"https:\/\/csefrs.lifemoz.com\/\u0627\u0644\u0645\u0646\u0634\u0648\u0631\u0627\u062a\/avis-n2-2016-relatif-au-projet-de-loi-cadre-relative-a-la-reforme-du-systeme-deducation-de-formation-et-de-recherche-scientifique\/"},"modified":"2026-02-08T14:08:37","modified_gmt":"2026-02-08T13:08:37","slug":"avis-n2-2016-relatif-au-projet-de-loi-cadre-relative-a-la-reforme-du-systeme-deducation-de-formation-et-de-recherche-scientifique","status":"publish","type":"product","link":"https:\/\/csefrs.lifemoz.com\/fr\/publications\/avis-n2-2016-relatif-au-projet-de-loi-cadre-relative-a-la-reforme-du-systeme-deducation-de-formation-et-de-recherche-scientifique\/","title":{"rendered":"Avis n\u00b02\/2016 relatif au \u00ab Projet de loi-cadre relative \u00e0 la r\u00e9forme du syst\u00e8me d\u2019\u00e9ducation, de formation et de recherche scientifique \u00bb"},"content":{"rendered":"<p style=\"text-align: justify;\">L\u2019avis du Conseil relatif au \u00ab\u00a0Projet de loi cadre pour la r\u00e9forme du syst\u00e8me d\u2019\u00e9ducation, de formation et de recherche scientifique\u00a0\u00bb, en r\u00e9ponse \u00e0 la saisine de Monsieur le Chef du gouvernement \u00e0 ce sujet, a \u00e9t\u00e9 d\u00e9clin\u00e9 sous forme d\u2019une \u00e9tude portant sur le degr\u00e9 de conformit\u00e9 du projet avec la Vision strat\u00e9gique de la r\u00e9forme du syst\u00e8me d\u2019\u00e9ducation, de formation et de recherche scientifique. Il s\u2019agissait \u00e9galement de souligner l\u2019imp\u00e9ratif de veiller \u00e0 la coh\u00e9rence entre les composantes de la r\u00e9forme et d\u2019analyser la dimension juridique de ce texte, seule garante de sa mise en \u0153uvre optimale.<\/p>\n<p>&nbsp;<br \/>\n<a class=\"download-button-intern-fr\" href=\"https:\/\/csefrs.lifemoz.com\/wp-content\/uploads\/2016\/06\/Avis-loi-cadre-fr.pdf\" target=\"_blank\" rel=\"noopener\">T\u00e9l\u00e9charger l&rsquo;avis du Conseil relatif au \u00ab Projet de loi-cadre relative \u00e0 la r\u00e9forme du syst\u00e8me d\u2019\u00e9ducation, de formation et de recherche scientifique \u00bb<\/a><\/p>\n","protected":false},"excerpt":{"rendered":"<p>L\u2019avis du Conseil relatif au \u00ab\u00a0Projet de loi cadre pour la r\u00e9forme du syst\u00e8me d\u2019\u00e9ducation, de formation et de recherche scientifique\u00a0\u00bb, en r\u00e9ponse \u00e0 la saisine de Monsieur le Chef du gouvernement \u00e0 ce sujet, a \u00e9t\u00e9 d\u00e9clin\u00e9 sous forme d\u2019une \u00e9tude portant sur le degr\u00e9 de conformit\u00e9 du projet avec la Vision strat\u00e9gique de&hellip;<\/p>\n","protected":false},"featured_media":37105,"template":"","meta":[],"product_brand":[],"product_cat":[507],"product_tag":[],"class_list":{"0":"post-37459","1":"product","2":"type-product","3":"status-publish","4":"has-post-thumbnail","6":"product_cat-avis-saisine","7":"description-off","9":"first","10":"instock","11":"downloadable","12":"virtual","13":"sold-individually","14":"purchasable","15":"product-type-simple"},"yoast_head":"<!-- This site is optimized with the Yoast SEO plugin v27.5 - https:\/\/yoast.com\/product\/yoast-seo-wordpress\/ -->\n<title>Avis n\u00b02\/2016 relatif au \u00ab Projet de loi-cadre relative \u00e0 la r\u00e9forme du syst\u00e8me d\u2019\u00e9ducation, de formation et de recherche scientifique \u00bb - Conseil sup\u00e9rieur de l\u2019\u00e9ducation, de la formation et de la recherche scientifique<\/title>\n<meta name=\"robots\" content=\"noindex, follow, max-snippet:-1, max-image-preview:large, max-video-preview:-1\" \/>\n<meta property=\"og:locale\" content=\"fr_FR\" \/>\n<meta property=\"og:type\" content=\"article\" \/>\n<meta property=\"og:title\" content=\"Avis n\u00b02\/2016 relatif au \u00ab Projet de loi-cadre relative \u00e0 la r\u00e9forme du syst\u00e8me d\u2019\u00e9ducation, de formation et de recherche scientifique \u00bb - Conseil sup\u00e9rieur de l\u2019\u00e9ducation, de la formation et de la recherche scientifique\" \/>\n<meta property=\"og:description\" content=\"L\u2019avis du Conseil relatif au \u00ab\u00a0Projet de loi cadre pour la r\u00e9forme du syst\u00e8me d\u2019\u00e9ducation, de formation et de recherche scientifique\u00a0\u00bb, en r\u00e9ponse \u00e0 la saisine de Monsieur le Chef du gouvernement \u00e0 ce sujet, a \u00e9t\u00e9 d\u00e9clin\u00e9 sous forme d\u2019une \u00e9tude portant sur le degr\u00e9 de conformit\u00e9 du projet avec la Vision strat\u00e9gique de&hellip;\" \/>\n<meta property=\"og:url\" content=\"https:\/\/csefrs.lifemoz.com\/fr\/publications\/avis-n2-2016-relatif-au-projet-de-loi-cadre-relative-a-la-reforme-du-systeme-deducation-de-formation-et-de-recherche-scientifique\/\" \/>\n<meta property=\"og:site_name\" content=\"Conseil sup\u00e9rieur de l\u2019\u00e9ducation, de la formation et de la recherche scientifique\" \/>\n<meta property=\"article:modified_time\" content=\"2026-02-08T13:08:37+00:00\" \/>\n<meta property=\"og:image\" content=\"https:\/\/csefrs.lifemoz.com\/wp-content\/uploads\/2025\/12\/Avis-loi-cadre-fr-1.jpg\" \/>\n\t<meta property=\"og:image:width\" content=\"724\" \/>\n\t<meta property=\"og:image:height\" content=\"1024\" \/>\n\t<meta property=\"og:image:type\" content=\"image\/jpeg\" \/>\n<meta name=\"twitter:card\" content=\"summary_large_image\" \/>\n<meta name=\"twitter:label1\" content=\"Dur\u00e9e de lecture estim\u00e9e\" \/>\n\t<meta name=\"twitter:data1\" content=\"1 minute\" \/>\n<script type=\"application\/ld+json\" class=\"yoast-schema-graph\">{\"@context\":\"https:\\\/\\\/schema.org\",\"@graph\":[{\"@type\":\"WebPage\",\"@id\":\"https:\\\/\\\/csefrs.lifemoz.com\\\/fr\\\/publications\\\/avis-n2-2016-relatif-au-projet-de-loi-cadre-relative-a-la-reforme-du-systeme-deducation-de-formation-et-de-recherche-scientifique\\\/\",\"url\":\"https:\\\/\\\/csefrs.lifemoz.com\\\/fr\\\/publications\\\/avis-n2-2016-relatif-au-projet-de-loi-cadre-relative-a-la-reforme-du-systeme-deducation-de-formation-et-de-recherche-scientifique\\\/\",\"name\":\"Avis n\u00b02\\\/2016 relatif au \u00ab Projet de loi-cadre relative \u00e0 la r\u00e9forme du syst\u00e8me d\u2019\u00e9ducation, de formation et de recherche scientifique \u00bb - Conseil sup\u00e9rieur de l\u2019\u00e9ducation, de la formation et de la recherche scientifique\",\"isPartOf\":{\"@id\":\"https:\\\/\\\/csefrs.lifemoz.com\\\/#website\"},\"primaryImageOfPage\":{\"@id\":\"https:\\\/\\\/csefrs.lifemoz.com\\\/fr\\\/publications\\\/avis-n2-2016-relatif-au-projet-de-loi-cadre-relative-a-la-reforme-du-systeme-deducation-de-formation-et-de-recherche-scientifique\\\/#primaryimage\"},\"image\":{\"@id\":\"https:\\\/\\\/csefrs.lifemoz.com\\\/fr\\\/publications\\\/avis-n2-2016-relatif-au-projet-de-loi-cadre-relative-a-la-reforme-du-systeme-deducation-de-formation-et-de-recherche-scientifique\\\/#primaryimage\"},\"thumbnailUrl\":\"https:\\\/\\\/csefrs.lifemoz.com\\\/wp-content\\\/uploads\\\/2025\\\/12\\\/Avis-loi-cadre-fr-1.jpg\",\"datePublished\":\"2016-06-01T23:00:00+00:00\",\"dateModified\":\"2026-02-08T13:08:37+00:00\",\"breadcrumb\":{\"@id\":\"https:\\\/\\\/csefrs.lifemoz.com\\\/fr\\\/publications\\\/avis-n2-2016-relatif-au-projet-de-loi-cadre-relative-a-la-reforme-du-systeme-deducation-de-formation-et-de-recherche-scientifique\\\/#breadcrumb\"},\"inLanguage\":\"fr-FR\",\"potentialAction\":[{\"@type\":\"ReadAction\",\"target\":[\"https:\\\/\\\/csefrs.lifemoz.com\\\/fr\\\/publications\\\/avis-n2-2016-relatif-au-projet-de-loi-cadre-relative-a-la-reforme-du-systeme-deducation-de-formation-et-de-recherche-scientifique\\\/\"]}]},{\"@type\":\"ImageObject\",\"inLanguage\":\"fr-FR\",\"@id\":\"https:\\\/\\\/csefrs.lifemoz.com\\\/fr\\\/publications\\\/avis-n2-2016-relatif-au-projet-de-loi-cadre-relative-a-la-reforme-du-systeme-deducation-de-formation-et-de-recherche-scientifique\\\/#primaryimage\",\"url\":\"https:\\\/\\\/csefrs.lifemoz.com\\\/wp-content\\\/uploads\\\/2025\\\/12\\\/Avis-loi-cadre-fr-1.jpg\",\"contentUrl\":\"https:\\\/\\\/csefrs.lifemoz.com\\\/wp-content\\\/uploads\\\/2025\\\/12\\\/Avis-loi-cadre-fr-1.jpg\",\"width\":724,\"height\":1024},{\"@type\":\"BreadcrumbList\",\"@id\":\"https:\\\/\\\/csefrs.lifemoz.com\\\/fr\\\/publications\\\/avis-n2-2016-relatif-au-projet-de-loi-cadre-relative-a-la-reforme-du-systeme-deducation-de-formation-et-de-recherche-scientifique\\\/#breadcrumb\",\"itemListElement\":[{\"@type\":\"ListItem\",\"position\":1,\"name\":\"Accueil\",\"item\":\"https:\\\/\\\/csefrs.lifemoz.com\\\/fr\\\/\"},{\"@type\":\"ListItem\",\"position\":2,\"name\":\"Publications\",\"item\":\"https:\\\/\\\/csefrs.lifemoz.com\\\/\u0627\u0644\u0645\u0646\u0634\u0648\u0631\u0627\u062a\\\/\"},{\"@type\":\"ListItem\",\"position\":3,\"name\":\"Avis n\u00b02\\\/2016 relatif au \u00ab Projet de loi-cadre relative \u00e0 la r\u00e9forme du syst\u00e8me d\u2019\u00e9ducation, de formation et de recherche scientifique \u00bb\"}]},{\"@type\":\"WebSite\",\"@id\":\"https:\\\/\\\/csefrs.lifemoz.com\\\/#website\",\"url\":\"https:\\\/\\\/csefrs.lifemoz.com\\\/\",\"name\":\"Conseil sup\u00e9rieur de l\u2019\u00e9ducation, de la formation et de la recherche scientifique\",\"description\":\"\",\"potentialAction\":[{\"@type\":\"SearchAction\",\"target\":{\"@type\":\"EntryPoint\",\"urlTemplate\":\"https:\\\/\\\/csefrs.lifemoz.com\\\/?s={search_term_string}\"},\"query-input\":{\"@type\":\"PropertyValueSpecification\",\"valueRequired\":true,\"valueName\":\"search_term_string\"}}],\"inLanguage\":\"fr-FR\"}]}<\/script>\n<!-- \/ Yoast SEO plugin. -->","yoast_head_json":{"title":"Avis n\u00b02\/2016 relatif au \u00ab Projet de loi-cadre relative \u00e0 la r\u00e9forme du syst\u00e8me d\u2019\u00e9ducation, de formation et de recherche scientifique \u00bb - Conseil sup\u00e9rieur de l\u2019\u00e9ducation, de la formation et de la recherche scientifique","robots":{"index":"noindex","follow":"follow","max-snippet":"max-snippet:-1","max-image-preview":"max-image-preview:large","max-video-preview":"max-video-preview:-1"},"og_locale":"fr_FR","og_type":"article","og_title":"Avis n\u00b02\/2016 relatif au \u00ab Projet de loi-cadre relative \u00e0 la r\u00e9forme du syst\u00e8me d\u2019\u00e9ducation, de formation et de recherche scientifique \u00bb - Conseil sup\u00e9rieur de l\u2019\u00e9ducation, de la formation et de la recherche scientifique","og_description":"L\u2019avis du Conseil relatif au \u00ab\u00a0Projet de loi cadre pour la r\u00e9forme du syst\u00e8me d\u2019\u00e9ducation, de formation et de recherche scientifique\u00a0\u00bb, en r\u00e9ponse \u00e0 la saisine de Monsieur le Chef du gouvernement \u00e0 ce sujet, a \u00e9t\u00e9 d\u00e9clin\u00e9 sous forme d\u2019une \u00e9tude portant sur le degr\u00e9 de conformit\u00e9 du projet avec la Vision strat\u00e9gique de&hellip;","og_url":"https:\/\/csefrs.lifemoz.com\/fr\/publications\/avis-n2-2016-relatif-au-projet-de-loi-cadre-relative-a-la-reforme-du-systeme-deducation-de-formation-et-de-recherche-scientifique\/","og_site_name":"Conseil sup\u00e9rieur de l\u2019\u00e9ducation, de la formation et de la recherche scientifique","article_modified_time":"2026-02-08T13:08:37+00:00","og_image":[{"width":724,"height":1024,"url":"https:\/\/csefrs.lifemoz.com\/wp-content\/uploads\/2025\/12\/Avis-loi-cadre-fr-1.jpg","type":"image\/jpeg"}],"twitter_card":"summary_large_image","twitter_misc":{"Dur\u00e9e de lecture estim\u00e9e":"1 minute"},"schema":{"@context":"https:\/\/schema.org","@graph":[{"@type":"WebPage","@id":"https:\/\/csefrs.lifemoz.com\/fr\/publications\/avis-n2-2016-relatif-au-projet-de-loi-cadre-relative-a-la-reforme-du-systeme-deducation-de-formation-et-de-recherche-scientifique\/","url":"https:\/\/csefrs.lifemoz.com\/fr\/publications\/avis-n2-2016-relatif-au-projet-de-loi-cadre-relative-a-la-reforme-du-systeme-deducation-de-formation-et-de-recherche-scientifique\/","name":"Avis n\u00b02\/2016 relatif au \u00ab Projet de loi-cadre relative \u00e0 la r\u00e9forme du syst\u00e8me d\u2019\u00e9ducation, de formation et de recherche scientifique \u00bb - Conseil sup\u00e9rieur de l\u2019\u00e9ducation, de la formation et de la recherche scientifique","isPartOf":{"@id":"https:\/\/csefrs.lifemoz.com\/#website"},"primaryImageOfPage":{"@id":"https:\/\/csefrs.lifemoz.com\/fr\/publications\/avis-n2-2016-relatif-au-projet-de-loi-cadre-relative-a-la-reforme-du-systeme-deducation-de-formation-et-de-recherche-scientifique\/#primaryimage"},"image":{"@id":"https:\/\/csefrs.lifemoz.com\/fr\/publications\/avis-n2-2016-relatif-au-projet-de-loi-cadre-relative-a-la-reforme-du-systeme-deducation-de-formation-et-de-recherche-scientifique\/#primaryimage"},"thumbnailUrl":"https:\/\/csefrs.lifemoz.com\/wp-content\/uploads\/2025\/12\/Avis-loi-cadre-fr-1.jpg","datePublished":"2016-06-01T23:00:00+00:00","dateModified":"2026-02-08T13:08:37+00:00","breadcrumb":{"@id":"https:\/\/csefrs.lifemoz.com\/fr\/publications\/avis-n2-2016-relatif-au-projet-de-loi-cadre-relative-a-la-reforme-du-systeme-deducation-de-formation-et-de-recherche-scientifique\/#breadcrumb"},"inLanguage":"fr-FR","potentialAction":[{"@type":"ReadAction","target":["https:\/\/csefrs.lifemoz.com\/fr\/publications\/avis-n2-2016-relatif-au-projet-de-loi-cadre-relative-a-la-reforme-du-systeme-deducation-de-formation-et-de-recherche-scientifique\/"]}]},{"@type":"ImageObject","inLanguage":"fr-FR","@id":"https:\/\/csefrs.lifemoz.com\/fr\/publications\/avis-n2-2016-relatif-au-projet-de-loi-cadre-relative-a-la-reforme-du-systeme-deducation-de-formation-et-de-recherche-scientifique\/#primaryimage","url":"https:\/\/csefrs.lifemoz.com\/wp-content\/uploads\/2025\/12\/Avis-loi-cadre-fr-1.jpg","contentUrl":"https:\/\/csefrs.lifemoz.com\/wp-content\/uploads\/2025\/12\/Avis-loi-cadre-fr-1.jpg","width":724,"height":1024},{"@type":"BreadcrumbList","@id":"https:\/\/csefrs.lifemoz.com\/fr\/publications\/avis-n2-2016-relatif-au-projet-de-loi-cadre-relative-a-la-reforme-du-systeme-deducation-de-formation-et-de-recherche-scientifique\/#breadcrumb","itemListElement":[{"@type":"ListItem","position":1,"name":"Accueil","item":"https:\/\/csefrs.lifemoz.com\/fr\/"},{"@type":"ListItem","position":2,"name":"Publications","item":"https:\/\/csefrs.lifemoz.com\/\u0627\u0644\u0645\u0646\u0634\u0648\u0631\u0627\u062a\/"},{"@type":"ListItem","position":3,"name":"Avis n\u00b02\/2016 relatif au \u00ab Projet de loi-cadre relative \u00e0 la r\u00e9forme du syst\u00e8me d\u2019\u00e9ducation, de formation et de recherche scientifique \u00bb"}]},{"@type":"WebSite","@id":"https:\/\/csefrs.lifemoz.com\/#website","url":"https:\/\/csefrs.lifemoz.com\/","name":"Conseil sup\u00e9rieur de l\u2019\u00e9ducation, de la formation et de la recherche scientifique","description":"","potentialAction":[{"@type":"SearchAction","target":{"@type":"EntryPoint","urlTemplate":"https:\/\/csefrs.lifemoz.com\/?s={search_term_string}"},"query-input":{"@type":"PropertyValueSpecification","valueRequired":true,"valueName":"search_term_string"}}],"inLanguage":"fr-FR"}]}},"_links":{"self":[{"href":"https:\/\/csefrs.lifemoz.com\/fr\/wp-json\/wp\/v2\/product\/37459","targetHints":{"allow":["GET"]}}],"collection":[{"href":"https:\/\/csefrs.lifemoz.com\/fr\/wp-json\/wp\/v2\/product"}],"about":[{"href":"https:\/\/csefrs.lifemoz.com\/fr\/wp-json\/wp\/v2\/types\/product"}],"wp:featuredmedia":[{"embeddable":true,"href":"https:\/\/csefrs.lifemoz.com\/fr\/wp-json\/wp\/v2\/media\/37105"}],"wp:attachment":[{"href":"https:\/\/csefrs.lifemoz.com\/fr\/wp-json\/wp\/v2\/media?parent=37459"}],"wp:term":[{"taxonomy":"product_brand","embeddable":true,"href":"https:\/\/csefrs.lifemoz.com\/fr\/wp-json\/wp\/v2\/product_brand?post=37459"},{"taxonomy":"product_cat","embeddable":true,"href":"https:\/\/csefrs.lifemoz.com\/fr\/wp-json\/wp\/v2\/product_cat?post=37459"},{"taxonomy":"product_tag","embeddable":true,"href":"https:\/\/csefrs.lifemoz.com\/fr\/wp-json\/wp\/v2\/product_tag?post=37459"}],"curies":[{"name":"wp","href":"https:\/\/api.w.org\/{rel}","templated":true}]}}