{"id":37457,"date":"2015-04-02T00:00:00","date_gmt":"2015-04-01T23:00:00","guid":{"rendered":"https:\/\/csefrs.lifemoz.com\/\u0627\u0644\u0645\u0646\u0634\u0648\u0631\u0627\u062a\/avis-n-1-2015-relatif-au-projet-de-loi-portant-modification-et-complement-de-la-loi-01-00-relative-a-lenseignement-superieur\/"},"modified":"2026-02-08T14:08:38","modified_gmt":"2026-02-08T13:08:38","slug":"avis-n-1-2015-relatif-au-projet-de-loi-portant-modification-et-complement-de-la-loi-01-00-relative-a-lenseignement-superieur","status":"publish","type":"product","link":"https:\/\/csefrs.lifemoz.com\/fr\/publications\/avis-n-1-2015-relatif-au-projet-de-loi-portant-modification-et-complement-de-la-loi-01-00-relative-a-lenseignement-superieur\/","title":{"rendered":"Avis n\u00b0 1\/2015 relatif au Projet de loi portant modification et compl\u00e9ment de la loi 01-00 relative \u00e0 l\u2019enseignement sup\u00e9rieur"},"content":{"rendered":"<p style=\"text-align: justify;\">L\u2019avis du Conseil s\u2019ouvre sur un expos\u00e9 du contexte g\u00e9n\u00e9ral marqu\u00e9 notamment par l\u2019expiration de quatorze ans depuis la promulgation de loi 01-00 relative \u00e0 l\u2019enseignement sup\u00e9rieur, ce qui appelle une restructuration du secteur de l\u2019enseignement sup\u00e9rieur et de la recherche scientifique sur la base d\u2019une vision globale du syst\u00e8me \u00e9ducatif. Celle-ci devrait aboutir \u00e0 la formulation d\u2019une r\u00e9forme int\u00e9gr\u00e9e d\u00e9clin\u00e9e sous forme de cadre l\u00e9gislatif efficient qui permet de rem\u00e9dier aux dysfonctionnements du dispositif actuel caract\u00e9ris\u00e9 par l\u2019\u00e9miettement, et r\u00e9pondre ainsi aux attentes des acteurs de l\u2019enseignement sup\u00e9rieur.<\/p>\n<p>&nbsp;<br \/>\n<a class=\"download-button-intern-fr\" href=\"https:\/\/csefrs.lifemoz.com\/wp-content\/uploads\/2015\/04\/avis-csefrs-recherche-scientifique.pdf\" target=\"_blank\" rel=\"noopener\">T\u00e9l\u00e9charger l&rsquo;avis du Conseil relatif au Projet de loi portant modification et compl\u00e9ment de la loi 01-00 relative \u00e0 l\u2019enseignement sup\u00e9rieur (disponible en arabe)<\/a><br \/>\n<a class=\"download-button-intern-fr\" href=\"https:\/\/csefrs.lifemoz.com\/wp-content\/uploads\/2015\/04\/le-projet-de-loi-01-00-web-fr.pdf\" target=\"_blank\" rel=\"noopener\">T\u00e9l\u00e9charger la synth\u00e8se de l&rsquo;avis<\/a><\/p>\n","protected":false},"excerpt":{"rendered":"<p>L\u2019avis du Conseil s\u2019ouvre sur un expos\u00e9 du contexte g\u00e9n\u00e9ral marqu\u00e9 notamment par l\u2019expiration de quatorze ans depuis la promulgation de loi 01-00 relative \u00e0 l\u2019enseignement sup\u00e9rieur, ce qui appelle une restructuration du secteur de l\u2019enseignement sup\u00e9rieur et de la recherche scientifique sur la base d\u2019une vision globale du syst\u00e8me \u00e9ducatif. Celle-ci devrait aboutir \u00e0&hellip;<\/p>\n","protected":false},"featured_media":37104,"template":"","meta":[],"product_brand":[],"product_cat":[507],"product_tag":[],"class_list":{"0":"post-37457","1":"product","2":"type-product","3":"status-publish","4":"has-post-thumbnail","6":"product_cat-avis-saisine","7":"description-off","9":"first","10":"instock","11":"downloadable","12":"virtual","13":"sold-individually","14":"purchasable","15":"product-type-simple"},"yoast_head":"<!-- This site is optimized with the Yoast SEO plugin v27.5 - https:\/\/yoast.com\/product\/yoast-seo-wordpress\/ -->\n<title>Avis n\u00b0 1\/2015 relatif au Projet de loi portant modification et compl\u00e9ment de la loi 01-00 relative \u00e0 l\u2019enseignement sup\u00e9rieur - Conseil sup\u00e9rieur de l\u2019\u00e9ducation, de la formation et de la recherche scientifique<\/title>\n<meta name=\"robots\" content=\"noindex, follow, max-snippet:-1, max-image-preview:large, max-video-preview:-1\" \/>\n<meta property=\"og:locale\" content=\"fr_FR\" \/>\n<meta property=\"og:type\" content=\"article\" \/>\n<meta property=\"og:title\" content=\"Avis n\u00b0 1\/2015 relatif au Projet de loi portant modification et compl\u00e9ment de la loi 01-00 relative \u00e0 l\u2019enseignement sup\u00e9rieur - Conseil sup\u00e9rieur de l\u2019\u00e9ducation, de la formation et de la recherche scientifique\" \/>\n<meta property=\"og:description\" content=\"L\u2019avis du Conseil s\u2019ouvre sur un expos\u00e9 du contexte g\u00e9n\u00e9ral marqu\u00e9 notamment par l\u2019expiration de quatorze ans depuis la promulgation de loi 01-00 relative \u00e0 l\u2019enseignement sup\u00e9rieur, ce qui appelle une restructuration du secteur de l\u2019enseignement sup\u00e9rieur et de la recherche scientifique sur la base d\u2019une vision globale du syst\u00e8me \u00e9ducatif. Celle-ci devrait aboutir \u00e0&hellip;\" \/>\n<meta property=\"og:url\" content=\"https:\/\/csefrs.lifemoz.com\/fr\/publications\/avis-n-1-2015-relatif-au-projet-de-loi-portant-modification-et-complement-de-la-loi-01-00-relative-a-lenseignement-superieur\/\" \/>\n<meta property=\"og:site_name\" content=\"Conseil sup\u00e9rieur de l\u2019\u00e9ducation, de la formation et de la recherche scientifique\" \/>\n<meta property=\"article:modified_time\" content=\"2026-02-08T13:08:38+00:00\" \/>\n<meta property=\"og:image\" content=\"https:\/\/csefrs.lifemoz.com\/wp-content\/uploads\/2025\/12\/synthe-se-de-lavis-n01-15.jpg\" \/>\n\t<meta property=\"og:image:width\" content=\"724\" \/>\n\t<meta property=\"og:image:height\" content=\"1024\" \/>\n\t<meta property=\"og:image:type\" content=\"image\/jpeg\" \/>\n<meta name=\"twitter:card\" content=\"summary_large_image\" \/>\n<meta name=\"twitter:label1\" content=\"Dur\u00e9e de lecture estim\u00e9e\" \/>\n\t<meta name=\"twitter:data1\" content=\"1 minute\" \/>\n<script type=\"application\/ld+json\" class=\"yoast-schema-graph\">{\"@context\":\"https:\\\/\\\/schema.org\",\"@graph\":[{\"@type\":\"WebPage\",\"@id\":\"https:\\\/\\\/csefrs.lifemoz.com\\\/fr\\\/publications\\\/avis-n-1-2015-relatif-au-projet-de-loi-portant-modification-et-complement-de-la-loi-01-00-relative-a-lenseignement-superieur\\\/\",\"url\":\"https:\\\/\\\/csefrs.lifemoz.com\\\/fr\\\/publications\\\/avis-n-1-2015-relatif-au-projet-de-loi-portant-modification-et-complement-de-la-loi-01-00-relative-a-lenseignement-superieur\\\/\",\"name\":\"Avis n\u00b0 1\\\/2015 relatif au Projet de loi portant modification et compl\u00e9ment de la loi 01-00 relative \u00e0 l\u2019enseignement sup\u00e9rieur - Conseil sup\u00e9rieur de l\u2019\u00e9ducation, de la formation et de la recherche scientifique\",\"isPartOf\":{\"@id\":\"https:\\\/\\\/csefrs.lifemoz.com\\\/#website\"},\"primaryImageOfPage\":{\"@id\":\"https:\\\/\\\/csefrs.lifemoz.com\\\/fr\\\/publications\\\/avis-n-1-2015-relatif-au-projet-de-loi-portant-modification-et-complement-de-la-loi-01-00-relative-a-lenseignement-superieur\\\/#primaryimage\"},\"image\":{\"@id\":\"https:\\\/\\\/csefrs.lifemoz.com\\\/fr\\\/publications\\\/avis-n-1-2015-relatif-au-projet-de-loi-portant-modification-et-complement-de-la-loi-01-00-relative-a-lenseignement-superieur\\\/#primaryimage\"},\"thumbnailUrl\":\"https:\\\/\\\/csefrs.lifemoz.com\\\/wp-content\\\/uploads\\\/2025\\\/12\\\/synthe-se-de-lavis-n01-15.jpg\",\"datePublished\":\"2015-04-01T23:00:00+00:00\",\"dateModified\":\"2026-02-08T13:08:38+00:00\",\"breadcrumb\":{\"@id\":\"https:\\\/\\\/csefrs.lifemoz.com\\\/fr\\\/publications\\\/avis-n-1-2015-relatif-au-projet-de-loi-portant-modification-et-complement-de-la-loi-01-00-relative-a-lenseignement-superieur\\\/#breadcrumb\"},\"inLanguage\":\"fr-FR\",\"potentialAction\":[{\"@type\":\"ReadAction\",\"target\":[\"https:\\\/\\\/csefrs.lifemoz.com\\\/fr\\\/publications\\\/avis-n-1-2015-relatif-au-projet-de-loi-portant-modification-et-complement-de-la-loi-01-00-relative-a-lenseignement-superieur\\\/\"]}]},{\"@type\":\"ImageObject\",\"inLanguage\":\"fr-FR\",\"@id\":\"https:\\\/\\\/csefrs.lifemoz.com\\\/fr\\\/publications\\\/avis-n-1-2015-relatif-au-projet-de-loi-portant-modification-et-complement-de-la-loi-01-00-relative-a-lenseignement-superieur\\\/#primaryimage\",\"url\":\"https:\\\/\\\/csefrs.lifemoz.com\\\/wp-content\\\/uploads\\\/2025\\\/12\\\/synthe-se-de-lavis-n01-15.jpg\",\"contentUrl\":\"https:\\\/\\\/csefrs.lifemoz.com\\\/wp-content\\\/uploads\\\/2025\\\/12\\\/synthe-se-de-lavis-n01-15.jpg\",\"width\":724,\"height\":1024},{\"@type\":\"BreadcrumbList\",\"@id\":\"https:\\\/\\\/csefrs.lifemoz.com\\\/fr\\\/publications\\\/avis-n-1-2015-relatif-au-projet-de-loi-portant-modification-et-complement-de-la-loi-01-00-relative-a-lenseignement-superieur\\\/#breadcrumb\",\"itemListElement\":[{\"@type\":\"ListItem\",\"position\":1,\"name\":\"Accueil\",\"item\":\"https:\\\/\\\/csefrs.lifemoz.com\\\/fr\\\/\"},{\"@type\":\"ListItem\",\"position\":2,\"name\":\"Publications\",\"item\":\"https:\\\/\\\/csefrs.lifemoz.com\\\/\u0627\u0644\u0645\u0646\u0634\u0648\u0631\u0627\u062a\\\/\"},{\"@type\":\"ListItem\",\"position\":3,\"name\":\"Avis n\u00b0 1\\\/2015 relatif au Projet de loi portant modification et compl\u00e9ment de la loi 01-00 relative \u00e0 l\u2019enseignement sup\u00e9rieur\"}]},{\"@type\":\"WebSite\",\"@id\":\"https:\\\/\\\/csefrs.lifemoz.com\\\/#website\",\"url\":\"https:\\\/\\\/csefrs.lifemoz.com\\\/\",\"name\":\"Conseil sup\u00e9rieur de l\u2019\u00e9ducation, de la formation et de la recherche scientifique\",\"description\":\"\",\"potentialAction\":[{\"@type\":\"SearchAction\",\"target\":{\"@type\":\"EntryPoint\",\"urlTemplate\":\"https:\\\/\\\/csefrs.lifemoz.com\\\/?s={search_term_string}\"},\"query-input\":{\"@type\":\"PropertyValueSpecification\",\"valueRequired\":true,\"valueName\":\"search_term_string\"}}],\"inLanguage\":\"fr-FR\"}]}<\/script>\n<!-- \/ Yoast SEO plugin. -->","yoast_head_json":{"title":"Avis n\u00b0 1\/2015 relatif au Projet de loi portant modification et compl\u00e9ment de la loi 01-00 relative \u00e0 l\u2019enseignement sup\u00e9rieur - Conseil sup\u00e9rieur de l\u2019\u00e9ducation, de la formation et de la recherche scientifique","robots":{"index":"noindex","follow":"follow","max-snippet":"max-snippet:-1","max-image-preview":"max-image-preview:large","max-video-preview":"max-video-preview:-1"},"og_locale":"fr_FR","og_type":"article","og_title":"Avis n\u00b0 1\/2015 relatif au Projet de loi portant modification et compl\u00e9ment de la loi 01-00 relative \u00e0 l\u2019enseignement sup\u00e9rieur - Conseil sup\u00e9rieur de l\u2019\u00e9ducation, de la formation et de la recherche scientifique","og_description":"L\u2019avis du Conseil s\u2019ouvre sur un expos\u00e9 du contexte g\u00e9n\u00e9ral marqu\u00e9 notamment par l\u2019expiration de quatorze ans depuis la promulgation de loi 01-00 relative \u00e0 l\u2019enseignement sup\u00e9rieur, ce qui appelle une restructuration du secteur de l\u2019enseignement sup\u00e9rieur et de la recherche scientifique sur la base d\u2019une vision globale du syst\u00e8me \u00e9ducatif. Celle-ci devrait aboutir \u00e0&hellip;","og_url":"https:\/\/csefrs.lifemoz.com\/fr\/publications\/avis-n-1-2015-relatif-au-projet-de-loi-portant-modification-et-complement-de-la-loi-01-00-relative-a-lenseignement-superieur\/","og_site_name":"Conseil sup\u00e9rieur de l\u2019\u00e9ducation, de la formation et de la recherche scientifique","article_modified_time":"2026-02-08T13:08:38+00:00","og_image":[{"width":724,"height":1024,"url":"https:\/\/csefrs.lifemoz.com\/wp-content\/uploads\/2025\/12\/synthe-se-de-lavis-n01-15.jpg","type":"image\/jpeg"}],"twitter_card":"summary_large_image","twitter_misc":{"Dur\u00e9e de lecture estim\u00e9e":"1 minute"},"schema":{"@context":"https:\/\/schema.org","@graph":[{"@type":"WebPage","@id":"https:\/\/csefrs.lifemoz.com\/fr\/publications\/avis-n-1-2015-relatif-au-projet-de-loi-portant-modification-et-complement-de-la-loi-01-00-relative-a-lenseignement-superieur\/","url":"https:\/\/csefrs.lifemoz.com\/fr\/publications\/avis-n-1-2015-relatif-au-projet-de-loi-portant-modification-et-complement-de-la-loi-01-00-relative-a-lenseignement-superieur\/","name":"Avis n\u00b0 1\/2015 relatif au Projet de loi portant modification et compl\u00e9ment de la loi 01-00 relative \u00e0 l\u2019enseignement sup\u00e9rieur - Conseil sup\u00e9rieur de l\u2019\u00e9ducation, de la formation et de la recherche scientifique","isPartOf":{"@id":"https:\/\/csefrs.lifemoz.com\/#website"},"primaryImageOfPage":{"@id":"https:\/\/csefrs.lifemoz.com\/fr\/publications\/avis-n-1-2015-relatif-au-projet-de-loi-portant-modification-et-complement-de-la-loi-01-00-relative-a-lenseignement-superieur\/#primaryimage"},"image":{"@id":"https:\/\/csefrs.lifemoz.com\/fr\/publications\/avis-n-1-2015-relatif-au-projet-de-loi-portant-modification-et-complement-de-la-loi-01-00-relative-a-lenseignement-superieur\/#primaryimage"},"thumbnailUrl":"https:\/\/csefrs.lifemoz.com\/wp-content\/uploads\/2025\/12\/synthe-se-de-lavis-n01-15.jpg","datePublished":"2015-04-01T23:00:00+00:00","dateModified":"2026-02-08T13:08:38+00:00","breadcrumb":{"@id":"https:\/\/csefrs.lifemoz.com\/fr\/publications\/avis-n-1-2015-relatif-au-projet-de-loi-portant-modification-et-complement-de-la-loi-01-00-relative-a-lenseignement-superieur\/#breadcrumb"},"inLanguage":"fr-FR","potentialAction":[{"@type":"ReadAction","target":["https:\/\/csefrs.lifemoz.com\/fr\/publications\/avis-n-1-2015-relatif-au-projet-de-loi-portant-modification-et-complement-de-la-loi-01-00-relative-a-lenseignement-superieur\/"]}]},{"@type":"ImageObject","inLanguage":"fr-FR","@id":"https:\/\/csefrs.lifemoz.com\/fr\/publications\/avis-n-1-2015-relatif-au-projet-de-loi-portant-modification-et-complement-de-la-loi-01-00-relative-a-lenseignement-superieur\/#primaryimage","url":"https:\/\/csefrs.lifemoz.com\/wp-content\/uploads\/2025\/12\/synthe-se-de-lavis-n01-15.jpg","contentUrl":"https:\/\/csefrs.lifemoz.com\/wp-content\/uploads\/2025\/12\/synthe-se-de-lavis-n01-15.jpg","width":724,"height":1024},{"@type":"BreadcrumbList","@id":"https:\/\/csefrs.lifemoz.com\/fr\/publications\/avis-n-1-2015-relatif-au-projet-de-loi-portant-modification-et-complement-de-la-loi-01-00-relative-a-lenseignement-superieur\/#breadcrumb","itemListElement":[{"@type":"ListItem","position":1,"name":"Accueil","item":"https:\/\/csefrs.lifemoz.com\/fr\/"},{"@type":"ListItem","position":2,"name":"Publications","item":"https:\/\/csefrs.lifemoz.com\/\u0627\u0644\u0645\u0646\u0634\u0648\u0631\u0627\u062a\/"},{"@type":"ListItem","position":3,"name":"Avis n\u00b0 1\/2015 relatif au Projet de loi portant modification et compl\u00e9ment de la loi 01-00 relative \u00e0 l\u2019enseignement sup\u00e9rieur"}]},{"@type":"WebSite","@id":"https:\/\/csefrs.lifemoz.com\/#website","url":"https:\/\/csefrs.lifemoz.com\/","name":"Conseil sup\u00e9rieur de l\u2019\u00e9ducation, de la formation et de la recherche scientifique","description":"","potentialAction":[{"@type":"SearchAction","target":{"@type":"EntryPoint","urlTemplate":"https:\/\/csefrs.lifemoz.com\/?s={search_term_string}"},"query-input":{"@type":"PropertyValueSpecification","valueRequired":true,"valueName":"search_term_string"}}],"inLanguage":"fr-FR"}]}},"_links":{"self":[{"href":"https:\/\/csefrs.lifemoz.com\/fr\/wp-json\/wp\/v2\/product\/37457","targetHints":{"allow":["GET"]}}],"collection":[{"href":"https:\/\/csefrs.lifemoz.com\/fr\/wp-json\/wp\/v2\/product"}],"about":[{"href":"https:\/\/csefrs.lifemoz.com\/fr\/wp-json\/wp\/v2\/types\/product"}],"wp:featuredmedia":[{"embeddable":true,"href":"https:\/\/csefrs.lifemoz.com\/fr\/wp-json\/wp\/v2\/media\/37104"}],"wp:attachment":[{"href":"https:\/\/csefrs.lifemoz.com\/fr\/wp-json\/wp\/v2\/media?parent=37457"}],"wp:term":[{"taxonomy":"product_brand","embeddable":true,"href":"https:\/\/csefrs.lifemoz.com\/fr\/wp-json\/wp\/v2\/product_brand?post=37457"},{"taxonomy":"product_cat","embeddable":true,"href":"https:\/\/csefrs.lifemoz.com\/fr\/wp-json\/wp\/v2\/product_cat?post=37457"},{"taxonomy":"product_tag","embeddable":true,"href":"https:\/\/csefrs.lifemoz.com\/fr\/wp-json\/wp\/v2\/product_tag?post=37457"}],"curies":[{"name":"wp","href":"https:\/\/api.w.org\/{rel}","templated":true}]}}