{"id":37455,"date":"2017-07-02T00:00:00","date_gmt":"2017-07-02T00:00:00","guid":{"rendered":"https:\/\/csefrs.lifemoz.com\/\u0627\u0644\u0645\u0646\u0634\u0648\u0631\u0627\u062a\/evaluation-de-limpact-de-lenseignement-de-la-langue-arabe-sur-la-maitrise-de-la-langue-et-sur-la-culture-de-la-communaute-dorigine-marocaine-a-letranger\/"},"modified":"2026-02-08T14:08:35","modified_gmt":"2026-02-08T13:08:35","slug":"evaluation-de-limpact-de-lenseignement-de-la-langue-arabe-sur-la-maitrise-de-la-langue-et-sur-la-culture-de-la-communaute-dorigine-marocaine-a-letranger","status":"publish","type":"product","link":"https:\/\/csefrs.lifemoz.com\/fr\/publications\/evaluation-de-limpact-de-lenseignement-de-la-langue-arabe-sur-la-maitrise-de-la-langue-et-sur-la-culture-de-la-communaute-dorigine-marocaine-a-letranger\/","title":{"rendered":"\u00c9valuation de l\u2019impact de l\u2019enseignement de la langue arabe sur la maitrise de la langue et sur la culture de la communaut\u00e9 d\u2019origine marocaine \u00e0 l\u2019\u00e9tranger"},"content":{"rendered":"<div align=\"justify\"\n\n\n<p style=\"text-align: justify;\">Ce rapport d\u2019\u00e9valuation pr\u00e9sente les r\u00e9sultats de l\u2019\u00e9tude d\u2019\u00e9valuation de l\u2019impact de l\u2019enseignement de la langue arabe (ELCO) sur la maitrise de la langue et sur la culture de la communaut\u00e9 d\u2019origine marocaine \u00e9tablie dans trois principaux pays\u00a0: la France, la Belgique et l\u2019Allemagne. Ce programme est destin\u00e9 aux jeunes \u00e2g\u00e9s de plus de 18 ans, et qui ont b\u00e9n\u00e9fici\u00e9 de l\u2019ELCO par le pass\u00e9. Concernant les s\u00e9jours culturels, ceux-ci s\u2019adressent aux jeunes ayant plus de 17 ans (r\u00e9sidant en France, Allemagne ou Belgique) ayant particip\u00e9 \u00e0 des s\u00e9jours culturels organis\u00e9s au Maroc.<br \/>\nCette \u00e9valuation vise ainsi \u00e0 appr\u00e9cier l\u2019effet de l\u2019apprentissage de la langue arabe chez les enfants de marocains r\u00e9sidant dans le monde sur le renforcement de leurs liens identitaires avec la patrie, \u00e0 travers d\u2019une part, l\u2019appr\u00e9ciation de leurs connaissances sur la culture, l\u2019histoire et les valeurs de leur pays, ainsi que l\u2019appr\u00e9ciation du degr\u00e9 de leur attachement et de leurs motivations sociales et identitaires envers leur pays.<\/p>\n<p>&nbsp;<br \/>\n<a class=\"download-button-intern-fr\" href=\"https:\/\/csefrs.lifemoz.com\/wp-content\/uploads\/2017\/07\/RAPPORT-ELCO-V-fr.pdf\" target=\"_blank\" rel=\"noopener\">T\u00e9l\u00e9charger le rapport th\u00e9matique<\/a><br \/>\n<a class=\"download-button-intern-fr\" href=\"https:\/\/csefrs.lifemoz.com\/wp-content\/uploads\/2017\/07\/Re\u0301sume\u0301-exe\u0301cutif-ELCO-V-fr-2.pdf\" target=\"_blank\" rel=\"noopener\">T\u00e9l\u00e9charger le re\u0301sume\u0301 du rapport th\u00e9matique<\/a>\n<\/div>\n","protected":false},"excerpt":{"rendered":"","protected":false},"featured_media":37103,"template":"","meta":[],"product_brand":[],"product_cat":[505,506],"product_tag":[],"class_list":{"0":"post-37455","1":"product","2":"type-product","3":"status-publish","4":"has-post-thumbnail","6":"product_cat-rapports","7":"product_cat-rapports-devaluation-etudes","8":"description-off","10":"first","11":"instock","12":"downloadable","13":"virtual","14":"sold-individually","15":"purchasable","16":"product-type-simple"},"yoast_head":"<!-- This site is optimized with the Yoast SEO plugin v27.5 - https:\/\/yoast.com\/product\/yoast-seo-wordpress\/ -->\n<title>\u00c9valuation de l\u2019impact de l\u2019enseignement de la langue arabe sur la maitrise de la langue et sur la culture de la communaut\u00e9 d\u2019origine marocaine \u00e0 l\u2019\u00e9tranger - Conseil sup\u00e9rieur de l\u2019\u00e9ducation, de la formation et de la recherche scientifique<\/title>\n<meta name=\"robots\" content=\"noindex, follow, max-snippet:-1, max-image-preview:large, max-video-preview:-1\" \/>\n<meta property=\"og:locale\" content=\"fr_FR\" \/>\n<meta property=\"og:type\" content=\"article\" \/>\n<meta property=\"og:title\" content=\"\u00c9valuation de l\u2019impact de l\u2019enseignement de la langue arabe sur la maitrise de la langue et sur la culture de la communaut\u00e9 d\u2019origine marocaine \u00e0 l\u2019\u00e9tranger - Conseil sup\u00e9rieur de l\u2019\u00e9ducation, de la formation et de la recherche scientifique\" \/>\n<meta property=\"og:url\" content=\"https:\/\/csefrs.lifemoz.com\/fr\/publications\/evaluation-de-limpact-de-lenseignement-de-la-langue-arabe-sur-la-maitrise-de-la-langue-et-sur-la-culture-de-la-communaute-dorigine-marocaine-a-letranger\/\" \/>\n<meta property=\"og:site_name\" content=\"Conseil sup\u00e9rieur de l\u2019\u00e9ducation, de la formation et de la recherche scientifique\" \/>\n<meta property=\"article:modified_time\" content=\"2026-02-08T13:08:35+00:00\" \/>\n<meta property=\"og:image\" content=\"https:\/\/csefrs.lifemoz.com\/wp-content\/uploads\/2025\/12\/ELCO-RAPPORT-V-fr-e1515072685934.jpg\" \/>\n\t<meta property=\"og:image:width\" content=\"212\" \/>\n\t<meta property=\"og:image:height\" content=\"300\" \/>\n\t<meta property=\"og:image:type\" content=\"image\/jpeg\" \/>\n<meta name=\"twitter:card\" content=\"summary_large_image\" \/>\n<script type=\"application\/ld+json\" class=\"yoast-schema-graph\">{\"@context\":\"https:\\\/\\\/schema.org\",\"@graph\":[{\"@type\":\"WebPage\",\"@id\":\"https:\\\/\\\/csefrs.lifemoz.com\\\/fr\\\/publications\\\/evaluation-de-limpact-de-lenseignement-de-la-langue-arabe-sur-la-maitrise-de-la-langue-et-sur-la-culture-de-la-communaute-dorigine-marocaine-a-letranger\\\/\",\"url\":\"https:\\\/\\\/csefrs.lifemoz.com\\\/fr\\\/publications\\\/evaluation-de-limpact-de-lenseignement-de-la-langue-arabe-sur-la-maitrise-de-la-langue-et-sur-la-culture-de-la-communaute-dorigine-marocaine-a-letranger\\\/\",\"name\":\"\u00c9valuation de l\u2019impact de l\u2019enseignement de la langue arabe sur la maitrise de la langue et sur la culture de la communaut\u00e9 d\u2019origine marocaine \u00e0 l\u2019\u00e9tranger - Conseil sup\u00e9rieur de l\u2019\u00e9ducation, de la formation et de la recherche scientifique\",\"isPartOf\":{\"@id\":\"https:\\\/\\\/csefrs.lifemoz.com\\\/#website\"},\"primaryImageOfPage\":{\"@id\":\"https:\\\/\\\/csefrs.lifemoz.com\\\/fr\\\/publications\\\/evaluation-de-limpact-de-lenseignement-de-la-langue-arabe-sur-la-maitrise-de-la-langue-et-sur-la-culture-de-la-communaute-dorigine-marocaine-a-letranger\\\/#primaryimage\"},\"image\":{\"@id\":\"https:\\\/\\\/csefrs.lifemoz.com\\\/fr\\\/publications\\\/evaluation-de-limpact-de-lenseignement-de-la-langue-arabe-sur-la-maitrise-de-la-langue-et-sur-la-culture-de-la-communaute-dorigine-marocaine-a-letranger\\\/#primaryimage\"},\"thumbnailUrl\":\"https:\\\/\\\/csefrs.lifemoz.com\\\/wp-content\\\/uploads\\\/2025\\\/12\\\/ELCO-RAPPORT-V-fr-e1515072685934.jpg\",\"datePublished\":\"2017-07-02T00:00:00+00:00\",\"dateModified\":\"2026-02-08T13:08:35+00:00\",\"breadcrumb\":{\"@id\":\"https:\\\/\\\/csefrs.lifemoz.com\\\/fr\\\/publications\\\/evaluation-de-limpact-de-lenseignement-de-la-langue-arabe-sur-la-maitrise-de-la-langue-et-sur-la-culture-de-la-communaute-dorigine-marocaine-a-letranger\\\/#breadcrumb\"},\"inLanguage\":\"fr-FR\",\"potentialAction\":[{\"@type\":\"ReadAction\",\"target\":[\"https:\\\/\\\/csefrs.lifemoz.com\\\/fr\\\/publications\\\/evaluation-de-limpact-de-lenseignement-de-la-langue-arabe-sur-la-maitrise-de-la-langue-et-sur-la-culture-de-la-communaute-dorigine-marocaine-a-letranger\\\/\"]}]},{\"@type\":\"ImageObject\",\"inLanguage\":\"fr-FR\",\"@id\":\"https:\\\/\\\/csefrs.lifemoz.com\\\/fr\\\/publications\\\/evaluation-de-limpact-de-lenseignement-de-la-langue-arabe-sur-la-maitrise-de-la-langue-et-sur-la-culture-de-la-communaute-dorigine-marocaine-a-letranger\\\/#primaryimage\",\"url\":\"https:\\\/\\\/csefrs.lifemoz.com\\\/wp-content\\\/uploads\\\/2025\\\/12\\\/ELCO-RAPPORT-V-fr-e1515072685934.jpg\",\"contentUrl\":\"https:\\\/\\\/csefrs.lifemoz.com\\\/wp-content\\\/uploads\\\/2025\\\/12\\\/ELCO-RAPPORT-V-fr-e1515072685934.jpg\",\"width\":212,\"height\":300},{\"@type\":\"BreadcrumbList\",\"@id\":\"https:\\\/\\\/csefrs.lifemoz.com\\\/fr\\\/publications\\\/evaluation-de-limpact-de-lenseignement-de-la-langue-arabe-sur-la-maitrise-de-la-langue-et-sur-la-culture-de-la-communaute-dorigine-marocaine-a-letranger\\\/#breadcrumb\",\"itemListElement\":[{\"@type\":\"ListItem\",\"position\":1,\"name\":\"Accueil\",\"item\":\"https:\\\/\\\/csefrs.lifemoz.com\\\/fr\\\/\"},{\"@type\":\"ListItem\",\"position\":2,\"name\":\"Publications\",\"item\":\"https:\\\/\\\/csefrs.lifemoz.com\\\/\u0627\u0644\u0645\u0646\u0634\u0648\u0631\u0627\u062a\\\/\"},{\"@type\":\"ListItem\",\"position\":3,\"name\":\"\u00c9valuation de l\u2019impact de l\u2019enseignement de la langue arabe sur la maitrise de la langue et sur la culture de la communaut\u00e9 d\u2019origine marocaine \u00e0 l\u2019\u00e9tranger\"}]},{\"@type\":\"WebSite\",\"@id\":\"https:\\\/\\\/csefrs.lifemoz.com\\\/#website\",\"url\":\"https:\\\/\\\/csefrs.lifemoz.com\\\/\",\"name\":\"Conseil sup\u00e9rieur de l\u2019\u00e9ducation, de la formation et de la recherche scientifique\",\"description\":\"\",\"potentialAction\":[{\"@type\":\"SearchAction\",\"target\":{\"@type\":\"EntryPoint\",\"urlTemplate\":\"https:\\\/\\\/csefrs.lifemoz.com\\\/?s={search_term_string}\"},\"query-input\":{\"@type\":\"PropertyValueSpecification\",\"valueRequired\":true,\"valueName\":\"search_term_string\"}}],\"inLanguage\":\"fr-FR\"}]}<\/script>\n<!-- \/ Yoast SEO plugin. -->","yoast_head_json":{"title":"\u00c9valuation de l\u2019impact de l\u2019enseignement de la langue arabe sur la maitrise de la langue et sur la culture de la communaut\u00e9 d\u2019origine marocaine \u00e0 l\u2019\u00e9tranger - Conseil sup\u00e9rieur de l\u2019\u00e9ducation, de la formation et de la recherche scientifique","robots":{"index":"noindex","follow":"follow","max-snippet":"max-snippet:-1","max-image-preview":"max-image-preview:large","max-video-preview":"max-video-preview:-1"},"og_locale":"fr_FR","og_type":"article","og_title":"\u00c9valuation de l\u2019impact de l\u2019enseignement de la langue arabe sur la maitrise de la langue et sur la culture de la communaut\u00e9 d\u2019origine marocaine \u00e0 l\u2019\u00e9tranger - Conseil sup\u00e9rieur de l\u2019\u00e9ducation, de la formation et de la recherche scientifique","og_url":"https:\/\/csefrs.lifemoz.com\/fr\/publications\/evaluation-de-limpact-de-lenseignement-de-la-langue-arabe-sur-la-maitrise-de-la-langue-et-sur-la-culture-de-la-communaute-dorigine-marocaine-a-letranger\/","og_site_name":"Conseil sup\u00e9rieur de l\u2019\u00e9ducation, de la formation et de la recherche scientifique","article_modified_time":"2026-02-08T13:08:35+00:00","og_image":[{"width":212,"height":300,"url":"https:\/\/csefrs.lifemoz.com\/wp-content\/uploads\/2025\/12\/ELCO-RAPPORT-V-fr-e1515072685934.jpg","type":"image\/jpeg"}],"twitter_card":"summary_large_image","schema":{"@context":"https:\/\/schema.org","@graph":[{"@type":"WebPage","@id":"https:\/\/csefrs.lifemoz.com\/fr\/publications\/evaluation-de-limpact-de-lenseignement-de-la-langue-arabe-sur-la-maitrise-de-la-langue-et-sur-la-culture-de-la-communaute-dorigine-marocaine-a-letranger\/","url":"https:\/\/csefrs.lifemoz.com\/fr\/publications\/evaluation-de-limpact-de-lenseignement-de-la-langue-arabe-sur-la-maitrise-de-la-langue-et-sur-la-culture-de-la-communaute-dorigine-marocaine-a-letranger\/","name":"\u00c9valuation de l\u2019impact de l\u2019enseignement de la langue arabe sur la maitrise de la langue et sur la culture de la communaut\u00e9 d\u2019origine marocaine \u00e0 l\u2019\u00e9tranger - Conseil sup\u00e9rieur de l\u2019\u00e9ducation, de la formation et de la recherche scientifique","isPartOf":{"@id":"https:\/\/csefrs.lifemoz.com\/#website"},"primaryImageOfPage":{"@id":"https:\/\/csefrs.lifemoz.com\/fr\/publications\/evaluation-de-limpact-de-lenseignement-de-la-langue-arabe-sur-la-maitrise-de-la-langue-et-sur-la-culture-de-la-communaute-dorigine-marocaine-a-letranger\/#primaryimage"},"image":{"@id":"https:\/\/csefrs.lifemoz.com\/fr\/publications\/evaluation-de-limpact-de-lenseignement-de-la-langue-arabe-sur-la-maitrise-de-la-langue-et-sur-la-culture-de-la-communaute-dorigine-marocaine-a-letranger\/#primaryimage"},"thumbnailUrl":"https:\/\/csefrs.lifemoz.com\/wp-content\/uploads\/2025\/12\/ELCO-RAPPORT-V-fr-e1515072685934.jpg","datePublished":"2017-07-02T00:00:00+00:00","dateModified":"2026-02-08T13:08:35+00:00","breadcrumb":{"@id":"https:\/\/csefrs.lifemoz.com\/fr\/publications\/evaluation-de-limpact-de-lenseignement-de-la-langue-arabe-sur-la-maitrise-de-la-langue-et-sur-la-culture-de-la-communaute-dorigine-marocaine-a-letranger\/#breadcrumb"},"inLanguage":"fr-FR","potentialAction":[{"@type":"ReadAction","target":["https:\/\/csefrs.lifemoz.com\/fr\/publications\/evaluation-de-limpact-de-lenseignement-de-la-langue-arabe-sur-la-maitrise-de-la-langue-et-sur-la-culture-de-la-communaute-dorigine-marocaine-a-letranger\/"]}]},{"@type":"ImageObject","inLanguage":"fr-FR","@id":"https:\/\/csefrs.lifemoz.com\/fr\/publications\/evaluation-de-limpact-de-lenseignement-de-la-langue-arabe-sur-la-maitrise-de-la-langue-et-sur-la-culture-de-la-communaute-dorigine-marocaine-a-letranger\/#primaryimage","url":"https:\/\/csefrs.lifemoz.com\/wp-content\/uploads\/2025\/12\/ELCO-RAPPORT-V-fr-e1515072685934.jpg","contentUrl":"https:\/\/csefrs.lifemoz.com\/wp-content\/uploads\/2025\/12\/ELCO-RAPPORT-V-fr-e1515072685934.jpg","width":212,"height":300},{"@type":"BreadcrumbList","@id":"https:\/\/csefrs.lifemoz.com\/fr\/publications\/evaluation-de-limpact-de-lenseignement-de-la-langue-arabe-sur-la-maitrise-de-la-langue-et-sur-la-culture-de-la-communaute-dorigine-marocaine-a-letranger\/#breadcrumb","itemListElement":[{"@type":"ListItem","position":1,"name":"Accueil","item":"https:\/\/csefrs.lifemoz.com\/fr\/"},{"@type":"ListItem","position":2,"name":"Publications","item":"https:\/\/csefrs.lifemoz.com\/\u0627\u0644\u0645\u0646\u0634\u0648\u0631\u0627\u062a\/"},{"@type":"ListItem","position":3,"name":"\u00c9valuation de l\u2019impact de l\u2019enseignement de la langue arabe sur la maitrise de la langue et sur la culture de la communaut\u00e9 d\u2019origine marocaine \u00e0 l\u2019\u00e9tranger"}]},{"@type":"WebSite","@id":"https:\/\/csefrs.lifemoz.com\/#website","url":"https:\/\/csefrs.lifemoz.com\/","name":"Conseil sup\u00e9rieur de l\u2019\u00e9ducation, de la formation et de la recherche scientifique","description":"","potentialAction":[{"@type":"SearchAction","target":{"@type":"EntryPoint","urlTemplate":"https:\/\/csefrs.lifemoz.com\/?s={search_term_string}"},"query-input":{"@type":"PropertyValueSpecification","valueRequired":true,"valueName":"search_term_string"}}],"inLanguage":"fr-FR"}]}},"_links":{"self":[{"href":"https:\/\/csefrs.lifemoz.com\/fr\/wp-json\/wp\/v2\/product\/37455","targetHints":{"allow":["GET"]}}],"collection":[{"href":"https:\/\/csefrs.lifemoz.com\/fr\/wp-json\/wp\/v2\/product"}],"about":[{"href":"https:\/\/csefrs.lifemoz.com\/fr\/wp-json\/wp\/v2\/types\/product"}],"wp:featuredmedia":[{"embeddable":true,"href":"https:\/\/csefrs.lifemoz.com\/fr\/wp-json\/wp\/v2\/media\/37103"}],"wp:attachment":[{"href":"https:\/\/csefrs.lifemoz.com\/fr\/wp-json\/wp\/v2\/media?parent=37455"}],"wp:term":[{"taxonomy":"product_brand","embeddable":true,"href":"https:\/\/csefrs.lifemoz.com\/fr\/wp-json\/wp\/v2\/product_brand?post=37455"},{"taxonomy":"product_cat","embeddable":true,"href":"https:\/\/csefrs.lifemoz.com\/fr\/wp-json\/wp\/v2\/product_cat?post=37455"},{"taxonomy":"product_tag","embeddable":true,"href":"https:\/\/csefrs.lifemoz.com\/fr\/wp-json\/wp\/v2\/product_tag?post=37455"}],"curies":[{"name":"wp","href":"https:\/\/api.w.org\/{rel}","templated":true}]}}