{"id":37453,"date":"2015-06-02T00:00:00","date_gmt":"2015-06-01T22:00:00","guid":{"rendered":"https:\/\/csefrs.lifemoz.com\/\u0627\u0644\u0645\u0646\u0634\u0648\u0631\u0627\u062a\/perception-de-la-formation-professionnelle\/"},"modified":"2026-02-08T14:08:38","modified_gmt":"2026-02-08T13:08:38","slug":"perception-de-la-formation-professionnelle","status":"publish","type":"product","link":"https:\/\/csefrs.lifemoz.com\/fr\/publications\/perception-de-la-formation-professionnelle\/","title":{"rendered":"Perception de la formation professionnelle"},"content":{"rendered":"<p style=\"text-align: justify;\">L\u2019objectif principal de cette \u00e9tude consiste \u00e0 \u00e9tudier des perceptions de la formation professionnelle, notamment celles li\u00e9es au travail manuel, \u00e0 l\u2019\u00e9chec scolaire, \u00e0 la formation \u00e0 court terme et aux cat\u00e9gories sociales modestes.<\/p>\n<p>&nbsp;<br \/>\n<a class=\"download-button-intern-fr\" href=\"https:\/\/csefrs.lifemoz.com\/wp-content\/uploads\/2015\/06\/FP-FR-finale-11-04-2016.pdf\" target=\"_blank\" rel=\"noopener\">T\u00e9l\u00e9charger le rapport d&rsquo;expertise \u00ab\u00a0Perception de la formation professionnelle\u00a0\u00bb<\/a><\/p>\n","protected":false},"excerpt":{"rendered":"<p>L\u2019objectif principal de cette \u00e9tude consiste \u00e0 \u00e9tudier des perceptions de la formation professionnelle, notamment celles li\u00e9es au travail manuel, \u00e0 l\u2019\u00e9chec scolaire, \u00e0 la formation \u00e0 court terme et aux cat\u00e9gories sociales modestes. &nbsp; T\u00e9l\u00e9charger le rapport d&rsquo;expertise \u00ab\u00a0Perception de la formation professionnelle\u00a0\u00bb<\/p>\n","protected":false},"featured_media":37102,"template":"","meta":[],"product_brand":[],"product_cat":[506],"product_tag":[],"class_list":{"0":"post-37453","1":"product","2":"type-product","3":"status-publish","4":"has-post-thumbnail","6":"product_cat-rapports-devaluation-etudes","7":"description-off","9":"first","10":"instock","11":"downloadable","12":"virtual","13":"sold-individually","14":"purchasable","15":"product-type-simple"},"yoast_head":"<!-- This site is optimized with the Yoast SEO plugin v27.5 - https:\/\/yoast.com\/product\/yoast-seo-wordpress\/ -->\n<title>Perception de la formation professionnelle - Conseil sup\u00e9rieur de l\u2019\u00e9ducation, de la formation et de la recherche scientifique<\/title>\n<meta name=\"robots\" content=\"noindex, follow, max-snippet:-1, max-image-preview:large, max-video-preview:-1\" \/>\n<meta property=\"og:locale\" content=\"fr_FR\" \/>\n<meta property=\"og:type\" content=\"article\" \/>\n<meta property=\"og:title\" content=\"Perception de la formation professionnelle - Conseil sup\u00e9rieur de l\u2019\u00e9ducation, de la formation et de la recherche scientifique\" \/>\n<meta property=\"og:description\" content=\"L\u2019objectif principal de cette \u00e9tude consiste \u00e0 \u00e9tudier des perceptions de la formation professionnelle, notamment celles li\u00e9es au travail manuel, \u00e0 l\u2019\u00e9chec scolaire, \u00e0 la formation \u00e0 court terme et aux cat\u00e9gories sociales modestes. &nbsp; T\u00e9l\u00e9charger le rapport d&rsquo;expertise \u00ab\u00a0Perception de la formation professionnelle\u00a0\u00bb\" \/>\n<meta property=\"og:url\" content=\"https:\/\/csefrs.lifemoz.com\/\u0627\u0644\u0645\u0646\u0634\u0648\u0631\u0627\u062a\/\u062a\u0635\u0648\u0631-\u0627\u0644\u062a\u0643\u0648\u064a\u0646-\u0627\u0644\u0645\u0647\u0646\u064a\/\" \/>\n<meta property=\"og:site_name\" content=\"Conseil sup\u00e9rieur de l\u2019\u00e9ducation, de la formation et de la recherche scientifique\" \/>\n<meta property=\"article:modified_time\" content=\"2026-02-08T13:08:38+00:00\" \/>\n<meta property=\"og:image\" content=\"https:\/\/csefrs.lifemoz.com\/wp-content\/uploads\/2025\/12\/FP-FR-finale-11-04-2016.jpg\" \/>\n\t<meta property=\"og:image:width\" content=\"734\" \/>\n\t<meta property=\"og:image:height\" content=\"1024\" \/>\n\t<meta property=\"og:image:type\" content=\"image\/jpeg\" \/>\n<meta name=\"twitter:card\" content=\"summary_large_image\" \/>\n<script type=\"application\/ld+json\" class=\"yoast-schema-graph\">{\"@context\":\"https:\\\/\\\/schema.org\",\"@graph\":[{\"@type\":\"WebPage\",\"@id\":\"https:\\\/\\\/csefrs.lifemoz.com\\\/\u0627\u0644\u0645\u0646\u0634\u0648\u0631\u0627\u062a\\\/%d8%aa%d8%b5%d9%88%d8%b1-%d8%a7%d9%84%d8%aa%d9%83%d9%88%d9%8a%d9%86-%d8%a7%d9%84%d9%85%d9%87%d9%86%d9%8a\\\/\",\"url\":\"https:\\\/\\\/csefrs.lifemoz.com\\\/\u0627\u0644\u0645\u0646\u0634\u0648\u0631\u0627\u062a\\\/%d8%aa%d8%b5%d9%88%d8%b1-%d8%a7%d9%84%d8%aa%d9%83%d9%88%d9%8a%d9%86-%d8%a7%d9%84%d9%85%d9%87%d9%86%d9%8a\\\/\",\"name\":\"Perception de la formation professionnelle - Conseil sup\u00e9rieur de l\u2019\u00e9ducation, de la formation et de la recherche scientifique\",\"isPartOf\":{\"@id\":\"https:\\\/\\\/csefrs.lifemoz.com\\\/#website\"},\"primaryImageOfPage\":{\"@id\":\"https:\\\/\\\/csefrs.lifemoz.com\\\/\u0627\u0644\u0645\u0646\u0634\u0648\u0631\u0627\u062a\\\/%d8%aa%d8%b5%d9%88%d8%b1-%d8%a7%d9%84%d8%aa%d9%83%d9%88%d9%8a%d9%86-%d8%a7%d9%84%d9%85%d9%87%d9%86%d9%8a\\\/#primaryimage\"},\"image\":{\"@id\":\"https:\\\/\\\/csefrs.lifemoz.com\\\/\u0627\u0644\u0645\u0646\u0634\u0648\u0631\u0627\u062a\\\/%d8%aa%d8%b5%d9%88%d8%b1-%d8%a7%d9%84%d8%aa%d9%83%d9%88%d9%8a%d9%86-%d8%a7%d9%84%d9%85%d9%87%d9%86%d9%8a\\\/#primaryimage\"},\"thumbnailUrl\":\"https:\\\/\\\/csefrs.lifemoz.com\\\/wp-content\\\/uploads\\\/2025\\\/12\\\/FP-FR-finale-11-04-2016.jpg\",\"datePublished\":\"2015-06-01T22:00:00+00:00\",\"dateModified\":\"2026-02-08T13:08:38+00:00\",\"breadcrumb\":{\"@id\":\"https:\\\/\\\/csefrs.lifemoz.com\\\/\u0627\u0644\u0645\u0646\u0634\u0648\u0631\u0627\u062a\\\/%d8%aa%d8%b5%d9%88%d8%b1-%d8%a7%d9%84%d8%aa%d9%83%d9%88%d9%8a%d9%86-%d8%a7%d9%84%d9%85%d9%87%d9%86%d9%8a\\\/#breadcrumb\"},\"inLanguage\":\"fr-FR\",\"potentialAction\":[{\"@type\":\"ReadAction\",\"target\":[\"https:\\\/\\\/csefrs.lifemoz.com\\\/\u0627\u0644\u0645\u0646\u0634\u0648\u0631\u0627\u062a\\\/%d8%aa%d8%b5%d9%88%d8%b1-%d8%a7%d9%84%d8%aa%d9%83%d9%88%d9%8a%d9%86-%d8%a7%d9%84%d9%85%d9%87%d9%86%d9%8a\\\/\"]}]},{\"@type\":\"ImageObject\",\"inLanguage\":\"fr-FR\",\"@id\":\"https:\\\/\\\/csefrs.lifemoz.com\\\/\u0627\u0644\u0645\u0646\u0634\u0648\u0631\u0627\u062a\\\/%d8%aa%d8%b5%d9%88%d8%b1-%d8%a7%d9%84%d8%aa%d9%83%d9%88%d9%8a%d9%86-%d8%a7%d9%84%d9%85%d9%87%d9%86%d9%8a\\\/#primaryimage\",\"url\":\"https:\\\/\\\/csefrs.lifemoz.com\\\/wp-content\\\/uploads\\\/2025\\\/12\\\/FP-FR-finale-11-04-2016.jpg\",\"contentUrl\":\"https:\\\/\\\/csefrs.lifemoz.com\\\/wp-content\\\/uploads\\\/2025\\\/12\\\/FP-FR-finale-11-04-2016.jpg\",\"width\":734,\"height\":1024},{\"@type\":\"BreadcrumbList\",\"@id\":\"https:\\\/\\\/csefrs.lifemoz.com\\\/\u0627\u0644\u0645\u0646\u0634\u0648\u0631\u0627\u062a\\\/%d8%aa%d8%b5%d9%88%d8%b1-%d8%a7%d9%84%d8%aa%d9%83%d9%88%d9%8a%d9%86-%d8%a7%d9%84%d9%85%d9%87%d9%86%d9%8a\\\/#breadcrumb\",\"itemListElement\":[{\"@type\":\"ListItem\",\"position\":1,\"name\":\"Accueil\",\"item\":\"https:\\\/\\\/csefrs.lifemoz.com\\\/fr\\\/\"},{\"@type\":\"ListItem\",\"position\":2,\"name\":\"Publications\",\"item\":\"https:\\\/\\\/csefrs.lifemoz.com\\\/\u0627\u0644\u0645\u0646\u0634\u0648\u0631\u0627\u062a\\\/\"},{\"@type\":\"ListItem\",\"position\":3,\"name\":\"Perception de la formation professionnelle\"}]},{\"@type\":\"WebSite\",\"@id\":\"https:\\\/\\\/csefrs.lifemoz.com\\\/#website\",\"url\":\"https:\\\/\\\/csefrs.lifemoz.com\\\/\",\"name\":\"Conseil sup\u00e9rieur de l\u2019\u00e9ducation, de la formation et de la recherche scientifique\",\"description\":\"\",\"potentialAction\":[{\"@type\":\"SearchAction\",\"target\":{\"@type\":\"EntryPoint\",\"urlTemplate\":\"https:\\\/\\\/csefrs.lifemoz.com\\\/?s={search_term_string}\"},\"query-input\":{\"@type\":\"PropertyValueSpecification\",\"valueRequired\":true,\"valueName\":\"search_term_string\"}}],\"inLanguage\":\"fr-FR\"}]}<\/script>\n<!-- \/ Yoast SEO plugin. -->","yoast_head_json":{"title":"Perception de la formation professionnelle - Conseil sup\u00e9rieur de l\u2019\u00e9ducation, de la formation et de la recherche scientifique","robots":{"index":"noindex","follow":"follow","max-snippet":"max-snippet:-1","max-image-preview":"max-image-preview:large","max-video-preview":"max-video-preview:-1"},"og_locale":"fr_FR","og_type":"article","og_title":"Perception de la formation professionnelle - Conseil sup\u00e9rieur de l\u2019\u00e9ducation, de la formation et de la recherche scientifique","og_description":"L\u2019objectif principal de cette \u00e9tude consiste \u00e0 \u00e9tudier des perceptions de la formation professionnelle, notamment celles li\u00e9es au travail manuel, \u00e0 l\u2019\u00e9chec scolaire, \u00e0 la formation \u00e0 court terme et aux cat\u00e9gories sociales modestes. &nbsp; T\u00e9l\u00e9charger le rapport d&rsquo;expertise \u00ab\u00a0Perception de la formation professionnelle\u00a0\u00bb","og_url":"https:\/\/csefrs.lifemoz.com\/\u0627\u0644\u0645\u0646\u0634\u0648\u0631\u0627\u062a\/\u062a\u0635\u0648\u0631-\u0627\u0644\u062a\u0643\u0648\u064a\u0646-\u0627\u0644\u0645\u0647\u0646\u064a\/","og_site_name":"Conseil sup\u00e9rieur de l\u2019\u00e9ducation, de la formation et de la recherche scientifique","article_modified_time":"2026-02-08T13:08:38+00:00","og_image":[{"width":734,"height":1024,"url":"https:\/\/csefrs.lifemoz.com\/wp-content\/uploads\/2025\/12\/FP-FR-finale-11-04-2016.jpg","type":"image\/jpeg"}],"twitter_card":"summary_large_image","schema":{"@context":"https:\/\/schema.org","@graph":[{"@type":"WebPage","@id":"https:\/\/csefrs.lifemoz.com\/\u0627\u0644\u0645\u0646\u0634\u0648\u0631\u0627\u062a\/%d8%aa%d8%b5%d9%88%d8%b1-%d8%a7%d9%84%d8%aa%d9%83%d9%88%d9%8a%d9%86-%d8%a7%d9%84%d9%85%d9%87%d9%86%d9%8a\/","url":"https:\/\/csefrs.lifemoz.com\/\u0627\u0644\u0645\u0646\u0634\u0648\u0631\u0627\u062a\/%d8%aa%d8%b5%d9%88%d8%b1-%d8%a7%d9%84%d8%aa%d9%83%d9%88%d9%8a%d9%86-%d8%a7%d9%84%d9%85%d9%87%d9%86%d9%8a\/","name":"Perception de la formation professionnelle - Conseil sup\u00e9rieur de l\u2019\u00e9ducation, de la formation et de la recherche scientifique","isPartOf":{"@id":"https:\/\/csefrs.lifemoz.com\/#website"},"primaryImageOfPage":{"@id":"https:\/\/csefrs.lifemoz.com\/\u0627\u0644\u0645\u0646\u0634\u0648\u0631\u0627\u062a\/%d8%aa%d8%b5%d9%88%d8%b1-%d8%a7%d9%84%d8%aa%d9%83%d9%88%d9%8a%d9%86-%d8%a7%d9%84%d9%85%d9%87%d9%86%d9%8a\/#primaryimage"},"image":{"@id":"https:\/\/csefrs.lifemoz.com\/\u0627\u0644\u0645\u0646\u0634\u0648\u0631\u0627\u062a\/%d8%aa%d8%b5%d9%88%d8%b1-%d8%a7%d9%84%d8%aa%d9%83%d9%88%d9%8a%d9%86-%d8%a7%d9%84%d9%85%d9%87%d9%86%d9%8a\/#primaryimage"},"thumbnailUrl":"https:\/\/csefrs.lifemoz.com\/wp-content\/uploads\/2025\/12\/FP-FR-finale-11-04-2016.jpg","datePublished":"2015-06-01T22:00:00+00:00","dateModified":"2026-02-08T13:08:38+00:00","breadcrumb":{"@id":"https:\/\/csefrs.lifemoz.com\/\u0627\u0644\u0645\u0646\u0634\u0648\u0631\u0627\u062a\/%d8%aa%d8%b5%d9%88%d8%b1-%d8%a7%d9%84%d8%aa%d9%83%d9%88%d9%8a%d9%86-%d8%a7%d9%84%d9%85%d9%87%d9%86%d9%8a\/#breadcrumb"},"inLanguage":"fr-FR","potentialAction":[{"@type":"ReadAction","target":["https:\/\/csefrs.lifemoz.com\/\u0627\u0644\u0645\u0646\u0634\u0648\u0631\u0627\u062a\/%d8%aa%d8%b5%d9%88%d8%b1-%d8%a7%d9%84%d8%aa%d9%83%d9%88%d9%8a%d9%86-%d8%a7%d9%84%d9%85%d9%87%d9%86%d9%8a\/"]}]},{"@type":"ImageObject","inLanguage":"fr-FR","@id":"https:\/\/csefrs.lifemoz.com\/\u0627\u0644\u0645\u0646\u0634\u0648\u0631\u0627\u062a\/%d8%aa%d8%b5%d9%88%d8%b1-%d8%a7%d9%84%d8%aa%d9%83%d9%88%d9%8a%d9%86-%d8%a7%d9%84%d9%85%d9%87%d9%86%d9%8a\/#primaryimage","url":"https:\/\/csefrs.lifemoz.com\/wp-content\/uploads\/2025\/12\/FP-FR-finale-11-04-2016.jpg","contentUrl":"https:\/\/csefrs.lifemoz.com\/wp-content\/uploads\/2025\/12\/FP-FR-finale-11-04-2016.jpg","width":734,"height":1024},{"@type":"BreadcrumbList","@id":"https:\/\/csefrs.lifemoz.com\/\u0627\u0644\u0645\u0646\u0634\u0648\u0631\u0627\u062a\/%d8%aa%d8%b5%d9%88%d8%b1-%d8%a7%d9%84%d8%aa%d9%83%d9%88%d9%8a%d9%86-%d8%a7%d9%84%d9%85%d9%87%d9%86%d9%8a\/#breadcrumb","itemListElement":[{"@type":"ListItem","position":1,"name":"Accueil","item":"https:\/\/csefrs.lifemoz.com\/fr\/"},{"@type":"ListItem","position":2,"name":"Publications","item":"https:\/\/csefrs.lifemoz.com\/\u0627\u0644\u0645\u0646\u0634\u0648\u0631\u0627\u062a\/"},{"@type":"ListItem","position":3,"name":"Perception de la formation professionnelle"}]},{"@type":"WebSite","@id":"https:\/\/csefrs.lifemoz.com\/#website","url":"https:\/\/csefrs.lifemoz.com\/","name":"Conseil sup\u00e9rieur de l\u2019\u00e9ducation, de la formation et de la recherche scientifique","description":"","potentialAction":[{"@type":"SearchAction","target":{"@type":"EntryPoint","urlTemplate":"https:\/\/csefrs.lifemoz.com\/?s={search_term_string}"},"query-input":{"@type":"PropertyValueSpecification","valueRequired":true,"valueName":"search_term_string"}}],"inLanguage":"fr-FR"}]}},"_links":{"self":[{"href":"https:\/\/csefrs.lifemoz.com\/fr\/wp-json\/wp\/v2\/product\/37453","targetHints":{"allow":["GET"]}}],"collection":[{"href":"https:\/\/csefrs.lifemoz.com\/fr\/wp-json\/wp\/v2\/product"}],"about":[{"href":"https:\/\/csefrs.lifemoz.com\/fr\/wp-json\/wp\/v2\/types\/product"}],"wp:featuredmedia":[{"embeddable":true,"href":"https:\/\/csefrs.lifemoz.com\/fr\/wp-json\/wp\/v2\/media\/37102"}],"wp:attachment":[{"href":"https:\/\/csefrs.lifemoz.com\/fr\/wp-json\/wp\/v2\/media?parent=37453"}],"wp:term":[{"taxonomy":"product_brand","embeddable":true,"href":"https:\/\/csefrs.lifemoz.com\/fr\/wp-json\/wp\/v2\/product_brand?post=37453"},{"taxonomy":"product_cat","embeddable":true,"href":"https:\/\/csefrs.lifemoz.com\/fr\/wp-json\/wp\/v2\/product_cat?post=37453"},{"taxonomy":"product_tag","embeddable":true,"href":"https:\/\/csefrs.lifemoz.com\/fr\/wp-json\/wp\/v2\/product_tag?post=37453"}],"curies":[{"name":"wp","href":"https:\/\/api.w.org\/{rel}","templated":true}]}}