{"id":37451,"date":"2016-11-01T00:00:00","date_gmt":"2016-11-01T00:00:00","guid":{"rendered":"https:\/\/csefrs.lifemoz.com\/\u0627\u0644\u0645\u0646\u0634\u0648\u0631\u0627\u062a\/gouvernance-du-systeme-deducation-et-de-formation-au-maroc\/"},"modified":"2026-02-08T14:08:37","modified_gmt":"2026-02-08T13:08:37","slug":"gouvernance-du-systeme-deducation-et-de-formation-au-maroc","status":"publish","type":"product","link":"https:\/\/csefrs.lifemoz.com\/fr\/publications\/gouvernance-du-systeme-deducation-et-de-formation-au-maroc\/","title":{"rendered":"Gouvernance du syst\u00e8me d\u2019\u00e9ducation et de formation au Maroc"},"content":{"rendered":"<p style=\"text-align: justify;\">Cette \u00e9tude a pour objet l\u2019\u00e9valuation du dispositif de gouvernance du syst\u00e8me d\u2019\u00e9ducation et de formation d\u00e9fini par la Charte Nationale d\u2019\u00c9ducation et de Formation, l\u2019appr\u00e9ciation de l\u2019\u00e9tat d\u2019avancement du processus de d\u00e9centralisation et de d\u00e9concentration des services d\u2019administration et de la qualit\u00e9 de coordination institutionnelle du syst\u00e8me. Elle concerne les trois composantes du syst\u00e8me : l\u2019Enseignement sup\u00e9rieur, l\u2019\u00c9ducation nationale et la Formation professionnelle.<\/p>\n<p>&nbsp;<br \/>\n<a class=\"download-button-intern-fr\" href=\"https:\/\/csefrs.lifemoz.com\/wp-content\/uploads\/2009\/10\/GOUVERNANCE-FR-Finale-20-05-2016.pdf\" target=\"_blank\" rel=\"noopener\">T\u00e9l\u00e9charger le rapport d&rsquo;expertise \u00ab\u00a0Gouvernance du syst\u00e8me d\u2019\u00e9ducation et de formation au Maroc\u00a0\u00bb <\/a><\/p>\n","protected":false},"excerpt":{"rendered":"<p>Cette \u00e9tude a pour objet l\u2019\u00e9valuation du dispositif de gouvernance du syst\u00e8me d\u2019\u00e9ducation et de formation d\u00e9fini par la Charte Nationale d\u2019\u00c9ducation et de Formation, l\u2019appr\u00e9ciation de l\u2019\u00e9tat d\u2019avancement du processus de d\u00e9centralisation et de d\u00e9concentration des services d\u2019administration et de la qualit\u00e9 de coordination institutionnelle du syst\u00e8me. Elle concerne les trois composantes du syst\u00e8me&hellip;<\/p>\n","protected":false},"featured_media":37101,"template":"","meta":[],"product_brand":[],"product_cat":[506],"product_tag":[],"class_list":{"0":"post-37451","1":"product","2":"type-product","3":"status-publish","4":"has-post-thumbnail","6":"product_cat-rapports-devaluation-etudes","7":"description-off","9":"first","10":"instock","11":"downloadable","12":"virtual","13":"sold-individually","14":"purchasable","15":"product-type-simple"},"yoast_head":"<!-- This site is optimized with the Yoast SEO plugin v27.5 - https:\/\/yoast.com\/product\/yoast-seo-wordpress\/ -->\n<title>Gouvernance du syst\u00e8me d\u2019\u00e9ducation et de formation au Maroc - Conseil sup\u00e9rieur de l\u2019\u00e9ducation, de la formation et de la recherche scientifique<\/title>\n<meta name=\"robots\" content=\"noindex, follow, max-snippet:-1, max-image-preview:large, max-video-preview:-1\" \/>\n<meta property=\"og:locale\" content=\"fr_FR\" \/>\n<meta property=\"og:type\" content=\"article\" \/>\n<meta property=\"og:title\" content=\"Gouvernance du syst\u00e8me d\u2019\u00e9ducation et de formation au Maroc - Conseil sup\u00e9rieur de l\u2019\u00e9ducation, de la formation et de la recherche scientifique\" \/>\n<meta property=\"og:description\" content=\"Cette \u00e9tude a pour objet l\u2019\u00e9valuation du dispositif de gouvernance du syst\u00e8me d\u2019\u00e9ducation et de formation d\u00e9fini par la Charte Nationale d\u2019\u00c9ducation et de Formation, l\u2019appr\u00e9ciation de l\u2019\u00e9tat d\u2019avancement du processus de d\u00e9centralisation et de d\u00e9concentration des services d\u2019administration et de la qualit\u00e9 de coordination institutionnelle du syst\u00e8me. Elle concerne les trois composantes du syst\u00e8me&hellip;\" \/>\n<meta property=\"og:url\" content=\"https:\/\/csefrs.lifemoz.com\/fr\/publications\/gouvernance-du-systeme-deducation-et-de-formation-au-maroc\/\" \/>\n<meta property=\"og:site_name\" content=\"Conseil sup\u00e9rieur de l\u2019\u00e9ducation, de la formation et de la recherche scientifique\" \/>\n<meta property=\"article:modified_time\" content=\"2026-02-08T13:08:37+00:00\" \/>\n<meta property=\"og:image\" content=\"https:\/\/csefrs.lifemoz.com\/wp-content\/uploads\/2025\/12\/GOUVERNANCE-FR-Finale-20-05-2016.jpg\" \/>\n\t<meta property=\"og:image:width\" content=\"734\" \/>\n\t<meta property=\"og:image:height\" content=\"1024\" \/>\n\t<meta property=\"og:image:type\" content=\"image\/jpeg\" \/>\n<meta name=\"twitter:card\" content=\"summary_large_image\" \/>\n<script type=\"application\/ld+json\" class=\"yoast-schema-graph\">{\"@context\":\"https:\\\/\\\/schema.org\",\"@graph\":[{\"@type\":\"WebPage\",\"@id\":\"https:\\\/\\\/csefrs.lifemoz.com\\\/fr\\\/publications\\\/gouvernance-du-systeme-deducation-et-de-formation-au-maroc\\\/\",\"url\":\"https:\\\/\\\/csefrs.lifemoz.com\\\/fr\\\/publications\\\/gouvernance-du-systeme-deducation-et-de-formation-au-maroc\\\/\",\"name\":\"Gouvernance du syst\u00e8me d\u2019\u00e9ducation et de formation au Maroc - Conseil sup\u00e9rieur de l\u2019\u00e9ducation, de la formation et de la recherche scientifique\",\"isPartOf\":{\"@id\":\"https:\\\/\\\/csefrs.lifemoz.com\\\/#website\"},\"primaryImageOfPage\":{\"@id\":\"https:\\\/\\\/csefrs.lifemoz.com\\\/fr\\\/publications\\\/gouvernance-du-systeme-deducation-et-de-formation-au-maroc\\\/#primaryimage\"},\"image\":{\"@id\":\"https:\\\/\\\/csefrs.lifemoz.com\\\/fr\\\/publications\\\/gouvernance-du-systeme-deducation-et-de-formation-au-maroc\\\/#primaryimage\"},\"thumbnailUrl\":\"https:\\\/\\\/csefrs.lifemoz.com\\\/wp-content\\\/uploads\\\/2025\\\/12\\\/GOUVERNANCE-FR-Finale-20-05-2016.jpg\",\"datePublished\":\"2016-11-01T00:00:00+00:00\",\"dateModified\":\"2026-02-08T13:08:37+00:00\",\"breadcrumb\":{\"@id\":\"https:\\\/\\\/csefrs.lifemoz.com\\\/fr\\\/publications\\\/gouvernance-du-systeme-deducation-et-de-formation-au-maroc\\\/#breadcrumb\"},\"inLanguage\":\"fr-FR\",\"potentialAction\":[{\"@type\":\"ReadAction\",\"target\":[\"https:\\\/\\\/csefrs.lifemoz.com\\\/fr\\\/publications\\\/gouvernance-du-systeme-deducation-et-de-formation-au-maroc\\\/\"]}]},{\"@type\":\"ImageObject\",\"inLanguage\":\"fr-FR\",\"@id\":\"https:\\\/\\\/csefrs.lifemoz.com\\\/fr\\\/publications\\\/gouvernance-du-systeme-deducation-et-de-formation-au-maroc\\\/#primaryimage\",\"url\":\"https:\\\/\\\/csefrs.lifemoz.com\\\/wp-content\\\/uploads\\\/2025\\\/12\\\/GOUVERNANCE-FR-Finale-20-05-2016.jpg\",\"contentUrl\":\"https:\\\/\\\/csefrs.lifemoz.com\\\/wp-content\\\/uploads\\\/2025\\\/12\\\/GOUVERNANCE-FR-Finale-20-05-2016.jpg\",\"width\":734,\"height\":1024},{\"@type\":\"BreadcrumbList\",\"@id\":\"https:\\\/\\\/csefrs.lifemoz.com\\\/fr\\\/publications\\\/gouvernance-du-systeme-deducation-et-de-formation-au-maroc\\\/#breadcrumb\",\"itemListElement\":[{\"@type\":\"ListItem\",\"position\":1,\"name\":\"Accueil\",\"item\":\"https:\\\/\\\/csefrs.lifemoz.com\\\/fr\\\/\"},{\"@type\":\"ListItem\",\"position\":2,\"name\":\"Publications\",\"item\":\"https:\\\/\\\/csefrs.lifemoz.com\\\/\u0627\u0644\u0645\u0646\u0634\u0648\u0631\u0627\u062a\\\/\"},{\"@type\":\"ListItem\",\"position\":3,\"name\":\"Gouvernance du syst\u00e8me d\u2019\u00e9ducation et de formation au Maroc\"}]},{\"@type\":\"WebSite\",\"@id\":\"https:\\\/\\\/csefrs.lifemoz.com\\\/#website\",\"url\":\"https:\\\/\\\/csefrs.lifemoz.com\\\/\",\"name\":\"Conseil sup\u00e9rieur de l\u2019\u00e9ducation, de la formation et de la recherche scientifique\",\"description\":\"\",\"potentialAction\":[{\"@type\":\"SearchAction\",\"target\":{\"@type\":\"EntryPoint\",\"urlTemplate\":\"https:\\\/\\\/csefrs.lifemoz.com\\\/?s={search_term_string}\"},\"query-input\":{\"@type\":\"PropertyValueSpecification\",\"valueRequired\":true,\"valueName\":\"search_term_string\"}}],\"inLanguage\":\"fr-FR\"}]}<\/script>\n<!-- \/ Yoast SEO plugin. -->","yoast_head_json":{"title":"Gouvernance du syst\u00e8me d\u2019\u00e9ducation et de formation au Maroc - Conseil sup\u00e9rieur de l\u2019\u00e9ducation, de la formation et de la recherche scientifique","robots":{"index":"noindex","follow":"follow","max-snippet":"max-snippet:-1","max-image-preview":"max-image-preview:large","max-video-preview":"max-video-preview:-1"},"og_locale":"fr_FR","og_type":"article","og_title":"Gouvernance du syst\u00e8me d\u2019\u00e9ducation et de formation au Maroc - Conseil sup\u00e9rieur de l\u2019\u00e9ducation, de la formation et de la recherche scientifique","og_description":"Cette \u00e9tude a pour objet l\u2019\u00e9valuation du dispositif de gouvernance du syst\u00e8me d\u2019\u00e9ducation et de formation d\u00e9fini par la Charte Nationale d\u2019\u00c9ducation et de Formation, l\u2019appr\u00e9ciation de l\u2019\u00e9tat d\u2019avancement du processus de d\u00e9centralisation et de d\u00e9concentration des services d\u2019administration et de la qualit\u00e9 de coordination institutionnelle du syst\u00e8me. Elle concerne les trois composantes du syst\u00e8me&hellip;","og_url":"https:\/\/csefrs.lifemoz.com\/fr\/publications\/gouvernance-du-systeme-deducation-et-de-formation-au-maroc\/","og_site_name":"Conseil sup\u00e9rieur de l\u2019\u00e9ducation, de la formation et de la recherche scientifique","article_modified_time":"2026-02-08T13:08:37+00:00","og_image":[{"width":734,"height":1024,"url":"https:\/\/csefrs.lifemoz.com\/wp-content\/uploads\/2025\/12\/GOUVERNANCE-FR-Finale-20-05-2016.jpg","type":"image\/jpeg"}],"twitter_card":"summary_large_image","schema":{"@context":"https:\/\/schema.org","@graph":[{"@type":"WebPage","@id":"https:\/\/csefrs.lifemoz.com\/fr\/publications\/gouvernance-du-systeme-deducation-et-de-formation-au-maroc\/","url":"https:\/\/csefrs.lifemoz.com\/fr\/publications\/gouvernance-du-systeme-deducation-et-de-formation-au-maroc\/","name":"Gouvernance du syst\u00e8me d\u2019\u00e9ducation et de formation au Maroc - Conseil sup\u00e9rieur de l\u2019\u00e9ducation, de la formation et de la recherche scientifique","isPartOf":{"@id":"https:\/\/csefrs.lifemoz.com\/#website"},"primaryImageOfPage":{"@id":"https:\/\/csefrs.lifemoz.com\/fr\/publications\/gouvernance-du-systeme-deducation-et-de-formation-au-maroc\/#primaryimage"},"image":{"@id":"https:\/\/csefrs.lifemoz.com\/fr\/publications\/gouvernance-du-systeme-deducation-et-de-formation-au-maroc\/#primaryimage"},"thumbnailUrl":"https:\/\/csefrs.lifemoz.com\/wp-content\/uploads\/2025\/12\/GOUVERNANCE-FR-Finale-20-05-2016.jpg","datePublished":"2016-11-01T00:00:00+00:00","dateModified":"2026-02-08T13:08:37+00:00","breadcrumb":{"@id":"https:\/\/csefrs.lifemoz.com\/fr\/publications\/gouvernance-du-systeme-deducation-et-de-formation-au-maroc\/#breadcrumb"},"inLanguage":"fr-FR","potentialAction":[{"@type":"ReadAction","target":["https:\/\/csefrs.lifemoz.com\/fr\/publications\/gouvernance-du-systeme-deducation-et-de-formation-au-maroc\/"]}]},{"@type":"ImageObject","inLanguage":"fr-FR","@id":"https:\/\/csefrs.lifemoz.com\/fr\/publications\/gouvernance-du-systeme-deducation-et-de-formation-au-maroc\/#primaryimage","url":"https:\/\/csefrs.lifemoz.com\/wp-content\/uploads\/2025\/12\/GOUVERNANCE-FR-Finale-20-05-2016.jpg","contentUrl":"https:\/\/csefrs.lifemoz.com\/wp-content\/uploads\/2025\/12\/GOUVERNANCE-FR-Finale-20-05-2016.jpg","width":734,"height":1024},{"@type":"BreadcrumbList","@id":"https:\/\/csefrs.lifemoz.com\/fr\/publications\/gouvernance-du-systeme-deducation-et-de-formation-au-maroc\/#breadcrumb","itemListElement":[{"@type":"ListItem","position":1,"name":"Accueil","item":"https:\/\/csefrs.lifemoz.com\/fr\/"},{"@type":"ListItem","position":2,"name":"Publications","item":"https:\/\/csefrs.lifemoz.com\/\u0627\u0644\u0645\u0646\u0634\u0648\u0631\u0627\u062a\/"},{"@type":"ListItem","position":3,"name":"Gouvernance du syst\u00e8me d\u2019\u00e9ducation et de formation au Maroc"}]},{"@type":"WebSite","@id":"https:\/\/csefrs.lifemoz.com\/#website","url":"https:\/\/csefrs.lifemoz.com\/","name":"Conseil sup\u00e9rieur de l\u2019\u00e9ducation, de la formation et de la recherche scientifique","description":"","potentialAction":[{"@type":"SearchAction","target":{"@type":"EntryPoint","urlTemplate":"https:\/\/csefrs.lifemoz.com\/?s={search_term_string}"},"query-input":{"@type":"PropertyValueSpecification","valueRequired":true,"valueName":"search_term_string"}}],"inLanguage":"fr-FR"}]}},"_links":{"self":[{"href":"https:\/\/csefrs.lifemoz.com\/fr\/wp-json\/wp\/v2\/product\/37451","targetHints":{"allow":["GET"]}}],"collection":[{"href":"https:\/\/csefrs.lifemoz.com\/fr\/wp-json\/wp\/v2\/product"}],"about":[{"href":"https:\/\/csefrs.lifemoz.com\/fr\/wp-json\/wp\/v2\/types\/product"}],"wp:featuredmedia":[{"embeddable":true,"href":"https:\/\/csefrs.lifemoz.com\/fr\/wp-json\/wp\/v2\/media\/37101"}],"wp:attachment":[{"href":"https:\/\/csefrs.lifemoz.com\/fr\/wp-json\/wp\/v2\/media?parent=37451"}],"wp:term":[{"taxonomy":"product_brand","embeddable":true,"href":"https:\/\/csefrs.lifemoz.com\/fr\/wp-json\/wp\/v2\/product_brand?post=37451"},{"taxonomy":"product_cat","embeddable":true,"href":"https:\/\/csefrs.lifemoz.com\/fr\/wp-json\/wp\/v2\/product_cat?post=37451"},{"taxonomy":"product_tag","embeddable":true,"href":"https:\/\/csefrs.lifemoz.com\/fr\/wp-json\/wp\/v2\/product_tag?post=37451"}],"curies":[{"name":"wp","href":"https:\/\/api.w.org\/{rel}","templated":true}]}}