{"id":37449,"date":"2009-05-02T00:00:00","date_gmt":"2009-05-02T00:00:00","guid":{"rendered":"https:\/\/csefrs.lifemoz.com\/\u0627\u0644\u0645\u0646\u0634\u0648\u0631\u0627\u062a\/rapport-thematique-sur-les-resultats-du-programme-national-devaluation-des-acquis-scolaires-2009\/"},"modified":"2026-02-08T14:08:42","modified_gmt":"2026-02-08T13:08:42","slug":"rapport-thematique-sur-les-resultats-du-programme-national-devaluation-des-acquis-scolaires-2009","status":"publish","type":"product","link":"https:\/\/csefrs.lifemoz.com\/fr\/publications\/rapport-thematique-sur-les-resultats-du-programme-national-devaluation-des-acquis-scolaires-2009\/","title":{"rendered":"Rapport th\u00e9matique sur les r\u00e9sultats du Programme National d\u2019Evaluation des Acquis scolaires 2009"},"content":{"rendered":"<p style=\"text-align: justify;\">Le Programme National d\u2019Evaluation des Acquis scolaires 2008 s\u2019est consacr\u00e9 \u00e0 l\u2019identification des principaux facteurs intervenant dans la r\u00e9ussite scolaire et relatives tant \u00e0 l\u2019\u00e9cole, \u00e0 la famille de l\u2019apprenant et au contexte. Le principal objectif dudit programme est l\u2019\u00e9laboration de strat\u00e9gies de rattrapage et de soutien de nature scolaire et social en vue d\u2019am\u00e9liorer la qualit\u00e9 des apprentissages. Les r\u00e9sultats des \u00e9l\u00e8ves sont crois\u00e9s avec leurs aptitudes individuelles et avec les indicateurs d\u00e9terminants dans leur parcours scolaire. Cette mise en regard permet d\u2019expliquer les disparit\u00e9s entre les profils de comp\u00e9tences ainsi que les caract\u00e9ristiques des \u00e9tablissements scolaires r\u00e9alisant des performances de haut niveau.<\/p>\n<p>&nbsp;<br \/>\n<a class=\"download-button-intern-fr\" href=\"https:\/\/csefrs.lifemoz.com\/wp-content\/uploads\/2017\/10\/rappor_synthetique_VF.pdf\" target=\"_blank\" rel=\"noopener\">T\u00e9l\u00e9charger le rapport synth\u00e9tique<\/a><br \/>\n<a class=\"download-button-intern-fr\" href=\"https:\/\/csefrs.lifemoz.com\/wp-content\/uploads\/2017\/09\/Methodologique_VF.pdf\" target=\"_blank\" rel=\"noopener\">T\u00e9l\u00e9charger le rapport m\u00e9thodologique<\/a><br \/>\n<a class=\"download-button-intern-fr\" href=\"https:\/\/csefrs.lifemoz.com\/wp-content\/uploads\/2017\/09\/rap_analyt_VF.pdf\" target=\"_blank\" rel=\"noopener\">T\u00e9l\u00e9charger le rapport analytique<\/a><br \/>\n<a class=\"download-button-intern-fr\" href=\"https:\/\/csefrs.lifemoz.com\/wp-content\/uploads\/2017\/09\/fascicule_lang_Ar_VF.pdf\" target=\"_blank\" rel=\"noopener\">T\u00e9l\u00e9charger le fascicule de la langue arabe<\/a><br \/>\n<a class=\"download-button-intern-fr\" href=\"https:\/\/csefrs.lifemoz.com\/wp-content\/uploads\/2017\/09\/fascicule_lang_fr_VF.pdf\" target=\"_blank\" rel=\"noopener\">T\u00e9l\u00e9charger le fascicule de la langue fran\u00e7aise<\/a><br \/>\n<a class=\"download-button-intern-fr\" href=\"https:\/\/csefrs.lifemoz.com\/wp-content\/uploads\/2017\/09\/fascicule_des_math_VF.pdf\" target=\"_blank\" rel=\"noopener\">T\u00e9l\u00e9charger le fascicule des math\u00e9matiques<\/a><br \/>\n<a class=\"download-button-intern-fr\" href=\"https:\/\/csefrs.lifemoz.com\/wp-content\/uploads\/2017\/09\/Science_VF.pdf\" target=\"_blank\" rel=\"noopener\">T\u00e9l\u00e9charger le fascicule des sciences<\/a><\/p>\n","protected":false},"excerpt":{"rendered":"<p>Le Programme National d\u2019Evaluation des Acquis scolaires 2008 s\u2019est consacr\u00e9 \u00e0 l\u2019identification des principaux facteurs intervenant dans la r\u00e9ussite scolaire et relatives tant \u00e0 l\u2019\u00e9cole, \u00e0 la famille de l\u2019apprenant et au contexte. Le principal objectif dudit programme est l\u2019\u00e9laboration de strat\u00e9gies de rattrapage et de soutien de nature scolaire et social en vue d\u2019am\u00e9liorer&hellip;<\/p>\n","protected":false},"featured_media":37100,"template":"","meta":[],"product_brand":[],"product_cat":[505,506],"product_tag":[],"class_list":{"0":"post-37449","1":"product","2":"type-product","3":"status-publish","4":"has-post-thumbnail","6":"product_cat-rapports","7":"product_cat-rapports-devaluation-etudes","8":"description-off","10":"first","11":"instock","12":"downloadable","13":"virtual","14":"sold-individually","15":"purchasable","16":"product-type-simple"},"yoast_head":"<!-- This site is optimized with the Yoast SEO plugin v27.5 - https:\/\/yoast.com\/product\/yoast-seo-wordpress\/ -->\n<title>Rapport th\u00e9matique sur les r\u00e9sultats du Programme National d\u2019Evaluation des Acquis scolaires 2009 - Conseil sup\u00e9rieur de l\u2019\u00e9ducation, de la formation et de la recherche scientifique<\/title>\n<meta name=\"robots\" content=\"noindex, follow, max-snippet:-1, max-image-preview:large, max-video-preview:-1\" \/>\n<meta property=\"og:locale\" content=\"fr_FR\" \/>\n<meta property=\"og:type\" content=\"article\" \/>\n<meta property=\"og:title\" content=\"Rapport th\u00e9matique sur les r\u00e9sultats du Programme National d\u2019Evaluation des Acquis scolaires 2009 - Conseil sup\u00e9rieur de l\u2019\u00e9ducation, de la formation et de la recherche scientifique\" \/>\n<meta property=\"og:description\" content=\"Le Programme National d\u2019Evaluation des Acquis scolaires 2008 s\u2019est consacr\u00e9 \u00e0 l\u2019identification des principaux facteurs intervenant dans la r\u00e9ussite scolaire et relatives tant \u00e0 l\u2019\u00e9cole, \u00e0 la famille de l\u2019apprenant et au contexte. Le principal objectif dudit programme est l\u2019\u00e9laboration de strat\u00e9gies de rattrapage et de soutien de nature scolaire et social en vue d\u2019am\u00e9liorer&hellip;\" \/>\n<meta property=\"og:url\" content=\"https:\/\/csefrs.lifemoz.com\/fr\/publications\/rapport-thematique-sur-les-resultats-du-programme-national-devaluation-des-acquis-scolaires-2009\/\" \/>\n<meta property=\"og:site_name\" content=\"Conseil sup\u00e9rieur de l\u2019\u00e9ducation, de la formation et de la recherche scientifique\" \/>\n<meta property=\"article:modified_time\" content=\"2026-02-08T13:08:42+00:00\" \/>\n<meta property=\"og:image\" content=\"https:\/\/csefrs.lifemoz.com\/wp-content\/uploads\/2025\/12\/rappor_synthetique_VF.jpg\" \/>\n\t<meta property=\"og:image:width\" content=\"725\" \/>\n\t<meta property=\"og:image:height\" content=\"1024\" \/>\n\t<meta property=\"og:image:type\" content=\"image\/jpeg\" \/>\n<meta name=\"twitter:card\" content=\"summary_large_image\" \/>\n<meta name=\"twitter:label1\" content=\"Dur\u00e9e de lecture estim\u00e9e\" \/>\n\t<meta name=\"twitter:data1\" content=\"1 minute\" \/>\n<script type=\"application\/ld+json\" class=\"yoast-schema-graph\">{\"@context\":\"https:\\\/\\\/schema.org\",\"@graph\":[{\"@type\":\"WebPage\",\"@id\":\"https:\\\/\\\/csefrs.lifemoz.com\\\/fr\\\/publications\\\/rapport-thematique-sur-les-resultats-du-programme-national-devaluation-des-acquis-scolaires-2009\\\/\",\"url\":\"https:\\\/\\\/csefrs.lifemoz.com\\\/fr\\\/publications\\\/rapport-thematique-sur-les-resultats-du-programme-national-devaluation-des-acquis-scolaires-2009\\\/\",\"name\":\"Rapport th\u00e9matique sur les r\u00e9sultats du Programme National d\u2019Evaluation des Acquis scolaires 2009 - Conseil sup\u00e9rieur de l\u2019\u00e9ducation, de la formation et de la recherche scientifique\",\"isPartOf\":{\"@id\":\"https:\\\/\\\/csefrs.lifemoz.com\\\/#website\"},\"primaryImageOfPage\":{\"@id\":\"https:\\\/\\\/csefrs.lifemoz.com\\\/fr\\\/publications\\\/rapport-thematique-sur-les-resultats-du-programme-national-devaluation-des-acquis-scolaires-2009\\\/#primaryimage\"},\"image\":{\"@id\":\"https:\\\/\\\/csefrs.lifemoz.com\\\/fr\\\/publications\\\/rapport-thematique-sur-les-resultats-du-programme-national-devaluation-des-acquis-scolaires-2009\\\/#primaryimage\"},\"thumbnailUrl\":\"https:\\\/\\\/csefrs.lifemoz.com\\\/wp-content\\\/uploads\\\/2025\\\/12\\\/rappor_synthetique_VF.jpg\",\"datePublished\":\"2009-05-02T00:00:00+00:00\",\"dateModified\":\"2026-02-08T13:08:42+00:00\",\"breadcrumb\":{\"@id\":\"https:\\\/\\\/csefrs.lifemoz.com\\\/fr\\\/publications\\\/rapport-thematique-sur-les-resultats-du-programme-national-devaluation-des-acquis-scolaires-2009\\\/#breadcrumb\"},\"inLanguage\":\"fr-FR\",\"potentialAction\":[{\"@type\":\"ReadAction\",\"target\":[\"https:\\\/\\\/csefrs.lifemoz.com\\\/fr\\\/publications\\\/rapport-thematique-sur-les-resultats-du-programme-national-devaluation-des-acquis-scolaires-2009\\\/\"]}]},{\"@type\":\"ImageObject\",\"inLanguage\":\"fr-FR\",\"@id\":\"https:\\\/\\\/csefrs.lifemoz.com\\\/fr\\\/publications\\\/rapport-thematique-sur-les-resultats-du-programme-national-devaluation-des-acquis-scolaires-2009\\\/#primaryimage\",\"url\":\"https:\\\/\\\/csefrs.lifemoz.com\\\/wp-content\\\/uploads\\\/2025\\\/12\\\/rappor_synthetique_VF.jpg\",\"contentUrl\":\"https:\\\/\\\/csefrs.lifemoz.com\\\/wp-content\\\/uploads\\\/2025\\\/12\\\/rappor_synthetique_VF.jpg\",\"width\":725,\"height\":1024},{\"@type\":\"BreadcrumbList\",\"@id\":\"https:\\\/\\\/csefrs.lifemoz.com\\\/fr\\\/publications\\\/rapport-thematique-sur-les-resultats-du-programme-national-devaluation-des-acquis-scolaires-2009\\\/#breadcrumb\",\"itemListElement\":[{\"@type\":\"ListItem\",\"position\":1,\"name\":\"Accueil\",\"item\":\"https:\\\/\\\/csefrs.lifemoz.com\\\/fr\\\/\"},{\"@type\":\"ListItem\",\"position\":2,\"name\":\"Publications\",\"item\":\"https:\\\/\\\/csefrs.lifemoz.com\\\/\u0627\u0644\u0645\u0646\u0634\u0648\u0631\u0627\u062a\\\/\"},{\"@type\":\"ListItem\",\"position\":3,\"name\":\"Rapport th\u00e9matique sur les r\u00e9sultats du Programme National d\u2019Evaluation des Acquis scolaires 2009\"}]},{\"@type\":\"WebSite\",\"@id\":\"https:\\\/\\\/csefrs.lifemoz.com\\\/#website\",\"url\":\"https:\\\/\\\/csefrs.lifemoz.com\\\/\",\"name\":\"Conseil sup\u00e9rieur de l\u2019\u00e9ducation, de la formation et de la recherche scientifique\",\"description\":\"\",\"potentialAction\":[{\"@type\":\"SearchAction\",\"target\":{\"@type\":\"EntryPoint\",\"urlTemplate\":\"https:\\\/\\\/csefrs.lifemoz.com\\\/?s={search_term_string}\"},\"query-input\":{\"@type\":\"PropertyValueSpecification\",\"valueRequired\":true,\"valueName\":\"search_term_string\"}}],\"inLanguage\":\"fr-FR\"}]}<\/script>\n<!-- \/ Yoast SEO plugin. -->","yoast_head_json":{"title":"Rapport th\u00e9matique sur les r\u00e9sultats du Programme National d\u2019Evaluation des Acquis scolaires 2009 - Conseil sup\u00e9rieur de l\u2019\u00e9ducation, de la formation et de la recherche scientifique","robots":{"index":"noindex","follow":"follow","max-snippet":"max-snippet:-1","max-image-preview":"max-image-preview:large","max-video-preview":"max-video-preview:-1"},"og_locale":"fr_FR","og_type":"article","og_title":"Rapport th\u00e9matique sur les r\u00e9sultats du Programme National d\u2019Evaluation des Acquis scolaires 2009 - Conseil sup\u00e9rieur de l\u2019\u00e9ducation, de la formation et de la recherche scientifique","og_description":"Le Programme National d\u2019Evaluation des Acquis scolaires 2008 s\u2019est consacr\u00e9 \u00e0 l\u2019identification des principaux facteurs intervenant dans la r\u00e9ussite scolaire et relatives tant \u00e0 l\u2019\u00e9cole, \u00e0 la famille de l\u2019apprenant et au contexte. Le principal objectif dudit programme est l\u2019\u00e9laboration de strat\u00e9gies de rattrapage et de soutien de nature scolaire et social en vue d\u2019am\u00e9liorer&hellip;","og_url":"https:\/\/csefrs.lifemoz.com\/fr\/publications\/rapport-thematique-sur-les-resultats-du-programme-national-devaluation-des-acquis-scolaires-2009\/","og_site_name":"Conseil sup\u00e9rieur de l\u2019\u00e9ducation, de la formation et de la recherche scientifique","article_modified_time":"2026-02-08T13:08:42+00:00","og_image":[{"width":725,"height":1024,"url":"https:\/\/csefrs.lifemoz.com\/wp-content\/uploads\/2025\/12\/rappor_synthetique_VF.jpg","type":"image\/jpeg"}],"twitter_card":"summary_large_image","twitter_misc":{"Dur\u00e9e de lecture estim\u00e9e":"1 minute"},"schema":{"@context":"https:\/\/schema.org","@graph":[{"@type":"WebPage","@id":"https:\/\/csefrs.lifemoz.com\/fr\/publications\/rapport-thematique-sur-les-resultats-du-programme-national-devaluation-des-acquis-scolaires-2009\/","url":"https:\/\/csefrs.lifemoz.com\/fr\/publications\/rapport-thematique-sur-les-resultats-du-programme-national-devaluation-des-acquis-scolaires-2009\/","name":"Rapport th\u00e9matique sur les r\u00e9sultats du Programme National d\u2019Evaluation des Acquis scolaires 2009 - Conseil sup\u00e9rieur de l\u2019\u00e9ducation, de la formation et de la recherche scientifique","isPartOf":{"@id":"https:\/\/csefrs.lifemoz.com\/#website"},"primaryImageOfPage":{"@id":"https:\/\/csefrs.lifemoz.com\/fr\/publications\/rapport-thematique-sur-les-resultats-du-programme-national-devaluation-des-acquis-scolaires-2009\/#primaryimage"},"image":{"@id":"https:\/\/csefrs.lifemoz.com\/fr\/publications\/rapport-thematique-sur-les-resultats-du-programme-national-devaluation-des-acquis-scolaires-2009\/#primaryimage"},"thumbnailUrl":"https:\/\/csefrs.lifemoz.com\/wp-content\/uploads\/2025\/12\/rappor_synthetique_VF.jpg","datePublished":"2009-05-02T00:00:00+00:00","dateModified":"2026-02-08T13:08:42+00:00","breadcrumb":{"@id":"https:\/\/csefrs.lifemoz.com\/fr\/publications\/rapport-thematique-sur-les-resultats-du-programme-national-devaluation-des-acquis-scolaires-2009\/#breadcrumb"},"inLanguage":"fr-FR","potentialAction":[{"@type":"ReadAction","target":["https:\/\/csefrs.lifemoz.com\/fr\/publications\/rapport-thematique-sur-les-resultats-du-programme-national-devaluation-des-acquis-scolaires-2009\/"]}]},{"@type":"ImageObject","inLanguage":"fr-FR","@id":"https:\/\/csefrs.lifemoz.com\/fr\/publications\/rapport-thematique-sur-les-resultats-du-programme-national-devaluation-des-acquis-scolaires-2009\/#primaryimage","url":"https:\/\/csefrs.lifemoz.com\/wp-content\/uploads\/2025\/12\/rappor_synthetique_VF.jpg","contentUrl":"https:\/\/csefrs.lifemoz.com\/wp-content\/uploads\/2025\/12\/rappor_synthetique_VF.jpg","width":725,"height":1024},{"@type":"BreadcrumbList","@id":"https:\/\/csefrs.lifemoz.com\/fr\/publications\/rapport-thematique-sur-les-resultats-du-programme-national-devaluation-des-acquis-scolaires-2009\/#breadcrumb","itemListElement":[{"@type":"ListItem","position":1,"name":"Accueil","item":"https:\/\/csefrs.lifemoz.com\/fr\/"},{"@type":"ListItem","position":2,"name":"Publications","item":"https:\/\/csefrs.lifemoz.com\/\u0627\u0644\u0645\u0646\u0634\u0648\u0631\u0627\u062a\/"},{"@type":"ListItem","position":3,"name":"Rapport th\u00e9matique sur les r\u00e9sultats du Programme National d\u2019Evaluation des Acquis scolaires 2009"}]},{"@type":"WebSite","@id":"https:\/\/csefrs.lifemoz.com\/#website","url":"https:\/\/csefrs.lifemoz.com\/","name":"Conseil sup\u00e9rieur de l\u2019\u00e9ducation, de la formation et de la recherche scientifique","description":"","potentialAction":[{"@type":"SearchAction","target":{"@type":"EntryPoint","urlTemplate":"https:\/\/csefrs.lifemoz.com\/?s={search_term_string}"},"query-input":{"@type":"PropertyValueSpecification","valueRequired":true,"valueName":"search_term_string"}}],"inLanguage":"fr-FR"}]}},"_links":{"self":[{"href":"https:\/\/csefrs.lifemoz.com\/fr\/wp-json\/wp\/v2\/product\/37449","targetHints":{"allow":["GET"]}}],"collection":[{"href":"https:\/\/csefrs.lifemoz.com\/fr\/wp-json\/wp\/v2\/product"}],"about":[{"href":"https:\/\/csefrs.lifemoz.com\/fr\/wp-json\/wp\/v2\/types\/product"}],"wp:featuredmedia":[{"embeddable":true,"href":"https:\/\/csefrs.lifemoz.com\/fr\/wp-json\/wp\/v2\/media\/37100"}],"wp:attachment":[{"href":"https:\/\/csefrs.lifemoz.com\/fr\/wp-json\/wp\/v2\/media?parent=37449"}],"wp:term":[{"taxonomy":"product_brand","embeddable":true,"href":"https:\/\/csefrs.lifemoz.com\/fr\/wp-json\/wp\/v2\/product_brand?post=37449"},{"taxonomy":"product_cat","embeddable":true,"href":"https:\/\/csefrs.lifemoz.com\/fr\/wp-json\/wp\/v2\/product_cat?post=37449"},{"taxonomy":"product_tag","embeddable":true,"href":"https:\/\/csefrs.lifemoz.com\/fr\/wp-json\/wp\/v2\/product_tag?post=37449"}],"curies":[{"name":"wp","href":"https:\/\/api.w.org\/{rel}","templated":true}]}}