{"id":37447,"date":"2017-02-02T00:00:00","date_gmt":"2017-02-02T00:00:00","guid":{"rendered":"https:\/\/csefrs.lifemoz.com\/\u0627\u0644\u0645\u0646\u0634\u0648\u0631\u0627\u062a\/programme-national-devaluation-des-acquis-des-eleves-du-tronc-commun-2016\/"},"modified":"2026-02-08T14:08:36","modified_gmt":"2026-02-08T13:08:36","slug":"programme-national-devaluation-des-acquis-des-eleves-du-tronc-commun-2016","status":"publish","type":"product","link":"https:\/\/csefrs.lifemoz.com\/fr\/publications\/programme-national-devaluation-des-acquis-des-eleves-du-tronc-commun-2016\/","title":{"rendered":"Programme National d\u2019\u00c9valuation des Acquis des \u00e9l\u00e8ves du tronc commun 2016"},"content":{"rendered":"<p style=\"text-align: justify;\">Le Programme National d\u2019\u00c9valuation des Acquis des \u00e9l\u00e8ves du tronc commun 2016 (PNEA 2016) est une \u00e9valuation standard et un dispositif national de mesure des acquis et du rendement interne des \u00e9l\u00e8ves au sein du syst\u00e8me \u00e9ducatif. Ce programme constitue un m\u00e9canisme efficient pour l\u2019\u00e9valuation qui assure l\u2019accompagnement et le suivi de la mise en \u0153uvre de la Vision strat\u00e9gique de la r\u00e9forme 2015-2030 \u00e9labor\u00e9e par le CSEFRS. Il s\u2019agit par cons\u00e9quent d\u2019une \u00e9valuation qui fournit une photographie instantan\u00e9e et r\u00e9elle du niveau des acquis des \u00e9l\u00e8ves de la premi\u00e8re ann\u00e9e de l\u2019enseignement secondaire qualifiant, au terme de neuf ann\u00e9es de scolarit\u00e9.<\/p>\n<p>&nbsp;<br \/>\n<a class=\"download-button-intern-fr\" href=\"https:\/\/csefrs.lifemoz.com\/wp-content\/uploads\/2017\/02\/Rapport-PNEA-2016-FR-Final.pdf\" target=\"_blank\" rel=\"noopener\">T\u00e9l\u00e9charger le rapport analytique<\/a><br \/>\n<a class=\"download-button-intern-fr\" href=\"https:\/\/csefrs.lifemoz.com\/wp-content\/uploads\/2017\/02\/Rapport-methodologie-Final.pdf\" target=\"_blank\" rel=\"noopener\">T\u00e9l\u00e9charger le rapport m\u00e9thodologique<\/a><br \/>\n<a class=\"download-button-intern-fr\" href=\"https:\/\/csefrs.lifemoz.com\/wp-content\/uploads\/2017\/02\/Resume-Rapport-PNEA-2016-Final.pdf\" target=\"_blank\" rel=\"noopener\">T\u00e9l\u00e9charger le r\u00e9sum\u00e9 du rapport analytique<\/a><br \/>\n&nbsp;<\/p>\n<style type=\"text\/css\">#dt-btn-1 {color: #ffffff;background: #333333;}#dt-btn-1 > .text-wrap * {color: #ffffff;}#dt-btn-1:hover {color: #dddddd;background: #444444;}#dt-btn-1:hover > .text-wrap * {color: #dddddd;}<\/style><a href=\"https:\/\/csefrs.lifemoz.com\/ine\/presentation-de-linstance-nationale-devaluation\/dispositifs-devaluation\/\" class=\"btn-shortcode dt-btn-m dt-btn custom-btn-color custom-btn-hover-color fadeIn animate-element animation-builder\" id=\"dt-btn-1\"><i class=\"fa fa-chevron-circle-right\"><\/i><span>Pr\u00e9sentation d\u00e9taill\u00e9e du Programme National d\u2019\u00c9valuation des Acquis des \u00e9l\u00e8ves<\/span><\/a>\n","protected":false},"excerpt":{"rendered":"<p>Le Programme National d\u2019\u00c9valuation des Acquis des \u00e9l\u00e8ves du tronc commun 2016 (PNEA 2016) est une \u00e9valuation standard et un dispositif national de mesure des acquis et du rendement interne des \u00e9l\u00e8ves au sein du syst\u00e8me \u00e9ducatif. Ce programme constitue un m\u00e9canisme efficient pour l\u2019\u00e9valuation qui assure l\u2019accompagnement et le suivi de la mise en&hellip;<\/p>\n","protected":false},"featured_media":37099,"template":"","meta":[],"product_brand":[],"product_cat":[505,506],"product_tag":[],"class_list":{"0":"post-37447","1":"product","2":"type-product","3":"status-publish","4":"has-post-thumbnail","6":"product_cat-rapports","7":"product_cat-rapports-devaluation-etudes","8":"description-off","10":"first","11":"instock","12":"downloadable","13":"virtual","14":"sold-individually","15":"purchasable","16":"product-type-simple"},"yoast_head":"<!-- This site is optimized with the Yoast SEO plugin v27.5 - https:\/\/yoast.com\/product\/yoast-seo-wordpress\/ -->\n<title>Programme National d\u2019\u00c9valuation des Acquis des \u00e9l\u00e8ves du tronc commun 2016 - Conseil sup\u00e9rieur de l\u2019\u00e9ducation, de la formation et de la recherche scientifique<\/title>\n<meta name=\"robots\" content=\"noindex, follow, max-snippet:-1, max-image-preview:large, max-video-preview:-1\" \/>\n<meta property=\"og:locale\" content=\"fr_FR\" \/>\n<meta property=\"og:type\" content=\"article\" \/>\n<meta property=\"og:title\" content=\"Programme National d\u2019\u00c9valuation des Acquis des \u00e9l\u00e8ves du tronc commun 2016 - Conseil sup\u00e9rieur de l\u2019\u00e9ducation, de la formation et de la recherche scientifique\" \/>\n<meta property=\"og:description\" content=\"Le Programme National d\u2019\u00c9valuation des Acquis des \u00e9l\u00e8ves du tronc commun 2016 (PNEA 2016) est une \u00e9valuation standard et un dispositif national de mesure des acquis et du rendement interne des \u00e9l\u00e8ves au sein du syst\u00e8me \u00e9ducatif. Ce programme constitue un m\u00e9canisme efficient pour l\u2019\u00e9valuation qui assure l\u2019accompagnement et le suivi de la mise en&hellip;\" \/>\n<meta property=\"og:url\" content=\"https:\/\/csefrs.lifemoz.com\/fr\/publications\/programme-national-devaluation-des-acquis-des-eleves-du-tronc-commun-2016\/\" \/>\n<meta property=\"og:site_name\" content=\"Conseil sup\u00e9rieur de l\u2019\u00e9ducation, de la formation et de la recherche scientifique\" \/>\n<meta property=\"article:modified_time\" content=\"2026-02-08T13:08:36+00:00\" \/>\n<meta property=\"og:image\" content=\"https:\/\/csefrs.lifemoz.com\/wp-content\/uploads\/2025\/12\/Rapport-methodologie-Final-e1515072800910.png\" \/>\n\t<meta property=\"og:image:width\" content=\"212\" \/>\n\t<meta property=\"og:image:height\" content=\"300\" \/>\n\t<meta property=\"og:image:type\" content=\"image\/png\" \/>\n<meta name=\"twitter:card\" content=\"summary_large_image\" \/>\n<meta name=\"twitter:label1\" content=\"Dur\u00e9e de lecture estim\u00e9e\" \/>\n\t<meta name=\"twitter:data1\" content=\"1 minute\" \/>\n<script type=\"application\/ld+json\" class=\"yoast-schema-graph\">{\"@context\":\"https:\\\/\\\/schema.org\",\"@graph\":[{\"@type\":\"WebPage\",\"@id\":\"https:\\\/\\\/csefrs.lifemoz.com\\\/fr\\\/publications\\\/programme-national-devaluation-des-acquis-des-eleves-du-tronc-commun-2016\\\/\",\"url\":\"https:\\\/\\\/csefrs.lifemoz.com\\\/fr\\\/publications\\\/programme-national-devaluation-des-acquis-des-eleves-du-tronc-commun-2016\\\/\",\"name\":\"Programme National d\u2019\u00c9valuation des Acquis des \u00e9l\u00e8ves du tronc commun 2016 - Conseil sup\u00e9rieur de l\u2019\u00e9ducation, de la formation et de la recherche scientifique\",\"isPartOf\":{\"@id\":\"https:\\\/\\\/csefrs.lifemoz.com\\\/#website\"},\"primaryImageOfPage\":{\"@id\":\"https:\\\/\\\/csefrs.lifemoz.com\\\/fr\\\/publications\\\/programme-national-devaluation-des-acquis-des-eleves-du-tronc-commun-2016\\\/#primaryimage\"},\"image\":{\"@id\":\"https:\\\/\\\/csefrs.lifemoz.com\\\/fr\\\/publications\\\/programme-national-devaluation-des-acquis-des-eleves-du-tronc-commun-2016\\\/#primaryimage\"},\"thumbnailUrl\":\"https:\\\/\\\/csefrs.lifemoz.com\\\/wp-content\\\/uploads\\\/2025\\\/12\\\/Rapport-methodologie-Final-e1515072800910.png\",\"datePublished\":\"2017-02-02T00:00:00+00:00\",\"dateModified\":\"2026-02-08T13:08:36+00:00\",\"breadcrumb\":{\"@id\":\"https:\\\/\\\/csefrs.lifemoz.com\\\/fr\\\/publications\\\/programme-national-devaluation-des-acquis-des-eleves-du-tronc-commun-2016\\\/#breadcrumb\"},\"inLanguage\":\"fr-FR\",\"potentialAction\":[{\"@type\":\"ReadAction\",\"target\":[\"https:\\\/\\\/csefrs.lifemoz.com\\\/fr\\\/publications\\\/programme-national-devaluation-des-acquis-des-eleves-du-tronc-commun-2016\\\/\"]}]},{\"@type\":\"ImageObject\",\"inLanguage\":\"fr-FR\",\"@id\":\"https:\\\/\\\/csefrs.lifemoz.com\\\/fr\\\/publications\\\/programme-national-devaluation-des-acquis-des-eleves-du-tronc-commun-2016\\\/#primaryimage\",\"url\":\"https:\\\/\\\/csefrs.lifemoz.com\\\/wp-content\\\/uploads\\\/2025\\\/12\\\/Rapport-methodologie-Final-e1515072800910.png\",\"contentUrl\":\"https:\\\/\\\/csefrs.lifemoz.com\\\/wp-content\\\/uploads\\\/2025\\\/12\\\/Rapport-methodologie-Final-e1515072800910.png\",\"width\":212,\"height\":300},{\"@type\":\"BreadcrumbList\",\"@id\":\"https:\\\/\\\/csefrs.lifemoz.com\\\/fr\\\/publications\\\/programme-national-devaluation-des-acquis-des-eleves-du-tronc-commun-2016\\\/#breadcrumb\",\"itemListElement\":[{\"@type\":\"ListItem\",\"position\":1,\"name\":\"Accueil\",\"item\":\"https:\\\/\\\/csefrs.lifemoz.com\\\/fr\\\/\"},{\"@type\":\"ListItem\",\"position\":2,\"name\":\"Publications\",\"item\":\"https:\\\/\\\/csefrs.lifemoz.com\\\/\u0627\u0644\u0645\u0646\u0634\u0648\u0631\u0627\u062a\\\/\"},{\"@type\":\"ListItem\",\"position\":3,\"name\":\"Programme National d\u2019\u00c9valuation des Acquis des \u00e9l\u00e8ves du tronc commun 2016\"}]},{\"@type\":\"WebSite\",\"@id\":\"https:\\\/\\\/csefrs.lifemoz.com\\\/#website\",\"url\":\"https:\\\/\\\/csefrs.lifemoz.com\\\/\",\"name\":\"Conseil sup\u00e9rieur de l\u2019\u00e9ducation, de la formation et de la recherche scientifique\",\"description\":\"\",\"potentialAction\":[{\"@type\":\"SearchAction\",\"target\":{\"@type\":\"EntryPoint\",\"urlTemplate\":\"https:\\\/\\\/csefrs.lifemoz.com\\\/?s={search_term_string}\"},\"query-input\":{\"@type\":\"PropertyValueSpecification\",\"valueRequired\":true,\"valueName\":\"search_term_string\"}}],\"inLanguage\":\"fr-FR\"}]}<\/script>\n<!-- \/ Yoast SEO plugin. -->","yoast_head_json":{"title":"Programme National d\u2019\u00c9valuation des Acquis des \u00e9l\u00e8ves du tronc commun 2016 - Conseil sup\u00e9rieur de l\u2019\u00e9ducation, de la formation et de la recherche scientifique","robots":{"index":"noindex","follow":"follow","max-snippet":"max-snippet:-1","max-image-preview":"max-image-preview:large","max-video-preview":"max-video-preview:-1"},"og_locale":"fr_FR","og_type":"article","og_title":"Programme National d\u2019\u00c9valuation des Acquis des \u00e9l\u00e8ves du tronc commun 2016 - Conseil sup\u00e9rieur de l\u2019\u00e9ducation, de la formation et de la recherche scientifique","og_description":"Le Programme National d\u2019\u00c9valuation des Acquis des \u00e9l\u00e8ves du tronc commun 2016 (PNEA 2016) est une \u00e9valuation standard et un dispositif national de mesure des acquis et du rendement interne des \u00e9l\u00e8ves au sein du syst\u00e8me \u00e9ducatif. Ce programme constitue un m\u00e9canisme efficient pour l\u2019\u00e9valuation qui assure l\u2019accompagnement et le suivi de la mise en&hellip;","og_url":"https:\/\/csefrs.lifemoz.com\/fr\/publications\/programme-national-devaluation-des-acquis-des-eleves-du-tronc-commun-2016\/","og_site_name":"Conseil sup\u00e9rieur de l\u2019\u00e9ducation, de la formation et de la recherche scientifique","article_modified_time":"2026-02-08T13:08:36+00:00","og_image":[{"width":212,"height":300,"url":"https:\/\/csefrs.lifemoz.com\/wp-content\/uploads\/2025\/12\/Rapport-methodologie-Final-e1515072800910.png","type":"image\/png"}],"twitter_card":"summary_large_image","twitter_misc":{"Dur\u00e9e de lecture estim\u00e9e":"1 minute"},"schema":{"@context":"https:\/\/schema.org","@graph":[{"@type":"WebPage","@id":"https:\/\/csefrs.lifemoz.com\/fr\/publications\/programme-national-devaluation-des-acquis-des-eleves-du-tronc-commun-2016\/","url":"https:\/\/csefrs.lifemoz.com\/fr\/publications\/programme-national-devaluation-des-acquis-des-eleves-du-tronc-commun-2016\/","name":"Programme National d\u2019\u00c9valuation des Acquis des \u00e9l\u00e8ves du tronc commun 2016 - Conseil sup\u00e9rieur de l\u2019\u00e9ducation, de la formation et de la recherche scientifique","isPartOf":{"@id":"https:\/\/csefrs.lifemoz.com\/#website"},"primaryImageOfPage":{"@id":"https:\/\/csefrs.lifemoz.com\/fr\/publications\/programme-national-devaluation-des-acquis-des-eleves-du-tronc-commun-2016\/#primaryimage"},"image":{"@id":"https:\/\/csefrs.lifemoz.com\/fr\/publications\/programme-national-devaluation-des-acquis-des-eleves-du-tronc-commun-2016\/#primaryimage"},"thumbnailUrl":"https:\/\/csefrs.lifemoz.com\/wp-content\/uploads\/2025\/12\/Rapport-methodologie-Final-e1515072800910.png","datePublished":"2017-02-02T00:00:00+00:00","dateModified":"2026-02-08T13:08:36+00:00","breadcrumb":{"@id":"https:\/\/csefrs.lifemoz.com\/fr\/publications\/programme-national-devaluation-des-acquis-des-eleves-du-tronc-commun-2016\/#breadcrumb"},"inLanguage":"fr-FR","potentialAction":[{"@type":"ReadAction","target":["https:\/\/csefrs.lifemoz.com\/fr\/publications\/programme-national-devaluation-des-acquis-des-eleves-du-tronc-commun-2016\/"]}]},{"@type":"ImageObject","inLanguage":"fr-FR","@id":"https:\/\/csefrs.lifemoz.com\/fr\/publications\/programme-national-devaluation-des-acquis-des-eleves-du-tronc-commun-2016\/#primaryimage","url":"https:\/\/csefrs.lifemoz.com\/wp-content\/uploads\/2025\/12\/Rapport-methodologie-Final-e1515072800910.png","contentUrl":"https:\/\/csefrs.lifemoz.com\/wp-content\/uploads\/2025\/12\/Rapport-methodologie-Final-e1515072800910.png","width":212,"height":300},{"@type":"BreadcrumbList","@id":"https:\/\/csefrs.lifemoz.com\/fr\/publications\/programme-national-devaluation-des-acquis-des-eleves-du-tronc-commun-2016\/#breadcrumb","itemListElement":[{"@type":"ListItem","position":1,"name":"Accueil","item":"https:\/\/csefrs.lifemoz.com\/fr\/"},{"@type":"ListItem","position":2,"name":"Publications","item":"https:\/\/csefrs.lifemoz.com\/\u0627\u0644\u0645\u0646\u0634\u0648\u0631\u0627\u062a\/"},{"@type":"ListItem","position":3,"name":"Programme National d\u2019\u00c9valuation des Acquis des \u00e9l\u00e8ves du tronc commun 2016"}]},{"@type":"WebSite","@id":"https:\/\/csefrs.lifemoz.com\/#website","url":"https:\/\/csefrs.lifemoz.com\/","name":"Conseil sup\u00e9rieur de l\u2019\u00e9ducation, de la formation et de la recherche scientifique","description":"","potentialAction":[{"@type":"SearchAction","target":{"@type":"EntryPoint","urlTemplate":"https:\/\/csefrs.lifemoz.com\/?s={search_term_string}"},"query-input":{"@type":"PropertyValueSpecification","valueRequired":true,"valueName":"search_term_string"}}],"inLanguage":"fr-FR"}]}},"_links":{"self":[{"href":"https:\/\/csefrs.lifemoz.com\/fr\/wp-json\/wp\/v2\/product\/37447","targetHints":{"allow":["GET"]}}],"collection":[{"href":"https:\/\/csefrs.lifemoz.com\/fr\/wp-json\/wp\/v2\/product"}],"about":[{"href":"https:\/\/csefrs.lifemoz.com\/fr\/wp-json\/wp\/v2\/types\/product"}],"wp:featuredmedia":[{"embeddable":true,"href":"https:\/\/csefrs.lifemoz.com\/fr\/wp-json\/wp\/v2\/media\/37099"}],"wp:attachment":[{"href":"https:\/\/csefrs.lifemoz.com\/fr\/wp-json\/wp\/v2\/media?parent=37447"}],"wp:term":[{"taxonomy":"product_brand","embeddable":true,"href":"https:\/\/csefrs.lifemoz.com\/fr\/wp-json\/wp\/v2\/product_brand?post=37447"},{"taxonomy":"product_cat","embeddable":true,"href":"https:\/\/csefrs.lifemoz.com\/fr\/wp-json\/wp\/v2\/product_cat?post=37447"},{"taxonomy":"product_tag","embeddable":true,"href":"https:\/\/csefrs.lifemoz.com\/fr\/wp-json\/wp\/v2\/product_tag?post=37447"}],"curies":[{"name":"wp","href":"https:\/\/api.w.org\/{rel}","templated":true}]}}