{"id":37445,"date":"2017-05-24T00:00:00","date_gmt":"2017-05-24T00:00:00","guid":{"rendered":"https:\/\/csefrs.lifemoz.com\/\u0627\u0644\u0645\u0646\u0634\u0648\u0631\u0627\u062a\/atlas-territorial-des-disparites-en-education-2017\/"},"modified":"2026-02-08T14:08:36","modified_gmt":"2026-02-08T13:08:36","slug":"atlas-territorial-des-disparites-en-education-2017","status":"publish","type":"product","link":"https:\/\/csefrs.lifemoz.com\/fr\/publications\/atlas-territorial-des-disparites-en-education-2017\/","title":{"rendered":"Atlas territorial des disparit\u00e9s en \u00e9ducation 2017"},"content":{"rendered":"<div align=\"justify\">\n<p style=\"text-align: justify;\">L&rsquo;Atlas territorial des disparit\u00e9s en \u00e9ducation s\u2019int\u00e9resse aux disparit\u00e9s et aux in\u00e9galit\u00e9s en mati\u00e8re d\u2019acc\u00e8s \u00e0 l\u2019\u00e9ducation, \u00e0 travers l\u2019estimation de deux indicateurs cl\u00e9s qui vont au-del\u00e0 des indicateurs syst\u00e9miques habituels, \u00e0 savoir, la moyenne d\u2019ann\u00e9es de scolarisation et l\u2019indice de Gini de l\u2019\u00e9ducation. Il couvre les quatre niveaux de territorialit\u00e9 : national, r\u00e9gional, provincial et communal avec une comparaison au niveau mondial.<\/p>\n<p>&nbsp;<br \/>\n<a class=\"download-button-intern-fr\" href=\"https:\/\/csefrs.lifemoz.com\/wp-content\/uploads\/2018\/08\/Atlas-territorial-des-disparite--s-en-e--ducation-2017.pdf\" target=\"_blank\" rel=\"noopener\">T\u00e9l\u00e9charger l&rsquo;Atlas territorial des disparit\u00e9s en \u00e9ducation 2017<\/a><br \/>\n&nbsp;<\/p>\n<p><iframe loading=\"lazy\" src=\"https:\/\/www.youtube.com\/embed\/Oh2FU3_eDp0\" width=\"630\" height=\"355\" frameborder=\"0\" allowfullscreen=\"allowfullscreen\"><span data-mce-type=\"bookmark\" style=\"display: inline-block; width: 0px; overflow: hidden; line-height: 0;\" class=\"mce_SELRES_start\">\ufeff<\/span><\/iframe><\/p>\n<style type=\"text\/css\">#dt-btn-1 {color: #ffffff;background: #333333;}#dt-btn-1 > .text-wrap * {color: #ffffff;}#dt-btn-1:hover {color: #dddddd;background: #444444;}#dt-btn-1:hover > .text-wrap * {color: #dddddd;}<\/style><a href=\"https:\/\/csefrs.lifemoz.com\/atlas-territorial-disparites-education\/\" class=\"btn-shortcode dt-btn-m dt-btn custom-btn-color custom-btn-hover-color fadeIn animate-element animation-builder\" id=\"dt-btn-1\"><i class=\"fa fa-chevron-circle-right\"><\/i><span>Pr\u00e9sentation d\u00e9taill\u00e9e de l&rsquo;Atlas territorial des disparit\u00e9s en \u00e9ducation<\/span><\/a><\/div>\n","protected":false},"excerpt":{"rendered":"<p>L&rsquo;Atlas territorial des disparit\u00e9s en \u00e9ducation s\u2019int\u00e9resse aux disparit\u00e9s et aux in\u00e9galit\u00e9s en mati\u00e8re d\u2019acc\u00e8s \u00e0 l\u2019\u00e9ducation, \u00e0 travers l\u2019estimation de deux indicateurs cl\u00e9s qui vont au-del\u00e0 des indicateurs syst\u00e9miques habituels, \u00e0 savoir, la moyenne d\u2019ann\u00e9es de scolarisation et l\u2019indice de Gini de l\u2019\u00e9ducation. Il couvre les quatre niveaux de territorialit\u00e9 : national, r\u00e9gional, provincial&hellip;<\/p>\n","protected":false},"featured_media":37098,"template":"","meta":[],"product_brand":[],"product_cat":[505,506],"product_tag":[],"class_list":{"0":"post-37445","1":"product","2":"type-product","3":"status-publish","4":"has-post-thumbnail","6":"product_cat-rapports","7":"product_cat-rapports-devaluation-etudes","8":"description-off","10":"first","11":"instock","12":"downloadable","13":"virtual","14":"sold-individually","15":"purchasable","16":"product-type-simple"},"yoast_head":"<!-- This site is optimized with the Yoast SEO plugin v27.5 - https:\/\/yoast.com\/product\/yoast-seo-wordpress\/ -->\n<title>Atlas territorial des disparit\u00e9s en \u00e9ducation 2017 - Conseil sup\u00e9rieur de l\u2019\u00e9ducation, de la formation et de la recherche scientifique<\/title>\n<meta name=\"robots\" content=\"noindex, follow, max-snippet:-1, max-image-preview:large, max-video-preview:-1\" \/>\n<meta property=\"og:locale\" content=\"fr_FR\" \/>\n<meta property=\"og:type\" content=\"article\" \/>\n<meta property=\"og:title\" content=\"Atlas territorial des disparit\u00e9s en \u00e9ducation 2017 - Conseil sup\u00e9rieur de l\u2019\u00e9ducation, de la formation et de la recherche scientifique\" \/>\n<meta property=\"og:description\" content=\"L&rsquo;Atlas territorial des disparit\u00e9s en \u00e9ducation s\u2019int\u00e9resse aux disparit\u00e9s et aux in\u00e9galit\u00e9s en mati\u00e8re d\u2019acc\u00e8s \u00e0 l\u2019\u00e9ducation, \u00e0 travers l\u2019estimation de deux indicateurs cl\u00e9s qui vont au-del\u00e0 des indicateurs syst\u00e9miques habituels, \u00e0 savoir, la moyenne d\u2019ann\u00e9es de scolarisation et l\u2019indice de Gini de l\u2019\u00e9ducation. Il couvre les quatre niveaux de territorialit\u00e9 : national, r\u00e9gional, provincial&hellip;\" \/>\n<meta property=\"og:url\" content=\"https:\/\/csefrs.lifemoz.com\/fr\/publications\/atlas-territorial-des-disparites-en-education-2017\/\" \/>\n<meta property=\"og:site_name\" content=\"Conseil sup\u00e9rieur de l\u2019\u00e9ducation, de la formation et de la recherche scientifique\" \/>\n<meta property=\"article:modified_time\" content=\"2026-02-08T13:08:36+00:00\" \/>\n<meta property=\"og:image\" content=\"https:\/\/csefrs.lifemoz.com\/wp-content\/uploads\/2025\/12\/atlas-fr-e1515072847326.jpg\" \/>\n\t<meta property=\"og:image:width\" content=\"212\" \/>\n\t<meta property=\"og:image:height\" content=\"300\" \/>\n\t<meta property=\"og:image:type\" content=\"image\/jpeg\" \/>\n<meta name=\"twitter:card\" content=\"summary_large_image\" \/>\n<meta name=\"twitter:label1\" content=\"Dur\u00e9e de lecture estim\u00e9e\" \/>\n\t<meta name=\"twitter:data1\" content=\"1 minute\" \/>\n<script type=\"application\/ld+json\" class=\"yoast-schema-graph\">{\"@context\":\"https:\\\/\\\/schema.org\",\"@graph\":[{\"@type\":\"WebPage\",\"@id\":\"https:\\\/\\\/csefrs.lifemoz.com\\\/fr\\\/publications\\\/atlas-territorial-des-disparites-en-education-2017\\\/\",\"url\":\"https:\\\/\\\/csefrs.lifemoz.com\\\/fr\\\/publications\\\/atlas-territorial-des-disparites-en-education-2017\\\/\",\"name\":\"Atlas territorial des disparit\u00e9s en \u00e9ducation 2017 - Conseil sup\u00e9rieur de l\u2019\u00e9ducation, de la formation et de la recherche scientifique\",\"isPartOf\":{\"@id\":\"https:\\\/\\\/csefrs.lifemoz.com\\\/#website\"},\"primaryImageOfPage\":{\"@id\":\"https:\\\/\\\/csefrs.lifemoz.com\\\/fr\\\/publications\\\/atlas-territorial-des-disparites-en-education-2017\\\/#primaryimage\"},\"image\":{\"@id\":\"https:\\\/\\\/csefrs.lifemoz.com\\\/fr\\\/publications\\\/atlas-territorial-des-disparites-en-education-2017\\\/#primaryimage\"},\"thumbnailUrl\":\"https:\\\/\\\/csefrs.lifemoz.com\\\/wp-content\\\/uploads\\\/2025\\\/12\\\/atlas-fr-e1515072847326.jpg\",\"datePublished\":\"2017-05-24T00:00:00+00:00\",\"dateModified\":\"2026-02-08T13:08:36+00:00\",\"breadcrumb\":{\"@id\":\"https:\\\/\\\/csefrs.lifemoz.com\\\/fr\\\/publications\\\/atlas-territorial-des-disparites-en-education-2017\\\/#breadcrumb\"},\"inLanguage\":\"fr-FR\",\"potentialAction\":[{\"@type\":\"ReadAction\",\"target\":[\"https:\\\/\\\/csefrs.lifemoz.com\\\/fr\\\/publications\\\/atlas-territorial-des-disparites-en-education-2017\\\/\"]}]},{\"@type\":\"ImageObject\",\"inLanguage\":\"fr-FR\",\"@id\":\"https:\\\/\\\/csefrs.lifemoz.com\\\/fr\\\/publications\\\/atlas-territorial-des-disparites-en-education-2017\\\/#primaryimage\",\"url\":\"https:\\\/\\\/csefrs.lifemoz.com\\\/wp-content\\\/uploads\\\/2025\\\/12\\\/atlas-fr-e1515072847326.jpg\",\"contentUrl\":\"https:\\\/\\\/csefrs.lifemoz.com\\\/wp-content\\\/uploads\\\/2025\\\/12\\\/atlas-fr-e1515072847326.jpg\",\"width\":212,\"height\":300},{\"@type\":\"BreadcrumbList\",\"@id\":\"https:\\\/\\\/csefrs.lifemoz.com\\\/fr\\\/publications\\\/atlas-territorial-des-disparites-en-education-2017\\\/#breadcrumb\",\"itemListElement\":[{\"@type\":\"ListItem\",\"position\":1,\"name\":\"Accueil\",\"item\":\"https:\\\/\\\/csefrs.lifemoz.com\\\/fr\\\/\"},{\"@type\":\"ListItem\",\"position\":2,\"name\":\"Publications\",\"item\":\"https:\\\/\\\/csefrs.lifemoz.com\\\/\u0627\u0644\u0645\u0646\u0634\u0648\u0631\u0627\u062a\\\/\"},{\"@type\":\"ListItem\",\"position\":3,\"name\":\"Atlas territorial des disparit\u00e9s en \u00e9ducation 2017\"}]},{\"@type\":\"WebSite\",\"@id\":\"https:\\\/\\\/csefrs.lifemoz.com\\\/#website\",\"url\":\"https:\\\/\\\/csefrs.lifemoz.com\\\/\",\"name\":\"Conseil sup\u00e9rieur de l\u2019\u00e9ducation, de la formation et de la recherche scientifique\",\"description\":\"\",\"potentialAction\":[{\"@type\":\"SearchAction\",\"target\":{\"@type\":\"EntryPoint\",\"urlTemplate\":\"https:\\\/\\\/csefrs.lifemoz.com\\\/?s={search_term_string}\"},\"query-input\":{\"@type\":\"PropertyValueSpecification\",\"valueRequired\":true,\"valueName\":\"search_term_string\"}}],\"inLanguage\":\"fr-FR\"}]}<\/script>\n<!-- \/ Yoast SEO plugin. -->","yoast_head_json":{"title":"Atlas territorial des disparit\u00e9s en \u00e9ducation 2017 - Conseil sup\u00e9rieur de l\u2019\u00e9ducation, de la formation et de la recherche scientifique","robots":{"index":"noindex","follow":"follow","max-snippet":"max-snippet:-1","max-image-preview":"max-image-preview:large","max-video-preview":"max-video-preview:-1"},"og_locale":"fr_FR","og_type":"article","og_title":"Atlas territorial des disparit\u00e9s en \u00e9ducation 2017 - Conseil sup\u00e9rieur de l\u2019\u00e9ducation, de la formation et de la recherche scientifique","og_description":"L&rsquo;Atlas territorial des disparit\u00e9s en \u00e9ducation s\u2019int\u00e9resse aux disparit\u00e9s et aux in\u00e9galit\u00e9s en mati\u00e8re d\u2019acc\u00e8s \u00e0 l\u2019\u00e9ducation, \u00e0 travers l\u2019estimation de deux indicateurs cl\u00e9s qui vont au-del\u00e0 des indicateurs syst\u00e9miques habituels, \u00e0 savoir, la moyenne d\u2019ann\u00e9es de scolarisation et l\u2019indice de Gini de l\u2019\u00e9ducation. Il couvre les quatre niveaux de territorialit\u00e9 : national, r\u00e9gional, provincial&hellip;","og_url":"https:\/\/csefrs.lifemoz.com\/fr\/publications\/atlas-territorial-des-disparites-en-education-2017\/","og_site_name":"Conseil sup\u00e9rieur de l\u2019\u00e9ducation, de la formation et de la recherche scientifique","article_modified_time":"2026-02-08T13:08:36+00:00","og_image":[{"width":212,"height":300,"url":"https:\/\/csefrs.lifemoz.com\/wp-content\/uploads\/2025\/12\/atlas-fr-e1515072847326.jpg","type":"image\/jpeg"}],"twitter_card":"summary_large_image","twitter_misc":{"Dur\u00e9e de lecture estim\u00e9e":"1 minute"},"schema":{"@context":"https:\/\/schema.org","@graph":[{"@type":"WebPage","@id":"https:\/\/csefrs.lifemoz.com\/fr\/publications\/atlas-territorial-des-disparites-en-education-2017\/","url":"https:\/\/csefrs.lifemoz.com\/fr\/publications\/atlas-territorial-des-disparites-en-education-2017\/","name":"Atlas territorial des disparit\u00e9s en \u00e9ducation 2017 - Conseil sup\u00e9rieur de l\u2019\u00e9ducation, de la formation et de la recherche scientifique","isPartOf":{"@id":"https:\/\/csefrs.lifemoz.com\/#website"},"primaryImageOfPage":{"@id":"https:\/\/csefrs.lifemoz.com\/fr\/publications\/atlas-territorial-des-disparites-en-education-2017\/#primaryimage"},"image":{"@id":"https:\/\/csefrs.lifemoz.com\/fr\/publications\/atlas-territorial-des-disparites-en-education-2017\/#primaryimage"},"thumbnailUrl":"https:\/\/csefrs.lifemoz.com\/wp-content\/uploads\/2025\/12\/atlas-fr-e1515072847326.jpg","datePublished":"2017-05-24T00:00:00+00:00","dateModified":"2026-02-08T13:08:36+00:00","breadcrumb":{"@id":"https:\/\/csefrs.lifemoz.com\/fr\/publications\/atlas-territorial-des-disparites-en-education-2017\/#breadcrumb"},"inLanguage":"fr-FR","potentialAction":[{"@type":"ReadAction","target":["https:\/\/csefrs.lifemoz.com\/fr\/publications\/atlas-territorial-des-disparites-en-education-2017\/"]}]},{"@type":"ImageObject","inLanguage":"fr-FR","@id":"https:\/\/csefrs.lifemoz.com\/fr\/publications\/atlas-territorial-des-disparites-en-education-2017\/#primaryimage","url":"https:\/\/csefrs.lifemoz.com\/wp-content\/uploads\/2025\/12\/atlas-fr-e1515072847326.jpg","contentUrl":"https:\/\/csefrs.lifemoz.com\/wp-content\/uploads\/2025\/12\/atlas-fr-e1515072847326.jpg","width":212,"height":300},{"@type":"BreadcrumbList","@id":"https:\/\/csefrs.lifemoz.com\/fr\/publications\/atlas-territorial-des-disparites-en-education-2017\/#breadcrumb","itemListElement":[{"@type":"ListItem","position":1,"name":"Accueil","item":"https:\/\/csefrs.lifemoz.com\/fr\/"},{"@type":"ListItem","position":2,"name":"Publications","item":"https:\/\/csefrs.lifemoz.com\/\u0627\u0644\u0645\u0646\u0634\u0648\u0631\u0627\u062a\/"},{"@type":"ListItem","position":3,"name":"Atlas territorial des disparit\u00e9s en \u00e9ducation 2017"}]},{"@type":"WebSite","@id":"https:\/\/csefrs.lifemoz.com\/#website","url":"https:\/\/csefrs.lifemoz.com\/","name":"Conseil sup\u00e9rieur de l\u2019\u00e9ducation, de la formation et de la recherche scientifique","description":"","potentialAction":[{"@type":"SearchAction","target":{"@type":"EntryPoint","urlTemplate":"https:\/\/csefrs.lifemoz.com\/?s={search_term_string}"},"query-input":{"@type":"PropertyValueSpecification","valueRequired":true,"valueName":"search_term_string"}}],"inLanguage":"fr-FR"}]}},"_links":{"self":[{"href":"https:\/\/csefrs.lifemoz.com\/fr\/wp-json\/wp\/v2\/product\/37445","targetHints":{"allow":["GET"]}}],"collection":[{"href":"https:\/\/csefrs.lifemoz.com\/fr\/wp-json\/wp\/v2\/product"}],"about":[{"href":"https:\/\/csefrs.lifemoz.com\/fr\/wp-json\/wp\/v2\/types\/product"}],"wp:featuredmedia":[{"embeddable":true,"href":"https:\/\/csefrs.lifemoz.com\/fr\/wp-json\/wp\/v2\/media\/37098"}],"wp:attachment":[{"href":"https:\/\/csefrs.lifemoz.com\/fr\/wp-json\/wp\/v2\/media?parent=37445"}],"wp:term":[{"taxonomy":"product_brand","embeddable":true,"href":"https:\/\/csefrs.lifemoz.com\/fr\/wp-json\/wp\/v2\/product_brand?post=37445"},{"taxonomy":"product_cat","embeddable":true,"href":"https:\/\/csefrs.lifemoz.com\/fr\/wp-json\/wp\/v2\/product_cat?post=37445"},{"taxonomy":"product_tag","embeddable":true,"href":"https:\/\/csefrs.lifemoz.com\/fr\/wp-json\/wp\/v2\/product_tag?post=37445"}],"curies":[{"name":"wp","href":"https:\/\/api.w.org\/{rel}","templated":true}]}}