{"id":37441,"date":"2009-01-01T00:00:00","date_gmt":"2009-01-01T00:00:00","guid":{"rendered":"https:\/\/csefrs.lifemoz.com\/\u0627\u0644\u0645\u0646\u0634\u0648\u0631\u0627\u062a\/rapport-du-conseil-superieur-de-lenseignement-relatif-a-letat-et-aux-perspectives-du-systeme-deducation-et-de-formation-2008\/"},"modified":"2026-02-08T14:08:43","modified_gmt":"2026-02-08T13:08:43","slug":"rapport-du-conseil-superieur-de-lenseignement-relatif-a-letat-et-aux-perspectives-du-systeme-deducation-et-de-formation-2008","status":"publish","type":"product","link":"https:\/\/csefrs.lifemoz.com\/fr\/publications\/rapport-du-conseil-superieur-de-lenseignement-relatif-a-letat-et-aux-perspectives-du-systeme-deducation-et-de-formation-2008\/","title":{"rendered":"Rapport du Conseil Sup\u00e9rieur de l\u2019Enseignement relatif \u00e0 l\u2019\u00e9tat et aux perspectives du syst\u00e8me d\u2019\u00e9ducation et de formation \u2013 2008"},"content":{"rendered":"<p style=\"text-align: justify;\">Le pr\u00e9sent rapport vise \u00e0 pr\u00e9senter un diagnostic du syst\u00e8me d\u2019\u00e9ducation et de formation qui comprend \u00e0 la fois les performances effectivement r\u00e9alis\u00e9es, mais aussi les obstacles et les principaux dysfonctionnements qui compromettent le d\u00e9veloppement du syst\u00e8me. Trouver des solutions pour rem\u00e9dier auxdits dysfonctionnements est en mesure de provoquer la dynamique n\u00e9cessaire pour impacter le reste des r\u00e9formes structurantes engag\u00e9es par notre pays depuis de nombreuses ann\u00e9es. Le rapport propose \u00e9galement la focalisation de l\u2019effort sur des priorit\u00e9s pr\u00e9cises et l\u2019\u00e9tablissement d\u2019un contrat de confiance \u00e0 m\u00eame de promouvoir l\u2019\u00e9cole marocaine.<\/p>\n<p>&nbsp;<br \/>\n<a class=\"download-button-intern-fr\" href=\"https:\/\/csefrs.lifemoz.com\/wp-content\/uploads\/2009\/01\/vol-1-vf1.pdf\" target=\"_blank\" rel=\"noopener\">T\u00e9l\u00e9charger le volume 1 : R\u00e9ussir une \u00e9cole pour tous<\/a><br \/>\n<a class=\"download-button-intern-fr\" href=\"https:\/\/csefrs.lifemoz.com\/wp-content\/uploads\/2009\/01\/vol-2Analytique-VF1.pdf\" target=\"_blank\" rel=\"noopener\">T\u00e9l\u00e9charger le volume 2 : Rapport analytique<\/a><br \/>\n<a class=\"download-button-intern-fr\" href=\"https:\/\/csefrs.lifemoz.com\/wp-content\/uploads\/2009\/01\/Couv-Atlas-VF3.pdf\" target=\"_blank\" rel=\"noopener\">T\u00e9l\u00e9charger le volume 3: Atlas du syst\u00e8me d&rsquo;\u00e9ducation &#038; formation<\/a><br \/>\n<a class=\"download-button-intern-fr\" href=\"https:\/\/csefrs.lifemoz.com\/wp-content\/uploads\/2009\/01\/vol4-vf1.pdf\" target=\"_blank\" rel=\"noopener\">T\u00e9l\u00e9charger le volume 4 : M\u00e9tier de l&rsquo;enseignant<\/a><\/p>\n","protected":false},"excerpt":{"rendered":"<p>Le pr\u00e9sent rapport vise \u00e0 pr\u00e9senter un diagnostic du syst\u00e8me d\u2019\u00e9ducation et de formation qui comprend \u00e0 la fois les performances effectivement r\u00e9alis\u00e9es, mais aussi les obstacles et les principaux dysfonctionnements qui compromettent le d\u00e9veloppement du syst\u00e8me. Trouver des solutions pour rem\u00e9dier auxdits dysfonctionnements est en mesure de provoquer la dynamique n\u00e9cessaire pour impacter le&hellip;<\/p>\n","protected":false},"featured_media":37096,"template":"","meta":[],"product_brand":[],"product_cat":[505,506],"product_tag":[],"class_list":{"0":"post-37441","1":"product","2":"type-product","3":"status-publish","4":"has-post-thumbnail","6":"product_cat-rapports","7":"product_cat-rapports-devaluation-etudes","8":"description-off","10":"first","11":"instock","12":"downloadable","13":"virtual","14":"sold-individually","15":"purchasable","16":"product-type-simple"},"yoast_head":"<!-- This site is optimized with the Yoast SEO plugin v27.5 - https:\/\/yoast.com\/product\/yoast-seo-wordpress\/ -->\n<title>Rapport du Conseil Sup\u00e9rieur de l\u2019Enseignement relatif \u00e0 l\u2019\u00e9tat et aux perspectives du syst\u00e8me d\u2019\u00e9ducation et de formation \u2013 2008 - Conseil sup\u00e9rieur de l\u2019\u00e9ducation, de la formation et de la recherche scientifique<\/title>\n<meta name=\"robots\" content=\"noindex, follow, max-snippet:-1, max-image-preview:large, max-video-preview:-1\" \/>\n<meta property=\"og:locale\" content=\"fr_FR\" \/>\n<meta property=\"og:type\" content=\"article\" \/>\n<meta property=\"og:title\" content=\"Rapport du Conseil Sup\u00e9rieur de l\u2019Enseignement relatif \u00e0 l\u2019\u00e9tat et aux perspectives du syst\u00e8me d\u2019\u00e9ducation et de formation \u2013 2008 - Conseil sup\u00e9rieur de l\u2019\u00e9ducation, de la formation et de la recherche scientifique\" \/>\n<meta property=\"og:description\" content=\"Le pr\u00e9sent rapport vise \u00e0 pr\u00e9senter un diagnostic du syst\u00e8me d\u2019\u00e9ducation et de formation qui comprend \u00e0 la fois les performances effectivement r\u00e9alis\u00e9es, mais aussi les obstacles et les principaux dysfonctionnements qui compromettent le d\u00e9veloppement du syst\u00e8me. Trouver des solutions pour rem\u00e9dier auxdits dysfonctionnements est en mesure de provoquer la dynamique n\u00e9cessaire pour impacter le&hellip;\" \/>\n<meta property=\"og:url\" content=\"https:\/\/csefrs.lifemoz.com\/fr\/publications\/rapport-du-conseil-superieur-de-lenseignement-relatif-a-letat-et-aux-perspectives-du-systeme-deducation-et-de-formation-2008\/\" \/>\n<meta property=\"og:site_name\" content=\"Conseil sup\u00e9rieur de l\u2019\u00e9ducation, de la formation et de la recherche scientifique\" \/>\n<meta property=\"article:modified_time\" content=\"2026-02-08T13:08:43+00:00\" \/>\n<meta property=\"og:image\" content=\"https:\/\/csefrs.lifemoz.com\/wp-content\/uploads\/2025\/12\/vol-1-vf1-1.jpg\" \/>\n\t<meta property=\"og:image:width\" content=\"731\" \/>\n\t<meta property=\"og:image:height\" content=\"1024\" \/>\n\t<meta property=\"og:image:type\" content=\"image\/jpeg\" \/>\n<meta name=\"twitter:card\" content=\"summary_large_image\" \/>\n<meta name=\"twitter:label1\" content=\"Dur\u00e9e de lecture estim\u00e9e\" \/>\n\t<meta name=\"twitter:data1\" content=\"1 minute\" \/>\n<script type=\"application\/ld+json\" class=\"yoast-schema-graph\">{\"@context\":\"https:\\\/\\\/schema.org\",\"@graph\":[{\"@type\":\"WebPage\",\"@id\":\"https:\\\/\\\/csefrs.lifemoz.com\\\/fr\\\/publications\\\/rapport-du-conseil-superieur-de-lenseignement-relatif-a-letat-et-aux-perspectives-du-systeme-deducation-et-de-formation-2008\\\/\",\"url\":\"https:\\\/\\\/csefrs.lifemoz.com\\\/fr\\\/publications\\\/rapport-du-conseil-superieur-de-lenseignement-relatif-a-letat-et-aux-perspectives-du-systeme-deducation-et-de-formation-2008\\\/\",\"name\":\"Rapport du Conseil Sup\u00e9rieur de l\u2019Enseignement relatif \u00e0 l\u2019\u00e9tat et aux perspectives du syst\u00e8me d\u2019\u00e9ducation et de formation \u2013 2008 - Conseil sup\u00e9rieur de l\u2019\u00e9ducation, de la formation et de la recherche scientifique\",\"isPartOf\":{\"@id\":\"https:\\\/\\\/csefrs.lifemoz.com\\\/#website\"},\"primaryImageOfPage\":{\"@id\":\"https:\\\/\\\/csefrs.lifemoz.com\\\/fr\\\/publications\\\/rapport-du-conseil-superieur-de-lenseignement-relatif-a-letat-et-aux-perspectives-du-systeme-deducation-et-de-formation-2008\\\/#primaryimage\"},\"image\":{\"@id\":\"https:\\\/\\\/csefrs.lifemoz.com\\\/fr\\\/publications\\\/rapport-du-conseil-superieur-de-lenseignement-relatif-a-letat-et-aux-perspectives-du-systeme-deducation-et-de-formation-2008\\\/#primaryimage\"},\"thumbnailUrl\":\"https:\\\/\\\/csefrs.lifemoz.com\\\/wp-content\\\/uploads\\\/2025\\\/12\\\/vol-1-vf1-1.jpg\",\"datePublished\":\"2009-01-01T00:00:00+00:00\",\"dateModified\":\"2026-02-08T13:08:43+00:00\",\"breadcrumb\":{\"@id\":\"https:\\\/\\\/csefrs.lifemoz.com\\\/fr\\\/publications\\\/rapport-du-conseil-superieur-de-lenseignement-relatif-a-letat-et-aux-perspectives-du-systeme-deducation-et-de-formation-2008\\\/#breadcrumb\"},\"inLanguage\":\"fr-FR\",\"potentialAction\":[{\"@type\":\"ReadAction\",\"target\":[\"https:\\\/\\\/csefrs.lifemoz.com\\\/fr\\\/publications\\\/rapport-du-conseil-superieur-de-lenseignement-relatif-a-letat-et-aux-perspectives-du-systeme-deducation-et-de-formation-2008\\\/\"]}]},{\"@type\":\"ImageObject\",\"inLanguage\":\"fr-FR\",\"@id\":\"https:\\\/\\\/csefrs.lifemoz.com\\\/fr\\\/publications\\\/rapport-du-conseil-superieur-de-lenseignement-relatif-a-letat-et-aux-perspectives-du-systeme-deducation-et-de-formation-2008\\\/#primaryimage\",\"url\":\"https:\\\/\\\/csefrs.lifemoz.com\\\/wp-content\\\/uploads\\\/2025\\\/12\\\/vol-1-vf1-1.jpg\",\"contentUrl\":\"https:\\\/\\\/csefrs.lifemoz.com\\\/wp-content\\\/uploads\\\/2025\\\/12\\\/vol-1-vf1-1.jpg\",\"width\":731,\"height\":1024},{\"@type\":\"BreadcrumbList\",\"@id\":\"https:\\\/\\\/csefrs.lifemoz.com\\\/fr\\\/publications\\\/rapport-du-conseil-superieur-de-lenseignement-relatif-a-letat-et-aux-perspectives-du-systeme-deducation-et-de-formation-2008\\\/#breadcrumb\",\"itemListElement\":[{\"@type\":\"ListItem\",\"position\":1,\"name\":\"Accueil\",\"item\":\"https:\\\/\\\/csefrs.lifemoz.com\\\/fr\\\/\"},{\"@type\":\"ListItem\",\"position\":2,\"name\":\"Publications\",\"item\":\"https:\\\/\\\/csefrs.lifemoz.com\\\/\u0627\u0644\u0645\u0646\u0634\u0648\u0631\u0627\u062a\\\/\"},{\"@type\":\"ListItem\",\"position\":3,\"name\":\"Rapport du Conseil Sup\u00e9rieur de l\u2019Enseignement relatif \u00e0 l\u2019\u00e9tat et aux perspectives du syst\u00e8me d\u2019\u00e9ducation et de formation \u2013 2008\"}]},{\"@type\":\"WebSite\",\"@id\":\"https:\\\/\\\/csefrs.lifemoz.com\\\/#website\",\"url\":\"https:\\\/\\\/csefrs.lifemoz.com\\\/\",\"name\":\"Conseil sup\u00e9rieur de l\u2019\u00e9ducation, de la formation et de la recherche scientifique\",\"description\":\"\",\"potentialAction\":[{\"@type\":\"SearchAction\",\"target\":{\"@type\":\"EntryPoint\",\"urlTemplate\":\"https:\\\/\\\/csefrs.lifemoz.com\\\/?s={search_term_string}\"},\"query-input\":{\"@type\":\"PropertyValueSpecification\",\"valueRequired\":true,\"valueName\":\"search_term_string\"}}],\"inLanguage\":\"fr-FR\"}]}<\/script>\n<!-- \/ Yoast SEO plugin. -->","yoast_head_json":{"title":"Rapport du Conseil Sup\u00e9rieur de l\u2019Enseignement relatif \u00e0 l\u2019\u00e9tat et aux perspectives du syst\u00e8me d\u2019\u00e9ducation et de formation \u2013 2008 - Conseil sup\u00e9rieur de l\u2019\u00e9ducation, de la formation et de la recherche scientifique","robots":{"index":"noindex","follow":"follow","max-snippet":"max-snippet:-1","max-image-preview":"max-image-preview:large","max-video-preview":"max-video-preview:-1"},"og_locale":"fr_FR","og_type":"article","og_title":"Rapport du Conseil Sup\u00e9rieur de l\u2019Enseignement relatif \u00e0 l\u2019\u00e9tat et aux perspectives du syst\u00e8me d\u2019\u00e9ducation et de formation \u2013 2008 - Conseil sup\u00e9rieur de l\u2019\u00e9ducation, de la formation et de la recherche scientifique","og_description":"Le pr\u00e9sent rapport vise \u00e0 pr\u00e9senter un diagnostic du syst\u00e8me d\u2019\u00e9ducation et de formation qui comprend \u00e0 la fois les performances effectivement r\u00e9alis\u00e9es, mais aussi les obstacles et les principaux dysfonctionnements qui compromettent le d\u00e9veloppement du syst\u00e8me. Trouver des solutions pour rem\u00e9dier auxdits dysfonctionnements est en mesure de provoquer la dynamique n\u00e9cessaire pour impacter le&hellip;","og_url":"https:\/\/csefrs.lifemoz.com\/fr\/publications\/rapport-du-conseil-superieur-de-lenseignement-relatif-a-letat-et-aux-perspectives-du-systeme-deducation-et-de-formation-2008\/","og_site_name":"Conseil sup\u00e9rieur de l\u2019\u00e9ducation, de la formation et de la recherche scientifique","article_modified_time":"2026-02-08T13:08:43+00:00","og_image":[{"width":731,"height":1024,"url":"https:\/\/csefrs.lifemoz.com\/wp-content\/uploads\/2025\/12\/vol-1-vf1-1.jpg","type":"image\/jpeg"}],"twitter_card":"summary_large_image","twitter_misc":{"Dur\u00e9e de lecture estim\u00e9e":"1 minute"},"schema":{"@context":"https:\/\/schema.org","@graph":[{"@type":"WebPage","@id":"https:\/\/csefrs.lifemoz.com\/fr\/publications\/rapport-du-conseil-superieur-de-lenseignement-relatif-a-letat-et-aux-perspectives-du-systeme-deducation-et-de-formation-2008\/","url":"https:\/\/csefrs.lifemoz.com\/fr\/publications\/rapport-du-conseil-superieur-de-lenseignement-relatif-a-letat-et-aux-perspectives-du-systeme-deducation-et-de-formation-2008\/","name":"Rapport du Conseil Sup\u00e9rieur de l\u2019Enseignement relatif \u00e0 l\u2019\u00e9tat et aux perspectives du syst\u00e8me d\u2019\u00e9ducation et de formation \u2013 2008 - Conseil sup\u00e9rieur de l\u2019\u00e9ducation, de la formation et de la recherche scientifique","isPartOf":{"@id":"https:\/\/csefrs.lifemoz.com\/#website"},"primaryImageOfPage":{"@id":"https:\/\/csefrs.lifemoz.com\/fr\/publications\/rapport-du-conseil-superieur-de-lenseignement-relatif-a-letat-et-aux-perspectives-du-systeme-deducation-et-de-formation-2008\/#primaryimage"},"image":{"@id":"https:\/\/csefrs.lifemoz.com\/fr\/publications\/rapport-du-conseil-superieur-de-lenseignement-relatif-a-letat-et-aux-perspectives-du-systeme-deducation-et-de-formation-2008\/#primaryimage"},"thumbnailUrl":"https:\/\/csefrs.lifemoz.com\/wp-content\/uploads\/2025\/12\/vol-1-vf1-1.jpg","datePublished":"2009-01-01T00:00:00+00:00","dateModified":"2026-02-08T13:08:43+00:00","breadcrumb":{"@id":"https:\/\/csefrs.lifemoz.com\/fr\/publications\/rapport-du-conseil-superieur-de-lenseignement-relatif-a-letat-et-aux-perspectives-du-systeme-deducation-et-de-formation-2008\/#breadcrumb"},"inLanguage":"fr-FR","potentialAction":[{"@type":"ReadAction","target":["https:\/\/csefrs.lifemoz.com\/fr\/publications\/rapport-du-conseil-superieur-de-lenseignement-relatif-a-letat-et-aux-perspectives-du-systeme-deducation-et-de-formation-2008\/"]}]},{"@type":"ImageObject","inLanguage":"fr-FR","@id":"https:\/\/csefrs.lifemoz.com\/fr\/publications\/rapport-du-conseil-superieur-de-lenseignement-relatif-a-letat-et-aux-perspectives-du-systeme-deducation-et-de-formation-2008\/#primaryimage","url":"https:\/\/csefrs.lifemoz.com\/wp-content\/uploads\/2025\/12\/vol-1-vf1-1.jpg","contentUrl":"https:\/\/csefrs.lifemoz.com\/wp-content\/uploads\/2025\/12\/vol-1-vf1-1.jpg","width":731,"height":1024},{"@type":"BreadcrumbList","@id":"https:\/\/csefrs.lifemoz.com\/fr\/publications\/rapport-du-conseil-superieur-de-lenseignement-relatif-a-letat-et-aux-perspectives-du-systeme-deducation-et-de-formation-2008\/#breadcrumb","itemListElement":[{"@type":"ListItem","position":1,"name":"Accueil","item":"https:\/\/csefrs.lifemoz.com\/fr\/"},{"@type":"ListItem","position":2,"name":"Publications","item":"https:\/\/csefrs.lifemoz.com\/\u0627\u0644\u0645\u0646\u0634\u0648\u0631\u0627\u062a\/"},{"@type":"ListItem","position":3,"name":"Rapport du Conseil Sup\u00e9rieur de l\u2019Enseignement relatif \u00e0 l\u2019\u00e9tat et aux perspectives du syst\u00e8me d\u2019\u00e9ducation et de formation \u2013 2008"}]},{"@type":"WebSite","@id":"https:\/\/csefrs.lifemoz.com\/#website","url":"https:\/\/csefrs.lifemoz.com\/","name":"Conseil sup\u00e9rieur de l\u2019\u00e9ducation, de la formation et de la recherche scientifique","description":"","potentialAction":[{"@type":"SearchAction","target":{"@type":"EntryPoint","urlTemplate":"https:\/\/csefrs.lifemoz.com\/?s={search_term_string}"},"query-input":{"@type":"PropertyValueSpecification","valueRequired":true,"valueName":"search_term_string"}}],"inLanguage":"fr-FR"}]}},"_links":{"self":[{"href":"https:\/\/csefrs.lifemoz.com\/fr\/wp-json\/wp\/v2\/product\/37441","targetHints":{"allow":["GET"]}}],"collection":[{"href":"https:\/\/csefrs.lifemoz.com\/fr\/wp-json\/wp\/v2\/product"}],"about":[{"href":"https:\/\/csefrs.lifemoz.com\/fr\/wp-json\/wp\/v2\/types\/product"}],"wp:featuredmedia":[{"embeddable":true,"href":"https:\/\/csefrs.lifemoz.com\/fr\/wp-json\/wp\/v2\/media\/37096"}],"wp:attachment":[{"href":"https:\/\/csefrs.lifemoz.com\/fr\/wp-json\/wp\/v2\/media?parent=37441"}],"wp:term":[{"taxonomy":"product_brand","embeddable":true,"href":"https:\/\/csefrs.lifemoz.com\/fr\/wp-json\/wp\/v2\/product_brand?post=37441"},{"taxonomy":"product_cat","embeddable":true,"href":"https:\/\/csefrs.lifemoz.com\/fr\/wp-json\/wp\/v2\/product_cat?post=37441"},{"taxonomy":"product_tag","embeddable":true,"href":"https:\/\/csefrs.lifemoz.com\/fr\/wp-json\/wp\/v2\/product_tag?post=37441"}],"curies":[{"name":"wp","href":"https:\/\/api.w.org\/{rel}","templated":true}]}}