{"id":45447,"date":"2026-04-10T08:53:47","date_gmt":"2026-04-10T07:53:47","guid":{"rendered":"https:\/\/csefrs.lifemoz.com\/%d8%a7%d9%84%d8%aa%d8%b9%d8%a7%d9%88%d9%86-%d8%ac%d9%86%d9%88%d8%a8-%d8%ac%d9%86%d9%88%d8%a8\/"},"modified":"2026-05-12T11:59:40","modified_gmt":"2026-05-12T10:59:40","slug":"cooperation-sud-sud","status":"publish","type":"page","link":"https:\/\/csefrs.lifemoz.com\/fr\/cooperation-sud-sud\/","title":{"rendered":"Coop\u00e9ration Sud-Sud"},"content":{"rendered":"<div class=\"wpb-content-wrapper\"><p>[vc_row content_placement=\u00a0\u00bbmiddle\u00a0\u00bb el_class=\u00a0\u00bbbg-sec\u00a0\u00bb css=\u00a0\u00bb.vc_custom_1771426469592{margin-right: 0px !important;margin-left: 0px !important;}\u00a0\u00bb][vc_column][vc_column_text css=\u00a0\u00bb\u00a0\u00bb el_class=\u00a0\u00bbhas-color-fff\u00a0\u00bb]<\/p>\n<h1 style=\"text-align: center;\">Coop\u00e9ration Sud-Sud<\/h1>\n<p>[\/vc_column_text][\/vc_column][\/vc_row][vc_row][vc_column][vc_column_text css=\u00a0\u00bb.vc_custom_1778581067256{margin-bottom: 15px !important;}\u00a0\u00bb]<\/p>\n<h2 style=\"color: #b32148; text-align: center;\"><span style=\"color: #bb1a25;\"><strong>Dans le cadre de l\u2019ouverture sur l\u2019Afrique, le Conseil renforce son engagement dans la coop\u00e9ration Sud-Sud en d\u00e9veloppant des initiatives et partenariats avec plusieurs pays africains.<\/strong><\/span><\/h2>\n<p>[\/vc_column_text][vc_row_inner rtl_reverse=\u00a0\u00bbyes\u00a0\u00bb content_placement=\u00a0\u00bbmiddle\u00a0\u00bb css=\u00a0\u00bb.vc_custom_1777895207204{padding-top: 15px !important;padding-bottom: 15px !important;}\u00a0\u00bb][vc_column_inner width=\u00a0\u00bb1\/2&Prime;][vc_single_image image=\u00a0\u00bb45333&Prime; img_size=\u00a0\u00bbfull\u00a0\u00bb css=\u00a0\u00bb\u00a0\u00bb el_class=\u00a0\u00bbbrd\u00a0\u00bb][\/vc_column_inner][vc_column_inner width=\u00a0\u00bb1\/2&Prime;][vc_column_text css=\u00a0\u00bb\u00a0\u00bb]<\/p>\n<p style=\"text-align: center;\"><span style=\"font-weight: 400;\"><strong>\u00ab \u2026 Car l\u2019Afrique, pour le Maroc, c\u2019est bien davantage qu\u2019une appartenance g\u00e9ographique et des liens historiques. Elle \u00e9voque, en v\u00e9rit\u00e9, des sentiments sinc\u00e8res d\u2019affection et de consid\u00e9ration, des liens humains et spirituels profonds et des relations de coop\u00e9ration fructueuse et de solidarit\u00e9 concr\u00e8te. Elle est, somme toute, le prolongement naturel et la profondeur strat\u00e9gique du Maroc.<\/strong><br \/>\n<\/span><\/p>\n<p style=\"text-align: center;\"><strong>Ce lien pluridimensionnel fait que le Maroc est au c\u0153ur de l\u2019Afrique, et m\u00e9nage \u00e0 l\u2019Afrique une place dans le c\u0153ur des Marocains. Et c\u2019est pourquoi Nous l\u2019avons inscrite au centre de la politique \u00e9trang\u00e8re de notre pays.<\/strong><\/p>\n<p style=\"text-align: center;\"><span style=\"font-weight: 400;\"><strong>Nous avons la conviction que l\u2019int\u00e9r\u00eat du Maroc, c\u2019est aussi l\u2019int\u00e9r\u00eat de l\u2019Afrique, et que son devenir ne peut se concevoir sans elle. Nous pensons que le progr\u00e8s et la stabilit\u00e9 sont partag\u00e9s ou ne sont pas\u2026 \u00bb<\/strong><br \/>\n<\/span><\/p>\n<p>[\/vc_column_text][vc_column_text css=\u00a0\u00bb\u00a0\u00bb]<\/p>\n<p style=\"text-align: center;\"><a style=\"font-size: 14px !important;\" href=\"https:\/\/africa2025.csefrs.ma\/\"><span style=\"font-size: 14px !important;\"><b style=\"font-size: 14px !important;\"><i style=\"font-size: 14px !important;\">Discours de Sa Majest\u00e9 le Roi Mohammed VI lors du 63\u00e8me anniversaire de la R\u00e9volution du Roi et du Peuple (Ao\u00fbt 2016)<\/i><\/b><\/span><\/a><\/p>\n<p>[\/vc_column_text][\/vc_column_inner][\/vc_row_inner][\/vc_column][\/vc_row][vc_row css=\u00a0\u00bb.vc_custom_1777901126814{margin-top: 20px !important;}\u00a0\u00bb][vc_column][vc_column_text css=\u00a0\u00bb\u00a0\u00bb]<\/p>\n<div class=\"intro-banner\" style=\"text-align: justify;\">La coop\u00e9ration africaine occupe une place importante dans l\u2019action du Conseil, \u00e0 travers le lancement d\u2019initiatives et l\u2019organisation d\u2019activit\u00e9s visant \u00e0 renforcer le travail conjoint avec les institutions africaines concern\u00e9es.<\/div>\n<p>[\/vc_column_text][\/vc_column][\/vc_row][vc_row bg_type=\u00a0\u00bbbg_color\u00a0\u00bb bg_override=\u00a0\u00bbex-full\u00a0\u00bb css=\u00a0\u00bb.vc_custom_1778583449180{margin-top: 50px !important;padding-top: 20px !important;padding-bottom: 20px !important;}\u00a0\u00bb bg_color_value=\u00a0\u00bb#F2F2F2&Prime;][vc_column][vc_row_inner equal_height=\u00a0\u00bbyes\u00a0\u00bb rtl_reverse=\u00a0\u00bbyes\u00a0\u00bb css=\u00a0\u00bb.vc_custom_1778513979677{margin-top: 15px !important;margin-bottom: 15px !important;}\u00a0\u00bb][vc_column_inner width=\u00a0\u00bb2\/3&Prime;][vc_column_text css=\u00a0\u00bb\u00a0\u00bb]<\/p>\n<h2 style=\"color: #b32148; text-align: left;\"><span style=\"color: #bb1a25;\">Accueil de Monsieur Moundjigui, accompagn\u00e9 de Son Excellence Monsieur l\u2019Ambassadeur du Gabon au Maroc et des membres de la d\u00e9l\u00e9gation<br \/>\n<\/span><\/h2>\n<p>[\/vc_column_text][\/vc_column_inner][vc_column_inner el_class=\u00a0\u00bbbox-date\u00a0\u00bb width=\u00a0\u00bb1\/3&Prime;][vc_column_text css=\u00a0\u00bb\u00a0\u00bb]<\/p>\n<div style=\"text-align: left;\">\n<p style=\"display: inline-block; font-size: 16px; font-weight: 500; color: white; background: #bb1a25; padding: 3px 10px; border-radius: 20px; white-space: nowrap; margin: 0;\">5 f\u00e9vrier 2026<\/p>\n<\/div>\n<p>[\/vc_column_text][\/vc_column_inner][\/vc_row_inner][vc_row_inner css=\u00a0\u00bb.vc_custom_1777900498732{margin-bottom: 30px !important;}\u00a0\u00bb][vc_column_inner][vc_column_text css=\u00a0\u00bb\u00a0\u00bb]<\/p>\n<p style=\"text-align: justify;\">Dans le cadre du renforcement des actions de coop\u00e9ration internationale, et dans le prolongement de la conf\u00e9rence africaine organis\u00e9e les 12 et 13 novembre 2025 par le Conseil Sup\u00e9rieur de l\u2019\u00c9ducation, laquelle a rassembl\u00e9 les repr\u00e9sentants de dix-sept pays du continent africain autour des enjeux strat\u00e9giques de l\u2019\u00e9ducation et de la formation, la Pr\u00e9sidente du Conseil a re\u00e7u, le 5 f\u00e9vrier Monsieur Jean-Christophe Moundjigui, Secr\u00e9taire Perp\u00e9tuel du Conseil National de l\u2019\u00c9ducation, de la Formation et de la Recherche (CNEFOR).<br \/>\nMonsieur Moundjigui \u00e9tait accompagn\u00e9 de Son Excellence Monsieur l\u2019Ambassadeur du Gabon au Maroc, ainsi que d\u2019autres membres de la d\u00e9l\u00e9gation, t\u00e9moignant de l\u2019importance accord\u00e9e \u00e0 cette visite et de la volont\u00e9 commune de consolider les relations institutionnelles entre les deux pays.<\/p>\n<p>[\/vc_column_text][\/vc_column_inner][\/vc_row_inner][vc_row_inner gap=\u00a0\u00bb10&Prime;][vc_column_inner width=\u00a0\u00bb1\/3&Prime;][vc_single_image image=\u00a0\u00bb45442&Prime; img_size=\u00a0\u00bb460px x 300px\u00a0\u00bb css=\u00a0\u00bb\u00a0\u00bb el_class=\u00a0\u00bbbrd\u00a0\u00bb][\/vc_column_inner][vc_column_inner width=\u00a0\u00bb1\/3&Prime;][vc_single_image image=\u00a0\u00bb45440&Prime; img_size=\u00a0\u00bb460px x 300px\u00a0\u00bb css=\u00a0\u00bb\u00a0\u00bb el_class=\u00a0\u00bbbrd\u00a0\u00bb][\/vc_column_inner][vc_column_inner width=\u00a0\u00bb1\/3&Prime;][vc_single_image image=\u00a0\u00bb45441&Prime; img_size=\u00a0\u00bb460px x 300px\u00a0\u00bb css=\u00a0\u00bb\u00a0\u00bb el_class=\u00a0\u00bbbrd\u00a0\u00bb][\/vc_column_inner][\/vc_row_inner][\/vc_column][\/vc_row][vc_row css=\u00a0\u00bb.vc_custom_1777895143606{margin-top: 50px !important;}\u00a0\u00bb][vc_column][vc_row_inner rtl_reverse=\u00a0\u00bbyes\u00a0\u00bb css=\u00a0\u00bb.vc_custom_1778513047693{margin-top: 15px !important;margin-bottom: 15px !important;}\u00a0\u00bb][vc_column_inner width=\u00a0\u00bb2\/3&Prime;][vc_column_text css=\u00a0\u00bb\u00a0\u00bb]<\/p>\n<h2 style=\"color: #b32148; text-align: left;\"><span style=\"color: #bb1a25;\">Organisation d\u2019une Conf\u00e9rence africaine sur \u00ab Les syst\u00e8mes \u00e9ducatifs en Afrique : dynamiques de transformation \u00bb<br \/>\n<\/span><\/h2>\n<p>[\/vc_column_text][\/vc_column_inner][vc_column_inner el_class=\u00a0\u00bbbox-date\u00a0\u00bb width=\u00a0\u00bb1\/3&Prime;][vc_column_text css=\u00a0\u00bb\u00a0\u00bb]<\/p>\n<p style=\"display: block; font-size: 16px; font-weight: 500; color: white; background: #bb1a25; padding: 3px 10px; border-radius: 20px; width: fit-content; margin-right: 0; margin-left: 0;\">12 et 13 novembre 2025<\/p>\n<p>[\/vc_column_text][\/vc_column_inner][\/vc_row_inner][vc_row_inner gap=\u00a0\u00bb10&Prime;][vc_column_inner width=\u00a0\u00bb1\/3&Prime;][vc_single_image image=\u00a0\u00bb45342&Prime; img_size=\u00a0\u00bb460px x 300px\u00a0\u00bb css=\u00a0\u00bb\u00a0\u00bb el_class=\u00a0\u00bbbrd\u00a0\u00bb][\/vc_column_inner][vc_column_inner width=\u00a0\u00bb1\/3&Prime;][vc_single_image image=\u00a0\u00bb45344&Prime; img_size=\u00a0\u00bb460px x 300px\u00a0\u00bb css=\u00a0\u00bb\u00a0\u00bb el_class=\u00a0\u00bbbrd\u00a0\u00bb][\/vc_column_inner][vc_column_inner width=\u00a0\u00bb1\/3&Prime;][vc_single_image image=\u00a0\u00bb45345&Prime; img_size=\u00a0\u00bb460px x 300px\u00a0\u00bb css=\u00a0\u00bb\u00a0\u00bb el_class=\u00a0\u00bbbrd\u00a0\u00bb][\/vc_column_inner][\/vc_row_inner][\/vc_column][\/vc_row][vc_row bg_type=\u00a0\u00bbbg_color\u00a0\u00bb bg_override=\u00a0\u00bbex-full\u00a0\u00bb css=\u00a0\u00bb.vc_custom_1778583507176{margin-top: 50px !important;padding-top: 20px !important;padding-bottom: 20px !important;}\u00a0\u00bb bg_color_value=\u00a0\u00bb#F2F2F2&Prime;][vc_column][vc_row_inner css=\u00a0\u00bb.vc_custom_1778513299909{margin-top: 15px !important;margin-bottom: 15px !important;}\u00a0\u00bb][vc_column_inner width=\u00a0\u00bb2\/3&Prime;][vc_column_text css=\u00a0\u00bb\u00a0\u00bb]<\/p>\n<h2 style=\"color: #b32148; text-align: left;\"><span style=\"color: #bb1a25;\">Table ronde en marge de la conf\u00e9rence africaine.<\/span><\/h2>\n<p>[\/vc_column_text][\/vc_column_inner][vc_column_inner el_class=\u00a0\u00bbbox-date\u00a0\u00bb width=\u00a0\u00bb1\/3&Prime;][vc_column_text css=\u00a0\u00bb\u00a0\u00bb]<\/p>\n<p style=\"display: block; font-size: 16px; font-weight: 500; color: white; background: #bb1a25; padding: 3px 10px; border-radius: 20px; width: fit-content; margin-right: 0; margin-left: 0;\">13 novembre 2025<\/p>\n<p>[\/vc_column_text][\/vc_column_inner][\/vc_row_inner][vc_row_inner css=\u00a0\u00bb.vc_custom_1777900498732{margin-bottom: 30px !important;}\u00a0\u00bb][vc_column_inner][vc_column_text css=\u00a0\u00bb\u00a0\u00bb]<\/p>\n<p style=\"text-align: justify;\">En marge de la Conf\u00e9rence africaine sur \u00ab Les syst\u00e8mes \u00e9ducatifs en Afrique : dynamiques de transformation \u00bb, une table ronde \u00e0 huis clos s\u2019est tenue le jeudi 13 novembre 2025, r\u00e9unissant les pr\u00e9sidents et repr\u00e9sentants des Conseils et institutions \u00e9ducatives africaines ayant pris part \u00e0 la Conf\u00e9rence.<br \/>\nCette rencontre visait \u00e0 prolonger les \u00e9changes scientifiques et institutionnels de la Conf\u00e9rence par une r\u00e9flexion strat\u00e9gique et op\u00e9rationnelle sur les perspectives de coop\u00e9ration africaine en mati\u00e8re d\u2019\u00e9ducation, de formation et de recherche scientifique. Elle s\u2019inscrivait dans une d\u00e9marche de concertation entre pairs, orient\u00e9e vers l\u2019identification de m\u00e9canismes concrets de collaboration et d\u2019institutionnalisation des relations entre les instances participantes.<\/p>\n<p>[\/vc_column_text][\/vc_column_inner][\/vc_row_inner][vc_row_inner gap=\u00a0\u00bb10&Prime;][vc_column_inner width=\u00a0\u00bb1\/3&Prime;][vc_single_image image=\u00a0\u00bb45439&Prime; img_size=\u00a0\u00bb460px x 300px\u00a0\u00bb css=\u00a0\u00bb\u00a0\u00bb el_class=\u00a0\u00bbbrd\u00a0\u00bb][\/vc_column_inner][vc_column_inner width=\u00a0\u00bb1\/3&Prime;][vc_single_image image=\u00a0\u00bb45438&Prime; img_size=\u00a0\u00bb460px x 300px\u00a0\u00bb css=\u00a0\u00bb\u00a0\u00bb el_class=\u00a0\u00bbbrd\u00a0\u00bb][\/vc_column_inner][vc_column_inner width=\u00a0\u00bb1\/3&Prime;][vc_single_image image=\u00a0\u00bb45437&Prime; img_size=\u00a0\u00bb460px x 300px\u00a0\u00bb css=\u00a0\u00bb\u00a0\u00bb el_class=\u00a0\u00bbbrd\u00a0\u00bb][\/vc_column_inner][\/vc_row_inner][\/vc_column][\/vc_row][vc_row css=\u00a0\u00bb.vc_custom_1777895143606{margin-top: 50px !important;}\u00a0\u00bb][vc_column][vc_row_inner css=\u00a0\u00bb.vc_custom_1778513307469{margin-top: 15px !important;margin-bottom: 15px !important;}\u00a0\u00bb][vc_column_inner width=\u00a0\u00bb2\/3&Prime;][vc_column_text css=\u00a0\u00bb\u00a0\u00bb]<\/p>\n<h2 style=\"color: #b32148; text-align: left;\"><span style=\"color: #bb1a25;\">Visite de travail du Pr\u00e9sident du Conseil Sup\u00e9rieur de l\u2019\u00c9ducation, de la Formation et de la Recherche Scientifique aupr\u00e8s du Haut Conseil de l\u2019\u00c9ducation de la R\u00e9publique islamique de Mauritanie<\/span><\/h2>\n<p>[\/vc_column_text][\/vc_column_inner][vc_column_inner el_class=\u00a0\u00bbbox-date\u00a0\u00bb width=\u00a0\u00bb1\/3&Prime;][vc_column_text css=\u00a0\u00bb\u00a0\u00bb]<\/p>\n<p style=\"display: block; font-size: 16px; font-weight: 500; color: white; background: #bb1a25; padding: 3px 10px; border-radius: 20px; width: fit-content; margin-right: 0; margin-left: 0;\">4 et 5 mars 2024<\/p>\n<p>[\/vc_column_text][\/vc_column_inner][\/vc_row_inner][vc_row_inner gap=\u00a0\u00bb10&Prime;][vc_column_inner width=\u00a0\u00bb1\/3&Prime;][vc_single_image image=\u00a0\u00bb45347&Prime; img_size=\u00a0\u00bb460px x 300px\u00a0\u00bb css=\u00a0\u00bb\u00a0\u00bb el_class=\u00a0\u00bbbrd\u00a0\u00bb][\/vc_column_inner][vc_column_inner width=\u00a0\u00bb1\/3&Prime;][vc_single_image image=\u00a0\u00bb45348&Prime; img_size=\u00a0\u00bbmedium460px x 300px\u00a0\u00bb css=\u00a0\u00bb\u00a0\u00bb el_class=\u00a0\u00bbbrd\u00a0\u00bb][\/vc_column_inner][vc_column_inner width=\u00a0\u00bb1\/3&Prime;][vc_single_image image=\u00a0\u00bb45346&Prime; img_size=\u00a0\u00bb460px x 300px\u00a0\u00bb css=\u00a0\u00bb\u00a0\u00bb el_class=\u00a0\u00bbbrd\u00a0\u00bb][\/vc_column_inner][\/vc_row_inner][\/vc_column][\/vc_row]<\/p>\n<\/div>","protected":false},"excerpt":{"rendered":"<p>[vc_row content_placement=\u00a0\u00bbmiddle\u00a0\u00bb el_class=\u00a0\u00bbbg-sec\u00a0\u00bb css=\u00a0\u00bb.vc_custom_1771426469592{margin-right: 0px !important;margin-left: 0px !important;}\u00a0\u00bb][vc_column][vc_column_text css=\u00a0\u00bb\u00a0\u00bb el_class=\u00a0\u00bbhas-color-fff\u00a0\u00bb] Coop\u00e9ration Sud-Sud [\/vc_column_text][\/vc_column][\/vc_row][vc_row][vc_column][vc_column_text css=\u00a0\u00bb.vc_custom_1778581067256{margin-bottom: 15px !important;}\u00a0\u00bb] Dans le cadre de l\u2019ouverture sur l\u2019Afrique, le Conseil renforce son engagement dans la&hellip;<\/p>\n","protected":false},"author":696,"featured_media":0,"parent":0,"menu_order":0,"comment_status":"closed","ping_status":"closed","template":"","meta":{"footnotes":""},"class_list":["post-45447","page","type-page","status-publish","hentry","description-off"],"yoast_head":"<!-- This site is optimized with the Yoast SEO plugin v27.6 - https:\/\/yoast.com\/product\/yoast-seo-wordpress\/ -->\n<title>Coop\u00e9ration Sud-Sud - Conseil sup\u00e9rieur de l\u2019\u00e9ducation, de la formation et de la recherche scientifique<\/title>\n<meta name=\"robots\" content=\"noindex, follow, max-snippet:-1, max-image-preview:large, max-video-preview:-1\" \/>\n<meta property=\"og:locale\" content=\"fr_FR\" \/>\n<meta property=\"og:type\" content=\"article\" \/>\n<meta property=\"og:title\" content=\"Coop\u00e9ration Sud-Sud - Conseil sup\u00e9rieur de l\u2019\u00e9ducation, de la formation et de la recherche scientifique\" \/>\n<meta property=\"og:description\" content=\"[vc_row content_placement=\u00a0\u00bbmiddle\u00a0\u00bb el_class=\u00a0\u00bbbg-sec\u00a0\u00bb css=\u00a0\u00bb.vc_custom_1771426469592{margin-right: 0px !important;margin-left: 0px !important;}\u00a0\u00bb][vc_column][vc_column_text css=\u00a0\u00bb\u00a0\u00bb el_class=\u00a0\u00bbhas-color-fff\u00a0\u00bb] Coop\u00e9ration Sud-Sud [\/vc_column_text][\/vc_column][\/vc_row][vc_row][vc_column][vc_column_text css=\u00a0\u00bb.vc_custom_1778581067256{margin-bottom: 15px !important;}\u00a0\u00bb] Dans le cadre de l\u2019ouverture sur l\u2019Afrique, le Conseil renforce son engagement dans la&hellip;\" \/>\n<meta property=\"og:url\" content=\"https:\/\/csefrs.lifemoz.com\/fr\/cooperation-sud-sud\/\" \/>\n<meta property=\"og:site_name\" content=\"Conseil sup\u00e9rieur de l\u2019\u00e9ducation, de la formation et de la recherche scientifique\" \/>\n<meta property=\"article:modified_time\" content=\"2026-05-12T10:59:40+00:00\" \/>\n<meta name=\"twitter:card\" content=\"summary_large_image\" \/>\n<meta name=\"twitter:label1\" content=\"Dur\u00e9e de lecture estim\u00e9e\" \/>\n\t<meta name=\"twitter:data1\" content=\"4 minutes\" \/>\n<script type=\"application\/ld+json\" class=\"yoast-schema-graph\">{\"@context\":\"https:\\\/\\\/schema.org\",\"@graph\":[{\"@type\":\"WebPage\",\"@id\":\"https:\\\/\\\/csefrs.lifemoz.com\\\/fr\\\/cooperation-sud-sud\\\/\",\"url\":\"https:\\\/\\\/csefrs.lifemoz.com\\\/fr\\\/cooperation-sud-sud\\\/\",\"name\":\"Coop\u00e9ration Sud-Sud - Conseil sup\u00e9rieur de l\u2019\u00e9ducation, de la formation et de la recherche scientifique\",\"isPartOf\":{\"@id\":\"https:\\\/\\\/csefrs.lifemoz.com\\\/#website\"},\"datePublished\":\"2026-04-10T07:53:47+00:00\",\"dateModified\":\"2026-05-12T10:59:40+00:00\",\"breadcrumb\":{\"@id\":\"https:\\\/\\\/csefrs.lifemoz.com\\\/fr\\\/cooperation-sud-sud\\\/#breadcrumb\"},\"inLanguage\":\"fr-FR\",\"potentialAction\":[{\"@type\":\"ReadAction\",\"target\":[\"https:\\\/\\\/csefrs.lifemoz.com\\\/fr\\\/cooperation-sud-sud\\\/\"]}]},{\"@type\":\"BreadcrumbList\",\"@id\":\"https:\\\/\\\/csefrs.lifemoz.com\\\/fr\\\/cooperation-sud-sud\\\/#breadcrumb\",\"itemListElement\":[{\"@type\":\"ListItem\",\"position\":1,\"name\":\"Accueil\",\"item\":\"https:\\\/\\\/csefrs.lifemoz.com\\\/fr\\\/\"},{\"@type\":\"ListItem\",\"position\":2,\"name\":\"Coop\u00e9ration Sud-Sud\"}]},{\"@type\":\"WebSite\",\"@id\":\"https:\\\/\\\/csefrs.lifemoz.com\\\/#website\",\"url\":\"https:\\\/\\\/csefrs.lifemoz.com\\\/\",\"name\":\"Conseil sup\u00e9rieur de l\u2019\u00e9ducation, de la formation et de la recherche scientifique\",\"description\":\"\",\"potentialAction\":[{\"@type\":\"SearchAction\",\"target\":{\"@type\":\"EntryPoint\",\"urlTemplate\":\"https:\\\/\\\/csefrs.lifemoz.com\\\/?s={search_term_string}\"},\"query-input\":{\"@type\":\"PropertyValueSpecification\",\"valueRequired\":true,\"valueName\":\"search_term_string\"}}],\"inLanguage\":\"fr-FR\"}]}<\/script>\n<!-- \/ Yoast SEO plugin. -->","yoast_head_json":{"title":"Coop\u00e9ration Sud-Sud - Conseil sup\u00e9rieur de l\u2019\u00e9ducation, de la formation et de la recherche scientifique","robots":{"index":"noindex","follow":"follow","max-snippet":"max-snippet:-1","max-image-preview":"max-image-preview:large","max-video-preview":"max-video-preview:-1"},"og_locale":"fr_FR","og_type":"article","og_title":"Coop\u00e9ration Sud-Sud - Conseil sup\u00e9rieur de l\u2019\u00e9ducation, de la formation et de la recherche scientifique","og_description":"[vc_row content_placement=\u00a0\u00bbmiddle\u00a0\u00bb el_class=\u00a0\u00bbbg-sec\u00a0\u00bb css=\u00a0\u00bb.vc_custom_1771426469592{margin-right: 0px !important;margin-left: 0px !important;}\u00a0\u00bb][vc_column][vc_column_text css=\u00a0\u00bb\u00a0\u00bb el_class=\u00a0\u00bbhas-color-fff\u00a0\u00bb] Coop\u00e9ration Sud-Sud [\/vc_column_text][\/vc_column][\/vc_row][vc_row][vc_column][vc_column_text css=\u00a0\u00bb.vc_custom_1778581067256{margin-bottom: 15px !important;}\u00a0\u00bb] Dans le cadre de l\u2019ouverture sur l\u2019Afrique, le Conseil renforce son engagement dans la&hellip;","og_url":"https:\/\/csefrs.lifemoz.com\/fr\/cooperation-sud-sud\/","og_site_name":"Conseil sup\u00e9rieur de l\u2019\u00e9ducation, de la formation et de la recherche scientifique","article_modified_time":"2026-05-12T10:59:40+00:00","twitter_card":"summary_large_image","twitter_misc":{"Dur\u00e9e de lecture estim\u00e9e":"4 minutes"},"schema":{"@context":"https:\/\/schema.org","@graph":[{"@type":"WebPage","@id":"https:\/\/csefrs.lifemoz.com\/fr\/cooperation-sud-sud\/","url":"https:\/\/csefrs.lifemoz.com\/fr\/cooperation-sud-sud\/","name":"Coop\u00e9ration Sud-Sud - Conseil sup\u00e9rieur de l\u2019\u00e9ducation, de la formation et de la recherche scientifique","isPartOf":{"@id":"https:\/\/csefrs.lifemoz.com\/#website"},"datePublished":"2026-04-10T07:53:47+00:00","dateModified":"2026-05-12T10:59:40+00:00","breadcrumb":{"@id":"https:\/\/csefrs.lifemoz.com\/fr\/cooperation-sud-sud\/#breadcrumb"},"inLanguage":"fr-FR","potentialAction":[{"@type":"ReadAction","target":["https:\/\/csefrs.lifemoz.com\/fr\/cooperation-sud-sud\/"]}]},{"@type":"BreadcrumbList","@id":"https:\/\/csefrs.lifemoz.com\/fr\/cooperation-sud-sud\/#breadcrumb","itemListElement":[{"@type":"ListItem","position":1,"name":"Accueil","item":"https:\/\/csefrs.lifemoz.com\/fr\/"},{"@type":"ListItem","position":2,"name":"Coop\u00e9ration Sud-Sud"}]},{"@type":"WebSite","@id":"https:\/\/csefrs.lifemoz.com\/#website","url":"https:\/\/csefrs.lifemoz.com\/","name":"Conseil sup\u00e9rieur de l\u2019\u00e9ducation, de la formation et de la recherche scientifique","description":"","potentialAction":[{"@type":"SearchAction","target":{"@type":"EntryPoint","urlTemplate":"https:\/\/csefrs.lifemoz.com\/?s={search_term_string}"},"query-input":{"@type":"PropertyValueSpecification","valueRequired":true,"valueName":"search_term_string"}}],"inLanguage":"fr-FR"}]}},"_links":{"self":[{"href":"https:\/\/csefrs.lifemoz.com\/fr\/wp-json\/wp\/v2\/pages\/45447","targetHints":{"allow":["GET"]}}],"collection":[{"href":"https:\/\/csefrs.lifemoz.com\/fr\/wp-json\/wp\/v2\/pages"}],"about":[{"href":"https:\/\/csefrs.lifemoz.com\/fr\/wp-json\/wp\/v2\/types\/page"}],"author":[{"embeddable":true,"href":"https:\/\/csefrs.lifemoz.com\/fr\/wp-json\/wp\/v2\/users\/696"}],"replies":[{"embeddable":true,"href":"https:\/\/csefrs.lifemoz.com\/fr\/wp-json\/wp\/v2\/comments?post=45447"}],"version-history":[{"count":12,"href":"https:\/\/csefrs.lifemoz.com\/fr\/wp-json\/wp\/v2\/pages\/45447\/revisions"}],"predecessor-version":[{"id":45522,"href":"https:\/\/csefrs.lifemoz.com\/fr\/wp-json\/wp\/v2\/pages\/45447\/revisions\/45522"}],"wp:attachment":[{"href":"https:\/\/csefrs.lifemoz.com\/fr\/wp-json\/wp\/v2\/media?parent=45447"}],"curies":[{"name":"wp","href":"https:\/\/api.w.org\/{rel}","templated":true}]}}