{"id":40529,"date":"2026-02-18T15:17:19","date_gmt":"2026-02-18T15:17:19","guid":{"rendered":"https:\/\/csefrs.lifemoz.com\/%d8%b9%d8%af%d8%a9-%d8%a7%d9%84%d8%b5%d8%ad%d8%a7%d9%81%d8%a9\/"},"modified":"2026-03-09T11:21:28","modified_gmt":"2026-03-09T11:21:28","slug":"kit-de-presse","status":"publish","type":"page","link":"https:\/\/csefrs.lifemoz.com\/fr\/kit-de-presse\/","title":{"rendered":"Kit de presse"},"content":{"rendered":"<div class=\"wpb-content-wrapper\"><p>[vc_row content_placement=\u00a0\u00bbmiddle\u00a0\u00bb el_class=\u00a0\u00bbbg-sec\u00a0\u00bb][vc_column][vc_column_text css=\u00a0\u00bb\u00a0\u00bb]<\/p>\n<h1 style=\"text-align: center;\">Kit de presse<\/h1>\n<p>[\/vc_column_text][\/vc_column][\/vc_row][vc_row css=\u00a0\u00bb.vc_custom_1773055288996{margin-bottom: 50px !important;}\u00a0\u00bb][vc_column width=\u00a0\u00bb1\/3&Prime;][vc_widget_sidebar show_bg=\u00a0\u00bbfalse\u00a0\u00bb sidebar_id=\u00a0\u00bbzone-widget-kit-presse\u00a0\u00bb el_class=\u00a0\u00bbrtlcst\u00a0\u00bb][\/vc_column][vc_column width=\u00a0\u00bb2\/3&Prime;][vc_column_text]\n\n\n<div id=\"wpv-view-layout-39969\" class=\"js-wpv-view-layout js-wpv-layout-responsive js-wpv-view-layout-39969\" data-viewnumber=\"39969\" data-pagination=\"{&quot;id&quot;:39969,&quot;query&quot;:&quot;normal&quot;,&quot;type&quot;:&quot;disabled&quot;,&quot;effect&quot;:&quot;fade&quot;,&quot;duration&quot;:500,&quot;speed&quot;:5,&quot;pause_on_hover&quot;:&quot;enabled&quot;,&quot;stop_rollover&quot;:&quot;false&quot;,&quot;cache_pages&quot;:&quot;enabled&quot;,&quot;preload_images&quot;:&quot;enabled&quot;,&quot;preload_pages&quot;:&quot;enabled&quot;,&quot;preload_reach&quot;:1,&quot;spinner&quot;:&quot;builtin&quot;,&quot;spinner_image&quot;:&quot;https:\/\/csefrs.lifemoz.com\/wp-content\/plugins\/wp-views\/embedded\/res\/img\/ajax-loader.gif&quot;,&quot;callback_next&quot;:&quot;&quot;,&quot;manage_history&quot;:&quot;enabled&quot;,&quot;has_controls_in_form&quot;:&quot;disabled&quot;,&quot;infinite_tolerance&quot;:&quot;0&quot;,&quot;max_pages&quot;:0,&quot;page&quot;:1,&quot;base_permalink&quot;:&quot;\/fr\/wp-json\/wp\/v2\/pages\/40529?wpv_view_count=39969&amp;wpv_paged=WPV_PAGE_NUM&quot;,&quot;loop&quot;:{&quot;type&quot;:&quot;&quot;,&quot;name&quot;:&quot;&quot;,&quot;data&quot;:[],&quot;id&quot;:0}}\" data-permalink=\"\/fr\/wp-json\/wp\/v2\/pages\/40529?wpv_view_count=39969\">\n\n  \n  \n  <div class=\"wpv-loop-wrapper\">\n    \n      <div class=\"item-row\">\n        <div class=\"item-title\">Phototh\u00e8que<\/div>\n        \n        \n          <a href=\"https:\/\/csefrs.lifemoz.com\/mediatheque\/phototheque\/\" class=\"download-btn\">\n            <span>T\u00c9L\u00c9CHARGER LE<br>FICHIER<\/span>\n          <\/a>\n        \n      <\/div>\n    \n      <div class=\"item-row\">\n        <div class=\"item-title\">Vid\u00e9oth\u00e8que<\/div>\n        \n        \n          <a href=\"https:\/\/csefrs.lifemoz.com\/mediatheque\/videotheque\/\" class=\"download-btn\">\n            <span>T\u00c9L\u00c9CHARGER LE<br>FICHIER<\/span>\n          <\/a>\n        \n      <\/div>\n    \n      <div class=\"item-row\">\n        <div class=\"item-title\">Logo du Conseil Sup\u00e9rieur de l&rsquo;\u00c9ducation, de la Formation et de la Recherche Scientifique<\/div>\n        \n        \n          <a href=\"https:\/\/csefrs.lifemoz.com\/wp-content\/uploads\/2017\/12\/Logo-CSEFRS.eps_.zip\" class=\"download-btn\">\n            <span>T\u00c9L\u00c9CHARGER LE<br>FICHIER<\/span>\n          <\/a>\n        \n      <\/div>\n    \n      <div class=\"item-row\">\n        <div class=\"item-title\">Pr\u00e9sentation du Conseil Sup\u00e9rieur de l&rsquo;\u00c9ducation, de la Formation et de la Recherche Scientifique<\/div>\n        \n        \n          <a href=\"https:\/\/csefrs.lifemoz.com\/wp-content\/uploads\/2017\/12\/Pre\u0301sentation-CSEFRS.pdf\" class=\"download-btn\">\n            <span>T\u00c9L\u00c9CHARGER LE<br>FICHIER<\/span>\n          <\/a>\n        \n      <\/div>\n    \n      <div class=\"item-row\">\n        <div class=\"item-title\">Pr\u00e9sentation de la Vision Strat\u00e9gique de la r\u00e9forme 2015-2030<\/div>\n        \n        \n          <a href=\"https:\/\/csefrs.lifemoz.com\/wp-content\/uploads\/2017\/12\/presentation-vision-strate\u0301gique.pdf\" class=\"download-btn\">\n            <span>T\u00c9L\u00c9CHARGER LE<br>FICHIER<\/span>\n          <\/a>\n        \n      <\/div>\n    \n      <div class=\"item-row\">\n        <div class=\"item-title\">Loi n \u00b0 105.12 relative au Conseil sup\u00e9rieur de l\u2019\u00e9ducation, de la formation et de la recherche scientifique<\/div>\n        \n        \n          <a href=\"https:\/\/csefrs.lifemoz.com\/wp-content\/uploads\/2017\/10\/CSE-DAHIR-FR-WEB.pdf\" class=\"download-btn\">\n            <span>T\u00c9L\u00c9CHARGER LE<br>FICHIER<\/span>\n          <\/a>\n        \n      <\/div>\n    \n  <\/div>\n  \n  \n  \n<\/div>[\/vc_column_text][\/vc_column][\/vc_row]<\/p>\n<\/div>","protected":false},"excerpt":{"rendered":"<p>[vc_row content_placement=\u00a0\u00bbmiddle\u00a0\u00bb el_class=\u00a0\u00bbbg-sec\u00a0\u00bb][vc_column][vc_column_text css=\u00a0\u00bb\u00a0\u00bb] Kit de presse [\/vc_column_text][\/vc_column][\/vc_row][vc_row css=\u00a0\u00bb.vc_custom_1773055288996{margin-bottom: 50px !important;}\u00a0\u00bb][vc_column width=\u00a0\u00bb1\/3&Prime;][vc_widget_sidebar show_bg=\u00a0\u00bbfalse\u00a0\u00bb sidebar_id=\u00a0\u00bbzone-widget-kit-presse\u00a0\u00bb el_class=\u00a0\u00bbrtlcst\u00a0\u00bb][\/vc_column][vc_column width=\u00a0\u00bb2\/3&Prime;][vc_column_text] Phototh\u00e8que T\u00c9L\u00c9CHARGER LEFICHIER Vid\u00e9oth\u00e8que T\u00c9L\u00c9CHARGER LEFICHIER Logo du Conseil Sup\u00e9rieur de l&rsquo;\u00c9ducation, de la Formation et de la Recherche Scientifique T\u00c9L\u00c9CHARGER LEFICHIER Pr\u00e9sentation du Conseil Sup\u00e9rieur de l&rsquo;\u00c9ducation, de la Formation et de la Recherche Scientifique T\u00c9L\u00c9CHARGER LEFICHIER Pr\u00e9sentation&hellip;<\/p>\n","protected":false},"author":697,"featured_media":0,"parent":0,"menu_order":0,"comment_status":"closed","ping_status":"closed","template":"","meta":{"footnotes":""},"class_list":["post-40529","page","type-page","status-publish","hentry","description-off"],"yoast_head":"<!-- This site is optimized with the Yoast SEO plugin v27.5 - https:\/\/yoast.com\/product\/yoast-seo-wordpress\/ -->\n<title>Kit de presse - Conseil sup\u00e9rieur de l\u2019\u00e9ducation, de la formation et de la recherche scientifique<\/title>\n<meta name=\"robots\" content=\"noindex, follow, max-snippet:-1, max-image-preview:large, max-video-preview:-1\" \/>\n<meta property=\"og:locale\" content=\"fr_FR\" \/>\n<meta property=\"og:type\" content=\"article\" \/>\n<meta property=\"og:title\" content=\"Kit de presse - Conseil sup\u00e9rieur de l\u2019\u00e9ducation, de la formation et de la recherche scientifique\" \/>\n<meta property=\"og:description\" content=\"[vc_row content_placement=\u00a0\u00bbmiddle\u00a0\u00bb el_class=\u00a0\u00bbbg-sec\u00a0\u00bb][vc_column][vc_column_text css=\u00a0\u00bb\u00a0\u00bb] Kit de presse [\/vc_column_text][\/vc_column][\/vc_row][vc_row css=\u00a0\u00bb.vc_custom_1773055288996{margin-bottom: 50px !important;}\u00a0\u00bb][vc_column width=\u00a0\u00bb1\/3&Prime;][vc_widget_sidebar show_bg=\u00a0\u00bbfalse\u00a0\u00bb sidebar_id=\u00a0\u00bbzone-widget-kit-presse\u00a0\u00bb el_class=\u00a0\u00bbrtlcst\u00a0\u00bb][\/vc_column][vc_column width=\u00a0\u00bb2\/3&Prime;][vc_column_text] Phototh\u00e8que T\u00c9L\u00c9CHARGER LEFICHIER Vid\u00e9oth\u00e8que T\u00c9L\u00c9CHARGER LEFICHIER Logo du Conseil Sup\u00e9rieur de l&rsquo;\u00c9ducation, de la Formation et de la Recherche Scientifique T\u00c9L\u00c9CHARGER LEFICHIER Pr\u00e9sentation du Conseil Sup\u00e9rieur de l&rsquo;\u00c9ducation, de la Formation et de la Recherche Scientifique T\u00c9L\u00c9CHARGER LEFICHIER Pr\u00e9sentation&hellip;\" \/>\n<meta property=\"og:url\" content=\"https:\/\/csefrs.lifemoz.com\/fr\/kit-de-presse\/\" \/>\n<meta property=\"og:site_name\" content=\"Conseil sup\u00e9rieur de l\u2019\u00e9ducation, de la formation et de la recherche scientifique\" \/>\n<meta property=\"article:modified_time\" content=\"2026-03-09T11:21:28+00:00\" \/>\n<meta name=\"twitter:card\" content=\"summary_large_image\" \/>\n<script type=\"application\/ld+json\" class=\"yoast-schema-graph\">{\"@context\":\"https:\\\/\\\/schema.org\",\"@graph\":[{\"@type\":\"WebPage\",\"@id\":\"https:\\\/\\\/csefrs.lifemoz.com\\\/fr\\\/kit-de-presse\\\/\",\"url\":\"https:\\\/\\\/csefrs.lifemoz.com\\\/fr\\\/kit-de-presse\\\/\",\"name\":\"Kit de presse - Conseil sup\u00e9rieur de l\u2019\u00e9ducation, de la formation et de la recherche scientifique\",\"isPartOf\":{\"@id\":\"https:\\\/\\\/csefrs.lifemoz.com\\\/#website\"},\"datePublished\":\"2026-02-18T15:17:19+00:00\",\"dateModified\":\"2026-03-09T11:21:28+00:00\",\"breadcrumb\":{\"@id\":\"https:\\\/\\\/csefrs.lifemoz.com\\\/fr\\\/kit-de-presse\\\/#breadcrumb\"},\"inLanguage\":\"fr-FR\",\"potentialAction\":[{\"@type\":\"ReadAction\",\"target\":[\"https:\\\/\\\/csefrs.lifemoz.com\\\/fr\\\/kit-de-presse\\\/\"]}]},{\"@type\":\"BreadcrumbList\",\"@id\":\"https:\\\/\\\/csefrs.lifemoz.com\\\/fr\\\/kit-de-presse\\\/#breadcrumb\",\"itemListElement\":[{\"@type\":\"ListItem\",\"position\":1,\"name\":\"Accueil\",\"item\":\"https:\\\/\\\/csefrs.lifemoz.com\\\/fr\\\/\"},{\"@type\":\"ListItem\",\"position\":2,\"name\":\"Kit de presse\"}]},{\"@type\":\"WebSite\",\"@id\":\"https:\\\/\\\/csefrs.lifemoz.com\\\/#website\",\"url\":\"https:\\\/\\\/csefrs.lifemoz.com\\\/\",\"name\":\"Conseil sup\u00e9rieur de l\u2019\u00e9ducation, de la formation et de la recherche scientifique\",\"description\":\"\",\"potentialAction\":[{\"@type\":\"SearchAction\",\"target\":{\"@type\":\"EntryPoint\",\"urlTemplate\":\"https:\\\/\\\/csefrs.lifemoz.com\\\/?s={search_term_string}\"},\"query-input\":{\"@type\":\"PropertyValueSpecification\",\"valueRequired\":true,\"valueName\":\"search_term_string\"}}],\"inLanguage\":\"fr-FR\"}]}<\/script>\n<!-- \/ Yoast SEO plugin. -->","yoast_head_json":{"title":"Kit de presse - Conseil sup\u00e9rieur de l\u2019\u00e9ducation, de la formation et de la recherche scientifique","robots":{"index":"noindex","follow":"follow","max-snippet":"max-snippet:-1","max-image-preview":"max-image-preview:large","max-video-preview":"max-video-preview:-1"},"og_locale":"fr_FR","og_type":"article","og_title":"Kit de presse - Conseil sup\u00e9rieur de l\u2019\u00e9ducation, de la formation et de la recherche scientifique","og_description":"[vc_row content_placement=\u00a0\u00bbmiddle\u00a0\u00bb el_class=\u00a0\u00bbbg-sec\u00a0\u00bb][vc_column][vc_column_text css=\u00a0\u00bb\u00a0\u00bb] Kit de presse [\/vc_column_text][\/vc_column][\/vc_row][vc_row css=\u00a0\u00bb.vc_custom_1773055288996{margin-bottom: 50px !important;}\u00a0\u00bb][vc_column width=\u00a0\u00bb1\/3&Prime;][vc_widget_sidebar show_bg=\u00a0\u00bbfalse\u00a0\u00bb sidebar_id=\u00a0\u00bbzone-widget-kit-presse\u00a0\u00bb el_class=\u00a0\u00bbrtlcst\u00a0\u00bb][\/vc_column][vc_column width=\u00a0\u00bb2\/3&Prime;][vc_column_text] Phototh\u00e8que T\u00c9L\u00c9CHARGER LEFICHIER Vid\u00e9oth\u00e8que T\u00c9L\u00c9CHARGER LEFICHIER Logo du Conseil Sup\u00e9rieur de l&rsquo;\u00c9ducation, de la Formation et de la Recherche Scientifique T\u00c9L\u00c9CHARGER LEFICHIER Pr\u00e9sentation du Conseil Sup\u00e9rieur de l&rsquo;\u00c9ducation, de la Formation et de la Recherche Scientifique T\u00c9L\u00c9CHARGER LEFICHIER Pr\u00e9sentation&hellip;","og_url":"https:\/\/csefrs.lifemoz.com\/fr\/kit-de-presse\/","og_site_name":"Conseil sup\u00e9rieur de l\u2019\u00e9ducation, de la formation et de la recherche scientifique","article_modified_time":"2026-03-09T11:21:28+00:00","twitter_card":"summary_large_image","schema":{"@context":"https:\/\/schema.org","@graph":[{"@type":"WebPage","@id":"https:\/\/csefrs.lifemoz.com\/fr\/kit-de-presse\/","url":"https:\/\/csefrs.lifemoz.com\/fr\/kit-de-presse\/","name":"Kit de presse - Conseil sup\u00e9rieur de l\u2019\u00e9ducation, de la formation et de la recherche scientifique","isPartOf":{"@id":"https:\/\/csefrs.lifemoz.com\/#website"},"datePublished":"2026-02-18T15:17:19+00:00","dateModified":"2026-03-09T11:21:28+00:00","breadcrumb":{"@id":"https:\/\/csefrs.lifemoz.com\/fr\/kit-de-presse\/#breadcrumb"},"inLanguage":"fr-FR","potentialAction":[{"@type":"ReadAction","target":["https:\/\/csefrs.lifemoz.com\/fr\/kit-de-presse\/"]}]},{"@type":"BreadcrumbList","@id":"https:\/\/csefrs.lifemoz.com\/fr\/kit-de-presse\/#breadcrumb","itemListElement":[{"@type":"ListItem","position":1,"name":"Accueil","item":"https:\/\/csefrs.lifemoz.com\/fr\/"},{"@type":"ListItem","position":2,"name":"Kit de presse"}]},{"@type":"WebSite","@id":"https:\/\/csefrs.lifemoz.com\/#website","url":"https:\/\/csefrs.lifemoz.com\/","name":"Conseil sup\u00e9rieur de l\u2019\u00e9ducation, de la formation et de la recherche scientifique","description":"","potentialAction":[{"@type":"SearchAction","target":{"@type":"EntryPoint","urlTemplate":"https:\/\/csefrs.lifemoz.com\/?s={search_term_string}"},"query-input":{"@type":"PropertyValueSpecification","valueRequired":true,"valueName":"search_term_string"}}],"inLanguage":"fr-FR"}]}},"_links":{"self":[{"href":"https:\/\/csefrs.lifemoz.com\/fr\/wp-json\/wp\/v2\/pages\/40529","targetHints":{"allow":["GET"]}}],"collection":[{"href":"https:\/\/csefrs.lifemoz.com\/fr\/wp-json\/wp\/v2\/pages"}],"about":[{"href":"https:\/\/csefrs.lifemoz.com\/fr\/wp-json\/wp\/v2\/types\/page"}],"author":[{"embeddable":true,"href":"https:\/\/csefrs.lifemoz.com\/fr\/wp-json\/wp\/v2\/users\/697"}],"replies":[{"embeddable":true,"href":"https:\/\/csefrs.lifemoz.com\/fr\/wp-json\/wp\/v2\/comments?post=40529"}],"version-history":[{"count":2,"href":"https:\/\/csefrs.lifemoz.com\/fr\/wp-json\/wp\/v2\/pages\/40529\/revisions"}],"predecessor-version":[{"id":40975,"href":"https:\/\/csefrs.lifemoz.com\/fr\/wp-json\/wp\/v2\/pages\/40529\/revisions\/40975"}],"wp:attachment":[{"href":"https:\/\/csefrs.lifemoz.com\/fr\/wp-json\/wp\/v2\/media?parent=40529"}],"curies":[{"name":"wp","href":"https:\/\/api.w.org\/{rel}","templated":true}]}}