{"id":40401,"date":"2026-02-23T14:54:03","date_gmt":"2026-02-23T14:54:03","guid":{"rendered":"https:\/\/csefrs.lifemoz.com\/centre-de-documentation-de-publication-et-de-traduction\/%d8%a7%d9%84%d8%ae%d8%af%d9%85%d8%a7%d8%aa\/"},"modified":"2026-04-08T16:45:54","modified_gmt":"2026-04-08T15:45:54","slug":"services","status":"publish","type":"page","link":"https:\/\/csefrs.lifemoz.com\/fr\/centre-de-documentation-de-publication-et-de-traduction\/services\/","title":{"rendered":"Services"},"content":{"rendered":"<div class=\"wpb-content-wrapper\"><p>[vc_row content_placement=\u00a0\u00bbmiddle\u00a0\u00bb type=\u00a0\u00bbvc_default\u00a0\u00bb el_class=\u00a0\u00bbbg-sec\u00a0\u00bb][vc_column][vc_column_text css=\u00a0\u00bb\u00a0\u00bb]<\/p>\n<h1 class=\"heading-conseil\" style=\"text-align: center;\"><strong>Services<\/strong><\/h1>\n<p>[\/vc_column_text][\/vc_column][\/vc_row][vc_row bg_type=\u00a0\u00bbbg_color\u00a0\u00bb bg_override=\u00a0\u00bbex-full\u00a0\u00bb bg_color_value=\u00a0\u00bb#F6F7F9&Prime; css=\u00a0\u00bb.vc_custom_1771857144806{margin-right: 0px !important;margin-left: 0px !important;}\u00a0\u00bb][vc_column][vc_wp_custommenu nav_menu=\u00a0\u00bb283&Prime;][\/vc_column][\/vc_row][vc_row][vc_column][vc_empty_space][vc_row_inner gap=\u00a0\u00bb35&Prime;][vc_column_inner width=\u00a0\u00bb1\/2&Prime; css=\u00a0\u00bb.vc_custom_1773141085906{margin-right: 50px !important;border-top-width: 2px !important;border-right-width: 2px !important;border-bottom-width: 2px !important;border-left-width: 2px !important;padding-top: 30px !important;padding-right: 30px !important;padding-bottom: 30px !important;padding-left: 30px !important;background-color: #EEECEC !important;border-left-style: solid !important;border-right-style: solid !important;border-top-style: solid !important;border-bottom-style: solid !important;border-color: #ADADAD !important;}\u00a0\u00bb][vc_column_text css=\u00a0\u00bb\u00a0\u00bb]<\/p>\n<h2 style=\"text-align: left; color: #bb1a25;\">Pour visiter le centre de documentation :<\/h2>\n<p>[\/vc_column_text][vc_column_text css=\u00a0\u00bb\u00a0\u00bb]<\/p>\n<p style=\"text-align: left;\"><b style=\"text-align: left; color: #a11357;\">Conditions d&rsquo;acc\u00e8s<\/b><\/p>\n<p style=\"text-align: left;\"><span style=\"font-weight: 400;\">Le Centre de Documentation ouvre ses portes \u00e0 deux cat\u00e9gories d&rsquo;utilisateurs :<\/span><\/p>\n<ul>\n<li style=\"font-weight: 400; text-align: left;\" aria-level=\"1\"><b>Utilisateurs internes :<\/b><span style=\"font-weight: 400;\">membres et personnel du Conseil ;<\/span><\/li>\n<li style=\"font-weight: 400; text-align: left;\" aria-level=\"1\"><b>Utilisateurs externes<\/b><span style=\"font-weight: 400;\">\u00a0:<\/span><\/li>\n<li style=\"font-weight: 400; text-align: left;\" aria-level=\"1\"><span style=\"font-weight: 400;\">Les enseignants et formateurs, les cadres \u00e9ducatifs et les cadres des d\u00e9partements minist\u00e9riels charg\u00e9s de l\u2019\u00e9ducation, de la formation et de la recherche scientifique (sur pr\u00e9sentation d\u2019une carte professionnelle) ;<br \/>\n<\/span><\/li>\n<li style=\"font-weight: 400; text-align: left;\" aria-level=\"1\"><span style=\"font-weight: 400;\">Les \u00e9tudiants des \u00e9tablissements de formation aux m\u00e9tiers de l\u2019\u00e9ducation et de la formation, des \u00c9coles Normales Sup\u00e9rieures, de la Facult\u00e9 des sciences de l\u2019\u00e9ducation (sur pr\u00e9sentation de la carte d\u2019\u00e9tudiant) ;<\/span><\/li>\n<li style=\"font-weight: 400; text-align: left;\" aria-level=\"1\"><span style=\"font-weight: 400;\">Les doctorants des diff\u00e9rentes universit\u00e9s marocaines (sur pr\u00e9sentation de la carte d\u2019\u00e9tudiant).<br \/>\n<\/span><\/li>\n<\/ul>\n<p>[\/vc_column_text][vc_column_text css=\u00a0\u00bb\u00a0\u00bb]<\/p>\n<p style=\"text-align: left;\"><b style=\"text-align: left; color: #a11357;\">Horaires d&rsquo;acc\u00e8s<\/b><\/p>\n<ul>\n<li style=\"font-weight: 400; text-align: left;\" aria-level=\"1\"><b>Pour les membres du Conseil : tous les jours, <\/b><span style=\"font-weight: 400;\">de 9h00 \u00e0 16h30.<\/span><\/li>\n<li style=\"font-weight: 400; text-align: left;\" aria-level=\"1\"><b>Pour les utilisateurs externes : sur rendez-vous les mardis et jeudis<\/b><span style=\"font-weight: 400;\">, de 9h30 \u00e0 16h00 (dans la limite des places disponibles).<\/span><\/li>\n<\/ul>\n<p>[\/vc_column_text][\/vc_column_inner][vc_column_inner width=\u00a0\u00bb1\/2&Prime;][vc_column_text css=\u00a0\u00bb\u00a0\u00bb]<\/p>\n<h2 style=\"text-align: left; color: #bb1a25;\">Services et prestations au profit de toutes les cat\u00e9gories<\/h2>\n<p>[\/vc_column_text][vc_column_text css=\u00a0\u00bb\u00a0\u00bb]<\/p>\n<ul>\n<li style=\"text-align: left;\"><span style=\"font-weight: 400;\">Consultation sur place :<\/span><\/li>\n<li style=\"font-weight: 400; text-align: left;\" aria-level=\"1\"><span style=\"font-weight: 400;\">du fonds documentaire disponible en acc\u00e8s libre ;<br \/>\n<\/span><\/li>\n<li style=\"font-weight: 400; text-align: left;\" aria-level=\"1\"><span style=\"font-weight: 400;\">des journaux et magazines ;<\/span><\/li>\n<li style=\"font-weight: 400; text-align: left;\" aria-level=\"1\"><span style=\"font-weight: 400;\">des bases de donn\u00e9es et ressources documentaires en ligne ;<\/span><\/li>\n<li style=\"font-weight: 400; text-align: left;\" aria-level=\"1\"><span style=\"font-weight: 400;\">Aide \u00e0 l\u2019utilisation des outils de recherche mis en place.<\/span><\/li>\n<\/ul>\n<p>[\/vc_column_text][vc_column_text css=\u00a0\u00bb\u00a0\u00bb]<\/p>\n<h2 style=\"text-align: left; color: #bb1a25;\">Services et prestations au profit des membres et du personnel du Conseil :<\/h2>\n<p>[\/vc_column_text][vc_column_text css=\u00a0\u00bb\u00a0\u00bb]<\/p>\n<ul>\n<li style=\"font-weight: 400; text-align: left;\" aria-level=\"1\"><span style=\"font-weight: 400;\">Recherche documentaire et compilation de dossiers documentaires \u00e0 la demande ;<\/span><\/li>\n<li style=\"text-align: left;\" aria-level=\"1\"><span style=\"font-weight: 400;\">Pr\u00eat et R\u00e9servation des documents ;<\/span><\/li>\n<li style=\"font-weight: 400; text-align: left;\" aria-level=\"1\"><span style=\"font-weight: 400;\">Recueil des suggestions d\u2019acquisition et d\u2019abonnements ;<\/span><\/li>\n<li style=\"font-weight: 400; text-align: left;\" aria-level=\"1\"><span style=\"font-weight: 400;\">Consultation sur place :<\/span><\/li>\n<li style=\"text-align: left;\" aria-level=\"1\"><span style=\"font-weight: 400;\">du fonds documentaire disponible en acc\u00e8s libre ;<\/span><\/li>\n<li style=\"text-align: left;\" aria-level=\"1\"><span style=\"font-weight: 400;\">des journaux et magazines ;<\/span><\/li>\n<li style=\"text-align: left;\" aria-level=\"1\"><span style=\"font-weight: 400;\">des bases de donn\u00e9es et ressources documentaires en ligne ;<\/span><\/li>\n<li style=\"text-align: left;\" aria-level=\"1\"><span style=\"font-weight: 400;\">Aide \u00e0 l\u2019utilisation des outils de recherche mis en place.<\/span><\/li>\n<\/ul>\n<p>[\/vc_column_text][\/vc_column_inner][\/vc_row_inner][vc_empty_space][vc_btn title=\u00a0\u00bbCliquez ici pour prendre rendez-vous pour visiter le Centre\u00a0\u00bb align=\u00a0\u00bbcenter\u00a0\u00bb css=\u00a0\u00bb\u00a0\u00bb link=\u00a0\u00bburl:%23&Prime; el_class=\u00a0\u00bbbtn-visiter-centre\u00a0\u00bb][\/vc_column][\/vc_row]<\/p>\n<\/div>","protected":false},"excerpt":{"rendered":"<p>[vc_row content_placement=\u00a0\u00bbmiddle\u00a0\u00bb type=\u00a0\u00bbvc_default\u00a0\u00bb el_class=\u00a0\u00bbbg-sec\u00a0\u00bb][vc_column][vc_column_text css=\u00a0\u00bb\u00a0\u00bb] Services [\/vc_column_text][\/vc_column][\/vc_row][vc_row bg_type=\u00a0\u00bbbg_color\u00a0\u00bb bg_override=\u00a0\u00bbex-full\u00a0\u00bb bg_color_value=\u00a0\u00bb#F6F7F9&Prime; css=\u00a0\u00bb.vc_custom_1771857144806{margin-right: 0px !important;margin-left: 0px !important;}\u00a0\u00bb][vc_column][vc_wp_custommenu nav_menu=\u00a0\u00bb283&Prime;][\/vc_column][\/vc_row][vc_row][vc_column][vc_empty_space][vc_row_inner gap=\u00a0\u00bb35&Prime;][vc_column_inner width=\u00a0\u00bb1\/2&Prime; css=\u00a0\u00bb.vc_custom_1773141085906{margin-right: 50px !important;border-top-width: 2px !important;border-right-width: 2px !important;border-bottom-width: 2px !important;border-left-width: 2px !important;padding-top: 30px !important;padding-right: 30px !important;padding-bottom: 30px !important;padding-left: 30px !important;background-color: #EEECEC !important;border-left-style: solid !important;border-right-style: solid !important;border-top-style: solid !important;border-bottom-style: solid !important;border-color: #ADADAD !important;}\u00a0\u00bb][vc_column_text css=\u00a0\u00bb\u00a0\u00bb] Pour visiter le centre de&hellip;<\/p>\n","protected":false},"author":696,"featured_media":0,"parent":39600,"menu_order":0,"comment_status":"closed","ping_status":"closed","template":"","meta":{"footnotes":""},"class_list":["post-40401","page","type-page","status-publish","hentry","description-off"],"yoast_head":"<!-- This site is optimized with the Yoast SEO plugin v27.5 - https:\/\/yoast.com\/product\/yoast-seo-wordpress\/ -->\n<title>Services - Conseil sup\u00e9rieur de l\u2019\u00e9ducation, de la formation et de la recherche scientifique<\/title>\n<meta name=\"robots\" content=\"noindex, follow, max-snippet:-1, max-image-preview:large, max-video-preview:-1\" \/>\n<meta property=\"og:locale\" content=\"fr_FR\" \/>\n<meta property=\"og:type\" content=\"article\" \/>\n<meta property=\"og:title\" content=\"Services - Conseil sup\u00e9rieur de l\u2019\u00e9ducation, de la formation et de la recherche scientifique\" \/>\n<meta property=\"og:description\" content=\"[vc_row content_placement=\u00a0\u00bbmiddle\u00a0\u00bb type=\u00a0\u00bbvc_default\u00a0\u00bb el_class=\u00a0\u00bbbg-sec\u00a0\u00bb][vc_column][vc_column_text css=\u00a0\u00bb\u00a0\u00bb] Services [\/vc_column_text][\/vc_column][\/vc_row][vc_row bg_type=\u00a0\u00bbbg_color\u00a0\u00bb bg_override=\u00a0\u00bbex-full\u00a0\u00bb bg_color_value=\u00a0\u00bb#F6F7F9&Prime; css=\u00a0\u00bb.vc_custom_1771857144806{margin-right: 0px !important;margin-left: 0px !important;}\u00a0\u00bb][vc_column][vc_wp_custommenu nav_menu=\u00a0\u00bb283&Prime;][\/vc_column][\/vc_row][vc_row][vc_column][vc_empty_space][vc_row_inner gap=\u00a0\u00bb35&Prime;][vc_column_inner width=\u00a0\u00bb1\/2&Prime; css=\u00a0\u00bb.vc_custom_1773141085906{margin-right: 50px !important;border-top-width: 2px !important;border-right-width: 2px !important;border-bottom-width: 2px !important;border-left-width: 2px !important;padding-top: 30px !important;padding-right: 30px !important;padding-bottom: 30px !important;padding-left: 30px !important;background-color: #EEECEC !important;border-left-style: solid !important;border-right-style: solid !important;border-top-style: solid !important;border-bottom-style: solid !important;border-color: #ADADAD !important;}\u00a0\u00bb][vc_column_text css=\u00a0\u00bb\u00a0\u00bb] Pour visiter le centre de&hellip;\" \/>\n<meta property=\"og:url\" content=\"https:\/\/csefrs.lifemoz.com\/\u0645\u0631\u0643\u0632-\u0627\u0644\u062a\u0648\u062b\u064a\u0642-\u0648\u0627\u0644\u0646\u0634\u0631-\u0648\u0627\u0644\u062a\u0631\u062c\u0645\u0629\/\u0627\u0644\u062e\u062f\u0645\u0627\u062a\/\" \/>\n<meta property=\"og:site_name\" content=\"Conseil sup\u00e9rieur de l\u2019\u00e9ducation, de la formation et de la recherche scientifique\" \/>\n<meta property=\"article:modified_time\" content=\"2026-04-08T15:45:54+00:00\" \/>\n<meta name=\"twitter:card\" content=\"summary_large_image\" \/>\n<meta name=\"twitter:label1\" content=\"Dur\u00e9e de lecture estim\u00e9e\" \/>\n\t<meta name=\"twitter:data1\" content=\"2 minutes\" \/>\n<script type=\"application\/ld+json\" class=\"yoast-schema-graph\">{\"@context\":\"https:\\\/\\\/schema.org\",\"@graph\":[{\"@type\":\"WebPage\",\"@id\":\"https:\\\/\\\/csefrs.lifemoz.com\\\/%d9%85%d8%b1%d9%83%d8%b2-%d8%a7%d9%84%d8%aa%d9%88%d8%ab%d9%8a%d9%82-%d9%88%d8%a7%d9%84%d9%86%d8%b4%d8%b1-%d9%88%d8%a7%d9%84%d8%aa%d8%b1%d8%ac%d9%85%d8%a9\\\/%d8%a7%d9%84%d8%ae%d8%af%d9%85%d8%a7%d8%aa\\\/\",\"url\":\"https:\\\/\\\/csefrs.lifemoz.com\\\/%d9%85%d8%b1%d9%83%d8%b2-%d8%a7%d9%84%d8%aa%d9%88%d8%ab%d9%8a%d9%82-%d9%88%d8%a7%d9%84%d9%86%d8%b4%d8%b1-%d9%88%d8%a7%d9%84%d8%aa%d8%b1%d8%ac%d9%85%d8%a9\\\/%d8%a7%d9%84%d8%ae%d8%af%d9%85%d8%a7%d8%aa\\\/\",\"name\":\"Services - Conseil sup\u00e9rieur de l\u2019\u00e9ducation, de la formation et de la recherche scientifique\",\"isPartOf\":{\"@id\":\"https:\\\/\\\/csefrs.lifemoz.com\\\/#website\"},\"datePublished\":\"2026-02-23T14:54:03+00:00\",\"dateModified\":\"2026-04-08T15:45:54+00:00\",\"breadcrumb\":{\"@id\":\"https:\\\/\\\/csefrs.lifemoz.com\\\/%d9%85%d8%b1%d9%83%d8%b2-%d8%a7%d9%84%d8%aa%d9%88%d8%ab%d9%8a%d9%82-%d9%88%d8%a7%d9%84%d9%86%d8%b4%d8%b1-%d9%88%d8%a7%d9%84%d8%aa%d8%b1%d8%ac%d9%85%d8%a9\\\/%d8%a7%d9%84%d8%ae%d8%af%d9%85%d8%a7%d8%aa\\\/#breadcrumb\"},\"inLanguage\":\"fr-FR\",\"potentialAction\":[{\"@type\":\"ReadAction\",\"target\":[\"https:\\\/\\\/csefrs.lifemoz.com\\\/%d9%85%d8%b1%d9%83%d8%b2-%d8%a7%d9%84%d8%aa%d9%88%d8%ab%d9%8a%d9%82-%d9%88%d8%a7%d9%84%d9%86%d8%b4%d8%b1-%d9%88%d8%a7%d9%84%d8%aa%d8%b1%d8%ac%d9%85%d8%a9\\\/%d8%a7%d9%84%d8%ae%d8%af%d9%85%d8%a7%d8%aa\\\/\"]}]},{\"@type\":\"BreadcrumbList\",\"@id\":\"https:\\\/\\\/csefrs.lifemoz.com\\\/%d9%85%d8%b1%d9%83%d8%b2-%d8%a7%d9%84%d8%aa%d9%88%d8%ab%d9%8a%d9%82-%d9%88%d8%a7%d9%84%d9%86%d8%b4%d8%b1-%d9%88%d8%a7%d9%84%d8%aa%d8%b1%d8%ac%d9%85%d8%a9\\\/%d8%a7%d9%84%d8%ae%d8%af%d9%85%d8%a7%d8%aa\\\/#breadcrumb\",\"itemListElement\":[{\"@type\":\"ListItem\",\"position\":1,\"name\":\"Accueil\",\"item\":\"https:\\\/\\\/csefrs.lifemoz.com\\\/fr\\\/\"},{\"@type\":\"ListItem\",\"position\":2,\"name\":\"Centre de documentation, de publication et de traduction\",\"item\":\"https:\\\/\\\/csefrs.lifemoz.com\\\/fr\\\/centre-de-documentation-de-publication-et-de-traduction\\\/\"},{\"@type\":\"ListItem\",\"position\":3,\"name\":\"Services\"}]},{\"@type\":\"WebSite\",\"@id\":\"https:\\\/\\\/csefrs.lifemoz.com\\\/#website\",\"url\":\"https:\\\/\\\/csefrs.lifemoz.com\\\/\",\"name\":\"Conseil sup\u00e9rieur de l\u2019\u00e9ducation, de la formation et de la recherche scientifique\",\"description\":\"\",\"potentialAction\":[{\"@type\":\"SearchAction\",\"target\":{\"@type\":\"EntryPoint\",\"urlTemplate\":\"https:\\\/\\\/csefrs.lifemoz.com\\\/?s={search_term_string}\"},\"query-input\":{\"@type\":\"PropertyValueSpecification\",\"valueRequired\":true,\"valueName\":\"search_term_string\"}}],\"inLanguage\":\"fr-FR\"}]}<\/script>\n<!-- \/ Yoast SEO plugin. -->","yoast_head_json":{"title":"Services - Conseil sup\u00e9rieur de l\u2019\u00e9ducation, de la formation et de la recherche scientifique","robots":{"index":"noindex","follow":"follow","max-snippet":"max-snippet:-1","max-image-preview":"max-image-preview:large","max-video-preview":"max-video-preview:-1"},"og_locale":"fr_FR","og_type":"article","og_title":"Services - Conseil sup\u00e9rieur de l\u2019\u00e9ducation, de la formation et de la recherche scientifique","og_description":"[vc_row content_placement=\u00a0\u00bbmiddle\u00a0\u00bb type=\u00a0\u00bbvc_default\u00a0\u00bb el_class=\u00a0\u00bbbg-sec\u00a0\u00bb][vc_column][vc_column_text css=\u00a0\u00bb\u00a0\u00bb] Services [\/vc_column_text][\/vc_column][\/vc_row][vc_row bg_type=\u00a0\u00bbbg_color\u00a0\u00bb bg_override=\u00a0\u00bbex-full\u00a0\u00bb bg_color_value=\u00a0\u00bb#F6F7F9&Prime; css=\u00a0\u00bb.vc_custom_1771857144806{margin-right: 0px !important;margin-left: 0px !important;}\u00a0\u00bb][vc_column][vc_wp_custommenu nav_menu=\u00a0\u00bb283&Prime;][\/vc_column][\/vc_row][vc_row][vc_column][vc_empty_space][vc_row_inner gap=\u00a0\u00bb35&Prime;][vc_column_inner width=\u00a0\u00bb1\/2&Prime; css=\u00a0\u00bb.vc_custom_1773141085906{margin-right: 50px !important;border-top-width: 2px !important;border-right-width: 2px !important;border-bottom-width: 2px !important;border-left-width: 2px !important;padding-top: 30px !important;padding-right: 30px !important;padding-bottom: 30px !important;padding-left: 30px !important;background-color: #EEECEC !important;border-left-style: solid !important;border-right-style: solid !important;border-top-style: solid !important;border-bottom-style: solid !important;border-color: #ADADAD !important;}\u00a0\u00bb][vc_column_text css=\u00a0\u00bb\u00a0\u00bb] Pour visiter le centre de&hellip;","og_url":"https:\/\/csefrs.lifemoz.com\/\u0645\u0631\u0643\u0632-\u0627\u0644\u062a\u0648\u062b\u064a\u0642-\u0648\u0627\u0644\u0646\u0634\u0631-\u0648\u0627\u0644\u062a\u0631\u062c\u0645\u0629\/\u0627\u0644\u062e\u062f\u0645\u0627\u062a\/","og_site_name":"Conseil sup\u00e9rieur de l\u2019\u00e9ducation, de la formation et de la recherche scientifique","article_modified_time":"2026-04-08T15:45:54+00:00","twitter_card":"summary_large_image","twitter_misc":{"Dur\u00e9e de lecture estim\u00e9e":"2 minutes"},"schema":{"@context":"https:\/\/schema.org","@graph":[{"@type":"WebPage","@id":"https:\/\/csefrs.lifemoz.com\/%d9%85%d8%b1%d9%83%d8%b2-%d8%a7%d9%84%d8%aa%d9%88%d8%ab%d9%8a%d9%82-%d9%88%d8%a7%d9%84%d9%86%d8%b4%d8%b1-%d9%88%d8%a7%d9%84%d8%aa%d8%b1%d8%ac%d9%85%d8%a9\/%d8%a7%d9%84%d8%ae%d8%af%d9%85%d8%a7%d8%aa\/","url":"https:\/\/csefrs.lifemoz.com\/%d9%85%d8%b1%d9%83%d8%b2-%d8%a7%d9%84%d8%aa%d9%88%d8%ab%d9%8a%d9%82-%d9%88%d8%a7%d9%84%d9%86%d8%b4%d8%b1-%d9%88%d8%a7%d9%84%d8%aa%d8%b1%d8%ac%d9%85%d8%a9\/%d8%a7%d9%84%d8%ae%d8%af%d9%85%d8%a7%d8%aa\/","name":"Services - Conseil sup\u00e9rieur de l\u2019\u00e9ducation, de la formation et de la recherche scientifique","isPartOf":{"@id":"https:\/\/csefrs.lifemoz.com\/#website"},"datePublished":"2026-02-23T14:54:03+00:00","dateModified":"2026-04-08T15:45:54+00:00","breadcrumb":{"@id":"https:\/\/csefrs.lifemoz.com\/%d9%85%d8%b1%d9%83%d8%b2-%d8%a7%d9%84%d8%aa%d9%88%d8%ab%d9%8a%d9%82-%d9%88%d8%a7%d9%84%d9%86%d8%b4%d8%b1-%d9%88%d8%a7%d9%84%d8%aa%d8%b1%d8%ac%d9%85%d8%a9\/%d8%a7%d9%84%d8%ae%d8%af%d9%85%d8%a7%d8%aa\/#breadcrumb"},"inLanguage":"fr-FR","potentialAction":[{"@type":"ReadAction","target":["https:\/\/csefrs.lifemoz.com\/%d9%85%d8%b1%d9%83%d8%b2-%d8%a7%d9%84%d8%aa%d9%88%d8%ab%d9%8a%d9%82-%d9%88%d8%a7%d9%84%d9%86%d8%b4%d8%b1-%d9%88%d8%a7%d9%84%d8%aa%d8%b1%d8%ac%d9%85%d8%a9\/%d8%a7%d9%84%d8%ae%d8%af%d9%85%d8%a7%d8%aa\/"]}]},{"@type":"BreadcrumbList","@id":"https:\/\/csefrs.lifemoz.com\/%d9%85%d8%b1%d9%83%d8%b2-%d8%a7%d9%84%d8%aa%d9%88%d8%ab%d9%8a%d9%82-%d9%88%d8%a7%d9%84%d9%86%d8%b4%d8%b1-%d9%88%d8%a7%d9%84%d8%aa%d8%b1%d8%ac%d9%85%d8%a9\/%d8%a7%d9%84%d8%ae%d8%af%d9%85%d8%a7%d8%aa\/#breadcrumb","itemListElement":[{"@type":"ListItem","position":1,"name":"Accueil","item":"https:\/\/csefrs.lifemoz.com\/fr\/"},{"@type":"ListItem","position":2,"name":"Centre de documentation, de publication et de traduction","item":"https:\/\/csefrs.lifemoz.com\/fr\/centre-de-documentation-de-publication-et-de-traduction\/"},{"@type":"ListItem","position":3,"name":"Services"}]},{"@type":"WebSite","@id":"https:\/\/csefrs.lifemoz.com\/#website","url":"https:\/\/csefrs.lifemoz.com\/","name":"Conseil sup\u00e9rieur de l\u2019\u00e9ducation, de la formation et de la recherche scientifique","description":"","potentialAction":[{"@type":"SearchAction","target":{"@type":"EntryPoint","urlTemplate":"https:\/\/csefrs.lifemoz.com\/?s={search_term_string}"},"query-input":{"@type":"PropertyValueSpecification","valueRequired":true,"valueName":"search_term_string"}}],"inLanguage":"fr-FR"}]}},"_links":{"self":[{"href":"https:\/\/csefrs.lifemoz.com\/fr\/wp-json\/wp\/v2\/pages\/40401","targetHints":{"allow":["GET"]}}],"collection":[{"href":"https:\/\/csefrs.lifemoz.com\/fr\/wp-json\/wp\/v2\/pages"}],"about":[{"href":"https:\/\/csefrs.lifemoz.com\/fr\/wp-json\/wp\/v2\/types\/page"}],"author":[{"embeddable":true,"href":"https:\/\/csefrs.lifemoz.com\/fr\/wp-json\/wp\/v2\/users\/696"}],"replies":[{"embeddable":true,"href":"https:\/\/csefrs.lifemoz.com\/fr\/wp-json\/wp\/v2\/comments?post=40401"}],"version-history":[{"count":5,"href":"https:\/\/csefrs.lifemoz.com\/fr\/wp-json\/wp\/v2\/pages\/40401\/revisions"}],"predecessor-version":[{"id":43718,"href":"https:\/\/csefrs.lifemoz.com\/fr\/wp-json\/wp\/v2\/pages\/40401\/revisions\/43718"}],"up":[{"embeddable":true,"href":"https:\/\/csefrs.lifemoz.com\/fr\/wp-json\/wp\/v2\/pages\/39600"}],"wp:attachment":[{"href":"https:\/\/csefrs.lifemoz.com\/fr\/wp-json\/wp\/v2\/media?parent=40401"}],"curies":[{"name":"wp","href":"https:\/\/api.w.org\/{rel}","templated":true}]}}