{"id":40390,"date":"2026-02-23T11:25:33","date_gmt":"2026-02-23T11:25:33","guid":{"rendered":"https:\/\/csefrs.lifemoz.com\/centre-de-documentation-de-publication-et-de-traduction\/%d8%aa%d9%82%d8%af%d9%8a%d9%85\/"},"modified":"2026-04-08T17:16:49","modified_gmt":"2026-04-08T16:16:49","slug":"presentation","status":"publish","type":"page","link":"https:\/\/csefrs.lifemoz.com\/fr\/centre-de-documentation-de-publication-et-de-traduction\/presentation\/","title":{"rendered":"Pr\u00e9sentation"},"content":{"rendered":"<div class=\"wpb-content-wrapper\"><p>[vc_row content_placement=\u00a0\u00bbmiddle\u00a0\u00bb type=\u00a0\u00bbvc_default\u00a0\u00bb el_class=\u00a0\u00bbbg-sec\u00a0\u00bb][vc_column][vc_column_text css=\u00a0\u00bb\u00a0\u00bb]<\/p>\n<h1 class=\"heading-conseil\" style=\"text-align: center;\"><strong>Pr\u00e9sentation<\/strong><\/h1>\n<p>[\/vc_column_text][\/vc_column][\/vc_row][vc_row bg_type=\u00a0\u00bbbg_color\u00a0\u00bb bg_override=\u00a0\u00bbex-full\u00a0\u00bb bg_color_value=\u00a0\u00bb#F6F7F9&Prime; css=\u00a0\u00bb.vc_custom_1771857144806{margin-right: 0px !important;margin-left: 0px !important;}\u00a0\u00bb][vc_column][vc_wp_custommenu nav_menu=\u00a0\u00bb411&Prime;][\/vc_column][\/vc_row][vc_row css=\u00a0\u00bb.vc_custom_1775661992144{padding-top: 45px !important;padding-bottom: 45px !important;}\u00a0\u00bb el_class=\u00a0\u00bbmx-0&Prime;][vc_column][vc_column_text css=\u00a0\u00bb.vc_custom_1775662451854{padding-bottom: 15px !important;}\u00a0\u00bb]<strong>Le centre de documentation, de publication et de traduction<\/strong> est une structure de support documentaire au service des missions du Conseil.<br \/>\nIl se d\u00e9ploie autour de deux activit\u00e9s principales\u00a0:<\/p>\n<ul>\n<li>La mise en place et le d\u00e9veloppement d\u2019un centre de documentation sp\u00e9cialis\u00e9 en \u00e9ducation, formation et recherche scientifique, qui s\u2019attache \u00e0 offrir l\u2019acc\u00e8s aux informations bibliographiques et aux ouvrages, revues, \u00e9tudes et rapports de de r\u00e9f\u00e9rence dans ces domaines ;<\/li>\n<li>La traduction et l\u2019\u00e9dition des travaux et publications du Conseil.<\/li>\n<\/ul>\n<p>[\/vc_column_text][vc_column_text css=\u00a0\u00bb.vc_custom_1775662422426{padding-bottom: 15px !important;}\u00a0\u00bb]<\/p>\n<p style=\"text-align: left;\">Les principales missions du centre consistent en ce qui suit :<\/p>\n<ul>\n<li>Constituer et g\u00e9rer un fonds documentaire sp\u00e9cialis\u00e9 en \u00e9ducation, formation et recherche scientifique, en assurant l\u2019articulation entre ressources documentaires classiques et acc\u00e8s \u00e0 une offre construite de ressources \u00e9lectroniques ;<\/li>\n<li>Faciliter l\u2019acc\u00e8s \u00e0 ce fonds en temps opportun, par tous les moyens disponibles ;<\/li>\n<li>Contribuer \u00e0 la reconstitution de la m\u00e9moire documentaire de l\u2019\u00c9cole marocaine ;<\/li>\n<li>Mettre le fonds documentaire \u00e0 la disposition des chercheurs dans les domaines de l\u2019\u00e9ducation, de la formation et de la recherche scientifique ;<\/li>\n<li>Valoriser et pr\u00e9server les publications du Conseil.<\/li>\n<\/ul>\n<p>[\/vc_column_text][\/vc_column][\/vc_row][vc_row bg_type=\u00a0\u00bbbg_color\u00a0\u00bb bg_override=\u00a0\u00bbex-full\u00a0\u00bb bg_color_value=\u00a0\u00bb#EFEAEA\u00a0\u00bb el_class=\u00a0\u00bbmx-0&Prime; css=\u00a0\u00bb.vc_custom_1775662650537{padding-top: 45px !important;padding-bottom: 45px !important;}\u00a0\u00bb][vc_column][vc_column_text css=\u00a0\u00bb.vc_custom_1775662658352{padding-bottom: 45px !important;}\u00a0\u00bb]<\/p>\n<h2 style=\"color: #bb1a25; text-align: center;\">Le CDPT en chiffres<\/h2>\n<p>[\/vc_column_text][vc_row_inner el_class=\u00a0\u00bbsec-counter\u00a0\u00bb css=\u00a0\u00bb.vc_custom_1775664983840{padding-bottom: 30px !important;}\u00a0\u00bb][vc_column_inner][vc_column_text css=\u00a0\u00bb\u00a0\u00bb]<\/p>\n<p style=\"text-align: center;\"><div class=\"grid\">\n<div class=\"card card-1\" style=\"--offset: 165\">\n    <svg class=\"ring-svg\" viewBox=\"0 0 220 220\">\n      <circle class=\"ring-bg\" cx=\"110\" cy=\"110\" r=\"105\"\/>\n      <circle class=\"ring-fill\" cx=\"110\" cy=\"110\" r=\"105\"\/>\n    <\/svg><\/p>\n<div class=\"inner\">\n<div class=\"label-top\">Capacit\u00e9 pr\u00e9visionnelle<\/div>\n<div class=\"number\" data-target=\"270\" data-suffix=\"\">270<\/div>\n<div class=\"label-bottom\">m\u00e8tres lin\u00e9aires<\/div>\n<div class=\"label-bottom\" style=\"color:#b0748a; font-weight:900; font-size:14px;\">\n            8.100 <span style=\"font-size:10px; color:#8b6070;\">soit un volume<\/span><\/p><\/div><\/div><\/div>\n<div class=\"card card-2\" style=\"--offset: 330\">\n    <svg class=\"ring-svg\" viewBox=\"0 0 220 220\">\n      <circle class=\"ring-bg\" cx=\"110\" cy=\"110\" r=\"105\"\/>\n      <circle class=\"ring-fill\" cx=\"110\" cy=\"110\" r=\"105\"\/>\n    <\/svg><\/p>\n<div class=\"inner\">\n<div class=\"label-top\">Espace de consultation<\/div>\n<div class=\"number\" data-target=\"34\">34<\/div>\n<div class=\"label-bottom\">places assises<\/div><\/div><\/div>\n<div class=\"card card-3\" style=\"--offset: 200\">\n    <svg class=\"ring-svg\" viewBox=\"0 0 220 220\">\n      <circle class=\"ring-bg\" cx=\"110\" cy=\"110\" r=\"105\"\/>\n      <circle class=\"ring-fill\" cx=\"110\" cy=\"110\" r=\"105\"\/>\n    <\/svg><\/p>\n<div class=\"inner\">\n<div class=\"label-top\">Superficie<\/div>\n<div class=\"number\">\n        <span style=\"font-size:28px; color:#9e6b80;\">\u2248<\/span>400\n      <\/div>\n<div class=\"label-bottom\">m2<\/div><\/div><\/div>\n<div class=\"card card-4\" style=\"--offset: 100\">\n    <svg class=\"ring-svg\" viewBox=\"0 0 220 220\">\n      <circle class=\"ring-bg\" cx=\"110\" cy=\"110\" r=\"105\"\/>\n      <circle class=\"ring-fill\" cx=\"110\" cy=\"110\" r=\"105\"\/>\n    <\/svg><\/p>\n<div class=\"inner\">\n    <!--  \n\n<div class=\"label-top\">\u0642\u0627\u0639\u062f\u0629 \u0628\u064a\u0627\u0646\u0627\u062a<br \/>\u0642\u0627\u0646\u0648\u0646\u064a\u0629<\/div>\n\n  --><\/p>\n<div class=\"label-top\">Base de donn\u00e9es<br \/>juridique<\/div>\n<div class=\"number\"><span class=\"prefix\">+<\/span>4.100<\/div>\n<div class=\"label-bottom\">textes<\/div><\/div><\/div>\n<div class=\"card card-5\" style=\"--offset: 440\">\n    <svg class=\"ring-svg\" viewBox=\"0 0 220 220\">\n      <circle class=\"ring-bg\" cx=\"110\" cy=\"110\" r=\"105\"\/>\n      <circle class=\"ring-fill\" cx=\"110\" cy=\"110\" r=\"105\" style=\"stroke:#cc8fa0;\"\/>\n    <\/svg><\/p>\n<div class=\"inner\">\n<div class=\"number\" >6<\/div>\n<p>   <!--   \n\n<div class=\"label-top\">\u0627\u0634\u062a\u0631\u0627\u0643\u0627\u062a<\/div>\n\n\n      \n\n<div class=\"label-bottom\">\u0641\u064a \u0645\u0646\u0635\u0627\u062a \u0648\u062b\u0627\u0626\u0642\u064a\u0629<br \/>\u0625\u0644\u0643\u062a\u0631\u0648\u0646\u064a\u0629<\/div>\n\n --><\/p>\n<div class=\"label-top\">Abonnements<\/div>\n<div class=\"label-bottom\">\u00e0 des plateformes<br \/>documentaires \u00e9lectroniques<\/div><\/div><\/div>\n<div class=\"card card-6\" style=\"--offset: 130\">\n    <svg class=\"ring-svg\" viewBox=\"0 0 220 220\">\n      <circle class=\"ring-bg\" cx=\"110\" cy=\"110\" r=\"105\"\/>\n      <circle class=\"ring-fill\" cx=\"110\" cy=\"110\" r=\"105\"\/>\n    <\/svg><\/p>\n<div class=\"inner\">\n    <!--  \n\n<div class=\"label-top\">\u0645\u062c\u0645\u0648\u0639\u0629 \u0648\u0631\u0642\u064a\u0629<br \/>\u0645\u062a\u062e\u0635\u0635\u0629<\/div>\n\n --><\/p>\n<div class=\"label-top\">Collection papier<br \/>sp\u00e9cialis\u00e9e<\/div>\n<div class=\"sub-labels\">\n<p><span>\u00c9ducation<\/span><\/p>\n<p><span>Formation<\/span><\/p>\n<p><span class=\"domain-label\">Recherche scientifique<\/span>\n    <\/div>\n<div class=\"number\"><span class=\"prefix\">+<\/span>6.000<\/div>\n<div class=\"label-bottom\">documents<\/div><\/div><\/div>\n<\/div>\n<p>[\/vc_column_text][\/vc_column_inner][\/vc_row_inner][\/vc_column][\/vc_row][vc_row css=\u00a0\u00bb.vc_custom_1775662033045{padding-top: 45px !important;padding-bottom: 45px !important;}\u00a0\u00bb][vc_column][vc_column_text css=\u00a0\u00bb.vc_custom_1775662554159{padding-bottom: 45px !important;}\u00a0\u00bb]<\/p>\n<h2 style=\"text-align: left; color: #bb1a25;\">Le Fonds Documentaire<\/h2>\n<p>[\/vc_column_text][vc_row_inner gap=\u00a0\u00bb15&Prime;][vc_column_inner width=\u00a0\u00bb1\/2&Prime;][vc_column_text css=\u00a0\u00bb\u00a0\u00bb]<span style=\"font-weight: 400;\">La collection compte actuellement plus de 6000 documents sur support papier, en plus des abonnements aux plateformes \u00e9lectroniques de revues et d\u2019e-books. Cette collection couvre les principaux domaines suivants :<\/span>[\/vc_column_text][vc_single_image image=\u00a0\u00bb40903&Prime; img_size=\u00a0\u00bb800px X 800px\u00a0\u00bb alignment=\u00a0\u00bbcenter\u00a0\u00bb css=\u00a0\u00bb\u00a0\u00bb][\/vc_column_inner][vc_column_inner width=\u00a0\u00bb1\/2&Prime;][vc_column_text css=\u00a0\u00bb\u00a0\u00bb]<span style=\"font-weight: 400;\">Le fonds documentaire est r\u00e9parti en cinq grandes sections\u00a0:<\/span>[\/vc_column_text][vc_single_image image=\u00a0\u00bb40904&Prime; img_size=\u00a0\u00bb800px X 800px\u00a0\u00bb alignment=\u00a0\u00bbcenter\u00a0\u00bb css=\u00a0\u00bb\u00a0\u00bb el_id=\u00a0\u00bbimg-padd\u00a0\u00bb][\/vc_column_inner][\/vc_row_inner][\/vc_column][\/vc_row]<\/p>\n<\/div>","protected":false},"excerpt":{"rendered":"<p>[vc_row content_placement=\u00a0\u00bbmiddle\u00a0\u00bb type=\u00a0\u00bbvc_default\u00a0\u00bb el_class=\u00a0\u00bbbg-sec\u00a0\u00bb][vc_column][vc_column_text css=\u00a0\u00bb\u00a0\u00bb] Pr\u00e9sentation [\/vc_column_text][\/vc_column][\/vc_row][vc_row bg_type=\u00a0\u00bbbg_color\u00a0\u00bb bg_override=\u00a0\u00bbex-full\u00a0\u00bb bg_color_value=\u00a0\u00bb#F6F7F9&Prime; css=\u00a0\u00bb.vc_custom_1771857144806{margin-right: 0px !important;margin-left: 0px !important;}\u00a0\u00bb][vc_column][vc_wp_custommenu nav_menu=\u00a0\u00bb411&Prime;][\/vc_column][\/vc_row][vc_row css=\u00a0\u00bb.vc_custom_1775661992144{padding-top: 45px !important;padding-bottom: 45px !important;}\u00a0\u00bb el_class=\u00a0\u00bbmx-0&Prime;][vc_column][vc_column_text css=\u00a0\u00bb.vc_custom_1775662451854{padding-bottom: 15px !important;}\u00a0\u00bb]Le centre de documentation, de publication et de traduction est une structure de support documentaire au service des missions du Conseil. Il se d\u00e9ploie autour de deux activit\u00e9s principales\u00a0: La mise&hellip;<\/p>\n","protected":false},"author":696,"featured_media":0,"parent":39600,"menu_order":0,"comment_status":"closed","ping_status":"closed","template":"","meta":{"footnotes":""},"class_list":["post-40390","page","type-page","status-publish","hentry","description-off"],"yoast_head":"<!-- This site is optimized with the Yoast SEO plugin v27.5 - https:\/\/yoast.com\/product\/yoast-seo-wordpress\/ -->\n<title>Pr\u00e9sentation - Conseil sup\u00e9rieur de l\u2019\u00e9ducation, de la formation et de la recherche scientifique<\/title>\n<meta name=\"robots\" content=\"noindex, follow, max-snippet:-1, max-image-preview:large, max-video-preview:-1\" \/>\n<meta property=\"og:locale\" content=\"fr_FR\" \/>\n<meta property=\"og:type\" content=\"article\" \/>\n<meta property=\"og:title\" content=\"Pr\u00e9sentation - Conseil sup\u00e9rieur de l\u2019\u00e9ducation, de la formation et de la recherche scientifique\" \/>\n<meta property=\"og:description\" content=\"[vc_row content_placement=\u00a0\u00bbmiddle\u00a0\u00bb type=\u00a0\u00bbvc_default\u00a0\u00bb el_class=\u00a0\u00bbbg-sec\u00a0\u00bb][vc_column][vc_column_text css=\u00a0\u00bb\u00a0\u00bb] Pr\u00e9sentation [\/vc_column_text][\/vc_column][\/vc_row][vc_row bg_type=\u00a0\u00bbbg_color\u00a0\u00bb bg_override=\u00a0\u00bbex-full\u00a0\u00bb bg_color_value=\u00a0\u00bb#F6F7F9&Prime; css=\u00a0\u00bb.vc_custom_1771857144806{margin-right: 0px !important;margin-left: 0px !important;}\u00a0\u00bb][vc_column][vc_wp_custommenu nav_menu=\u00a0\u00bb411&Prime;][\/vc_column][\/vc_row][vc_row css=\u00a0\u00bb.vc_custom_1775661992144{padding-top: 45px !important;padding-bottom: 45px !important;}\u00a0\u00bb el_class=\u00a0\u00bbmx-0&Prime;][vc_column][vc_column_text css=\u00a0\u00bb.vc_custom_1775662451854{padding-bottom: 15px !important;}\u00a0\u00bb]Le centre de documentation, de publication et de traduction est une structure de support documentaire au service des missions du Conseil. Il se d\u00e9ploie autour de deux activit\u00e9s principales\u00a0: La mise&hellip;\" \/>\n<meta property=\"og:url\" content=\"https:\/\/csefrs.lifemoz.com\/\u0645\u0631\u0643\u0632-\u0627\u0644\u062a\u0648\u062b\u064a\u0642-\u0648\u0627\u0644\u0646\u0634\u0631-\u0648\u0627\u0644\u062a\u0631\u062c\u0645\u0629\/\u062a\u0642\u062f\u064a\u0645\/\" \/>\n<meta property=\"og:site_name\" content=\"Conseil sup\u00e9rieur de l\u2019\u00e9ducation, de la formation et de la recherche scientifique\" \/>\n<meta property=\"article:modified_time\" content=\"2026-04-08T16:16:49+00:00\" \/>\n<meta name=\"twitter:card\" content=\"summary_large_image\" \/>\n<meta name=\"twitter:label1\" content=\"Dur\u00e9e de lecture estim\u00e9e\" \/>\n\t<meta name=\"twitter:data1\" content=\"3 minutes\" \/>\n<script type=\"application\/ld+json\" class=\"yoast-schema-graph\">{\"@context\":\"https:\\\/\\\/schema.org\",\"@graph\":[{\"@type\":\"WebPage\",\"@id\":\"https:\\\/\\\/csefrs.lifemoz.com\\\/%d9%85%d8%b1%d9%83%d8%b2-%d8%a7%d9%84%d8%aa%d9%88%d8%ab%d9%8a%d9%82-%d9%88%d8%a7%d9%84%d9%86%d8%b4%d8%b1-%d9%88%d8%a7%d9%84%d8%aa%d8%b1%d8%ac%d9%85%d8%a9\\\/%d8%aa%d9%82%d8%af%d9%8a%d9%85\\\/\",\"url\":\"https:\\\/\\\/csefrs.lifemoz.com\\\/%d9%85%d8%b1%d9%83%d8%b2-%d8%a7%d9%84%d8%aa%d9%88%d8%ab%d9%8a%d9%82-%d9%88%d8%a7%d9%84%d9%86%d8%b4%d8%b1-%d9%88%d8%a7%d9%84%d8%aa%d8%b1%d8%ac%d9%85%d8%a9\\\/%d8%aa%d9%82%d8%af%d9%8a%d9%85\\\/\",\"name\":\"Pr\u00e9sentation - Conseil sup\u00e9rieur de l\u2019\u00e9ducation, de la formation et de la recherche scientifique\",\"isPartOf\":{\"@id\":\"https:\\\/\\\/csefrs.lifemoz.com\\\/#website\"},\"datePublished\":\"2026-02-23T11:25:33+00:00\",\"dateModified\":\"2026-04-08T16:16:49+00:00\",\"breadcrumb\":{\"@id\":\"https:\\\/\\\/csefrs.lifemoz.com\\\/%d9%85%d8%b1%d9%83%d8%b2-%d8%a7%d9%84%d8%aa%d9%88%d8%ab%d9%8a%d9%82-%d9%88%d8%a7%d9%84%d9%86%d8%b4%d8%b1-%d9%88%d8%a7%d9%84%d8%aa%d8%b1%d8%ac%d9%85%d8%a9\\\/%d8%aa%d9%82%d8%af%d9%8a%d9%85\\\/#breadcrumb\"},\"inLanguage\":\"fr-FR\",\"potentialAction\":[{\"@type\":\"ReadAction\",\"target\":[\"https:\\\/\\\/csefrs.lifemoz.com\\\/%d9%85%d8%b1%d9%83%d8%b2-%d8%a7%d9%84%d8%aa%d9%88%d8%ab%d9%8a%d9%82-%d9%88%d8%a7%d9%84%d9%86%d8%b4%d8%b1-%d9%88%d8%a7%d9%84%d8%aa%d8%b1%d8%ac%d9%85%d8%a9\\\/%d8%aa%d9%82%d8%af%d9%8a%d9%85\\\/\"]}]},{\"@type\":\"BreadcrumbList\",\"@id\":\"https:\\\/\\\/csefrs.lifemoz.com\\\/%d9%85%d8%b1%d9%83%d8%b2-%d8%a7%d9%84%d8%aa%d9%88%d8%ab%d9%8a%d9%82-%d9%88%d8%a7%d9%84%d9%86%d8%b4%d8%b1-%d9%88%d8%a7%d9%84%d8%aa%d8%b1%d8%ac%d9%85%d8%a9\\\/%d8%aa%d9%82%d8%af%d9%8a%d9%85\\\/#breadcrumb\",\"itemListElement\":[{\"@type\":\"ListItem\",\"position\":1,\"name\":\"Accueil\",\"item\":\"https:\\\/\\\/csefrs.lifemoz.com\\\/fr\\\/\"},{\"@type\":\"ListItem\",\"position\":2,\"name\":\"Centre de documentation, de publication et de traduction\",\"item\":\"https:\\\/\\\/csefrs.lifemoz.com\\\/fr\\\/centre-de-documentation-de-publication-et-de-traduction\\\/\"},{\"@type\":\"ListItem\",\"position\":3,\"name\":\"Pr\u00e9sentation\"}]},{\"@type\":\"WebSite\",\"@id\":\"https:\\\/\\\/csefrs.lifemoz.com\\\/#website\",\"url\":\"https:\\\/\\\/csefrs.lifemoz.com\\\/\",\"name\":\"Conseil sup\u00e9rieur de l\u2019\u00e9ducation, de la formation et de la recherche scientifique\",\"description\":\"\",\"potentialAction\":[{\"@type\":\"SearchAction\",\"target\":{\"@type\":\"EntryPoint\",\"urlTemplate\":\"https:\\\/\\\/csefrs.lifemoz.com\\\/?s={search_term_string}\"},\"query-input\":{\"@type\":\"PropertyValueSpecification\",\"valueRequired\":true,\"valueName\":\"search_term_string\"}}],\"inLanguage\":\"fr-FR\"}]}<\/script>\n<!-- \/ Yoast SEO plugin. -->","yoast_head_json":{"title":"Pr\u00e9sentation - Conseil sup\u00e9rieur de l\u2019\u00e9ducation, de la formation et de la recherche scientifique","robots":{"index":"noindex","follow":"follow","max-snippet":"max-snippet:-1","max-image-preview":"max-image-preview:large","max-video-preview":"max-video-preview:-1"},"og_locale":"fr_FR","og_type":"article","og_title":"Pr\u00e9sentation - Conseil sup\u00e9rieur de l\u2019\u00e9ducation, de la formation et de la recherche scientifique","og_description":"[vc_row content_placement=\u00a0\u00bbmiddle\u00a0\u00bb type=\u00a0\u00bbvc_default\u00a0\u00bb el_class=\u00a0\u00bbbg-sec\u00a0\u00bb][vc_column][vc_column_text css=\u00a0\u00bb\u00a0\u00bb] Pr\u00e9sentation [\/vc_column_text][\/vc_column][\/vc_row][vc_row bg_type=\u00a0\u00bbbg_color\u00a0\u00bb bg_override=\u00a0\u00bbex-full\u00a0\u00bb bg_color_value=\u00a0\u00bb#F6F7F9&Prime; css=\u00a0\u00bb.vc_custom_1771857144806{margin-right: 0px !important;margin-left: 0px !important;}\u00a0\u00bb][vc_column][vc_wp_custommenu nav_menu=\u00a0\u00bb411&Prime;][\/vc_column][\/vc_row][vc_row css=\u00a0\u00bb.vc_custom_1775661992144{padding-top: 45px !important;padding-bottom: 45px !important;}\u00a0\u00bb el_class=\u00a0\u00bbmx-0&Prime;][vc_column][vc_column_text css=\u00a0\u00bb.vc_custom_1775662451854{padding-bottom: 15px !important;}\u00a0\u00bb]Le centre de documentation, de publication et de traduction est une structure de support documentaire au service des missions du Conseil. Il se d\u00e9ploie autour de deux activit\u00e9s principales\u00a0: La mise&hellip;","og_url":"https:\/\/csefrs.lifemoz.com\/\u0645\u0631\u0643\u0632-\u0627\u0644\u062a\u0648\u062b\u064a\u0642-\u0648\u0627\u0644\u0646\u0634\u0631-\u0648\u0627\u0644\u062a\u0631\u062c\u0645\u0629\/\u062a\u0642\u062f\u064a\u0645\/","og_site_name":"Conseil sup\u00e9rieur de l\u2019\u00e9ducation, de la formation et de la recherche scientifique","article_modified_time":"2026-04-08T16:16:49+00:00","twitter_card":"summary_large_image","twitter_misc":{"Dur\u00e9e de lecture estim\u00e9e":"3 minutes"},"schema":{"@context":"https:\/\/schema.org","@graph":[{"@type":"WebPage","@id":"https:\/\/csefrs.lifemoz.com\/%d9%85%d8%b1%d9%83%d8%b2-%d8%a7%d9%84%d8%aa%d9%88%d8%ab%d9%8a%d9%82-%d9%88%d8%a7%d9%84%d9%86%d8%b4%d8%b1-%d9%88%d8%a7%d9%84%d8%aa%d8%b1%d8%ac%d9%85%d8%a9\/%d8%aa%d9%82%d8%af%d9%8a%d9%85\/","url":"https:\/\/csefrs.lifemoz.com\/%d9%85%d8%b1%d9%83%d8%b2-%d8%a7%d9%84%d8%aa%d9%88%d8%ab%d9%8a%d9%82-%d9%88%d8%a7%d9%84%d9%86%d8%b4%d8%b1-%d9%88%d8%a7%d9%84%d8%aa%d8%b1%d8%ac%d9%85%d8%a9\/%d8%aa%d9%82%d8%af%d9%8a%d9%85\/","name":"Pr\u00e9sentation - Conseil sup\u00e9rieur de l\u2019\u00e9ducation, de la formation et de la recherche scientifique","isPartOf":{"@id":"https:\/\/csefrs.lifemoz.com\/#website"},"datePublished":"2026-02-23T11:25:33+00:00","dateModified":"2026-04-08T16:16:49+00:00","breadcrumb":{"@id":"https:\/\/csefrs.lifemoz.com\/%d9%85%d8%b1%d9%83%d8%b2-%d8%a7%d9%84%d8%aa%d9%88%d8%ab%d9%8a%d9%82-%d9%88%d8%a7%d9%84%d9%86%d8%b4%d8%b1-%d9%88%d8%a7%d9%84%d8%aa%d8%b1%d8%ac%d9%85%d8%a9\/%d8%aa%d9%82%d8%af%d9%8a%d9%85\/#breadcrumb"},"inLanguage":"fr-FR","potentialAction":[{"@type":"ReadAction","target":["https:\/\/csefrs.lifemoz.com\/%d9%85%d8%b1%d9%83%d8%b2-%d8%a7%d9%84%d8%aa%d9%88%d8%ab%d9%8a%d9%82-%d9%88%d8%a7%d9%84%d9%86%d8%b4%d8%b1-%d9%88%d8%a7%d9%84%d8%aa%d8%b1%d8%ac%d9%85%d8%a9\/%d8%aa%d9%82%d8%af%d9%8a%d9%85\/"]}]},{"@type":"BreadcrumbList","@id":"https:\/\/csefrs.lifemoz.com\/%d9%85%d8%b1%d9%83%d8%b2-%d8%a7%d9%84%d8%aa%d9%88%d8%ab%d9%8a%d9%82-%d9%88%d8%a7%d9%84%d9%86%d8%b4%d8%b1-%d9%88%d8%a7%d9%84%d8%aa%d8%b1%d8%ac%d9%85%d8%a9\/%d8%aa%d9%82%d8%af%d9%8a%d9%85\/#breadcrumb","itemListElement":[{"@type":"ListItem","position":1,"name":"Accueil","item":"https:\/\/csefrs.lifemoz.com\/fr\/"},{"@type":"ListItem","position":2,"name":"Centre de documentation, de publication et de traduction","item":"https:\/\/csefrs.lifemoz.com\/fr\/centre-de-documentation-de-publication-et-de-traduction\/"},{"@type":"ListItem","position":3,"name":"Pr\u00e9sentation"}]},{"@type":"WebSite","@id":"https:\/\/csefrs.lifemoz.com\/#website","url":"https:\/\/csefrs.lifemoz.com\/","name":"Conseil sup\u00e9rieur de l\u2019\u00e9ducation, de la formation et de la recherche scientifique","description":"","potentialAction":[{"@type":"SearchAction","target":{"@type":"EntryPoint","urlTemplate":"https:\/\/csefrs.lifemoz.com\/?s={search_term_string}"},"query-input":{"@type":"PropertyValueSpecification","valueRequired":true,"valueName":"search_term_string"}}],"inLanguage":"fr-FR"}]}},"_links":{"self":[{"href":"https:\/\/csefrs.lifemoz.com\/fr\/wp-json\/wp\/v2\/pages\/40390","targetHints":{"allow":["GET"]}}],"collection":[{"href":"https:\/\/csefrs.lifemoz.com\/fr\/wp-json\/wp\/v2\/pages"}],"about":[{"href":"https:\/\/csefrs.lifemoz.com\/fr\/wp-json\/wp\/v2\/types\/page"}],"author":[{"embeddable":true,"href":"https:\/\/csefrs.lifemoz.com\/fr\/wp-json\/wp\/v2\/users\/696"}],"replies":[{"embeddable":true,"href":"https:\/\/csefrs.lifemoz.com\/fr\/wp-json\/wp\/v2\/comments?post=40390"}],"version-history":[{"count":64,"href":"https:\/\/csefrs.lifemoz.com\/fr\/wp-json\/wp\/v2\/pages\/40390\/revisions"}],"predecessor-version":[{"id":43728,"href":"https:\/\/csefrs.lifemoz.com\/fr\/wp-json\/wp\/v2\/pages\/40390\/revisions\/43728"}],"up":[{"embeddable":true,"href":"https:\/\/csefrs.lifemoz.com\/fr\/wp-json\/wp\/v2\/pages\/39600"}],"wp:attachment":[{"href":"https:\/\/csefrs.lifemoz.com\/fr\/wp-json\/wp\/v2\/media?parent=40390"}],"curies":[{"name":"wp","href":"https:\/\/api.w.org\/{rel}","templated":true}]}}