{"id":40072,"date":"2026-02-13T12:01:56","date_gmt":"2026-02-13T11:01:56","guid":{"rendered":"https:\/\/csefrs.lifemoz.com\/%d8%b7%d9%84%d8%a8%d8%a7%d8%aa-%d8%a7%d9%84%d8%ad%d9%82-%d9%81%d9%8a-%d8%a7%d9%84%d8%ad%d8%b5%d9%88%d9%84-%d8%b9%d9%84%d9%89-%d8%a7%d9%84%d9%85%d8%b9%d9%84%d9%88%d9%85%d8%a9\/"},"modified":"2026-02-20T10:17:04","modified_gmt":"2026-02-20T10:17:04","slug":"demandes-dacces-a-linformation","status":"publish","type":"page","link":"https:\/\/csefrs.lifemoz.com\/fr\/demandes-dacces-a-linformation\/","title":{"rendered":"Demandes d&rsquo;acc\u00e8s \u00e0 l&rsquo;information"},"content":{"rendered":"<div class=\"wpb-content-wrapper\"><p>[vc_row content_placement=\u00a0\u00bbmiddle\u00a0\u00bb type=\u00a0\u00bbvc_default\u00a0\u00bb el_class=\u00a0\u00bbbg-sec\u00a0\u00bb][vc_column][vc_column_text css=\u00a0\u00bb\u00a0\u00bb]<\/p>\n<h1 class=\"heading-title\" style=\"text-align: center;\">Demandes d&rsquo;acc\u00e8s \u00e0 l&rsquo;information<\/h1>\n<p>[\/vc_column_text][\/vc_column][\/vc_row][vc_row][vc_column][vc_empty_space][vc_column_text css=\u00a0\u00bb\u00a0\u00bb]\n<div class=\"wpcf7 no-js\" id=\"wpcf7-f40037-o1\" lang=\"fr-FR\" dir=\"ltr\" data-wpcf7-id=\"40037\">\n<div class=\"screen-reader-response\"><p role=\"status\" aria-live=\"polite\" aria-atomic=\"true\"><\/p> <ul><\/ul><\/div>\n<form action=\"\/fr\/wp-json\/wp\/v2\/pages\/40072#wpcf7-f40037-o1\" method=\"post\" class=\"wpcf7-form init\" aria-label=\"Formulaire de contact\" novalidate=\"novalidate\" data-status=\"init\">\n<fieldset class=\"hidden-fields-container\"><input type=\"hidden\" name=\"_wpcf7\" value=\"40037\" \/><input type=\"hidden\" name=\"_wpcf7_version\" value=\"6.1.5\" \/><input type=\"hidden\" name=\"_wpcf7_locale\" value=\"fr_FR\" \/><input type=\"hidden\" name=\"_wpcf7_unit_tag\" value=\"wpcf7-f40037-o1\" \/><input type=\"hidden\" name=\"_wpcf7_container_post\" value=\"0\" \/><input type=\"hidden\" name=\"_wpcf7_posted_data_hash\" value=\"\" \/><input type=\"hidden\" name=\"_wpcf7_recaptcha_response\" value=\"\" \/>\n<\/fieldset>\n<div class=\"Acces-a-linformation\">\n\t<div class=\"cf7-form-type\">\n\t\t<h3>Type de demande\n\t\t<\/h3>\n\t\t<div class=\"cf7-radio-group\">\n\t\t\t<p><span class=\"wpcf7-form-control-wrap\" data-name=\"request-type\"><span class=\"wpcf7-form-control wpcf7-radio\"><span class=\"wpcf7-list-item first\"><label><input type=\"radio\" name=\"request-type\" value=\"Demande ordinaire\" checked=\"checked\" \/><span class=\"wpcf7-list-item-label\">Demande ordinaire<\/span><\/label><\/span><span class=\"wpcf7-list-item last\"><label><input type=\"radio\" name=\"request-type\" value=\"Demande urgente (il s&#039;agit de toute demande urgente dans les cas o\u00f9 l&#039;obtention des informations est n\u00e9cessaire pour prot\u00e9ger la vie et la s\u00e9curit\u00e9 essentielles des personnes)\" \/><span class=\"wpcf7-list-item-label\">Demande urgente (il s&#039;agit de toute demande urgente dans les cas o\u00f9 l&#039;obtention des informations est n\u00e9cessaire pour prot\u00e9ger la vie et la s\u00e9curit\u00e9 essentielles des personnes)<\/span><\/label><\/span><\/span><\/span>\n\t\t\t<\/p>\n\t\t<\/div>\n\t<\/div>\n\t<div class=\"cf7-personal-info\">\n\t\t<h3>Informations personnelles\n\t\t<\/h3>\n\t\t<div class=\"cf7-form-row\">\n\t\t\t<div class=\"cf7-form-field\">\n\t\t\t\t<p><label>Pr\u00e9nom *<\/label><span class=\"wpcf7-form-control-wrap\" data-name=\"first-name\"><input size=\"40\" maxlength=\"400\" class=\"wpcf7-form-control wpcf7-text wpcf7-validates-as-required cf7-form-control\" aria-required=\"true\" aria-invalid=\"false\" value=\"\" type=\"text\" name=\"first-name\" \/><\/span>\n\t\t\t\t<\/p>\n\t\t\t<\/div>\n\t\t<\/div>\n\t\t<div class=\"cf7-form-row\">\n\t\t\t<div class=\"cf7-form-field\">\n\t\t\t\t<p><label>Nom de famille *<\/label><span class=\"wpcf7-form-control-wrap\" data-name=\"last-name\"><input size=\"40\" maxlength=\"400\" class=\"wpcf7-form-control wpcf7-text wpcf7-validates-as-required cf7-form-control\" aria-required=\"true\" aria-invalid=\"false\" value=\"\" type=\"text\" name=\"last-name\" \/><\/span>\n\t\t\t\t<\/p>\n\t\t\t<\/div>\n\t\t<\/div>\n\t\t<div class=\"cf7-form-row\">\n\t\t\t<div class=\"cf7-form-field cf7-full-width\">\n\t\t\t\t<p><label>Adresse personnelle *<\/label><span class=\"wpcf7-form-control-wrap\" data-name=\"personal-address\"><textarea cols=\"40\" rows=\"6\" maxlength=\"2000\" class=\"wpcf7-form-control wpcf7-textarea wpcf7-validates-as-required cf7-form-control\" aria-required=\"true\" aria-invalid=\"false\" name=\"personal-address\"><\/textarea><\/span>\n\t\t\t\t<\/p>\n\t\t\t<\/div>\n\t\t<\/div>\n\t\t<div class=\"cf7-form-row\">\n\t\t\t<div class=\"cf7-form-field\">\n\t\t\t\t<p><label>Adresse e-mail *<\/label><span class=\"wpcf7-form-control-wrap\" data-name=\"email\"><input size=\"40\" maxlength=\"400\" class=\"wpcf7-form-control wpcf7-email wpcf7-validates-as-required wpcf7-text wpcf7-validates-as-email cf7-form-control\" aria-required=\"true\" aria-invalid=\"false\" value=\"\" type=\"email\" name=\"email\" \/><\/span>\n\t\t\t\t<\/p>\n\t\t\t<\/div>\n\t\t<\/div>\n\t\t<div class=\"cf7-form-row\">\n\t\t\t<div class=\"cf7-form-field\">\n\t\t\t\t<p><label>T\u00e9l\u00e9phone<\/label><span class=\"wpcf7-form-control-wrap\" data-name=\"phone\"><input size=\"40\" maxlength=\"400\" class=\"wpcf7-form-control wpcf7-tel wpcf7-text wpcf7-validates-as-tel cf7-form-control\" aria-invalid=\"false\" value=\"\" type=\"tel\" name=\"phone\" \/><\/span>\n\t\t\t\t<\/p>\n\t\t\t<\/div>\n\t\t<\/div>\n\t<\/div>\n\t<div class=\"cf7-request-issuer\">\n\t\t<h3>Demandeur\n\t\t<\/h3>\n\t\t<div class=\"cf7-radio-group\">\n\t\t\t<p><span class=\"wpcf7-form-control-wrap\" data-name=\"issuer\"><span class=\"wpcf7-form-control wpcf7-radio\"><span class=\"wpcf7-list-item first\"><label><input type=\"radio\" name=\"issuer\" value=\"Citoyen(ne) marocain(e)\" checked=\"checked\" \/><span class=\"wpcf7-list-item-label\">Citoyen(ne) marocain(e)<\/span><\/label><\/span><span class=\"wpcf7-list-item last\"><label><input type=\"radio\" name=\"issuer\" value=\"R\u00e9sident(e) \u00e9tranger(\u00e8re)\" \/><span class=\"wpcf7-list-item-label\">R\u00e9sident(e) \u00e9tranger(\u00e8re)<\/span><\/label><\/span><\/span><\/span>\n\t\t\t<\/p>\n\t\t<\/div>\n\t<\/div>\n\t<div class=\"cf7-required-info\">\n\t\t<h3>Informations demand\u00e9es\n\t\t<\/h3>\n\t\t<div class=\"cf7-form-row\">\n\t\t\t<div class=\"cf7-form-field cf7-full-width\">\n\t\t\t\t<p><label>Objet *<\/label><span class=\"wpcf7-form-control-wrap\" data-name=\"subject\"><textarea cols=\"40\" rows=\"6\" maxlength=\"2000\" class=\"wpcf7-form-control wpcf7-textarea wpcf7-validates-as-required cf7-form-control\" aria-required=\"true\" aria-invalid=\"false\" placeholder=\"Pr\u00e9ciser les informations demand\u00e9es\" name=\"subject\"><\/textarea><\/span>\n\t\t\t\t<\/p>\n\t\t\t<\/div>\n\t\t<\/div>\n\t\t<div class=\"cf7-form-row\">\n\t\t\t<p class=\"cf7-section-title\">P\u00e9riode concern\u00e9e par les informations demand\u00e9es\n\t\t\t<\/p>\n\t\t<\/div>\n\t\t<div class=\"cf7-form-row cf7-two-columns\">\n\t\t\t<div class=\"cf7-form-field\">\n\t\t\t\t<p><label>Du *<\/label><span class=\"wpcf7-form-control-wrap\" data-name=\"date-from\"><input class=\"wpcf7-form-control wpcf7-date wpcf7-validates-as-required wpcf7-validates-as-date cf7-form-control\" aria-required=\"true\" aria-invalid=\"false\" value=\"\" type=\"date\" name=\"date-from\" \/><\/span>\n\t\t\t\t<\/p>\n\t\t\t<\/div>\n\t\t\t<div class=\"cf7-form-field\">\n\t\t\t\t<p><label>Au *<\/label><span class=\"wpcf7-form-control-wrap\" data-name=\"date-to\"><input class=\"wpcf7-form-control wpcf7-date wpcf7-validates-as-required wpcf7-validates-as-date cf7-form-control\" aria-required=\"true\" aria-invalid=\"false\" value=\"\" type=\"date\" name=\"date-to\" \/><\/span>\n\t\t\t\t<\/p>\n\t\t\t<\/div>\n\t\t<\/div>\n\t\t<div class=\"cf7-form-row\">\n\t\t\t<p class=\"cf7-section-title\">Les informations demand\u00e9es sont contenues dans *\n\t\t\t<\/p>\n\t\t<\/div>\n\t\t<div class=\"cf7-form-row cf7-two-columns\">\n\t\t\t<div class=\"cf7-checkbox-group\">\n\t\t\t\t<p><span class=\"wpcf7-form-control-wrap\" data-name=\"info-type\"><span class=\"wpcf7-form-control wpcf7-checkbox\"><span class=\"wpcf7-list-item first\"><label><input type=\"checkbox\" name=\"info-type[]\" value=\"Rapport\" \/><span class=\"wpcf7-list-item-label\">Rapport<\/span><\/label><\/span><span class=\"wpcf7-list-item\"><label><input type=\"checkbox\" name=\"info-type[]\" value=\"Factures\" \/><span class=\"wpcf7-list-item-label\">Factures<\/span><\/label><\/span><span class=\"wpcf7-list-item\"><label><input type=\"checkbox\" name=\"info-type[]\" value=\"\u00c9tude\" \/><span class=\"wpcf7-list-item-label\">\u00c9tude<\/span><\/label><\/span><span class=\"wpcf7-list-item last\"><label><input type=\"checkbox\" name=\"info-type[]\" value=\"Publication\" \/><span class=\"wpcf7-list-item-label\">Publication<\/span><\/label><\/span><\/span><\/span>\n\t\t\t\t<\/p>\n\t\t\t<\/div>\n\t\t\t<div class=\"cf7-checkbox-group\">\n\t\t\t\t<p><span class=\"wpcf7-form-control-wrap\" data-name=\"info-type\"><span class=\"wpcf7-form-control wpcf7-checkbox\"><span class=\"wpcf7-list-item first\"><label><input type=\"checkbox\" name=\"info-type[]\" value=\"Document\" \/><span class=\"wpcf7-list-item-label\">Document<\/span><\/label><\/span><span class=\"wpcf7-list-item\"><label><input type=\"checkbox\" name=\"info-type[]\" value=\"P\u00e9riodique\" \/><span class=\"wpcf7-list-item-label\">P\u00e9riodique<\/span><\/label><\/span><span class=\"wpcf7-list-item\"><label><input type=\"checkbox\" name=\"info-type[]\" value=\"Note\" \/><span class=\"wpcf7-list-item-label\">Note<\/span><\/label><\/span><span class=\"wpcf7-list-item\"><label><input type=\"checkbox\" name=\"info-type[]\" value=\"Base de donn\u00e9es\" \/><span class=\"wpcf7-list-item-label\">Base de donn\u00e9es<\/span><\/label><\/span><span class=\"wpcf7-list-item last\"><label><input type=\"checkbox\" name=\"info-type[]\" value=\"Autres documents \u00e0 caract\u00e8re g\u00e9n\u00e9ral\" \/><span class=\"wpcf7-list-item-label\">Autres documents \u00e0 caract\u00e8re g\u00e9n\u00e9ral<\/span><\/label><\/span><\/span><\/span>\n\t\t\t\t<\/p>\n\t\t\t<\/div>\n\t\t<\/div>\n\t\t<div class=\"cf7-form-row\">\n\t\t\t<p class=\"cf7-section-title\">Mode souhait\u00e9 pour l'obtention des informations *\n\t\t\t<\/p>\n\t\t<\/div>\n\t\t<div class=\"cf7-form-row\">\n\t\t\t<div class=\"cf7-radio-group\">\n\t\t\t\t<p><span class=\"wpcf7-form-control-wrap\" data-name=\"delivery-method\"><span class=\"wpcf7-form-control wpcf7-radio\"><span class=\"wpcf7-list-item first\"><label><input type=\"radio\" name=\"delivery-method\" value=\"Consultation directe sur place\" checked=\"checked\" \/><span class=\"wpcf7-list-item-label\">Consultation directe sur place<\/span><\/label><\/span><span class=\"wpcf7-list-item\"><label><input type=\"radio\" name=\"delivery-method\" value=\"Par courrier postal\" \/><span class=\"wpcf7-list-item-label\">Par courrier postal<\/span><\/label><\/span><span class=\"wpcf7-list-item last\"><label><input type=\"radio\" name=\"delivery-method\" value=\"Par courrier \u00e9lectronique\" \/><span class=\"wpcf7-list-item-label\">Par courrier \u00e9lectronique<\/span><\/label><\/span><\/span><\/span>\n\t\t\t\t<\/p>\n\t\t\t<\/div>\n\t\t<\/div>\n\t<\/div>\n\t<div class=\"cf7-legal-notice\">\n\t\t<p><span class=\"wpcf7-form-control-wrap\" data-name=\"checkbox-685\"><span class=\"wpcf7-form-control wpcf7-checkbox\"><span class=\"wpcf7-list-item first last\"><label><input type=\"checkbox\" name=\"checkbox-685[]\" value=\"Je certifie sur l&#039;honneur que je m&#039;engage \u00e0 obtenir les informations demand\u00e9es conform\u00e9ment aux dispositions de l&#039;article 14 de la loi 31.13 relative au droit d&#039;acc\u00e8s \u00e0 l&#039;information\" \/><span class=\"wpcf7-list-item-label\">Je certifie sur l&#039;honneur que je m&#039;engage \u00e0 obtenir les informations demand\u00e9es conform\u00e9ment aux dispositions de l&#039;article 14 de la loi 31.13 relative au droit d&#039;acc\u00e8s \u00e0 l&#039;information<\/span><\/label><\/span><\/span><\/span>\n\t\t<\/p>\n\t<\/div>\n\t<div class=\"cf7-submit-button\">\n\t\t<p><input class=\"wpcf7-form-control wpcf7-submit has-spinner cf7-btn-submit\" type=\"submit\" value=\"Envoyer\" \/>\n\t\t<\/p>\n\t<\/div>\n<\/div><div class=\"wpcf7-response-output\" aria-hidden=\"true\"><\/div>\n<\/form>\n<\/div>\n[\/vc_column_text][\/vc_column][\/vc_row]<\/p>\n<\/div>","protected":false},"excerpt":{"rendered":"<p>[vc_row content_placement=\u00a0\u00bbmiddle\u00a0\u00bb type=\u00a0\u00bbvc_default\u00a0\u00bb el_class=\u00a0\u00bbbg-sec\u00a0\u00bb][vc_column][vc_column_text css=\u00a0\u00bb\u00a0\u00bb] Demandes d&rsquo;acc\u00e8s \u00e0 l&rsquo;information [\/vc_column_text][\/vc_column][\/vc_row][vc_row][vc_column][vc_empty_space][vc_column_text css=\u00a0\u00bb\u00a0\u00bb][\/vc_column_text][\/vc_column][\/vc_row]<\/p>\n","protected":false},"author":696,"featured_media":0,"parent":0,"menu_order":0,"comment_status":"closed","ping_status":"closed","template":"","meta":{"footnotes":""},"class_list":["post-40072","page","type-page","status-publish","hentry","description-off"],"yoast_head":"<!-- This site is optimized with the Yoast SEO plugin v27.5 - https:\/\/yoast.com\/product\/yoast-seo-wordpress\/ -->\n<title>Demandes d&#039;acc\u00e8s \u00e0 l&#039;information - Conseil sup\u00e9rieur de l\u2019\u00e9ducation, de la formation et de la recherche scientifique<\/title>\n<meta name=\"robots\" content=\"noindex, follow, max-snippet:-1, max-image-preview:large, max-video-preview:-1\" \/>\n<meta property=\"og:locale\" content=\"fr_FR\" \/>\n<meta property=\"og:type\" content=\"article\" \/>\n<meta property=\"og:title\" content=\"Demandes d&#039;acc\u00e8s \u00e0 l&#039;information - Conseil sup\u00e9rieur de l\u2019\u00e9ducation, de la formation et de la recherche scientifique\" \/>\n<meta property=\"og:description\" content=\"[vc_row content_placement=\u00a0\u00bbmiddle\u00a0\u00bb type=\u00a0\u00bbvc_default\u00a0\u00bb el_class=\u00a0\u00bbbg-sec\u00a0\u00bb][vc_column][vc_column_text css=\u00a0\u00bb\u00a0\u00bb] Demandes d&rsquo;acc\u00e8s \u00e0 l&rsquo;information [\/vc_column_text][\/vc_column][\/vc_row][vc_row][vc_column][vc_empty_space][vc_column_text css=\u00a0\u00bb\u00a0\u00bb][\/vc_column_text][\/vc_column][\/vc_row]\" \/>\n<meta property=\"og:url\" content=\"https:\/\/csefrs.lifemoz.com\/fr\/demandes-dacces-a-linformation\/\" \/>\n<meta property=\"og:site_name\" content=\"Conseil sup\u00e9rieur de l\u2019\u00e9ducation, de la formation et de la recherche scientifique\" \/>\n<meta property=\"article:modified_time\" content=\"2026-02-20T10:17:04+00:00\" \/>\n<meta name=\"twitter:card\" content=\"summary_large_image\" \/>\n<script type=\"application\/ld+json\" class=\"yoast-schema-graph\">{\"@context\":\"https:\\\/\\\/schema.org\",\"@graph\":[{\"@type\":\"WebPage\",\"@id\":\"https:\\\/\\\/csefrs.lifemoz.com\\\/fr\\\/demandes-dacces-a-linformation\\\/\",\"url\":\"https:\\\/\\\/csefrs.lifemoz.com\\\/fr\\\/demandes-dacces-a-linformation\\\/\",\"name\":\"Demandes d'acc\u00e8s \u00e0 l'information - Conseil sup\u00e9rieur de l\u2019\u00e9ducation, de la formation et de la recherche scientifique\",\"isPartOf\":{\"@id\":\"https:\\\/\\\/csefrs.lifemoz.com\\\/#website\"},\"datePublished\":\"2026-02-13T11:01:56+00:00\",\"dateModified\":\"2026-02-20T10:17:04+00:00\",\"breadcrumb\":{\"@id\":\"https:\\\/\\\/csefrs.lifemoz.com\\\/fr\\\/demandes-dacces-a-linformation\\\/#breadcrumb\"},\"inLanguage\":\"fr-FR\",\"potentialAction\":[{\"@type\":\"ReadAction\",\"target\":[\"https:\\\/\\\/csefrs.lifemoz.com\\\/fr\\\/demandes-dacces-a-linformation\\\/\"]}]},{\"@type\":\"BreadcrumbList\",\"@id\":\"https:\\\/\\\/csefrs.lifemoz.com\\\/fr\\\/demandes-dacces-a-linformation\\\/#breadcrumb\",\"itemListElement\":[{\"@type\":\"ListItem\",\"position\":1,\"name\":\"Accueil\",\"item\":\"https:\\\/\\\/csefrs.lifemoz.com\\\/fr\\\/\"},{\"@type\":\"ListItem\",\"position\":2,\"name\":\"Demandes d&rsquo;acc\u00e8s \u00e0 l&rsquo;information\"}]},{\"@type\":\"WebSite\",\"@id\":\"https:\\\/\\\/csefrs.lifemoz.com\\\/#website\",\"url\":\"https:\\\/\\\/csefrs.lifemoz.com\\\/\",\"name\":\"Conseil sup\u00e9rieur de l\u2019\u00e9ducation, de la formation et de la recherche scientifique\",\"description\":\"\",\"potentialAction\":[{\"@type\":\"SearchAction\",\"target\":{\"@type\":\"EntryPoint\",\"urlTemplate\":\"https:\\\/\\\/csefrs.lifemoz.com\\\/?s={search_term_string}\"},\"query-input\":{\"@type\":\"PropertyValueSpecification\",\"valueRequired\":true,\"valueName\":\"search_term_string\"}}],\"inLanguage\":\"fr-FR\"}]}<\/script>\n<!-- \/ Yoast SEO plugin. -->","yoast_head_json":{"title":"Demandes d'acc\u00e8s \u00e0 l'information - Conseil sup\u00e9rieur de l\u2019\u00e9ducation, de la formation et de la recherche scientifique","robots":{"index":"noindex","follow":"follow","max-snippet":"max-snippet:-1","max-image-preview":"max-image-preview:large","max-video-preview":"max-video-preview:-1"},"og_locale":"fr_FR","og_type":"article","og_title":"Demandes d'acc\u00e8s \u00e0 l'information - Conseil sup\u00e9rieur de l\u2019\u00e9ducation, de la formation et de la recherche scientifique","og_description":"[vc_row content_placement=\u00a0\u00bbmiddle\u00a0\u00bb type=\u00a0\u00bbvc_default\u00a0\u00bb el_class=\u00a0\u00bbbg-sec\u00a0\u00bb][vc_column][vc_column_text css=\u00a0\u00bb\u00a0\u00bb] Demandes d&rsquo;acc\u00e8s \u00e0 l&rsquo;information [\/vc_column_text][\/vc_column][\/vc_row][vc_row][vc_column][vc_empty_space][vc_column_text css=\u00a0\u00bb\u00a0\u00bb][\/vc_column_text][\/vc_column][\/vc_row]","og_url":"https:\/\/csefrs.lifemoz.com\/fr\/demandes-dacces-a-linformation\/","og_site_name":"Conseil sup\u00e9rieur de l\u2019\u00e9ducation, de la formation et de la recherche scientifique","article_modified_time":"2026-02-20T10:17:04+00:00","twitter_card":"summary_large_image","schema":{"@context":"https:\/\/schema.org","@graph":[{"@type":"WebPage","@id":"https:\/\/csefrs.lifemoz.com\/fr\/demandes-dacces-a-linformation\/","url":"https:\/\/csefrs.lifemoz.com\/fr\/demandes-dacces-a-linformation\/","name":"Demandes d'acc\u00e8s \u00e0 l'information - Conseil sup\u00e9rieur de l\u2019\u00e9ducation, de la formation et de la recherche scientifique","isPartOf":{"@id":"https:\/\/csefrs.lifemoz.com\/#website"},"datePublished":"2026-02-13T11:01:56+00:00","dateModified":"2026-02-20T10:17:04+00:00","breadcrumb":{"@id":"https:\/\/csefrs.lifemoz.com\/fr\/demandes-dacces-a-linformation\/#breadcrumb"},"inLanguage":"fr-FR","potentialAction":[{"@type":"ReadAction","target":["https:\/\/csefrs.lifemoz.com\/fr\/demandes-dacces-a-linformation\/"]}]},{"@type":"BreadcrumbList","@id":"https:\/\/csefrs.lifemoz.com\/fr\/demandes-dacces-a-linformation\/#breadcrumb","itemListElement":[{"@type":"ListItem","position":1,"name":"Accueil","item":"https:\/\/csefrs.lifemoz.com\/fr\/"},{"@type":"ListItem","position":2,"name":"Demandes d&rsquo;acc\u00e8s \u00e0 l&rsquo;information"}]},{"@type":"WebSite","@id":"https:\/\/csefrs.lifemoz.com\/#website","url":"https:\/\/csefrs.lifemoz.com\/","name":"Conseil sup\u00e9rieur de l\u2019\u00e9ducation, de la formation et de la recherche scientifique","description":"","potentialAction":[{"@type":"SearchAction","target":{"@type":"EntryPoint","urlTemplate":"https:\/\/csefrs.lifemoz.com\/?s={search_term_string}"},"query-input":{"@type":"PropertyValueSpecification","valueRequired":true,"valueName":"search_term_string"}}],"inLanguage":"fr-FR"}]}},"_links":{"self":[{"href":"https:\/\/csefrs.lifemoz.com\/fr\/wp-json\/wp\/v2\/pages\/40072","targetHints":{"allow":["GET"]}}],"collection":[{"href":"https:\/\/csefrs.lifemoz.com\/fr\/wp-json\/wp\/v2\/pages"}],"about":[{"href":"https:\/\/csefrs.lifemoz.com\/fr\/wp-json\/wp\/v2\/types\/page"}],"author":[{"embeddable":true,"href":"https:\/\/csefrs.lifemoz.com\/fr\/wp-json\/wp\/v2\/users\/696"}],"replies":[{"embeddable":true,"href":"https:\/\/csefrs.lifemoz.com\/fr\/wp-json\/wp\/v2\/comments?post=40072"}],"version-history":[{"count":0,"href":"https:\/\/csefrs.lifemoz.com\/fr\/wp-json\/wp\/v2\/pages\/40072\/revisions"}],"wp:attachment":[{"href":"https:\/\/csefrs.lifemoz.com\/fr\/wp-json\/wp\/v2\/media?parent=40072"}],"curies":[{"name":"wp","href":"https:\/\/api.w.org\/{rel}","templated":true}]}}