{"id":39887,"date":"2026-02-11T16:16:32","date_gmt":"2026-02-11T15:16:32","guid":{"rendered":"https:\/\/csefrs.lifemoz.com\/%d8%a7%d9%84%d8%aa%d8%b1%d8%b4%d8%ad-%d9%84%d9%84%d9%85%d8%a8%d8%a7%d8%b1%d8%a7%d8%a9\/"},"modified":"2026-02-25T10:06:03","modified_gmt":"2026-02-25T10:06:03","slug":"candidature-pour-le-concours","status":"publish","type":"page","link":"https:\/\/csefrs.lifemoz.com\/fr\/candidature-pour-le-concours\/","title":{"rendered":"Candidature pour le concours"},"content":{"rendered":"<div class=\"wpb-content-wrapper\"><p>[vc_row content_placement=\u00a0\u00bbmiddle\u00a0\u00bb bg_type=\u00a0\u00bbimage\u00a0\u00bb parallax_style=\u00a0\u00bbvcpb-default\u00a0\u00bb bg_image_new=\u00a0\u00bbid^34958|url^http:\/\/csefrs.lifemoz.com\/wp-content\/uploads\/2025\/11\/I.png|caption^null|alt^null|title^I|description^null\u00a0\u00bb bg_image_repeat=\u00a0\u00bbno-repeat\u00a0\u00bb bg_override=\u00a0\u00bbex-full\u00a0\u00bb el_class=\u00a0\u00bbbg-sec\u00a0\u00bb css=\u00a0\u00bb.vc_custom_1772013831550{margin-bottom: 0px !important;}\u00a0\u00bb][vc_column][vc_column_text css=\u00a0\u00bb\u00a0\u00bb]<\/p>\n<h1 class=\"heading-conseil\" style=\"text-align: center;\">Candidature pour le concours<\/h1>\n<p>[\/vc_column_text][\/vc_column][\/vc_row][vc_row bg_type=\u00a0\u00bbbg_color\u00a0\u00bb bg_override=\u00a0\u00bbex-full\u00a0\u00bb css=\u00a0\u00bb.vc_custom_1772013961095{margin-top: 0px !important;margin-bottom: 100px !important;padding-bottom: 80px !important;}\u00a0\u00bb bg_color_value=\u00a0\u00bb#F6F7F9&Prime; el_class=\u00a0\u00bbconseil\u00a0\u00bb][vc_column][vc_column_text css=\u00a0\u00bb\u00a0\u00bb]\n<div class=\"wpcf7 no-js\" id=\"wpcf7-f39889-o1\" lang=\"fr-FR\" dir=\"ltr\" data-wpcf7-id=\"39889\">\n<div class=\"screen-reader-response\"><p role=\"status\" aria-live=\"polite\" aria-atomic=\"true\"><\/p> <ul><\/ul><\/div>\n<form action=\"\/fr\/wp-json\/wp\/v2\/pages\/39887#wpcf7-f39889-o1\" method=\"post\" class=\"wpcf7-form init\" aria-label=\"Formulaire de contact\" enctype=\"multipart\/form-data\" novalidate=\"novalidate\" data-status=\"init\">\n<fieldset class=\"hidden-fields-container\"><input type=\"hidden\" name=\"_wpcf7\" value=\"39889\" \/><input type=\"hidden\" name=\"_wpcf7_version\" value=\"6.1.5\" \/><input type=\"hidden\" name=\"_wpcf7_locale\" value=\"fr_FR\" \/><input type=\"hidden\" name=\"_wpcf7_unit_tag\" value=\"wpcf7-f39889-o1\" \/><input type=\"hidden\" name=\"_wpcf7_container_post\" value=\"0\" \/><input type=\"hidden\" name=\"_wpcf7_posted_data_hash\" value=\"\" \/><input type=\"hidden\" name=\"_wpcf7_recaptcha_response\" value=\"\" \/>\n<\/fieldset>\n<div class=\"formulaire-candidature\">\n\t<div class=\"entete-formulaire\">\n\t\t<h2>Formulaire de candidature au concours de recrutement\n\t\t<\/h2>\n\t<\/div>\n\t<div class=\"corps-formulaire\">\n <!-- Nom complet -->\n\t\t<div class=\"champ-ligne\">\n\t\t\t<p><label class=\"etiquette-champ\">Nom complet <span class=\"requis\">*<\/span><\/label><span class=\"wpcf7-form-control-wrap\" data-name=\"nom\"><input size=\"40\" maxlength=\"400\" class=\"wpcf7-form-control wpcf7-text wpcf7-validates-as-required input-texte\" aria-required=\"true\" aria-invalid=\"false\" placeholder=\"Nom complet\" value=\"\" type=\"text\" name=\"nom\" \/><\/span>\n\t\t\t<\/p>\n\t\t<\/div>\n\n <!-- Email et T\u00e9l\u00e9phone -->\n\t\t<div class=\"champ-double\">\n\t\t\t<div class=\"groupe-champ\">\n\t\t\t\t<p><label class=\"etiquette-champ\">Email <span class=\"requis\">*<\/span><\/label><span class=\"wpcf7-form-control-wrap\" data-name=\"email\"><input size=\"40\" maxlength=\"400\" class=\"wpcf7-form-control wpcf7-email wpcf7-validates-as-required wpcf7-text wpcf7-validates-as-email input-texte\" aria-required=\"true\" aria-invalid=\"false\" placeholder=\"example@email.com\" value=\"\" type=\"email\" name=\"email\" \/><\/span>\n\t\t\t\t<\/p>\n\t\t\t<\/div>\n\t\t\t<div class=\"groupe-champ\">\n\t\t\t\t<p><label class=\"etiquette-champ\">T\u00e9l\u00e9phone <span class=\"requis\">*<\/span><\/label><span class=\"wpcf7-form-control-wrap\" data-name=\"telephone\"><input size=\"40\" maxlength=\"400\" class=\"wpcf7-form-control wpcf7-tel wpcf7-validates-as-required wpcf7-text wpcf7-validates-as-tel input-texte\" aria-required=\"true\" aria-invalid=\"false\" placeholder=\"+212 6XX XXX XXX\" value=\"\" type=\"tel\" name=\"telephone\" \/><\/span>\n\t\t\t\t<\/p>\n\t\t\t<\/div>\n\t\t<\/div>\n\n <!-- Date de naissance -->\n\t\t<div class=\"champ-ligne\">\n\t\t\t<p><label class=\"etiquette-champ\">Date de naissance <span class=\"requis\">*<\/span><\/label><span class=\"wpcf7-form-control-wrap\" data-name=\"date_naissance\"><input class=\"wpcf7-form-control wpcf7-date wpcf7-validates-as-required wpcf7-validates-as-date input-texte\" aria-required=\"true\" aria-invalid=\"false\" value=\"\" type=\"date\" name=\"date_naissance\" \/><\/span>\n\t\t\t<\/p>\n\t\t<\/div>\n\n <!-- Niveau d'\u00e9tudes et Sp\u00e9cialit\u00e9 -->\n\t\t<div class=\"champ-double\">\n\t\t\t<div class=\"groupe-champ\">\n\t\t\t\t<p><label class=\"etiquette-champ\">Niveau d'\u00e9tudes <span class=\"requis\">*<\/span><\/label><span class=\"wpcf7-form-control-wrap\" data-name=\"niveau_etude\"><select class=\"wpcf7-form-control wpcf7-select wpcf7-validates-as-required select-liste\" aria-required=\"true\" aria-invalid=\"false\" name=\"niveau_etude\"><option value=\"\">S\u00e9lectionner...<\/option><option value=\"Baccalaur\u00e9at\">Baccalaur\u00e9at<\/option><option value=\"Bac+2\">Bac+2<\/option><option value=\"Licence\">Licence<\/option><option value=\"Master\">Master<\/option><option value=\"Doctorat\">Doctorat<\/option><\/select><\/span>\n\t\t\t\t<\/p>\n\t\t\t<\/div>\n\t\t\t<div class=\"groupe-champ\">\n\t\t\t\t<p><label class=\"etiquette-champ\">Sp\u00e9cialit\u00e9 <span class=\"requis\">*<\/span><\/label><span class=\"wpcf7-form-control-wrap\" data-name=\"specialite\"><select class=\"wpcf7-form-control wpcf7-select wpcf7-validates-as-required select-liste\" aria-required=\"true\" aria-invalid=\"false\" name=\"specialite\"><option value=\"\">S\u00e9lectionner...<\/option><option value=\"Sciences \u00e9conomiques\">Sciences \u00e9conomiques<\/option><option value=\"Sciences juridiques\">Sciences juridiques<\/option><option value=\"Sciences administratives\">Sciences administratives<\/option><option value=\"Ing\u00e9nierie\">Ing\u00e9nierie<\/option><option value=\"M\u00e9decine\">M\u00e9decine<\/option><option value=\"Autre\">Autre<\/option><\/select><\/span>\n\t\t\t\t<\/p>\n\t\t\t<\/div>\n\t\t<\/div>\n\n <!-- CV Upload -->\n\t\t<div class=\"champ-ligne\">\n\t\t\t<p><label class=\"etiquette-fichier\">CV <span class=\"requis\">*<\/span><\/label><span class=\"wpcf7-form-control-wrap\" data-name=\"cv\"><input size=\"40\" class=\"wpcf7-form-control wpcf7-file wpcf7-validates-as-required input-fichier\" accept=\".pdf,.doc,.docx\" aria-required=\"true\" aria-invalid=\"false\" type=\"file\" name=\"cv\" \/><\/span>\n\t\t\t<\/p>\n\t\t\t<p class=\"info-fichier\">PDF, DOC, DOCX - Maximum 2MB\n\t\t\t<\/p>\n\t\t<\/div>\n\n <!-- Lettre de motivation -->\n\t\t<div class=\"champ-ligne\">\n\t\t\t<p><label class=\"etiquette-fichier\">Lettre de motivation<\/label><span class=\"wpcf7-form-control-wrap\" data-name=\"lettre_motivation\"><input size=\"40\" class=\"wpcf7-form-control wpcf7-file input-fichier\" accept=\".pdf,.doc,.docx\" aria-invalid=\"false\" type=\"file\" name=\"lettre_motivation\" \/><\/span>\n\t\t\t<\/p>\n\t\t\t<p class=\"info-fichier\">PDF, DOC, DOCX - Maximum 2MB (Optionnel)\n\t\t\t<\/p>\n\t\t<\/div>\n\n <!-- Message -->\n\t\t<div class=\"champ-ligne\">\n\t\t\t<p><label class=\"etiquette-champ\">Informations suppl\u00e9mentaires <span class=\"requis\">*<\/span><\/label><span class=\"wpcf7-form-control-wrap\" data-name=\"message\"><textarea cols=\"40\" rows=\"4\" maxlength=\"2000\" class=\"wpcf7-form-control wpcf7-textarea wpcf7-validates-as-required zone-texte\" aria-required=\"true\" aria-invalid=\"false\" placeholder=\"Parlez-nous de vos motivations et exp\u00e9riences...\" name=\"message\"><\/textarea><\/span>\n\t\t\t<\/p>\n\t\t<\/div>\n\n <!-- Acceptation -->\n\t\t<div class=\"conteneur-checkbox\">\n\t\t\t<p><span class=\"wpcf7-form-control-wrap\" data-name=\"acceptation\"><span class=\"wpcf7-form-control wpcf7-acceptance\"><span class=\"wpcf7-list-item\"><input type=\"checkbox\" name=\"acceptation\" value=\"1\" class=\"case-cocher\" aria-invalid=\"false\" \/><\/span><\/span><\/span><span class=\"label-checkbox\">J'accepte les conditions du concours <span class=\"requis\">*<\/span><\/span>\n\t\t\t<\/p>\n\t\t<\/div>\n\n <!-- Submit Button -->\n\t\t<div class=\"conteneur-bouton\">\n\t\t\t<p><input class=\"wpcf7-form-control wpcf7-submit has-spinner bouton-envoi\" type=\"submit\" value=\"Envoyer ma candidature\" \/>\n\t\t\t<\/p>\n\t\t<\/div>\n\t<\/div>\n<\/div><div class=\"wpcf7-response-output\" aria-hidden=\"true\"><\/div>\n<\/form>\n<\/div>\n[\/vc_column_text][\/vc_column][\/vc_row]<\/p>\n<\/div>","protected":false},"excerpt":{"rendered":"<p>[vc_row content_placement=\u00a0\u00bbmiddle\u00a0\u00bb bg_type=\u00a0\u00bbimage\u00a0\u00bb parallax_style=\u00a0\u00bbvcpb-default\u00a0\u00bb bg_image_new=\u00a0\u00bbid^34958|url^http:\/\/csefrs.lifemoz.com\/wp-content\/uploads\/2025\/11\/I.png|caption^null|alt^null|title^I|description^null\u00a0\u00bb bg_image_repeat=\u00a0\u00bbno-repeat\u00a0\u00bb bg_override=\u00a0\u00bbex-full\u00a0\u00bb el_class=\u00a0\u00bbbg-sec\u00a0\u00bb css=\u00a0\u00bb.vc_custom_1772013831550{margin-bottom: 0px !important;}\u00a0\u00bb][vc_column][vc_column_text css=\u00a0\u00bb\u00a0\u00bb] Candidature pour le concours [\/vc_column_text][\/vc_column][\/vc_row][vc_row bg_type=\u00a0\u00bbbg_color\u00a0\u00bb bg_override=\u00a0\u00bbex-full\u00a0\u00bb css=\u00a0\u00bb.vc_custom_1772013961095{margin-top: 0px !important;margin-bottom: 100px !important;padding-bottom: 80px !important;}\u00a0\u00bb bg_color_value=\u00a0\u00bb#F6F7F9&Prime; el_class=\u00a0\u00bbconseil\u00a0\u00bb][vc_column][vc_column_text css=\u00a0\u00bb\u00a0\u00bb][\/vc_column_text][\/vc_column][\/vc_row]<\/p>\n","protected":false},"author":696,"featured_media":0,"parent":0,"menu_order":0,"comment_status":"closed","ping_status":"closed","template":"","meta":{"footnotes":""},"class_list":["post-39887","page","type-page","status-publish","hentry","description-off"],"yoast_head":"<!-- This site is optimized with the Yoast SEO plugin v27.5 - https:\/\/yoast.com\/product\/yoast-seo-wordpress\/ -->\n<title>Candidature pour le concours - Conseil sup\u00e9rieur de l\u2019\u00e9ducation, de la formation et de la recherche scientifique<\/title>\n<meta name=\"robots\" content=\"noindex, follow, max-snippet:-1, max-image-preview:large, max-video-preview:-1\" \/>\n<meta property=\"og:locale\" content=\"fr_FR\" \/>\n<meta property=\"og:type\" content=\"article\" \/>\n<meta property=\"og:title\" content=\"Candidature pour le concours - Conseil sup\u00e9rieur de l\u2019\u00e9ducation, de la formation et de la recherche scientifique\" \/>\n<meta property=\"og:description\" content=\"[vc_row content_placement=\u00a0\u00bbmiddle\u00a0\u00bb bg_type=\u00a0\u00bbimage\u00a0\u00bb parallax_style=\u00a0\u00bbvcpb-default\u00a0\u00bb bg_image_new=\u00a0\u00bbid^34958|url^http:\/\/csefrs.lifemoz.com\/wp-content\/uploads\/2025\/11\/I.png|caption^null|alt^null|title^I|description^null\u00a0\u00bb bg_image_repeat=\u00a0\u00bbno-repeat\u00a0\u00bb bg_override=\u00a0\u00bbex-full\u00a0\u00bb el_class=\u00a0\u00bbbg-sec\u00a0\u00bb css=\u00a0\u00bb.vc_custom_1772013831550{margin-bottom: 0px !important;}\u00a0\u00bb][vc_column][vc_column_text css=\u00a0\u00bb\u00a0\u00bb] Candidature pour le concours [\/vc_column_text][\/vc_column][\/vc_row][vc_row bg_type=\u00a0\u00bbbg_color\u00a0\u00bb bg_override=\u00a0\u00bbex-full\u00a0\u00bb css=\u00a0\u00bb.vc_custom_1772013961095{margin-top: 0px !important;margin-bottom: 100px !important;padding-bottom: 80px !important;}\u00a0\u00bb bg_color_value=\u00a0\u00bb#F6F7F9&Prime; el_class=\u00a0\u00bbconseil\u00a0\u00bb][vc_column][vc_column_text css=\u00a0\u00bb\u00a0\u00bb][\/vc_column_text][\/vc_column][\/vc_row]\" \/>\n<meta property=\"og:url\" content=\"https:\/\/csefrs.lifemoz.com\/fr\/candidature-pour-le-concours\/\" \/>\n<meta property=\"og:site_name\" content=\"Conseil sup\u00e9rieur de l\u2019\u00e9ducation, de la formation et de la recherche scientifique\" \/>\n<meta property=\"article:modified_time\" content=\"2026-02-25T10:06:03+00:00\" \/>\n<meta name=\"twitter:card\" content=\"summary_large_image\" \/>\n<meta name=\"twitter:label1\" content=\"Dur\u00e9e de lecture estim\u00e9e\" \/>\n\t<meta name=\"twitter:data1\" content=\"1 minute\" \/>\n<script type=\"application\/ld+json\" class=\"yoast-schema-graph\">{\"@context\":\"https:\\\/\\\/schema.org\",\"@graph\":[{\"@type\":\"WebPage\",\"@id\":\"https:\\\/\\\/csefrs.lifemoz.com\\\/fr\\\/candidature-pour-le-concours\\\/\",\"url\":\"https:\\\/\\\/csefrs.lifemoz.com\\\/fr\\\/candidature-pour-le-concours\\\/\",\"name\":\"Candidature pour le concours - Conseil sup\u00e9rieur de l\u2019\u00e9ducation, de la formation et de la recherche scientifique\",\"isPartOf\":{\"@id\":\"https:\\\/\\\/csefrs.lifemoz.com\\\/#website\"},\"datePublished\":\"2026-02-11T15:16:32+00:00\",\"dateModified\":\"2026-02-25T10:06:03+00:00\",\"breadcrumb\":{\"@id\":\"https:\\\/\\\/csefrs.lifemoz.com\\\/fr\\\/candidature-pour-le-concours\\\/#breadcrumb\"},\"inLanguage\":\"fr-FR\",\"potentialAction\":[{\"@type\":\"ReadAction\",\"target\":[\"https:\\\/\\\/csefrs.lifemoz.com\\\/fr\\\/candidature-pour-le-concours\\\/\"]}]},{\"@type\":\"BreadcrumbList\",\"@id\":\"https:\\\/\\\/csefrs.lifemoz.com\\\/fr\\\/candidature-pour-le-concours\\\/#breadcrumb\",\"itemListElement\":[{\"@type\":\"ListItem\",\"position\":1,\"name\":\"Accueil\",\"item\":\"https:\\\/\\\/csefrs.lifemoz.com\\\/fr\\\/\"},{\"@type\":\"ListItem\",\"position\":2,\"name\":\"Candidature pour le concours\"}]},{\"@type\":\"WebSite\",\"@id\":\"https:\\\/\\\/csefrs.lifemoz.com\\\/#website\",\"url\":\"https:\\\/\\\/csefrs.lifemoz.com\\\/\",\"name\":\"Conseil sup\u00e9rieur de l\u2019\u00e9ducation, de la formation et de la recherche scientifique\",\"description\":\"\",\"potentialAction\":[{\"@type\":\"SearchAction\",\"target\":{\"@type\":\"EntryPoint\",\"urlTemplate\":\"https:\\\/\\\/csefrs.lifemoz.com\\\/?s={search_term_string}\"},\"query-input\":{\"@type\":\"PropertyValueSpecification\",\"valueRequired\":true,\"valueName\":\"search_term_string\"}}],\"inLanguage\":\"fr-FR\"}]}<\/script>\n<!-- \/ Yoast SEO plugin. -->","yoast_head_json":{"title":"Candidature pour le concours - Conseil sup\u00e9rieur de l\u2019\u00e9ducation, de la formation et de la recherche scientifique","robots":{"index":"noindex","follow":"follow","max-snippet":"max-snippet:-1","max-image-preview":"max-image-preview:large","max-video-preview":"max-video-preview:-1"},"og_locale":"fr_FR","og_type":"article","og_title":"Candidature pour le concours - Conseil sup\u00e9rieur de l\u2019\u00e9ducation, de la formation et de la recherche scientifique","og_description":"[vc_row content_placement=\u00a0\u00bbmiddle\u00a0\u00bb bg_type=\u00a0\u00bbimage\u00a0\u00bb parallax_style=\u00a0\u00bbvcpb-default\u00a0\u00bb bg_image_new=\u00a0\u00bbid^34958|url^http:\/\/csefrs.lifemoz.com\/wp-content\/uploads\/2025\/11\/I.png|caption^null|alt^null|title^I|description^null\u00a0\u00bb bg_image_repeat=\u00a0\u00bbno-repeat\u00a0\u00bb bg_override=\u00a0\u00bbex-full\u00a0\u00bb el_class=\u00a0\u00bbbg-sec\u00a0\u00bb css=\u00a0\u00bb.vc_custom_1772013831550{margin-bottom: 0px !important;}\u00a0\u00bb][vc_column][vc_column_text css=\u00a0\u00bb\u00a0\u00bb] Candidature pour le concours [\/vc_column_text][\/vc_column][\/vc_row][vc_row bg_type=\u00a0\u00bbbg_color\u00a0\u00bb bg_override=\u00a0\u00bbex-full\u00a0\u00bb css=\u00a0\u00bb.vc_custom_1772013961095{margin-top: 0px !important;margin-bottom: 100px !important;padding-bottom: 80px !important;}\u00a0\u00bb bg_color_value=\u00a0\u00bb#F6F7F9&Prime; el_class=\u00a0\u00bbconseil\u00a0\u00bb][vc_column][vc_column_text css=\u00a0\u00bb\u00a0\u00bb][\/vc_column_text][\/vc_column][\/vc_row]","og_url":"https:\/\/csefrs.lifemoz.com\/fr\/candidature-pour-le-concours\/","og_site_name":"Conseil sup\u00e9rieur de l\u2019\u00e9ducation, de la formation et de la recherche scientifique","article_modified_time":"2026-02-25T10:06:03+00:00","twitter_card":"summary_large_image","twitter_misc":{"Dur\u00e9e de lecture estim\u00e9e":"1 minute"},"schema":{"@context":"https:\/\/schema.org","@graph":[{"@type":"WebPage","@id":"https:\/\/csefrs.lifemoz.com\/fr\/candidature-pour-le-concours\/","url":"https:\/\/csefrs.lifemoz.com\/fr\/candidature-pour-le-concours\/","name":"Candidature pour le concours - Conseil sup\u00e9rieur de l\u2019\u00e9ducation, de la formation et de la recherche scientifique","isPartOf":{"@id":"https:\/\/csefrs.lifemoz.com\/#website"},"datePublished":"2026-02-11T15:16:32+00:00","dateModified":"2026-02-25T10:06:03+00:00","breadcrumb":{"@id":"https:\/\/csefrs.lifemoz.com\/fr\/candidature-pour-le-concours\/#breadcrumb"},"inLanguage":"fr-FR","potentialAction":[{"@type":"ReadAction","target":["https:\/\/csefrs.lifemoz.com\/fr\/candidature-pour-le-concours\/"]}]},{"@type":"BreadcrumbList","@id":"https:\/\/csefrs.lifemoz.com\/fr\/candidature-pour-le-concours\/#breadcrumb","itemListElement":[{"@type":"ListItem","position":1,"name":"Accueil","item":"https:\/\/csefrs.lifemoz.com\/fr\/"},{"@type":"ListItem","position":2,"name":"Candidature pour le concours"}]},{"@type":"WebSite","@id":"https:\/\/csefrs.lifemoz.com\/#website","url":"https:\/\/csefrs.lifemoz.com\/","name":"Conseil sup\u00e9rieur de l\u2019\u00e9ducation, de la formation et de la recherche scientifique","description":"","potentialAction":[{"@type":"SearchAction","target":{"@type":"EntryPoint","urlTemplate":"https:\/\/csefrs.lifemoz.com\/?s={search_term_string}"},"query-input":{"@type":"PropertyValueSpecification","valueRequired":true,"valueName":"search_term_string"}}],"inLanguage":"fr-FR"}]}},"_links":{"self":[{"href":"https:\/\/csefrs.lifemoz.com\/fr\/wp-json\/wp\/v2\/pages\/39887","targetHints":{"allow":["GET"]}}],"collection":[{"href":"https:\/\/csefrs.lifemoz.com\/fr\/wp-json\/wp\/v2\/pages"}],"about":[{"href":"https:\/\/csefrs.lifemoz.com\/fr\/wp-json\/wp\/v2\/types\/page"}],"author":[{"embeddable":true,"href":"https:\/\/csefrs.lifemoz.com\/fr\/wp-json\/wp\/v2\/users\/696"}],"replies":[{"embeddable":true,"href":"https:\/\/csefrs.lifemoz.com\/fr\/wp-json\/wp\/v2\/comments?post=39887"}],"version-history":[{"count":7,"href":"https:\/\/csefrs.lifemoz.com\/fr\/wp-json\/wp\/v2\/pages\/39887\/revisions"}],"predecessor-version":[{"id":40350,"href":"https:\/\/csefrs.lifemoz.com\/fr\/wp-json\/wp\/v2\/pages\/39887\/revisions\/40350"}],"wp:attachment":[{"href":"https:\/\/csefrs.lifemoz.com\/fr\/wp-json\/wp\/v2\/media?parent=39887"}],"curies":[{"name":"wp","href":"https:\/\/api.w.org\/{rel}","templated":true}]}}