{"id":39592,"date":"2026-02-15T18:20:00","date_gmt":"2026-02-15T18:20:00","guid":{"rendered":"https:\/\/csefrs.lifemoz.com\/%d9%85%d9%82%d8%aa%d8%b6%d9%8a%d8%a7%d8%aa-%d8%b9%d8%a7%d9%85%d8%a9\/"},"modified":"2026-02-15T20:13:47","modified_gmt":"2026-02-15T20:13:47","slug":"mentions-legales","status":"publish","type":"page","link":"https:\/\/csefrs.lifemoz.com\/fr\/mentions-legales\/","title":{"rendered":"Mentions l\u00e9gales"},"content":{"rendered":"<div class=\"wpb-content-wrapper\"><p>[vc_row content_placement=\u00a0\u00bbmiddle\u00a0\u00bb bg_type=\u00a0\u00bbimage\u00a0\u00bb parallax_style=\u00a0\u00bbvcpb-default\u00a0\u00bb bg_image_new=\u00a0\u00bbid^34958|url^http:\/\/csefrs.lifemoz.com\/wp-content\/uploads\/2025\/11\/I.png|caption^null|alt^null|title^I|description^null\u00a0\u00bb bg_image_repeat=\u00a0\u00bbno-repeat\u00a0\u00bb bg_override=\u00a0\u00bbex-full\u00a0\u00bb type=\u00a0\u00bbvc_default\u00a0\u00bb el_class=\u00a0\u00bbbg-sec\u00a0\u00bb min_height=\u00a0\u00bb243px\u00a0\u00bb][vc_column][vc_column_text css=\u00a0\u00bb\u00a0\u00bb]<\/p>\n<h1 class=\"heading-conseil\" style=\"text-align: center;\">Mentions l\u00e9gales<\/h1>\n<p>[\/vc_column_text][\/vc_column][\/vc_row][vc_row][vc_column css=\u00a0\u00bb.vc_custom_1771179395106{margin-top: 40px !important;margin-bottom: 40px !important;}\u00a0\u00bb][vc_column_text css=\u00a0\u00bb\u00a0\u00bb]<\/p>\n<h2 style=\"text-align: left;\"><span style=\"color: #bb1a25;\">I- Propri\u00e9taires du site :<br \/>\n<\/span><\/h2>\n<p style=\"text-align: left;\">Chaque information du site est sous la responsabilit\u00e9 d\u2019un \u00e9diteur. La mise \u00e0 jour de ce site est r\u00e9alis\u00e9e par un administrateur d\u00e9sign\u00e9 par cet \u00e9diteur.<\/p>\n<p style=\"text-align: left;\"><strong>Editeur : La Direction de la communication du CSEFRS est responsable de la ligne \u00e9ditoriale et du suivi du site.<\/strong><\/p>\n<p>&nbsp;<\/p>\n<p>[\/vc_column_text][vc_column_text css=\u00a0\u00bb\u00a0\u00bb]<\/p>\n<h2 style=\"text-align: left;\"><span style=\"color: #bb1a25;\">II- Droits d\u2019auteurs :<br \/>\n<\/span><\/h2>\n<p><strong>Cr\u00e9dits photographiques :<\/strong>\u00a0Conseil Sup\u00e9rieur de l\u2019Education, de la Formation et de la Recherche Scientifique<\/p>\n<p>Tous droits de reproduction r\u00e9serv\u00e9s, au Maroc comme \u00e0 l\u2019\u00e9tranger.<\/p>\n<p><strong>M\u00e9diath\u00e8que :<\/strong><\/p>\n<p><strong>@ cr\u00e9dit photos du CSEFRS<\/strong>\u00a0: Les photos fournies sur ce site, peuvent \u00eatre reproduites librement dans la presse, sous r\u00e9serve de mentionner l\u2019auteur. Elles ne peuvent en aucun cas \u00eatre utilis\u00e9es \u00e0 des fins promotionnelles ou\/et publicitaires. Leur utilisation reste soumise aux lois en vigueur relatives aux droits d\u2019auteur.<\/p>\n<p><strong>Droits de reproduction, copyright et liens :<\/strong>\u00a0La reproduction sur support papier des pages de ce site est autoris\u00e9e, sous r\u00e9serve du respect des conditions suivantes : \u2013 gratuit\u00e9 de la diffusion \u2013 respect de l\u2019int\u00e9grit\u00e9 des documents reproduits (ni modification ni alt\u00e9ration d\u2019aucune sorte) \u2013 citation explicite du site www.csefrs.ma comme source et mention que les droits de reproductions sont r\u00e9serv\u00e9s et limit\u00e9s.<\/p>\n<p>La reproduction sur support \u00e9lectronique de tout ou partie du site est autoris\u00e9e sous r\u00e9serve de l\u2019ajout clair et lisible de la source (www.csefrs.ma) et de la mention \u00ab\u00a0droits r\u00e9serv\u00e9s\u00a0\u00bb. Toute utilisation \u00e0 des fins publicitaires ou commerciale est exclue. La cr\u00e9ation de liens vers ce site est autoris\u00e9e sous r\u00e9serve de :<\/p>\n<ul>\n<li>ne pas utiliser la technique du lien profond ;<\/li>\n<li>ne pas utiliser ce site dans un cadre (frame ou iframe) ;<\/li>\n<li>ne pas faire de lien vers une image, une photographie ou une vid\u00e9o en l\u2019incluant dans une page hors de ce site.<\/li>\n<\/ul>\n<p>[\/vc_column_text][vc_column_text css=\u00a0\u00bb\u00a0\u00bb]<\/p>\n<h2 style=\"font-size: 30px; text-align: left;\"><span style=\"color: #bb1a25;\"><strong>III- Conditions d\u2019utilisation :<\/strong><\/span><\/h2>\n<p><span style=\"color: #bb1a25;\"><strong>L\u2019espace interactif\u00a0:<\/strong><\/span><\/p>\n<p>L\u2019espace interactif du Conseil est un lieu d\u2019expression ouvert \u00e0 tous et \u00e0 toutes. Vous \u00eates invit\u00e9s \u00e0 vous y exprimer librement dans le respect des opinions et des droits de chacun.<\/p>\n<p>La participation dans l\u2019espace interactif est libre, mais en vous inscrivant et contribuant par l\u2019envoi d\u2019un message vous reconnaissez avoir pris connaissance et accepter les conditions d\u2019utilisation du forum.<\/p>\n<p>Ainsi, les mod\u00e9rateurs de l\u2019espace interactif se r\u00e9servent le droit de retirer tout message qu\u2019ils estimeraient d\u00e9plac\u00e9, inappropri\u00e9, contraire aux lois et r\u00e8glements, \u00e0 cette charte d\u2019utilisation ou susceptible de porter pr\u00e9judice directement ou non \u00e0 des tiers.<\/p>\n<p>Seront supprim\u00e9es les messages qui\u00a0:<\/p>\n<ol>\n<li>incitent \u00e0 la discrimination fond\u00e9e sur la race, le sexe, la religion, \u00e0 la haine, \u00e0 la violence, au racisme ou au r\u00e9visionnisme<\/li>\n<li>incitent \u00e0 la commission de d\u00e9lits<\/li>\n<li>sont contraire \u00e0 l\u2019ordre public et aux bonnes m\u0153urs,<\/li>\n<li>font l\u2019apologie des crimes ou d\u00e9lits et particuli\u00e8rement du meurtre, viol, des crimes de guerre et crimes contre l\u2019humanit\u00e9,<\/li>\n<li>ont un caract\u00e8re injurieux, diffamatoire, insultant ou grossier<\/li>\n<li>portent manifestement atteinte aux droits d\u2019autrui et particuli\u00e8rement ceux qui portent atteinte \u00e0 l\u2019honneur ou \u00e0 la r\u00e9putation d\u2019autrui,<\/li>\n<li>sont li\u00e9s \u00e0 un int\u00e9r\u00eat manifestement commercial ou ont un but promotionnel sans objet avec le forum.<\/li>\n<\/ol>\n<p>Les mod\u00e9rateurs de l\u2019espace interactif se r\u00e9servent le droit d\u2019exclure du forum, de fa\u00e7on temporaire ou d\u00e9finitive, toute personne dont les messages sont en contradiction avec les r\u00e8gles mentionn\u00e9es ci-dessus.[\/vc_column_text][vc_column_text css=\u00a0\u00bb\u00a0\u00bb]<\/p>\n<p style=\"text-align: left;\"><span style=\"color: #bb1a25;\"><strong>Les r\u00e9seaux sociaux\u00a0:<\/strong><\/span><\/p>\n<p style=\"text-align: left;\">Le Conseil Sup\u00e9rieur de l\u2019Education, de la Formation et de la Recherche Scientifique, a choisi d\u2019\u00eatre pr\u00e9sent sur un certain nombre de r\u00e9seaux sociaux pour permettre une meilleure communication sur ses missions et ses activit\u00e9s.<\/p>\n<p style=\"text-align: left;\">Le Conseil se dote de comptes sur les m\u00e9dias sociaux suivants :<\/p>\n<ul style=\"text-align: left;\">\n<li>Facebook<\/li>\n<li>Twitter<\/li>\n<li>Youtube<\/li>\n<li>Linkedin<\/li>\n<\/ul>\n<p style=\"text-align: left;\">Les pages des r\u00e9seaux sociaux sont ouvertes \u00e0 toutes les communaut\u00e9s num\u00e9riques pour interagir avec le Conseil.<br \/>\nLe CSEFRS rappelle \u00e0 ses communaut\u00e9s sur les r\u00e9seaux sociaux les r\u00e8gles \u00e9thiques suivantes :<\/p>\n<ul style=\"text-align: left;\">\n<li>V\u00e9rifier l\u2019exactitude des faits et la cr\u00e9dibilit\u00e9 de la source avant de diffuser une information ;<\/li>\n<li>Mentionner la source si le contenu n\u2019est pas le v\u00f4tre ;<\/li>\n<li>Droit \u00e0 l\u2019image : \u00e9viter la diffusion d\u2019informations ou d\u2019images embarrassantes pour autrui ou portant atteinte \u00e0 leurs personnes ;<\/li>\n<li>Demander la permission des personnes avant de publier des photos ou des vid\u00e9os (sauf \u00e9v\u00e9nements publics) ;<\/li>\n<li>La falsification (usurpation d\u2019identit\u00e9) et la mystification (pseudos multiples\u2026) ne sont pas tol\u00e9r\u00e9es ;<\/li>\n<li>Le Conseil se r\u00e9serve le droit de supprimer ou bloquer toute personne ayant post\u00e9 des propos injurieux, diffamatoires, agressifs et discriminatoires ou tout autre commentaire contraire aux valeurs de la D\u00e9claration universelle des droits de l\u2019Homme\u2026 ;<\/li>\n<li>Les opinions exprim\u00e9es dans les posts n\u2019engagent que leurs auteurs<\/li>\n<li>Le CSEFRS se r\u00e9serve le droit \u00e9galement de supprimer ou de bloquer la source de tout post \u00e0 caract\u00e8re pornographique, appelant \u00e0 la haine et \u00e0 la violence ou contraire \u00e0 la loi.<\/li>\n<li>Le CSEFRS se r\u00e9serve aussi le droit de supprimer ou bloquer la source de tout post publicitaire et\/ ou \u00e0 des fins commerciales.<\/li>\n<\/ul>\n<p style=\"text-align: left;\">Le CSEFRS recommande \u00e9galement qu\u2019avant de poster un commentaire, de bien v\u00e9rifier que le message est bien en relation avec les th\u00e8mes ou l\u2019objet de la publication Facebook, du tweet, ou de la vid\u00e9o Youtube.<\/p>\n<p>[\/vc_column_text][\/vc_column][\/vc_row]<\/p>\n<\/div>","protected":false},"excerpt":{"rendered":"<p>[vc_row content_placement=\u00a0\u00bbmiddle\u00a0\u00bb bg_type=\u00a0\u00bbimage\u00a0\u00bb parallax_style=\u00a0\u00bbvcpb-default\u00a0\u00bb bg_image_new=\u00a0\u00bbid^34958|url^http:\/\/csefrs.lifemoz.com\/wp-content\/uploads\/2025\/11\/I.png|caption^null|alt^null|title^I|description^null\u00a0\u00bb bg_image_repeat=\u00a0\u00bbno-repeat\u00a0\u00bb bg_override=\u00a0\u00bbex-full\u00a0\u00bb type=\u00a0\u00bbvc_default\u00a0\u00bb el_class=\u00a0\u00bbbg-sec\u00a0\u00bb min_height=\u00a0\u00bb243px\u00a0\u00bb][vc_column][vc_column_text css=\u00a0\u00bb\u00a0\u00bb] Mentions l\u00e9gales [\/vc_column_text][\/vc_column][\/vc_row][vc_row][vc_column css=\u00a0\u00bb.vc_custom_1771179395106{margin-top: 40px !important;margin-bottom: 40px !important;}\u00a0\u00bb][vc_column_text css=\u00a0\u00bb\u00a0\u00bb] I- Propri\u00e9taires du site : Chaque information du site est sous la responsabilit\u00e9 d\u2019un \u00e9diteur. La mise \u00e0 jour de ce site est r\u00e9alis\u00e9e par un administrateur d\u00e9sign\u00e9 par cet \u00e9diteur. Editeur : La Direction&hellip;<\/p>\n","protected":false},"author":696,"featured_media":0,"parent":0,"menu_order":0,"comment_status":"closed","ping_status":"closed","template":"","meta":{"footnotes":""},"class_list":["post-39592","page","type-page","status-publish","hentry","description-off"],"yoast_head":"<!-- This site is optimized with the Yoast SEO plugin v27.5 - https:\/\/yoast.com\/product\/yoast-seo-wordpress\/ -->\n<title>Mentions l\u00e9gales - Conseil sup\u00e9rieur de l\u2019\u00e9ducation, de la formation et de la recherche scientifique<\/title>\n<meta name=\"robots\" content=\"noindex, follow, max-snippet:-1, max-image-preview:large, max-video-preview:-1\" \/>\n<meta property=\"og:locale\" content=\"fr_FR\" \/>\n<meta property=\"og:type\" content=\"article\" \/>\n<meta property=\"og:title\" content=\"Mentions l\u00e9gales - Conseil sup\u00e9rieur de l\u2019\u00e9ducation, de la formation et de la recherche scientifique\" \/>\n<meta property=\"og:description\" content=\"[vc_row content_placement=\u00a0\u00bbmiddle\u00a0\u00bb bg_type=\u00a0\u00bbimage\u00a0\u00bb parallax_style=\u00a0\u00bbvcpb-default\u00a0\u00bb bg_image_new=\u00a0\u00bbid^34958|url^http:\/\/csefrs.lifemoz.com\/wp-content\/uploads\/2025\/11\/I.png|caption^null|alt^null|title^I|description^null\u00a0\u00bb bg_image_repeat=\u00a0\u00bbno-repeat\u00a0\u00bb bg_override=\u00a0\u00bbex-full\u00a0\u00bb type=\u00a0\u00bbvc_default\u00a0\u00bb el_class=\u00a0\u00bbbg-sec\u00a0\u00bb min_height=\u00a0\u00bb243px\u00a0\u00bb][vc_column][vc_column_text css=\u00a0\u00bb\u00a0\u00bb] Mentions l\u00e9gales [\/vc_column_text][\/vc_column][\/vc_row][vc_row][vc_column css=\u00a0\u00bb.vc_custom_1771179395106{margin-top: 40px !important;margin-bottom: 40px !important;}\u00a0\u00bb][vc_column_text css=\u00a0\u00bb\u00a0\u00bb] I- Propri\u00e9taires du site : Chaque information du site est sous la responsabilit\u00e9 d\u2019un \u00e9diteur. La mise \u00e0 jour de ce site est r\u00e9alis\u00e9e par un administrateur d\u00e9sign\u00e9 par cet \u00e9diteur. Editeur : La Direction&hellip;\" \/>\n<meta property=\"og:url\" content=\"https:\/\/csefrs.lifemoz.com\/\u0645\u0642\u062a\u0636\u064a\u0627\u062a-\u0639\u0627\u0645\u0629\/\" \/>\n<meta property=\"og:site_name\" content=\"Conseil sup\u00e9rieur de l\u2019\u00e9ducation, de la formation et de la recherche scientifique\" \/>\n<meta property=\"article:modified_time\" content=\"2026-02-15T20:13:47+00:00\" \/>\n<meta name=\"twitter:card\" content=\"summary_large_image\" \/>\n<meta name=\"twitter:label1\" content=\"Dur\u00e9e de lecture estim\u00e9e\" \/>\n\t<meta name=\"twitter:data1\" content=\"5 minutes\" \/>\n<script type=\"application\/ld+json\" class=\"yoast-schema-graph\">{\"@context\":\"https:\\\/\\\/schema.org\",\"@graph\":[{\"@type\":\"WebPage\",\"@id\":\"https:\\\/\\\/csefrs.lifemoz.com\\\/%d9%85%d9%82%d8%aa%d8%b6%d9%8a%d8%a7%d8%aa-%d8%b9%d8%a7%d9%85%d8%a9\\\/\",\"url\":\"https:\\\/\\\/csefrs.lifemoz.com\\\/%d9%85%d9%82%d8%aa%d8%b6%d9%8a%d8%a7%d8%aa-%d8%b9%d8%a7%d9%85%d8%a9\\\/\",\"name\":\"Mentions l\u00e9gales - Conseil sup\u00e9rieur de l\u2019\u00e9ducation, de la formation et de la recherche scientifique\",\"isPartOf\":{\"@id\":\"https:\\\/\\\/csefrs.lifemoz.com\\\/#website\"},\"datePublished\":\"2026-02-15T18:20:00+00:00\",\"dateModified\":\"2026-02-15T20:13:47+00:00\",\"breadcrumb\":{\"@id\":\"https:\\\/\\\/csefrs.lifemoz.com\\\/%d9%85%d9%82%d8%aa%d8%b6%d9%8a%d8%a7%d8%aa-%d8%b9%d8%a7%d9%85%d8%a9\\\/#breadcrumb\"},\"inLanguage\":\"fr-FR\",\"potentialAction\":[{\"@type\":\"ReadAction\",\"target\":[\"https:\\\/\\\/csefrs.lifemoz.com\\\/%d9%85%d9%82%d8%aa%d8%b6%d9%8a%d8%a7%d8%aa-%d8%b9%d8%a7%d9%85%d8%a9\\\/\"]}]},{\"@type\":\"BreadcrumbList\",\"@id\":\"https:\\\/\\\/csefrs.lifemoz.com\\\/%d9%85%d9%82%d8%aa%d8%b6%d9%8a%d8%a7%d8%aa-%d8%b9%d8%a7%d9%85%d8%a9\\\/#breadcrumb\",\"itemListElement\":[{\"@type\":\"ListItem\",\"position\":1,\"name\":\"Accueil\",\"item\":\"https:\\\/\\\/csefrs.lifemoz.com\\\/fr\\\/\"},{\"@type\":\"ListItem\",\"position\":2,\"name\":\"Mentions l\u00e9gales\"}]},{\"@type\":\"WebSite\",\"@id\":\"https:\\\/\\\/csefrs.lifemoz.com\\\/#website\",\"url\":\"https:\\\/\\\/csefrs.lifemoz.com\\\/\",\"name\":\"Conseil sup\u00e9rieur de l\u2019\u00e9ducation, de la formation et de la recherche scientifique\",\"description\":\"\",\"potentialAction\":[{\"@type\":\"SearchAction\",\"target\":{\"@type\":\"EntryPoint\",\"urlTemplate\":\"https:\\\/\\\/csefrs.lifemoz.com\\\/?s={search_term_string}\"},\"query-input\":{\"@type\":\"PropertyValueSpecification\",\"valueRequired\":true,\"valueName\":\"search_term_string\"}}],\"inLanguage\":\"fr-FR\"}]}<\/script>\n<!-- \/ Yoast SEO plugin. -->","yoast_head_json":{"title":"Mentions l\u00e9gales - Conseil sup\u00e9rieur de l\u2019\u00e9ducation, de la formation et de la recherche scientifique","robots":{"index":"noindex","follow":"follow","max-snippet":"max-snippet:-1","max-image-preview":"max-image-preview:large","max-video-preview":"max-video-preview:-1"},"og_locale":"fr_FR","og_type":"article","og_title":"Mentions l\u00e9gales - Conseil sup\u00e9rieur de l\u2019\u00e9ducation, de la formation et de la recherche scientifique","og_description":"[vc_row content_placement=\u00a0\u00bbmiddle\u00a0\u00bb bg_type=\u00a0\u00bbimage\u00a0\u00bb parallax_style=\u00a0\u00bbvcpb-default\u00a0\u00bb bg_image_new=\u00a0\u00bbid^34958|url^http:\/\/csefrs.lifemoz.com\/wp-content\/uploads\/2025\/11\/I.png|caption^null|alt^null|title^I|description^null\u00a0\u00bb bg_image_repeat=\u00a0\u00bbno-repeat\u00a0\u00bb bg_override=\u00a0\u00bbex-full\u00a0\u00bb type=\u00a0\u00bbvc_default\u00a0\u00bb el_class=\u00a0\u00bbbg-sec\u00a0\u00bb min_height=\u00a0\u00bb243px\u00a0\u00bb][vc_column][vc_column_text css=\u00a0\u00bb\u00a0\u00bb] Mentions l\u00e9gales [\/vc_column_text][\/vc_column][\/vc_row][vc_row][vc_column css=\u00a0\u00bb.vc_custom_1771179395106{margin-top: 40px !important;margin-bottom: 40px !important;}\u00a0\u00bb][vc_column_text css=\u00a0\u00bb\u00a0\u00bb] I- Propri\u00e9taires du site : Chaque information du site est sous la responsabilit\u00e9 d\u2019un \u00e9diteur. La mise \u00e0 jour de ce site est r\u00e9alis\u00e9e par un administrateur d\u00e9sign\u00e9 par cet \u00e9diteur. Editeur : La Direction&hellip;","og_url":"https:\/\/csefrs.lifemoz.com\/\u0645\u0642\u062a\u0636\u064a\u0627\u062a-\u0639\u0627\u0645\u0629\/","og_site_name":"Conseil sup\u00e9rieur de l\u2019\u00e9ducation, de la formation et de la recherche scientifique","article_modified_time":"2026-02-15T20:13:47+00:00","twitter_card":"summary_large_image","twitter_misc":{"Dur\u00e9e de lecture estim\u00e9e":"5 minutes"},"schema":{"@context":"https:\/\/schema.org","@graph":[{"@type":"WebPage","@id":"https:\/\/csefrs.lifemoz.com\/%d9%85%d9%82%d8%aa%d8%b6%d9%8a%d8%a7%d8%aa-%d8%b9%d8%a7%d9%85%d8%a9\/","url":"https:\/\/csefrs.lifemoz.com\/%d9%85%d9%82%d8%aa%d8%b6%d9%8a%d8%a7%d8%aa-%d8%b9%d8%a7%d9%85%d8%a9\/","name":"Mentions l\u00e9gales - Conseil sup\u00e9rieur de l\u2019\u00e9ducation, de la formation et de la recherche scientifique","isPartOf":{"@id":"https:\/\/csefrs.lifemoz.com\/#website"},"datePublished":"2026-02-15T18:20:00+00:00","dateModified":"2026-02-15T20:13:47+00:00","breadcrumb":{"@id":"https:\/\/csefrs.lifemoz.com\/%d9%85%d9%82%d8%aa%d8%b6%d9%8a%d8%a7%d8%aa-%d8%b9%d8%a7%d9%85%d8%a9\/#breadcrumb"},"inLanguage":"fr-FR","potentialAction":[{"@type":"ReadAction","target":["https:\/\/csefrs.lifemoz.com\/%d9%85%d9%82%d8%aa%d8%b6%d9%8a%d8%a7%d8%aa-%d8%b9%d8%a7%d9%85%d8%a9\/"]}]},{"@type":"BreadcrumbList","@id":"https:\/\/csefrs.lifemoz.com\/%d9%85%d9%82%d8%aa%d8%b6%d9%8a%d8%a7%d8%aa-%d8%b9%d8%a7%d9%85%d8%a9\/#breadcrumb","itemListElement":[{"@type":"ListItem","position":1,"name":"Accueil","item":"https:\/\/csefrs.lifemoz.com\/fr\/"},{"@type":"ListItem","position":2,"name":"Mentions l\u00e9gales"}]},{"@type":"WebSite","@id":"https:\/\/csefrs.lifemoz.com\/#website","url":"https:\/\/csefrs.lifemoz.com\/","name":"Conseil sup\u00e9rieur de l\u2019\u00e9ducation, de la formation et de la recherche scientifique","description":"","potentialAction":[{"@type":"SearchAction","target":{"@type":"EntryPoint","urlTemplate":"https:\/\/csefrs.lifemoz.com\/?s={search_term_string}"},"query-input":{"@type":"PropertyValueSpecification","valueRequired":true,"valueName":"search_term_string"}}],"inLanguage":"fr-FR"}]}},"_links":{"self":[{"href":"https:\/\/csefrs.lifemoz.com\/fr\/wp-json\/wp\/v2\/pages\/39592","targetHints":{"allow":["GET"]}}],"collection":[{"href":"https:\/\/csefrs.lifemoz.com\/fr\/wp-json\/wp\/v2\/pages"}],"about":[{"href":"https:\/\/csefrs.lifemoz.com\/fr\/wp-json\/wp\/v2\/types\/page"}],"author":[{"embeddable":true,"href":"https:\/\/csefrs.lifemoz.com\/fr\/wp-json\/wp\/v2\/users\/696"}],"replies":[{"embeddable":true,"href":"https:\/\/csefrs.lifemoz.com\/fr\/wp-json\/wp\/v2\/comments?post=39592"}],"version-history":[{"count":0,"href":"https:\/\/csefrs.lifemoz.com\/fr\/wp-json\/wp\/v2\/pages\/39592\/revisions"}],"wp:attachment":[{"href":"https:\/\/csefrs.lifemoz.com\/fr\/wp-json\/wp\/v2\/media?parent=39592"}],"curies":[{"name":"wp","href":"https:\/\/api.w.org\/{rel}","templated":true}]}}