{"id":39438,"date":"2026-01-12T09:38:29","date_gmt":"2026-01-12T08:38:29","guid":{"rendered":"https:\/\/csefrs.lifemoz.com\/%d9%85%d8%b4%d8%a7%d8%b1%d9%8a%d8%b9-%d8%a7%d9%84%d8%b4%d8%b1%d8%a7%d9%83%d8%a9-%d9%88%d8%a7%d9%84%d8%aa%d8%b9%d8%a7%d9%88%d9%86\/"},"modified":"2026-04-08T15:33:26","modified_gmt":"2026-04-08T14:33:26","slug":"projets-de-partenariat-et-de-cooperation","status":"publish","type":"page","link":"https:\/\/csefrs.lifemoz.com\/fr\/projets-de-partenariat-et-de-cooperation\/","title":{"rendered":"Projets de partenariat et de coop\u00e9ration"},"content":{"rendered":"<div class=\"wpb-content-wrapper\"><p>[vc_row content_placement=\u00a0\u00bbmiddle\u00a0\u00bb bg_type=\u00a0\u00bbimage\u00a0\u00bb parallax_style=\u00a0\u00bbvcpb-default\u00a0\u00bb bg_image_new=\u00a0\u00bbid^34958|url^http:\/\/csefrs.lifemoz.com\/wp-content\/uploads\/2025\/11\/I.png|caption^null|alt^null|title^I|description^null\u00a0\u00bb bg_override=\u00a0\u00bbex-full\u00a0\u00bb min_height=\u00a0\u00bb243px\u00a0\u00bb el_class=\u00a0\u00bbbg-sec\u00a0\u00bb css=\u00a0\u00bb.vc_custom_1769527571250{margin-bottom: 0px !important;}\u00a0\u00bb][vc_column][vc_column_text css=\u00a0\u00bb\u00a0\u00bb el_class=\u00a0\u00bbhas-color-fff\u00a0\u00bb]<\/p>\n<h1 style=\"text-align: center;\">Pr\u00e9sentation g\u00e9n\u00e9rale<\/h1>\n<p>[\/vc_column_text][\/vc_column][\/vc_row][vc_row bg_type=\u00a0\u00bbbg_color\u00a0\u00bb bg_override=\u00a0\u00bbex-full\u00a0\u00bb bg_color_value=\u00a0\u00bb#F6F7F9&Prime;][vc_column][vc_wp_custommenu nav_menu=\u00a0\u00bb550&Prime;][\/vc_column][\/vc_row][vc_row rtl_reverse=\u00a0\u00bbyes\u00a0\u00bb css=\u00a0\u00bb.vc_custom_1775658763642{margin-bottom: 50px !important;padding-top: 80px !important;}\u00a0\u00bb][vc_column][vc_column_text css=\u00a0\u00bb\u00a0\u00bb]<\/p>\n<p style=\"text-align: justify;\">La coop\u00e9ration et le partenariat constituent un axe structurant de l\u2019action du Conseil sup\u00e9rieur de l\u2019\u00e9ducation, de la formation et de la recherche scientifique. Ils contribuent \u00e0 l\u2019enrichissement des r\u00e9flexions du Conseil et \u00e0 l\u2019am\u00e9lioration des pratiques dans les domaines de l\u2019\u00e9ducation, de la formation et de la recherche scientifique. \u00c0 ce titre, ils favorisent l\u2019\u00e9change d\u2019exp\u00e9riences et le partage de pratiques pertinentes.<\/p>\n<p>[\/vc_column_text][\/vc_column][vc_column width=\u00a0\u00bb1\/2&Prime; css=\u00a0\u00bb.vc_custom_1775658738996{padding-top: 40px !important;}\u00a0\u00bb][vc_column_text css=\u00a0\u00bb.vc_custom_1775658799557{border-right-width: 2px !important;padding-right: 40px !important;border-right-style: solid !important;border-color: #B9B3B3 !important;}\u00a0\u00bb]<\/p>\n<h2><span style=\"color: #bb1a25;\">Les objectifs :<\/span><\/h2>\n<p>La politique de partenariat et de coop\u00e9ration du Conseil Sup\u00e9rieur de l\u2019\u00c9ducation, de la Formation et de la Recherche Scientifique vise \u00e0 :<\/p>\n<ul>\n<li>Favoriser l\u2019acc\u00e8s \u00e0 l\u2019expertise nationale et internationale dans les domaines de l\u2019\u00e9ducation, de la formation et de la recherche scientifique ;<\/li>\n<li>Assurer la valorisation et le rayonnement des travaux du Conseil aux niveaux national et international ;<\/li>\n<li>D\u00e9velopper des synergies et renforcer la coordination entre les acteurs du syst\u00e8me \u00e9ducatif et les partenaires strat\u00e9giques ;<\/li>\n<li>Contribuer \u00e0 l\u2019am\u00e9lioration des pratiques d\u2019\u00e9valuation, de planification et de suivi des politiques \u00e9ducatives ;<\/li>\n<li>Appuyer l\u2019\u00e9laboration et la mise en \u0153uvre des projets strat\u00e9giques du Conseil ;<\/li>\n<li>Consolider l\u2019expertise institutionnelle en mati\u00e8re d\u2019\u00e9valuation et de recherche dans les domaines de l\u2019\u00e9ducation, de la formation et de la recherche scientifique ;<\/li>\n<li>Renforcer les capacit\u00e9s institutionnelles du Conseil \u00e0 travers la conception et la mise en \u0153uvre de projets conjoints.<\/li>\n<\/ul>\n<p>[\/vc_column_text][\/vc_column][vc_column width=\u00a0\u00bb1\/2&Prime; css=\u00a0\u00bb.vc_custom_1775658730154{padding-top: 40px !important;}\u00a0\u00bb][vc_column_text css=\u00a0\u00bb\u00a0\u00bb]<\/p>\n<h2><span style=\"color: #bb1a25;\">Domaines de coop\u00e9ration<\/span><\/h2>\n<p>Les actions de coop\u00e9ration du Conseil couvrent notamment les domaines suivants :<\/p>\n<ul>\n<li>\u00c9change d\u2019expertise et renforcement des capacit\u00e9s ;<\/li>\n<li>\u00c9valuation des politiques \u00e9ducatives ;<\/li>\n<li>Prospective et recherche en \u00e9ducation, formation et recherche scientifique ;<\/li>\n<li>Gouvernance et pilotage des syst\u00e8mes \u00e9ducatifs ;<\/li>\n<li>Production et diffusion des connaissances.<\/li>\n<\/ul>\n<p>[\/vc_column_text][\/vc_column][\/vc_row]<\/p>\n<\/div>","protected":false},"excerpt":{"rendered":"<p>[vc_row content_placement=\u00a0\u00bbmiddle\u00a0\u00bb bg_type=\u00a0\u00bbimage\u00a0\u00bb parallax_style=\u00a0\u00bbvcpb-default\u00a0\u00bb bg_image_new=\u00a0\u00bbid^34958|url^http:\/\/csefrs.lifemoz.com\/wp-content\/uploads\/2025\/11\/I.png|caption^null|alt^null|title^I|description^null\u00a0\u00bb bg_override=\u00a0\u00bbex-full\u00a0\u00bb min_height=\u00a0\u00bb243px\u00a0\u00bb el_class=\u00a0\u00bbbg-sec\u00a0\u00bb css=\u00a0\u00bb.vc_custom_1769527571250{margin-bottom: 0px !important;}\u00a0\u00bb][vc_column][vc_column_text css=\u00a0\u00bb\u00a0\u00bb el_class=\u00a0\u00bbhas-color-fff\u00a0\u00bb] Pr\u00e9sentation g\u00e9n\u00e9rale [\/vc_column_text][\/vc_column][\/vc_row][vc_row bg_type=\u00a0\u00bbbg_color\u00a0\u00bb bg_override=\u00a0\u00bbex-full\u00a0\u00bb bg_color_value=\u00a0\u00bb#F6F7F9&Prime;][vc_column][vc_wp_custommenu nav_menu=\u00a0\u00bb550&Prime;][\/vc_column][\/vc_row][vc_row rtl_reverse=\u00a0\u00bbyes\u00a0\u00bb css=\u00a0\u00bb.vc_custom_1775658763642{margin-bottom: 50px !important;padding-top: 80px !important;}\u00a0\u00bb][vc_column][vc_column_text css=\u00a0\u00bb\u00a0\u00bb] La coop\u00e9ration et le partenariat constituent un axe structurant de l\u2019action du Conseil sup\u00e9rieur de l\u2019\u00e9ducation, de la formation et de la recherche scientifique. Ils contribuent \u00e0 l\u2019enrichissement&hellip;<\/p>\n","protected":false},"author":696,"featured_media":0,"parent":0,"menu_order":0,"comment_status":"closed","ping_status":"closed","template":"","meta":{"footnotes":""},"class_list":["post-39438","page","type-page","status-publish","hentry","description-off"],"yoast_head":"<!-- This site is optimized with the Yoast SEO plugin v27.5 - https:\/\/yoast.com\/product\/yoast-seo-wordpress\/ -->\n<title>Projets de partenariat et de coop\u00e9ration - Conseil sup\u00e9rieur de l\u2019\u00e9ducation, de la formation et de la recherche scientifique<\/title>\n<meta name=\"robots\" content=\"noindex, follow, max-snippet:-1, max-image-preview:large, max-video-preview:-1\" \/>\n<meta property=\"og:locale\" content=\"fr_FR\" \/>\n<meta property=\"og:type\" content=\"article\" \/>\n<meta property=\"og:title\" content=\"Projets de partenariat et de coop\u00e9ration - Conseil sup\u00e9rieur de l\u2019\u00e9ducation, de la formation et de la recherche scientifique\" \/>\n<meta property=\"og:description\" content=\"[vc_row content_placement=\u00a0\u00bbmiddle\u00a0\u00bb bg_type=\u00a0\u00bbimage\u00a0\u00bb parallax_style=\u00a0\u00bbvcpb-default\u00a0\u00bb bg_image_new=\u00a0\u00bbid^34958|url^http:\/\/csefrs.lifemoz.com\/wp-content\/uploads\/2025\/11\/I.png|caption^null|alt^null|title^I|description^null\u00a0\u00bb bg_override=\u00a0\u00bbex-full\u00a0\u00bb min_height=\u00a0\u00bb243px\u00a0\u00bb el_class=\u00a0\u00bbbg-sec\u00a0\u00bb css=\u00a0\u00bb.vc_custom_1769527571250{margin-bottom: 0px !important;}\u00a0\u00bb][vc_column][vc_column_text css=\u00a0\u00bb\u00a0\u00bb el_class=\u00a0\u00bbhas-color-fff\u00a0\u00bb] Pr\u00e9sentation g\u00e9n\u00e9rale [\/vc_column_text][\/vc_column][\/vc_row][vc_row bg_type=\u00a0\u00bbbg_color\u00a0\u00bb bg_override=\u00a0\u00bbex-full\u00a0\u00bb bg_color_value=\u00a0\u00bb#F6F7F9&Prime;][vc_column][vc_wp_custommenu nav_menu=\u00a0\u00bb550&Prime;][\/vc_column][\/vc_row][vc_row rtl_reverse=\u00a0\u00bbyes\u00a0\u00bb css=\u00a0\u00bb.vc_custom_1775658763642{margin-bottom: 50px !important;padding-top: 80px !important;}\u00a0\u00bb][vc_column][vc_column_text css=\u00a0\u00bb\u00a0\u00bb] La coop\u00e9ration et le partenariat constituent un axe structurant de l\u2019action du Conseil sup\u00e9rieur de l\u2019\u00e9ducation, de la formation et de la recherche scientifique. Ils contribuent \u00e0 l\u2019enrichissement&hellip;\" \/>\n<meta property=\"og:url\" content=\"https:\/\/csefrs.lifemoz.com\/fr\/projets-de-partenariat-et-de-cooperation\/\" \/>\n<meta property=\"og:site_name\" content=\"Conseil sup\u00e9rieur de l\u2019\u00e9ducation, de la formation et de la recherche scientifique\" \/>\n<meta property=\"article:modified_time\" content=\"2026-04-08T14:33:26+00:00\" \/>\n<meta name=\"twitter:card\" content=\"summary_large_image\" \/>\n<meta name=\"twitter:label1\" content=\"Dur\u00e9e de lecture estim\u00e9e\" \/>\n\t<meta name=\"twitter:data1\" content=\"2 minutes\" \/>\n<script type=\"application\/ld+json\" class=\"yoast-schema-graph\">{\"@context\":\"https:\\\/\\\/schema.org\",\"@graph\":[{\"@type\":\"WebPage\",\"@id\":\"https:\\\/\\\/csefrs.lifemoz.com\\\/fr\\\/projets-de-partenariat-et-de-cooperation\\\/\",\"url\":\"https:\\\/\\\/csefrs.lifemoz.com\\\/fr\\\/projets-de-partenariat-et-de-cooperation\\\/\",\"name\":\"Projets de partenariat et de coop\u00e9ration - Conseil sup\u00e9rieur de l\u2019\u00e9ducation, de la formation et de la recherche scientifique\",\"isPartOf\":{\"@id\":\"https:\\\/\\\/csefrs.lifemoz.com\\\/#website\"},\"datePublished\":\"2026-01-12T08:38:29+00:00\",\"dateModified\":\"2026-04-08T14:33:26+00:00\",\"breadcrumb\":{\"@id\":\"https:\\\/\\\/csefrs.lifemoz.com\\\/fr\\\/projets-de-partenariat-et-de-cooperation\\\/#breadcrumb\"},\"inLanguage\":\"fr-FR\",\"potentialAction\":[{\"@type\":\"ReadAction\",\"target\":[\"https:\\\/\\\/csefrs.lifemoz.com\\\/fr\\\/projets-de-partenariat-et-de-cooperation\\\/\"]}]},{\"@type\":\"BreadcrumbList\",\"@id\":\"https:\\\/\\\/csefrs.lifemoz.com\\\/fr\\\/projets-de-partenariat-et-de-cooperation\\\/#breadcrumb\",\"itemListElement\":[{\"@type\":\"ListItem\",\"position\":1,\"name\":\"Accueil\",\"item\":\"https:\\\/\\\/csefrs.lifemoz.com\\\/fr\\\/\"},{\"@type\":\"ListItem\",\"position\":2,\"name\":\"Projets de partenariat et de coop\u00e9ration\"}]},{\"@type\":\"WebSite\",\"@id\":\"https:\\\/\\\/csefrs.lifemoz.com\\\/#website\",\"url\":\"https:\\\/\\\/csefrs.lifemoz.com\\\/\",\"name\":\"Conseil sup\u00e9rieur de l\u2019\u00e9ducation, de la formation et de la recherche scientifique\",\"description\":\"\",\"potentialAction\":[{\"@type\":\"SearchAction\",\"target\":{\"@type\":\"EntryPoint\",\"urlTemplate\":\"https:\\\/\\\/csefrs.lifemoz.com\\\/?s={search_term_string}\"},\"query-input\":{\"@type\":\"PropertyValueSpecification\",\"valueRequired\":true,\"valueName\":\"search_term_string\"}}],\"inLanguage\":\"fr-FR\"}]}<\/script>\n<!-- \/ Yoast SEO plugin. -->","yoast_head_json":{"title":"Projets de partenariat et de coop\u00e9ration - Conseil sup\u00e9rieur de l\u2019\u00e9ducation, de la formation et de la recherche scientifique","robots":{"index":"noindex","follow":"follow","max-snippet":"max-snippet:-1","max-image-preview":"max-image-preview:large","max-video-preview":"max-video-preview:-1"},"og_locale":"fr_FR","og_type":"article","og_title":"Projets de partenariat et de coop\u00e9ration - Conseil sup\u00e9rieur de l\u2019\u00e9ducation, de la formation et de la recherche scientifique","og_description":"[vc_row content_placement=\u00a0\u00bbmiddle\u00a0\u00bb bg_type=\u00a0\u00bbimage\u00a0\u00bb parallax_style=\u00a0\u00bbvcpb-default\u00a0\u00bb bg_image_new=\u00a0\u00bbid^34958|url^http:\/\/csefrs.lifemoz.com\/wp-content\/uploads\/2025\/11\/I.png|caption^null|alt^null|title^I|description^null\u00a0\u00bb bg_override=\u00a0\u00bbex-full\u00a0\u00bb min_height=\u00a0\u00bb243px\u00a0\u00bb el_class=\u00a0\u00bbbg-sec\u00a0\u00bb css=\u00a0\u00bb.vc_custom_1769527571250{margin-bottom: 0px !important;}\u00a0\u00bb][vc_column][vc_column_text css=\u00a0\u00bb\u00a0\u00bb el_class=\u00a0\u00bbhas-color-fff\u00a0\u00bb] Pr\u00e9sentation g\u00e9n\u00e9rale [\/vc_column_text][\/vc_column][\/vc_row][vc_row bg_type=\u00a0\u00bbbg_color\u00a0\u00bb bg_override=\u00a0\u00bbex-full\u00a0\u00bb bg_color_value=\u00a0\u00bb#F6F7F9&Prime;][vc_column][vc_wp_custommenu nav_menu=\u00a0\u00bb550&Prime;][\/vc_column][\/vc_row][vc_row rtl_reverse=\u00a0\u00bbyes\u00a0\u00bb css=\u00a0\u00bb.vc_custom_1775658763642{margin-bottom: 50px !important;padding-top: 80px !important;}\u00a0\u00bb][vc_column][vc_column_text css=\u00a0\u00bb\u00a0\u00bb] La coop\u00e9ration et le partenariat constituent un axe structurant de l\u2019action du Conseil sup\u00e9rieur de l\u2019\u00e9ducation, de la formation et de la recherche scientifique. Ils contribuent \u00e0 l\u2019enrichissement&hellip;","og_url":"https:\/\/csefrs.lifemoz.com\/fr\/projets-de-partenariat-et-de-cooperation\/","og_site_name":"Conseil sup\u00e9rieur de l\u2019\u00e9ducation, de la formation et de la recherche scientifique","article_modified_time":"2026-04-08T14:33:26+00:00","twitter_card":"summary_large_image","twitter_misc":{"Dur\u00e9e de lecture estim\u00e9e":"2 minutes"},"schema":{"@context":"https:\/\/schema.org","@graph":[{"@type":"WebPage","@id":"https:\/\/csefrs.lifemoz.com\/fr\/projets-de-partenariat-et-de-cooperation\/","url":"https:\/\/csefrs.lifemoz.com\/fr\/projets-de-partenariat-et-de-cooperation\/","name":"Projets de partenariat et de coop\u00e9ration - Conseil sup\u00e9rieur de l\u2019\u00e9ducation, de la formation et de la recherche scientifique","isPartOf":{"@id":"https:\/\/csefrs.lifemoz.com\/#website"},"datePublished":"2026-01-12T08:38:29+00:00","dateModified":"2026-04-08T14:33:26+00:00","breadcrumb":{"@id":"https:\/\/csefrs.lifemoz.com\/fr\/projets-de-partenariat-et-de-cooperation\/#breadcrumb"},"inLanguage":"fr-FR","potentialAction":[{"@type":"ReadAction","target":["https:\/\/csefrs.lifemoz.com\/fr\/projets-de-partenariat-et-de-cooperation\/"]}]},{"@type":"BreadcrumbList","@id":"https:\/\/csefrs.lifemoz.com\/fr\/projets-de-partenariat-et-de-cooperation\/#breadcrumb","itemListElement":[{"@type":"ListItem","position":1,"name":"Accueil","item":"https:\/\/csefrs.lifemoz.com\/fr\/"},{"@type":"ListItem","position":2,"name":"Projets de partenariat et de coop\u00e9ration"}]},{"@type":"WebSite","@id":"https:\/\/csefrs.lifemoz.com\/#website","url":"https:\/\/csefrs.lifemoz.com\/","name":"Conseil sup\u00e9rieur de l\u2019\u00e9ducation, de la formation et de la recherche scientifique","description":"","potentialAction":[{"@type":"SearchAction","target":{"@type":"EntryPoint","urlTemplate":"https:\/\/csefrs.lifemoz.com\/?s={search_term_string}"},"query-input":{"@type":"PropertyValueSpecification","valueRequired":true,"valueName":"search_term_string"}}],"inLanguage":"fr-FR"}]}},"_links":{"self":[{"href":"https:\/\/csefrs.lifemoz.com\/fr\/wp-json\/wp\/v2\/pages\/39438","targetHints":{"allow":["GET"]}}],"collection":[{"href":"https:\/\/csefrs.lifemoz.com\/fr\/wp-json\/wp\/v2\/pages"}],"about":[{"href":"https:\/\/csefrs.lifemoz.com\/fr\/wp-json\/wp\/v2\/types\/page"}],"author":[{"embeddable":true,"href":"https:\/\/csefrs.lifemoz.com\/fr\/wp-json\/wp\/v2\/users\/696"}],"replies":[{"embeddable":true,"href":"https:\/\/csefrs.lifemoz.com\/fr\/wp-json\/wp\/v2\/comments?post=39438"}],"version-history":[{"count":7,"href":"https:\/\/csefrs.lifemoz.com\/fr\/wp-json\/wp\/v2\/pages\/39438\/revisions"}],"predecessor-version":[{"id":43693,"href":"https:\/\/csefrs.lifemoz.com\/fr\/wp-json\/wp\/v2\/pages\/39438\/revisions\/43693"}],"wp:attachment":[{"href":"https:\/\/csefrs.lifemoz.com\/fr\/wp-json\/wp\/v2\/media?parent=39438"}],"curies":[{"name":"wp","href":"https:\/\/api.w.org\/{rel}","templated":true}]}}