{"id":39348,"date":"2026-01-17T12:25:55","date_gmt":"2026-01-17T11:25:55","guid":{"rendered":"https:\/\/csefrs.lifemoz.com\/%d9%85%d9%86%d9%87%d8%ac%d9%8a%d8%a9-%d8%a7%d9%84%d8%aa%d9%82%d9%8a%d9%8a%d9%85\/"},"modified":"2026-04-13T11:27:36","modified_gmt":"2026-04-13T10:27:36","slug":"methodologie-devaluation","status":"publish","type":"page","link":"https:\/\/csefrs.lifemoz.com\/fr\/methodologie-devaluation\/","title":{"rendered":"M\u00e9thodologie d&rsquo;\u00e9valuation"},"content":{"rendered":"<div class=\"wpb-content-wrapper\"><p>[vc_row content_placement=\u00a0\u00bbmiddle\u00a0\u00bb type=\u00a0\u00bbvc_default\u00a0\u00bb css=\u00a0\u00bb.vc_custom_1771879893617{margin-top: 0px !important;margin-bottom: 50px !important;}\u00a0\u00bb el_class=\u00a0\u00bbbg-sec\u00a0\u00bb][vc_column][vc_column_text css=\u00a0\u00bb\u00a0\u00bb]<\/p>\n<h1 class=\"heading-conseil\" style=\"text-align: center;\">M\u00e9thodologie d&rsquo;\u00e9valuation<\/h1>\n<p>[\/vc_column_text][\/vc_column][\/vc_row][vc_row gap=\u00a0\u00bb15&Prime; el_class=\u00a0\u00bbsec-parent\u00a0\u00bb][vc_column width=\u00a0\u00bb1\/4&Prime; el_class=\u00a0\u00bbchild-2&Prime;][vc_widget_sidebar show_bg=\u00a0\u00bbfalse\u00a0\u00bb sidebar_id=\u00a0\u00bbsidebar_7&Prime;][\/vc_column][vc_column width=\u00a0\u00bb3\/4&Prime; el_class=\u00a0\u00bbchild-1&Prime;][vc_column_text css=\u00a0\u00bb.vc_custom_1770740984952{padding-top: 15px !important;padding-bottom: 15px !important;}\u00a0\u00bb]<\/p>\n<h2 style=\"text-align: left;\"><span style=\"color: #bb1a25;\">\u00c9tapes d&rsquo;\u00e9valuation<\/span><\/h2>\n<p>[\/vc_column_text][vc_column_text css=\u00a0\u00bb\u00a0\u00bb]<\/p>\n<p style=\"text-align: left;\">Le processus d&rsquo;\u00e9valuation repose sur les principes et approches suivants :<\/p>\n<ul style=\"text-align: right;\">\n<li style=\"text-align: justify;\" aria-level=\"1\">Adopter des normes internationales et des m\u00e9thodes scientifiques reconnues dans le domaine de l&rsquo;\u00e9valuation ;<\/li>\n<li style=\"text-align: left;\" aria-level=\"1\">Choisir une approche participative impliquant les diff\u00e9rents acteurs \u00e9ducatifs ;<\/li>\n<li style=\"text-align: justify;\" aria-level=\"1\">Mettre en place des m\u00e9canismes d&rsquo;auto-\u00e9valuation interne, en coordination avec les unit\u00e9s p\u00e9dagogiques et les unit\u00e9s de recherche scientifique ;<\/li>\n<li style=\"text-align: justify;\" aria-level=\"1\">\u00c9mettre des estimations et des \u00e9valuations fond\u00e9es sur l&rsquo;impartialit\u00e9 et l&rsquo;objectivit\u00e9, sans aucun parti pris.<\/li>\n<\/ul>\n<p>[\/vc_column_text][vc_column_text css=\u00a0\u00bb.vc_custom_1770741096937{padding-top: 15px !important;padding-bottom: 15px !important;}\u00a0\u00bb]<\/p>\n<h2 style=\"text-align: left;\"><span style=\"color: #bb1a25;\">Niveaux d&rsquo;\u00e9valuation<\/span><\/h2>\n<p>[\/vc_column_text][vc_column_text css=\u00a0\u00bb\u00a0\u00bb]<\/p>\n<p style=\"text-align: left;\">L&rsquo;\u00e9valuation comprend plusieurs niveaux au sein du syst\u00e8me d&rsquo;\u00e9ducation, de formation et de recherche scientifique, comme suit :<\/p>\n<h3 style=\"text-align: left;\">\u00c9valuation globale<\/h3>\n<p style=\"text-align: justify;\">Cela concerne l&rsquo;ensemble du syst\u00e8me \u00e9ducatif et de formation, y compris les politiques publiques, les programmes nationaux, les secteurs et les fili\u00e8res \u00e9ducatives, et comprend notamment : l&rsquo;enseignement pr\u00e9scolaire, l&rsquo;enseignement primaire, l&rsquo;enseignement secondaire pr\u00e9paratoire, l&rsquo;enseignement secondaire qualifiant, l&rsquo;enseignement sup\u00e9rieur, la formation professionnelle, l&rsquo;enseignement priv\u00e9, l&rsquo;\u00e9ducation non formelle, ainsi que la gouvernance du syst\u00e8me \u00e9ducatif et ses m\u00e9canismes de financement.<\/p>\n<h3 style=\"text-align: left;\">\u00c9valuation interm\u00e9diaire<\/h3>\n<p style=\"text-align: justify;\">Cela concerne les unit\u00e9s et institutions \u00e9ducatives telles que les \u00e9coles, les universit\u00e9s, les \u00e9tablissements de formation, les programmes de formation et autres structures \u00e9ducatives.<\/p>\n<h3 style=\"text-align: left;\">\u00c9valuation centralis\u00e9e<\/h3>\n<p style=\"text-align: left;\">Il comprend essentiellement : les \u00e9l\u00e8ves et leurs r\u00e9sultats scolaires, et cette \u00e9valuation est r\u00e9alis\u00e9e simultan\u00e9ment aux niveaux international et national ;<\/p>\n<ul style=\"text-align: right;\">\n<li style=\"text-align: justify;\" aria-level=\"2\">Au niveau international, \u00e0 travers les \u00e9tudes internationales sur la lecture (PIRLS), les \u00e9tudes internationales sur les math\u00e9matiques et les sciences (TIMSS) et le programme international pour le suivi des acquis des \u00e9l\u00e8ves (PISA) ;<\/li>\n<li style=\"text-align: justify;\" aria-level=\"2\">Au niveau national, \u00e0 travers le Programme national d&rsquo;\u00e9valuation des acquis scolaires au Maroc (PNEA), qui est l&rsquo;outil national de r\u00e9f\u00e9rence pour l&rsquo;\u00e9valuation des acquis des \u00e9l\u00e8ves.<\/li>\n<\/ul>\n<ul>\n<li style=\"text-align: justify;\" aria-level=\"1\">Les acteurs du syst\u00e8me \u00e9ducatif, de la formation et de la recherche scientifique, en termes de r\u00f4les, de comp\u00e9tences et de pratiques professionnelles.<\/li>\n<\/ul>\n<p>[\/vc_column_text][\/vc_column][\/vc_row]<\/p>\n<\/div>","protected":false},"excerpt":{"rendered":"<p>[vc_row content_placement=\u00a0\u00bbmiddle\u00a0\u00bb type=\u00a0\u00bbvc_default\u00a0\u00bb css=\u00a0\u00bb.vc_custom_1771879893617{margin-top: 0px !important;margin-bottom: 50px !important;}\u00a0\u00bb el_class=\u00a0\u00bbbg-sec\u00a0\u00bb][vc_column][vc_column_text css=\u00a0\u00bb\u00a0\u00bb] M\u00e9thodologie d&rsquo;\u00e9valuation [\/vc_column_text][\/vc_column][\/vc_row][vc_row gap=\u00a0\u00bb15&Prime; el_class=\u00a0\u00bbsec-parent\u00a0\u00bb][vc_column width=\u00a0\u00bb1\/4&Prime; el_class=\u00a0\u00bbchild-2&Prime;][vc_widget_sidebar show_bg=\u00a0\u00bbfalse\u00a0\u00bb sidebar_id=\u00a0\u00bbsidebar_7&Prime;][\/vc_column][vc_column width=\u00a0\u00bb3\/4&Prime; el_class=\u00a0\u00bbchild-1&Prime;][vc_column_text css=\u00a0\u00bb.vc_custom_1770740984952{padding-top: 15px !important;padding-bottom: 15px !important;}\u00a0\u00bb] \u00c9tapes d&rsquo;\u00e9valuation [\/vc_column_text][vc_column_text css=\u00a0\u00bb\u00a0\u00bb] Le processus d&rsquo;\u00e9valuation repose sur les principes et approches suivants : Adopter des normes internationales et des m\u00e9thodes scientifiques reconnues dans le domaine de l&rsquo;\u00e9valuation&hellip;<\/p>\n","protected":false},"author":696,"featured_media":0,"parent":0,"menu_order":0,"comment_status":"closed","ping_status":"closed","template":"","meta":{"footnotes":""},"class_list":["post-39348","page","type-page","status-publish","hentry","description-off"],"yoast_head":"<!-- This site is optimized with the Yoast SEO plugin v27.5 - https:\/\/yoast.com\/product\/yoast-seo-wordpress\/ -->\n<title>M\u00e9thodologie d&#039;\u00e9valuation - Conseil sup\u00e9rieur de l\u2019\u00e9ducation, de la formation et de la recherche scientifique<\/title>\n<meta name=\"robots\" content=\"noindex, follow, max-snippet:-1, max-image-preview:large, max-video-preview:-1\" \/>\n<meta property=\"og:locale\" content=\"fr_FR\" \/>\n<meta property=\"og:type\" content=\"article\" \/>\n<meta property=\"og:title\" content=\"M\u00e9thodologie d&#039;\u00e9valuation - Conseil sup\u00e9rieur de l\u2019\u00e9ducation, de la formation et de la recherche scientifique\" \/>\n<meta property=\"og:description\" content=\"[vc_row content_placement=\u00a0\u00bbmiddle\u00a0\u00bb type=\u00a0\u00bbvc_default\u00a0\u00bb css=\u00a0\u00bb.vc_custom_1771879893617{margin-top: 0px !important;margin-bottom: 50px !important;}\u00a0\u00bb el_class=\u00a0\u00bbbg-sec\u00a0\u00bb][vc_column][vc_column_text css=\u00a0\u00bb\u00a0\u00bb] M\u00e9thodologie d&rsquo;\u00e9valuation [\/vc_column_text][\/vc_column][\/vc_row][vc_row gap=\u00a0\u00bb15&Prime; el_class=\u00a0\u00bbsec-parent\u00a0\u00bb][vc_column width=\u00a0\u00bb1\/4&Prime; el_class=\u00a0\u00bbchild-2&Prime;][vc_widget_sidebar show_bg=\u00a0\u00bbfalse\u00a0\u00bb sidebar_id=\u00a0\u00bbsidebar_7&Prime;][\/vc_column][vc_column width=\u00a0\u00bb3\/4&Prime; el_class=\u00a0\u00bbchild-1&Prime;][vc_column_text css=\u00a0\u00bb.vc_custom_1770740984952{padding-top: 15px !important;padding-bottom: 15px !important;}\u00a0\u00bb] \u00c9tapes d&rsquo;\u00e9valuation [\/vc_column_text][vc_column_text css=\u00a0\u00bb\u00a0\u00bb] Le processus d&rsquo;\u00e9valuation repose sur les principes et approches suivants : Adopter des normes internationales et des m\u00e9thodes scientifiques reconnues dans le domaine de l&rsquo;\u00e9valuation&hellip;\" \/>\n<meta property=\"og:url\" content=\"https:\/\/csefrs.lifemoz.com\/\u0645\u0646\u0647\u062c\u064a\u0629-\u0627\u0644\u062a\u0642\u064a\u064a\u0645\/\" \/>\n<meta property=\"og:site_name\" content=\"Conseil sup\u00e9rieur de l\u2019\u00e9ducation, de la formation et de la recherche scientifique\" \/>\n<meta property=\"article:modified_time\" content=\"2026-04-13T10:27:36+00:00\" \/>\n<meta name=\"twitter:card\" content=\"summary_large_image\" \/>\n<meta name=\"twitter:label1\" content=\"Dur\u00e9e de lecture estim\u00e9e\" \/>\n\t<meta name=\"twitter:data1\" content=\"2 minutes\" \/>\n<script type=\"application\/ld+json\" class=\"yoast-schema-graph\">{\"@context\":\"https:\\\/\\\/schema.org\",\"@graph\":[{\"@type\":\"WebPage\",\"@id\":\"https:\\\/\\\/csefrs.lifemoz.com\\\/%d9%85%d9%86%d9%87%d8%ac%d9%8a%d8%a9-%d8%a7%d9%84%d8%aa%d9%82%d9%8a%d9%8a%d9%85\\\/\",\"url\":\"https:\\\/\\\/csefrs.lifemoz.com\\\/%d9%85%d9%86%d9%87%d8%ac%d9%8a%d8%a9-%d8%a7%d9%84%d8%aa%d9%82%d9%8a%d9%8a%d9%85\\\/\",\"name\":\"M\u00e9thodologie d'\u00e9valuation - Conseil sup\u00e9rieur de l\u2019\u00e9ducation, de la formation et de la recherche scientifique\",\"isPartOf\":{\"@id\":\"https:\\\/\\\/csefrs.lifemoz.com\\\/#website\"},\"datePublished\":\"2026-01-17T11:25:55+00:00\",\"dateModified\":\"2026-04-13T10:27:36+00:00\",\"breadcrumb\":{\"@id\":\"https:\\\/\\\/csefrs.lifemoz.com\\\/%d9%85%d9%86%d9%87%d8%ac%d9%8a%d8%a9-%d8%a7%d9%84%d8%aa%d9%82%d9%8a%d9%8a%d9%85\\\/#breadcrumb\"},\"inLanguage\":\"fr-FR\",\"potentialAction\":[{\"@type\":\"ReadAction\",\"target\":[\"https:\\\/\\\/csefrs.lifemoz.com\\\/%d9%85%d9%86%d9%87%d8%ac%d9%8a%d8%a9-%d8%a7%d9%84%d8%aa%d9%82%d9%8a%d9%8a%d9%85\\\/\"]}]},{\"@type\":\"BreadcrumbList\",\"@id\":\"https:\\\/\\\/csefrs.lifemoz.com\\\/%d9%85%d9%86%d9%87%d8%ac%d9%8a%d8%a9-%d8%a7%d9%84%d8%aa%d9%82%d9%8a%d9%8a%d9%85\\\/#breadcrumb\",\"itemListElement\":[{\"@type\":\"ListItem\",\"position\":1,\"name\":\"Accueil\",\"item\":\"https:\\\/\\\/csefrs.lifemoz.com\\\/fr\\\/\"},{\"@type\":\"ListItem\",\"position\":2,\"name\":\"M\u00e9thodologie d&#8217;\u00e9valuation\"}]},{\"@type\":\"WebSite\",\"@id\":\"https:\\\/\\\/csefrs.lifemoz.com\\\/#website\",\"url\":\"https:\\\/\\\/csefrs.lifemoz.com\\\/\",\"name\":\"Conseil sup\u00e9rieur de l\u2019\u00e9ducation, de la formation et de la recherche scientifique\",\"description\":\"\",\"potentialAction\":[{\"@type\":\"SearchAction\",\"target\":{\"@type\":\"EntryPoint\",\"urlTemplate\":\"https:\\\/\\\/csefrs.lifemoz.com\\\/?s={search_term_string}\"},\"query-input\":{\"@type\":\"PropertyValueSpecification\",\"valueRequired\":true,\"valueName\":\"search_term_string\"}}],\"inLanguage\":\"fr-FR\"}]}<\/script>\n<!-- \/ Yoast SEO plugin. -->","yoast_head_json":{"title":"M\u00e9thodologie d'\u00e9valuation - Conseil sup\u00e9rieur de l\u2019\u00e9ducation, de la formation et de la recherche scientifique","robots":{"index":"noindex","follow":"follow","max-snippet":"max-snippet:-1","max-image-preview":"max-image-preview:large","max-video-preview":"max-video-preview:-1"},"og_locale":"fr_FR","og_type":"article","og_title":"M\u00e9thodologie d'\u00e9valuation - Conseil sup\u00e9rieur de l\u2019\u00e9ducation, de la formation et de la recherche scientifique","og_description":"[vc_row content_placement=\u00a0\u00bbmiddle\u00a0\u00bb type=\u00a0\u00bbvc_default\u00a0\u00bb css=\u00a0\u00bb.vc_custom_1771879893617{margin-top: 0px !important;margin-bottom: 50px !important;}\u00a0\u00bb el_class=\u00a0\u00bbbg-sec\u00a0\u00bb][vc_column][vc_column_text css=\u00a0\u00bb\u00a0\u00bb] M\u00e9thodologie d&rsquo;\u00e9valuation [\/vc_column_text][\/vc_column][\/vc_row][vc_row gap=\u00a0\u00bb15&Prime; el_class=\u00a0\u00bbsec-parent\u00a0\u00bb][vc_column width=\u00a0\u00bb1\/4&Prime; el_class=\u00a0\u00bbchild-2&Prime;][vc_widget_sidebar show_bg=\u00a0\u00bbfalse\u00a0\u00bb sidebar_id=\u00a0\u00bbsidebar_7&Prime;][\/vc_column][vc_column width=\u00a0\u00bb3\/4&Prime; el_class=\u00a0\u00bbchild-1&Prime;][vc_column_text css=\u00a0\u00bb.vc_custom_1770740984952{padding-top: 15px !important;padding-bottom: 15px !important;}\u00a0\u00bb] \u00c9tapes d&rsquo;\u00e9valuation [\/vc_column_text][vc_column_text css=\u00a0\u00bb\u00a0\u00bb] Le processus d&rsquo;\u00e9valuation repose sur les principes et approches suivants : Adopter des normes internationales et des m\u00e9thodes scientifiques reconnues dans le domaine de l&rsquo;\u00e9valuation&hellip;","og_url":"https:\/\/csefrs.lifemoz.com\/\u0645\u0646\u0647\u062c\u064a\u0629-\u0627\u0644\u062a\u0642\u064a\u064a\u0645\/","og_site_name":"Conseil sup\u00e9rieur de l\u2019\u00e9ducation, de la formation et de la recherche scientifique","article_modified_time":"2026-04-13T10:27:36+00:00","twitter_card":"summary_large_image","twitter_misc":{"Dur\u00e9e de lecture estim\u00e9e":"2 minutes"},"schema":{"@context":"https:\/\/schema.org","@graph":[{"@type":"WebPage","@id":"https:\/\/csefrs.lifemoz.com\/%d9%85%d9%86%d9%87%d8%ac%d9%8a%d8%a9-%d8%a7%d9%84%d8%aa%d9%82%d9%8a%d9%8a%d9%85\/","url":"https:\/\/csefrs.lifemoz.com\/%d9%85%d9%86%d9%87%d8%ac%d9%8a%d8%a9-%d8%a7%d9%84%d8%aa%d9%82%d9%8a%d9%8a%d9%85\/","name":"M\u00e9thodologie d'\u00e9valuation - Conseil sup\u00e9rieur de l\u2019\u00e9ducation, de la formation et de la recherche scientifique","isPartOf":{"@id":"https:\/\/csefrs.lifemoz.com\/#website"},"datePublished":"2026-01-17T11:25:55+00:00","dateModified":"2026-04-13T10:27:36+00:00","breadcrumb":{"@id":"https:\/\/csefrs.lifemoz.com\/%d9%85%d9%86%d9%87%d8%ac%d9%8a%d8%a9-%d8%a7%d9%84%d8%aa%d9%82%d9%8a%d9%8a%d9%85\/#breadcrumb"},"inLanguage":"fr-FR","potentialAction":[{"@type":"ReadAction","target":["https:\/\/csefrs.lifemoz.com\/%d9%85%d9%86%d9%87%d8%ac%d9%8a%d8%a9-%d8%a7%d9%84%d8%aa%d9%82%d9%8a%d9%8a%d9%85\/"]}]},{"@type":"BreadcrumbList","@id":"https:\/\/csefrs.lifemoz.com\/%d9%85%d9%86%d9%87%d8%ac%d9%8a%d8%a9-%d8%a7%d9%84%d8%aa%d9%82%d9%8a%d9%8a%d9%85\/#breadcrumb","itemListElement":[{"@type":"ListItem","position":1,"name":"Accueil","item":"https:\/\/csefrs.lifemoz.com\/fr\/"},{"@type":"ListItem","position":2,"name":"M\u00e9thodologie d&#8217;\u00e9valuation"}]},{"@type":"WebSite","@id":"https:\/\/csefrs.lifemoz.com\/#website","url":"https:\/\/csefrs.lifemoz.com\/","name":"Conseil sup\u00e9rieur de l\u2019\u00e9ducation, de la formation et de la recherche scientifique","description":"","potentialAction":[{"@type":"SearchAction","target":{"@type":"EntryPoint","urlTemplate":"https:\/\/csefrs.lifemoz.com\/?s={search_term_string}"},"query-input":{"@type":"PropertyValueSpecification","valueRequired":true,"valueName":"search_term_string"}}],"inLanguage":"fr-FR"}]}},"_links":{"self":[{"href":"https:\/\/csefrs.lifemoz.com\/fr\/wp-json\/wp\/v2\/pages\/39348","targetHints":{"allow":["GET"]}}],"collection":[{"href":"https:\/\/csefrs.lifemoz.com\/fr\/wp-json\/wp\/v2\/pages"}],"about":[{"href":"https:\/\/csefrs.lifemoz.com\/fr\/wp-json\/wp\/v2\/types\/page"}],"author":[{"embeddable":true,"href":"https:\/\/csefrs.lifemoz.com\/fr\/wp-json\/wp\/v2\/users\/696"}],"replies":[{"embeddable":true,"href":"https:\/\/csefrs.lifemoz.com\/fr\/wp-json\/wp\/v2\/comments?post=39348"}],"version-history":[{"count":2,"href":"https:\/\/csefrs.lifemoz.com\/fr\/wp-json\/wp\/v2\/pages\/39348\/revisions"}],"predecessor-version":[{"id":43787,"href":"https:\/\/csefrs.lifemoz.com\/fr\/wp-json\/wp\/v2\/pages\/39348\/revisions\/43787"}],"wp:attachment":[{"href":"https:\/\/csefrs.lifemoz.com\/fr\/wp-json\/wp\/v2\/media?parent=39348"}],"curies":[{"name":"wp","href":"https:\/\/api.w.org\/{rel}","templated":true}]}}