{"id":39343,"date":"2026-01-20T16:42:42","date_gmt":"2026-01-20T15:42:42","guid":{"rendered":"https:\/\/csefrs.lifemoz.com\/%d8%a7%d9%84%d9%87%d9%8a%d8%a6%d8%a9-%d8%a7%d9%84%d9%88%d8%b7%d9%86%d9%8a%d8%a9-%d9%84%d9%84%d8%aa%d9%82%d9%8a%d9%8a%d9%85\/"},"modified":"2026-05-07T16:16:40","modified_gmt":"2026-05-07T15:16:40","slug":"instance-nationale-de-levaluation","status":"publish","type":"page","link":"https:\/\/csefrs.lifemoz.com\/fr\/instance-nationale-de-levaluation\/","title":{"rendered":"Instance nationale de l\u2019\u00e9valuation"},"content":{"rendered":"<div class=\"wpb-content-wrapper\"><p>[vc_row content_placement=\u00a0\u00bbmiddle\u00a0\u00bb el_class=\u00a0\u00bbbg-sec\u00a0\u00bb][vc_column][vc_column_text css=\u00a0\u00bb\u00a0\u00bb el_class=\u00a0\u00bbhas-color-fff\u00a0\u00bb]<\/p>\n<h1 style=\"text-align: center;\">Instance nationale de l\u2019\u00e9valuation<\/h1>\n<p>[\/vc_column_text][\/vc_column][\/vc_row][vc_row gap=\u00a0\u00bb15&Prime; el_class=\u00a0\u00bbsec-parent\u00a0\u00bb][vc_column width=\u00a0\u00bb1\/4&Prime; el_class=\u00a0\u00bbchild-2&Prime;][vc_widget_sidebar show_bg=\u00a0\u00bbfalse\u00a0\u00bb sidebar_id=\u00a0\u00bbsidebar_7&Prime; el_class=\u00a0\u00bbrtlcst\u00a0\u00bb][\/vc_column][vc_column width=\u00a0\u00bb3\/4&Prime; el_class=\u00a0\u00bbchild-1&Prime;][vc_column_text css=\u00a0\u00bb\u00a0\u00bb]L\u2019Instance Nationale d\u2019\u00c9valuation du syst\u00e8me d\u2019\u00e9ducation, de formation et de recherche scientifique (INE), cr\u00e9\u00e9e aupr\u00e8s du Conseil, assure la mission d\u2019\u00e9valuation et proc\u00e8de \u00e0 des \u00e9valuations globales, sectorielles et th\u00e9matiques du SEFRS des politiques et programmes publics connexes, en appr\u00e9ciant ses performances p\u00e9dagogiques et financi\u00e8res par rapport aux objectifs qui lui sont assign\u00e9s et en se r\u00e9f\u00e9rant aux normes internationales reconnues en la mati\u00e8re.<\/p>\n<p>Gr\u00e2ce \u00e0 ses travaux d\u2019\u00e9valuation et \u00e0 son expertise accumul\u00e9e, L\u2019Instance Nationale d\u2019\u00c9valuation l\u2019organe analytique du Conseil. Elle produit des \u00e9tudes et des travaux analytiques qui enrichissent les avis et les recommandations du Conseil et permettent \u00e0 l\u2019ex\u00e9cutif d\u2019en tirer parti pour r\u00e9viser et am\u00e9liorer les politiques publiques adopt\u00e9es en mati\u00e8re d\u2019\u00e9ducation.<\/p>\n<p>L\u2019Instance travaille \u00e9galement \u00e0 l\u2019\u00e9laboration de cadres m\u00e9thodologiques et d\u2019outils d\u2019\u00e9valuation conformes aux normes internationales, afin de permettre au Conseil de suivre en permanence l\u2019\u00e9volution du syst\u00e8me d\u2019\u00e9ducation, de formation et de recherche scientifique, d\u2019\u00e9valuer ses performances et d\u2019accompagner ses r\u00e9formes.<\/p>\n<p>Ces travaux permettent \u00e9galement \u00e0 l\u2019Assembl\u00e9e g\u00e9n\u00e9rale d\u2019\u00eatre r\u00e9guli\u00e8rement inform\u00e9e de la situation dans certains secteurs ou politiques publiques, ou de l\u2019\u00e9valuation de certains programmes et r\u00e9formes.[\/vc_column_text][vc_column_text css=\u00a0\u00bb.vc_custom_1778166643804{padding-top: 15px !important;padding-bottom: 15px !important;}\u00a0\u00bb]<\/p>\n<h2 style=\"text-align: left;\"><span style=\"color: #bb1a25;\">Missions de l\u2019Instance<br \/>\n<\/span><\/h2>\n<p>[\/vc_column_text][vc_column_text css=\u00a0\u00bb\u00a0\u00bb]L\u2019Instance Nationale d\u2019Evaluation du Syst\u00e8me d\u2019Education, de Formation et de Recherche Scientifique (INE) est l\u2019organe d\u2019\u00e9valuation du Conseil Sup\u00e9rieur de l\u2019Education, de la Formation et de la Recherche Scientifique (article 16 de la loi 105.12).<\/p>\n<p>Les missions de l\u2019INE, telles qu\u2019\u00e9nonc\u00e9es dans la loi 105.12, sont les suivantes :<\/p>\n<ul>\n<li>Entreprendre des \u00e9valuations globales, sectorielles et th\u00e9matiques des politiques, des programmes publics du syst\u00e8me \u00e9ducatif, de l\u2019enseignement sup\u00e9rieur et de la formation des cadres.<\/li>\n<li>Evaluer :\n<ul>\n<li>L\u2019efficience p\u00e9dagogique et financi\u00e8re par rapport aux objectifs d\u00e9finis, en se basant sur les standards internationaux utilis\u00e9s dans les \u00e9valuations du syst\u00e8me \u00e9ducatif ; Veiller \u00e0 collecter toutes les informations sur le syst\u00e8me \u00e9ducatif.<\/li>\n<li>Les acquis des \u00e9l\u00e8ves pour tous les cycles du syst\u00e8me \u00e9ducatif ;<\/li>\n<li>Les rendements interne et externe du syst\u00e8me d\u2019\u00e9ducation, de formation et de recherche scientifique ;<\/li>\n<li>L\u2019am\u00e9lioration de la qualit\u00e9 des services accord\u00e9s aux \u00e9tudiants.<\/li>\n<\/ul>\n<\/li>\n<li>Concevoir les outils d\u2019\u00e9valuation pour accomplir sa mission d\u2019\u00e9valuation et de promotion du syst\u00e8me \u00e9ducatif et de la recherche scientifique.<\/li>\n<li>Veiller \u00e0 collecter toutes les informations sur le syst\u00e8me \u00e9ducatif.<\/li>\n<li>L\u2019am\u00e9lioration de la qualit\u00e9 des services accord\u00e9s aux \u00e9tudiants.<\/li>\n<li>Concevoir les outils d\u2019\u00e9valuation pour accomplir sa mission d\u2019\u00e9valuation et de promotion du syst\u00e8me \u00e9ducatif et de la recherche scientifique.<\/li>\n<li>Veiller \u00e0 collecter toutes les informations sur le syst\u00e8me \u00e9ducatif.<\/li>\n<li>Organiser des auditions avec les responsables gouvernementaux de l\u2019\u00e9ducation, de la formation et de la recherche scientifique.<\/li>\n<li>Pr\u00e9senter les r\u00e9sultats des travaux et des rapports d\u2019\u00e9valuation (de l\u2019INE) \u00e0 l\u2019Assembl\u00e9e G\u00e9n\u00e9rale.<\/li>\n<li>\u00c9tudier les questions qui lui sont soumises par le Bureau du Conseil et lui pr\u00e9senter les r\u00e9sultats de ses travaux.<\/li>\n<li>Veiller \u00e0 ce que ses pr\u00e9rogatives n\u2019interf\u00e8rent pas avec celles des commissions du Conseil.<\/li>\n<li>Contribuer de mani\u00e8re active aux pr\u00e9rogatives du Conseil telles que stipul\u00e9es dans les articles 3, 4 et 5 de la loi.<\/li>\n<\/ul>\n<p>Les missions, assign\u00e9es \u00e0 l\u2019INE par le texte de loi, doivent \u00eatre men\u00e9es dans le cadre de l\u2019ind\u00e9pendance du Conseil, institution constitutionnelle, dont l\u2019INE est l\u2019organe d\u2019\u00e9valuation[\/vc_column_text][\/vc_column][\/vc_row]<\/p>\n<\/div>","protected":false},"excerpt":{"rendered":"<p>[vc_row content_placement=\u00a0\u00bbmiddle\u00a0\u00bb el_class=\u00a0\u00bbbg-sec\u00a0\u00bb][vc_column][vc_column_text css=\u00a0\u00bb\u00a0\u00bb el_class=\u00a0\u00bbhas-color-fff\u00a0\u00bb] Instance nationale de l\u2019\u00e9valuation [\/vc_column_text][\/vc_column][\/vc_row][vc_row gap=\u00a0\u00bb15&Prime; el_class=\u00a0\u00bbsec-parent\u00a0\u00bb][vc_column width=\u00a0\u00bb1\/4&Prime; el_class=\u00a0\u00bbchild-2&Prime;][vc_widget_sidebar show_bg=\u00a0\u00bbfalse\u00a0\u00bb sidebar_id=\u00a0\u00bbsidebar_7&Prime; el_class=\u00a0\u00bbrtlcst\u00a0\u00bb][\/vc_column][vc_column width=\u00a0\u00bb3\/4&Prime; el_class=\u00a0\u00bbchild-1&Prime;][vc_column_text css=\u00a0\u00bb\u00a0\u00bb]L\u2019Instance Nationale d\u2019\u00c9valuation du syst\u00e8me d\u2019\u00e9ducation, de formation et de recherche scientifique (INE), cr\u00e9\u00e9e aupr\u00e8s du Conseil, assure la mission d\u2019\u00e9valuation et proc\u00e8de \u00e0 des \u00e9valuations globales, sectorielles et th\u00e9matiques du SEFRS des politiques et programmes&hellip;<\/p>\n","protected":false},"author":403,"featured_media":0,"parent":0,"menu_order":0,"comment_status":"closed","ping_status":"closed","template":"","meta":{"footnotes":""},"class_list":["post-39343","page","type-page","status-publish","hentry","description-off"],"yoast_head":"<!-- This site is optimized with the Yoast SEO plugin v27.5 - https:\/\/yoast.com\/product\/yoast-seo-wordpress\/ -->\n<title>Instance nationale de l\u2019\u00e9valuation - Conseil sup\u00e9rieur de l\u2019\u00e9ducation, de la formation et de la recherche scientifique<\/title>\n<meta name=\"robots\" content=\"noindex, follow, max-snippet:-1, max-image-preview:large, max-video-preview:-1\" \/>\n<meta property=\"og:locale\" content=\"fr_FR\" \/>\n<meta property=\"og:type\" content=\"article\" \/>\n<meta property=\"og:title\" content=\"Instance nationale de l\u2019\u00e9valuation - Conseil sup\u00e9rieur de l\u2019\u00e9ducation, de la formation et de la recherche scientifique\" \/>\n<meta property=\"og:description\" content=\"[vc_row content_placement=\u00a0\u00bbmiddle\u00a0\u00bb el_class=\u00a0\u00bbbg-sec\u00a0\u00bb][vc_column][vc_column_text css=\u00a0\u00bb\u00a0\u00bb el_class=\u00a0\u00bbhas-color-fff\u00a0\u00bb] Instance nationale de l\u2019\u00e9valuation [\/vc_column_text][\/vc_column][\/vc_row][vc_row gap=\u00a0\u00bb15&Prime; el_class=\u00a0\u00bbsec-parent\u00a0\u00bb][vc_column width=\u00a0\u00bb1\/4&Prime; el_class=\u00a0\u00bbchild-2&Prime;][vc_widget_sidebar show_bg=\u00a0\u00bbfalse\u00a0\u00bb sidebar_id=\u00a0\u00bbsidebar_7&Prime; el_class=\u00a0\u00bbrtlcst\u00a0\u00bb][\/vc_column][vc_column width=\u00a0\u00bb3\/4&Prime; el_class=\u00a0\u00bbchild-1&Prime;][vc_column_text css=\u00a0\u00bb\u00a0\u00bb]L\u2019Instance Nationale d\u2019\u00c9valuation du syst\u00e8me d\u2019\u00e9ducation, de formation et de recherche scientifique (INE), cr\u00e9\u00e9e aupr\u00e8s du Conseil, assure la mission d\u2019\u00e9valuation et proc\u00e8de \u00e0 des \u00e9valuations globales, sectorielles et th\u00e9matiques du SEFRS des politiques et programmes&hellip;\" \/>\n<meta property=\"og:url\" content=\"https:\/\/csefrs.lifemoz.com\/fr\/instance-nationale-de-levaluation\/\" \/>\n<meta property=\"og:site_name\" content=\"Conseil sup\u00e9rieur de l\u2019\u00e9ducation, de la formation et de la recherche scientifique\" \/>\n<meta property=\"article:modified_time\" content=\"2026-05-07T15:16:40+00:00\" \/>\n<meta name=\"twitter:card\" content=\"summary_large_image\" \/>\n<meta name=\"twitter:label1\" content=\"Dur\u00e9e de lecture estim\u00e9e\" \/>\n\t<meta name=\"twitter:data1\" content=\"3 minutes\" \/>\n<script type=\"application\/ld+json\" class=\"yoast-schema-graph\">{\"@context\":\"https:\\\/\\\/schema.org\",\"@graph\":[{\"@type\":\"WebPage\",\"@id\":\"https:\\\/\\\/csefrs.lifemoz.com\\\/fr\\\/instance-nationale-de-levaluation\\\/\",\"url\":\"https:\\\/\\\/csefrs.lifemoz.com\\\/fr\\\/instance-nationale-de-levaluation\\\/\",\"name\":\"Instance nationale de l\u2019\u00e9valuation - Conseil sup\u00e9rieur de l\u2019\u00e9ducation, de la formation et de la recherche scientifique\",\"isPartOf\":{\"@id\":\"https:\\\/\\\/csefrs.lifemoz.com\\\/#website\"},\"datePublished\":\"2026-01-20T15:42:42+00:00\",\"dateModified\":\"2026-05-07T15:16:40+00:00\",\"breadcrumb\":{\"@id\":\"https:\\\/\\\/csefrs.lifemoz.com\\\/fr\\\/instance-nationale-de-levaluation\\\/#breadcrumb\"},\"inLanguage\":\"fr-FR\",\"potentialAction\":[{\"@type\":\"ReadAction\",\"target\":[\"https:\\\/\\\/csefrs.lifemoz.com\\\/fr\\\/instance-nationale-de-levaluation\\\/\"]}]},{\"@type\":\"BreadcrumbList\",\"@id\":\"https:\\\/\\\/csefrs.lifemoz.com\\\/fr\\\/instance-nationale-de-levaluation\\\/#breadcrumb\",\"itemListElement\":[{\"@type\":\"ListItem\",\"position\":1,\"name\":\"Accueil\",\"item\":\"https:\\\/\\\/csefrs.lifemoz.com\\\/fr\\\/\"},{\"@type\":\"ListItem\",\"position\":2,\"name\":\"Instance nationale de l\u2019\u00e9valuation\"}]},{\"@type\":\"WebSite\",\"@id\":\"https:\\\/\\\/csefrs.lifemoz.com\\\/#website\",\"url\":\"https:\\\/\\\/csefrs.lifemoz.com\\\/\",\"name\":\"Conseil sup\u00e9rieur de l\u2019\u00e9ducation, de la formation et de la recherche scientifique\",\"description\":\"\",\"potentialAction\":[{\"@type\":\"SearchAction\",\"target\":{\"@type\":\"EntryPoint\",\"urlTemplate\":\"https:\\\/\\\/csefrs.lifemoz.com\\\/?s={search_term_string}\"},\"query-input\":{\"@type\":\"PropertyValueSpecification\",\"valueRequired\":true,\"valueName\":\"search_term_string\"}}],\"inLanguage\":\"fr-FR\"}]}<\/script>\n<!-- \/ Yoast SEO plugin. -->","yoast_head_json":{"title":"Instance nationale de l\u2019\u00e9valuation - Conseil sup\u00e9rieur de l\u2019\u00e9ducation, de la formation et de la recherche scientifique","robots":{"index":"noindex","follow":"follow","max-snippet":"max-snippet:-1","max-image-preview":"max-image-preview:large","max-video-preview":"max-video-preview:-1"},"og_locale":"fr_FR","og_type":"article","og_title":"Instance nationale de l\u2019\u00e9valuation - Conseil sup\u00e9rieur de l\u2019\u00e9ducation, de la formation et de la recherche scientifique","og_description":"[vc_row content_placement=\u00a0\u00bbmiddle\u00a0\u00bb el_class=\u00a0\u00bbbg-sec\u00a0\u00bb][vc_column][vc_column_text css=\u00a0\u00bb\u00a0\u00bb el_class=\u00a0\u00bbhas-color-fff\u00a0\u00bb] Instance nationale de l\u2019\u00e9valuation [\/vc_column_text][\/vc_column][\/vc_row][vc_row gap=\u00a0\u00bb15&Prime; el_class=\u00a0\u00bbsec-parent\u00a0\u00bb][vc_column width=\u00a0\u00bb1\/4&Prime; el_class=\u00a0\u00bbchild-2&Prime;][vc_widget_sidebar show_bg=\u00a0\u00bbfalse\u00a0\u00bb sidebar_id=\u00a0\u00bbsidebar_7&Prime; el_class=\u00a0\u00bbrtlcst\u00a0\u00bb][\/vc_column][vc_column width=\u00a0\u00bb3\/4&Prime; el_class=\u00a0\u00bbchild-1&Prime;][vc_column_text css=\u00a0\u00bb\u00a0\u00bb]L\u2019Instance Nationale d\u2019\u00c9valuation du syst\u00e8me d\u2019\u00e9ducation, de formation et de recherche scientifique (INE), cr\u00e9\u00e9e aupr\u00e8s du Conseil, assure la mission d\u2019\u00e9valuation et proc\u00e8de \u00e0 des \u00e9valuations globales, sectorielles et th\u00e9matiques du SEFRS des politiques et programmes&hellip;","og_url":"https:\/\/csefrs.lifemoz.com\/fr\/instance-nationale-de-levaluation\/","og_site_name":"Conseil sup\u00e9rieur de l\u2019\u00e9ducation, de la formation et de la recherche scientifique","article_modified_time":"2026-05-07T15:16:40+00:00","twitter_card":"summary_large_image","twitter_misc":{"Dur\u00e9e de lecture estim\u00e9e":"3 minutes"},"schema":{"@context":"https:\/\/schema.org","@graph":[{"@type":"WebPage","@id":"https:\/\/csefrs.lifemoz.com\/fr\/instance-nationale-de-levaluation\/","url":"https:\/\/csefrs.lifemoz.com\/fr\/instance-nationale-de-levaluation\/","name":"Instance nationale de l\u2019\u00e9valuation - Conseil sup\u00e9rieur de l\u2019\u00e9ducation, de la formation et de la recherche scientifique","isPartOf":{"@id":"https:\/\/csefrs.lifemoz.com\/#website"},"datePublished":"2026-01-20T15:42:42+00:00","dateModified":"2026-05-07T15:16:40+00:00","breadcrumb":{"@id":"https:\/\/csefrs.lifemoz.com\/fr\/instance-nationale-de-levaluation\/#breadcrumb"},"inLanguage":"fr-FR","potentialAction":[{"@type":"ReadAction","target":["https:\/\/csefrs.lifemoz.com\/fr\/instance-nationale-de-levaluation\/"]}]},{"@type":"BreadcrumbList","@id":"https:\/\/csefrs.lifemoz.com\/fr\/instance-nationale-de-levaluation\/#breadcrumb","itemListElement":[{"@type":"ListItem","position":1,"name":"Accueil","item":"https:\/\/csefrs.lifemoz.com\/fr\/"},{"@type":"ListItem","position":2,"name":"Instance nationale de l\u2019\u00e9valuation"}]},{"@type":"WebSite","@id":"https:\/\/csefrs.lifemoz.com\/#website","url":"https:\/\/csefrs.lifemoz.com\/","name":"Conseil sup\u00e9rieur de l\u2019\u00e9ducation, de la formation et de la recherche scientifique","description":"","potentialAction":[{"@type":"SearchAction","target":{"@type":"EntryPoint","urlTemplate":"https:\/\/csefrs.lifemoz.com\/?s={search_term_string}"},"query-input":{"@type":"PropertyValueSpecification","valueRequired":true,"valueName":"search_term_string"}}],"inLanguage":"fr-FR"}]}},"_links":{"self":[{"href":"https:\/\/csefrs.lifemoz.com\/fr\/wp-json\/wp\/v2\/pages\/39343","targetHints":{"allow":["GET"]}}],"collection":[{"href":"https:\/\/csefrs.lifemoz.com\/fr\/wp-json\/wp\/v2\/pages"}],"about":[{"href":"https:\/\/csefrs.lifemoz.com\/fr\/wp-json\/wp\/v2\/types\/page"}],"author":[{"embeddable":true,"href":"https:\/\/csefrs.lifemoz.com\/fr\/wp-json\/wp\/v2\/users\/403"}],"replies":[{"embeddable":true,"href":"https:\/\/csefrs.lifemoz.com\/fr\/wp-json\/wp\/v2\/comments?post=39343"}],"version-history":[{"count":5,"href":"https:\/\/csefrs.lifemoz.com\/fr\/wp-json\/wp\/v2\/pages\/39343\/revisions"}],"predecessor-version":[{"id":45389,"href":"https:\/\/csefrs.lifemoz.com\/fr\/wp-json\/wp\/v2\/pages\/39343\/revisions\/45389"}],"wp:attachment":[{"href":"https:\/\/csefrs.lifemoz.com\/fr\/wp-json\/wp\/v2\/media?parent=39343"}],"curies":[{"name":"wp","href":"https:\/\/api.w.org\/{rel}","templated":true}]}}