{"id":39333,"date":"2025-12-12T10:09:34","date_gmt":"2025-12-12T09:09:34","guid":{"rendered":"https:\/\/csefrs.lifemoz.com\/%d8%aa%d9%82%d8%af%d9%8a%d9%85-%d8%b9%d8%a7%d9%85-%d9%84%d9%84%d8%aa%d9%82%d9%8a%d9%8a%d9%85\/"},"modified":"2026-04-13T11:21:59","modified_gmt":"2026-04-13T10:21:59","slug":"presentation-generale-2","status":"publish","type":"page","link":"https:\/\/csefrs.lifemoz.com\/fr\/presentation-generale-2\/","title":{"rendered":"Pr\u00e9sentation g\u00e9n\u00e9rale"},"content":{"rendered":"<div class=\"wpb-content-wrapper\"><p>[vc_row content_placement=\u00a0\u00bbmiddle\u00a0\u00bb type=\u00a0\u00bbvc_default\u00a0\u00bb el_class=\u00a0\u00bbbg-sec\u00a0\u00bb][vc_column][vc_column_text css=\u00a0\u00bb\u00a0\u00bb]<\/p>\n<h1 class=\"heading-conseil\" style=\"text-align: center;\"><strong>Pr\u00e9sentation g\u00e9n\u00e9rale<\/strong><\/h1>\n<p>[\/vc_column_text][\/vc_column][\/vc_row][vc_row full_width=\u00a0\u00bbstretch_row\u00a0\u00bb gap=\u00a0\u00bb15&Prime; el_class=\u00a0\u00bbsec-def-general sec-parent\u00a0\u00bb][vc_column width=\u00a0\u00bb1\/4&Prime; el_class=\u00a0\u00bbchild-2&Prime;][vc_widget_sidebar show_bg=\u00a0\u00bbfalse\u00a0\u00bb sidebar_id=\u00a0\u00bbsidebar_7&Prime; el_class=\u00a0\u00bbrtlcst\u00a0\u00bb][\/vc_column][vc_column width=\u00a0\u00bb3\/4&Prime; el_class=\u00a0\u00bbchild-1&Prime;][vc_column_text css=\u00a0\u00bb\u00a0\u00bb]<\/p>\n<p style=\"text-align: justify;\">L&rsquo;\u00e9valuation est l&rsquo;un des piliers fondamentaux de la r\u00e9forme du syst\u00e8me d&rsquo;\u00e9ducation, de formation et de recherche scientifique au Royaume du Maroc. Elle constitue un m\u00e9canisme central pour soutenir la bonne gouvernance et consolider le principe de responsabilit\u00e9 et de reddition de comptes, tel que le pr\u00e9voit la Constitution marocaine et tel que le consacrent les missions constitutionnelles du Conseil sup\u00e9rieur de l&rsquo;\u00e9ducation, de la formation et de la recherche scientifique.<\/p>\n<p style=\"text-align: justify;\">L&rsquo;\u00e9valuation d\u00e9signe l&rsquo;ensemble des op\u00e9rations m\u00e9thodiques et scientifiques visant \u00e0 diagnostiquer la situation du syst\u00e8me d&rsquo;\u00e9ducation, de formation et de recherche scientifique, \u00e0 analyser ses performances internes et externes, \u00e0 identifier ses forces et ses faiblesses, afin d&rsquo;accompagner les politiques et programmes publics concern\u00e9s et d&rsquo;am\u00e9liorer leur efficacit\u00e9 et leur efficience. L&rsquo;\u00e9valuation n&rsquo;est pas une fin en soi, mais un moyen strat\u00e9gique pour soutenir la prise de d\u00e9cision publique fond\u00e9e sur des donn\u00e9es et des preuves, et am\u00e9liorer la qualit\u00e9 du syst\u00e8me et la durabilit\u00e9 de sa r\u00e9forme.<\/p>\n<p>[\/vc_column_text][vc_column_text css=\u00a0\u00bb.vc_custom_1770738051081{padding-top: 15px !important;padding-bottom: 15px !important;}\u00a0\u00bb]<\/p>\n<h2 style=\"color: #b32148; text-align: left;\"><span style=\"color: #bb1a25;\">Fonctions et r\u00f4les de l&rsquo;\u00e9valuation<\/span><\/h2>\n<p>[\/vc_column_text][vc_column_text css=\u00a0\u00bb\u00a0\u00bb]<\/p>\n<p style=\"text-align: justify;\">Conform\u00e9ment aux exigences de la d\u00e9mocratie participative et aux principes de transparence et de bonne gouvernance, l&rsquo;\u00e9valuation joue plusieurs r\u00f4les, dont les plus importants sont les suivants :<\/p>\n<ul style=\"text-align: right;\">\n<li style=\"text-align: justify;\">Informer la soci\u00e9t\u00e9, en toute transparence et objectivit\u00e9, de la situation des \u00e9coles et des universit\u00e9s, et plus g\u00e9n\u00e9ralement du syst\u00e8me d&rsquo;\u00e9ducation, de formation et de recherche scientifique, ainsi que des m\u00e9thodes adopt\u00e9es pour la gestion et l&rsquo;investissement des ressources ;<\/li>\n<li style=\"text-align: justify;\">Contribuer \u00e0 l&rsquo;am\u00e9lioration de l&rsquo;action publique par l&rsquo;\u00e9valuation des politiques et programmes publics en mati\u00e8re d&rsquo;\u00e9ducation et l&rsquo;analyse de leur impact ;<\/li>\n<li style=\"text-align: justify;\">Fournir des donn\u00e9es et des indicateurs sur les performances du syst\u00e8me \u00e9ducatif, afin d&rsquo;alimenter la r\u00e9flexion collective et le d\u00e9bat public sur les questions d&rsquo;\u00e9ducation ;<\/li>\n<li style=\"text-align: justify;\">Suivre les diff\u00e9rentes \u00e9tapes du fonctionnement du syst\u00e8me d&rsquo;\u00e9ducation, de formation et de recherche scientifique, du diagnostic au suivi et \u00e0 l&rsquo;\u00e9valuation.<\/li>\n<\/ul>\n<p style=\"text-align: justify;\">L&rsquo;\u00e9valuation informe \u00e9galement un ensemble de parties prenantes de l&rsquo;\u00e9tat du syst\u00e8me, notamment :<\/p>\n<ul style=\"text-align: right;\">\n<li style=\"text-align: left;\">L&rsquo;\u00c9tat et ses institutions ;<\/li>\n<li style=\"text-align: left;\">Conseil sup\u00e9rieur de l&rsquo;\u00e9ducation, de la formation et de la recherche scientifique ;<\/li>\n<li style=\"text-align: left;\">Les acteurs \u00e9ducatifs, enseignants, cadres et responsables ;<\/li>\n<li style=\"text-align: left;\">Les familles ;<\/li>\n<li style=\"text-align: left;\">Soci\u00e9t\u00e9 civile ;<\/li>\n<li style=\"text-align: left;\">Les collectivit\u00e9s territoriales ;<\/li>\n<li style=\"text-align: left;\">Les acteurs \u00e9conomiques et les entreprises ;<\/li>\n<li style=\"text-align: left;\">Organisations internationales ;<\/li>\n<li style=\"text-align: left;\">M\u00e9dias.<\/li>\n<li style=\"text-align: justify;\">Dans ce contexte, l&rsquo;\u00e9valuation contribue \u00e0 l&rsquo;am\u00e9lioration du syst\u00e8me \u00e9ducatif, en tant que processus formatif et \u00e9volutif, et non en tant que mesure punitive.<\/li>\n<\/ul>\n<p>[\/vc_column_text][\/vc_column][\/vc_row]<\/p>\n<\/div>","protected":false},"excerpt":{"rendered":"<p>[vc_row content_placement=\u00a0\u00bbmiddle\u00a0\u00bb type=\u00a0\u00bbvc_default\u00a0\u00bb el_class=\u00a0\u00bbbg-sec\u00a0\u00bb][vc_column][vc_column_text css=\u00a0\u00bb\u00a0\u00bb] Pr\u00e9sentation g\u00e9n\u00e9rale [\/vc_column_text][\/vc_column][\/vc_row][vc_row full_width=\u00a0\u00bbstretch_row\u00a0\u00bb gap=\u00a0\u00bb15&Prime; el_class=\u00a0\u00bbsec-def-general sec-parent\u00a0\u00bb][vc_column width=\u00a0\u00bb1\/4&Prime; el_class=\u00a0\u00bbchild-2&Prime;][vc_widget_sidebar show_bg=\u00a0\u00bbfalse\u00a0\u00bb sidebar_id=\u00a0\u00bbsidebar_7&Prime; el_class=\u00a0\u00bbrtlcst\u00a0\u00bb][\/vc_column][vc_column width=\u00a0\u00bb3\/4&Prime; el_class=\u00a0\u00bbchild-1&Prime;][vc_column_text css=\u00a0\u00bb\u00a0\u00bb] L&rsquo;\u00e9valuation est l&rsquo;un des piliers fondamentaux de la r\u00e9forme du syst\u00e8me d&rsquo;\u00e9ducation, de formation et de recherche scientifique au Royaume du Maroc. Elle constitue un m\u00e9canisme central pour soutenir la bonne gouvernance et consolider le&hellip;<\/p>\n","protected":false},"author":696,"featured_media":0,"parent":0,"menu_order":0,"comment_status":"closed","ping_status":"closed","template":"","meta":{"footnotes":""},"class_list":["post-39333","page","type-page","status-publish","hentry","description-off"],"yoast_head":"<!-- This site is optimized with the Yoast SEO plugin v27.5 - https:\/\/yoast.com\/product\/yoast-seo-wordpress\/ -->\n<title>Pr\u00e9sentation g\u00e9n\u00e9rale - Conseil sup\u00e9rieur de l\u2019\u00e9ducation, de la formation et de la recherche scientifique<\/title>\n<meta name=\"robots\" content=\"noindex, follow, max-snippet:-1, max-image-preview:large, max-video-preview:-1\" \/>\n<meta property=\"og:locale\" content=\"fr_FR\" \/>\n<meta property=\"og:type\" content=\"article\" \/>\n<meta property=\"og:title\" content=\"Pr\u00e9sentation g\u00e9n\u00e9rale - Conseil sup\u00e9rieur de l\u2019\u00e9ducation, de la formation et de la recherche scientifique\" \/>\n<meta property=\"og:description\" content=\"[vc_row content_placement=\u00a0\u00bbmiddle\u00a0\u00bb type=\u00a0\u00bbvc_default\u00a0\u00bb el_class=\u00a0\u00bbbg-sec\u00a0\u00bb][vc_column][vc_column_text css=\u00a0\u00bb\u00a0\u00bb] Pr\u00e9sentation g\u00e9n\u00e9rale [\/vc_column_text][\/vc_column][\/vc_row][vc_row full_width=\u00a0\u00bbstretch_row\u00a0\u00bb gap=\u00a0\u00bb15&Prime; el_class=\u00a0\u00bbsec-def-general sec-parent\u00a0\u00bb][vc_column width=\u00a0\u00bb1\/4&Prime; el_class=\u00a0\u00bbchild-2&Prime;][vc_widget_sidebar show_bg=\u00a0\u00bbfalse\u00a0\u00bb sidebar_id=\u00a0\u00bbsidebar_7&Prime; el_class=\u00a0\u00bbrtlcst\u00a0\u00bb][\/vc_column][vc_column width=\u00a0\u00bb3\/4&Prime; el_class=\u00a0\u00bbchild-1&Prime;][vc_column_text css=\u00a0\u00bb\u00a0\u00bb] L&rsquo;\u00e9valuation est l&rsquo;un des piliers fondamentaux de la r\u00e9forme du syst\u00e8me d&rsquo;\u00e9ducation, de formation et de recherche scientifique au Royaume du Maroc. Elle constitue un m\u00e9canisme central pour soutenir la bonne gouvernance et consolider le&hellip;\" \/>\n<meta property=\"og:url\" content=\"https:\/\/csefrs.lifemoz.com\/\u062a\u0642\u062f\u064a\u0645-\u0639\u0627\u0645-\u0644\u0644\u062a\u0642\u064a\u064a\u0645\/\" \/>\n<meta property=\"og:site_name\" content=\"Conseil sup\u00e9rieur de l\u2019\u00e9ducation, de la formation et de la recherche scientifique\" \/>\n<meta property=\"article:modified_time\" content=\"2026-04-13T10:21:59+00:00\" \/>\n<meta name=\"twitter:card\" content=\"summary_large_image\" \/>\n<meta name=\"twitter:label1\" content=\"Dur\u00e9e de lecture estim\u00e9e\" \/>\n\t<meta name=\"twitter:data1\" content=\"3 minutes\" \/>\n<script type=\"application\/ld+json\" class=\"yoast-schema-graph\">{\"@context\":\"https:\\\/\\\/schema.org\",\"@graph\":[{\"@type\":\"WebPage\",\"@id\":\"https:\\\/\\\/csefrs.lifemoz.com\\\/%d8%aa%d9%82%d8%af%d9%8a%d9%85-%d8%b9%d8%a7%d9%85-%d9%84%d9%84%d8%aa%d9%82%d9%8a%d9%8a%d9%85\\\/\",\"url\":\"https:\\\/\\\/csefrs.lifemoz.com\\\/%d8%aa%d9%82%d8%af%d9%8a%d9%85-%d8%b9%d8%a7%d9%85-%d9%84%d9%84%d8%aa%d9%82%d9%8a%d9%8a%d9%85\\\/\",\"name\":\"Pr\u00e9sentation g\u00e9n\u00e9rale - Conseil sup\u00e9rieur de l\u2019\u00e9ducation, de la formation et de la recherche scientifique\",\"isPartOf\":{\"@id\":\"https:\\\/\\\/csefrs.lifemoz.com\\\/#website\"},\"datePublished\":\"2025-12-12T09:09:34+00:00\",\"dateModified\":\"2026-04-13T10:21:59+00:00\",\"breadcrumb\":{\"@id\":\"https:\\\/\\\/csefrs.lifemoz.com\\\/%d8%aa%d9%82%d8%af%d9%8a%d9%85-%d8%b9%d8%a7%d9%85-%d9%84%d9%84%d8%aa%d9%82%d9%8a%d9%8a%d9%85\\\/#breadcrumb\"},\"inLanguage\":\"fr-FR\",\"potentialAction\":[{\"@type\":\"ReadAction\",\"target\":[\"https:\\\/\\\/csefrs.lifemoz.com\\\/%d8%aa%d9%82%d8%af%d9%8a%d9%85-%d8%b9%d8%a7%d9%85-%d9%84%d9%84%d8%aa%d9%82%d9%8a%d9%8a%d9%85\\\/\"]}]},{\"@type\":\"BreadcrumbList\",\"@id\":\"https:\\\/\\\/csefrs.lifemoz.com\\\/%d8%aa%d9%82%d8%af%d9%8a%d9%85-%d8%b9%d8%a7%d9%85-%d9%84%d9%84%d8%aa%d9%82%d9%8a%d9%8a%d9%85\\\/#breadcrumb\",\"itemListElement\":[{\"@type\":\"ListItem\",\"position\":1,\"name\":\"Accueil\",\"item\":\"https:\\\/\\\/csefrs.lifemoz.com\\\/fr\\\/\"},{\"@type\":\"ListItem\",\"position\":2,\"name\":\"Pr\u00e9sentation g\u00e9n\u00e9rale\"}]},{\"@type\":\"WebSite\",\"@id\":\"https:\\\/\\\/csefrs.lifemoz.com\\\/#website\",\"url\":\"https:\\\/\\\/csefrs.lifemoz.com\\\/\",\"name\":\"Conseil sup\u00e9rieur de l\u2019\u00e9ducation, de la formation et de la recherche scientifique\",\"description\":\"\",\"potentialAction\":[{\"@type\":\"SearchAction\",\"target\":{\"@type\":\"EntryPoint\",\"urlTemplate\":\"https:\\\/\\\/csefrs.lifemoz.com\\\/?s={search_term_string}\"},\"query-input\":{\"@type\":\"PropertyValueSpecification\",\"valueRequired\":true,\"valueName\":\"search_term_string\"}}],\"inLanguage\":\"fr-FR\"}]}<\/script>\n<!-- \/ Yoast SEO plugin. -->","yoast_head_json":{"title":"Pr\u00e9sentation g\u00e9n\u00e9rale - Conseil sup\u00e9rieur de l\u2019\u00e9ducation, de la formation et de la recherche scientifique","robots":{"index":"noindex","follow":"follow","max-snippet":"max-snippet:-1","max-image-preview":"max-image-preview:large","max-video-preview":"max-video-preview:-1"},"og_locale":"fr_FR","og_type":"article","og_title":"Pr\u00e9sentation g\u00e9n\u00e9rale - Conseil sup\u00e9rieur de l\u2019\u00e9ducation, de la formation et de la recherche scientifique","og_description":"[vc_row content_placement=\u00a0\u00bbmiddle\u00a0\u00bb type=\u00a0\u00bbvc_default\u00a0\u00bb el_class=\u00a0\u00bbbg-sec\u00a0\u00bb][vc_column][vc_column_text css=\u00a0\u00bb\u00a0\u00bb] Pr\u00e9sentation g\u00e9n\u00e9rale [\/vc_column_text][\/vc_column][\/vc_row][vc_row full_width=\u00a0\u00bbstretch_row\u00a0\u00bb gap=\u00a0\u00bb15&Prime; el_class=\u00a0\u00bbsec-def-general sec-parent\u00a0\u00bb][vc_column width=\u00a0\u00bb1\/4&Prime; el_class=\u00a0\u00bbchild-2&Prime;][vc_widget_sidebar show_bg=\u00a0\u00bbfalse\u00a0\u00bb sidebar_id=\u00a0\u00bbsidebar_7&Prime; el_class=\u00a0\u00bbrtlcst\u00a0\u00bb][\/vc_column][vc_column width=\u00a0\u00bb3\/4&Prime; el_class=\u00a0\u00bbchild-1&Prime;][vc_column_text css=\u00a0\u00bb\u00a0\u00bb] L&rsquo;\u00e9valuation est l&rsquo;un des piliers fondamentaux de la r\u00e9forme du syst\u00e8me d&rsquo;\u00e9ducation, de formation et de recherche scientifique au Royaume du Maroc. Elle constitue un m\u00e9canisme central pour soutenir la bonne gouvernance et consolider le&hellip;","og_url":"https:\/\/csefrs.lifemoz.com\/\u062a\u0642\u062f\u064a\u0645-\u0639\u0627\u0645-\u0644\u0644\u062a\u0642\u064a\u064a\u0645\/","og_site_name":"Conseil sup\u00e9rieur de l\u2019\u00e9ducation, de la formation et de la recherche scientifique","article_modified_time":"2026-04-13T10:21:59+00:00","twitter_card":"summary_large_image","twitter_misc":{"Dur\u00e9e de lecture estim\u00e9e":"3 minutes"},"schema":{"@context":"https:\/\/schema.org","@graph":[{"@type":"WebPage","@id":"https:\/\/csefrs.lifemoz.com\/%d8%aa%d9%82%d8%af%d9%8a%d9%85-%d8%b9%d8%a7%d9%85-%d9%84%d9%84%d8%aa%d9%82%d9%8a%d9%8a%d9%85\/","url":"https:\/\/csefrs.lifemoz.com\/%d8%aa%d9%82%d8%af%d9%8a%d9%85-%d8%b9%d8%a7%d9%85-%d9%84%d9%84%d8%aa%d9%82%d9%8a%d9%8a%d9%85\/","name":"Pr\u00e9sentation g\u00e9n\u00e9rale - Conseil sup\u00e9rieur de l\u2019\u00e9ducation, de la formation et de la recherche scientifique","isPartOf":{"@id":"https:\/\/csefrs.lifemoz.com\/#website"},"datePublished":"2025-12-12T09:09:34+00:00","dateModified":"2026-04-13T10:21:59+00:00","breadcrumb":{"@id":"https:\/\/csefrs.lifemoz.com\/%d8%aa%d9%82%d8%af%d9%8a%d9%85-%d8%b9%d8%a7%d9%85-%d9%84%d9%84%d8%aa%d9%82%d9%8a%d9%8a%d9%85\/#breadcrumb"},"inLanguage":"fr-FR","potentialAction":[{"@type":"ReadAction","target":["https:\/\/csefrs.lifemoz.com\/%d8%aa%d9%82%d8%af%d9%8a%d9%85-%d8%b9%d8%a7%d9%85-%d9%84%d9%84%d8%aa%d9%82%d9%8a%d9%8a%d9%85\/"]}]},{"@type":"BreadcrumbList","@id":"https:\/\/csefrs.lifemoz.com\/%d8%aa%d9%82%d8%af%d9%8a%d9%85-%d8%b9%d8%a7%d9%85-%d9%84%d9%84%d8%aa%d9%82%d9%8a%d9%8a%d9%85\/#breadcrumb","itemListElement":[{"@type":"ListItem","position":1,"name":"Accueil","item":"https:\/\/csefrs.lifemoz.com\/fr\/"},{"@type":"ListItem","position":2,"name":"Pr\u00e9sentation g\u00e9n\u00e9rale"}]},{"@type":"WebSite","@id":"https:\/\/csefrs.lifemoz.com\/#website","url":"https:\/\/csefrs.lifemoz.com\/","name":"Conseil sup\u00e9rieur de l\u2019\u00e9ducation, de la formation et de la recherche scientifique","description":"","potentialAction":[{"@type":"SearchAction","target":{"@type":"EntryPoint","urlTemplate":"https:\/\/csefrs.lifemoz.com\/?s={search_term_string}"},"query-input":{"@type":"PropertyValueSpecification","valueRequired":true,"valueName":"search_term_string"}}],"inLanguage":"fr-FR"}]}},"_links":{"self":[{"href":"https:\/\/csefrs.lifemoz.com\/fr\/wp-json\/wp\/v2\/pages\/39333","targetHints":{"allow":["GET"]}}],"collection":[{"href":"https:\/\/csefrs.lifemoz.com\/fr\/wp-json\/wp\/v2\/pages"}],"about":[{"href":"https:\/\/csefrs.lifemoz.com\/fr\/wp-json\/wp\/v2\/types\/page"}],"author":[{"embeddable":true,"href":"https:\/\/csefrs.lifemoz.com\/fr\/wp-json\/wp\/v2\/users\/696"}],"replies":[{"embeddable":true,"href":"https:\/\/csefrs.lifemoz.com\/fr\/wp-json\/wp\/v2\/comments?post=39333"}],"version-history":[{"count":1,"href":"https:\/\/csefrs.lifemoz.com\/fr\/wp-json\/wp\/v2\/pages\/39333\/revisions"}],"predecessor-version":[{"id":43785,"href":"https:\/\/csefrs.lifemoz.com\/fr\/wp-json\/wp\/v2\/pages\/39333\/revisions\/43785"}],"wp:attachment":[{"href":"https:\/\/csefrs.lifemoz.com\/fr\/wp-json\/wp\/v2\/media?parent=39333"}],"curies":[{"name":"wp","href":"https:\/\/api.w.org\/{rel}","templated":true}]}}