{"id":39259,"date":"2026-01-16T18:00:51","date_gmt":"2026-01-16T17:00:51","guid":{"rendered":"https:\/\/csefrs.lifemoz.com\/%d8%a7%d9%84%d8%a3%d9%85%d8%a7%d9%86%d8%a9-%d8%a7%d9%84%d8%b9%d8%a7%d9%85%d8%a9\/"},"modified":"2026-04-13T10:06:19","modified_gmt":"2026-04-13T09:06:19","slug":"secretariat-general","status":"publish","type":"page","link":"https:\/\/csefrs.lifemoz.com\/fr\/secretariat-general\/","title":{"rendered":"Secr\u00e9tariat g\u00e9n\u00e9ral"},"content":{"rendered":"<div class=\"wpb-content-wrapper\"><p>[vc_row content_placement=\u00a0\u00bbmiddle\u00a0\u00bb type=\u00a0\u00bbvc_default\u00a0\u00bb el_class=\u00a0\u00bbbg-sec\u00a0\u00bb][vc_column][vc_column_text css=\u00a0\u00bb\u00a0\u00bb]<\/p>\n<h1 class=\"heading-conseil\" style=\"text-align: center;\">Secr\u00e9tariat g\u00e9n\u00e9ral<\/h1>\n<p>[\/vc_column_text][\/vc_column][\/vc_row][vc_row gap=\u00a0\u00bb15&Prime; el_class=\u00a0\u00bbsec-parent\u00a0\u00bb][vc_column width=\u00a0\u00bb1\/4&Prime; el_class=\u00a0\u00bbchild-2&Prime;][vc_widget_sidebar show_bg=\u00a0\u00bbfalse\u00a0\u00bb sidebar_id=\u00a0\u00bbsidebar_6&Prime; el_class=\u00a0\u00bbrtlcst\u00a0\u00bb][\/vc_column][vc_column width=\u00a0\u00bb3\/4&Prime; el_class=\u00a0\u00bbchild-1&Prime;][vc_column_text css=\u00a0\u00bb\u00a0\u00bb]<\/p>\n<p style=\"text-align: justify;\">Les t\u00e2ches de secr\u00e9tariat du Conseil sont confi\u00e9es \u00e0 un secr\u00e9taire g\u00e9n\u00e9ral nomm\u00e9 par d\u00e9cret, qui assiste le pr\u00e9sident dans ses fonctions. \u00c0 ce titre, il veille au bon fonctionnement du Conseil et \u00e0 la gestion du personnel, conform\u00e9ment au mandat qui lui est confi\u00e9 par le pr\u00e9sident du Conseil.<\/p>\n<p style=\"text-align: left;\">En outre, le secr\u00e9taire g\u00e9n\u00e9ral :<\/p>\n<ul style=\"margin-left: 20px;\">\n<li style=\"text-align: left;\">Pr\u00e9paration des documents et pi\u00e8ces relatifs aux r\u00e9unions du Conseil ;<\/li>\n<li style=\"text-align: left;\">Secr\u00e9taire du Conseil ;<\/li>\n<li style=\"text-align: left;\">Conserver et archiver les donn\u00e9es, rapports, dossiers et archives du Conseil ;<\/li>\n<li style=\"text-align: left;\">Contribuer \u00e0 la coordination des travaux des commissions et groupes de travail cr\u00e9\u00e9s au sein du Conseil et de l&rsquo;Agence nationale d&rsquo;\u00e9valuation du syst\u00e8me \u00e9ducatif, de la formation et de la recherche scientifique.<\/li>\n<li style=\"text-align: left;\">Le secr\u00e9taire g\u00e9n\u00e9ral participe \u00e9galement aux travaux du Conseil et \u00e0 ceux de son bureau \u00e0 titre consultatif.<\/li>\n<\/ul>\n<p>[\/vc_column_text][\/vc_column][\/vc_row]<\/p>\n<\/div>","protected":false},"excerpt":{"rendered":"<p>[vc_row content_placement=\u00a0\u00bbmiddle\u00a0\u00bb type=\u00a0\u00bbvc_default\u00a0\u00bb el_class=\u00a0\u00bbbg-sec\u00a0\u00bb][vc_column][vc_column_text css=\u00a0\u00bb\u00a0\u00bb] Secr\u00e9tariat g\u00e9n\u00e9ral [\/vc_column_text][\/vc_column][\/vc_row][vc_row gap=\u00a0\u00bb15&Prime; el_class=\u00a0\u00bbsec-parent\u00a0\u00bb][vc_column width=\u00a0\u00bb1\/4&Prime; el_class=\u00a0\u00bbchild-2&Prime;][vc_widget_sidebar show_bg=\u00a0\u00bbfalse\u00a0\u00bb sidebar_id=\u00a0\u00bbsidebar_6&Prime; el_class=\u00a0\u00bbrtlcst\u00a0\u00bb][\/vc_column][vc_column width=\u00a0\u00bb3\/4&Prime; el_class=\u00a0\u00bbchild-1&Prime;][vc_column_text css=\u00a0\u00bb\u00a0\u00bb] Les t\u00e2ches de secr\u00e9tariat du Conseil sont confi\u00e9es \u00e0 un secr\u00e9taire g\u00e9n\u00e9ral nomm\u00e9 par d\u00e9cret, qui assiste le pr\u00e9sident dans ses fonctions. \u00c0 ce titre, il veille au bon fonctionnement du Conseil et \u00e0 la gestion du&hellip;<\/p>\n","protected":false},"author":697,"featured_media":0,"parent":0,"menu_order":0,"comment_status":"closed","ping_status":"closed","template":"","meta":{"footnotes":""},"class_list":["post-39259","page","type-page","status-publish","hentry","description-off"],"yoast_head":"<!-- This site is optimized with the Yoast SEO plugin v27.5 - https:\/\/yoast.com\/product\/yoast-seo-wordpress\/ -->\n<title>Secr\u00e9tariat g\u00e9n\u00e9ral - Conseil sup\u00e9rieur de l\u2019\u00e9ducation, de la formation et de la recherche scientifique<\/title>\n<meta name=\"robots\" content=\"noindex, follow, max-snippet:-1, max-image-preview:large, max-video-preview:-1\" \/>\n<meta property=\"og:locale\" content=\"fr_FR\" \/>\n<meta property=\"og:type\" content=\"article\" \/>\n<meta property=\"og:title\" content=\"Secr\u00e9tariat g\u00e9n\u00e9ral - Conseil sup\u00e9rieur de l\u2019\u00e9ducation, de la formation et de la recherche scientifique\" \/>\n<meta property=\"og:description\" content=\"[vc_row content_placement=\u00a0\u00bbmiddle\u00a0\u00bb type=\u00a0\u00bbvc_default\u00a0\u00bb el_class=\u00a0\u00bbbg-sec\u00a0\u00bb][vc_column][vc_column_text css=\u00a0\u00bb\u00a0\u00bb] Secr\u00e9tariat g\u00e9n\u00e9ral [\/vc_column_text][\/vc_column][\/vc_row][vc_row gap=\u00a0\u00bb15&Prime; el_class=\u00a0\u00bbsec-parent\u00a0\u00bb][vc_column width=\u00a0\u00bb1\/4&Prime; el_class=\u00a0\u00bbchild-2&Prime;][vc_widget_sidebar show_bg=\u00a0\u00bbfalse\u00a0\u00bb sidebar_id=\u00a0\u00bbsidebar_6&Prime; el_class=\u00a0\u00bbrtlcst\u00a0\u00bb][\/vc_column][vc_column width=\u00a0\u00bb3\/4&Prime; el_class=\u00a0\u00bbchild-1&Prime;][vc_column_text css=\u00a0\u00bb\u00a0\u00bb] Les t\u00e2ches de secr\u00e9tariat du Conseil sont confi\u00e9es \u00e0 un secr\u00e9taire g\u00e9n\u00e9ral nomm\u00e9 par d\u00e9cret, qui assiste le pr\u00e9sident dans ses fonctions. \u00c0 ce titre, il veille au bon fonctionnement du Conseil et \u00e0 la gestion du&hellip;\" \/>\n<meta property=\"og:url\" content=\"https:\/\/csefrs.lifemoz.com\/fr\/secretariat-general\/\" \/>\n<meta property=\"og:site_name\" content=\"Conseil sup\u00e9rieur de l\u2019\u00e9ducation, de la formation et de la recherche scientifique\" \/>\n<meta property=\"article:modified_time\" content=\"2026-04-13T09:06:19+00:00\" \/>\n<meta name=\"twitter:card\" content=\"summary_large_image\" \/>\n<meta name=\"twitter:label1\" content=\"Dur\u00e9e de lecture estim\u00e9e\" \/>\n\t<meta name=\"twitter:data1\" content=\"1 minute\" \/>\n<script type=\"application\/ld+json\" class=\"yoast-schema-graph\">{\"@context\":\"https:\\\/\\\/schema.org\",\"@graph\":[{\"@type\":\"WebPage\",\"@id\":\"https:\\\/\\\/csefrs.lifemoz.com\\\/fr\\\/secretariat-general\\\/\",\"url\":\"https:\\\/\\\/csefrs.lifemoz.com\\\/fr\\\/secretariat-general\\\/\",\"name\":\"Secr\u00e9tariat g\u00e9n\u00e9ral - Conseil sup\u00e9rieur de l\u2019\u00e9ducation, de la formation et de la recherche scientifique\",\"isPartOf\":{\"@id\":\"https:\\\/\\\/csefrs.lifemoz.com\\\/#website\"},\"datePublished\":\"2026-01-16T17:00:51+00:00\",\"dateModified\":\"2026-04-13T09:06:19+00:00\",\"breadcrumb\":{\"@id\":\"https:\\\/\\\/csefrs.lifemoz.com\\\/fr\\\/secretariat-general\\\/#breadcrumb\"},\"inLanguage\":\"fr-FR\",\"potentialAction\":[{\"@type\":\"ReadAction\",\"target\":[\"https:\\\/\\\/csefrs.lifemoz.com\\\/fr\\\/secretariat-general\\\/\"]}]},{\"@type\":\"BreadcrumbList\",\"@id\":\"https:\\\/\\\/csefrs.lifemoz.com\\\/fr\\\/secretariat-general\\\/#breadcrumb\",\"itemListElement\":[{\"@type\":\"ListItem\",\"position\":1,\"name\":\"Accueil\",\"item\":\"https:\\\/\\\/csefrs.lifemoz.com\\\/fr\\\/\"},{\"@type\":\"ListItem\",\"position\":2,\"name\":\"Secr\u00e9tariat g\u00e9n\u00e9ral\"}]},{\"@type\":\"WebSite\",\"@id\":\"https:\\\/\\\/csefrs.lifemoz.com\\\/#website\",\"url\":\"https:\\\/\\\/csefrs.lifemoz.com\\\/\",\"name\":\"Conseil sup\u00e9rieur de l\u2019\u00e9ducation, de la formation et de la recherche scientifique\",\"description\":\"\",\"potentialAction\":[{\"@type\":\"SearchAction\",\"target\":{\"@type\":\"EntryPoint\",\"urlTemplate\":\"https:\\\/\\\/csefrs.lifemoz.com\\\/?s={search_term_string}\"},\"query-input\":{\"@type\":\"PropertyValueSpecification\",\"valueRequired\":true,\"valueName\":\"search_term_string\"}}],\"inLanguage\":\"fr-FR\"}]}<\/script>\n<!-- \/ Yoast SEO plugin. -->","yoast_head_json":{"title":"Secr\u00e9tariat g\u00e9n\u00e9ral - Conseil sup\u00e9rieur de l\u2019\u00e9ducation, de la formation et de la recherche scientifique","robots":{"index":"noindex","follow":"follow","max-snippet":"max-snippet:-1","max-image-preview":"max-image-preview:large","max-video-preview":"max-video-preview:-1"},"og_locale":"fr_FR","og_type":"article","og_title":"Secr\u00e9tariat g\u00e9n\u00e9ral - Conseil sup\u00e9rieur de l\u2019\u00e9ducation, de la formation et de la recherche scientifique","og_description":"[vc_row content_placement=\u00a0\u00bbmiddle\u00a0\u00bb type=\u00a0\u00bbvc_default\u00a0\u00bb el_class=\u00a0\u00bbbg-sec\u00a0\u00bb][vc_column][vc_column_text css=\u00a0\u00bb\u00a0\u00bb] Secr\u00e9tariat g\u00e9n\u00e9ral [\/vc_column_text][\/vc_column][\/vc_row][vc_row gap=\u00a0\u00bb15&Prime; el_class=\u00a0\u00bbsec-parent\u00a0\u00bb][vc_column width=\u00a0\u00bb1\/4&Prime; el_class=\u00a0\u00bbchild-2&Prime;][vc_widget_sidebar show_bg=\u00a0\u00bbfalse\u00a0\u00bb sidebar_id=\u00a0\u00bbsidebar_6&Prime; el_class=\u00a0\u00bbrtlcst\u00a0\u00bb][\/vc_column][vc_column width=\u00a0\u00bb3\/4&Prime; el_class=\u00a0\u00bbchild-1&Prime;][vc_column_text css=\u00a0\u00bb\u00a0\u00bb] Les t\u00e2ches de secr\u00e9tariat du Conseil sont confi\u00e9es \u00e0 un secr\u00e9taire g\u00e9n\u00e9ral nomm\u00e9 par d\u00e9cret, qui assiste le pr\u00e9sident dans ses fonctions. \u00c0 ce titre, il veille au bon fonctionnement du Conseil et \u00e0 la gestion du&hellip;","og_url":"https:\/\/csefrs.lifemoz.com\/fr\/secretariat-general\/","og_site_name":"Conseil sup\u00e9rieur de l\u2019\u00e9ducation, de la formation et de la recherche scientifique","article_modified_time":"2026-04-13T09:06:19+00:00","twitter_card":"summary_large_image","twitter_misc":{"Dur\u00e9e de lecture estim\u00e9e":"1 minute"},"schema":{"@context":"https:\/\/schema.org","@graph":[{"@type":"WebPage","@id":"https:\/\/csefrs.lifemoz.com\/fr\/secretariat-general\/","url":"https:\/\/csefrs.lifemoz.com\/fr\/secretariat-general\/","name":"Secr\u00e9tariat g\u00e9n\u00e9ral - Conseil sup\u00e9rieur de l\u2019\u00e9ducation, de la formation et de la recherche scientifique","isPartOf":{"@id":"https:\/\/csefrs.lifemoz.com\/#website"},"datePublished":"2026-01-16T17:00:51+00:00","dateModified":"2026-04-13T09:06:19+00:00","breadcrumb":{"@id":"https:\/\/csefrs.lifemoz.com\/fr\/secretariat-general\/#breadcrumb"},"inLanguage":"fr-FR","potentialAction":[{"@type":"ReadAction","target":["https:\/\/csefrs.lifemoz.com\/fr\/secretariat-general\/"]}]},{"@type":"BreadcrumbList","@id":"https:\/\/csefrs.lifemoz.com\/fr\/secretariat-general\/#breadcrumb","itemListElement":[{"@type":"ListItem","position":1,"name":"Accueil","item":"https:\/\/csefrs.lifemoz.com\/fr\/"},{"@type":"ListItem","position":2,"name":"Secr\u00e9tariat g\u00e9n\u00e9ral"}]},{"@type":"WebSite","@id":"https:\/\/csefrs.lifemoz.com\/#website","url":"https:\/\/csefrs.lifemoz.com\/","name":"Conseil sup\u00e9rieur de l\u2019\u00e9ducation, de la formation et de la recherche scientifique","description":"","potentialAction":[{"@type":"SearchAction","target":{"@type":"EntryPoint","urlTemplate":"https:\/\/csefrs.lifemoz.com\/?s={search_term_string}"},"query-input":{"@type":"PropertyValueSpecification","valueRequired":true,"valueName":"search_term_string"}}],"inLanguage":"fr-FR"}]}},"_links":{"self":[{"href":"https:\/\/csefrs.lifemoz.com\/fr\/wp-json\/wp\/v2\/pages\/39259","targetHints":{"allow":["GET"]}}],"collection":[{"href":"https:\/\/csefrs.lifemoz.com\/fr\/wp-json\/wp\/v2\/pages"}],"about":[{"href":"https:\/\/csefrs.lifemoz.com\/fr\/wp-json\/wp\/v2\/types\/page"}],"author":[{"embeddable":true,"href":"https:\/\/csefrs.lifemoz.com\/fr\/wp-json\/wp\/v2\/users\/697"}],"replies":[{"embeddable":true,"href":"https:\/\/csefrs.lifemoz.com\/fr\/wp-json\/wp\/v2\/comments?post=39259"}],"version-history":[{"count":1,"href":"https:\/\/csefrs.lifemoz.com\/fr\/wp-json\/wp\/v2\/pages\/39259\/revisions"}],"predecessor-version":[{"id":43784,"href":"https:\/\/csefrs.lifemoz.com\/fr\/wp-json\/wp\/v2\/pages\/39259\/revisions\/43784"}],"wp:attachment":[{"href":"https:\/\/csefrs.lifemoz.com\/fr\/wp-json\/wp\/v2\/media?parent=39259"}],"curies":[{"name":"wp","href":"https:\/\/api.w.org\/{rel}","templated":true}]}}