{"id":39247,"date":"2025-12-31T09:01:11","date_gmt":"2025-12-31T08:01:11","guid":{"rendered":"https:\/\/csefrs.lifemoz.com\/%d9%85%d9%83%d8%aa%d8%a8-%d8%a7%d9%84%d9%85%d8%ac%d9%84%d8%b3\/"},"modified":"2026-04-13T10:01:48","modified_gmt":"2026-04-13T09:01:48","slug":"bureau-du-conseil","status":"publish","type":"page","link":"https:\/\/csefrs.lifemoz.com\/fr\/bureau-du-conseil\/","title":{"rendered":"Bureau du Conseil"},"content":{"rendered":"<div class=\"wpb-content-wrapper\"><p>[vc_row content_placement=\u00a0\u00bbmiddle\u00a0\u00bb type=\u00a0\u00bbvc_default\u00a0\u00bb css=\u00a0\u00bb.vc_custom_1771879737859{border-radius: 15px !important;}\u00a0\u00bb el_class=\u00a0\u00bbbg-sec\u00a0\u00bb][vc_column css=\u00a0\u00bb.vc_custom_1765883164589{border-radius: 10px !important;}\u00a0\u00bb][vc_column_text css=\u00a0\u00bb\u00a0\u00bb]<\/p>\n<h1 class=\"heading-conseil\" style=\"text-align: center;\">Bureau du Conseil<\/h1>\n<p>[\/vc_column_text][\/vc_column][\/vc_row][vc_row gap=\u00a0\u00bb15&Prime; type=\u00a0\u00bbvc_default\u00a0\u00bb css=\u00a0\u00bb.vc_custom_1776070882096{margin-top: 30px !important;margin-bottom: 50px !important;}\u00a0\u00bb el_class=\u00a0\u00bbsec-parent\u00a0\u00bb][vc_column width=\u00a0\u00bb1\/4&Prime; el_class=\u00a0\u00bbchild-2&Prime;][vc_widget_sidebar show_bg=\u00a0\u00bbfalse\u00a0\u00bb sidebar_id=\u00a0\u00bbsidebar_6&Prime; el_class=\u00a0\u00bbrtlcst\u00a0\u00bb][\/vc_column][vc_column width=\u00a0\u00bb3\/4&Prime; el_class=\u00a0\u00bbchild-1&Prime;][vc_column_text css=\u00a0\u00bb\u00a0\u00bb]<\/p>\n<p style=\"text-align: justify;\">Outre le pr\u00e9sident, le bureau du Conseil se compose de neuf membres repr\u00e9sentant les trois cat\u00e9gories qui composent le Conseil. Ils sont \u00e9lus par l&rsquo;Assembl\u00e9e g\u00e9n\u00e9rale parmi ses membres pour un mandat de deux ans et demi, renouvelable une fois. Le r\u00e8glement int\u00e9rieur du Conseil fixe les modalit\u00e9s de ces \u00e9lections.<\/p>\n<p style=\"text-align: justify;\">En outre, les pr\u00e9sidents des commissions permanentes du Conseil sont membres du Bureau du Conseil.<\/p>\n<ul style=\"text-align: right;\">\n<li style=\"text-align: justify;\">Le bureau du Conseil assiste le pr\u00e9sident dans la pr\u00e9paration et la mise en \u0153uvre des d\u00e9cisions prises par le Conseil.<\/li>\n<li style=\"text-align: justify;\">Le Bureau du Conseil examine les demandes d&rsquo;avis soumises au Conseil et les transmet, pour \u00e9tude et examen, aux commissions comp\u00e9tentes, aux groupes de travail sp\u00e9ciaux ou \u00e0 l&rsquo;Agence nationale pour l&rsquo;\u00e9valuation du syst\u00e8me \u00e9ducatif, de la formation et de la recherche scientifique, selon leur domaine de comp\u00e9tence.<\/li>\n<li style=\"text-align: justify;\">Le bureau du Conseil examine les r\u00e9sultats des travaux des commissions, des groupes de travail sp\u00e9ciaux et de l&rsquo;organisme national charg\u00e9 d&rsquo;\u00e9valuer le syst\u00e8me d&rsquo;\u00e9ducation, de formation et de recherche scientifique, et d\u00e9cide de la suite \u00e0 leur donner.<\/li>\n<li style=\"text-align: justify;\">Le bureau du pr\u00e9sident aide \u00e0 \u00e9tablir l&rsquo;ordre du jour des sessions de l&rsquo;Assembl\u00e9e g\u00e9n\u00e9rale.<\/li>\n<li style=\"text-align: justify;\">Le Bureau du Conseil approuve le programme annuel des activit\u00e9s de l&rsquo;Agence nationale pour l&rsquo;\u00e9valuation du syst\u00e8me \u00e9ducatif, de la formation et de la recherche scientifique.<\/li>\n<li style=\"text-align: justify;\">Le bureau du Conseil examine les rapports d&rsquo;\u00e9valuation \u00e9tablis par cet organisme et les transmet \u00e0 l&rsquo;Assembl\u00e9e g\u00e9n\u00e9rale selon les modalit\u00e9s fix\u00e9es par le r\u00e8glement int\u00e9rieur du Conseil.<\/li>\n<\/ul>\n<p style=\"text-align: justify;\">Le bureau du Conseil d\u00e9finit les comp\u00e9tences des commissions temporaires et des groupes de travail sp\u00e9ciaux, leurs modalit\u00e9s de fonctionnement et la dur\u00e9e de leur mission, et nomme leurs membres parmi les membres du Conseil.<\/p>\n<p>[\/vc_column_text][\/vc_column][\/vc_row]<\/p>\n<\/div>","protected":false},"excerpt":{"rendered":"<p>[vc_row content_placement=\u00a0\u00bbmiddle\u00a0\u00bb type=\u00a0\u00bbvc_default\u00a0\u00bb css=\u00a0\u00bb.vc_custom_1771879737859{border-radius: 15px !important;}\u00a0\u00bb el_class=\u00a0\u00bbbg-sec\u00a0\u00bb][vc_column css=\u00a0\u00bb.vc_custom_1765883164589{border-radius: 10px !important;}\u00a0\u00bb][vc_column_text css=\u00a0\u00bb\u00a0\u00bb] Bureau du Conseil [\/vc_column_text][\/vc_column][\/vc_row][vc_row gap=\u00a0\u00bb15&Prime; type=\u00a0\u00bbvc_default\u00a0\u00bb css=\u00a0\u00bb.vc_custom_1776070882096{margin-top: 30px !important;margin-bottom: 50px !important;}\u00a0\u00bb el_class=\u00a0\u00bbsec-parent\u00a0\u00bb][vc_column width=\u00a0\u00bb1\/4&Prime; el_class=\u00a0\u00bbchild-2&Prime;][vc_widget_sidebar show_bg=\u00a0\u00bbfalse\u00a0\u00bb sidebar_id=\u00a0\u00bbsidebar_6&Prime; el_class=\u00a0\u00bbrtlcst\u00a0\u00bb][\/vc_column][vc_column width=\u00a0\u00bb3\/4&Prime; el_class=\u00a0\u00bbchild-1&Prime;][vc_column_text css=\u00a0\u00bb\u00a0\u00bb] Outre le pr\u00e9sident, le bureau du Conseil se compose de neuf membres repr\u00e9sentant les trois cat\u00e9gories qui composent le Conseil. Ils sont \u00e9lus par&hellip;<\/p>\n","protected":false},"author":696,"featured_media":0,"parent":0,"menu_order":0,"comment_status":"closed","ping_status":"closed","template":"","meta":{"footnotes":""},"class_list":["post-39247","page","type-page","status-publish","hentry","description-off"],"yoast_head":"<!-- This site is optimized with the Yoast SEO plugin v27.5 - https:\/\/yoast.com\/product\/yoast-seo-wordpress\/ -->\n<title>Bureau du Conseil - Conseil sup\u00e9rieur de l\u2019\u00e9ducation, de la formation et de la recherche scientifique<\/title>\n<meta name=\"robots\" content=\"noindex, follow, max-snippet:-1, max-image-preview:large, max-video-preview:-1\" \/>\n<meta property=\"og:locale\" content=\"fr_FR\" \/>\n<meta property=\"og:type\" content=\"article\" \/>\n<meta property=\"og:title\" content=\"Bureau du Conseil - Conseil sup\u00e9rieur de l\u2019\u00e9ducation, de la formation et de la recherche scientifique\" \/>\n<meta property=\"og:description\" content=\"[vc_row content_placement=\u00a0\u00bbmiddle\u00a0\u00bb type=\u00a0\u00bbvc_default\u00a0\u00bb css=\u00a0\u00bb.vc_custom_1771879737859{border-radius: 15px !important;}\u00a0\u00bb el_class=\u00a0\u00bbbg-sec\u00a0\u00bb][vc_column css=\u00a0\u00bb.vc_custom_1765883164589{border-radius: 10px !important;}\u00a0\u00bb][vc_column_text css=\u00a0\u00bb\u00a0\u00bb] Bureau du Conseil [\/vc_column_text][\/vc_column][\/vc_row][vc_row gap=\u00a0\u00bb15&Prime; type=\u00a0\u00bbvc_default\u00a0\u00bb css=\u00a0\u00bb.vc_custom_1776070882096{margin-top: 30px !important;margin-bottom: 50px !important;}\u00a0\u00bb el_class=\u00a0\u00bbsec-parent\u00a0\u00bb][vc_column width=\u00a0\u00bb1\/4&Prime; el_class=\u00a0\u00bbchild-2&Prime;][vc_widget_sidebar show_bg=\u00a0\u00bbfalse\u00a0\u00bb sidebar_id=\u00a0\u00bbsidebar_6&Prime; el_class=\u00a0\u00bbrtlcst\u00a0\u00bb][\/vc_column][vc_column width=\u00a0\u00bb3\/4&Prime; el_class=\u00a0\u00bbchild-1&Prime;][vc_column_text css=\u00a0\u00bb\u00a0\u00bb] Outre le pr\u00e9sident, le bureau du Conseil se compose de neuf membres repr\u00e9sentant les trois cat\u00e9gories qui composent le Conseil. Ils sont \u00e9lus par&hellip;\" \/>\n<meta property=\"og:url\" content=\"https:\/\/csefrs.lifemoz.com\/fr\/bureau-du-conseil\/\" \/>\n<meta property=\"og:site_name\" content=\"Conseil sup\u00e9rieur de l\u2019\u00e9ducation, de la formation et de la recherche scientifique\" \/>\n<meta property=\"article:modified_time\" content=\"2026-04-13T09:01:48+00:00\" \/>\n<meta name=\"twitter:card\" content=\"summary_large_image\" \/>\n<meta name=\"twitter:label1\" content=\"Dur\u00e9e de lecture estim\u00e9e\" \/>\n\t<meta name=\"twitter:data1\" content=\"2 minutes\" \/>\n<script type=\"application\/ld+json\" class=\"yoast-schema-graph\">{\"@context\":\"https:\\\/\\\/schema.org\",\"@graph\":[{\"@type\":\"WebPage\",\"@id\":\"https:\\\/\\\/csefrs.lifemoz.com\\\/fr\\\/bureau-du-conseil\\\/\",\"url\":\"https:\\\/\\\/csefrs.lifemoz.com\\\/fr\\\/bureau-du-conseil\\\/\",\"name\":\"Bureau du Conseil - Conseil sup\u00e9rieur de l\u2019\u00e9ducation, de la formation et de la recherche scientifique\",\"isPartOf\":{\"@id\":\"https:\\\/\\\/csefrs.lifemoz.com\\\/#website\"},\"datePublished\":\"2025-12-31T08:01:11+00:00\",\"dateModified\":\"2026-04-13T09:01:48+00:00\",\"breadcrumb\":{\"@id\":\"https:\\\/\\\/csefrs.lifemoz.com\\\/fr\\\/bureau-du-conseil\\\/#breadcrumb\"},\"inLanguage\":\"fr-FR\",\"potentialAction\":[{\"@type\":\"ReadAction\",\"target\":[\"https:\\\/\\\/csefrs.lifemoz.com\\\/fr\\\/bureau-du-conseil\\\/\"]}]},{\"@type\":\"BreadcrumbList\",\"@id\":\"https:\\\/\\\/csefrs.lifemoz.com\\\/fr\\\/bureau-du-conseil\\\/#breadcrumb\",\"itemListElement\":[{\"@type\":\"ListItem\",\"position\":1,\"name\":\"Accueil\",\"item\":\"https:\\\/\\\/csefrs.lifemoz.com\\\/fr\\\/\"},{\"@type\":\"ListItem\",\"position\":2,\"name\":\"Bureau du Conseil\"}]},{\"@type\":\"WebSite\",\"@id\":\"https:\\\/\\\/csefrs.lifemoz.com\\\/#website\",\"url\":\"https:\\\/\\\/csefrs.lifemoz.com\\\/\",\"name\":\"Conseil sup\u00e9rieur de l\u2019\u00e9ducation, de la formation et de la recherche scientifique\",\"description\":\"\",\"potentialAction\":[{\"@type\":\"SearchAction\",\"target\":{\"@type\":\"EntryPoint\",\"urlTemplate\":\"https:\\\/\\\/csefrs.lifemoz.com\\\/?s={search_term_string}\"},\"query-input\":{\"@type\":\"PropertyValueSpecification\",\"valueRequired\":true,\"valueName\":\"search_term_string\"}}],\"inLanguage\":\"fr-FR\"}]}<\/script>\n<!-- \/ Yoast SEO plugin. -->","yoast_head_json":{"title":"Bureau du Conseil - Conseil sup\u00e9rieur de l\u2019\u00e9ducation, de la formation et de la recherche scientifique","robots":{"index":"noindex","follow":"follow","max-snippet":"max-snippet:-1","max-image-preview":"max-image-preview:large","max-video-preview":"max-video-preview:-1"},"og_locale":"fr_FR","og_type":"article","og_title":"Bureau du Conseil - Conseil sup\u00e9rieur de l\u2019\u00e9ducation, de la formation et de la recherche scientifique","og_description":"[vc_row content_placement=\u00a0\u00bbmiddle\u00a0\u00bb type=\u00a0\u00bbvc_default\u00a0\u00bb css=\u00a0\u00bb.vc_custom_1771879737859{border-radius: 15px !important;}\u00a0\u00bb el_class=\u00a0\u00bbbg-sec\u00a0\u00bb][vc_column css=\u00a0\u00bb.vc_custom_1765883164589{border-radius: 10px !important;}\u00a0\u00bb][vc_column_text css=\u00a0\u00bb\u00a0\u00bb] Bureau du Conseil [\/vc_column_text][\/vc_column][\/vc_row][vc_row gap=\u00a0\u00bb15&Prime; type=\u00a0\u00bbvc_default\u00a0\u00bb css=\u00a0\u00bb.vc_custom_1776070882096{margin-top: 30px !important;margin-bottom: 50px !important;}\u00a0\u00bb el_class=\u00a0\u00bbsec-parent\u00a0\u00bb][vc_column width=\u00a0\u00bb1\/4&Prime; el_class=\u00a0\u00bbchild-2&Prime;][vc_widget_sidebar show_bg=\u00a0\u00bbfalse\u00a0\u00bb sidebar_id=\u00a0\u00bbsidebar_6&Prime; el_class=\u00a0\u00bbrtlcst\u00a0\u00bb][\/vc_column][vc_column width=\u00a0\u00bb3\/4&Prime; el_class=\u00a0\u00bbchild-1&Prime;][vc_column_text css=\u00a0\u00bb\u00a0\u00bb] Outre le pr\u00e9sident, le bureau du Conseil se compose de neuf membres repr\u00e9sentant les trois cat\u00e9gories qui composent le Conseil. Ils sont \u00e9lus par&hellip;","og_url":"https:\/\/csefrs.lifemoz.com\/fr\/bureau-du-conseil\/","og_site_name":"Conseil sup\u00e9rieur de l\u2019\u00e9ducation, de la formation et de la recherche scientifique","article_modified_time":"2026-04-13T09:01:48+00:00","twitter_card":"summary_large_image","twitter_misc":{"Dur\u00e9e de lecture estim\u00e9e":"2 minutes"},"schema":{"@context":"https:\/\/schema.org","@graph":[{"@type":"WebPage","@id":"https:\/\/csefrs.lifemoz.com\/fr\/bureau-du-conseil\/","url":"https:\/\/csefrs.lifemoz.com\/fr\/bureau-du-conseil\/","name":"Bureau du Conseil - Conseil sup\u00e9rieur de l\u2019\u00e9ducation, de la formation et de la recherche scientifique","isPartOf":{"@id":"https:\/\/csefrs.lifemoz.com\/#website"},"datePublished":"2025-12-31T08:01:11+00:00","dateModified":"2026-04-13T09:01:48+00:00","breadcrumb":{"@id":"https:\/\/csefrs.lifemoz.com\/fr\/bureau-du-conseil\/#breadcrumb"},"inLanguage":"fr-FR","potentialAction":[{"@type":"ReadAction","target":["https:\/\/csefrs.lifemoz.com\/fr\/bureau-du-conseil\/"]}]},{"@type":"BreadcrumbList","@id":"https:\/\/csefrs.lifemoz.com\/fr\/bureau-du-conseil\/#breadcrumb","itemListElement":[{"@type":"ListItem","position":1,"name":"Accueil","item":"https:\/\/csefrs.lifemoz.com\/fr\/"},{"@type":"ListItem","position":2,"name":"Bureau du Conseil"}]},{"@type":"WebSite","@id":"https:\/\/csefrs.lifemoz.com\/#website","url":"https:\/\/csefrs.lifemoz.com\/","name":"Conseil sup\u00e9rieur de l\u2019\u00e9ducation, de la formation et de la recherche scientifique","description":"","potentialAction":[{"@type":"SearchAction","target":{"@type":"EntryPoint","urlTemplate":"https:\/\/csefrs.lifemoz.com\/?s={search_term_string}"},"query-input":{"@type":"PropertyValueSpecification","valueRequired":true,"valueName":"search_term_string"}}],"inLanguage":"fr-FR"}]}},"_links":{"self":[{"href":"https:\/\/csefrs.lifemoz.com\/fr\/wp-json\/wp\/v2\/pages\/39247","targetHints":{"allow":["GET"]}}],"collection":[{"href":"https:\/\/csefrs.lifemoz.com\/fr\/wp-json\/wp\/v2\/pages"}],"about":[{"href":"https:\/\/csefrs.lifemoz.com\/fr\/wp-json\/wp\/v2\/types\/page"}],"author":[{"embeddable":true,"href":"https:\/\/csefrs.lifemoz.com\/fr\/wp-json\/wp\/v2\/users\/696"}],"replies":[{"embeddable":true,"href":"https:\/\/csefrs.lifemoz.com\/fr\/wp-json\/wp\/v2\/comments?post=39247"}],"version-history":[{"count":2,"href":"https:\/\/csefrs.lifemoz.com\/fr\/wp-json\/wp\/v2\/pages\/39247\/revisions"}],"predecessor-version":[{"id":45385,"href":"https:\/\/csefrs.lifemoz.com\/fr\/wp-json\/wp\/v2\/pages\/39247\/revisions\/45385"}],"wp:attachment":[{"href":"https:\/\/csefrs.lifemoz.com\/fr\/wp-json\/wp\/v2\/media?parent=39247"}],"curies":[{"name":"wp","href":"https:\/\/api.w.org\/{rel}","templated":true}]}}