{"id":39232,"date":"2025-12-05T15:52:09","date_gmt":"2025-12-05T14:52:09","guid":{"rendered":"https:\/\/csefrs.lifemoz.com\/%d8%a7%d9%84%d9%85%d9%87%d8%a7%d9%85-%d9%88%d8%a7%d9%84%d8%b5%d9%84%d8%a7%d8%ad%d9%8a%d8%a7%d8%aa\/"},"modified":"2026-04-15T17:57:23","modified_gmt":"2026-04-15T16:57:23","slug":"missions-et-attributions","status":"publish","type":"page","link":"https:\/\/csefrs.lifemoz.com\/fr\/missions-et-attributions\/","title":{"rendered":"Missions et attributions"},"content":{"rendered":"<div class=\"wpb-content-wrapper\"><p>[vc_row content_placement=\u00a0\u00bbmiddle\u00a0\u00bb type=\u00a0\u00bbvc_default\u00a0\u00bb el_class=\u00a0\u00bbbg-sec\u00a0\u00bb css=\u00a0\u00bb.vc_custom_1771879641380{margin-right: 0px !important;margin-left: 0px !important;}\u00a0\u00bb][vc_column css=\u00a0\u00bb.vc_custom_1765883164589{border-radius: 10px !important;}\u00a0\u00bb][vc_column_text css=\u00a0\u00bb\u00a0\u00bb]<\/p>\n<h1 class=\"heading-conseil\" style=\"text-align: center;\">Missions et attributions<\/h1>\n<p>[\/vc_column_text][\/vc_column][\/vc_row][vc_row gap=\u00a0\u00bb15&Prime; el_class=\u00a0\u00bbsec-parent\u00a0\u00bb][vc_column width=\u00a0\u00bb1\/4&Prime; el_class=\u00a0\u00bbchild-2&Prime;][vc_widget_sidebar show_bg=\u00a0\u00bbfalse\u00a0\u00bb sidebar_id=\u00a0\u00bbsidebar_6&Prime; el_class=\u00a0\u00bbrtlcst\u00a0\u00bb][\/vc_column][vc_column width=\u00a0\u00bb3\/4&Prime; el_class=\u00a0\u00bbchild-1&Prime;][vc_column_text css=\u00a0\u00bb.vc_custom_1776264683584{margin-bottom: 15px !important;padding-top: 15px !important;padding-bottom: 15px !important;}\u00a0\u00bb]<\/p>\n<h2 style=\"text-align: left;\"><strong><span style=\"color: #bb1a25;\">Missions et attributions<\/span><\/strong><\/h2>\n<p>[\/vc_column_text][vc_column_text css=\u00a0\u00bb\u00a0\u00bb]<\/p>\n<ul>\n<li style=\"text-align: left;\">l\u2019\u00e9mission d\u2019avis sur toutes les politiques publiques et les questions nationales qui concernent les domaines de l\u2019\u00e9ducation, de la formation et de la recherche scientifique ainsi que sur les objectifs et le fonctionnement des services publics en charge de ces domaines\u00a0;<\/li>\n<li style=\"text-align: left;\">l\u2019\u00e9valuation des politiques et programmes publics qui s\u2019y rapportent.<\/li>\n<\/ul>\n<p>[\/vc_column_text][vc_column_text css=\u00a0\u00bb.vc_custom_1776265153603{margin-bottom: 15px !important;padding-top: 15px !important;padding-bottom: 15px !important;}\u00a0\u00bb]<\/p>\n<h2 style=\"text-align: left;\"><strong><span style=\"color: #bb1a25;\">A cet effet, le Conseil :<\/span><\/strong><\/h2>\n<p>[\/vc_column_text][vc_column_text css=\u00a0\u00bb\u00a0\u00bb]<\/p>\n<ul>\n<li style=\"text-align: justify;\">donne avis sur toutes les questions concernant le syst\u00e8me national de l\u2019\u00e9ducation, de la formation et de la recherche scientifique qui lui sont soumises par Sa Majest\u00e9 Le Roi ;<\/li>\n<li style=\"text-align: justify;\">donne avis sur toutes les questions qui lui sont soumises par le gouvernement, li\u00e9es aux grands choix nationaux, aux orientations g\u00e9n\u00e9rales, aux programmes et aux projets rev\u00eatant un int\u00e9r\u00eat particulier ;<\/li>\n<li style=\"text-align: justify;\">donne avis au Gouvernement et au Parlement sur les projets et les propositions de lois, les lois organiques et les textes r\u00e9glementaires qui lui sont pr\u00e9sent\u00e9s \u00e0 cet effet par le Chef du Gouvernement, le pr\u00e9sident de la Chambre des Repr\u00e9sentants ou par le pr\u00e9sident de la Chambre des Conseillers, notamment les projets et les propositions de lois qui \u00e9tablissent un cadre aux objectifs fondamentaux de l\u2019Etat dans les domaines de l\u2019\u00e9ducation, de la formation et de la recherche scientifique ;<\/li>\n<li style=\"text-align: justify;\">pr\u00e9pare des \u00e9tudes et des recherches \u00e0 sa propre initiative, ou \u00e0 la demande du Gouvernement, sur toute question int\u00e9ressant l\u2019\u00e9ducation, la formation et la recherche scientifique ou se rapportant au fonctionnement des services publics concern\u00e9s ;<\/li>\n<li style=\"text-align: justify;\">r\u00e9alise des \u00e9valuations globales, sectorielles ou th\u00e9matiques des politiques et des programmes publics dans les domaines de l\u2019\u00e9ducation, de la formation et de la recherche scientifique, et en publie les r\u00e9sultats ;<\/li>\n<li style=\"text-align: left;\">pr\u00e9sente au Gouvernement toute proposition susceptible de :\n<ol style=\"text-align: right;\">\n<li style=\"text-align: left;\">Contribuer \u00e0 am\u00e9liorer la qualit\u00e9 du syst\u00e8me national d\u2019\u00e9ducation et de formation, \u00e0 assurer sa r\u00e9forme, \u00e0 accro\u00eetre son rendement et \u00e0 am\u00e9liorer sa performance ;<\/li>\n<li style=\"text-align: left;\">Encourager les politiques de d\u00e9veloppement et de soutien des structures de la recherche scientifique, et motiver les chercheurs y travaillant pour la cr\u00e9ativit\u00e9 et l\u2019innovation ;<\/li>\n<li style=\"text-align: left;\">\u00c9tablir une relation de partenariat et de coop\u00e9ration avec les d\u00e9partements, les institutions et les organismes aux niveaux national et international dans les domaines relevant de sa comp\u00e9tence.<\/li>\n<\/ol>\n<\/li>\n<\/ul>\n<p style=\"text-align: justify;\">Au moins une fois sur chaque ann\u00e9e, le Conseil pr\u00e9sente un rapport sur les r\u00e9sultats et les perspectives de son travail, qu\u2019il soumet \u00e0 Sa Majest\u00e9 Le Roi. Ce rapport est transmis au Chef du Gouvernement et aux pr\u00e9sidents des deux Chambres du Parlement. Il fait l\u2019objet d\u2019une discussion devant le Parlement.<\/p>\n<p>[\/vc_column_text][\/vc_column][\/vc_row]<\/p>\n<\/div>","protected":false},"excerpt":{"rendered":"<p>[vc_row content_placement=\u00a0\u00bbmiddle\u00a0\u00bb type=\u00a0\u00bbvc_default\u00a0\u00bb el_class=\u00a0\u00bbbg-sec\u00a0\u00bb css=\u00a0\u00bb.vc_custom_1771879641380{margin-right: 0px !important;margin-left: 0px !important;}\u00a0\u00bb][vc_column css=\u00a0\u00bb.vc_custom_1765883164589{border-radius: 10px !important;}\u00a0\u00bb][vc_column_text css=\u00a0\u00bb\u00a0\u00bb] Missions et attributions [\/vc_column_text][\/vc_column][\/vc_row][vc_row gap=\u00a0\u00bb15&Prime; el_class=\u00a0\u00bbsec-parent\u00a0\u00bb][vc_column width=\u00a0\u00bb1\/4&Prime; el_class=\u00a0\u00bbchild-2&Prime;][vc_widget_sidebar show_bg=\u00a0\u00bbfalse\u00a0\u00bb sidebar_id=\u00a0\u00bbsidebar_6&Prime; el_class=\u00a0\u00bbrtlcst\u00a0\u00bb][\/vc_column][vc_column width=\u00a0\u00bb3\/4&Prime; el_class=\u00a0\u00bbchild-1&Prime;][vc_column_text css=\u00a0\u00bb.vc_custom_1776264683584{margin-bottom: 15px !important;padding-top: 15px !important;padding-bottom: 15px !important;}\u00a0\u00bb] Missions et attributions [\/vc_column_text][vc_column_text css=\u00a0\u00bb\u00a0\u00bb] l\u2019\u00e9mission d\u2019avis sur toutes les politiques publiques et les questions nationales qui concernent les domaines de l\u2019\u00e9ducation,&hellip;<\/p>\n","protected":false},"author":696,"featured_media":0,"parent":0,"menu_order":0,"comment_status":"closed","ping_status":"closed","template":"","meta":{"footnotes":""},"class_list":["post-39232","page","type-page","status-publish","hentry","description-off"],"yoast_head":"<!-- This site is optimized with the Yoast SEO plugin v27.5 - https:\/\/yoast.com\/product\/yoast-seo-wordpress\/ -->\n<title>Missions et attributions - Conseil sup\u00e9rieur de l\u2019\u00e9ducation, de la formation et de la recherche scientifique<\/title>\n<meta name=\"robots\" content=\"noindex, follow, max-snippet:-1, max-image-preview:large, max-video-preview:-1\" \/>\n<meta property=\"og:locale\" content=\"fr_FR\" \/>\n<meta property=\"og:type\" content=\"article\" \/>\n<meta property=\"og:title\" content=\"Missions et attributions - Conseil sup\u00e9rieur de l\u2019\u00e9ducation, de la formation et de la recherche scientifique\" \/>\n<meta property=\"og:description\" content=\"[vc_row content_placement=\u00a0\u00bbmiddle\u00a0\u00bb type=\u00a0\u00bbvc_default\u00a0\u00bb el_class=\u00a0\u00bbbg-sec\u00a0\u00bb css=\u00a0\u00bb.vc_custom_1771879641380{margin-right: 0px !important;margin-left: 0px !important;}\u00a0\u00bb][vc_column css=\u00a0\u00bb.vc_custom_1765883164589{border-radius: 10px !important;}\u00a0\u00bb][vc_column_text css=\u00a0\u00bb\u00a0\u00bb] Missions et attributions [\/vc_column_text][\/vc_column][\/vc_row][vc_row gap=\u00a0\u00bb15&Prime; el_class=\u00a0\u00bbsec-parent\u00a0\u00bb][vc_column width=\u00a0\u00bb1\/4&Prime; el_class=\u00a0\u00bbchild-2&Prime;][vc_widget_sidebar show_bg=\u00a0\u00bbfalse\u00a0\u00bb sidebar_id=\u00a0\u00bbsidebar_6&Prime; el_class=\u00a0\u00bbrtlcst\u00a0\u00bb][\/vc_column][vc_column width=\u00a0\u00bb3\/4&Prime; el_class=\u00a0\u00bbchild-1&Prime;][vc_column_text css=\u00a0\u00bb.vc_custom_1776264683584{margin-bottom: 15px !important;padding-top: 15px !important;padding-bottom: 15px !important;}\u00a0\u00bb] Missions et attributions [\/vc_column_text][vc_column_text css=\u00a0\u00bb\u00a0\u00bb] l\u2019\u00e9mission d\u2019avis sur toutes les politiques publiques et les questions nationales qui concernent les domaines de l\u2019\u00e9ducation,&hellip;\" \/>\n<meta property=\"og:url\" content=\"https:\/\/csefrs.lifemoz.com\/fr\/missions-et-attributions\/\" \/>\n<meta property=\"og:site_name\" content=\"Conseil sup\u00e9rieur de l\u2019\u00e9ducation, de la formation et de la recherche scientifique\" \/>\n<meta property=\"article:modified_time\" content=\"2026-04-15T16:57:23+00:00\" \/>\n<meta name=\"twitter:card\" content=\"summary_large_image\" \/>\n<meta name=\"twitter:label1\" content=\"Dur\u00e9e de lecture estim\u00e9e\" \/>\n\t<meta name=\"twitter:data1\" content=\"3 minutes\" \/>\n<script type=\"application\/ld+json\" class=\"yoast-schema-graph\">{\"@context\":\"https:\\\/\\\/schema.org\",\"@graph\":[{\"@type\":\"WebPage\",\"@id\":\"https:\\\/\\\/csefrs.lifemoz.com\\\/fr\\\/missions-et-attributions\\\/\",\"url\":\"https:\\\/\\\/csefrs.lifemoz.com\\\/fr\\\/missions-et-attributions\\\/\",\"name\":\"Missions et attributions - Conseil sup\u00e9rieur de l\u2019\u00e9ducation, de la formation et de la recherche scientifique\",\"isPartOf\":{\"@id\":\"https:\\\/\\\/csefrs.lifemoz.com\\\/#website\"},\"datePublished\":\"2025-12-05T14:52:09+00:00\",\"dateModified\":\"2026-04-15T16:57:23+00:00\",\"breadcrumb\":{\"@id\":\"https:\\\/\\\/csefrs.lifemoz.com\\\/fr\\\/missions-et-attributions\\\/#breadcrumb\"},\"inLanguage\":\"fr-FR\",\"potentialAction\":[{\"@type\":\"ReadAction\",\"target\":[\"https:\\\/\\\/csefrs.lifemoz.com\\\/fr\\\/missions-et-attributions\\\/\"]}]},{\"@type\":\"BreadcrumbList\",\"@id\":\"https:\\\/\\\/csefrs.lifemoz.com\\\/fr\\\/missions-et-attributions\\\/#breadcrumb\",\"itemListElement\":[{\"@type\":\"ListItem\",\"position\":1,\"name\":\"Accueil\",\"item\":\"https:\\\/\\\/csefrs.lifemoz.com\\\/fr\\\/\"},{\"@type\":\"ListItem\",\"position\":2,\"name\":\"Missions et attributions\"}]},{\"@type\":\"WebSite\",\"@id\":\"https:\\\/\\\/csefrs.lifemoz.com\\\/#website\",\"url\":\"https:\\\/\\\/csefrs.lifemoz.com\\\/\",\"name\":\"Conseil sup\u00e9rieur de l\u2019\u00e9ducation, de la formation et de la recherche scientifique\",\"description\":\"\",\"potentialAction\":[{\"@type\":\"SearchAction\",\"target\":{\"@type\":\"EntryPoint\",\"urlTemplate\":\"https:\\\/\\\/csefrs.lifemoz.com\\\/?s={search_term_string}\"},\"query-input\":{\"@type\":\"PropertyValueSpecification\",\"valueRequired\":true,\"valueName\":\"search_term_string\"}}],\"inLanguage\":\"fr-FR\"}]}<\/script>\n<!-- \/ Yoast SEO plugin. -->","yoast_head_json":{"title":"Missions et attributions - Conseil sup\u00e9rieur de l\u2019\u00e9ducation, de la formation et de la recherche scientifique","robots":{"index":"noindex","follow":"follow","max-snippet":"max-snippet:-1","max-image-preview":"max-image-preview:large","max-video-preview":"max-video-preview:-1"},"og_locale":"fr_FR","og_type":"article","og_title":"Missions et attributions - Conseil sup\u00e9rieur de l\u2019\u00e9ducation, de la formation et de la recherche scientifique","og_description":"[vc_row content_placement=\u00a0\u00bbmiddle\u00a0\u00bb type=\u00a0\u00bbvc_default\u00a0\u00bb el_class=\u00a0\u00bbbg-sec\u00a0\u00bb css=\u00a0\u00bb.vc_custom_1771879641380{margin-right: 0px !important;margin-left: 0px !important;}\u00a0\u00bb][vc_column css=\u00a0\u00bb.vc_custom_1765883164589{border-radius: 10px !important;}\u00a0\u00bb][vc_column_text css=\u00a0\u00bb\u00a0\u00bb] Missions et attributions [\/vc_column_text][\/vc_column][\/vc_row][vc_row gap=\u00a0\u00bb15&Prime; el_class=\u00a0\u00bbsec-parent\u00a0\u00bb][vc_column width=\u00a0\u00bb1\/4&Prime; el_class=\u00a0\u00bbchild-2&Prime;][vc_widget_sidebar show_bg=\u00a0\u00bbfalse\u00a0\u00bb sidebar_id=\u00a0\u00bbsidebar_6&Prime; el_class=\u00a0\u00bbrtlcst\u00a0\u00bb][\/vc_column][vc_column width=\u00a0\u00bb3\/4&Prime; el_class=\u00a0\u00bbchild-1&Prime;][vc_column_text css=\u00a0\u00bb.vc_custom_1776264683584{margin-bottom: 15px !important;padding-top: 15px !important;padding-bottom: 15px !important;}\u00a0\u00bb] Missions et attributions [\/vc_column_text][vc_column_text css=\u00a0\u00bb\u00a0\u00bb] l\u2019\u00e9mission d\u2019avis sur toutes les politiques publiques et les questions nationales qui concernent les domaines de l\u2019\u00e9ducation,&hellip;","og_url":"https:\/\/csefrs.lifemoz.com\/fr\/missions-et-attributions\/","og_site_name":"Conseil sup\u00e9rieur de l\u2019\u00e9ducation, de la formation et de la recherche scientifique","article_modified_time":"2026-04-15T16:57:23+00:00","twitter_card":"summary_large_image","twitter_misc":{"Dur\u00e9e de lecture estim\u00e9e":"3 minutes"},"schema":{"@context":"https:\/\/schema.org","@graph":[{"@type":"WebPage","@id":"https:\/\/csefrs.lifemoz.com\/fr\/missions-et-attributions\/","url":"https:\/\/csefrs.lifemoz.com\/fr\/missions-et-attributions\/","name":"Missions et attributions - Conseil sup\u00e9rieur de l\u2019\u00e9ducation, de la formation et de la recherche scientifique","isPartOf":{"@id":"https:\/\/csefrs.lifemoz.com\/#website"},"datePublished":"2025-12-05T14:52:09+00:00","dateModified":"2026-04-15T16:57:23+00:00","breadcrumb":{"@id":"https:\/\/csefrs.lifemoz.com\/fr\/missions-et-attributions\/#breadcrumb"},"inLanguage":"fr-FR","potentialAction":[{"@type":"ReadAction","target":["https:\/\/csefrs.lifemoz.com\/fr\/missions-et-attributions\/"]}]},{"@type":"BreadcrumbList","@id":"https:\/\/csefrs.lifemoz.com\/fr\/missions-et-attributions\/#breadcrumb","itemListElement":[{"@type":"ListItem","position":1,"name":"Accueil","item":"https:\/\/csefrs.lifemoz.com\/fr\/"},{"@type":"ListItem","position":2,"name":"Missions et attributions"}]},{"@type":"WebSite","@id":"https:\/\/csefrs.lifemoz.com\/#website","url":"https:\/\/csefrs.lifemoz.com\/","name":"Conseil sup\u00e9rieur de l\u2019\u00e9ducation, de la formation et de la recherche scientifique","description":"","potentialAction":[{"@type":"SearchAction","target":{"@type":"EntryPoint","urlTemplate":"https:\/\/csefrs.lifemoz.com\/?s={search_term_string}"},"query-input":{"@type":"PropertyValueSpecification","valueRequired":true,"valueName":"search_term_string"}}],"inLanguage":"fr-FR"}]}},"_links":{"self":[{"href":"https:\/\/csefrs.lifemoz.com\/fr\/wp-json\/wp\/v2\/pages\/39232","targetHints":{"allow":["GET"]}}],"collection":[{"href":"https:\/\/csefrs.lifemoz.com\/fr\/wp-json\/wp\/v2\/pages"}],"about":[{"href":"https:\/\/csefrs.lifemoz.com\/fr\/wp-json\/wp\/v2\/types\/page"}],"author":[{"embeddable":true,"href":"https:\/\/csefrs.lifemoz.com\/fr\/wp-json\/wp\/v2\/users\/696"}],"replies":[{"embeddable":true,"href":"https:\/\/csefrs.lifemoz.com\/fr\/wp-json\/wp\/v2\/comments?post=39232"}],"version-history":[{"count":4,"href":"https:\/\/csefrs.lifemoz.com\/fr\/wp-json\/wp\/v2\/pages\/39232\/revisions"}],"predecessor-version":[{"id":44837,"href":"https:\/\/csefrs.lifemoz.com\/fr\/wp-json\/wp\/v2\/pages\/39232\/revisions\/44837"}],"wp:attachment":[{"href":"https:\/\/csefrs.lifemoz.com\/fr\/wp-json\/wp\/v2\/media?parent=39232"}],"curies":[{"name":"wp","href":"https:\/\/api.w.org\/{rel}","templated":true}]}}