{"id":39225,"date":"2025-12-03T09:59:46","date_gmt":"2025-12-03T08:59:46","guid":{"rendered":"https:\/\/csefrs.lifemoz.com\/%d8%aa%d9%82%d8%af%d9%8a%d9%85-%d8%b9%d8%a7%d9%85\/"},"modified":"2026-04-15T15:34:16","modified_gmt":"2026-04-15T14:34:16","slug":"presentation-generale","status":"publish","type":"page","link":"https:\/\/csefrs.lifemoz.com\/fr\/presentation-generale\/","title":{"rendered":"Pr\u00e9sentation g\u00e9n\u00e9rale"},"content":{"rendered":"<div class=\"wpb-content-wrapper\"><p>[vc_row content_placement=\u00a0\u00bbmiddle\u00a0\u00bb type=\u00a0\u00bbvc_default\u00a0\u00bb el_class=\u00a0\u00bbbg-sec\u00a0\u00bb][vc_column][vc_column_text css=\u00a0\u00bb\u00a0\u00bb]<\/p>\n<h1 class=\"heading-conseil\" style=\"text-align: center;\">Pr\u00e9sentation g\u00e9n\u00e9rale<\/h1>\n<p>[\/vc_column_text][\/vc_column][\/vc_row][vc_row gap=\u00a0\u00bb15&Prime; el_class=\u00a0\u00bbsec-parent\u00a0\u00bb][vc_column width=\u00a0\u00bb1\/4&Prime; el_class=\u00a0\u00bbchild-2&Prime;][vc_widget_sidebar show_bg=\u00a0\u00bbfalse\u00a0\u00bb sidebar_id=\u00a0\u00bbsidebar_6&Prime; el_class=\u00a0\u00bbrtlcst\u00a0\u00bb][\/vc_column][vc_column width=\u00a0\u00bb3\/4&Prime; el_class=\u00a0\u00bbchild-1&Prime;][vc_column_text css=\u00a0\u00bb.vc_custom_1770628391379{padding-top: 15px !important;padding-bottom: 15px !important;}\u00a0\u00bb]<\/p>\n<h2 class=\"heading\" style=\"text-align: left;\"><span style=\"color: #bb1a25;\">Pr\u00e9sentation du Conseil<\/span><\/h2>\n<p>[\/vc_column_text][vc_column_text css=\u00a0\u00bb\u00a0\u00bb]<\/p>\n<p style=\"text-align: justify;\">Le Conseil sup\u00e9rieur de l\u2019\u00e9ducation, de la formation et de la recherche scientifique est un organe constitutionnel ind\u00e9pendant \u00e0 caract\u00e8re consultatif, cr\u00e9\u00e9 en vertu de l\u2019article 168 de la Constitution du Royaume. Il a pour mission de donner son avis sur les politiques publiques et les questions d\u2019int\u00e9r\u00eat national qui concernent les domaines de l\u2019\u00e9ducation, de la formation et de la recherche scientifique.<\/p>\n<p style=\"text-align: justify;\">Dans le cadre de sa contribution \u00e0 la consolidation de la bonne gouvernance, du d\u00e9veloppement durable et de la d\u00e9mocratie participative, le Conseil veille \u00e0 \u00eatre un creuset de r\u00e9flexion strat\u00e9gique et un espace pluraliste de d\u00e9bat et de coordination sur les questions qui concernent le syst\u00e8me d&rsquo;\u00e9ducation, de formation et de recherche scientifique, o\u00f9 il apporte sa contribution \u00e0 la promotion de l&rsquo;\u00e9cole marocaine.<\/p>\n<p style=\"text-align: justify;\">Il a \u00e9galement pour r\u00f4le d\u2019\u00e9clairer les politiques publiques et accompagner les d\u00e9cideurs dans leurs efforts d\u2019\u00e9dification et de d\u00e9veloppement d\u2019un syst\u00e8me d\u2019\u00e9ducation, de formation et de recherche scientifique (SEFRS) de qualit\u00e9, \u00e0 l\u2019\u00e9coute des attentes et des aspirations des Marocains, porteur de valeurs fondamentales sur lesquelles repose le mod\u00e8le marocain, en phase avec les choix strat\u00e9giques du pays en mati\u00e8re de d\u00e9veloppement \u00e9conomique, social et culturel et de rayonnement aux niveaux r\u00e9gional, continental et international.<\/p>\n<p>[\/vc_column_text][vc_column_text css=\u00a0\u00bb.vc_custom_1776261100743{padding-top: 15px !important;padding-bottom: 15px !important;}\u00a0\u00bb]<\/p>\n<h2 class=\"heading\" style=\"text-align: left;\"><span style=\"color: #bb1a25;\">Fondements de l\u2019action du Conseil<\/span><\/h2>\n<p>[\/vc_column_text][vc_column_text css=\u00a0\u00bb\u00a0\u00bb]<\/p>\n<p style=\"text-align: justify;\">Le travail du Conseil repose sur les principes et les fondements de r\u00e9f\u00e9rence marocains, notamment<\/p>\n<ul style=\"text-align: right;\">\n<li style=\"text-align: left;\">la concr\u00e9tisation de l\u2019\u00c9tat de droit d\u00e9mocratique et moderne ;<\/li>\n<li style=\"text-align: justify;\">la contribution \u00e0 la construction d\u2019une soci\u00e9t\u00e9 inclusive harmonieuse et plurielle ;<\/li>\n<li style=\"text-align: justify;\">la contribution \u00e0 l\u2019\u00e9dification d\u2019une soci\u00e9t\u00e9 du savoir, de la science et de l\u2019innovation ;<\/li>\n<li style=\"text-align: justify;\">l\u2019int\u00e9gration des normes de qualit\u00e9, de transparence, de reddition des comptes et de responsabilit\u00e9 pour la r\u00e9alisation d\u2019un pacte social.<\/li>\n<\/ul>\n<p style=\"text-align: justify;\">Au vu des sp\u00e9cificit\u00e9s de la question \u00e9ducative, le Conseil r\u00e9alise sa mission en prenant en compte les postulats suivants\u00a0:<\/p>\n<ul style=\"text-align: right;\">\n<li style=\"text-align: justify;\">la r\u00e9forme \u00e9ducative est un processus complexe et une entreprise de longue haleine mais elle est \u00e0 notre port\u00e9e\u00a0;<\/li>\n<li style=\"text-align: justify;\">la question \u00e9ducative doit \u00eatre plac\u00e9e au-dessus de toute consid\u00e9ration id\u00e9ologique, politique, partisane ou corporatiste\u00a0;<\/li>\n<li style=\"text-align: justify;\">la r\u00e9forme est une responsabilit\u00e9 partag\u00e9e qui n\u00e9cessite la consolidation des acquis, une impl\u00e9mentation graduelle du changement et un suivi vigilant avec une \u00e9valuation externe syst\u00e9matique\u00a0;<\/li>\n<\/ul>\n<p style=\"text-align: justify;\">la d\u00e9marche participative est un choix incontournable pour assurer l\u2019adh\u00e9sion et la mobilisation de tous les acteurs.<\/p>\n<p>[\/vc_column_text][vc_column_text css=\u00a0\u00bb.vc_custom_1770627689822{padding-top: 15px !important;padding-bottom: 15px !important;}\u00a0\u00bb]<\/p>\n<h2 class=\"heading\" style=\"text-align: left;\"><span style=\"color: #bb1a25;\">Composition du Conseil<\/span><\/h2>\n<p>[\/vc_column_text][vc_column_text css=\u00a0\u00bb\u00a0\u00bb]<\/p>\n<p style=\"text-align: justify;\">Le Conseil est compos\u00e9 de membres ayant une exp\u00e9rience av\u00e9r\u00e9e dans les domaines de l\u2019\u00e9ducation, de la formation et de la recherche scientifique, tout en respectant le principe de l\u2019\u00e9galit\u00e9 entre les femmes et les hommes dans leur nomination.<\/p>\n<p style=\"text-align: justify;\">Outre le pr\u00e9sident, nomm\u00e9 par le ROI pour un mandat de cinq ans renouvelable une seule fois, le Conseil est compos\u00e9 de 100 membres r\u00e9partis comme suit\u00a0:<\/p>\n<p style=\"text-align: justify;\">A) Cat\u00e9gorie des experts et des sp\u00e9cialistes\u00a0: Cette cat\u00e9gorie est compos\u00e9e de 20 membres nomm\u00e9s par le Roi parmi les personnalit\u00e9s r\u00e9put\u00e9es pour leur expertise dans les domaines de l\u2019\u00e9ducation, de la formation et de la recherche scientifique ;<\/p>\n<p style=\"text-align: justify;\">B) Cat\u00e9gorie des membres \u00e8s qualit\u00e9 : Cette cat\u00e9gorie est compos\u00e9e de 25 membres repr\u00e9sentant le gouvernement, certaines instances et institutions, le parlement et les \u00e9tablissements d\u2019\u00e9ducation et de formation<\/p>\n<p style=\"text-align: justify;\">C) Cat\u00e9gorie des membres repr\u00e9sentant les syndicats de l\u2019enseignement les plus repr\u00e9sentatifs, les cadres p\u00e9dagogiques et administratifs, les parents et tuteurs des \u00e9l\u00e8ves, les enseignants, les \u00e9tudiants et les \u00e9l\u00e8ves, les collectivit\u00e9s territoriales, les associations de la soci\u00e9t\u00e9 civile, les entreprises et les organismes repr\u00e9sentatifs des \u00e9tablissements d\u2019enseignement et de formation priv\u00e9s, qui sont au nombre de 54 membres.<\/p>\n<p style=\"text-align: justify;\">Le Membre perd sa fonction au sein du Conseil en cas de d\u00e9c\u00e8s, d\u2019atteinte \u00e0 l\u2019honneur, de d\u00e9mission ou de perte de la qualit\u00e9 en vertu de laquelle il a \u00e9t\u00e9 nomm\u00e9 au Conseil. Il sera remplac\u00e9 pour la p\u00e9riode restante du mandat, selon les m\u00eames modalit\u00e9s de nomination de son pr\u00e9d\u00e9cesseur.<\/p>\n<p style=\"text-align: justify;\">A travers leur participation aux activit\u00e9s du Conseil, les membres contribuent \u00e0 la construction d\u2019une position commune en faisant \u00e9merger un consensus d\u00e9mocratique issu du travail collaboratif, de l\u2019intelligence collective et de la convergence de la diversit\u00e9 des opinions.<\/p>\n<p>[\/vc_column_text]<style type=\"text\/css\" data-type=\"the7_shortcodes-inline-css\">#default-btn-dc741b9f685a93a1924d92a02ee9748b {\n  border-radius: 15px;\n  font-size: 16px;\n  line-height: 18px;\n}\n.btn-shadow#default-btn-dc741b9f685a93a1924d92a02ee9748b {\n  box-shadow: 0 1px 6px rgba(0,0,0,0.12);\n  transition: box-shadow 0.2s ease-out, opacity 0.45s;\n}\n.btn-shadow#default-btn-dc741b9f685a93a1924d92a02ee9748b:hover {\n  box-shadow: 0 5px 11px 0 rgba(0,0,0,0.18), 0 4px 15px 0 rgba(0,0,0,0.15);\n}\n.btn-flat#default-btn-dc741b9f685a93a1924d92a02ee9748b {\n  box-shadow: none;\n}\n.btn-flat#default-btn-dc741b9f685a93a1924d92a02ee9748b:hover {\n  box-shadow: none;\n}\n#default-btn-dc741b9f685a93a1924d92a02ee9748b.ico-right-side > i {\n  margin-right: 0px;\n  margin-left: 8px;\n}\n#default-btn-dc741b9f685a93a1924d92a02ee9748b > i {\n  margin-right: 8px;\n  font-size: 12px;\n}\n#default-btn-dc741b9f685a93a1924d92a02ee9748b:not(:hover) {\n  border-width: 0px;\n  padding: 25px 35px 25px 35px;\n}\n#default-btn-dc741b9f685a93a1924d92a02ee9748b:hover {\n  border-width: 0px;\n  padding: 25px 35px 25px 35px;\n}\n#default-btn-dc741b9f685a93a1924d92a02ee9748b.ico-right-side > i {\n  margin-right: 0px;\n  margin-left: 8px;\n}\n#default-btn-dc741b9f685a93a1924d92a02ee9748b > i {\n  margin-right: 8px;\n}<\/style><div class=\"btn-align-center\"><a href=\"\/fr\/membres-du-conseil\/\" class=\"default-btn-shortcode dt-btn link-hover-off ico-right-side full-width-button btn-flat  vc_custom_1771235946058\" id=\"default-btn-dc741b9f685a93a1924d92a02ee9748b\" rel=\"nofollow\"><span>Membres du Conseil<\/span><\/a><\/div>[\/vc_column][\/vc_row]<\/p>\n<\/div>","protected":false},"excerpt":{"rendered":"<p>[vc_row content_placement=\u00a0\u00bbmiddle\u00a0\u00bb type=\u00a0\u00bbvc_default\u00a0\u00bb el_class=\u00a0\u00bbbg-sec\u00a0\u00bb][vc_column][vc_column_text css=\u00a0\u00bb\u00a0\u00bb] Pr\u00e9sentation g\u00e9n\u00e9rale [\/vc_column_text][\/vc_column][\/vc_row][vc_row gap=\u00a0\u00bb15&Prime; el_class=\u00a0\u00bbsec-parent\u00a0\u00bb][vc_column width=\u00a0\u00bb1\/4&Prime; el_class=\u00a0\u00bbchild-2&Prime;][vc_widget_sidebar show_bg=\u00a0\u00bbfalse\u00a0\u00bb sidebar_id=\u00a0\u00bbsidebar_6&Prime; el_class=\u00a0\u00bbrtlcst\u00a0\u00bb][\/vc_column][vc_column width=\u00a0\u00bb3\/4&Prime; el_class=\u00a0\u00bbchild-1&Prime;][vc_column_text css=\u00a0\u00bb.vc_custom_1770628391379{padding-top: 15px !important;padding-bottom: 15px !important;}\u00a0\u00bb] Pr\u00e9sentation du Conseil [\/vc_column_text][vc_column_text css=\u00a0\u00bb\u00a0\u00bb] Le Conseil sup\u00e9rieur de l\u2019\u00e9ducation, de la formation et de la recherche scientifique est un organe constitutionnel ind\u00e9pendant \u00e0 caract\u00e8re consultatif, cr\u00e9\u00e9 en vertu de l\u2019article 168 de&hellip;<\/p>\n","protected":false},"author":696,"featured_media":0,"parent":0,"menu_order":0,"comment_status":"closed","ping_status":"closed","template":"","meta":{"footnotes":""},"class_list":["post-39225","page","type-page","status-publish","hentry","description-off"],"yoast_head":"<!-- This site is optimized with the Yoast SEO plugin v27.5 - https:\/\/yoast.com\/product\/yoast-seo-wordpress\/ -->\n<title>Pr\u00e9sentation g\u00e9n\u00e9rale - Conseil sup\u00e9rieur de l\u2019\u00e9ducation, de la formation et de la recherche scientifique<\/title>\n<meta name=\"robots\" content=\"noindex, follow, max-snippet:-1, max-image-preview:large, max-video-preview:-1\" \/>\n<meta property=\"og:locale\" content=\"fr_FR\" \/>\n<meta property=\"og:type\" content=\"article\" \/>\n<meta property=\"og:title\" content=\"Pr\u00e9sentation g\u00e9n\u00e9rale - Conseil sup\u00e9rieur de l\u2019\u00e9ducation, de la formation et de la recherche scientifique\" \/>\n<meta property=\"og:description\" content=\"[vc_row content_placement=\u00a0\u00bbmiddle\u00a0\u00bb type=\u00a0\u00bbvc_default\u00a0\u00bb el_class=\u00a0\u00bbbg-sec\u00a0\u00bb][vc_column][vc_column_text css=\u00a0\u00bb\u00a0\u00bb] Pr\u00e9sentation g\u00e9n\u00e9rale [\/vc_column_text][\/vc_column][\/vc_row][vc_row gap=\u00a0\u00bb15&Prime; el_class=\u00a0\u00bbsec-parent\u00a0\u00bb][vc_column width=\u00a0\u00bb1\/4&Prime; el_class=\u00a0\u00bbchild-2&Prime;][vc_widget_sidebar show_bg=\u00a0\u00bbfalse\u00a0\u00bb sidebar_id=\u00a0\u00bbsidebar_6&Prime; el_class=\u00a0\u00bbrtlcst\u00a0\u00bb][\/vc_column][vc_column width=\u00a0\u00bb3\/4&Prime; el_class=\u00a0\u00bbchild-1&Prime;][vc_column_text css=\u00a0\u00bb.vc_custom_1770628391379{padding-top: 15px !important;padding-bottom: 15px !important;}\u00a0\u00bb] Pr\u00e9sentation du Conseil [\/vc_column_text][vc_column_text css=\u00a0\u00bb\u00a0\u00bb] Le Conseil sup\u00e9rieur de l\u2019\u00e9ducation, de la formation et de la recherche scientifique est un organe constitutionnel ind\u00e9pendant \u00e0 caract\u00e8re consultatif, cr\u00e9\u00e9 en vertu de l\u2019article 168 de&hellip;\" \/>\n<meta property=\"og:url\" content=\"https:\/\/csefrs.lifemoz.com\/fr\/presentation-generale\/\" \/>\n<meta property=\"og:site_name\" content=\"Conseil sup\u00e9rieur de l\u2019\u00e9ducation, de la formation et de la recherche scientifique\" \/>\n<meta property=\"article:modified_time\" content=\"2026-04-15T14:34:16+00:00\" \/>\n<meta name=\"twitter:card\" content=\"summary_large_image\" \/>\n<meta name=\"twitter:label1\" content=\"Dur\u00e9e de lecture estim\u00e9e\" \/>\n\t<meta name=\"twitter:data1\" content=\"4 minutes\" \/>\n<script type=\"application\/ld+json\" class=\"yoast-schema-graph\">{\"@context\":\"https:\\\/\\\/schema.org\",\"@graph\":[{\"@type\":\"WebPage\",\"@id\":\"https:\\\/\\\/csefrs.lifemoz.com\\\/fr\\\/presentation-generale\\\/\",\"url\":\"https:\\\/\\\/csefrs.lifemoz.com\\\/fr\\\/presentation-generale\\\/\",\"name\":\"Pr\u00e9sentation g\u00e9n\u00e9rale - Conseil sup\u00e9rieur de l\u2019\u00e9ducation, de la formation et de la recherche scientifique\",\"isPartOf\":{\"@id\":\"https:\\\/\\\/csefrs.lifemoz.com\\\/#website\"},\"datePublished\":\"2025-12-03T08:59:46+00:00\",\"dateModified\":\"2026-04-15T14:34:16+00:00\",\"breadcrumb\":{\"@id\":\"https:\\\/\\\/csefrs.lifemoz.com\\\/fr\\\/presentation-generale\\\/#breadcrumb\"},\"inLanguage\":\"fr-FR\",\"potentialAction\":[{\"@type\":\"ReadAction\",\"target\":[\"https:\\\/\\\/csefrs.lifemoz.com\\\/fr\\\/presentation-generale\\\/\"]}]},{\"@type\":\"BreadcrumbList\",\"@id\":\"https:\\\/\\\/csefrs.lifemoz.com\\\/fr\\\/presentation-generale\\\/#breadcrumb\",\"itemListElement\":[{\"@type\":\"ListItem\",\"position\":1,\"name\":\"Accueil\",\"item\":\"https:\\\/\\\/csefrs.lifemoz.com\\\/fr\\\/\"},{\"@type\":\"ListItem\",\"position\":2,\"name\":\"Pr\u00e9sentation g\u00e9n\u00e9rale\"}]},{\"@type\":\"WebSite\",\"@id\":\"https:\\\/\\\/csefrs.lifemoz.com\\\/#website\",\"url\":\"https:\\\/\\\/csefrs.lifemoz.com\\\/\",\"name\":\"Conseil sup\u00e9rieur de l\u2019\u00e9ducation, de la formation et de la recherche scientifique\",\"description\":\"\",\"potentialAction\":[{\"@type\":\"SearchAction\",\"target\":{\"@type\":\"EntryPoint\",\"urlTemplate\":\"https:\\\/\\\/csefrs.lifemoz.com\\\/?s={search_term_string}\"},\"query-input\":{\"@type\":\"PropertyValueSpecification\",\"valueRequired\":true,\"valueName\":\"search_term_string\"}}],\"inLanguage\":\"fr-FR\"}]}<\/script>\n<!-- \/ Yoast SEO plugin. -->","yoast_head_json":{"title":"Pr\u00e9sentation g\u00e9n\u00e9rale - Conseil sup\u00e9rieur de l\u2019\u00e9ducation, de la formation et de la recherche scientifique","robots":{"index":"noindex","follow":"follow","max-snippet":"max-snippet:-1","max-image-preview":"max-image-preview:large","max-video-preview":"max-video-preview:-1"},"og_locale":"fr_FR","og_type":"article","og_title":"Pr\u00e9sentation g\u00e9n\u00e9rale - Conseil sup\u00e9rieur de l\u2019\u00e9ducation, de la formation et de la recherche scientifique","og_description":"[vc_row content_placement=\u00a0\u00bbmiddle\u00a0\u00bb type=\u00a0\u00bbvc_default\u00a0\u00bb el_class=\u00a0\u00bbbg-sec\u00a0\u00bb][vc_column][vc_column_text css=\u00a0\u00bb\u00a0\u00bb] Pr\u00e9sentation g\u00e9n\u00e9rale [\/vc_column_text][\/vc_column][\/vc_row][vc_row gap=\u00a0\u00bb15&Prime; el_class=\u00a0\u00bbsec-parent\u00a0\u00bb][vc_column width=\u00a0\u00bb1\/4&Prime; el_class=\u00a0\u00bbchild-2&Prime;][vc_widget_sidebar show_bg=\u00a0\u00bbfalse\u00a0\u00bb sidebar_id=\u00a0\u00bbsidebar_6&Prime; el_class=\u00a0\u00bbrtlcst\u00a0\u00bb][\/vc_column][vc_column width=\u00a0\u00bb3\/4&Prime; el_class=\u00a0\u00bbchild-1&Prime;][vc_column_text css=\u00a0\u00bb.vc_custom_1770628391379{padding-top: 15px !important;padding-bottom: 15px !important;}\u00a0\u00bb] Pr\u00e9sentation du Conseil [\/vc_column_text][vc_column_text css=\u00a0\u00bb\u00a0\u00bb] Le Conseil sup\u00e9rieur de l\u2019\u00e9ducation, de la formation et de la recherche scientifique est un organe constitutionnel ind\u00e9pendant \u00e0 caract\u00e8re consultatif, cr\u00e9\u00e9 en vertu de l\u2019article 168 de&hellip;","og_url":"https:\/\/csefrs.lifemoz.com\/fr\/presentation-generale\/","og_site_name":"Conseil sup\u00e9rieur de l\u2019\u00e9ducation, de la formation et de la recherche scientifique","article_modified_time":"2026-04-15T14:34:16+00:00","twitter_card":"summary_large_image","twitter_misc":{"Dur\u00e9e de lecture estim\u00e9e":"4 minutes"},"schema":{"@context":"https:\/\/schema.org","@graph":[{"@type":"WebPage","@id":"https:\/\/csefrs.lifemoz.com\/fr\/presentation-generale\/","url":"https:\/\/csefrs.lifemoz.com\/fr\/presentation-generale\/","name":"Pr\u00e9sentation g\u00e9n\u00e9rale - Conseil sup\u00e9rieur de l\u2019\u00e9ducation, de la formation et de la recherche scientifique","isPartOf":{"@id":"https:\/\/csefrs.lifemoz.com\/#website"},"datePublished":"2025-12-03T08:59:46+00:00","dateModified":"2026-04-15T14:34:16+00:00","breadcrumb":{"@id":"https:\/\/csefrs.lifemoz.com\/fr\/presentation-generale\/#breadcrumb"},"inLanguage":"fr-FR","potentialAction":[{"@type":"ReadAction","target":["https:\/\/csefrs.lifemoz.com\/fr\/presentation-generale\/"]}]},{"@type":"BreadcrumbList","@id":"https:\/\/csefrs.lifemoz.com\/fr\/presentation-generale\/#breadcrumb","itemListElement":[{"@type":"ListItem","position":1,"name":"Accueil","item":"https:\/\/csefrs.lifemoz.com\/fr\/"},{"@type":"ListItem","position":2,"name":"Pr\u00e9sentation g\u00e9n\u00e9rale"}]},{"@type":"WebSite","@id":"https:\/\/csefrs.lifemoz.com\/#website","url":"https:\/\/csefrs.lifemoz.com\/","name":"Conseil sup\u00e9rieur de l\u2019\u00e9ducation, de la formation et de la recherche scientifique","description":"","potentialAction":[{"@type":"SearchAction","target":{"@type":"EntryPoint","urlTemplate":"https:\/\/csefrs.lifemoz.com\/?s={search_term_string}"},"query-input":{"@type":"PropertyValueSpecification","valueRequired":true,"valueName":"search_term_string"}}],"inLanguage":"fr-FR"}]}},"_links":{"self":[{"href":"https:\/\/csefrs.lifemoz.com\/fr\/wp-json\/wp\/v2\/pages\/39225","targetHints":{"allow":["GET"]}}],"collection":[{"href":"https:\/\/csefrs.lifemoz.com\/fr\/wp-json\/wp\/v2\/pages"}],"about":[{"href":"https:\/\/csefrs.lifemoz.com\/fr\/wp-json\/wp\/v2\/types\/page"}],"author":[{"embeddable":true,"href":"https:\/\/csefrs.lifemoz.com\/fr\/wp-json\/wp\/v2\/users\/696"}],"replies":[{"embeddable":true,"href":"https:\/\/csefrs.lifemoz.com\/fr\/wp-json\/wp\/v2\/comments?post=39225"}],"version-history":[{"count":8,"href":"https:\/\/csefrs.lifemoz.com\/fr\/wp-json\/wp\/v2\/pages\/39225\/revisions"}],"predecessor-version":[{"id":44836,"href":"https:\/\/csefrs.lifemoz.com\/fr\/wp-json\/wp\/v2\/pages\/39225\/revisions\/44836"}],"wp:attachment":[{"href":"https:\/\/csefrs.lifemoz.com\/fr\/wp-json\/wp\/v2\/media?parent=39225"}],"curies":[{"name":"wp","href":"https:\/\/api.w.org\/{rel}","templated":true}]}}