{"id":37753,"date":"2017-05-24T00:00:00","date_gmt":"2017-05-24T00:00:00","guid":{"rendered":"https:\/\/csefrs.lifemoz.com\/\u0627\u0644\u0645\u0646\u0634\u0648\u0631\u0627\u062a\/%e2%b5%8d%e2%b4%b0%e2%b5%9f%e2%b5%8d%e2%b4%b0%e2%b5%9a-%e2%b4%b0%e2%b5%8e%e2%b4%b0%e2%b4%b3%e2%b5%94%e2%b4%b0%e2%b5%8f-%e2%b4%b0%e2%b5%8e%e2%b5%93%e2%b5%94%e2%b4%b0%e2%b5%8f-%e2%b5%8f-%e2%b5%89\/"},"modified":"2026-02-20T12:00:53","modified_gmt":"2026-02-20T12:00:53","slug":"%e2%b5%8d%e2%b4%b0%e2%b5%9f%e2%b5%8d%e2%b4%b0%e2%b5%9a-%e2%b4%b0%e2%b5%8e%e2%b4%b0%e2%b4%b3%e2%b5%94%e2%b4%b0%e2%b5%8f-%e2%b4%b0%e2%b5%8e%e2%b5%93%e2%b5%94%e2%b4%b0%e2%b5%8f-%e2%b5%8f-%e2%b5%89","status":"publish","type":"product","link":"https:\/\/csefrs.lifemoz.com\/am\/\u0627\u0644\u0645\u0646\u0634\u0648\u0631\u0627\u062a\/%e2%b5%8d%e2%b4%b0%e2%b5%9f%e2%b5%8d%e2%b4%b0%e2%b5%9a-%e2%b4%b0%e2%b5%8e%e2%b4%b0%e2%b4%b3%e2%b5%94%e2%b4%b0%e2%b5%8f-%e2%b4%b0%e2%b5%8e%e2%b5%93%e2%b5%94%e2%b4%b0%e2%b5%8f-%e2%b5%8f-%e2%b5%89\/","title":{"rendered":"\u2d4d\u2d30\u2d5f\u2d4d\u2d30\u2d5a \u2d30\u2d4e\u2d30\u2d33\u2d54\u2d30\u2d4f \u2d30\u2d4e\u2d53\u2d54\u2d30\u2d4f \u2d4f \u2d49\u2d4f\u2d31\u2d39\u2d30\u2d62\u2d4f \u2d33 \u2d53\u2d59\u2d33\u2d4e\u2d49 2017"},"content":{"rendered":"<div align=\"justify\">\n<p>\u2d49\u2d59\u2d4e\u2d3d\u2d4d \u2d4d\u2d30\u2d5f\u2d4d\u2d30\u2d5a \u2d30\u2d4e\u2d30\u2d33\u2d54\u2d30\u2d4f \u2d30\u2d4e\u2d53\u2d54\u2d30\u2d4f \u2d4f \u2d49\u2d4f\u2d31\u2d39\u2d30\u2d62\u2d4f \u2d33 \u2d53\u2d59\u2d33\u2d4e\u2d49 \u2d59 \u2d49\u2d4e\u2d63\u2d30\u2d54\u2d30\u2d62\u2d4f \u2d37 \u2d33\u2d30\u2d54 \u2d30\u2d59\u2d49\u2d3d\u2d59\u2d4d \u2d33 \u2d61\u2d30\u2d37\u2d30\u2d3c \u2d30\u2d59\u2d33\u2d4e\u2d30\u2d4f, \u2d59 \u2d53\u2d31\u2d54\u2d49\u2d37 \u2d4f \u2d53\u2d59\u2d49\u2d5c\u2d33 \u2d4f \u2d59\u2d49\u2d4f \u2d49\u2d4f\u2d4e\u2d4e\u2d30\u2d4d\u2d4f \u2d49\u2d37\u2d59\u2d4d\u2d30\u2d4f\u2d4f (\u2d30\u2d4f\u2d4e\u2d4e\u2d30\u2d4d \u2d30\u2d4f\u2d30\u2d4e\u2d4e\u2d30\u2d59 \u2d4f \u2d49\u2d59\u2d33\u2d33\u2d6f\u2d30\u2d59\u2d4f \u2d4f \u2d53\u2d59\u2d4d\u2d4e\u2d37 \u2d37 \u2d53\u2d4f\u2d4e\u2d4e\u2d30\u2d4d \u2d30\u2d4a\u2d49\u2d4f\u2d49 \u2d4f \u2d53\u2d59\u2d33\u2d4e\u2d49) \u2d4f\u2d4f\u2d30 \u2d49\u2d63\u2d54\u2d49\u2d4f \u2d49\u2d4f\u2d4e\u2d4e\u2d30\u2d4d\u2d4f \u2d49\u2d4f\u2d33\u2d54\u2d30\u2d61\u2d4f \u2d49\u2d5c\u2d5c\u2d53\u2d61\u2d30\u2d59\u2d59\u2d4f\u2d4f. \u2d49\u2d37\u2d4d\u2d30 \u2d49\u2d59\u2d61\u2d49\u2d54\u2d4f \u2d49\u2d4e\u2d53\u2d54\u2d30\u2d4f\u2d4f \u2d59 \u2d3d\u2d53\u2d65, \u2d30\u2d59\u2d61\u2d49\u2d54 \u2d30\u2d4f\u2d30\u2d4e\u2d53\u2d54, \u2d30\u2d59\u2d61\u2d49\u2d54 \u2d30\u2d4f\u2d4e\u2d4f\u2d30\u2d39, \u2d30\u2d59\u2d61\u2d49\u2d54 \u2d30\u2d59\u2d33\u2d30\u2d61\u2d30\u2d4f \u2d37 \u2d53\u2d59\u2d61\u2d49\u2d54 \u2d30\u2d33\u2d54\u2d30\u2d61\u2d30\u2d4f \u2d30\u2d37\u2d56\u2d54\u2d30\u2d4f, \u2d30\u2d3d\u2d37 \u2d5c\u2d49\u2d33\u2d49 \u2d4f \u2d49\u2d4e\u2d63\u2d30\u2d63\u2d30\u2d4d\u2d4f \u2d45\u2d3c \u2d53\u2d59\u2d61\u2d49\u2d54 \u2d30\u2d4e\u2d30\u2d39\u2d4d\u2d30\u2d4f.<\/p>\n<p><a class=\"download-button-intern-fr\" href=\"https:\/\/csefrs.lifemoz.com\/wp-content\/uploads\/2018\/08\/Atlas-territorial-des-disparite--s-en-e--ducation-2017.pdf\" target=\"_blank\" rel=\"noopener\">T\u00e9l\u00e9charger l&#8217;Atlas territorial des disparit\u00e9s en \u00e9ducation 2017<\/a><br \/>\n<iframe loading=\"lazy\" src=\"https:\/\/www.youtube.com\/embed\/Oh2FU3_eDp0\" width=\"630\" height=\"355\" frameborder=\"0\" allowfullscreen=\"allowfullscreen\"><span data-mce-type=\"bookmark\" style=\"display: inline-block; width: 0px; overflow: hidden; line-height: 0;\" class=\"mce_SELRES_start\"><\/span><\/iframe><\/p>\n<\/div>\n<p><style type=\"text\/css\">#dt-btn-1 {color: #ffffff;background: #333333;}#dt-btn-1 > .text-wrap * {color: #ffffff;}#dt-btn-1:hover {color: #dddddd;background: #444444;}#dt-btn-1:hover > .text-wrap * {color: #dddddd;}<\/style><a href=\"https:\/\/csefrs.lifemoz.com\/atlas-territorial-disparites-education\/\" class=\"btn-shortcode dt-btn-m dt-btn custom-btn-color custom-btn-hover-color fadeIn animate-element animation-builder\" id=\"dt-btn-1\"><i class=\"fa fa-chevron-circle-right\"><\/i><span>Pr\u00e9sentation d\u00e9taill\u00e9e de l&#8217;Atlas territorial des disparit\u00e9s en \u00e9ducation<\/span><\/a><br \/>\n.<\/p>\n","protected":false},"excerpt":{"rendered":"<p>\u2d49\u2d59\u2d4e\u2d3d\u2d4d \u2d4d\u2d30\u2d5f\u2d4d\u2d30\u2d5a \u2d30\u2d4e\u2d30\u2d33\u2d54\u2d30\u2d4f \u2d30\u2d4e\u2d53\u2d54\u2d30\u2d4f \u2d4f \u2d49\u2d4f\u2d31\u2d39\u2d30\u2d62\u2d4f \u2d33 \u2d53\u2d59\u2d33\u2d4e\u2d49 \u2d59 \u2d49\u2d4e\u2d63\u2d30\u2d54\u2d30\u2d62\u2d4f \u2d37 \u2d33\u2d30\u2d54 \u2d30\u2d59\u2d49\u2d3d\u2d59\u2d4d \u2d33 \u2d61\u2d30\u2d37\u2d30\u2d3c \u2d30\u2d59\u2d33\u2d4e\u2d30\u2d4f, \u2d59 \u2d53\u2d31\u2d54\u2d49\u2d37 \u2d4f \u2d53\u2d59\u2d49\u2d5c\u2d33 \u2d4f \u2d59\u2d49\u2d4f \u2d49\u2d4f\u2d4e\u2d4e\u2d30\u2d4d\u2d4f \u2d49\u2d37\u2d59\u2d4d\u2d30\u2d4f\u2d4f (\u2d30\u2d4f\u2d4e\u2d4e\u2d30\u2d4d \u2d30\u2d4f\u2d30\u2d4e\u2d4e\u2d30\u2d59 \u2d4f \u2d49\u2d59\u2d33\u2d33\u2d6f\u2d30\u2d59\u2d4f \u2d4f \u2d53\u2d59\u2d4d\u2d4e\u2d37 \u2d37 \u2d53\u2d4f\u2d4e\u2d4e\u2d30\u2d4d \u2d30\u2d4a\u2d49\u2d4f\u2d49 \u2d4f \u2d53\u2d59\u2d33\u2d4e\u2d49) \u2d4f\u2d4f\u2d30 \u2d49\u2d63\u2d54\u2d49\u2d4f \u2d49\u2d4f\u2d4e\u2d4e\u2d30\u2d4d\u2d4f \u2d49\u2d4f\u2d33\u2d54\u2d30\u2d61\u2d4f \u2d49\u2d5c\u2d5c\u2d53\u2d61\u2d30\u2d59\u2d59\u2d4f\u2d4f. \u2d49\u2d37\u2d4d\u2d30 \u2d49\u2d59\u2d61\u2d49\u2d54\u2d4f \u2d49\u2d4e\u2d53\u2d54\u2d30\u2d4f\u2d4f \u2d59 \u2d3d\u2d53\u2d65, \u2d30\u2d59\u2d61\u2d49\u2d54 \u2d30\u2d4f\u2d30\u2d4e\u2d53\u2d54, \u2d30\u2d59\u2d61\u2d49\u2d54 \u2d30\u2d4f\u2d4e\u2d4f\u2d30\u2d39, \u2d30\u2d59\u2d61\u2d49\u2d54 \u2d30\u2d59\u2d33\u2d30\u2d61\u2d30\u2d4f \u2d37 \u2d53\u2d59\u2d61\u2d49\u2d54 \u2d30\u2d33\u2d54\u2d30\u2d61\u2d30\u2d4f \u2d30\u2d37\u2d56\u2d54\u2d30\u2d4f,&hellip;<\/p>\n","protected":false},"featured_media":37098,"template":"","meta":[],"product_brand":[],"product_cat":[513,514],"product_tag":[],"class_list":{"0":"post-37753","1":"product","2":"type-product","3":"status-publish","4":"has-post-thumbnail","6":"product_cat-513","7":"product_cat-514","8":"description-off","10":"first","11":"instock","12":"downloadable","13":"virtual","14":"sold-individually","15":"purchasable","16":"product-type-simple"},"yoast_head":"<!-- This site is optimized with the Yoast SEO plugin v27.5 - https:\/\/yoast.com\/product\/yoast-seo-wordpress\/ -->\n<title>\u2d4d\u2d30\u2d5f\u2d4d\u2d30\u2d5a \u2d30\u2d4e\u2d30\u2d33\u2d54\u2d30\u2d4f \u2d30\u2d4e\u2d53\u2d54\u2d30\u2d4f \u2d4f \u2d49\u2d4f\u2d31\u2d39\u2d30\u2d62\u2d4f \u2d33 \u2d53\u2d59\u2d33\u2d4e\u2d49 2017 - \u2d30\u2d59\u2d47\u2d47\u2d49\u2d4e \u2d30\u2d4f\u2d30\u2d3c\u2d4d\u2d4d\u2d30 \u2d4f \u2d53\u2d59\u2d33\u2d4e\u2d49 \u2d37 \u2d53\u2d59\u2d4e\u2d53\u2d5c\u2d5c\u2d33 \u2d37 \u2d53\u2d54\u2d63\u2d63\u2d53 \u2d30\u2d4e\u2d30\u2d59\u2d59\u2d30\u2d4f<\/title>\n<meta name=\"robots\" content=\"noindex, follow, max-snippet:-1, max-image-preview:large, max-video-preview:-1\" \/>\n<meta property=\"og:locale\" content=\"en_US\" \/>\n<meta property=\"og:type\" content=\"article\" \/>\n<meta property=\"og:title\" content=\"\u2d4d\u2d30\u2d5f\u2d4d\u2d30\u2d5a \u2d30\u2d4e\u2d30\u2d33\u2d54\u2d30\u2d4f \u2d30\u2d4e\u2d53\u2d54\u2d30\u2d4f \u2d4f \u2d49\u2d4f\u2d31\u2d39\u2d30\u2d62\u2d4f \u2d33 \u2d53\u2d59\u2d33\u2d4e\u2d49 2017 - \u2d30\u2d59\u2d47\u2d47\u2d49\u2d4e \u2d30\u2d4f\u2d30\u2d3c\u2d4d\u2d4d\u2d30 \u2d4f \u2d53\u2d59\u2d33\u2d4e\u2d49 \u2d37 \u2d53\u2d59\u2d4e\u2d53\u2d5c\u2d5c\u2d33 \u2d37 \u2d53\u2d54\u2d63\u2d63\u2d53 \u2d30\u2d4e\u2d30\u2d59\u2d59\u2d30\u2d4f\" \/>\n<meta property=\"og:description\" content=\"\u2d49\u2d59\u2d4e\u2d3d\u2d4d \u2d4d\u2d30\u2d5f\u2d4d\u2d30\u2d5a \u2d30\u2d4e\u2d30\u2d33\u2d54\u2d30\u2d4f \u2d30\u2d4e\u2d53\u2d54\u2d30\u2d4f \u2d4f \u2d49\u2d4f\u2d31\u2d39\u2d30\u2d62\u2d4f \u2d33 \u2d53\u2d59\u2d33\u2d4e\u2d49 \u2d59 \u2d49\u2d4e\u2d63\u2d30\u2d54\u2d30\u2d62\u2d4f \u2d37 \u2d33\u2d30\u2d54 \u2d30\u2d59\u2d49\u2d3d\u2d59\u2d4d \u2d33 \u2d61\u2d30\u2d37\u2d30\u2d3c \u2d30\u2d59\u2d33\u2d4e\u2d30\u2d4f, \u2d59 \u2d53\u2d31\u2d54\u2d49\u2d37 \u2d4f \u2d53\u2d59\u2d49\u2d5c\u2d33 \u2d4f \u2d59\u2d49\u2d4f \u2d49\u2d4f\u2d4e\u2d4e\u2d30\u2d4d\u2d4f \u2d49\u2d37\u2d59\u2d4d\u2d30\u2d4f\u2d4f (\u2d30\u2d4f\u2d4e\u2d4e\u2d30\u2d4d \u2d30\u2d4f\u2d30\u2d4e\u2d4e\u2d30\u2d59 \u2d4f \u2d49\u2d59\u2d33\u2d33\u2d6f\u2d30\u2d59\u2d4f \u2d4f \u2d53\u2d59\u2d4d\u2d4e\u2d37 \u2d37 \u2d53\u2d4f\u2d4e\u2d4e\u2d30\u2d4d \u2d30\u2d4a\u2d49\u2d4f\u2d49 \u2d4f \u2d53\u2d59\u2d33\u2d4e\u2d49) \u2d4f\u2d4f\u2d30 \u2d49\u2d63\u2d54\u2d49\u2d4f \u2d49\u2d4f\u2d4e\u2d4e\u2d30\u2d4d\u2d4f \u2d49\u2d4f\u2d33\u2d54\u2d30\u2d61\u2d4f \u2d49\u2d5c\u2d5c\u2d53\u2d61\u2d30\u2d59\u2d59\u2d4f\u2d4f. \u2d49\u2d37\u2d4d\u2d30 \u2d49\u2d59\u2d61\u2d49\u2d54\u2d4f \u2d49\u2d4e\u2d53\u2d54\u2d30\u2d4f\u2d4f \u2d59 \u2d3d\u2d53\u2d65, \u2d30\u2d59\u2d61\u2d49\u2d54 \u2d30\u2d4f\u2d30\u2d4e\u2d53\u2d54, \u2d30\u2d59\u2d61\u2d49\u2d54 \u2d30\u2d4f\u2d4e\u2d4f\u2d30\u2d39, \u2d30\u2d59\u2d61\u2d49\u2d54 \u2d30\u2d59\u2d33\u2d30\u2d61\u2d30\u2d4f \u2d37 \u2d53\u2d59\u2d61\u2d49\u2d54 \u2d30\u2d33\u2d54\u2d30\u2d61\u2d30\u2d4f \u2d30\u2d37\u2d56\u2d54\u2d30\u2d4f,&hellip;\" \/>\n<meta property=\"og:url\" content=\"https:\/\/csefrs.lifemoz.com\/am\/\u0627\u0644\u0645\u0646\u0634\u0648\u0631\u0627\u062a\/\u2d4d\u2d30\u2d5f\u2d4d\u2d30\u2d5a-\u2d30\u2d4e\u2d30\u2d33\u2d54\u2d30\u2d4f-\u2d30\u2d4e\u2d53\u2d54\u2d30\u2d4f-\u2d4f-\u2d49\/\" \/>\n<meta property=\"og:site_name\" content=\"\u2d30\u2d59\u2d47\u2d47\u2d49\u2d4e \u2d30\u2d4f\u2d30\u2d3c\u2d4d\u2d4d\u2d30 \u2d4f \u2d53\u2d59\u2d33\u2d4e\u2d49 \u2d37 \u2d53\u2d59\u2d4e\u2d53\u2d5c\u2d5c\u2d33 \u2d37 \u2d53\u2d54\u2d63\u2d63\u2d53 \u2d30\u2d4e\u2d30\u2d59\u2d59\u2d30\u2d4f\" \/>\n<meta property=\"article:modified_time\" content=\"2026-02-20T12:00:53+00:00\" \/>\n<meta property=\"og:image\" content=\"https:\/\/csefrs.lifemoz.com\/wp-content\/uploads\/2025\/12\/atlas-fr-e1515072847326.jpg\" \/>\n\t<meta property=\"og:image:width\" content=\"212\" \/>\n\t<meta property=\"og:image:height\" content=\"300\" \/>\n\t<meta property=\"og:image:type\" content=\"image\/jpeg\" \/>\n<meta name=\"twitter:card\" content=\"summary_large_image\" \/>\n<script type=\"application\/ld+json\" class=\"yoast-schema-graph\">{\"@context\":\"https:\\\/\\\/schema.org\",\"@graph\":[{\"@type\":\"WebPage\",\"@id\":\"https:\\\/\\\/csefrs.lifemoz.com\\\/am\\\/\u0627\u0644\u0645\u0646\u0634\u0648\u0631\u0627\u062a\\\/%e2%b5%8d%e2%b4%b0%e2%b5%9f%e2%b5%8d%e2%b4%b0%e2%b5%9a-%e2%b4%b0%e2%b5%8e%e2%b4%b0%e2%b4%b3%e2%b5%94%e2%b4%b0%e2%b5%8f-%e2%b4%b0%e2%b5%8e%e2%b5%93%e2%b5%94%e2%b4%b0%e2%b5%8f-%e2%b5%8f-%e2%b5%89\\\/\",\"url\":\"https:\\\/\\\/csefrs.lifemoz.com\\\/am\\\/\u0627\u0644\u0645\u0646\u0634\u0648\u0631\u0627\u062a\\\/%e2%b5%8d%e2%b4%b0%e2%b5%9f%e2%b5%8d%e2%b4%b0%e2%b5%9a-%e2%b4%b0%e2%b5%8e%e2%b4%b0%e2%b4%b3%e2%b5%94%e2%b4%b0%e2%b5%8f-%e2%b4%b0%e2%b5%8e%e2%b5%93%e2%b5%94%e2%b4%b0%e2%b5%8f-%e2%b5%8f-%e2%b5%89\\\/\",\"name\":\"\u2d4d\u2d30\u2d5f\u2d4d\u2d30\u2d5a \u2d30\u2d4e\u2d30\u2d33\u2d54\u2d30\u2d4f \u2d30\u2d4e\u2d53\u2d54\u2d30\u2d4f \u2d4f \u2d49\u2d4f\u2d31\u2d39\u2d30\u2d62\u2d4f \u2d33 \u2d53\u2d59\u2d33\u2d4e\u2d49 2017 - \u2d30\u2d59\u2d47\u2d47\u2d49\u2d4e \u2d30\u2d4f\u2d30\u2d3c\u2d4d\u2d4d\u2d30 \u2d4f \u2d53\u2d59\u2d33\u2d4e\u2d49 \u2d37 \u2d53\u2d59\u2d4e\u2d53\u2d5c\u2d5c\u2d33 \u2d37 \u2d53\u2d54\u2d63\u2d63\u2d53 \u2d30\u2d4e\u2d30\u2d59\u2d59\u2d30\u2d4f\",\"isPartOf\":{\"@id\":\"https:\\\/\\\/csefrs.lifemoz.com\\\/#website\"},\"primaryImageOfPage\":{\"@id\":\"https:\\\/\\\/csefrs.lifemoz.com\\\/am\\\/\u0627\u0644\u0645\u0646\u0634\u0648\u0631\u0627\u062a\\\/%e2%b5%8d%e2%b4%b0%e2%b5%9f%e2%b5%8d%e2%b4%b0%e2%b5%9a-%e2%b4%b0%e2%b5%8e%e2%b4%b0%e2%b4%b3%e2%b5%94%e2%b4%b0%e2%b5%8f-%e2%b4%b0%e2%b5%8e%e2%b5%93%e2%b5%94%e2%b4%b0%e2%b5%8f-%e2%b5%8f-%e2%b5%89\\\/#primaryimage\"},\"image\":{\"@id\":\"https:\\\/\\\/csefrs.lifemoz.com\\\/am\\\/\u0627\u0644\u0645\u0646\u0634\u0648\u0631\u0627\u062a\\\/%e2%b5%8d%e2%b4%b0%e2%b5%9f%e2%b5%8d%e2%b4%b0%e2%b5%9a-%e2%b4%b0%e2%b5%8e%e2%b4%b0%e2%b4%b3%e2%b5%94%e2%b4%b0%e2%b5%8f-%e2%b4%b0%e2%b5%8e%e2%b5%93%e2%b5%94%e2%b4%b0%e2%b5%8f-%e2%b5%8f-%e2%b5%89\\\/#primaryimage\"},\"thumbnailUrl\":\"https:\\\/\\\/csefrs.lifemoz.com\\\/wp-content\\\/uploads\\\/2025\\\/12\\\/atlas-fr-e1515072847326.jpg\",\"datePublished\":\"2017-05-24T00:00:00+00:00\",\"dateModified\":\"2026-02-20T12:00:53+00:00\",\"breadcrumb\":{\"@id\":\"https:\\\/\\\/csefrs.lifemoz.com\\\/am\\\/\u0627\u0644\u0645\u0646\u0634\u0648\u0631\u0627\u062a\\\/%e2%b5%8d%e2%b4%b0%e2%b5%9f%e2%b5%8d%e2%b4%b0%e2%b5%9a-%e2%b4%b0%e2%b5%8e%e2%b4%b0%e2%b4%b3%e2%b5%94%e2%b4%b0%e2%b5%8f-%e2%b4%b0%e2%b5%8e%e2%b5%93%e2%b5%94%e2%b4%b0%e2%b5%8f-%e2%b5%8f-%e2%b5%89\\\/#breadcrumb\"},\"inLanguage\":\"tzm\",\"potentialAction\":[{\"@type\":\"ReadAction\",\"target\":[\"https:\\\/\\\/csefrs.lifemoz.com\\\/am\\\/\u0627\u0644\u0645\u0646\u0634\u0648\u0631\u0627\u062a\\\/%e2%b5%8d%e2%b4%b0%e2%b5%9f%e2%b5%8d%e2%b4%b0%e2%b5%9a-%e2%b4%b0%e2%b5%8e%e2%b4%b0%e2%b4%b3%e2%b5%94%e2%b4%b0%e2%b5%8f-%e2%b4%b0%e2%b5%8e%e2%b5%93%e2%b5%94%e2%b4%b0%e2%b5%8f-%e2%b5%8f-%e2%b5%89\\\/\"]}]},{\"@type\":\"ImageObject\",\"inLanguage\":\"tzm\",\"@id\":\"https:\\\/\\\/csefrs.lifemoz.com\\\/am\\\/\u0627\u0644\u0645\u0646\u0634\u0648\u0631\u0627\u062a\\\/%e2%b5%8d%e2%b4%b0%e2%b5%9f%e2%b5%8d%e2%b4%b0%e2%b5%9a-%e2%b4%b0%e2%b5%8e%e2%b4%b0%e2%b4%b3%e2%b5%94%e2%b4%b0%e2%b5%8f-%e2%b4%b0%e2%b5%8e%e2%b5%93%e2%b5%94%e2%b4%b0%e2%b5%8f-%e2%b5%8f-%e2%b5%89\\\/#primaryimage\",\"url\":\"https:\\\/\\\/csefrs.lifemoz.com\\\/wp-content\\\/uploads\\\/2025\\\/12\\\/atlas-fr-e1515072847326.jpg\",\"contentUrl\":\"https:\\\/\\\/csefrs.lifemoz.com\\\/wp-content\\\/uploads\\\/2025\\\/12\\\/atlas-fr-e1515072847326.jpg\",\"width\":212,\"height\":300},{\"@type\":\"BreadcrumbList\",\"@id\":\"https:\\\/\\\/csefrs.lifemoz.com\\\/am\\\/\u0627\u0644\u0645\u0646\u0634\u0648\u0631\u0627\u062a\\\/%e2%b5%8d%e2%b4%b0%e2%b5%9f%e2%b5%8d%e2%b4%b0%e2%b5%9a-%e2%b4%b0%e2%b5%8e%e2%b4%b0%e2%b4%b3%e2%b5%94%e2%b4%b0%e2%b5%8f-%e2%b4%b0%e2%b5%8e%e2%b5%93%e2%b5%94%e2%b4%b0%e2%b5%8f-%e2%b5%8f-%e2%b5%89\\\/#breadcrumb\",\"itemListElement\":[{\"@type\":\"ListItem\",\"position\":1,\"name\":\"Accueil\",\"item\":\"https:\\\/\\\/csefrs.lifemoz.com\\\/am\\\/\"},{\"@type\":\"ListItem\",\"position\":2,\"name\":\"Publications\",\"item\":\"https:\\\/\\\/csefrs.lifemoz.com\\\/\u0627\u0644\u0645\u0646\u0634\u0648\u0631\u0627\u062a\\\/\"},{\"@type\":\"ListItem\",\"position\":3,\"name\":\"\u2d4d\u2d30\u2d5f\u2d4d\u2d30\u2d5a \u2d30\u2d4e\u2d30\u2d33\u2d54\u2d30\u2d4f \u2d30\u2d4e\u2d53\u2d54\u2d30\u2d4f \u2d4f \u2d49\u2d4f\u2d31\u2d39\u2d30\u2d62\u2d4f \u2d33 \u2d53\u2d59\u2d33\u2d4e\u2d49 2017\"}]},{\"@type\":\"WebSite\",\"@id\":\"https:\\\/\\\/csefrs.lifemoz.com\\\/#website\",\"url\":\"https:\\\/\\\/csefrs.lifemoz.com\\\/\",\"name\":\"\u2d30\u2d59\u2d47\u2d47\u2d49\u2d4e \u2d30\u2d4f\u2d30\u2d3c\u2d4d\u2d4d\u2d30 \u2d4f \u2d53\u2d59\u2d33\u2d4e\u2d49 \u2d37 \u2d53\u2d59\u2d4e\u2d53\u2d5c\u2d5c\u2d33 \u2d37 \u2d53\u2d54\u2d63\u2d63\u2d53 \u2d30\u2d4e\u2d30\u2d59\u2d59\u2d30\u2d4f\",\"description\":\"\",\"potentialAction\":[{\"@type\":\"SearchAction\",\"target\":{\"@type\":\"EntryPoint\",\"urlTemplate\":\"https:\\\/\\\/csefrs.lifemoz.com\\\/?s={search_term_string}\"},\"query-input\":{\"@type\":\"PropertyValueSpecification\",\"valueRequired\":true,\"valueName\":\"search_term_string\"}}],\"inLanguage\":\"tzm\"}]}<\/script>\n<!-- \/ Yoast SEO plugin. -->","yoast_head_json":{"title":"\u2d4d\u2d30\u2d5f\u2d4d\u2d30\u2d5a \u2d30\u2d4e\u2d30\u2d33\u2d54\u2d30\u2d4f \u2d30\u2d4e\u2d53\u2d54\u2d30\u2d4f \u2d4f \u2d49\u2d4f\u2d31\u2d39\u2d30\u2d62\u2d4f \u2d33 \u2d53\u2d59\u2d33\u2d4e\u2d49 2017 - \u2d30\u2d59\u2d47\u2d47\u2d49\u2d4e \u2d30\u2d4f\u2d30\u2d3c\u2d4d\u2d4d\u2d30 \u2d4f \u2d53\u2d59\u2d33\u2d4e\u2d49 \u2d37 \u2d53\u2d59\u2d4e\u2d53\u2d5c\u2d5c\u2d33 \u2d37 \u2d53\u2d54\u2d63\u2d63\u2d53 \u2d30\u2d4e\u2d30\u2d59\u2d59\u2d30\u2d4f","robots":{"index":"noindex","follow":"follow","max-snippet":"max-snippet:-1","max-image-preview":"max-image-preview:large","max-video-preview":"max-video-preview:-1"},"og_locale":"en_US","og_type":"article","og_title":"\u2d4d\u2d30\u2d5f\u2d4d\u2d30\u2d5a \u2d30\u2d4e\u2d30\u2d33\u2d54\u2d30\u2d4f \u2d30\u2d4e\u2d53\u2d54\u2d30\u2d4f \u2d4f \u2d49\u2d4f\u2d31\u2d39\u2d30\u2d62\u2d4f \u2d33 \u2d53\u2d59\u2d33\u2d4e\u2d49 2017 - \u2d30\u2d59\u2d47\u2d47\u2d49\u2d4e \u2d30\u2d4f\u2d30\u2d3c\u2d4d\u2d4d\u2d30 \u2d4f \u2d53\u2d59\u2d33\u2d4e\u2d49 \u2d37 \u2d53\u2d59\u2d4e\u2d53\u2d5c\u2d5c\u2d33 \u2d37 \u2d53\u2d54\u2d63\u2d63\u2d53 \u2d30\u2d4e\u2d30\u2d59\u2d59\u2d30\u2d4f","og_description":"\u2d49\u2d59\u2d4e\u2d3d\u2d4d \u2d4d\u2d30\u2d5f\u2d4d\u2d30\u2d5a \u2d30\u2d4e\u2d30\u2d33\u2d54\u2d30\u2d4f \u2d30\u2d4e\u2d53\u2d54\u2d30\u2d4f \u2d4f \u2d49\u2d4f\u2d31\u2d39\u2d30\u2d62\u2d4f \u2d33 \u2d53\u2d59\u2d33\u2d4e\u2d49 \u2d59 \u2d49\u2d4e\u2d63\u2d30\u2d54\u2d30\u2d62\u2d4f \u2d37 \u2d33\u2d30\u2d54 \u2d30\u2d59\u2d49\u2d3d\u2d59\u2d4d \u2d33 \u2d61\u2d30\u2d37\u2d30\u2d3c \u2d30\u2d59\u2d33\u2d4e\u2d30\u2d4f, \u2d59 \u2d53\u2d31\u2d54\u2d49\u2d37 \u2d4f \u2d53\u2d59\u2d49\u2d5c\u2d33 \u2d4f \u2d59\u2d49\u2d4f \u2d49\u2d4f\u2d4e\u2d4e\u2d30\u2d4d\u2d4f \u2d49\u2d37\u2d59\u2d4d\u2d30\u2d4f\u2d4f (\u2d30\u2d4f\u2d4e\u2d4e\u2d30\u2d4d \u2d30\u2d4f\u2d30\u2d4e\u2d4e\u2d30\u2d59 \u2d4f \u2d49\u2d59\u2d33\u2d33\u2d6f\u2d30\u2d59\u2d4f \u2d4f \u2d53\u2d59\u2d4d\u2d4e\u2d37 \u2d37 \u2d53\u2d4f\u2d4e\u2d4e\u2d30\u2d4d \u2d30\u2d4a\u2d49\u2d4f\u2d49 \u2d4f \u2d53\u2d59\u2d33\u2d4e\u2d49) \u2d4f\u2d4f\u2d30 \u2d49\u2d63\u2d54\u2d49\u2d4f \u2d49\u2d4f\u2d4e\u2d4e\u2d30\u2d4d\u2d4f \u2d49\u2d4f\u2d33\u2d54\u2d30\u2d61\u2d4f \u2d49\u2d5c\u2d5c\u2d53\u2d61\u2d30\u2d59\u2d59\u2d4f\u2d4f. \u2d49\u2d37\u2d4d\u2d30 \u2d49\u2d59\u2d61\u2d49\u2d54\u2d4f \u2d49\u2d4e\u2d53\u2d54\u2d30\u2d4f\u2d4f \u2d59 \u2d3d\u2d53\u2d65, \u2d30\u2d59\u2d61\u2d49\u2d54 \u2d30\u2d4f\u2d30\u2d4e\u2d53\u2d54, \u2d30\u2d59\u2d61\u2d49\u2d54 \u2d30\u2d4f\u2d4e\u2d4f\u2d30\u2d39, \u2d30\u2d59\u2d61\u2d49\u2d54 \u2d30\u2d59\u2d33\u2d30\u2d61\u2d30\u2d4f \u2d37 \u2d53\u2d59\u2d61\u2d49\u2d54 \u2d30\u2d33\u2d54\u2d30\u2d61\u2d30\u2d4f \u2d30\u2d37\u2d56\u2d54\u2d30\u2d4f,&hellip;","og_url":"https:\/\/csefrs.lifemoz.com\/am\/\u0627\u0644\u0645\u0646\u0634\u0648\u0631\u0627\u062a\/\u2d4d\u2d30\u2d5f\u2d4d\u2d30\u2d5a-\u2d30\u2d4e\u2d30\u2d33\u2d54\u2d30\u2d4f-\u2d30\u2d4e\u2d53\u2d54\u2d30\u2d4f-\u2d4f-\u2d49\/","og_site_name":"\u2d30\u2d59\u2d47\u2d47\u2d49\u2d4e \u2d30\u2d4f\u2d30\u2d3c\u2d4d\u2d4d\u2d30 \u2d4f \u2d53\u2d59\u2d33\u2d4e\u2d49 \u2d37 \u2d53\u2d59\u2d4e\u2d53\u2d5c\u2d5c\u2d33 \u2d37 \u2d53\u2d54\u2d63\u2d63\u2d53 \u2d30\u2d4e\u2d30\u2d59\u2d59\u2d30\u2d4f","article_modified_time":"2026-02-20T12:00:53+00:00","og_image":[{"width":212,"height":300,"url":"https:\/\/csefrs.lifemoz.com\/wp-content\/uploads\/2025\/12\/atlas-fr-e1515072847326.jpg","type":"image\/jpeg"}],"twitter_card":"summary_large_image","schema":{"@context":"https:\/\/schema.org","@graph":[{"@type":"WebPage","@id":"https:\/\/csefrs.lifemoz.com\/am\/\u0627\u0644\u0645\u0646\u0634\u0648\u0631\u0627\u062a\/%e2%b5%8d%e2%b4%b0%e2%b5%9f%e2%b5%8d%e2%b4%b0%e2%b5%9a-%e2%b4%b0%e2%b5%8e%e2%b4%b0%e2%b4%b3%e2%b5%94%e2%b4%b0%e2%b5%8f-%e2%b4%b0%e2%b5%8e%e2%b5%93%e2%b5%94%e2%b4%b0%e2%b5%8f-%e2%b5%8f-%e2%b5%89\/","url":"https:\/\/csefrs.lifemoz.com\/am\/\u0627\u0644\u0645\u0646\u0634\u0648\u0631\u0627\u062a\/%e2%b5%8d%e2%b4%b0%e2%b5%9f%e2%b5%8d%e2%b4%b0%e2%b5%9a-%e2%b4%b0%e2%b5%8e%e2%b4%b0%e2%b4%b3%e2%b5%94%e2%b4%b0%e2%b5%8f-%e2%b4%b0%e2%b5%8e%e2%b5%93%e2%b5%94%e2%b4%b0%e2%b5%8f-%e2%b5%8f-%e2%b5%89\/","name":"\u2d4d\u2d30\u2d5f\u2d4d\u2d30\u2d5a \u2d30\u2d4e\u2d30\u2d33\u2d54\u2d30\u2d4f \u2d30\u2d4e\u2d53\u2d54\u2d30\u2d4f \u2d4f \u2d49\u2d4f\u2d31\u2d39\u2d30\u2d62\u2d4f \u2d33 \u2d53\u2d59\u2d33\u2d4e\u2d49 2017 - \u2d30\u2d59\u2d47\u2d47\u2d49\u2d4e \u2d30\u2d4f\u2d30\u2d3c\u2d4d\u2d4d\u2d30 \u2d4f \u2d53\u2d59\u2d33\u2d4e\u2d49 \u2d37 \u2d53\u2d59\u2d4e\u2d53\u2d5c\u2d5c\u2d33 \u2d37 \u2d53\u2d54\u2d63\u2d63\u2d53 \u2d30\u2d4e\u2d30\u2d59\u2d59\u2d30\u2d4f","isPartOf":{"@id":"https:\/\/csefrs.lifemoz.com\/#website"},"primaryImageOfPage":{"@id":"https:\/\/csefrs.lifemoz.com\/am\/\u0627\u0644\u0645\u0646\u0634\u0648\u0631\u0627\u062a\/%e2%b5%8d%e2%b4%b0%e2%b5%9f%e2%b5%8d%e2%b4%b0%e2%b5%9a-%e2%b4%b0%e2%b5%8e%e2%b4%b0%e2%b4%b3%e2%b5%94%e2%b4%b0%e2%b5%8f-%e2%b4%b0%e2%b5%8e%e2%b5%93%e2%b5%94%e2%b4%b0%e2%b5%8f-%e2%b5%8f-%e2%b5%89\/#primaryimage"},"image":{"@id":"https:\/\/csefrs.lifemoz.com\/am\/\u0627\u0644\u0645\u0646\u0634\u0648\u0631\u0627\u062a\/%e2%b5%8d%e2%b4%b0%e2%b5%9f%e2%b5%8d%e2%b4%b0%e2%b5%9a-%e2%b4%b0%e2%b5%8e%e2%b4%b0%e2%b4%b3%e2%b5%94%e2%b4%b0%e2%b5%8f-%e2%b4%b0%e2%b5%8e%e2%b5%93%e2%b5%94%e2%b4%b0%e2%b5%8f-%e2%b5%8f-%e2%b5%89\/#primaryimage"},"thumbnailUrl":"https:\/\/csefrs.lifemoz.com\/wp-content\/uploads\/2025\/12\/atlas-fr-e1515072847326.jpg","datePublished":"2017-05-24T00:00:00+00:00","dateModified":"2026-02-20T12:00:53+00:00","breadcrumb":{"@id":"https:\/\/csefrs.lifemoz.com\/am\/\u0627\u0644\u0645\u0646\u0634\u0648\u0631\u0627\u062a\/%e2%b5%8d%e2%b4%b0%e2%b5%9f%e2%b5%8d%e2%b4%b0%e2%b5%9a-%e2%b4%b0%e2%b5%8e%e2%b4%b0%e2%b4%b3%e2%b5%94%e2%b4%b0%e2%b5%8f-%e2%b4%b0%e2%b5%8e%e2%b5%93%e2%b5%94%e2%b4%b0%e2%b5%8f-%e2%b5%8f-%e2%b5%89\/#breadcrumb"},"inLanguage":"tzm","potentialAction":[{"@type":"ReadAction","target":["https:\/\/csefrs.lifemoz.com\/am\/\u0627\u0644\u0645\u0646\u0634\u0648\u0631\u0627\u062a\/%e2%b5%8d%e2%b4%b0%e2%b5%9f%e2%b5%8d%e2%b4%b0%e2%b5%9a-%e2%b4%b0%e2%b5%8e%e2%b4%b0%e2%b4%b3%e2%b5%94%e2%b4%b0%e2%b5%8f-%e2%b4%b0%e2%b5%8e%e2%b5%93%e2%b5%94%e2%b4%b0%e2%b5%8f-%e2%b5%8f-%e2%b5%89\/"]}]},{"@type":"ImageObject","inLanguage":"tzm","@id":"https:\/\/csefrs.lifemoz.com\/am\/\u0627\u0644\u0645\u0646\u0634\u0648\u0631\u0627\u062a\/%e2%b5%8d%e2%b4%b0%e2%b5%9f%e2%b5%8d%e2%b4%b0%e2%b5%9a-%e2%b4%b0%e2%b5%8e%e2%b4%b0%e2%b4%b3%e2%b5%94%e2%b4%b0%e2%b5%8f-%e2%b4%b0%e2%b5%8e%e2%b5%93%e2%b5%94%e2%b4%b0%e2%b5%8f-%e2%b5%8f-%e2%b5%89\/#primaryimage","url":"https:\/\/csefrs.lifemoz.com\/wp-content\/uploads\/2025\/12\/atlas-fr-e1515072847326.jpg","contentUrl":"https:\/\/csefrs.lifemoz.com\/wp-content\/uploads\/2025\/12\/atlas-fr-e1515072847326.jpg","width":212,"height":300},{"@type":"BreadcrumbList","@id":"https:\/\/csefrs.lifemoz.com\/am\/\u0627\u0644\u0645\u0646\u0634\u0648\u0631\u0627\u062a\/%e2%b5%8d%e2%b4%b0%e2%b5%9f%e2%b5%8d%e2%b4%b0%e2%b5%9a-%e2%b4%b0%e2%b5%8e%e2%b4%b0%e2%b4%b3%e2%b5%94%e2%b4%b0%e2%b5%8f-%e2%b4%b0%e2%b5%8e%e2%b5%93%e2%b5%94%e2%b4%b0%e2%b5%8f-%e2%b5%8f-%e2%b5%89\/#breadcrumb","itemListElement":[{"@type":"ListItem","position":1,"name":"Accueil","item":"https:\/\/csefrs.lifemoz.com\/am\/"},{"@type":"ListItem","position":2,"name":"Publications","item":"https:\/\/csefrs.lifemoz.com\/\u0627\u0644\u0645\u0646\u0634\u0648\u0631\u0627\u062a\/"},{"@type":"ListItem","position":3,"name":"\u2d4d\u2d30\u2d5f\u2d4d\u2d30\u2d5a \u2d30\u2d4e\u2d30\u2d33\u2d54\u2d30\u2d4f \u2d30\u2d4e\u2d53\u2d54\u2d30\u2d4f \u2d4f \u2d49\u2d4f\u2d31\u2d39\u2d30\u2d62\u2d4f \u2d33 \u2d53\u2d59\u2d33\u2d4e\u2d49 2017"}]},{"@type":"WebSite","@id":"https:\/\/csefrs.lifemoz.com\/#website","url":"https:\/\/csefrs.lifemoz.com\/","name":"\u2d30\u2d59\u2d47\u2d47\u2d49\u2d4e \u2d30\u2d4f\u2d30\u2d3c\u2d4d\u2d4d\u2d30 \u2d4f \u2d53\u2d59\u2d33\u2d4e\u2d49 \u2d37 \u2d53\u2d59\u2d4e\u2d53\u2d5c\u2d5c\u2d33 \u2d37 \u2d53\u2d54\u2d63\u2d63\u2d53 \u2d30\u2d4e\u2d30\u2d59\u2d59\u2d30\u2d4f","description":"","potentialAction":[{"@type":"SearchAction","target":{"@type":"EntryPoint","urlTemplate":"https:\/\/csefrs.lifemoz.com\/?s={search_term_string}"},"query-input":{"@type":"PropertyValueSpecification","valueRequired":true,"valueName":"search_term_string"}}],"inLanguage":"tzm"}]}},"_links":{"self":[{"href":"https:\/\/csefrs.lifemoz.com\/am\/wp-json\/wp\/v2\/product\/37753","targetHints":{"allow":["GET"]}}],"collection":[{"href":"https:\/\/csefrs.lifemoz.com\/am\/wp-json\/wp\/v2\/product"}],"about":[{"href":"https:\/\/csefrs.lifemoz.com\/am\/wp-json\/wp\/v2\/types\/product"}],"wp:featuredmedia":[{"embeddable":true,"href":"https:\/\/csefrs.lifemoz.com\/am\/wp-json\/wp\/v2\/media\/37098"}],"wp:attachment":[{"href":"https:\/\/csefrs.lifemoz.com\/am\/wp-json\/wp\/v2\/media?parent=37753"}],"wp:term":[{"taxonomy":"product_brand","embeddable":true,"href":"https:\/\/csefrs.lifemoz.com\/am\/wp-json\/wp\/v2\/product_brand?post=37753"},{"taxonomy":"product_cat","embeddable":true,"href":"https:\/\/csefrs.lifemoz.com\/am\/wp-json\/wp\/v2\/product_cat?post=37753"},{"taxonomy":"product_tag","embeddable":true,"href":"https:\/\/csefrs.lifemoz.com\/am\/wp-json\/wp\/v2\/product_tag?post=37753"}],"curies":[{"name":"wp","href":"https:\/\/api.w.org\/{rel}","templated":true}]}}